

{"id":16766,"date":"2022-10-28T10:31:02","date_gmt":"2022-10-28T10:31:02","guid":{"rendered":"https:\/\/nutrident.fr\/?page_id=16766"},"modified":"2023-06-13T11:13:05","modified_gmt":"2023-06-13T11:13:05","slug":"full","status":"publish","type":"page","link":"https:\/\/nutrident.fr\/es\/ortodoncia\/invisalign\/full\/","title":{"rendered":"Invisalign Full: el tratamiento completo de Invisalign"},"content":{"rendered":"<div class=\"meta\"><div class=\"meta__users\"><\/div><div class=\"meta__date-modified\">Updated:&nbsp;<span>junio 13, 2023<\/span><\/div><\/div><div class=\"wp-block-image\">\n<figure class=\"alignright size-medium\"><img width=\"300\" height=\"200\" src=\"https:\/\/nutrident.fr\/wp-content\/uploads\/2022\/06\/Depositphotos_227239408_m-2015-300x200.jpg\" alt=\"Invisalign Full\" class=\"wp-image-11139\" srcset=\"https:\/\/nutrident.fr\/wp-content\/uploads\/2022\/06\/Depositphotos_227239408_m-2015-300x200.jpg 300w, https:\/\/nutrident.fr\/wp-content\/uploads\/2022\/06\/Depositphotos_227239408_m-2015-768x512.jpg 768w, https:\/\/nutrident.fr\/wp-content\/uploads\/2022\/06\/Depositphotos_227239408_m-2015-254x169.jpg 254w, https:\/\/nutrident.fr\/wp-content\/uploads\/2022\/06\/Depositphotos_227239408_m-2015.jpg 1000w\" sizes=\"(max-width: 300px) 100vw, 300px\" \/><figcaption>Invisalign es un tratamiento de ortodoncia invisible para casos complejos<\/figcaption><\/figure><\/div>\n\n\n<p>Tener los dientes desalineados no es solo un problema est\u00e9tico, sino que tiene otras consecuencias negativas para la salud dental. Sin embargo,<strong> no siempre es f\u00e1cil para un adulto usar los<\/strong> antiest\u00e9ticos<strong> aparatos met\u00e1licos<\/strong>, sobre todo porque el tratamiento puede durar varios meses e incluso m\u00e1s de un a\u00f1o.  <\/p>\n\n\n\n<p>Invisalign Full es un m\u00e9todo revolucionario, <strong>100% transparente<\/strong> y que permite corregir los dientes con la misma eficacia que los brackets de ortodoncia.<\/p>\n\n\n\n<p>En este art\u00edculo, <a href=\"https:\/\/nutrident.fr\/es\/\">Nutrident<\/a> te explica c\u00f3mo funciona Invisalign Full, el tratamiento completo de Invisalign que incluye un n\u00famero ilimitado de alineadores transparentes.<\/p>\n\n\n\n<div id=\"ez-toc-container\" class=\"ez-toc-v2_0_33_2 counter-hierarchy ez-toc-counter ez-toc-white ez-toc-container-direction\">\n<div class=\"ez-toc-title-container\">\n<p class=\"ez-toc-title\">Contenus<\/p>\n<span class=\"ez-toc-title-toggle\"><a href=\"#\" class=\"ez-toc-pull-right ez-toc-btn ez-toc-btn-xs ez-toc-btn-default ez-toc-toggle\" style=\"display: none;\"><label for=\"item\" aria-label=\"Tabla de contenidos\"><i class=\"ez-toc-glyphicon ez-toc-icon-toggle\"><\/i><\/label><input type=\"checkbox\" id=\"item\"><\/a><\/span><\/div>\n<nav><ul class='ez-toc-list ez-toc-list-level-1'><li class='ez-toc-page-1 ez-toc-heading-level-2'><a class=\"ez-toc-link ez-toc-heading-1\" href=\"https:\/\/nutrident.fr\/es\/ortodoncia\/invisalign\/full\/#Problemas_de_ortodoncia_en_adultos\" title=\"Problemas de ortodoncia en adultos\">Problemas de ortodoncia en adultos<\/a><\/li><li class='ez-toc-page-1 ez-toc-heading-level-2'><a class=\"ez-toc-link ez-toc-heading-2\" href=\"https:\/\/nutrident.fr\/es\/ortodoncia\/invisalign\/full\/#%C2%BFQue_es_Invisalign\" title=\"\u00bfQu\u00e9 es Invisalign?\">\u00bfQu\u00e9 es Invisalign?<\/a><\/li><li class='ez-toc-page-1 ez-toc-heading-level-2'><a class=\"ez-toc-link ez-toc-heading-3\" href=\"https:\/\/nutrident.fr\/es\/ortodoncia\/invisalign\/full\/#%C2%BFCuales_son_las_ventajas_de_Invisalign_Full\" title=\"\u00bfCu\u00e1les son las ventajas de Invisalign Full?\">\u00bfCu\u00e1les son las ventajas de Invisalign Full?<\/a><\/li><li class='ez-toc-page-1 ez-toc-heading-level-2'><a class=\"ez-toc-link ez-toc-heading-4\" href=\"https:\/\/nutrident.fr\/es\/ortodoncia\/invisalign\/full\/#%C2%BFCual_es_el_precio_del_tratamiento_Invisalign_Full\" title=\"\u00bfCu\u00e1l es el precio del tratamiento Invisalign Full?  \">\u00bfCu\u00e1l es el precio del tratamiento Invisalign Full?  <\/a><\/li><\/ul><\/nav><\/div>\n<h2><span class=\"ez-toc-section\" id=\"Problemas_de_ortodoncia_en_adultos\"><\/span>Problemas de ortodoncia en adultos<span class=\"ez-toc-section-end\"><\/span><\/h2>\n\n\n\n<p>Si no usaste ortodoncia durante tu infancia o adolescencia, puede que ahora de adulto tengas los dientes desalineados. Pero debes saber que el api\u00f1amiento dental y las maloclusiones pueden generar problemas bastante graves, por ejemplo:<\/p>\n\n\n\n<ul><li>Los dientes api\u00f1ados son <strong>m\u00e1s dif\u00edciles de limpiar<\/strong> y crean recovecos en los que las bacterias se multiplican con mayor facilidad, lo que favorece el desarrollo de caries <\/li><li>Una desalineaci\u00f3n dental <strong>puede impedirte comer correctamente<\/strong>, ya que no puedes cortar y triturar bien los alimentos, y esto suele afectar negativamente el sistema digestivo<\/li><li>Puedes desarrollar <strong>problemas de habla<\/strong> y pronunciaci\u00f3n<\/li><li>Los dientes torcidos provocan complejos que te impiden expresarte o sonre\u00edr y que influyen negativamente en la salud mental.<\/li><\/ul>\n\n\n\n<h2><span class=\"ez-toc-section\" id=\"%C2%BFQue_es_Invisalign\"><\/span>\u00bfQu\u00e9 es Invisalign?<span class=\"ez-toc-section-end\"><\/span><\/h2>\n\n\n\n<p>Invisalign es un <a href=\"https:\/\/nutrident.fr\/es\/?page_id=16751\">sistema revolucionario<\/a> en el campo de la ortodoncia, pues consiste en f\u00e9rulas transparentes o alineadores que <strong>son casi imperceptibles<\/strong>, a diferencia de la ortodoncia tradicional. Este concepto fue desarrollado por una empresa estadounidense en 1997, la aprobaci\u00f3n de la Administraci\u00f3n de Alimentos y Medicamentos (FDA) se concedi\u00f3 en 1999 y el procedimiento lleg\u00f3 a Europa al a\u00f1o siguiente.<\/p>\n\n\n\n<p>Invisalign distribuye su producto en Espa\u00f1a a trav\u00e9s de ortodoncistas formados en esta tecnolog\u00eda y autorizados por la marca. Si est\u00e1s interesado en usar Invisalign, debes hablarlo con tu ortodoncista, quien determinar\u00e1 si eres elegible. Si es necesario, escanear\u00e1 tus maxilares y tomar\u00e1 impresiones de tus dientes para fabricar los alineadores. Tendr\u00e1s que usar varios juegos de alineadores a medida que tus dientes se van moviendo.<\/p>\n\n\n<div class=\"wp-block-image\">\n<figure class=\"alignright size-medium\"><img width=\"300\" height=\"200\" src=\"https:\/\/nutrident.fr\/wp-content\/uploads\/2022\/06\/Depositphotos_202310002_s-2019-300x200.jpg\" alt=\"invisalign comprehensive\" class=\"wp-image-11142\" srcset=\"https:\/\/nutrident.fr\/wp-content\/uploads\/2022\/06\/Depositphotos_202310002_s-2019-300x200.jpg 300w, https:\/\/nutrident.fr\/wp-content\/uploads\/2022\/06\/Depositphotos_202310002_s-2019-768x512.jpg 768w, https:\/\/nutrident.fr\/wp-content\/uploads\/2022\/06\/Depositphotos_202310002_s-2019-254x169.jpg 254w, https:\/\/nutrident.fr\/wp-content\/uploads\/2022\/06\/Depositphotos_202310002_s-2019.jpg 1000w\" sizes=\"(max-width: 300px) 100vw, 300px\" \/><figcaption>Para iniciar un tratamiento Invisalign, todo lo que tienes que hacer es visitar al ortodoncista<\/figcaption><\/figure><\/div>\n\n\n<p>Las f\u00e9rulas <strong>se deben usar diariamente durante 22 horas <\/strong>y se cambian cada una o dos semanas, seg\u00fan te indique el ortodoncista. Cada 6 u 8 semanas tendr\u00e1s una cita de seguimiento para comprobar que el tratamiento evoluciona seg\u00fan lo previsto.<\/p>\n\n\n\n<p>Una vez que el tratamiento est\u00e9 completo y tus dientes est\u00e9n perfectamente alineados, pasar\u00e1s por <strong>una fase de retenci\u00f3n para <\/strong>que los dientes se mantengan en su nueva posici\u00f3n. De lo contrario, los dientes pueden moverse y volver a su posici\u00f3n anterior, en cuyo caso caso tendr\u00e1s que prolongar el tratamiento.<\/p>\n\n\n\n<p>El tratamiento <strong>dura entre 6 y 24 meses<\/strong>, dependiendo de la magnitud de las correcciones que haya que realizar. Dura un poco m\u00e1s que los brackets, pero es igual de eficaz.<\/p>\n\n\n\n<p>Invisalign cuenta con distintos tipos de tratamiento para condiciones m\u00e1s o menos severas. El tratamiento <strong>Full o Comprehensive es el m\u00e1s completo<\/strong>, pues incluye un <strong>n\u00famero ilimitado de f\u00e9rulas<\/strong>. Si al final no consigues los resultados esperados, el ortodoncista encargar\u00e1 nuevos alineadores y extender\u00e1 el tratamiento sin ning\u00fan coste adicional<\/p>\n\n\n\n<h2><span class=\"ez-toc-section\" id=\"%C2%BFCuales_son_las_ventajas_de_Invisalign_Full\"><\/span>\u00bfCu\u00e1les son las ventajas de Invisalign Full?<span class=\"ez-toc-section-end\"><\/span><\/h2>\n\n\n\n<p>Estas son algunas de las ventajas del tratamiento completo Invisalign Full o Invisalign Comprehensive:<\/p>\n\n\n\n<ul><li>Invisalign Full <strong>se adapta a todos los problemas de ortodoncia<\/strong>, excepto en casos extremos. La gran mayor\u00eda de las personas pueden usar este m\u00e9todo.<\/li><li>El dispositivo es <strong>casi invisible<\/strong>, solo cuando las personas est\u00e1n muy cerca pueden detectar los alineadores, y a\u00fan en estos casos es dif\u00edcil darse cuenta de que tienes algo en la boca.<\/li><li>Los alineadores <strong>son de quita y pon<\/strong>. Debes llevarlos siempre (excepto para comer, beber y cepillarte), pero puedes quit\u00e1rtelos en ocasiones especiales y espor\u00e1dicas, por ejemplo para una reuni\u00f3n importante.<\/li><li>La <strong>higiene dental es m\u00e1s f\u00e1cil<\/strong> pues te debes quitar las f\u00e9rulas para comer y para cepillarte. No tienes que preocuparte por los alambres y piezas met\u00e1licas donde se atasca la comida y que favorecen la aparici\u00f3n de caries.<\/li><li>La <strong>comodidad<\/strong> es incomparable. El tratamiento con ortodoncia tradicional puede ser doloroso, especialmente al principio y cada vez que el ortodoncista apriete los aparatos. Adem\u00e1s, los alineadores pl\u00e1sticos no provocan lesiones y llagas en el interior de los labios y las mejillas, lo que s\u00ed ocurre regularmente con los brackets.<\/li><\/ul>\n\n\n\n<h2><span class=\"ez-toc-section\" id=\"%C2%BFCual_es_el_precio_del_tratamiento_Invisalign_Full\"><\/span>\u00bfCu\u00e1l es el precio del tratamiento Invisalign Full?  <span class=\"ez-toc-section-end\"><\/span><\/h2>\n\n\n<div class=\"wp-block-image\">\n<figure class=\"alignright size-medium\"><img width=\"300\" height=\"200\" src=\"https:\/\/nutrident.fr\/wp-content\/uploads\/2022\/06\/Depositphotos_328195256_S-1-300x200.jpg\" alt=\"invisalign Full\" class=\"wp-image-11145\" srcset=\"https:\/\/nutrident.fr\/wp-content\/uploads\/2022\/06\/Depositphotos_328195256_S-1-300x200.jpg 300w, https:\/\/nutrident.fr\/wp-content\/uploads\/2022\/06\/Depositphotos_328195256_S-1-768x511.jpg 768w, https:\/\/nutrident.fr\/wp-content\/uploads\/2022\/06\/Depositphotos_328195256_S-1-254x169.jpg 254w, https:\/\/nutrident.fr\/wp-content\/uploads\/2022\/06\/Depositphotos_328195256_S-1.jpg 999w\" sizes=\"(max-width: 300px) 100vw, 300px\" \/><figcaption>Los precios de Invisalign Full son altos, pero la calidad es excelente<\/figcaption><\/figure><\/div>\n\n\n<p>El precio del tratamiento Invisalign Full depende del estado inicial de tu dentadura. En todos los casos, tu ortodoncista debe proporcionarte un <strong>presupuesto que cubra todo el tratamiento<\/strong>, incluyendo la fabricaci\u00f3n de todos los juegos de alineadores, as\u00ed como las revisiones peri\u00f3dicas en la consulta.<\/p>\n\n\n\n<p>El rango de precios para Invisalign Full est\u00e1 <strong>entre los 2.000 y los 7.000<\/strong> <strong>euros<\/strong>.<\/p>\n\n\n\n<p>En <strong>casos menos severos<\/strong>, puedes preguntar a tu ortodoncista si un tratamiento <a href=\"https:\/\/nutrident.fr\/es\/ortodoncia\/invisalign\/lite\/\" target=\"_blank\" rel=\"noreferrer noopener\">Invisalign Lite<\/a> es suficiente para corregir el problema. Es el mismo concepto, pero m\u00e1s corto y m\u00e1s barato pues se usan menos alineadores.<\/p>\n\n\n\n<p>Tambi\u00e9n puede optar por los <strong>alineadores de DrSmile<\/strong>, otra marca de ortodoncia invisible que ofrece tratamientos m\u00e1s baratos, desde 31 euros al mes.  <\/p>\n\n\n\n<div class=\"wp-container-1 wp-block-buttons\">\n<div class=\"wp-block-button aligncenter has-custom-width wp-block-button__width-75 has-custom-font-size has-medium-font-size\"><a class=\"wp-block-button__link has-white-color has-vivid-cyan-blue-background-color has-text-color has-background\" href=\"https:\/\/tidd.ly\/3NXzapN\" style=\"border-radius:39px\" target=\"_blank\" rel=\"noopener\">Haz clic aqu\u00ed para descubrir si DrSmile est\u00e1 hecho para ti<\/a><\/div>\n<\/div>\n\n\n\n<div style=\"height:100px\" aria-hidden=\"true\" class=\"wp-block-spacer\"><\/div>\n<div class=\"article-data before-content\"><div class=\"article-data__date\"><div class=\"article-data__date-modified\"><time class=\"published\" datetime=\"2022-10-28T10:31:02+00:00\">This article was originally published on&nbsp;<span class=\"2\">octubre 28, 2022<\/span>&nbsp;and was most recently updated on&nbsp;<span>junio 13, 2023<\/span><\/time><br><\/div><\/div><\/div><div class=\"user-info\"><\/div><!--copyscapeskip--><div class=\"medical_references\"><div class=\"medical_references__heading\"><span>Fuentes M\u00e9dicas<\/span><\/div><div class=\"medical_references__list\"><p><strong>Alineadores invisibles: Invisalign &#8211; Revisi\u00f3n bibliogr\u00e1fica<\/strong>: <a href=\"https:\/\/www.ortodoncia.ws\/publicaciones\/2018\/art-13\/\" target=\"_blank\" rel=\"noopener\">https:\/\/www.ortodoncia.ws\/publicaciones\/2018\/art-13\/<\/a><\/p>\n<\/div><\/div><!--\/copyscapeskip-->","protected":false},"excerpt":{"rendered":"<p>Updated:&nbsp;junio 13, 2023 Tener los dientes desalineados no es solo un problema est\u00e9tico, sino que tiene otras consecuencias negativas para la salud dental. Sin embargo, no siempre es f\u00e1cil para un adulto usar los antiest\u00e9ticos aparatos met\u00e1licos, sobre todo porque el tratamiento puede durar varios meses e incluso m\u00e1s de un a\u00f1o. Invisalign Full es [&hellip;]<\/p>\n","protected":false},"author":2,"featured_media":19174,"parent":17047,"menu_order":0,"comment_status":"open","ping_status":"open","template":"","meta":{"inline_featured_image":false},"acf":[],"_links":{"self":[{"href":"https:\/\/nutrident.fr\/es\/wp-json\/wp\/v2\/pages\/16766"}],"collection":[{"href":"https:\/\/nutrident.fr\/es\/wp-json\/wp\/v2\/pages"}],"about":[{"href":"https:\/\/nutrident.fr\/es\/wp-json\/wp\/v2\/types\/page"}],"author":[{"embeddable":true,"href":"https:\/\/nutrident.fr\/es\/wp-json\/wp\/v2\/users\/2"}],"replies":[{"embeddable":true,"href":"https:\/\/nutrident.fr\/es\/wp-json\/wp\/v2\/comments?post=16766"}],"version-history":[{"count":18,"href":"https:\/\/nutrident.fr\/es\/wp-json\/wp\/v2\/pages\/16766\/revisions"}],"predecessor-version":[{"id":21573,"href":"https:\/\/nutrident.fr\/es\/wp-json\/wp\/v2\/pages\/16766\/revisions\/21573"}],"up":[{"embeddable":true,"href":"https:\/\/nutrident.fr\/es\/wp-json\/wp\/v2\/pages\/17047"}],"wp:featuredmedia":[{"embeddable":true,"href":"https:\/\/nutrident.fr\/es\/wp-json\/wp\/v2\/media\/19174"}],"wp:attachment":[{"href":"https:\/\/nutrident.fr\/es\/wp-json\/wp\/v2\/media?parent=16766"}],"curies":[{"name":"wp","href":"https:\/\/api.w.org\/{rel}","templated":true}]}}