

{"id":16768,"date":"2022-10-27T17:27:41","date_gmt":"2022-10-27T17:27:41","guid":{"rendered":"https:\/\/nutrident.fr\/?page_id=16768"},"modified":"2023-06-13T11:12:51","modified_gmt":"2023-06-13T11:12:51","slug":"ceramica","status":"publish","type":"page","link":"https:\/\/nutrident.fr\/es\/ortodoncia\/brackets\/ceramica\/","title":{"rendered":"Brackets de cer\u00e1mica: todo lo que debes saber sobre este tratamiento de ortodoncia"},"content":{"rendered":"<div class=\"meta\"><div class=\"meta__users\"><\/div><div class=\"meta__date-modified\">Updated:&nbsp;<span>junio 13, 2023<\/span><\/div><\/div><div class=\"wp-block-image\">\n<figure class=\"alignright size-large is-resized\"><img src=\"https:\/\/nutrident.fr\/wp-content\/uploads\/2022\/12\/Depositphotos_420724488_L-1024x804.jpg\" alt=\"brackets de ceramica\" class=\"wp-image-19719\" width=\"300\" height=\"200\"\/><\/figure><\/div>\n\n\n<p>Cuando no se corrigen los problemas de ortodoncia en la infancia o adolescencia, puedes terminar con los dientes desalineados de adulto. Afortunadamente, los avances en ortodoncia significan que ahora puedes encontrar tratamientos capaces de alinear los dientes sin necesidad de usar piezas met\u00e1licas antiest\u00e9ticas.<\/p>\n\n\n\n<p>Uno de esos tratamientos son los brackets de cer\u00e1mica, un m\u00e9todo bastante discreto porque es <strong>del mismo color de los dientes<\/strong>. Sigue leyendo y ent\u00e9rate de todos los detalles.<\/p>\n\n\n\n<div id=\"ez-toc-container\" class=\"ez-toc-v2_0_33_2 counter-hierarchy ez-toc-counter ez-toc-white ez-toc-container-direction\">\n<div class=\"ez-toc-title-container\">\n<p class=\"ez-toc-title\">Contenus<\/p>\n<span class=\"ez-toc-title-toggle\"><a href=\"#\" class=\"ez-toc-pull-right ez-toc-btn ez-toc-btn-xs ez-toc-btn-default ez-toc-toggle\" style=\"display: none;\"><label for=\"item\" aria-label=\"Tabla de contenidos\"><i class=\"ez-toc-glyphicon ez-toc-icon-toggle\"><\/i><\/label><input type=\"checkbox\" id=\"item\"><\/a><\/span><\/div>\n<nav><ul class='ez-toc-list ez-toc-list-level-1'><li class='ez-toc-page-1 ez-toc-heading-level-2'><a class=\"ez-toc-link ez-toc-heading-1\" href=\"https:\/\/nutrident.fr\/es\/ortodoncia\/brackets\/ceramica\/#%C2%BFQue_son_los_brackets_de_ceramica\" title=\"\u00bfQu\u00e9 son los brackets de cer\u00e1mica?\">\u00bfQu\u00e9 son los brackets de cer\u00e1mica?<\/a><\/li><li class='ez-toc-page-1 ez-toc-heading-level-2'><a class=\"ez-toc-link ez-toc-heading-2\" href=\"https:\/\/nutrident.fr\/es\/ortodoncia\/brackets\/ceramica\/#%C2%BFPor_que_elegir_brackets_de_ceramica\" title=\"\u00bfPor qu\u00e9 elegir brackets de cer\u00e1mica?  \">\u00bfPor qu\u00e9 elegir brackets de cer\u00e1mica?  <\/a><\/li><li class='ez-toc-page-1 ez-toc-heading-level-2'><a class=\"ez-toc-link ez-toc-heading-3\" href=\"https:\/\/nutrident.fr\/es\/ortodoncia\/brackets\/ceramica\/#%C2%BFCuanto_cuestan_los_brackets_de_ceramica\" title=\"\u00bfCu\u00e1nto cuestan los brackets de cer\u00e1mica?\">\u00bfCu\u00e1nto cuestan los brackets de cer\u00e1mica?<\/a><\/li><li class='ez-toc-page-1 ez-toc-heading-level-2'><a class=\"ez-toc-link ez-toc-heading-4\" href=\"https:\/\/nutrident.fr\/es\/ortodoncia\/brackets\/ceramica\/#Preguntas_frecuentes\" title=\"Preguntas frecuentes\">Preguntas frecuentes<\/a><\/li><\/ul><\/nav><\/div>\n<h2><span class=\"ez-toc-section\" id=\"%C2%BFQue_son_los_brackets_de_ceramica\"><\/span>\u00bfQu\u00e9 son los brackets de cer\u00e1mica?<span class=\"ez-toc-section-end\"><\/span><\/h2>\n\n\n\n<p>Es bastante inc\u00f3modo para un adulto tener una sonrisa llena de alambres y brackets met\u00e1licos. Pero los brackets cer\u00e1micos son mucho m\u00e1s discretos. Funcionan seg\u00fan el mismo principio que los de metal, la diferencia es que l<strong>os brackets son de cer\u00e1mica blanca o de un color similar al de tus dientes<\/strong>.<\/p>\n\n\n\n<p>El alambre no es realmente blanco, pero puede elegirse un tono que coincida con el de tus dientes naturales, lo que permite una mayor discreci\u00f3n. Adem\u00e1s, el tama\u00f1o del bracket se puede ajustar en funci\u00f3n del problema que tenga que resolver. <\/p>\n\n\n\n<p>Por lo dem\u00e1s, <strong>su funcionamiento es exactamente el mismo<\/strong>: un alambre atraviesa cada bracket y conecta los dientes entre s\u00ed, ejerciendo presi\u00f3n para enderezarlos. El alambre blanco es igual de resistente que el de color gris, pero m\u00e1s discreto.<\/p>\n\n\n\n<h3>Alternativas a los brackets de cer\u00e1mica<\/h3>\n\n\n<div class=\"wp-block-image\">\n<figure class=\"alignright size-medium\"><img width=\"300\" height=\"214\" src=\"https:\/\/nutrident.fr\/wp-content\/uploads\/2022\/06\/appareil-lingual-300x214.jpg\" alt=\"aparatos linguales\" class=\"wp-image-11249\" srcset=\"https:\/\/nutrident.fr\/wp-content\/uploads\/2022\/06\/appareil-lingual-300x214.jpg 300w, https:\/\/nutrident.fr\/wp-content\/uploads\/2022\/06\/appareil-lingual-768x548.jpg 768w, https:\/\/nutrident.fr\/wp-content\/uploads\/2022\/06\/appareil-lingual-254x181.jpg 254w, https:\/\/nutrident.fr\/wp-content\/uploads\/2022\/06\/appareil-lingual.jpg 1000w\" sizes=\"(max-width: 300px) 100vw, 300px\" \/><figcaption>Para una mayor discreci\u00f3n, es posible colocar brackets en el interior de los dientes<\/figcaption><\/figure><\/div>\n\n\n<p>Otra alternativa para que tus brackets sean completamente invisibles es utilizar <strong>ortodoncia lingual<\/strong>, que consiste en colocar los aparatos en el interior de los dientes. Su ventaja es nadie se dar\u00e1 cuenta de que llevas ortodoncia, pero tendr\u00e1s que usarla durante m\u00e1s tiempo, pues con este m\u00e9todo no es posible aplicar la misma cantidad de presi\u00f3n que se utiliza con los aparatos convencionales.<\/p>\n\n\n\n<p>Adem\u00e1s, es m\u00e1s probable que te lesiones la lengua ya que est\u00e1 en contacto directo con los brackets.<\/p>\n\n\n\n<h2><span class=\"ez-toc-section\" id=\"%C2%BFPor_que_elegir_brackets_de_ceramica\"><\/span>\u00bfPor qu\u00e9 elegir brackets de cer\u00e1mica?  <span class=\"ez-toc-section-end\"><\/span><\/h2>\n\n\n\n<h3>Ventajas<\/h3>\n\n\n\n<p>La discreci\u00f3n es, por supuesto, la primera ventaja de los brackets de cer\u00e1mica. Al ser de un tono similar al de tus dientes, <strong>solo las personas que te vean de cerca se dar\u00e1n cuenta<\/strong> de que llevas ortodoncia, e incluso en este caso no se ven antiest\u00e9ticos como los brackets de metal. Adem\u00e1s, el contacto de la boca con la cer\u00e1mica es m\u00e1s agradable que con el metal.<\/p>\n\n\n\n<p>Los brackets de cer\u00e1mica <strong>son tan eficaces como los de metal<\/strong> y ayudan a resolver problemas bastante graves y de larga duraci\u00f3n. Los primeros d\u00edas de la colocaci\u00f3n, y m\u00e1s adelante cuando vayas al dentista para un ajuste, la tensi\u00f3n puede ser desagradable, pero pronto te acostumbrar\u00e1s y no sentir\u00e1s que los brackets est\u00e1n haciendo su trabajo.<\/p>\n\n\n\n<h3>Desventajas<\/h3>\n\n\n\n<p>Los brackets de cer\u00e1mica son <strong>m\u00e1s caros <\/strong>que los de metal. Deber\u00e1s pagar un promedio de 250 euros m\u00e1s por semestre.<\/p>\n\n\n\n<p>Los brackets de cer\u00e1mica tambi\u00e9n son<strong> menos duraderos<\/strong> que sus hom\u00f3logos de metal. Esto se debe a la materia prima de la que est\u00e1n hechos, pero si tomas precauciones no hay raz\u00f3n para que se rompan. Por ejemplo, en lugar de morder alimentos especialmente duros, c\u00f3rtalos en trozos m\u00e1s peque\u00f1os. Sin embargo, si reciben un golpe, los brackets pueden agrietarse y despu\u00e9s romperse.<\/p>\n\n\n<div class=\"wp-block-image\">\n<figure class=\"alignright size-medium\"><img width=\"300\" height=\"200\" src=\"https:\/\/nutrident.fr\/wp-content\/uploads\/2022\/06\/Depositphotos_163935162_s-2015-300x200.jpg\" alt=\"brackets cer\u00e1micos zafiro porcelana\" class=\"wp-image-11252\" srcset=\"https:\/\/nutrident.fr\/wp-content\/uploads\/2022\/06\/Depositphotos_163935162_s-2015-300x200.jpg 300w, https:\/\/nutrident.fr\/wp-content\/uploads\/2022\/06\/Depositphotos_163935162_s-2015-254x170.jpg 254w, https:\/\/nutrident.fr\/wp-content\/uploads\/2022\/06\/Depositphotos_163935162_s-2015.jpg 500w\" sizes=\"(max-width: 300px) 100vw, 300px\" \/><figcaption>Para evitar que se manchen los brackets, cep\u00edllate los dientes despu\u00e9s de cada comida<\/figcaption><\/figure><\/div>\n\n\n<p>Otra desventaja es que la cer\u00e1mica <strong>se mancha<\/strong> con bastante facilidad. Si bebes t\u00e9, <a href=\"https:\/\/nutrident.fr\/es\/blanqueamiento-profesional\/manchas-cafe\/\" target=\"_blank\" rel=\"noreferrer noopener\">caf\u00e9<\/a>, consumes alimentos pigmentados o fumas, tus brackets <strong>se volver\u00e1n amarillos<\/strong>. Para evitar que esto ocurra, debes mantenerlos cuidadosamente, cepill\u00e1ndolos a fondo despu\u00e9s de cada comida.<\/p>\n\n\n\n<p>Tambi\u00e9n puedes utilizar un poco de <strong>bicarbonato de sodio <\/strong>para<strong> <\/strong>cepillarlos junto con los dientes y eliminar las manchas superficiales. Puedes hacer esto dos o tres veces por semana, pero no m\u00e1s, pues el bicarbonato puede da\u00f1ar el esmalte dental.<\/p>\n\n\n\n<p>Por \u00faltimo, los brackets pueden herir el interior de las mejillas y los labios, tal como los de metal, e incluso un poco m\u00e1s debido a su tama\u00f1o ligeramente mayor. Sin embargo, lo normal es que te acostumbres a ello y se reduzcan r\u00e1pidamente estos problemas.<\/p>\n\n\n\n<figure class=\"wp-block-embed is-type-video is-provider-youtube wp-block-embed-youtube wp-embed-aspect-16-9 wp-has-aspect-ratio\"><div class=\"wp-block-embed__wrapper\">\n<iframe title=\"MONTAJE DE BRACKETS | CEMENTACI\u00d3N BRACKETS CER\u00c1MICOS\" width=\"500\" height=\"281\" src=\"https:\/\/www.youtube.com\/embed\/IWdbPkSmed4?feature=oembed\" frameborder=\"0\" allow=\"accelerometer; autoplay; clipboard-write; encrypted-media; gyroscope; picture-in-picture; web-share\" allowfullscreen><\/iframe>\n<\/div><\/figure>\n\n\n\n<p>Si buscas un tratamiento discreto de ortodoncia, te recomendamos que elijas <strong>alineadores invisibles<\/strong> en lugar de aparatos de cer\u00e1mica. Estos pr\u00e1cticamente no se notan y no producen dolor o incomodidad. <\/p>\n\n\n\n<p>La marca alemana DrSmile ofrece tratamientos de ortodoncia invisible <strong>desde 33 euros al mes<\/strong> con resultados realmente sorprendentes.<\/p>\n\n\n\n<div class=\"wp-container-1 is-content-justification-center wp-block-buttons\">\n<div class=\"wp-block-button\"><a class=\"wp-block-button__link has-white-color has-text-color has-background\" href=\"https:\/\/www.awin1.com\/cread.php?awinmid=25565&awinaffid=849251&clickref=nutrident&ued=https%3A%2F%2Fdrsmile.fr%2Fbooking-v2-lead%2F\" style=\"background-color:#41a3e5\" target=\"_blank\" rel=\"noopener\">Haz clic aqu\u00ed para pedir una cita con un ortodoncista de DrSmile  <\/a><\/div>\n<\/div>\n\n\n\n<h2><span class=\"ez-toc-section\" id=\"%C2%BFCuanto_cuestan_los_brackets_de_ceramica\"><\/span>\u00bfCu\u00e1nto cuestan los brackets de cer\u00e1mica?<span class=\"ez-toc-section-end\"><\/span><\/h2>\n\n\n\n<p>El sistema de brackets de cer\u00e1mica cuesta <strong>entre 800 y 1.000 euros por semestre<\/strong>. Dependiendo de la gravedad de tu condici\u00f3n, el tratamiento puede durar de 6 meses a 2 a\u00f1os. Te recomendamos que pidas varios presupuestos con distintos ortodoncistas porque las tarifas difieren considerablemente de uno a otro.<\/p>\n\n\n\n<h2><span class=\"ez-toc-section\" id=\"Preguntas_frecuentes\"><\/span>Preguntas frecuentes<span class=\"ez-toc-section-end\"><\/span><\/h2>\n\n\n<div id=\"rank-math-faq\" class=\"rank-math-block\">\n<div class=\"rank-math-list \">\n<div id=\"faq-question-1672364822405\" class=\"rank-math-list-item\">\n<h3 class=\"rank-math-question \">\u00bfQu\u00e9 es mejor, brackets met\u00e1licos o de cer\u00e1mica?<\/h3>\n<div class=\"rank-math-answer \">\n\n<p>Los brackets cer\u00e1micos son mucho m\u00e1s discretos, pues son del color de los dientes y no producen una sonrisa llamativa y antiest\u00e9tica. Si lo que m\u00e1s te precupa de usar ortodoncia es tu aspecto, los brackets de cer\u00e1mica son una buena opci\u00f3n. Sin embargo, debes tener en cuenta que los met\u00e1licos son mucho m\u00e1s resistentes y tambi\u00e9n m\u00e1s baratos.<\/p>\n\n<\/div>\n<\/div>\n<div id=\"faq-question-1672364975459\" class=\"rank-math-list-item\">\n<h3 class=\"rank-math-question \">\u00bfC\u00f3mo cepillarse los dientes con brackets de cer\u00e1mica?<\/h3>\n<div class=\"rank-math-answer \">\n\n<p>Los brackets cer\u00e1micos o de porcelana requieren el mismo cuidado y limpieza que los de metal. Lo mejor es que te cepilles los dientes tres veces al d\u00eda o despu\u00e9s de cada comida. Te recomendamos que uses un cepillo dental especial para ortodoncia para limpiar los brackets. No te olvides de usar hilo dental o un cepillo interdental y enjuague bucal.<\/p>\n\n<\/div>\n<\/div>\n<\/div>\n<\/div><div class=\"article-data before-content\"><div class=\"article-data__date\"><div class=\"article-data__date-modified\"><time class=\"published\" datetime=\"2022-10-27T17:27:41+00:00\">This article was originally published on&nbsp;<span class=\"2\">octubre 27, 2022<\/span>&nbsp;and was most recently updated on&nbsp;<span>junio 13, 2023<\/span><\/time><br><\/div><\/div><\/div><div class=\"user-info\"><\/div><!--copyscapeskip--><div class=\"medical_references\"><div class=\"medical_references__heading\"><span>Fuentes M\u00e9dicas<\/span><\/div><div class=\"medical_references__list\"><p><strong>Evaluaci\u00f3n de la Resistencia de Uni\u00f3n de Brackets Ortod\u00f3nticos Fijados a Cer\u00e1mica de Disilicato de Litio<\/strong>: <a href=\"https:\/\/www.scielo.cl\/scielo.php?script=sci_arttext&pid=S0718-381X2019000200207\" target=\"_blank\" rel=\"noopener\">https:\/\/www.scielo.cl\/scielo.php?script=sci_arttext&pid=S0718-381X2019000200207<\/a><\/p>\n<p><strong>Resistencia friccional entre brackets cer\u00e1micos y brackets de autoligado usando un an\u00e1lisis de elementos finitos<\/strong>: <a href=\"http:\/\/www.scielo.org.co\/scielo.php?script=sci_arttext&pid=S0120-971X2020000200072&lng=pt&nrm=iso\" target=\"_blank\" rel=\"noopener\">http:\/\/www.scielo.org.co\/scielo.php?script=sci_arttext&pid=S0120-971X2020000200072&lng=pt&nrm=iso<\/a><\/p>\n<\/div><\/div><!--\/copyscapeskip-->","protected":false},"excerpt":{"rendered":"<p>Updated:&nbsp;junio 13, 2023 Cuando no se corrigen los problemas de ortodoncia en la infancia o adolescencia, puedes terminar con los dientes desalineados de adulto. Afortunadamente, los avances en ortodoncia significan que ahora puedes encontrar tratamientos capaces de alinear los dientes sin necesidad de usar piezas met\u00e1licas antiest\u00e9ticas. Uno de esos tratamientos son los brackets de [&hellip;]<\/p>\n","protected":false},"author":2,"featured_media":19715,"parent":19130,"menu_order":0,"comment_status":"open","ping_status":"open","template":"","meta":{"inline_featured_image":false},"acf":[],"_links":{"self":[{"href":"https:\/\/nutrident.fr\/es\/wp-json\/wp\/v2\/pages\/16768"}],"collection":[{"href":"https:\/\/nutrident.fr\/es\/wp-json\/wp\/v2\/pages"}],"about":[{"href":"https:\/\/nutrident.fr\/es\/wp-json\/wp\/v2\/types\/page"}],"author":[{"embeddable":true,"href":"https:\/\/nutrident.fr\/es\/wp-json\/wp\/v2\/users\/2"}],"replies":[{"embeddable":true,"href":"https:\/\/nutrident.fr\/es\/wp-json\/wp\/v2\/comments?post=16768"}],"version-history":[{"count":19,"href":"https:\/\/nutrident.fr\/es\/wp-json\/wp\/v2\/pages\/16768\/revisions"}],"predecessor-version":[{"id":21569,"href":"https:\/\/nutrident.fr\/es\/wp-json\/wp\/v2\/pages\/16768\/revisions\/21569"}],"up":[{"embeddable":true,"href":"https:\/\/nutrident.fr\/es\/wp-json\/wp\/v2\/pages\/19130"}],"wp:featuredmedia":[{"embeddable":true,"href":"https:\/\/nutrident.fr\/es\/wp-json\/wp\/v2\/media\/19715"}],"wp:attachment":[{"href":"https:\/\/nutrident.fr\/es\/wp-json\/wp\/v2\/media?parent=16768"}],"curies":[{"name":"wp","href":"https:\/\/api.w.org\/{rel}","templated":true}]}}