

{"id":16773,"date":"2022-10-27T17:28:33","date_gmt":"2022-10-27T17:28:33","guid":{"rendered":"https:\/\/nutrident.fr\/?page_id=16773"},"modified":"2023-06-13T10:32:57","modified_gmt":"2023-06-13T10:32:57","slug":"teen","status":"publish","type":"page","link":"https:\/\/nutrident.fr\/es\/ortodoncia\/invisalign\/teen\/","title":{"rendered":"Invisalign Teen: los mejores alineadores invisibles para adolescentes"},"content":{"rendered":"<div class=\"meta\"><div class=\"meta__users\">    <div class=\"meta__users__reviewed\">\r\n      <p class=\"meta__users__caption\">Contributor:&nbsp;<\/p>\r\n      <div class=\"users\">\r\n        <span class=\"users__user\">\r\n          <a href=\"#\">Dr Abel Jes\u00fas Pederzoli<\/a>\r\n        <\/span>\r\n      <\/div>\r\n    <\/div>\r\n\t<\/div><div class=\"meta__date-modified\">Updated:&nbsp;<span>junio 13, 2023<\/span><\/div><\/div><div class=\"wp-block-image\">\n<figure class=\"alignright size-medium\"><img width=\"300\" height=\"200\" src=\"https:\/\/nutrident.fr\/wp-content\/uploads\/2020\/04\/four-women-in-front-of-green-bushes-1037989-300x200.jpg\" alt=\"invisalign teen\" class=\"wp-image-4077\" srcset=\"https:\/\/nutrident.fr\/wp-content\/uploads\/2020\/04\/four-women-in-front-of-green-bushes-1037989-300x200.jpg 300w, https:\/\/nutrident.fr\/wp-content\/uploads\/2020\/04\/four-women-in-front-of-green-bushes-1037989-1024x683.jpg 1024w, https:\/\/nutrident.fr\/wp-content\/uploads\/2020\/04\/four-women-in-front-of-green-bushes-1037989-768x512.jpg 768w, https:\/\/nutrident.fr\/wp-content\/uploads\/2020\/04\/four-women-in-front-of-green-bushes-1037989-1080x720.jpg 1080w, https:\/\/nutrident.fr\/wp-content\/uploads\/2020\/04\/four-women-in-front-of-green-bushes-1037989-980x653.jpg 980w, https:\/\/nutrident.fr\/wp-content\/uploads\/2020\/04\/four-women-in-front-of-green-bushes-1037989-480x320.jpg 480w, https:\/\/nutrident.fr\/wp-content\/uploads\/2020\/04\/four-women-in-front-of-green-bushes-1037989.jpg 1200w\" sizes=\"(max-width: 300px) 100vw, 300px\" \/><figcaption>La ortodoncia invisible tambi\u00e9n puede adaptarse a los dientes de los adolescentes<\/figcaption><\/figure><\/div>\n\n\n<p>Los ni\u00f1os no suelen tener problemas con usar brackets de ortodoncia, pero los adolescentes<strong> <\/strong>son m\u00e1s reacios a tener una sonrisa met\u00e1lica. Invisalign ha adaptado su ortodoncia invisible a <strong>las necesidades especiales de los adolescentes<\/strong> y ahora ofrece un medio para que los j\u00f3venes puedan enderezar sus dientes con total discreci\u00f3n.<\/p>\n\n\n\n<p>En este art\u00edculo, <a href=\"https:\/\/nutrident.fr\/es\/\" data-type=\"URL\" data-id=\"https:\/\/nutrident.fr\/es\/\">Nutrident<\/a> explica en detalle en qu\u00e9 consiste el m\u00e9todo de Invisalign para adolescentes.<\/p>\n\n\n\n<div id=\"ez-toc-container\" class=\"ez-toc-v2_0_33_2 counter-hierarchy ez-toc-counter ez-toc-white ez-toc-container-direction\">\n<div class=\"ez-toc-title-container\">\n<p class=\"ez-toc-title\">Contenus<\/p>\n<span class=\"ez-toc-title-toggle\"><a href=\"#\" class=\"ez-toc-pull-right ez-toc-btn ez-toc-btn-xs ez-toc-btn-default ez-toc-toggle\" style=\"display: none;\"><label for=\"item\" aria-label=\"Tabla de contenidos\"><i class=\"ez-toc-glyphicon ez-toc-icon-toggle\"><\/i><\/label><input type=\"checkbox\" id=\"item\"><\/a><\/span><\/div>\n<nav><ul class='ez-toc-list ez-toc-list-level-1'><li class='ez-toc-page-1 ez-toc-heading-level-2'><a class=\"ez-toc-link ez-toc-heading-1\" href=\"https:\/\/nutrident.fr\/es\/ortodoncia\/invisalign\/teen\/#%C2%BFQue_es_Invisalign\" title=\"\u00bfQu\u00e9 es Invisalign?\">\u00bfQu\u00e9 es Invisalign?<\/a><\/li><li class='ez-toc-page-1 ez-toc-heading-level-2'><a class=\"ez-toc-link ez-toc-heading-2\" href=\"https:\/\/nutrident.fr\/es\/ortodoncia\/invisalign\/teen\/#%C2%BFEn_que_consiste_Invisalign_Teen\" title=\"\u00bfEn qu\u00e9 consiste Invisalign Teen?\">\u00bfEn qu\u00e9 consiste Invisalign Teen?<\/a><\/li><li class='ez-toc-page-1 ez-toc-heading-level-2'><a class=\"ez-toc-link ez-toc-heading-3\" href=\"https:\/\/nutrident.fr\/es\/ortodoncia\/invisalign\/teen\/#Invisalign_Teen_vs_brackets_%C2%BFson_igual_de_eficaces\" title=\"Invisalign Teen vs brackets: \u00bfson igual de eficaces?\">Invisalign Teen vs brackets: \u00bfson igual de eficaces?<\/a><\/li><li class='ez-toc-page-1 ez-toc-heading-level-2'><a class=\"ez-toc-link ez-toc-heading-4\" href=\"https:\/\/nutrident.fr\/es\/ortodoncia\/invisalign\/teen\/#%C2%BFCuanto_cuesta_Invisalign_Teen\" title=\"\u00bfCu\u00e1nto cuesta Invisalign Teen?\">\u00bfCu\u00e1nto cuesta Invisalign Teen?<\/a><\/li><\/ul><\/nav><\/div>\n<h2><span class=\"ez-toc-section\" id=\"%C2%BFQue_es_Invisalign\"><\/span>\u00bfQu\u00e9 es Invisalign?<span class=\"ez-toc-section-end\"><\/span><\/h2>\n\n\n\n<p>El <a href=\"https:\/\/nutrident.fr\/es\/ortodoncia\/invisalign\/\" data-type=\"URL\" data-id=\"https:\/\/nutrident.fr\/es\/ortodoncia\/invisalign\/\" target=\"_blank\" rel=\"noreferrer noopener\">m\u00e9todo Invisalign<\/a> consiste en <strong>f\u00e9rulas transparentes extra\u00edbles<\/strong> que se colocan en cada uno de los arcos dentales. Estas f\u00e9rulas o alineadores se fabrican a medida y deben sustituirse cada quince d\u00edas para adaptarse a los cambios que se van produciendo en la dentadura.<\/p>\n\n\n\n<p>El tratamiento suele durar <strong>entre 9 y 18 meses <\/strong>(en algunos casos puede tomar m\u00e1s tiempo) y debes visitar al ortodoncista cada 6 o 10 semanas para que este se asegure de que todo marcha seg\u00fan lo planeado.<\/p>\n\n\n\n<p>Aunque Invisalign es el l\u00edder en el mercado de la ortodoncia invisible, otras marcas del sector cuentan con <strong>tratamientos igual de efectivos a un precio m\u00e1s asequible<\/strong>. Este es el caso de DrSmile, una empresa alemana que ofrece tratamientos de ortodoncia invisible a distancia y cuyos alineadores est\u00e1n dise\u00f1ados espec\u00edficamente para adultos.<\/p>\n\n\n\n<p>\u00bfTe llama la atenci\u00f3n este concepto? Encuentra m\u00e1s informaci\u00f3n haciendo clic en el siguiente bot\u00f3n:<\/p>\n\n\n\n<div class=\"wp-container-1 is-content-justification-center wp-block-buttons\">\n<div class=\"wp-block-button\"><a class=\"wp-block-button__link has-white-color has-vivid-cyan-blue-background-color has-text-color has-background\" href=\"https:\/\/tidd.ly\/3NXzapN\" target=\"_blank\" rel=\"noopener\">Comprueba tu elegibilidad para el tratamiento de DrSmile<\/a><\/div>\n<\/div>\n\n\n\n<h2><span class=\"ez-toc-section\" id=\"%C2%BFEn_que_consiste_Invisalign_Teen\"><\/span>\u00bfEn qu\u00e9 consiste Invisalign Teen?<span class=\"ez-toc-section-end\"><\/span><\/h2>\n\n\n\n<p><a href=\"https:\/\/nutrident.fr\/es\/ortodoncia\/invisalign\/lite\/\" target=\"_blank\" data-type=\"URL\" rel=\"noreferrer noopener\">Invisalign<\/a> ha tomado su concepto de alineadores invisibles y ha a\u00f1adido tres caracter\u00edsticas espec\u00edficas para adaptarlos a los adolescentes:<\/p>\n\n\n\n<ol><li>Los <strong>indicadores azules<\/strong> situados en los laterales de las f\u00e9rulas<strong> <\/strong>se van desgastando a medida que se usan y sirven para controlar su correcta utilizaci\u00f3n.<\/li><li>Los alineadores <strong>pueden modificarse<\/strong> para adaptarse a los nuevos dientes permanentes. <\/li><li>Los alineadores <strong>se pueden reemplazar<\/strong> en caso de p\u00e9rdidas o roturas: son posibles hasta seis sustituciones.<\/li><\/ol>\n\n\n\n<h2><span class=\"ez-toc-section\" id=\"Invisalign_Teen_vs_brackets_%C2%BFson_igual_de_eficaces\"><\/span>Invisalign Teen vs brackets: \u00bfson igual de eficaces?<span class=\"ez-toc-section-end\"><\/span><\/h2>\n\n\n\n<p>Una de las cr\u00edticas m\u00e1s comunes que se le hacen a <strong><a href=\"https:\/\/nutrident.fr\/es\/ortodoncia\/invisalign\/opiniones\/\" data-type=\"URL\" data-id=\"https:\/\/nutrident.fr\/es\/ortodoncia\/invisalign\/opiniones\/\" target=\"_blank\" rel=\"noreferrer noopener\">Invisalign<\/a> <\/strong>es que sus alineadores son menos efectivos que los aparatos de ortodoncia. Pero esto se debe a que, hasta ahora, los alineadores solo se utilizaban en adultos cuyos dientes ya est\u00e1n firmemente fijados en su posici\u00f3n. <\/p>\n\n\n\n<p>Sin embargo, los dientes de los adolescentes todav\u00eda se pueden moldear, ya que no se han terminado de desarrollar. Por ello, <strong>Invisalign Teen es casi tan eficaz para los j\u00f3venes como los aparatos de ortodoncia<\/strong>.<\/p>\n\n\n<div class=\"wp-block-image\">\n<figure class=\"alignright size-medium\"><img width=\"300\" height=\"200\" src=\"https:\/\/nutrident.fr\/wp-content\/uploads\/2020\/08\/Depositphotos_180459610_S-300x200.jpg\" alt=\"Invisalign Teen\" class=\"wp-image-10300\" srcset=\"https:\/\/nutrident.fr\/wp-content\/uploads\/2020\/08\/Depositphotos_180459610_S-300x200.jpg 300w, https:\/\/nutrident.fr\/wp-content\/uploads\/2020\/08\/Depositphotos_180459610_S-768x512.jpg 768w, https:\/\/nutrident.fr\/wp-content\/uploads\/2020\/08\/Depositphotos_180459610_S-254x169.jpg 254w, https:\/\/nutrident.fr\/wp-content\/uploads\/2020\/08\/Depositphotos_180459610_S.jpg 1000w\" sizes=\"(max-width: 300px) 100vw, 300px\" \/><figcaption>La discreci\u00f3n de los alineadores Invisalign Teen es la caracter\u00edstica que m\u00e1s atrae a los adolescentes<\/figcaption><\/figure><\/div>\n\n\n<p>La discresi\u00f3n de los alineadores es un factor muy importante para los adolescentes, que son muy sensibles a su aspecto y se preocupan por c\u00f3mo los ven los dem\u00e1s. Invisalign Teen les permite <strong>llevar una vida normal<\/strong> y <strong>evitar las posibles burlas<\/strong> de otros adolescentes.<\/p>\n\n\n\n<p>Adem\u00e1s, debes tener en cuenta la comodidad que proporciona Invisalign Teen. Los alineadores generalmente <strong>no producen dolor <\/strong>al principio del tratamiento, a diferencia de los brackets. Tampoco provocan lesiones en los labios, lengua o mejillas, como s\u00ed ocurre con la ortodoncia tradicional.<\/p>\n\n\n\n<p>Por otro lado, los alineadores <strong>son removibles<\/strong>, lo que permite mantener una higiene bucal impecable sin cambiar la rutina de limpieza. Los brackets, por el contrario, dificultan la limpieza de los dientes y producen recovecos donde los restos de comida quedan atrapados, lo que favorece el desarrollo de caries.<\/p>\n\n\n\n<h2><span class=\"ez-toc-section\" id=\"%C2%BFCuanto_cuesta_Invisalign_Teen\"><\/span>\u00bfCu\u00e1nto cuesta Invisalign Teen?<span class=\"ez-toc-section-end\"><\/span><\/h2>\n\n\n\n<p>Como sucede con cualquier tratamiento de ortodoncia, el coste de Invisalign Teen <strong>depende de la magnitud de las correcciones<\/strong> requeridas. En todos los casos, el ortodoncista te proporcionar\u00e1 un presupuesto, pero ten en cuenta que esta cotizaci\u00f3n solo es v\u00e1lida si el adolescente usa los alineadores correctamente. Si no los usa con la suficiente regularidad, el tratamiento tendr\u00e1 que prolongarse y, por tanto, costar\u00e1 m\u00e1s.<\/p>\n\n\n\n<p>En promedio, el coste de un tratamiento completo de Invisalign Teen<strong> oscila entre los 3.500 y los 5.000<\/strong> <strong>euros<\/strong>. Este precio incluye todas las etapas del tratamiento:<\/p>\n\n\n\n<ul><li>La primera consulta para tomar las impresiones y las medidas necesarias para fabricar los alineadores<\/li><li>Todos los cambios de alineadores hasta que los dientes est\u00e9n perfectamente alineados, incluidas las seis f\u00e9rulas de repuesto<\/li><li>Todas las revisiones peri\u00f3dicas con el ortodoncista<\/li><li>El tratamiento de seguimiento, que incluye la fase de retenci\u00f3n para estabilizar los dientes en sus nuevas posiciones<\/li><\/ul>\n<div class=\"article-data before-content\"><div class=\"article-data__date\"><div class=\"article-data__date-modified\"><time class=\"published\" datetime=\"2022-10-27T17:28:33+00:00\">This article was originally published on&nbsp;<span class=\"2\">octubre 27, 2022<\/span>&nbsp;and was most recently updated on&nbsp;<span>junio 13, 2023<\/span><\/time><br><\/div><\/div><\/div><div class=\"user-info\">    <div class=\"user-info__body\">\r\n      <div class=\"user-info__caption\"><span>Contributors:<\/span><\/div>\r\n\t\t\t        <div class=\"user-info__wrap \">\r\n          <div class=\"user-info__data\">\r\n            <div class=\"user-info__data__info\">\r\n              <div class=\"photo\">\r\n\t\t\t\t\t\t\t\t<img width=\"66\" height=\"61\" src=\"https:\/\/nutrident.fr\/wp-content\/uploads\/2023\/06\/unnamed-66x61.jpg\" class=\"attachment-profileImageAuthor size-profileImageAuthor wp-post-image\" alt=\"Dr Abel Jes\u00fas Pederzoli\" loading=\"lazy\" srcset=\"https:\/\/nutrident.fr\/wp-content\/uploads\/2023\/06\/unnamed-66x61.jpg 66w, https:\/\/nutrident.fr\/wp-content\/uploads\/2023\/06\/unnamed-300x279.jpg 300w, https:\/\/nutrident.fr\/wp-content\/uploads\/2023\/06\/unnamed-1024x952.jpg 1024w, https:\/\/nutrident.fr\/wp-content\/uploads\/2023\/06\/unnamed-768x714.jpg 768w, https:\/\/nutrident.fr\/wp-content\/uploads\/2023\/06\/unnamed-204x190.jpg 204w, https:\/\/nutrident.fr\/wp-content\/uploads\/2023\/06\/unnamed-120x112.jpg 120w, https:\/\/nutrident.fr\/wp-content\/uploads\/2023\/06\/unnamed.jpg 1125w\" sizes=\"(max-width: 66px) 100vw, 66px\" \/>              <\/div>\r\n              <a href=\"https:\/\/nutrident.fr\/es\/author\/dr-abel-jesus-pederzoli\/\" class=\"name\">Dr Abel Jes\u00fas Pederzoli<\/a>\r\n            <\/div>\r\n            <div class=\"user-info__data__social\">\r\n\t\t\t\t\t\t\t\t\t\t\t\t\t\t\t\t\t\t\t\t\t          <a href=\"https:\/\/clinicaleixample.es\/\"\r\n             class=\"soc-item website\">website<\/a>\r\n\t\t\t\t          <a href=\"http:\/\/linkedin.com\/in\/abel-jes%C3%BAs-pederzoli\"\r\n             class=\"soc-item linkedin\">linkedin<\/a>\r\n\t\t\t\t            <\/div>\r\n          <\/div>\r\n          <div class=\"user-info__description\">\r\n\t\t\t\t\t\t\t\t\t\t\t\t\t<p>Con t\u00edtulos obtenidos en la Facultad de Odontolog\u00eda de la Universidad Nacional de La Plata y una participaci\u00f3n activa en congresos y jornadas, el Dr. Pederzoli se mantiene actualizado en las \u00faltimas t\u00e9cnicas y avances en odontolog\u00eda. Actualmente se encuentra desarrollando un proyecto de consultor\u00eda tecnol\u00f3gica aplicada a cl\u00ednicas dentales.<\/p>\n\t\t\t\t\t\t          <\/div>\r\n        <\/div>\r\n\t\t\t\t    <\/div>\r\n\t<\/div><!--copyscapeskip--><div class=\"medical_references\"><div class=\"medical_references__heading\"><span>Fuentes M\u00e9dicas<\/span><\/div><div class=\"medical_references__list\"><p><strong>Alineadores invisibles: Invisalign \u2013 Revisi\u00f3n bibliogr\u00e1fica<\/strong>:\u00a0<a href=\"https:\/\/www.ortodoncia.ws\/publicaciones\/2018\/art-13\/\" target=\"_blank\" rel=\"noopener\">https:\/\/www.ortodoncia.ws\/publicaciones\/2018\/art-13\/<\/a><\/p>\n<\/div><\/div><!--\/copyscapeskip-->","protected":false},"excerpt":{"rendered":"<p>Contributor:&nbsp; Dr Abel Jes\u00fas Pederzoli Updated:&nbsp;junio 13, 2023 Los ni\u00f1os no suelen tener problemas con usar brackets de ortodoncia, pero los adolescentes son m\u00e1s reacios a tener una sonrisa met\u00e1lica. Invisalign ha adaptado su ortodoncia invisible a las necesidades especiales de los adolescentes y ahora ofrece un medio para que los j\u00f3venes puedan enderezar sus [&hellip;]<\/p>\n","protected":false},"author":14,"featured_media":11141,"parent":17047,"menu_order":0,"comment_status":"closed","ping_status":"closed","template":"","meta":{"inline_featured_image":false},"acf":[],"_links":{"self":[{"href":"https:\/\/nutrident.fr\/es\/wp-json\/wp\/v2\/pages\/16773"}],"collection":[{"href":"https:\/\/nutrident.fr\/es\/wp-json\/wp\/v2\/pages"}],"about":[{"href":"https:\/\/nutrident.fr\/es\/wp-json\/wp\/v2\/types\/page"}],"author":[{"embeddable":true,"href":"https:\/\/nutrident.fr\/es\/wp-json\/wp\/v2\/users\/14"}],"replies":[{"embeddable":true,"href":"https:\/\/nutrident.fr\/es\/wp-json\/wp\/v2\/comments?post=16773"}],"version-history":[{"count":22,"href":"https:\/\/nutrident.fr\/es\/wp-json\/wp\/v2\/pages\/16773\/revisions"}],"predecessor-version":[{"id":21915,"href":"https:\/\/nutrident.fr\/es\/wp-json\/wp\/v2\/pages\/16773\/revisions\/21915"}],"up":[{"embeddable":true,"href":"https:\/\/nutrident.fr\/es\/wp-json\/wp\/v2\/pages\/17047"}],"wp:featuredmedia":[{"embeddable":true,"href":"https:\/\/nutrident.fr\/es\/wp-json\/wp\/v2\/media\/11141"}],"wp:attachment":[{"href":"https:\/\/nutrident.fr\/es\/wp-json\/wp\/v2\/media?parent=16773"}],"curies":[{"name":"wp","href":"https:\/\/api.w.org\/{rel}","templated":true}]}}