

{"id":16775,"date":"2022-10-27T17:30:29","date_gmt":"2022-10-27T17:30:29","guid":{"rendered":"https:\/\/nutrident.fr\/?page_id=16775"},"modified":"2023-06-13T10:33:19","modified_gmt":"2023-06-13T10:33:19","slug":"linguales","status":"publish","type":"page","link":"https:\/\/nutrident.fr\/es\/ortodoncia\/brackets\/linguales\/","title":{"rendered":"Ortodoncia lingual: tratamiento, precio, ventajas y desventajas"},"content":{"rendered":"<div class=\"meta\"><div class=\"meta__users\">    <div class=\"meta__users__reviewed\">\r\n      <p class=\"meta__users__caption\">Contributor:&nbsp;<\/p>\r\n      <div class=\"users\">\r\n        <span class=\"users__user\">\r\n          <a href=\"#\">Dr Abel Jes\u00fas Pederzoli<\/a>\r\n        <\/span>\r\n      <\/div>\r\n    <\/div>\r\n\t<\/div><div class=\"meta__date-modified\">Updated:&nbsp;<span>junio 13, 2023<\/span><\/div><\/div><div class=\"wp-block-image\">\n<figure class=\"alignright size-medium\"><img width=\"300\" height=\"200\" src=\"https:\/\/nutrident.fr\/wp-content\/uploads\/2022\/08\/Depositphotos_31884671_m-2015-300x200.jpg\" alt=\"ortodoncia lingual\" class=\"wp-image-14368\" srcset=\"https:\/\/nutrident.fr\/wp-content\/uploads\/2022\/08\/Depositphotos_31884671_m-2015-300x200.jpg 300w, https:\/\/nutrident.fr\/wp-content\/uploads\/2022\/08\/Depositphotos_31884671_m-2015-768x512.jpg 768w, https:\/\/nutrident.fr\/wp-content\/uploads\/2022\/08\/Depositphotos_31884671_m-2015-254x169.jpg 254w, https:\/\/nutrident.fr\/wp-content\/uploads\/2022\/08\/Depositphotos_31884671_m-2015.jpg 1000w\" sizes=\"(max-width: 300px) 100vw, 300px\" \/><figcaption>Los brackets linguales se colocan detr\u00e1s de los dientes<\/figcaption><\/figure><\/div>\n\n\n<p>Los brackets linguales son aparatos de ortodoncia que no se ven, pero son muy eficaces para enderezar los dientes. Se colocan detr\u00e1s de los dientes y funcionan como los aparatos tradicionales sin ser visibles desde el exterior.  <\/p>\n\n\n\n<p>En este art\u00edculo te explicamos todo sobre estos aparatos, c\u00f3mo funcionan y si son realmente efectivos.<\/p>\n\n\n\n<div id=\"ez-toc-container\" class=\"ez-toc-v2_0_33_2 counter-hierarchy ez-toc-counter ez-toc-white ez-toc-container-direction\">\n<div class=\"ez-toc-title-container\">\n<p class=\"ez-toc-title\">Contenus<\/p>\n<span class=\"ez-toc-title-toggle\"><a href=\"#\" class=\"ez-toc-pull-right ez-toc-btn ez-toc-btn-xs ez-toc-btn-default ez-toc-toggle\" style=\"display: none;\"><label for=\"item\" aria-label=\"Tabla de contenidos\"><i class=\"ez-toc-glyphicon ez-toc-icon-toggle\"><\/i><\/label><input type=\"checkbox\" id=\"item\"><\/a><\/span><\/div>\n<nav><ul class='ez-toc-list ez-toc-list-level-1'><li class='ez-toc-page-1 ez-toc-heading-level-2'><a class=\"ez-toc-link ez-toc-heading-1\" href=\"https:\/\/nutrident.fr\/es\/ortodoncia\/brackets\/linguales\/#%C2%BFA_que_edad_se_puede_utilizar_la_ortodoncia_lingual\" title=\"\u00bfA qu\u00e9 edad se puede utilizar la ortodoncia lingual?  \">\u00bfA qu\u00e9 edad se puede utilizar la ortodoncia lingual?  <\/a><\/li><li class='ez-toc-page-1 ez-toc-heading-level-2'><a class=\"ez-toc-link ez-toc-heading-2\" href=\"https:\/\/nutrident.fr\/es\/ortodoncia\/brackets\/linguales\/#%C2%BFPara_que_sirve_la_ortodoncia_lingual\" title=\"\u00bfPara qu\u00e9 sirve la ortodoncia lingual?\">\u00bfPara qu\u00e9 sirve la ortodoncia lingual?<\/a><\/li><li class='ez-toc-page-1 ez-toc-heading-level-2'><a class=\"ez-toc-link ez-toc-heading-3\" href=\"https:\/\/nutrident.fr\/es\/ortodoncia\/brackets\/linguales\/#%C2%BFComo_se_colocan_los_brackets_linguales\" title=\"\u00bfC\u00f3mo se colocan los brackets linguales?  \">\u00bfC\u00f3mo se colocan los brackets linguales?  <\/a><\/li><li class='ez-toc-page-1 ez-toc-heading-level-2'><a class=\"ez-toc-link ez-toc-heading-4\" href=\"https:\/\/nutrident.fr\/es\/ortodoncia\/brackets\/linguales\/#%C2%BFPor_que_elegir_la_ortodoncia_lingual_Ventajas_de_los_brackets_linguales\" title=\"\u00bfPor qu\u00e9 elegir la ortodoncia lingual? Ventajas de los brackets linguales\">\u00bfPor qu\u00e9 elegir la ortodoncia lingual? Ventajas de los brackets linguales<\/a><\/li><li class='ez-toc-page-1 ez-toc-heading-level-2'><a class=\"ez-toc-link ez-toc-heading-5\" href=\"https:\/\/nutrident.fr\/es\/ortodoncia\/brackets\/linguales\/#%C2%BFCuales_son_las_desventajas_de_llevar_aparatos_linguales\" title=\"\u00bfCu\u00e1les son las desventajas de llevar aparatos linguales?  \">\u00bfCu\u00e1les son las desventajas de llevar aparatos linguales?  <\/a><\/li><li class='ez-toc-page-1 ez-toc-heading-level-2'><a class=\"ez-toc-link ez-toc-heading-6\" href=\"https:\/\/nutrident.fr\/es\/ortodoncia\/brackets\/linguales\/#%C2%BFCuanto_cuestan_los_brackets_linguales\" title=\"\u00bfCu\u00e1nto cuestan los brackets linguales?\">\u00bfCu\u00e1nto cuestan los brackets linguales?<\/a><\/li><li class='ez-toc-page-1 ez-toc-heading-level-2'><a class=\"ez-toc-link ez-toc-heading-7\" href=\"https:\/\/nutrident.fr\/es\/ortodoncia\/brackets\/linguales\/#%C2%BFCuales_son_las_alternativas_a_la_ortodoncia_lingual\" title=\"\u00bfCu\u00e1les son las alternativas a la ortodoncia lingual?  \">\u00bfCu\u00e1les son las alternativas a la ortodoncia lingual?  <\/a><\/li><li class='ez-toc-page-1 ez-toc-heading-level-2'><a class=\"ez-toc-link ez-toc-heading-8\" href=\"https:\/\/nutrident.fr\/es\/ortodoncia\/brackets\/linguales\/#Preguntas_frecuentes\" title=\"Preguntas frecuentes\">Preguntas frecuentes<\/a><\/li><\/ul><\/nav><\/div>\n<h2><span class=\"ez-toc-section\" id=\"%C2%BFA_que_edad_se_puede_utilizar_la_ortodoncia_lingual\"><\/span>\u00bfA qu\u00e9 edad se puede utilizar la ortodoncia lingual?  <span class=\"ez-toc-section-end\"><\/span><\/h2>\n\n\n\n<p>La <a href=\"https:\/\/nutrident.fr\/es\/?page_id=16771\" data-type=\"URL\" data-id=\"https:\/\/nutrident.fr\/es\/?page_id=16771\" target=\"_blank\" rel=\"noreferrer noopener\">ortodoncia<\/a> lingual<strong> no es adecuada para los ni\u00f1os<\/strong> en crecimiento, ya que sus dientes no suelen tener suficiente superficie para colocar los aparatos. Los brackets linguales se usan exclusivamente en adolescentes y adultos.<\/p>\n\n\n\n<p>Sin embargo, no todos los adultos pueden usar este tipo de ortodoncia. La decisi\u00f3n final queda en manos del ortodoncista, ya que este tratamiento no es compatible con algunas personas, especialmente las que tienen dientes cortos.<\/p>\n\n\n\n<h2><span class=\"ez-toc-section\" id=\"%C2%BFPara_que_sirve_la_ortodoncia_lingual\"><\/span>\u00bfPara qu\u00e9 sirve la ortodoncia lingual?<span class=\"ez-toc-section-end\"><\/span><\/h2>\n\n\n<div class=\"wp-block-image\">\n<figure class=\"alignright size-medium\"><img width=\"300\" height=\"212\" src=\"https:\/\/nutrident.fr\/wp-content\/uploads\/2022\/08\/dents-qui-se-chevauchent-300x212.jpg\" alt=\"brackets linguales\" class=\"wp-image-14372\" srcset=\"https:\/\/nutrident.fr\/wp-content\/uploads\/2022\/08\/dents-qui-se-chevauchent-300x212.jpg 300w, https:\/\/nutrident.fr\/wp-content\/uploads\/2022\/08\/dents-qui-se-chevauchent-768x544.jpg 768w, https:\/\/nutrident.fr\/wp-content\/uploads\/2022\/08\/dents-qui-se-chevauchent-254x180.jpg 254w, https:\/\/nutrident.fr\/wp-content\/uploads\/2022\/08\/dents-qui-se-chevauchent.jpg 1000w\" sizes=\"(max-width: 300px) 100vw, 300px\" \/><figcaption>La ortodoncia lingual puede tratar todos los problemas de api\u00f1amiento y maloclusi\u00f3n<\/figcaption><\/figure><\/div>\n\n\n<p>La ortodoncia lingual puede utilizarse para tratar muchos problemas, tanto est\u00e9ticos como funcionales. Puede utilizarse para <strong>alinear los dientes<\/strong> malposicionados, por ejemplo dientes rotados, separados o que <a href=\"https:\/\/nutrident.fr\/es\/apinamiento-dental\/\">se superponen<\/a>. La ortodoncia lingual tambi\u00e9n se utiliza para corregir la alineaci\u00f3n o los espacios interdentales antes de colocar <a href=\"https:\/\/nutrident.fr\/es\/?page_id=16753\" target=\"_blank\" rel=\"noopener noreferrer\">retenedores nocturnos<\/a> o implantes.<\/p>\n\n\n\n<p>Adem\u00e1s, como los brackets tradicionales, se puede utilizar para <strong>tratar maloclusiones<\/strong> que provocan problemas de masticaci\u00f3n, degluci\u00f3n y a veces del habla.<\/p>\n\n\n\n<p>El tratamiento con aparatos linguales suele durar<strong> entre dieciocho y veinticuatro meses<\/strong>, mientras se corrige el problema ortod\u00f3ntico.<\/p>\n\n\n\n<h2><span class=\"ez-toc-section\" id=\"%C2%BFComo_se_colocan_los_brackets_linguales\"><\/span>\u00bfC\u00f3mo se colocan los brackets linguales?  <span class=\"ez-toc-section-end\"><\/span><\/h2>\n\n\n\n<p>El ortodoncista comenzar\u00e1 <strong>tomando impresiones de tus maxilares<\/strong>. Este molde sirve de base para elaborar los aparatos a medida.<\/p>\n\n\n\n<p>La ortodoncia se coloca en una sola sesi\u00f3n en la que los brackets<strong> linguales <\/strong>se pegan y se fijan a la cara interna de los dientes. A continuaci\u00f3n, se establece un calendario de consultas de seguimiento y readaptaci\u00f3n, consultas que se realizan cada cuatro a seis semanas.<\/p>\n\n\n\n<p>A medida que los brackets van corrigiendo el problema, el ortodoncista los apretar\u00e1 para aumentar su poder de tracci\u00f3n. Tambi\u00e9n comprobar\u00e1 que no corres el riesgo de sufrir efectos secundarios, como el desarrollo de <a href=\"https:\/\/nutrident.fr\/es\/gingivitis-y-carencia-de-zinc\/\">gingivitis<\/a> o <a href=\"https:\/\/nutrident.fr\/es\/caries-y-dieta\/\">caries<\/a>.<\/p>\n\n\n\n<p>Los <strong>primeros d\u00edas de tratamiento<\/strong> <a href=\"https:\/\/nutrident.fr\/es\/?page_id=16761\" data-type=\"page\" data-id=\"10785\">pueden ser un poco dolorosos<\/a> debido a la tensi\u00f3n que los aparatos ejercen sobre los dientes, pero te acostumbrar\u00e1s r\u00e1pidamente. Si sigues experimentando molestias despu\u00e9s de unos d\u00edas, es probable que los brackets se hayan ajustado incorrectamente y est\u00e9n demasiado apretados. En este caso, debes volver al ortodoncista lo m\u00e1s pronto posible para reducir la tensi\u00f3n.<\/p>\n\n\n\n<p>Ten cuidado durante los primeros d\u00edas, ya que corres el riesgo de <strong>cortarte la lengua<\/strong>. Esta se ubica de forma natural contra los dientes y tendr\u00e1s que adaptarte para dejar de sentir molestias, especialmente al comer y al hablar.<\/p>\n\n\n\n<p>Por \u00faltimo, es posible que al principio se produzca<strong> un poco de ceceo<\/strong>, pero deber\u00edas recuperar r\u00e1pidamente tu forma regular de hablar.<\/p>\n\n\n\n<p>Al final del tratamiento, el ortodoncista estabilizar\u00e1 el trabajo con <a href=\"https:\/\/nutrident.fr\/es\/ortodoncia\/contencion-post-ortodoncia\/\" data-type=\"page\" data-id=\"7104\">un retenedor<\/a> que tendr\u00e1s que llevar durante unos meses m\u00e1s. Este puede ser un retenedor fijo (un alambre que se adhiere en la cara interior de los dientes), o una pieza bucal extra\u00edble que se lleva solo por la noche.<\/p>\n\n\n\n<h2><span class=\"ez-toc-section\" id=\"%C2%BFPor_que_elegir_la_ortodoncia_lingual_Ventajas_de_los_brackets_linguales\"><\/span>\u00bfPor qu\u00e9 elegir la ortodoncia lingual? Ventajas de los brackets linguales<span class=\"ez-toc-section-end\"><\/span><\/h2>\n\n\n\n<p>Los brackets linguales son <strong>tan eficaces como los convencionales<\/strong>, as\u00ed que su elecci\u00f3n suele ser est\u00e9tica. Para un adulto, llevar brackets puede ser una fuente de verg\u00fcenza, as\u00ed como un problema profesional para cualquiera que tenga contacto regular con el p\u00fablico. <\/p>\n\n\n\n<p>Por otro lado, el uso de aparatos de ortodoncia puede manchar los dientes, lo que no es un problema si las manchas est\u00e1n en la cara interior no visible.<\/p>\n\n\n\n<p>Desde el punto de vista de la comodidad, tras un breve periodo de adaptaci\u00f3n, el paciente se acostumbra y se olvida de que lleva ortodoncia.<\/p>\n\n\n\n<h2><span class=\"ez-toc-section\" id=\"%C2%BFCuales_son_las_desventajas_de_llevar_aparatos_linguales\"><\/span>\u00bfCu\u00e1les son las desventajas de llevar aparatos linguales?  <span class=\"ez-toc-section-end\"><\/span><\/h2>\n\n\n\n<p>Los brackets linguales dificultan un poco el proceso de <strong>cepillarse los dientes<\/strong>, pero los aparatos convencionales tienen el mismo efecto. Debes prestar mucha m\u00e1s atenci\u00f3n a tu higiene bucal y tener cuidado de limpiar los restos de comida atascados entre los aparatos y los dientes.<\/p>\n\n\n<div class=\"wp-block-image\">\n<figure class=\"alignright size-medium\"><img width=\"300\" height=\"200\" src=\"https:\/\/nutrident.fr\/wp-content\/uploads\/2022\/08\/brossage-des-dents-300x200.jpg\" alt=\"cepillarse los dientes\" class=\"wp-image-14375\" srcset=\"https:\/\/nutrident.fr\/wp-content\/uploads\/2022\/08\/brossage-des-dents-300x200.jpg 300w, https:\/\/nutrident.fr\/wp-content\/uploads\/2022\/08\/brossage-des-dents-1024x682.jpg 1024w, https:\/\/nutrident.fr\/wp-content\/uploads\/2022\/08\/brossage-des-dents-768x512.jpg 768w, https:\/\/nutrident.fr\/wp-content\/uploads\/2022\/08\/brossage-des-dents-254x169.jpg 254w, https:\/\/nutrident.fr\/wp-content\/uploads\/2022\/08\/brossage-des-dents.jpg 1280w\" sizes=\"(max-width: 300px) 100vw, 300px\" \/><figcaption>Cepillarse los dientes es m\u00e1s complicado con ortodoncia lingual<\/figcaption><\/figure><\/div>\n\n\n<p>Cuando usas ortodoncia lingual, debes <strong>evitar ciertos alimentos<\/strong>. Cualquier alimento duro puede da\u00f1ar los aparatos, cualquier cosa fibrosa puede atascarse en ellos, y cualquier cosa pegajosa puede acumularse y favorecer la formaci\u00f3n de placa y caries.<\/p>\n\n\n\n<p>Tambi\u00e9n <strong>lleva un tiempo acostumbrarse a hablar correctamente<\/strong> sin provocar microcortes en la lengua.<\/p>\n\n\n\n<p>Pero la desventaja principal de este tratamiento es <strong>su<\/strong> <strong>coste<\/strong>, mucho m\u00e1s elevado que el de los brackets normales. Para el ortodoncista, trabajar en la parte interna de los dientes es <strong>m\u00e1s complicado<\/strong> y, por tanto, lleva m\u00e1s tiempo, no solo durante la instalaci\u00f3n, sino tambi\u00e9n en cada visita de control y reajuste.<\/p>\n\n\n\n<p>Adem\u00e1s, no todos los ortodoncistas pueden colocar brackets linguales: para ello debe haber hecho <strong>una especialidad<\/strong>. Si est\u00e1s interesado en este tratamiento, habla con tu dentista, quien te podr\u00e1 orientar sobre los ortodoncistas que est\u00e9n calificados para este trabajo.<\/p>\n\n\n\n<h2><span class=\"ez-toc-section\" id=\"%C2%BFCuanto_cuestan_los_brackets_linguales\"><\/span>\u00bfCu\u00e1nto cuestan los brackets linguales?<span class=\"ez-toc-section-end\"><\/span><\/h2>\n\n\n\n<p>El coste de la ortodoncia lingual oscila <strong>entre los 4.500 y los 8.000<\/strong> euros, lo que supone entre dos y cuatro veces el precio de la ortodoncia convencional. Pero esto depender\u00e1n de lo que cobre tu ortodoncista, de la duraci\u00f3n del tratamiento, del fabricante que elijas y del n\u00famero de consultas que se necesiten para ajustar los aparatos a medida que se corrige el problema. En general, seis meses de tratamiento suelen costar unos 1.500 euros.<\/p>\n\n\n\n<p>Adem\u00e1s, al tratarse de una especialidad, el precio que cobra el ortodoncista puede ser mucho m\u00e1s elevado que el de un ortodoncista promedio.<\/p>\n\n\n\n<p>La ortodoncia, ya sea con brackets regulares o linguales, <strong>no est\u00e1 cubierta por la seguridad social<\/strong> ni por los seguros dentales privados. No obstante, puedes preguntar a tu seguro qu\u00e9 tipo de descuentos y reembolsos ofrecen. Pide a tu ortodoncista una estimaci\u00f3n detallada de los costes que podr\u00e1s entregar a tu compa\u00f1\u00eda de seguros para optar a estos beneficios.<\/p>\n\n\n\n<h2><span class=\"ez-toc-section\" id=\"%C2%BFCuales_son_las_alternativas_a_la_ortodoncia_lingual\"><\/span>\u00bfCu\u00e1les son las alternativas a la ortodoncia lingual?  <span class=\"ez-toc-section-end\"><\/span><\/h2>\n\n\n\n<p>Hoy en d\u00eda, cada vez m\u00e1s pacientes recurren a <a href=\"https:\/\/nutrident.fr\/es\/?page_id=16755\" data-type=\"page\" data-id=\"10531\">los alineadores dentales transparentes<\/a>. Son tan discretos como la ortodoncia lingual, pero suelen ser un<strong> poco m\u00e1s baratos<\/strong>.  <\/p>\n\n\n\n<p>Aunque Invisalign ha sido el l\u00edder indiscutible del mercado durante casi 20 a\u00f1os, en los \u00faltimos a\u00f1os han surgido muchas otras marcas con precios m\u00e1s asequibles. DrSmile, por ejemplo, ofrece tratamientos a distancia <strong>desde 33 euros al mes<\/strong>. Si quieres saber si tu caso es compatible con este tratamiento, no dudes en pedir una cita con un dentista de DrSmile:  <\/p>\n\n\n\n<div class=\"wp-container-1 is-content-justification-center wp-block-buttons\">\n<div class=\"wp-block-button\"><a class=\"wp-block-button__link has-white-color has-vivid-cyan-blue-background-color has-text-color has-background\" href=\"https:\/\/tidd.ly\/3O3Ns7J\" target=\"_blank\" rel=\"noopener\">Encuentra un ortodoncista DrSmile cerca de ti<\/a><\/div>\n<\/div>\n\n\n\n<h2><span class=\"ez-toc-section\" id=\"Preguntas_frecuentes\"><\/span>Preguntas frecuentes<span class=\"ez-toc-section-end\"><\/span><\/h2>\n\n\n<div id=\"rank-math-faq\" class=\"rank-math-block\">\n<div class=\"rank-math-list \">\n<div id=\"faq-question-1671757034803\" class=\"rank-math-list-item\">\n<h3 class=\"rank-math-question \">\u00bfDuelen los brackets linguales?<\/h3>\n<div class=\"rank-math-answer \">\n\n<p>Es de esperar que se produzcan molestias durante los primeros d\u00edas, as\u00ed como en cada ajuste del alambre, pero esto tambi\u00e9n ocurre con la ortodoncia convencional. Adem\u00e1s, las heridas y llagas en la lengua suelen ser comunes puesto que esta roza constantemente los brackets.<\/p>\n\n<\/div>\n<\/div>\n<div id=\"faq-question-1671757044796\" class=\"rank-math-list-item\">\n<h3 class=\"rank-math-question \">\u00bfLos aparatos linguales provocan ceceo?<\/h3>\n<div class=\"rank-math-answer \">\n\n<p>Hay un periodo de adaptaci\u00f3n tras la colocaci\u00f3n de la ortodoncia lingual y puede que te resulte dif\u00edcil pronunciar ciertos sonidos durante unos d\u00edas, pero deber\u00edas volver a pronunciar correctamente en poco tiempo.<\/p>\n\n<\/div>\n<\/div>\n<\/div>\n<\/div><div class=\"article-data before-content\"><div class=\"article-data__date\"><div class=\"article-data__date-modified\"><time class=\"published\" datetime=\"2022-10-27T17:30:29+00:00\">This article was originally published on&nbsp;<span class=\"2\">octubre 27, 2022<\/span>&nbsp;and was most recently updated on&nbsp;<span>junio 13, 2023<\/span><\/time><br><\/div><\/div><\/div><div class=\"user-info\">    <div class=\"user-info__body\">\r\n      <div class=\"user-info__caption\"><span>Contributors:<\/span><\/div>\r\n\t\t\t        <div class=\"user-info__wrap \">\r\n          <div class=\"user-info__data\">\r\n            <div class=\"user-info__data__info\">\r\n              <div class=\"photo\">\r\n\t\t\t\t\t\t\t\t<img width=\"66\" height=\"61\" src=\"https:\/\/nutrident.fr\/wp-content\/uploads\/2023\/06\/unnamed-66x61.jpg\" class=\"attachment-profileImageAuthor size-profileImageAuthor wp-post-image\" alt=\"Dr Abel Jes\u00fas Pederzoli\" loading=\"lazy\" srcset=\"https:\/\/nutrident.fr\/wp-content\/uploads\/2023\/06\/unnamed-66x61.jpg 66w, https:\/\/nutrident.fr\/wp-content\/uploads\/2023\/06\/unnamed-300x279.jpg 300w, https:\/\/nutrident.fr\/wp-content\/uploads\/2023\/06\/unnamed-1024x952.jpg 1024w, https:\/\/nutrident.fr\/wp-content\/uploads\/2023\/06\/unnamed-768x714.jpg 768w, https:\/\/nutrident.fr\/wp-content\/uploads\/2023\/06\/unnamed-204x190.jpg 204w, https:\/\/nutrident.fr\/wp-content\/uploads\/2023\/06\/unnamed-120x112.jpg 120w, https:\/\/nutrident.fr\/wp-content\/uploads\/2023\/06\/unnamed.jpg 1125w\" sizes=\"(max-width: 66px) 100vw, 66px\" \/>              <\/div>\r\n              <a href=\"https:\/\/nutrident.fr\/es\/author\/dr-abel-jesus-pederzoli\/\" class=\"name\">Dr Abel Jes\u00fas Pederzoli<\/a>\r\n            <\/div>\r\n            <div class=\"user-info__data__social\">\r\n\t\t\t\t\t\t\t\t\t\t\t\t\t\t\t\t\t\t\t\t\t          <a href=\"https:\/\/clinicaleixample.es\/\"\r\n             class=\"soc-item website\">website<\/a>\r\n\t\t\t\t          <a href=\"http:\/\/linkedin.com\/in\/abel-jes%C3%BAs-pederzoli\"\r\n             class=\"soc-item linkedin\">linkedin<\/a>\r\n\t\t\t\t            <\/div>\r\n          <\/div>\r\n          <div class=\"user-info__description\">\r\n\t\t\t\t\t\t\t\t\t\t\t\t\t<p>Con t\u00edtulos obtenidos en la Facultad de Odontolog\u00eda de la Universidad Nacional de La Plata y una participaci\u00f3n activa en congresos y jornadas, el Dr. Pederzoli se mantiene actualizado en las \u00faltimas t\u00e9cnicas y avances en odontolog\u00eda. Actualmente se encuentra desarrollando un proyecto de consultor\u00eda tecnol\u00f3gica aplicada a cl\u00ednicas dentales.<\/p>\n\t\t\t\t\t\t          <\/div>\r\n        <\/div>\r\n\t\t\t\t    <\/div>\r\n\t<\/div><!--copyscapeskip--><div class=\"medical_references\"><div class=\"medical_references__heading\"><span>Fuentes M\u00e9dicas<\/span><\/div><div class=\"medical_references__list\"><p><strong>Sociedad Francesa de Ortopedia Dentofacial:<\/strong>\u00a0<a href=\"http:\/\/www.sfodf.org\/avada_portfolio\/lorthodontie-linguale\/\" target=\"_blank\" rel=\"noopener\">L\u2019orthodontie linguale<\/a>.<\/p>\n<p><strong>Universidad de Nantes.<\/strong> GERBER Romain. <a href=\"http:\/\/archive.bu.univ-nantes.fr\/pollux\/fichiers\/download\/51b0706c-dd80-47a3-9db3-10d8480b1ca3\">La evoluci\u00f3n de la ortodoncia lingual desde 1975 hasta la actualidad.<\/a><\/p>\n<p><strong>Revista de Odontoestomatolog\u00eda.<\/strong> Martine Philippart-Rochaix. <a href=\"http:\/\/v2.sop.name\/ROS\/articlepdf\/2002\/ROS_4\/127.pdf\">Sobre las cr\u00edticas a la ortodoncia de adultos por el m\u00e9todo lingual: una respuesta razonada<\/a>.<\/p>\n<\/div><\/div><!--\/copyscapeskip-->","protected":false},"excerpt":{"rendered":"<p>Contributor:&nbsp; Dr Abel Jes\u00fas Pederzoli Updated:&nbsp;junio 13, 2023 Los brackets linguales son aparatos de ortodoncia que no se ven, pero son muy eficaces para enderezar los dientes. Se colocan detr\u00e1s de los dientes y funcionan como los aparatos tradicionales sin ser visibles desde el exterior. En este art\u00edculo te explicamos todo sobre estos aparatos, c\u00f3mo [&hellip;]<\/p>\n","protected":false},"author":2,"featured_media":14290,"parent":19130,"menu_order":0,"comment_status":"open","ping_status":"open","template":"","meta":{"inline_featured_image":false},"acf":[],"_links":{"self":[{"href":"https:\/\/nutrident.fr\/es\/wp-json\/wp\/v2\/pages\/16775"}],"collection":[{"href":"https:\/\/nutrident.fr\/es\/wp-json\/wp\/v2\/pages"}],"about":[{"href":"https:\/\/nutrident.fr\/es\/wp-json\/wp\/v2\/types\/page"}],"author":[{"embeddable":true,"href":"https:\/\/nutrident.fr\/es\/wp-json\/wp\/v2\/users\/2"}],"replies":[{"embeddable":true,"href":"https:\/\/nutrident.fr\/es\/wp-json\/wp\/v2\/comments?post=16775"}],"version-history":[{"count":16,"href":"https:\/\/nutrident.fr\/es\/wp-json\/wp\/v2\/pages\/16775\/revisions"}],"predecessor-version":[{"id":21926,"href":"https:\/\/nutrident.fr\/es\/wp-json\/wp\/v2\/pages\/16775\/revisions\/21926"}],"up":[{"embeddable":true,"href":"https:\/\/nutrident.fr\/es\/wp-json\/wp\/v2\/pages\/19130"}],"wp:featuredmedia":[{"embeddable":true,"href":"https:\/\/nutrident.fr\/es\/wp-json\/wp\/v2\/media\/14290"}],"wp:attachment":[{"href":"https:\/\/nutrident.fr\/es\/wp-json\/wp\/v2\/media?parent=16775"}],"curies":[{"name":"wp","href":"https:\/\/api.w.org\/{rel}","templated":true}]}}