

{"id":16782,"date":"2022-10-28T10:30:50","date_gmt":"2022-10-28T10:30:50","guid":{"rendered":"https:\/\/nutrident.fr\/?page_id=16782"},"modified":"2023-06-13T10:32:13","modified_gmt":"2023-06-13T10:32:13","slug":"lite","status":"publish","type":"page","link":"https:\/\/nutrident.fr\/es\/ortodoncia\/invisalign\/lite\/","title":{"rendered":"Invisalign Lite: la ortodoncia invisible para casos leves"},"content":{"rendered":"<div class=\"meta\"><div class=\"meta__users\">    <div class=\"meta__users__reviewed\">\r\n      <p class=\"meta__users__caption\">Contributor:&nbsp;<\/p>\r\n      <div class=\"users\">\r\n        <span class=\"users__user\">\r\n          <a href=\"#\">Dr Abel Jes\u00fas Pederzoli<\/a>\r\n        <\/span>\r\n      <\/div>\r\n    <\/div>\r\n\t<\/div><div class=\"meta__date-modified\">Updated:&nbsp;<span>junio 13, 2023<\/span><\/div><\/div><div class=\"wp-block-image\">\n<figure class=\"alignright size-medium\"><img width=\"300\" height=\"200\" src=\"https:\/\/nutrident.fr\/wp-content\/uploads\/2022\/08\/invisalign-jeune-femme-300x200.jpg\" alt=\"Invisalign Lite\" class=\"wp-image-14389\" srcset=\"https:\/\/nutrident.fr\/wp-content\/uploads\/2022\/08\/invisalign-jeune-femme-300x200.jpg 300w, https:\/\/nutrident.fr\/wp-content\/uploads\/2022\/08\/invisalign-jeune-femme-1024x684.jpg 1024w, https:\/\/nutrident.fr\/wp-content\/uploads\/2022\/08\/invisalign-jeune-femme-768x513.jpg 768w, https:\/\/nutrident.fr\/wp-content\/uploads\/2022\/08\/invisalign-jeune-femme-1536x1025.jpg 1536w, https:\/\/nutrident.fr\/wp-content\/uploads\/2022\/08\/invisalign-jeune-femme-254x170.jpg 254w, https:\/\/nutrident.fr\/wp-content\/uploads\/2022\/08\/invisalign-jeune-femme.jpg 2000w\" sizes=\"(max-width: 300px) 100vw, 300px\" \/><figcaption>Invisalign Lite es adecuado para los casos m\u00e1s leves <\/figcaption><\/figure><\/div>\n\n\n<p>Invisalign ha revolucionado el mundo de la ortodoncia gracias a sus <a href=\"https:\/\/nutrident.fr\/es\/ortodoncia\/invisalign\/alternativas\/\" data-type=\"URL\" data-id=\"https:\/\/nutrident.fr\/es\/ortodoncia\/invisalign\/alternativas\/\" target=\"_blank\" rel=\"noreferrer noopener\">alineadores transparentes<\/a> que representan una<strong> alternativa mucho m\u00e1s discreta <\/strong>a los antiest\u00e9ticos e inc\u00f3modos aparatos met\u00e1licos de ortodoncia.<\/p>\n\n\n\n<p>Existen varios tipos de tratamiento Invisalign dependiendo de la gravedad de los problemas ortod\u00f3nticos. Invisalign Lite es el m\u00e1s adecuado<strong> para aquellas personas que tienen peque\u00f1os problemas<\/strong> de alineamiento, dientes torcidos o diastemas (espacios interdentales).<\/p>\n\n\n\n<p>En este art\u00edculo, te explicamos en qu\u00e9 consiste Invisalign Lite, cu\u00e1les son sus ventajas y c\u00f3mo elegir entre este y otros tratamientos de la misma marca.<\/p>\n\n\n\n<div id=\"ez-toc-container\" class=\"ez-toc-v2_0_33_2 counter-hierarchy ez-toc-counter ez-toc-white ez-toc-container-direction\">\n<div class=\"ez-toc-title-container\">\n<p class=\"ez-toc-title\">Contenus<\/p>\n<span class=\"ez-toc-title-toggle\"><a href=\"#\" class=\"ez-toc-pull-right ez-toc-btn ez-toc-btn-xs ez-toc-btn-default ez-toc-toggle\" style=\"display: none;\"><label for=\"item\" aria-label=\"Tabla de contenidos\"><i class=\"ez-toc-glyphicon ez-toc-icon-toggle\"><\/i><\/label><input type=\"checkbox\" id=\"item\"><\/a><\/span><\/div>\n<nav><ul class='ez-toc-list ez-toc-list-level-1'><li class='ez-toc-page-1 ez-toc-heading-level-2'><a class=\"ez-toc-link ez-toc-heading-1\" href=\"https:\/\/nutrident.fr\/es\/ortodoncia\/invisalign\/lite\/#%C2%BFQue_es_Invisalign_Lite\" title=\"\u00bfQu\u00e9 es Invisalign Lite?  \">\u00bfQu\u00e9 es Invisalign Lite?  <\/a><\/li><li class='ez-toc-page-1 ez-toc-heading-level-2'><a class=\"ez-toc-link ez-toc-heading-2\" href=\"https:\/\/nutrident.fr\/es\/ortodoncia\/invisalign\/lite\/#%C2%BFComo_elegir_entre_Invisalign_Lite_e_Invisalign_Full\" title=\"\u00bfC\u00f3mo elegir entre Invisalign Lite e Invisalign Full?  \">\u00bfC\u00f3mo elegir entre Invisalign Lite e Invisalign Full?  <\/a><\/li><li class='ez-toc-page-1 ez-toc-heading-level-2'><a class=\"ez-toc-link ez-toc-heading-3\" href=\"https:\/\/nutrident.fr\/es\/ortodoncia\/invisalign\/lite\/#%C2%BFCuanto_cuesta_Invisalign_Lite\" title=\"\u00bfCu\u00e1nto cuesta Invisalign Lite?  \">\u00bfCu\u00e1nto cuesta Invisalign Lite?  <\/a><\/li><li class='ez-toc-page-1 ez-toc-heading-level-2'><a class=\"ez-toc-link ez-toc-heading-4\" href=\"https:\/\/nutrident.fr\/es\/ortodoncia\/invisalign\/lite\/#%C2%BFCuales_son_las_alternativas_a_Invisalign_Lite\" title=\"\u00bfCu\u00e1les son las alternativas a Invisalign Lite?  \">\u00bfCu\u00e1les son las alternativas a Invisalign Lite?  <\/a><\/li><\/ul><\/nav><\/div>\n<h2><span class=\"ez-toc-section\" id=\"%C2%BFQue_es_Invisalign_Lite\"><\/span>\u00bfQu\u00e9 es Invisalign Lite?  <span class=\"ez-toc-section-end\"><\/span><\/h2>\n\n\n\n<p>Invisalign es un tratamiento de ortodoncia para los adultos que no quieren llevar brackets (para los adolescentes, deber\u00edas echarle un vistazo a la versi\u00f3n <a href=\"https:\/\/nutrident.fr\/es\/?page_id=16773\">Invisalign Teen<\/a>). Lite es la versi\u00f3n del tratamiento para personas con <strong>problemas ortod\u00f3nticos relativamente leves<\/strong>. Para las patolog\u00edas m\u00e1s graves, debe usarse <a href=\"https:\/\/nutrident.fr\/es\/?page_id=16766\">la versi\u00f3n Invisalign Full<\/a>.<\/p>\n\n\n\n<p>Si tu dentista considera que Invisalign Lite es el tratamiento adecuado para ti, el siguiente paso ser\u00e1 tomar fotos e impresiones de tus maxilares y tu dentadura, con el fin de fabricar los alineadores necesarios para el tratamiento. Estas f\u00e9rulas son <strong>transparentes y casi no se notan<\/strong>, excepto cuando se est\u00e1 muy cerca de la persona que los lleva.<\/p>\n\n\n\n<p>Las f\u00e9rulas<strong> son extra\u00edbles<\/strong>, lo cual es muy conveniente y c\u00f3modo. Te las debes quitar para comer y para cepillarte los dientes, pero tambi\u00e9n puedes decidir no usarlas en casos excepcionales, por ejemplo si tienes una cita importante y no quieres que se noten. No obstante, ten en cuenta que los alineadores <strong>se<\/strong> <strong>deben usar durante 22 horas<\/strong> al d\u00eda para que funcionen.<\/p>\n\n\n\n<p>Cada quince d\u00edas <strong>cambiar\u00e1s los alineadores por un juego nuevo<\/strong>, ya que est\u00e1n dise\u00f1ados para seguir la evoluci\u00f3n de sus dientes. Cada 6 u 8 semanas visitar\u00e1s al dentista para asegurarte de que est\u00e1s progresando seg\u00fan lo previsto.<\/p>\n\n\n\n<h2><span class=\"ez-toc-section\" id=\"%C2%BFComo_elegir_entre_Invisalign_Lite_e_Invisalign_Full\"><\/span>\u00bfC\u00f3mo elegir entre Invisalign Lite e Invisalign Full?  <span class=\"ez-toc-section-end\"><\/span><\/h2>\n\n\n\n<p>La elecci\u00f3n entre Invisalign Lite e Invisalign Full la realiza el dentista. Invisalign Full se utiliza para los problemas m\u00e1s severos, mientras que Invisalign Lite es adecuado <strong>solo si tienes desalineaciones menores<\/strong>.<\/p>\n\n\n<div class=\"wp-block-image\">\n<figure class=\"alignright size-medium\"><img width=\"300\" height=\"200\" src=\"https:\/\/nutrident.fr\/wp-content\/uploads\/2022\/08\/dentiste-invisalign-300x200.jpg\" alt=\"Dentista Invisalign  \" class=\"wp-image-14392\" srcset=\"https:\/\/nutrident.fr\/wp-content\/uploads\/2022\/08\/dentiste-invisalign-300x200.jpg 300w, https:\/\/nutrident.fr\/wp-content\/uploads\/2022\/08\/dentiste-invisalign-768x513.jpg 768w, https:\/\/nutrident.fr\/wp-content\/uploads\/2022\/08\/dentiste-invisalign-254x170.jpg 254w, https:\/\/nutrident.fr\/wp-content\/uploads\/2022\/08\/dentiste-invisalign.jpg 1000w\" sizes=\"(max-width: 300px) 100vw, 300px\" \/><figcaption>Tu ortodoncista te indicar\u00e1 cu\u00e1l es el mejor tratamiento para ti<\/figcaption><\/figure><\/div>\n\n\n<p>La diferencia entre los dos procedimientos radica principalmente en el <strong>tiempo del tratamiento<\/strong>, que es mucho m\u00e1s corto en el caso de Invisalign Lite. La versi\u00f3n Full suele durar de 6 a 24 meses, mientras que <strong>Lite raramente dura m\u00e1s de 6 meses<\/strong>.<\/p>\n\n\n\n<p>En ambos casos, las ventajas son las mismas:<\/p>\n\n\n\n<ul><li><strong>Discreci\u00f3n absoluta<\/strong> gracias a la transparencia de los alineadores y al hecho de que no utilizan ning\u00fan tipo de pieza met\u00e1lica.<\/li><li><strong>Comodidad incomparable<\/strong> por varias razones: no lastiman el interior de las mejillas y los labios, te los quitas para comer y para cepillarte los dientes, y no son dolorosos, a diferencia de los brackets que ejercen m\u00e1s presi\u00f3n.<\/li><li>La <strong>higiene dental es m\u00e1s f\u00e1cil<\/strong> y mejor, mientras que en los brackets suelen atascarse trozos de comida que pueden provocar caries.<\/li><\/ul>\n\n\n\n<h2><span class=\"ez-toc-section\" id=\"%C2%BFCuanto_cuesta_Invisalign_Lite\"><\/span>\u00bfCu\u00e1nto cuesta Invisalign Lite?  <span class=\"ez-toc-section-end\"><\/span><\/h2>\n\n\n\n<p>Como todos los tratamientos de ortodoncia, Invisalign Lite no est\u00e1 cubierto por la seguridad social. Sin embargo, debes consultar con tu seguro dental para saber si este cubre una parte del tratamiento. El precio de Invisalign Lite suele estar <strong>entre los 1.500 y los 2.500 euros<\/strong>.<\/p>\n\n\n\n<h2><span class=\"ez-toc-section\" id=\"%C2%BFCuales_son_las_alternativas_a_Invisalign_Lite\"><\/span>\u00bfCu\u00e1les son las alternativas a Invisalign Lite?  <span class=\"ez-toc-section-end\"><\/span><\/h2>\n\n\n\n<p>Si solo tienes una ligera malposici\u00f3n dental, <strong>puedes utilizar sin problemas uno de los competidores<\/strong> de Invisalign. La marca alemana <a href=\"https:\/\/nutrident.fr\/es\/ortodoncia\/drsmile-opiniones\/\" target=\"_blank\" data-type=\"page\" rel=\"noreferrer noopener\">DrSmile<\/a> ofrece<strong> <\/strong>alineadores transparentes que funcionan seg\u00fan el mismo principio que Invisalign pero por un <strong>precio mucho m\u00e1s asequible<\/strong>.<\/p>\n\n\n\n<p>Para saber si puedes usar DrSmile, no dudes en pedir una cita en una de sus cl\u00ednicas: <\/p>\n\n\n\n<div class=\"wp-container-1 is-content-justification-center wp-block-buttons\">\n<div class=\"wp-block-button\"><a class=\"wp-block-button__link has-white-color has-vivid-cyan-blue-background-color has-text-color has-background\" href=\"https:\/\/tidd.ly\/3NXzapN\" target=\"_blank\" rel=\"noopener\">Encuentra un ortodoncista DrSmile cerca de ti<\/a><\/div>\n<\/div>\n<div class=\"article-data before-content\"><div class=\"article-data__date\"><div class=\"article-data__date-modified\"><time class=\"published\" datetime=\"2022-10-28T10:30:50+00:00\">This article was originally published on&nbsp;<span class=\"2\">octubre 28, 2022<\/span>&nbsp;and was most recently updated on&nbsp;<span>junio 13, 2023<\/span><\/time><br><\/div><\/div><\/div><div class=\"user-info\">    <div class=\"user-info__body\">\r\n      <div class=\"user-info__caption\"><span>Contributors:<\/span><\/div>\r\n\t\t\t        <div class=\"user-info__wrap \">\r\n          <div class=\"user-info__data\">\r\n            <div class=\"user-info__data__info\">\r\n              <div class=\"photo\">\r\n\t\t\t\t\t\t\t\t<img width=\"66\" height=\"61\" src=\"https:\/\/nutrident.fr\/wp-content\/uploads\/2023\/06\/unnamed-66x61.jpg\" class=\"attachment-profileImageAuthor size-profileImageAuthor wp-post-image\" alt=\"Dr Abel Jes\u00fas Pederzoli\" loading=\"lazy\" srcset=\"https:\/\/nutrident.fr\/wp-content\/uploads\/2023\/06\/unnamed-66x61.jpg 66w, https:\/\/nutrident.fr\/wp-content\/uploads\/2023\/06\/unnamed-300x279.jpg 300w, https:\/\/nutrident.fr\/wp-content\/uploads\/2023\/06\/unnamed-1024x952.jpg 1024w, https:\/\/nutrident.fr\/wp-content\/uploads\/2023\/06\/unnamed-768x714.jpg 768w, https:\/\/nutrident.fr\/wp-content\/uploads\/2023\/06\/unnamed-204x190.jpg 204w, https:\/\/nutrident.fr\/wp-content\/uploads\/2023\/06\/unnamed-120x112.jpg 120w, https:\/\/nutrident.fr\/wp-content\/uploads\/2023\/06\/unnamed.jpg 1125w\" sizes=\"(max-width: 66px) 100vw, 66px\" \/>              <\/div>\r\n              <a href=\"https:\/\/nutrident.fr\/es\/author\/dr-abel-jesus-pederzoli\/\" class=\"name\">Dr Abel Jes\u00fas Pederzoli<\/a>\r\n            <\/div>\r\n            <div class=\"user-info__data__social\">\r\n\t\t\t\t\t\t\t\t\t\t\t\t\t\t\t\t\t\t\t\t\t          <a href=\"https:\/\/clinicaleixample.es\/\"\r\n             class=\"soc-item website\">website<\/a>\r\n\t\t\t\t          <a href=\"http:\/\/linkedin.com\/in\/abel-jes%C3%BAs-pederzoli\"\r\n             class=\"soc-item linkedin\">linkedin<\/a>\r\n\t\t\t\t            <\/div>\r\n          <\/div>\r\n          <div class=\"user-info__description\">\r\n\t\t\t\t\t\t\t\t\t\t\t\t\t<p>Con t\u00edtulos obtenidos en la Facultad de Odontolog\u00eda de la Universidad Nacional de La Plata y una participaci\u00f3n activa en congresos y jornadas, el Dr. Pederzoli se mantiene actualizado en las \u00faltimas t\u00e9cnicas y avances en odontolog\u00eda. Actualmente se encuentra desarrollando un proyecto de consultor\u00eda tecnol\u00f3gica aplicada a cl\u00ednicas dentales.<\/p>\n\t\t\t\t\t\t          <\/div>\r\n        <\/div>\r\n\t\t\t\t    <\/div>\r\n\t<\/div><!--copyscapeskip--><div class=\"medical_references\"><div class=\"medical_references__heading\"><span>Fuentes M\u00e9dicas<\/span><\/div><div class=\"medical_references__list\"><p><strong>Alineadores invisibles: Invisalign \u2013 Revisi\u00f3n bibliogr\u00e1fica<\/strong>:\u00a0<a href=\"https:\/\/www.ortodoncia.ws\/publicaciones\/2018\/art-13\/\" target=\"_blank\" rel=\"noopener\">https:\/\/www.ortodoncia.ws\/publicaciones\/2018\/art-13\/<\/a><\/p>\n<\/div><\/div><!--\/copyscapeskip-->","protected":false},"excerpt":{"rendered":"<p>Contributor:&nbsp; Dr Abel Jes\u00fas Pederzoli Updated:&nbsp;junio 13, 2023 Invisalign ha revolucionado el mundo de la ortodoncia gracias a sus alineadores transparentes que representan una alternativa mucho m\u00e1s discreta a los antiest\u00e9ticos e inc\u00f3modos aparatos met\u00e1licos de ortodoncia. Existen varios tipos de tratamiento Invisalign dependiendo de la gravedad de los problemas ortod\u00f3nticos. Invisalign Lite es el [&hellip;]<\/p>\n","protected":false},"author":2,"featured_media":19646,"parent":17047,"menu_order":0,"comment_status":"closed","ping_status":"open","template":"","meta":{"inline_featured_image":false},"acf":[],"_links":{"self":[{"href":"https:\/\/nutrident.fr\/es\/wp-json\/wp\/v2\/pages\/16782"}],"collection":[{"href":"https:\/\/nutrident.fr\/es\/wp-json\/wp\/v2\/pages"}],"about":[{"href":"https:\/\/nutrident.fr\/es\/wp-json\/wp\/v2\/types\/page"}],"author":[{"embeddable":true,"href":"https:\/\/nutrident.fr\/es\/wp-json\/wp\/v2\/users\/2"}],"replies":[{"embeddable":true,"href":"https:\/\/nutrident.fr\/es\/wp-json\/wp\/v2\/comments?post=16782"}],"version-history":[{"count":15,"href":"https:\/\/nutrident.fr\/es\/wp-json\/wp\/v2\/pages\/16782\/revisions"}],"predecessor-version":[{"id":21905,"href":"https:\/\/nutrident.fr\/es\/wp-json\/wp\/v2\/pages\/16782\/revisions\/21905"}],"up":[{"embeddable":true,"href":"https:\/\/nutrident.fr\/es\/wp-json\/wp\/v2\/pages\/17047"}],"wp:featuredmedia":[{"embeddable":true,"href":"https:\/\/nutrident.fr\/es\/wp-json\/wp\/v2\/media\/19646"}],"wp:attachment":[{"href":"https:\/\/nutrident.fr\/es\/wp-json\/wp\/v2\/media?parent=16782"}],"curies":[{"name":"wp","href":"https:\/\/api.w.org\/{rel}","templated":true}]}}