

{"id":16786,"date":"2022-10-27T17:30:39","date_gmt":"2022-10-27T17:30:39","guid":{"rendered":"https:\/\/nutrident.fr\/?page_id=16786"},"modified":"2023-06-13T10:38:33","modified_gmt":"2023-06-13T10:38:33","slug":"que-debe-saber-sobre-el-postoperatorio-de-los-implantes-dentales","status":"publish","type":"page","link":"https:\/\/nutrident.fr\/es\/que-debe-saber-sobre-el-postoperatorio-de-los-implantes-dentales\/","title":{"rendered":"\u00bfQu\u00e9 debes saber sobre el postoperatorio de los implantes dentales?"},"content":{"rendered":"<div class=\"meta\"><div class=\"meta__users\">    <div class=\"meta__users__reviewed\">\r\n      <p class=\"meta__users__caption\">Contributor:&nbsp;<\/p>\r\n      <div class=\"users\">\r\n        <span class=\"users__user\">\r\n          <a href=\"#\">Dr Abel Jes\u00fas Pederzoli<\/a>\r\n        <\/span>\r\n      <\/div>\r\n    <\/div>\r\n\t<\/div><div class=\"meta__date-modified\">Updated:&nbsp;<span>junio 13, 2023<\/span><\/div><\/div><div class=\"wp-block-image\">\n<figure class=\"alignright size-large is-resized\"><img src=\"https:\/\/nutrident.fr\/wp-content\/uploads\/2020\/10\/jonathan-borba-W9YEY6G8LVM-unsplash-1-1024x683.jpg\" alt=\"postoperatorio de los implantes dentales\" class=\"wp-image-9953\" width=\"300\" height=\"200\" srcset=\"https:\/\/nutrident.fr\/wp-content\/uploads\/2020\/10\/jonathan-borba-W9YEY6G8LVM-unsplash-1-1024x683.jpg 1024w, https:\/\/nutrident.fr\/wp-content\/uploads\/2020\/10\/jonathan-borba-W9YEY6G8LVM-unsplash-1-300x200.jpg 300w, https:\/\/nutrident.fr\/wp-content\/uploads\/2020\/10\/jonathan-borba-W9YEY6G8LVM-unsplash-1-768x512.jpg 768w, https:\/\/nutrident.fr\/wp-content\/uploads\/2020\/10\/jonathan-borba-W9YEY6G8LVM-unsplash-1-1080x720.jpg 1080w, https:\/\/nutrident.fr\/wp-content\/uploads\/2020\/10\/jonathan-borba-W9YEY6G8LVM-unsplash-1-980x653.jpg 980w, https:\/\/nutrident.fr\/wp-content\/uploads\/2020\/10\/jonathan-borba-W9YEY6G8LVM-unsplash-1-480x320.jpg 480w, https:\/\/nutrident.fr\/wp-content\/uploads\/2020\/10\/jonathan-borba-W9YEY6G8LVM-unsplash-1.jpg 1200w\" sizes=\"(max-width: 300px) 100vw, 300px\" \/><\/figure><\/div>\n\n\n<p>En las \u00faltimas d\u00e9cadas, los instrumentos y anest\u00e9sicos utilizados por los dentistas han progresado significativamente, lo que ha hecho que el procedimiento de implantes dentales sea menos doloroso y requiera menos tiempo. Sin embargo, el traumatismo en el tejido sigue siendo importante y puedes sufrir algunos efectos secundarios. <\/p>\n\n\n\n<p>En este art\u00edculo, hablaremos sobre lo que puedes esperar despu\u00e9s de la cirug\u00eda de implantes dentales y los cuidados que debes tener en cuenta.<\/p>\n\n\n\n<h2>\u00bfCu\u00e1les son los s\u00edntomas postoperatorios de los implantes dentales?<\/h2>\n\n\n\n<p>No todos somos iguales en lo que respecta al dolor y a la velocidad de curaci\u00f3n, por lo que cada paciente reacciona de forma diferente a la cirug\u00eda de <a href=\"https:\/\/nutrident.fr\/es\/implantes-dentales\/\" data-type=\"URL\" data-id=\"https:\/\/nutrident.fr\/es\/implantes-dentales\/\" target=\"_blank\" rel=\"noreferrer noopener\">implantes dentales<\/a>. Estos son los s\u00edntomas que puedes experimentar tras una intervenci\u00f3n de este tipo.<\/p>\n\n\n\n<h3>Dolor<\/h3>\n\n\n\n<p>La idea generalmente asociada con los dentistas es el dolor, que var\u00eda seg\u00fan la sensibilidad natural y el nivel de estr\u00e9s del paciente. El dolor se siente <strong>en la zona de la operaci\u00f3n<\/strong>, pero puede extenderse a los maxilares si has tenido que mantener la boca abierta durante mucho tiempo, as\u00ed como a los labios, que pueden estar parcialmente resecos. El dolor de cabeza tambi\u00e9n es un efecto secundario com\u00fan.<\/p>\n\n\n\n<p>El dentista te recetar\u00e1 <strong>analg\u00e9sicos<\/strong> <strong>para aliviar el dolor<\/strong> y, en algunos casos, antibi\u00f3ticos si hay riesgo de infecci\u00f3n.<\/p>\n\n\n\n<h3>Hinchaz\u00f3n<\/h3>\n\n\n\n<p>Es normal experimentar hinchaz\u00f3n, ya que los tejidos han sido traumatizados. Puedes aplicar una <strong>bolsa de hielo en la mejilla<\/strong>, a la altura de la inflamaci\u00f3n, para disminuir el dolor y la inflamaci\u00f3n. Por lo general, la hinchaz\u00f3n deber\u00eda remitir en un plazo de 24 a 48 horas despu\u00e9s de la operaci\u00f3n.<\/p>\n\n\n\n<h3>Sangrado<\/h3>\n\n\n\n<p>Es posible que experimentes alguna hemorragia en las 24 horas siguientes a la intervenci\u00f3n. Si el sangrado persiste despu\u00e9s de este plazo, ponte en contacto con tu dentista para que te aconseje sobre qu\u00e9 hacer.<\/p>\n\n\n\n<h3>Moretones<\/h3>\n\n\n\n<p>Los hematomas aparecen uno o dos d\u00edas despu\u00e9s de la cirug\u00eda, debido al aumento de la presi\u00f3n sangu\u00ednea. En este caso, se recomienda aplicar una <strong>compresa<\/strong> <strong>caliente<\/strong> que reactivar\u00e1 la circulaci\u00f3n sangu\u00ednea y har\u00e1 desaparecer el hematoma.<\/p>\n\n\n\n<h2>\u00bfQu\u00e9 debo tener en cuenta despu\u00e9s de una cirug\u00eda de implantes dentales?<\/h2>\n\n\n\n<h3>Higiene bucal<\/h3>\n\n\n<div class=\"wp-block-image\">\n<figure class=\"alignright size-full is-resized\"><img src=\"https:\/\/nutrident.fr\/wp-content\/uploads\/2022\/10\/Riesgos-de-los-implantes.jpg\" alt=\"despues de la cirugia de implantes dentales\" class=\"wp-image-16504\" width=\"300\" height=\"200\"\/><\/figure><\/div>\n\n\n<p>Durante la cirug\u00eda de implantes dentales, algunos tejidos quedan expuestos y es importante mantenerlos libres de infecciones. El dentista aplicar\u00e1 un <strong>tratamiento<\/strong> <strong>antis\u00e9ptico <\/strong>y, en algunos casos, puede recetar medicamentos para prevenir una infecci\u00f3n.<\/p>\n\n\n\n<p>Debes <a href=\"https:\/\/nutrident.fr\/es\/cepillarse-correctamente-los-dientes\/\" target=\"_blank\" data-type=\"URL\" data-id=\"https:\/\/nutrident.fr\/es\/cepillarse-correctamente-los-dientes\/\" rel=\"noreferrer noopener\">cepillarte los dientes<\/a> con normalidad, evitando la zona afectada por el dolor, y usar un <strong>enjuague bucal antis\u00e9ptico<\/strong> recetado por el dentista.<\/p>\n\n\n\n<h3>Alimentos<\/h3>\n\n\n\n<p>Los alimentos s\u00f3lidos que deben ser triturados y masticados pueden hacerte da\u00f1o. Lo m\u00e1s recomendable es <strong>seguir una dieta blanda<\/strong> durante unos d\u00edas.<\/p>\n\n\n\n<h3>No fumar<\/h3>\n\n\n\n<p><a href=\"https:\/\/nutrident.fr\/es\/tabaco\/\">Fumar<\/a> despu\u00e9s de una cirug\u00eda dental supone un gran riesgo. Al fumar, se libera un calor que puede \u00abcocinar\u00bb los tejidos vivos. Si la temperatura es demasiado alta, <strong>se puede producir una necrosis <\/strong>que impide la curaci\u00f3n y tambi\u00e9n es muy dolorosa.<\/p>\n\n\n\n<p>Adem\u00e1s, el tabaco y sus componentes qu\u00edmicos, como la nicotina y los alquitranes, <strong>pueden provocar infecciones<\/strong> que superar\u00e1n con creces los pocos minutos de placer que se obtienen al fumar un cigarrillo. Por lo tanto, es importante que evites fumar despu\u00e9s de una cirug\u00eda dental como la de los implantes dentales para prevenir complicaciones.<\/p>\n\n\n\n<h3>Instrucciones para sonarse la nariz<\/h3>\n\n\n\n<p>Si la operaci\u00f3n est\u00e1 muy cerca de los senos paranasales, es posible que tengas que sonarte la nariz con frecuencia. Sin embargo, es importante <strong>evitar hacerlo con fuerza<\/strong>, especialmente si te has sometido a un injerto \u00f3seo en el seno maxilar, ya que un simple estornudo podr\u00eda mover el injerto. <\/p>\n\n\n\n<p>En unos d\u00edas, todo deber\u00eda volver a la normalidad y podr\u00e1s disfrutar de una sonrisa bonita y brillante.<\/p>\n<div class=\"article-data before-content\"><div class=\"article-data__date\"><div class=\"article-data__date-modified\"><time class=\"published\" datetime=\"2022-10-27T17:30:39+00:00\">This article was originally published on&nbsp;<span class=\"2\">octubre 27, 2022<\/span>&nbsp;and was most recently updated on&nbsp;<span>junio 13, 2023<\/span><\/time><br><\/div><\/div><\/div><div class=\"user-info\">    <div class=\"user-info__body\">\r\n      <div class=\"user-info__caption\"><span>Contributors:<\/span><\/div>\r\n\t\t\t        <div class=\"user-info__wrap \">\r\n          <div class=\"user-info__data\">\r\n            <div class=\"user-info__data__info\">\r\n              <div class=\"photo\">\r\n\t\t\t\t\t\t\t\t<img width=\"66\" height=\"61\" src=\"https:\/\/nutrident.fr\/wp-content\/uploads\/2023\/06\/unnamed-66x61.jpg\" class=\"attachment-profileImageAuthor size-profileImageAuthor wp-post-image\" alt=\"Dr Abel Jes\u00fas Pederzoli\" loading=\"lazy\" srcset=\"https:\/\/nutrident.fr\/wp-content\/uploads\/2023\/06\/unnamed-66x61.jpg 66w, https:\/\/nutrident.fr\/wp-content\/uploads\/2023\/06\/unnamed-300x279.jpg 300w, https:\/\/nutrident.fr\/wp-content\/uploads\/2023\/06\/unnamed-1024x952.jpg 1024w, https:\/\/nutrident.fr\/wp-content\/uploads\/2023\/06\/unnamed-768x714.jpg 768w, https:\/\/nutrident.fr\/wp-content\/uploads\/2023\/06\/unnamed-204x190.jpg 204w, https:\/\/nutrident.fr\/wp-content\/uploads\/2023\/06\/unnamed-120x112.jpg 120w, https:\/\/nutrident.fr\/wp-content\/uploads\/2023\/06\/unnamed.jpg 1125w\" sizes=\"(max-width: 66px) 100vw, 66px\" \/>              <\/div>\r\n              <a href=\"https:\/\/nutrident.fr\/es\/author\/dr-abel-jesus-pederzoli\/\" class=\"name\">Dr Abel Jes\u00fas Pederzoli<\/a>\r\n            <\/div>\r\n            <div class=\"user-info__data__social\">\r\n\t\t\t\t\t\t\t\t\t\t\t\t\t\t\t\t\t\t\t\t\t          <a href=\"https:\/\/clinicaleixample.es\/\"\r\n             class=\"soc-item website\">website<\/a>\r\n\t\t\t\t          <a href=\"http:\/\/linkedin.com\/in\/abel-jes%C3%BAs-pederzoli\"\r\n             class=\"soc-item linkedin\">linkedin<\/a>\r\n\t\t\t\t            <\/div>\r\n          <\/div>\r\n          <div class=\"user-info__description\">\r\n\t\t\t\t\t\t\t\t\t\t\t\t\t<p>Con t\u00edtulos obtenidos en la Facultad de Odontolog\u00eda de la Universidad Nacional de La Plata y una participaci\u00f3n activa en congresos y jornadas, el Dr. Pederzoli se mantiene actualizado en las \u00faltimas t\u00e9cnicas y avances en odontolog\u00eda. Actualmente se encuentra desarrollando un proyecto de consultor\u00eda tecnol\u00f3gica aplicada a cl\u00ednicas dentales.<\/p>\n\t\t\t\t\t\t          <\/div>\r\n        <\/div>\r\n\t\t\t\t    <\/div>\r\n\t<\/div><!--copyscapeskip--><div class=\"medical_references\"><div class=\"medical_references__heading\"><span>Fuentes M\u00e9dicas<\/span><\/div><div class=\"medical_references__list\"><p><strong>Bupa:<\/strong> <a href=\"https:\/\/www.bupa.co.uk\/dental\/dental-care\/treatments\/dental-implants\/what-to-expect\/implant-aftercare\" target=\"_blank\" rel=\"noopener\">Dental implant aftercare<\/a>. Consultado el 27 de febrero de 2023.<\/p>\n<\/div><\/div><!--\/copyscapeskip-->","protected":false},"excerpt":{"rendered":"<p>Contributor:&nbsp; Dr Abel Jes\u00fas Pederzoli Updated:&nbsp;junio 13, 2023 En las \u00faltimas d\u00e9cadas, los instrumentos y anest\u00e9sicos utilizados por los dentistas han progresado significativamente, lo que ha hecho que el procedimiento de implantes dentales sea menos doloroso y requiera menos tiempo. Sin embargo, el traumatismo en el tejido sigue siendo importante y puedes sufrir algunos efectos [&hellip;]<\/p>\n","protected":false},"author":2,"featured_media":16787,"parent":0,"menu_order":0,"comment_status":"open","ping_status":"open","template":"","meta":{"inline_featured_image":false},"acf":[],"_links":{"self":[{"href":"https:\/\/nutrident.fr\/es\/wp-json\/wp\/v2\/pages\/16786"}],"collection":[{"href":"https:\/\/nutrident.fr\/es\/wp-json\/wp\/v2\/pages"}],"about":[{"href":"https:\/\/nutrident.fr\/es\/wp-json\/wp\/v2\/types\/page"}],"author":[{"embeddable":true,"href":"https:\/\/nutrident.fr\/es\/wp-json\/wp\/v2\/users\/2"}],"replies":[{"embeddable":true,"href":"https:\/\/nutrident.fr\/es\/wp-json\/wp\/v2\/comments?post=16786"}],"version-history":[{"count":11,"href":"https:\/\/nutrident.fr\/es\/wp-json\/wp\/v2\/pages\/16786\/revisions"}],"predecessor-version":[{"id":21955,"href":"https:\/\/nutrident.fr\/es\/wp-json\/wp\/v2\/pages\/16786\/revisions\/21955"}],"wp:featuredmedia":[{"embeddable":true,"href":"https:\/\/nutrident.fr\/es\/wp-json\/wp\/v2\/media\/16787"}],"wp:attachment":[{"href":"https:\/\/nutrident.fr\/es\/wp-json\/wp\/v2\/media?parent=16786"}],"curies":[{"name":"wp","href":"https:\/\/api.w.org\/{rel}","templated":true}]}}