

{"id":16789,"date":"2022-10-27T17:29:35","date_gmt":"2022-10-27T17:29:35","guid":{"rendered":"https:\/\/nutrident.fr\/?page_id=16789"},"modified":"2023-06-13T10:39:42","modified_gmt":"2023-06-13T10:39:42","slug":"rehacer-los-dientes-que-tratamientos-esteticos-elegir","status":"publish","type":"page","link":"https:\/\/nutrident.fr\/es\/rehacer-los-dientes-que-tratamientos-esteticos-elegir\/","title":{"rendered":"Restauraci\u00f3n dental: \u00bfqu\u00e9 tratamiento es el mejor para ti?"},"content":{"rendered":"<div class=\"meta\"><div class=\"meta__users\">    <div class=\"meta__users__reviewed\">\r\n      <p class=\"meta__users__caption\">Contributor:&nbsp;<\/p>\r\n      <div class=\"users\">\r\n        <span class=\"users__user\">\r\n          <a href=\"#\">Dr Abel Jes\u00fas Pederzoli<\/a>\r\n        <\/span>\r\n      <\/div>\r\n    <\/div>\r\n\t<\/div><div class=\"meta__date-modified\">Updated:&nbsp;<span>junio 13, 2023<\/span><\/div><\/div><div class=\"wp-block-image wp-image-7652\">\n<figure class=\"alignright\"><img width=\"300\" height=\"200\" src=\"https:\/\/nutrident.fr\/wp-content\/uploads\/2020\/04\/pexels-nappy-2531353-300x200.jpg\" alt=\"reconstrucci\u00f3n dental\" class=\"wp-image-7652\" srcset=\"https:\/\/nutrident.fr\/wp-content\/uploads\/2020\/04\/pexels-nappy-2531353-300x200.jpg 300w, https:\/\/nutrident.fr\/wp-content\/uploads\/2020\/04\/pexels-nappy-2531353-1024x683.jpg 1024w, https:\/\/nutrident.fr\/wp-content\/uploads\/2020\/04\/pexels-nappy-2531353-768x512.jpg 768w, https:\/\/nutrident.fr\/wp-content\/uploads\/2020\/04\/pexels-nappy-2531353-1536x1024.jpg 1536w, https:\/\/nutrident.fr\/wp-content\/uploads\/2020\/04\/pexels-nappy-2531353-2048x1365.jpg 2048w, https:\/\/nutrident.fr\/wp-content\/uploads\/2020\/04\/pexels-nappy-2531353-1080x720.jpg 1080w, https:\/\/nutrident.fr\/wp-content\/uploads\/2020\/04\/pexels-nappy-2531353-1280x854.jpg 1280w, https:\/\/nutrident.fr\/wp-content\/uploads\/2020\/04\/pexels-nappy-2531353-980x653.jpg 980w, https:\/\/nutrident.fr\/wp-content\/uploads\/2020\/04\/pexels-nappy-2531353-480x320.jpg 480w\" sizes=\"(max-width: 300px) 100vw, 300px\" \/><figcaption>\u00a1Hay muchas maneras de conseguir una sonrisa de estrella!<\/figcaption><\/figure><\/div>\n\n\n<p>Tener los dientes da\u00f1ados, mal colocados, agrietados o manchados puede ser una fuente de complejos y de p\u00e9rdida de confianza en s\u00ed mismo. Pero no es solo una cuesti\u00f3n de est\u00e9tica, <strong>los dientes da\u00f1ados pierden su funci\u00f3n<\/strong>: la masticaci\u00f3n se vuelve ineficaz o inc\u00f3moda y pueden aparecer problemas en el habla. Por eso, hacer una revisi\u00f3n de los dientes es una necesidad.<\/p>\n\n\n\n<p>Muchas personas anhelan tener dientes impecables, una sonrisa equilibrada y la capacidad de masticar c\u00f3modamente. Sin embargo, cuando escuchan acerca del coste y la complejidad de los diversos tratamientos dentales, as\u00ed como los posibles riesgos y complicaciones, pueden sentirse reacios a tomar medidas.<\/p>\n\n\n\n<p>Hoy en d\u00eda, existe una <strong>variedad de t\u00e9cnicas de reconstrucci\u00f3n dental<\/strong>, cada una m\u00e1s sofisticada que la anterior, para restaurar total o parcialmente los dientes de una persona. El \u00fanico obst\u00e1culo real es su coste, que suele ser bastante elevado.<\/p>\n\n\n\n<p>En este art\u00edculo, <a href=\"https:\/\/nutrident.fr\/es\/\">Nutrident<\/a> ha compilado una lista de procedimientos para la restauraci\u00f3n dental, as\u00ed como sus indicaciones y precios aproximados, para que te hagas una idea general de las opciones disponibles.<\/p>\n\n\n\n<div id=\"ez-toc-container\" class=\"ez-toc-v2_0_33_2 counter-hierarchy ez-toc-counter ez-toc-white ez-toc-container-direction\">\n<div class=\"ez-toc-title-container\">\n<p class=\"ez-toc-title\">Contenus<\/p>\n<span class=\"ez-toc-title-toggle\"><a href=\"#\" class=\"ez-toc-pull-right ez-toc-btn ez-toc-btn-xs ez-toc-btn-default ez-toc-toggle\" style=\"display: none;\"><label for=\"item\" aria-label=\"Tabla de contenidos\"><i class=\"ez-toc-glyphicon ez-toc-icon-toggle\"><\/i><\/label><input type=\"checkbox\" id=\"item\"><\/a><\/span><\/div>\n<nav><ul class='ez-toc-list ez-toc-list-level-1'><li class='ez-toc-page-1 ez-toc-heading-level-2'><a class=\"ez-toc-link ez-toc-heading-1\" href=\"https:\/\/nutrident.fr\/es\/rehacer-los-dientes-que-tratamientos-esteticos-elegir\/#%C2%BFEn_que_casos_es_aconsejable_la_restauracion_dental\" title=\"\u00bfEn qu\u00e9 casos es aconsejable la restauraci\u00f3n dental?\">\u00bfEn qu\u00e9 casos es aconsejable la restauraci\u00f3n dental?<\/a><\/li><li class='ez-toc-page-1 ez-toc-heading-level-2'><a class=\"ez-toc-link ez-toc-heading-2\" href=\"https:\/\/nutrident.fr\/es\/rehacer-los-dientes-que-tratamientos-esteticos-elegir\/#Tipos_de_reconstruccion_dental\" title=\"Tipos de reconstrucci\u00f3n dental\">Tipos de reconstrucci\u00f3n dental<\/a><\/li><li class='ez-toc-page-1 ez-toc-heading-level-2'><a class=\"ez-toc-link ez-toc-heading-3\" href=\"https:\/\/nutrident.fr\/es\/rehacer-los-dientes-que-tratamientos-esteticos-elegir\/#Soluciones_para_una_restauracion_dental_completa\" title=\"Soluciones para una restauraci\u00f3n dental completa\">Soluciones para una restauraci\u00f3n dental completa<\/a><\/li><\/ul><\/nav><\/div>\n<h2><span class=\"ez-toc-section\" id=\"%C2%BFEn_que_casos_es_aconsejable_la_restauracion_dental\"><\/span>\u00bfEn qu\u00e9 casos es aconsejable la restauraci\u00f3n dental?<span class=\"ez-toc-section-end\"><\/span><\/h2>\n\n\n\n<p>Hay docenas de situaciones en las que la reconstrucci\u00f3n <strong>dental<\/strong>, ya sea parcial o total, es necesaria. Estas son algunas de las patolog\u00edas para las que est\u00e1 indicada:<\/p>\n\n\n\n<ul><li>Agenesia dental (una condici\u00f3n cong\u00e9nita en la que los dientes no se desarrollan)<\/li><li>Dientes demasiado separados desde el nacimiento<\/li><li><a href=\"https:\/\/nutrident.fr\/es\/apinamiento-dental\/\" target=\"_blank\" rel=\"noreferrer noopener\">Maloclusi\u00f3n oral<\/a><\/li><li>Dientes destruidos debido a varias caries mal tratadas<\/li><li>Dientes destruidos como resultado de la <a href=\"https:\/\/nutrident.fr\/es\/omega-3\/\" target=\"_blank\" rel=\"noreferrer noopener\">enfermedad periodontal<\/a><\/li><li>P\u00e9rdida de uno o m\u00e1s dientes<\/li><li>Traumatismos maxilofaciales<\/li><li><a href=\"https:\/\/nutrident.fr\/es\/diente-roto\/\" data-type=\"URL\" data-id=\"https:\/\/nutrident.fr\/es\/diente-roto\/\" target=\"_blank\" rel=\"noreferrer noopener\">Dientes rotos<\/a><\/li><\/ul>\n\n\n\n<h2><span class=\"ez-toc-section\" id=\"Tipos_de_reconstruccion_dental\"><\/span>Tipos de reconstrucci\u00f3n dental<span class=\"ez-toc-section-end\"><\/span><\/h2>\n\n\n\n<p>Actualmente existen muchas t\u00e9cnicas para restaurar los dientes de forma r\u00e1pida, eficaz y sin da\u00f1os. Estas son las soluciones que te puede proponer el dentista para la reconstrucci\u00f3n de tus dientes:<\/p>\n\n\n\n<h3>Reconstrucci\u00f3n est\u00e9tica de la superficie dental<\/h3>\n\n\n\n<p>En este m\u00e9todo se act\u00faa <strong>solo sobre la superficie de los dientes<\/strong>, sin tocar las ra\u00edces o enc\u00edas. El dentista utiliza diferentes materiales, como el composite o <a href=\"https:\/\/nutrident.fr\/es\/?page_id=16809\">las carillas dentales<\/a> (de cer\u00e1mica o ultrafinas), que se pegan a la superficie de los dientes para corregir un problema de manchas, <a href=\"https:\/\/nutrident.fr\/es\/diente-roto\/\" target=\"_blank\" data-type=\"URL\" data-id=\"https:\/\/nutrident.fr\/es\/diente-roto\/\" rel=\"noreferrer noopener\">grietas<\/a>, superposiciones, etc. Se trata, por tanto, de una t\u00e9cnica ligera y<strong> no invasiva<\/strong> que da resultados satisfactorios.<\/p>\n\n\n\n<p>Para esta t\u00e9cnica, el dentista puede utilizar:<\/p>\n\n\n\n<h4>Composite<\/h4>\n\n\n\n<p>Tambi\u00e9n llamado \u00abresina\u00bb, este material se utiliza para \u00abmaquillar\u00bb y camuflar permanentemente las peque\u00f1as grietas, las manchas persistentes o las secuelas de las caries.<\/p>\n\n\n\n<p>Existen dos t\u00e9cnicas principales con el uso del composite: la <a href=\"https:\/\/nutrident.fr\/es\/empastes-dentales-o-amalgama\/\" data-type=\"URL\" data-id=\"https:\/\/nutrident.fr\/es\/empastes-dentales-o-amalgama\/\" target=\"_blank\" rel=\"noreferrer noopener\">obturaci\u00f3n o empaste dental<\/a>, que consiste en rellenar una cavidad dental, y la restauraci\u00f3n, cuyo objetivo es <strong>reconstruir una parte del diente<\/strong> (una esquina o una superficie dental).<\/p>\n\n\n\n<p>Despu\u00e9s de un cierto n\u00famero de a\u00f1os (variable, en funci\u00f3n de la dieta, la higiene bucal, la gen\u00e9tica, etc.) el composite cambia de color y, por tanto, debe sustituirse.<\/p>\n\n\n\n<p>La reconstrucci\u00f3n est\u00e9tica con composite <strong>cuesta entre 40 y 250 euros<\/strong> por cada diente tratado. El precio var\u00eda en funci\u00f3n de la complejidad de la operaci\u00f3n, la cantidad de composite a utilizar, los honorarios del profesional, etc.<\/p>\n\n\n\n<h4>Carillas de cer\u00e1mica<\/h4>\n\n\n<div class=\"wp-block-image wp-image-8064 size-medium\">\n<figure class=\"alignright\"><img width=\"300\" height=\"184\" src=\"https:\/\/nutrident.fr\/wp-content\/uploads\/2019\/08\/iStock-1269231036-300x184.jpg\" alt=\"carilla restauraci\u00f3n dental\" class=\"wp-image-8064\" srcset=\"https:\/\/nutrident.fr\/wp-content\/uploads\/2019\/08\/iStock-1269231036-300x184.jpg 300w, https:\/\/nutrident.fr\/wp-content\/uploads\/2019\/08\/iStock-1269231036-1024x628.jpg 1024w, https:\/\/nutrident.fr\/wp-content\/uploads\/2019\/08\/iStock-1269231036-768x471.jpg 768w, https:\/\/nutrident.fr\/wp-content\/uploads\/2019\/08\/iStock-1269231036-1080x662.jpg 1080w, https:\/\/nutrident.fr\/wp-content\/uploads\/2019\/08\/iStock-1269231036-1280x785.jpg 1280w, https:\/\/nutrident.fr\/wp-content\/uploads\/2019\/08\/iStock-1269231036-980x601.jpg 980w, https:\/\/nutrident.fr\/wp-content\/uploads\/2019\/08\/iStock-1269231036-480x294.jpg 480w, https:\/\/nutrident.fr\/wp-content\/uploads\/2019\/08\/iStock-1269231036.jpg 1308w\" sizes=\"(max-width: 300px) 100vw, 300px\" \/><figcaption>Las carillas se colocan sobre el diente en cuesti\u00f3n<\/figcaption><\/figure><\/div>\n\n\n<p>Se trata de una especie de <strong>l\u00e1mina hecha a medida<\/strong> por un prot\u00e9sico dental y que el dentista pegar\u00e1 a la superficie de los dientes da\u00f1ados. Esta soluci\u00f3n permite tratar de forma r\u00e1pida y eficaz varios dientes con problemas de <a href=\"https:\/\/nutrident.fr\/es\/blanqueamiento-profesional\/dientes-amarillos\/\">pigmentaci\u00f3n<\/a>, grietas, forma, tama\u00f1o, etc-<\/p>\n\n\n\n<p>Las carillas de cer\u00e1mica cubren toda la superficie de los dientes tratados, a diferencia del composite. Por eso el resultado es m\u00e1s est\u00e9tico.<\/p>\n\n\n\n<p>Los impresionantes resultados de esta t\u00e9cnica tienen un precio de unos 500 euros aproximadamente por cada una.<\/p>\n\n\n\n<h4>Carillas ultrafinas<\/h4>\n\n\n\n<p>Tienen el mismo principio que las carillas de cer\u00e1mica, pero se distinguen por su <strong>extrema<\/strong> <strong>delgadez<\/strong>: tienen un grosor de 0,1 a 0,2 mil\u00edmetros. Gracias a ello, no es necesario <a href=\"https:\/\/nutrident.fr\/es\/ortodoncia\/stripping-dental\/\" target=\"_blank\" data-type=\"URL\" rel=\"noreferrer noopener\">tallar el diente<\/a>, como s\u00ed sucede con otro tipo de carillas. <\/p>\n\n\n\n<p>Su \u00fanica desventaja es el precio, que var\u00eda<strong> entre 700 y 1000 euros<\/strong> por cada diente tratado.<\/p>\n\n\n\n<h3>Reconstrucci\u00f3n de dientes completos<\/h3>\n\n\n\n<p>En algunos casos los dientes no son recuperables porque est\u00e1n demasiado da\u00f1ados, as\u00ed que la \u00fanica soluci\u00f3n es <strong>extraerlos y sustituirlos<\/strong> mediante diversos m\u00e9todos de rehabilitaci\u00f3n dental:<\/p>\n\n\n\n<h4>Implantes dentales<\/h4>\n\n\n\n<p>Un <a href=\"https:\/\/nutrident.fr\/es\/?page_id=14498\">implante dental<\/a> es un tipo de tornillo que se inserta en el hueso de la mand\u00edbula mediante cirug\u00eda y que funcionar\u00e1 como ra\u00edz de una<strong> pr\u00f3tesis <\/strong>o corona dental.<\/p>\n\n\n\n<p>Una vez colocado el implante, habr\u00e1 un <strong>periodo de cicatrizaci\u00f3n<\/strong> llamado <strong>osteointegraci\u00f3n<\/strong>. Durante esta fase, que dura entre 6 y 10 semanas, el hueso maxilar se regenerar\u00e1 y se unir\u00e1 al implante para asegurar su fijaci\u00f3n. Una buena oseointegraci\u00f3n garantiza una vida \u00fatil larga para el implante.<\/p>\n\n\n\n<p>Durante el periodo de cicatrizaci\u00f3n, se colocar\u00e1n una o varias <a href=\"https:\/\/nutrident.fr\/es\/dentaduras-postizas-fijas-y-removibles\/\" target=\"_blank\" data-type=\"URL\" data-id=\"https:\/\/nutrident.fr\/es\/dentaduras-postizas-fijas-y-removibles\/\" rel=\"noreferrer noopener\">pr\u00f3tesis provisionales<\/a> para que el paciente pueda comer y hablar con la mayor normalidad posible.<\/p>\n\n\n\n<p>La \u00fanica condici\u00f3n para poder optar a este tipo de operaci\u00f3n es tener un <strong>volumen \u00f3seo suficiente<\/strong> en el maxilar para soportar el implante o los implantes. Si no es as\u00ed, se debe realizar un injerto de hueso mediante otra cirug\u00eda.<\/p>\n\n\n\n<p>Los implantes dentales son actualmente <strong>la soluci\u00f3n m\u00e1s eficaz y duradera<\/strong> para sustituir uno o varios dientes perdidos. Los resultados son excelentes: los dientes se posicionan perfectamente y son funcionales.<\/p>\n\n\n\n<p>Sin embargo, es importante tener en cuenta que este tipo de tratamiento suele ser bastante caro. <a href=\"https:\/\/nutrident.fr\/es\/implantes-dentales-precio\/\" target=\"_blank\" data-type=\"URL\" data-id=\"https:\/\/nutrident.fr\/es\/implantes-dentales-precio\/\" rel=\"noreferrer noopener\">El coste<\/a> de la sustituci\u00f3n de un solo diente (implante dental + pr\u00f3tesis) oscila entre los <strong>1.300 y los 2.300 euros. <\/strong> Este precio var\u00eda considerablemente en funci\u00f3n de los materiales utilizados, la necesidad o no de un injerto \u00f3seo, los honorarios del cirujano dental competente en el campo de la implantolog\u00eda, la calidad de las pr\u00f3tesis dentales, entre otros factores.<\/p>\n\n\n\n<h4>Coronas dentales<\/h4>\n\n\n<div class=\"wp-block-image\">\n<figure class=\"alignright\"><img width=\"300\" height=\"200\" src=\"https:\/\/nutrident.fr\/wp-content\/uploads\/2020\/04\/iStock-1182396024-300x200.jpg\" alt=\"corona reconstrucci\u00f3n dental\" class=\"wp-image-7650\" srcset=\"https:\/\/nutrident.fr\/wp-content\/uploads\/2020\/04\/iStock-1182396024-300x200.jpg 300w, https:\/\/nutrident.fr\/wp-content\/uploads\/2020\/04\/iStock-1182396024-1024x683.jpg 1024w, https:\/\/nutrident.fr\/wp-content\/uploads\/2020\/04\/iStock-1182396024-768x512.jpg 768w, https:\/\/nutrident.fr\/wp-content\/uploads\/2020\/04\/iStock-1182396024-1080x720.jpg 1080w, https:\/\/nutrident.fr\/wp-content\/uploads\/2020\/04\/iStock-1182396024-980x653.jpg 980w, https:\/\/nutrident.fr\/wp-content\/uploads\/2020\/04\/iStock-1182396024-480x320.jpg 480w, https:\/\/nutrident.fr\/wp-content\/uploads\/2020\/04\/iStock-1182396024.jpg 1254w\" sizes=\"(max-width: 300px) 100vw, 300px\" \/><figcaption>Las coronas dentales ofrecen un resultado muy natural<\/figcaption><\/figure><\/div>\n\n\n<p>Una <a href=\"https:\/\/nutrident.fr\/es\/coronas-dentales\/\" data-type=\"URL\" data-id=\"https:\/\/nutrident.fr\/es\/coronas-dentales\/\" target=\"_blank\" rel=\"noreferrer noopener\">corona<\/a> es una pr\u00f3tesis dental que se adhiere directa y permanentemente al diente natural del paciente mediante una sustancia adhesiva (cemento dental). Est\u00e1 moldeada con extrema precisi\u00f3n para permitir una apariencia natural y una funci\u00f3n masticatoria \u00f3ptima.<\/p>\n\n\n\n<p>Una <strong>corona dental<\/strong> dura aproximadamente<strong> de 8 a 20 a\u00f1os<\/strong>, dependiendo de los h\u00e1bitos alimenticios del paciente y del material del que est\u00e9 hecha.<\/p>\n\n\n\n<p>En cuanto al coste, puede oscilar entre los 100 y los 500 euros cada una. Los precios var\u00edan de una cl\u00ednica dental a otra y dependen de la complejidad de la operaci\u00f3n, la calidad de los materiales utilizados, etc.<\/p>\n\n\n\n<h4>Puentes dentales<\/h4>\n\n\n\n<p>Un <a href=\"https:\/\/nutrident.fr\/es\/?page_id=16820\">puente dental<\/a> supone la colocaci\u00f3n de <strong>una corona entre dos dientes naturales<\/strong> que servir\u00e1n de soporte para el diente falso. En este caso, la pr\u00f3tesis no se fija al hueso de la mand\u00edbula con un implante o un <a href=\"https:\/\/nutrident.fr\/es\/perno-dental\/\" target=\"_blank\" data-type=\"URL\" data-id=\"https:\/\/nutrident.fr\/es\/perno-dental\/\" rel=\"noreferrer noopener\">perno dental<\/a>, sino que se apoyar\u00e1 completamente en los dientes sanos vecinos.<\/p>\n\n\n\n<p>Un puente sencillo (de 3 dientes) cuesta entre<strong> 700 y 1500 euros<\/strong>.<\/p>\n\n\n\n<h2><span class=\"ez-toc-section\" id=\"Soluciones_para_una_restauracion_dental_completa\"><\/span>Soluciones para una restauraci\u00f3n dental completa<span class=\"ez-toc-section-end\"><\/span><\/h2>\n\n\n\n<p>En algunos casos en los que la mayor\u00eda de los dientes est\u00e1n da\u00f1ados o ausentes, puede ser necesario un tratamiento integral. Afortunadamente, estamos lejos de la \u00e9poca en la que la \u00fanica alternativa eran las pr\u00f3tesis removibles o \u00ab<a href=\"https:\/\/nutrident.fr\/es\/dentaduras-postizas\/\" target=\"_blank\" data-type=\"URL\" data-id=\"https:\/\/nutrident.fr\/es\/dentaduras-postizas\/\" rel=\"noreferrer noopener\">dentaduras postizas<\/a>\u00ab. En la actualidad existen varias t\u00e9cnicas de vanguardia para sustituir eficazmente toda la dentadura.<\/p>\n\n\n\n<h3>Pr\u00f3tesis removibles sobre implantes<\/h3>\n\n\n\n<p>Esta pr\u00f3tesis se asemeja a una dentadura cl\u00e1sica, en la que los dientes artificiales est\u00e1n colocados sobre un soporte que imita las enc\u00edas reales, pero difiere en la forma de fijaci\u00f3n. Este tipo de dentaduras se apoya sobre implantes dentales que se han fijado a los maxilares. <a href=\"https:\/\/nutrident.fr\/es\/dentaduras-postizas-sobre-implantes\/\" data-type=\"page\" data-id=\"15992\">Esta t\u00e9cnica<\/a> permite una <strong>estabilidad \u00f3ptima<\/strong> y una <strong>mayor comodidad <\/strong>en comparaci\u00f3n con una sobredentadura cl\u00e1sica.<\/p>\n\n\n\n<p>Una pr\u00f3tesis removible, como su nombre indica, <strong>puede retirarse f\u00e1cilmente<\/strong>, lo que permite mantener una estricta higiene bucal. Para este tipo de pr\u00f3tesis, debes contar con una media de 4.000 euros.<\/p>\n\n\n\n<h3>Combinaci\u00f3n de puente e implante<\/h3>\n\n\n\n<p>Es un m\u00e9todo que utiliza los principios de ambas t\u00e9cnicas: los implantes dentales y los puentes. B\u00e1sicamente, el cirujano dental <strong>coloca estrat\u00e9gicamente varios implantes<\/strong> dentales que servir\u00e1n de pilares para la fijaci\u00f3n de las pr\u00f3tesis.<\/p>\n\n\n\n<p>Este procedimiento permite restaurar una dentadura completa con un resultado impresionante. Sin embargo, el tratamiento completo cuesta <strong>entre 15.000 y 20.000 euros<\/strong>.<\/p>\n\n\n\n<figure class=\"wp-block-embed is-type-video is-provider-youtube wp-block-embed-youtube wp-embed-aspect-16-9 wp-has-aspect-ratio\"><div class=\"wp-block-embed__wrapper\">\n<iframe title=\"Refaire Ses Dents : 8 solutions pr\u00e9sent\u00e9es par le Dr Olivier BOURNAY\" width=\"500\" height=\"281\" src=\"https:\/\/www.youtube.com\/embed\/CadaAV6GSXs?feature=oembed\" frameborder=\"0\" allow=\"accelerometer; autoplay; clipboard-write; encrypted-media; gyroscope; picture-in-picture; web-share\" allowfullscreen><\/iframe>\n<\/div><\/figure>\n<div class=\"article-data before-content\"><div class=\"article-data__date\"><div class=\"article-data__date-modified\"><time class=\"published\" datetime=\"2022-10-27T17:29:35+00:00\">This article was originally published on&nbsp;<span class=\"2\">octubre 27, 2022<\/span>&nbsp;and was most recently updated on&nbsp;<span>junio 13, 2023<\/span><\/time><br><\/div><\/div><\/div><div class=\"user-info\">    <div class=\"user-info__body\">\r\n      <div class=\"user-info__caption\"><span>Contributors:<\/span><\/div>\r\n\t\t\t        <div class=\"user-info__wrap \">\r\n          <div class=\"user-info__data\">\r\n            <div class=\"user-info__data__info\">\r\n              <div class=\"photo\">\r\n\t\t\t\t\t\t\t\t<img width=\"66\" height=\"61\" src=\"https:\/\/nutrident.fr\/wp-content\/uploads\/2023\/06\/unnamed-66x61.jpg\" class=\"attachment-profileImageAuthor size-profileImageAuthor wp-post-image\" alt=\"Dr Abel Jes\u00fas Pederzoli\" loading=\"lazy\" srcset=\"https:\/\/nutrident.fr\/wp-content\/uploads\/2023\/06\/unnamed-66x61.jpg 66w, https:\/\/nutrident.fr\/wp-content\/uploads\/2023\/06\/unnamed-300x279.jpg 300w, https:\/\/nutrident.fr\/wp-content\/uploads\/2023\/06\/unnamed-1024x952.jpg 1024w, https:\/\/nutrident.fr\/wp-content\/uploads\/2023\/06\/unnamed-768x714.jpg 768w, https:\/\/nutrident.fr\/wp-content\/uploads\/2023\/06\/unnamed-204x190.jpg 204w, https:\/\/nutrident.fr\/wp-content\/uploads\/2023\/06\/unnamed-120x112.jpg 120w, https:\/\/nutrident.fr\/wp-content\/uploads\/2023\/06\/unnamed.jpg 1125w\" sizes=\"(max-width: 66px) 100vw, 66px\" \/>              <\/div>\r\n              <a href=\"https:\/\/nutrident.fr\/es\/author\/dr-abel-jesus-pederzoli\/\" class=\"name\">Dr Abel Jes\u00fas Pederzoli<\/a>\r\n            <\/div>\r\n            <div class=\"user-info__data__social\">\r\n\t\t\t\t\t\t\t\t\t\t\t\t\t\t\t\t\t\t\t\t\t          <a href=\"https:\/\/clinicaleixample.es\/\"\r\n             class=\"soc-item website\">website<\/a>\r\n\t\t\t\t          <a href=\"http:\/\/linkedin.com\/in\/abel-jes%C3%BAs-pederzoli\"\r\n             class=\"soc-item linkedin\">linkedin<\/a>\r\n\t\t\t\t            <\/div>\r\n          <\/div>\r\n          <div class=\"user-info__description\">\r\n\t\t\t\t\t\t\t\t\t\t\t\t\t<p>Con t\u00edtulos obtenidos en la Facultad de Odontolog\u00eda de la Universidad Nacional de La Plata y una participaci\u00f3n activa en congresos y jornadas, el Dr. Pederzoli se mantiene actualizado en las \u00faltimas t\u00e9cnicas y avances en odontolog\u00eda. Actualmente se encuentra desarrollando un proyecto de consultor\u00eda tecnol\u00f3gica aplicada a cl\u00ednicas dentales.<\/p>\n\t\t\t\t\t\t          <\/div>\r\n        <\/div>\r\n\t\t\t\t    <\/div>\r\n\t<\/div><!--copyscapeskip--><div class=\"medical_references\"><div class=\"medical_references__heading\"><span>Fuentes M\u00e9dicas<\/span><\/div><div class=\"medical_references__list\"><p><strong>Scielo:<\/strong> <a href=\"http:\/\/ve.scielo.org\/scielo.php?script=sci_arttext&pid=S0001-63652007000100010\" target=\"_blank\" rel=\"noopener\">Evaluaci\u00f3n cl\u00ednica de restauraciones clase I de resina compuesta condensable despu\u00e9s de 2 a\u00f1os<\/a>. Consultado el 01 de marzo de 2023.<\/p>\n<p><strong>Topdoctors:<\/strong> <a href=\"https:\/\/www.topdoctors.es\/diccionario-medico\/reconstruccion-dental\" target=\"_blank\" rel=\"noopener\">\u00bfQu\u00e9 es la reconstrucci\u00f3n dental y para qu\u00e9 est\u00e1 indicado?<\/a> Consultado el 01 de marzo de 2023.<\/p>\n<\/div><\/div><!--\/copyscapeskip-->","protected":false},"excerpt":{"rendered":"<p>Contributor:&nbsp; Dr Abel Jes\u00fas Pederzoli Updated:&nbsp;junio 13, 2023 Tener los dientes da\u00f1ados, mal colocados, agrietados o manchados puede ser una fuente de complejos y de p\u00e9rdida de confianza en s\u00ed mismo. Pero no es solo una cuesti\u00f3n de est\u00e9tica, los dientes da\u00f1ados pierden su funci\u00f3n: la masticaci\u00f3n se vuelve ineficaz o inc\u00f3moda y pueden aparecer [&hellip;]<\/p>\n","protected":false},"author":2,"featured_media":8321,"parent":0,"menu_order":0,"comment_status":"closed","ping_status":"open","template":"","meta":{"inline_featured_image":false},"acf":[],"_links":{"self":[{"href":"https:\/\/nutrident.fr\/es\/wp-json\/wp\/v2\/pages\/16789"}],"collection":[{"href":"https:\/\/nutrident.fr\/es\/wp-json\/wp\/v2\/pages"}],"about":[{"href":"https:\/\/nutrident.fr\/es\/wp-json\/wp\/v2\/types\/page"}],"author":[{"embeddable":true,"href":"https:\/\/nutrident.fr\/es\/wp-json\/wp\/v2\/users\/2"}],"replies":[{"embeddable":true,"href":"https:\/\/nutrident.fr\/es\/wp-json\/wp\/v2\/comments?post=16789"}],"version-history":[{"count":22,"href":"https:\/\/nutrident.fr\/es\/wp-json\/wp\/v2\/pages\/16789\/revisions"}],"predecessor-version":[{"id":21947,"href":"https:\/\/nutrident.fr\/es\/wp-json\/wp\/v2\/pages\/16789\/revisions\/21947"}],"wp:featuredmedia":[{"embeddable":true,"href":"https:\/\/nutrident.fr\/es\/wp-json\/wp\/v2\/media\/8321"}],"wp:attachment":[{"href":"https:\/\/nutrident.fr\/es\/wp-json\/wp\/v2\/media?parent=16789"}],"curies":[{"name":"wp","href":"https:\/\/api.w.org\/{rel}","templated":true}]}}