

{"id":16791,"date":"2022-10-27T17:38:33","date_gmt":"2022-10-27T17:38:33","guid":{"rendered":"https:\/\/nutrident.fr\/?page_id=16791"},"modified":"2023-06-13T11:11:21","modified_gmt":"2023-06-13T11:11:21","slug":"coronas-dentales","status":"publish","type":"page","link":"https:\/\/nutrident.fr\/es\/coronas-dentales\/","title":{"rendered":"Coronas dentales: tipos, precios y todo lo que necesitas saber"},"content":{"rendered":"<div class=\"meta\"><div class=\"meta__users\">    <div class=\"meta__users__reviewed\">\r\n      <p class=\"meta__users__caption\">Contributor:&nbsp;<\/p>\r\n      <div class=\"users\">\r\n        <span class=\"users__user\">\r\n          <a href=\"#\">Dr Abel Jes\u00fas Pederzoli<\/a>\r\n        <\/span>\r\n      <\/div>\r\n    <\/div>\r\n\t<\/div><div class=\"meta__date-modified\">Updated:&nbsp;<span>junio 13, 2023<\/span><\/div><\/div><div class=\"wp-block-image\">\n<figure class=\"alignright size-medium\"><img width=\"300\" height=\"200\" src=\"https:\/\/nutrident.fr\/wp-content\/uploads\/2020\/04\/iStock-1182396024-300x200.jpg\" alt=\"corona dental\" class=\"wp-image-7650\" srcset=\"https:\/\/nutrident.fr\/wp-content\/uploads\/2020\/04\/iStock-1182396024-300x200.jpg 300w, https:\/\/nutrident.fr\/wp-content\/uploads\/2020\/04\/iStock-1182396024-1024x683.jpg 1024w, https:\/\/nutrident.fr\/wp-content\/uploads\/2020\/04\/iStock-1182396024-768x512.jpg 768w, https:\/\/nutrident.fr\/wp-content\/uploads\/2020\/04\/iStock-1182396024-1080x720.jpg 1080w, https:\/\/nutrident.fr\/wp-content\/uploads\/2020\/04\/iStock-1182396024-980x653.jpg 980w, https:\/\/nutrident.fr\/wp-content\/uploads\/2020\/04\/iStock-1182396024-480x320.jpg 480w, https:\/\/nutrident.fr\/wp-content\/uploads\/2020\/04\/iStock-1182396024.jpg 1254w\" sizes=\"(max-width: 300px) 100vw, 300px\" \/><\/figure><\/div>\n\n\n<p>Las coronas dentales son <strong>pr\u00f3tesis<\/strong> que se usan para tratar dientes que han sufrido da\u00f1os o que se han debilitado debido a caries o fracturas. Tambi\u00e9n conocidas como \u00abfundas\u00bb, son cubiertas hechas a la medida de cada paciente que se colocan sobre el diente para restaurar su forma, funci\u00f3n y apariencia. <\/p>\n\n\n\n<p>En este art\u00edculo, exploraremos qu\u00e9 es una corona dental, cu\u00e1nto cuesta y los diferentes tipos de materiales utilizados para fabricarla.<\/p>\n\n\n\n<div id=\"ez-toc-container\" class=\"ez-toc-v2_0_33_2 counter-hierarchy ez-toc-counter ez-toc-white ez-toc-container-direction\">\n<div class=\"ez-toc-title-container\">\n<p class=\"ez-toc-title\">Contenus<\/p>\n<span class=\"ez-toc-title-toggle\"><a href=\"#\" class=\"ez-toc-pull-right ez-toc-btn ez-toc-btn-xs ez-toc-btn-default ez-toc-toggle\" style=\"display: none;\"><label for=\"item\" aria-label=\"Tabla de contenidos\"><i class=\"ez-toc-glyphicon ez-toc-icon-toggle\"><\/i><\/label><input type=\"checkbox\" id=\"item\"><\/a><\/span><\/div>\n<nav><ul class='ez-toc-list ez-toc-list-level-1'><li class='ez-toc-page-1 ez-toc-heading-level-2'><a class=\"ez-toc-link ez-toc-heading-1\" href=\"https:\/\/nutrident.fr\/es\/coronas-dentales\/#%C2%BFQue_son_las_coronas_dentales\" title=\"\u00bfQu\u00e9 son las coronas dentales?\">\u00bfQu\u00e9 son las coronas dentales?<\/a><\/li><li class='ez-toc-page-1 ez-toc-heading-level-2'><a class=\"ez-toc-link ez-toc-heading-2\" href=\"https:\/\/nutrident.fr\/es\/coronas-dentales\/#Tipos_de_corona_dental\" title=\"Tipos de corona dental\">Tipos de corona dental<\/a><\/li><li class='ez-toc-page-1 ez-toc-heading-level-2'><a class=\"ez-toc-link ez-toc-heading-3\" href=\"https:\/\/nutrident.fr\/es\/coronas-dentales\/#%C2%BFCuanto_cuesta_una_corona_dental\" title=\"\u00bfCu\u00e1nto cuesta una corona dental?\">\u00bfCu\u00e1nto cuesta una corona dental?<\/a><\/li><li class='ez-toc-page-1 ez-toc-heading-level-2'><a class=\"ez-toc-link ez-toc-heading-4\" href=\"https:\/\/nutrident.fr\/es\/coronas-dentales\/#Preguntas_frecuentes\" title=\"Preguntas frecuentes\">Preguntas frecuentes<\/a><\/li><\/ul><\/nav><\/div>\n<h2><span class=\"ez-toc-section\" id=\"%C2%BFQue_son_las_coronas_dentales\"><\/span>\u00bfQu\u00e9 son las coronas dentales?<span class=\"ez-toc-section-end\"><\/span><\/h2>\n\n\n\n<p>Una corona dental es una <strong>pr\u00f3tesis que sustituye un diente da\u00f1ado<\/strong>. Se fija sobre los restos de un diente desvitalizado y se apoya en un pivote, o bien se extrae el diente (con su ra\u00edz) y el dentista coloca <a href=\"https:\/\/nutrident.fr\/es\/implantes-dentales\/\" target=\"_blank\" data-type=\"URL\" data-id=\"https:\/\/nutrident.fr\/es\/implantes-dentales\/\" rel=\"noreferrer noopener\">un implante<\/a> en el maxilar que sirve de base para la corona.<\/p>\n\n\n\n<p>La funda dental se utiliza frecuentemente para reemplazar uno o varios dientes da\u00f1ados, ya que permite sustituir todo o parte de un diente. Se fabrica a partir de una impresi\u00f3n dental para garantizar que su forma y tama\u00f1o sean <strong>id\u00e9nticos a los del diente original<\/strong>.<\/p>\n\n\n\n<h2><span class=\"ez-toc-section\" id=\"Tipos_de_corona_dental\"><\/span>Tipos de corona dental<span class=\"ez-toc-section-end\"><\/span><\/h2>\n\n\n\n<p>Una corona dental puede estar hecha de diversos materiales:<\/p>\n\n\n\n<h3>Metal<\/h3>\n\n\n\n<p>La corona dental de metal es <strong>la m\u00e1s barata<\/strong>, pero tambi\u00e9n la m\u00e1s antiest\u00e9tica. Con su color met\u00e1lico, no pasa desapercibida, lo que la descalifica para sustituir los dientes m\u00e1s visibles. Cuando se utiliza para premolares y molares, es visible al hablar y todav\u00eda m\u00e1s al re\u00edrse. <\/p>\n\n\n\n<h3>Oro<\/h3>\n\n\n\n<p>Aunque la demanda de coronas dentales de oro est\u00e1 disminuyendo, algunas personas a\u00fan las prefieren. Los dentistas, y especialmente los prot\u00e9sicos dentales que las fabrican, siguen investigando las propiedades de este material. Aunque en el pasado la corona dental de oro era utilizada como un s\u00edmbolo de riqueza, en la actualidad <strong>su uso es cada vez menos com\u00fan<\/strong>.<\/p>\n\n\n\n<h3>Cer\u00e1mica<\/h3>\n\n\n\n<p>Las coronas de cer\u00e1mica son <strong>las m\u00e1s est\u00e9ticas<\/strong> y tambi\u00e9n las de <strong>m\u00e1s alta calidad<\/strong>. Las t\u00e9cnicas de fabricaci\u00f3n han evolucionado considerablemente, con cortes de alta tecnolog\u00eda de notable precisi\u00f3n. <\/p>\n\n\n\n<p>La corona est\u00e1 formada por una <strong>carcasa<\/strong> <strong>de resina<\/strong> con un <strong>revestimiento de cer\u00e1mica<\/strong>. El prot\u00e9sico dental elaborar\u00e1 la corona en un tono que coincida con el color de tus dientes para lograr una apariencia natural y que se adapte perfectamente a tu dentadura.<\/p>\n\n\n\n<p>Las coronas dentales de cer\u00e1mica <strong>pueden durar d\u00e9cadas<\/strong>. Sin embargo, a partir de los veinte a\u00f1os pueden aparecer defectos que afectan su ajuste, lo que puede ocasionar infecciones y <a href=\"https:\/\/nutrident.fr\/es\/absceso-dental\/\" target=\"_blank\" data-type=\"URL\" data-id=\"https:\/\/nutrident.fr\/es\/absceso-dental\/\" rel=\"noreferrer noopener\">abscesos<\/a>. En estos casos es necesario sustituirlas para evitar complicaciones.<\/p>\n\n\n<div class=\"wp-block-image\">\n<figure class=\"alignright size-medium\"><img width=\"300\" height=\"300\" src=\"https:\/\/nutrident.fr\/wp-content\/uploads\/2022\/06\/Depositphotos_49475171_S-300x300.jpg\" alt=\"corona dental\" class=\"wp-image-12163\" srcset=\"https:\/\/nutrident.fr\/wp-content\/uploads\/2022\/06\/Depositphotos_49475171_S-300x300.jpg 300w, https:\/\/nutrident.fr\/wp-content\/uploads\/2022\/06\/Depositphotos_49475171_S-150x150.jpg 150w, https:\/\/nutrident.fr\/wp-content\/uploads\/2022\/06\/Depositphotos_49475171_S-768x768.jpg 768w, https:\/\/nutrident.fr\/wp-content\/uploads\/2022\/06\/Depositphotos_49475171_S-190x190.jpg 190w, https:\/\/nutrident.fr\/wp-content\/uploads\/2022\/06\/Depositphotos_49475171_S.jpg 1000w\" sizes=\"(max-width: 300px) 100vw, 300px\" \/><\/figure><\/div>\n\n\n<h3>Cer\u00e1mica-metal<\/h3>\n\n\n\n<p>La funda de metal-cer\u00e1mica es un h\u00edbrido de las dos coronas mencionadas anteriormente: su carcasa de metal est\u00e1 cubierta con una cer\u00e1mica del mismo color que los dientes naturales.<\/p>\n\n\n\n<p>La corona de metal-cer\u00e1mica es de<strong> excelente calidad<\/strong> y su durabilidad es similar a otros tipos de coronas dentales. Sin embargo, para los dientes frontales superiores se recomienda utilizar coronas de cer\u00e1mica pura, ya que el gris del metal podr\u00eda ser visible a trav\u00e9s de las enc\u00edas. Este problema no se presenta en otros dientes, porque el efecto es m\u00e1s discreto.<\/p>\n\n\n\n<h3>Cer\u00e1mica-zirconio<\/h3>\n\n\n\n<p>La corona de zirconio o circonio est\u00e1 hecha de una c\u00e1scara de \u00f3xido de zirconio y luego se recubre de cer\u00e1mica para que coincida con el color de los dientes naturales. Como el \u00f3xido de circonio es blanco, la corona <strong>puede utilizarse para sustituir cualquier diente<\/strong>.<\/p>\n\n\n\n<p>Este es el tipo de corona dental m\u00e1s reciente. En su fabricaci\u00f3n <strong>se utilizan t\u00e9cnicas CAD <\/strong>(dise\u00f1o asistido por ordenador) para obtener un resultado que se ajusta perfectamente al diente que sustituye. Tiene las mismas cualidades que la corona de cer\u00e1mica.<\/p>\n\n\n\n<h3>Resina<\/h3>\n\n\n\n<p>La corona de resina <strong>es temporal<\/strong>. Se utiliza mientras se fabrica la corona permanente o mientras recibes otros tratamientos. Por ejemplo, si has desarrollado un absceso, debes esperar varios meses para asegurarte de que se ha resuelto este problema antes de colocar la corona definitiva.<\/p>\n\n\n\n<p>El dentista aplica un <strong>ap\u00f3sito herm\u00e9tico debajo<\/strong>, ya que la resina se vuelve porosa r\u00e1pidamente y permite la penetraci\u00f3n de las bacterias.<\/p>\n\n\n\n<p>La funda dental de resina evita que te quedes sin diente durante el tiempo que dura la fabricaci\u00f3n de la corona definitiva, lo cual es importante tanto desde el punto de vista est\u00e9tico en los dientes frontales, como desde el punto de vista funcional de la mand\u00edbula. En efecto, si permaneces varios meses sin un diente, <strong>los otros dientes se desplazar\u00e1n<\/strong> para ocupar su lugar.<\/p>\n\n\n\n<figure class=\"wp-block-embed is-type-video is-provider-youtube wp-block-embed-youtube wp-embed-aspect-16-9 wp-has-aspect-ratio\"><div class=\"wp-block-embed__wrapper\">\n<iframe title=\"Preparaci\u00f3n y colocaci\u00f3n de Corona Unitaria - Est\u00e9tica Dental\" width=\"500\" height=\"281\" src=\"https:\/\/www.youtube.com\/embed\/QkKs53jUdE0?feature=oembed\" frameborder=\"0\" allow=\"accelerometer; autoplay; clipboard-write; encrypted-media; gyroscope; picture-in-picture; web-share\" allowfullscreen><\/iframe>\n<\/div><\/figure>\n\n\n\n<h2><span class=\"ez-toc-section\" id=\"%C2%BFCuanto_cuesta_una_corona_dental\"><\/span>\u00bfCu\u00e1nto cuesta una corona dental?<span class=\"ez-toc-section-end\"><\/span><\/h2>\n\n\n\n<p>El coste de una corona dental depende de cada dentista, de la regi\u00f3n y del material elegido. Este es el precio promedio en Espa\u00f1a:<\/p>\n\n\n\n<ul><li>Corona de cer\u00e1mica o cer\u00e1mica-met\u00e1lica: entre 200 y 500\u20ac<\/li><li>Corona de zirconio: a partir de los 450\u20ac<\/li><li>Corona de metal: entre 90 y 150\u20ac <\/li><\/ul>\n\n\n\n<h2><span class=\"ez-toc-section\" id=\"Preguntas_frecuentes\"><\/span>Preguntas frecuentes<span class=\"ez-toc-section-end\"><\/span><\/h2>\n\n\n<div id=\"rank-math-faq\" class=\"rank-math-block\">\n<div class=\"rank-math-list \">\n<div id=\"faq-question-1657869314470\" class=\"rank-math-list-item\">\n<h3 class=\"rank-math-question \">\u00bfQu\u00e9 corona dental elegir?<\/h3>\n<div class=\"rank-math-answer \">\n\n<p>Para fabricar una corona dental se usan diversos materiales. Entre ellos, el circonio es conocido por ser uno de los m\u00e1s resistentes.<\/p>\n\n<\/div>\n<\/div>\n<div id=\"faq-question-1657869324258\" class=\"rank-math-list-item\">\n<h3 class=\"rank-math-question \">\u00bfCu\u00e1nto dura una corona dental?<\/h3>\n<div class=\"rank-math-answer \">\n\n<p>Una corona dental tiene una vida \u00fatil de 10 a\u00f1os. Dependiendo de las condiciones, este periodo puede ampliarse a 15 o 20 a\u00f1os.<\/p>\n\n<\/div>\n<\/div>\n<\/div>\n<\/div><div class=\"article-data before-content\"><div class=\"article-data__date\"><div class=\"article-data__date-modified\"><time class=\"published\" datetime=\"2022-10-27T17:38:33+00:00\">This article was originally published on&nbsp;<span class=\"2\">octubre 27, 2022<\/span>&nbsp;and was most recently updated on&nbsp;<span>junio 13, 2023<\/span><\/time><br><\/div><\/div><\/div><div class=\"user-info\">    <div class=\"user-info__body\">\r\n      <div class=\"user-info__caption\"><span>Contributors:<\/span><\/div>\r\n\t\t\t        <div class=\"user-info__wrap \">\r\n          <div class=\"user-info__data\">\r\n            <div class=\"user-info__data__info\">\r\n              <div class=\"photo\">\r\n\t\t\t\t\t\t\t\t<img width=\"66\" height=\"61\" src=\"https:\/\/nutrident.fr\/wp-content\/uploads\/2023\/06\/unnamed-66x61.jpg\" class=\"attachment-profileImageAuthor size-profileImageAuthor wp-post-image\" alt=\"Dr Abel Jes\u00fas Pederzoli\" loading=\"lazy\" srcset=\"https:\/\/nutrident.fr\/wp-content\/uploads\/2023\/06\/unnamed-66x61.jpg 66w, https:\/\/nutrident.fr\/wp-content\/uploads\/2023\/06\/unnamed-300x279.jpg 300w, https:\/\/nutrident.fr\/wp-content\/uploads\/2023\/06\/unnamed-1024x952.jpg 1024w, https:\/\/nutrident.fr\/wp-content\/uploads\/2023\/06\/unnamed-768x714.jpg 768w, https:\/\/nutrident.fr\/wp-content\/uploads\/2023\/06\/unnamed-204x190.jpg 204w, https:\/\/nutrident.fr\/wp-content\/uploads\/2023\/06\/unnamed-120x112.jpg 120w, https:\/\/nutrident.fr\/wp-content\/uploads\/2023\/06\/unnamed.jpg 1125w\" sizes=\"(max-width: 66px) 100vw, 66px\" \/>              <\/div>\r\n              <a href=\"https:\/\/nutrident.fr\/es\/author\/dr-abel-jesus-pederzoli\/\" class=\"name\">Dr Abel Jes\u00fas Pederzoli<\/a>\r\n            <\/div>\r\n            <div class=\"user-info__data__social\">\r\n\t\t\t\t\t\t\t\t\t\t\t\t\t\t\t\t\t\t\t\t\t          <a href=\"https:\/\/clinicaleixample.es\/\"\r\n             class=\"soc-item website\">website<\/a>\r\n\t\t\t\t          <a href=\"http:\/\/linkedin.com\/in\/abel-jes%C3%BAs-pederzoli\"\r\n             class=\"soc-item linkedin\">linkedin<\/a>\r\n\t\t\t\t            <\/div>\r\n          <\/div>\r\n          <div class=\"user-info__description\">\r\n\t\t\t\t\t\t\t\t\t\t\t\t\t<p>Con t\u00edtulos obtenidos en la Facultad de Odontolog\u00eda de la Universidad Nacional de La Plata y una participaci\u00f3n activa en congresos y jornadas, el Dr. Pederzoli se mantiene actualizado en las \u00faltimas t\u00e9cnicas y avances en odontolog\u00eda. Actualmente se encuentra desarrollando un proyecto de consultor\u00eda tecnol\u00f3gica aplicada a cl\u00ednicas dentales.<\/p>\n\t\t\t\t\t\t          <\/div>\r\n        <\/div>\r\n\t\t\t\t    <\/div>\r\n\t<\/div><!--copyscapeskip--><div class=\"medical_references\"><div class=\"medical_references__heading\"><span>Fuentes M\u00e9dicas<\/span><\/div><div class=\"medical_references__list\"><p><strong>Scielo:<\/strong> <a href=\"http:\/\/www.scielo.org.pe\/scielo.php?script=sci_arttext&pid=S1019-43552014000400010\" target=\"_blank\" rel=\"noopener\">Consideraciones actuales en la utilizaci\u00f3n de coronas unitarias libres de metal en el sector posterior<\/a>. Consultado el 27 de febrero de 2023.<\/p>\n<p><strong>Healthline:<\/strong> <a href=\"https:\/\/www.healthline.com\/find-care\/articles\/dentists\/dental-crown\" target=\"_blank\" rel=\"noopener\">Everything You Need to Know About Getting a Dental Crown<\/a>. Consultado el 27 de febrero de 2023.<\/p>\n<\/div><\/div><!--\/copyscapeskip-->","protected":false},"excerpt":{"rendered":"<p>Contributor:&nbsp; Dr Abel Jes\u00fas Pederzoli Updated:&nbsp;junio 13, 2023 Las coronas dentales son pr\u00f3tesis que se usan para tratar dientes que han sufrido da\u00f1os o que se han debilitado debido a caries o fracturas. Tambi\u00e9n conocidas como \u00abfundas\u00bb, son cubiertas hechas a la medida de cada paciente que se colocan sobre el diente para restaurar su [&hellip;]<\/p>\n","protected":false},"author":2,"featured_media":14103,"parent":0,"menu_order":0,"comment_status":"closed","ping_status":"open","template":"","meta":{"inline_featured_image":false},"acf":[],"_links":{"self":[{"href":"https:\/\/nutrident.fr\/es\/wp-json\/wp\/v2\/pages\/16791"}],"collection":[{"href":"https:\/\/nutrident.fr\/es\/wp-json\/wp\/v2\/pages"}],"about":[{"href":"https:\/\/nutrident.fr\/es\/wp-json\/wp\/v2\/types\/page"}],"author":[{"embeddable":true,"href":"https:\/\/nutrident.fr\/es\/wp-json\/wp\/v2\/users\/2"}],"replies":[{"embeddable":true,"href":"https:\/\/nutrident.fr\/es\/wp-json\/wp\/v2\/comments?post=16791"}],"version-history":[{"count":12,"href":"https:\/\/nutrident.fr\/es\/wp-json\/wp\/v2\/pages\/16791\/revisions"}],"predecessor-version":[{"id":22039,"href":"https:\/\/nutrident.fr\/es\/wp-json\/wp\/v2\/pages\/16791\/revisions\/22039"}],"wp:featuredmedia":[{"embeddable":true,"href":"https:\/\/nutrident.fr\/es\/wp-json\/wp\/v2\/media\/14103"}],"wp:attachment":[{"href":"https:\/\/nutrident.fr\/es\/wp-json\/wp\/v2\/media?parent=16791"}],"curies":[{"name":"wp","href":"https:\/\/api.w.org\/{rel}","templated":true}]}}