

{"id":16794,"date":"2022-10-27T17:43:12","date_gmt":"2022-10-27T17:43:12","guid":{"rendered":"https:\/\/nutrident.fr\/?page_id=16794"},"modified":"2023-06-13T10:26:40","modified_gmt":"2023-06-13T10:26:40","slug":"implantes-dentales-baratos","status":"publish","type":"page","link":"https:\/\/nutrident.fr\/es\/implantes-dentales-baratos\/","title":{"rendered":"Implantes dentales baratos: \u00bfes posible?"},"content":{"rendered":"<div class=\"meta\"><div class=\"meta__users\">    <div class=\"meta__users__reviewed\">\r\n      <p class=\"meta__users__caption\">Contributor:&nbsp;<\/p>\r\n      <div class=\"users\">\r\n        <span class=\"users__user\">\r\n          <a href=\"#\">Dr Abel Jes\u00fas Pederzoli<\/a>\r\n        <\/span>\r\n      <\/div>\r\n    <\/div>\r\n\t<\/div><div class=\"meta__date-modified\">Updated:&nbsp;<span>junio 13, 2023<\/span><\/div><\/div><div class=\"wp-block-image\">\n<figure class=\"alignright size-full is-resized\"><img src=\"https:\/\/nutrident.fr\/wp-content\/uploads\/2022\/10\/Riesgos-de-los-implantes-en-el-postoperatorio.jpg\" alt=\"Riesgos de los implantes en el postoperatorio\" class=\"wp-image-16508\" width=\"300\" height=\"200\"\/><\/figure><\/div>\n\n\n<p>Los implantes dentales son la mejor soluci\u00f3n para sustituir un diente perdido cuando el diente est\u00e1 muy da\u00f1ado para servir de base a una corona. Tambi\u00e9n garantiza que los dientes adyacentes no se vean afectados, como puede ocurrir con un puente. Sin embargo, los implantes dentales tienen una gran desventaja: el precio.<\/p>\n\n\n\n<p>En este art\u00edculo, <a href=\"https:\/\/nutrident.fr\/es\/\">Nutrident<\/a> te ofrece consejos para encontrar implantes dentales baratos en Espa\u00f1a y en otros lugares, y te explica c\u00f3mo encontrar una alternativa fiable pero menos costosa.<\/p>\n\n\n\n<div id=\"ez-toc-container\" class=\"ez-toc-v2_0_33_2 counter-hierarchy ez-toc-counter ez-toc-white ez-toc-container-direction\">\n<div class=\"ez-toc-title-container\">\n<p class=\"ez-toc-title\">Contenus<\/p>\n<span class=\"ez-toc-title-toggle\"><a href=\"#\" class=\"ez-toc-pull-right ez-toc-btn ez-toc-btn-xs ez-toc-btn-default ez-toc-toggle\" style=\"display: none;\"><label for=\"item\" aria-label=\"Tabla de contenidos\"><i class=\"ez-toc-glyphicon ez-toc-icon-toggle\"><\/i><\/label><input type=\"checkbox\" id=\"item\"><\/a><\/span><\/div>\n<nav><ul class='ez-toc-list ez-toc-list-level-1'><li class='ez-toc-page-1 ez-toc-heading-level-2'><a class=\"ez-toc-link ez-toc-heading-1\" href=\"https:\/\/nutrident.fr\/es\/implantes-dentales-baratos\/#La_cotizacion\" title=\"La cotizaci\u00f3n\">La cotizaci\u00f3n<\/a><\/li><li class='ez-toc-page-1 ez-toc-heading-level-2'><a class=\"ez-toc-link ez-toc-heading-2\" href=\"https:\/\/nutrident.fr\/es\/implantes-dentales-baratos\/#Pide_varios_presupuestos\" title=\"Pide varios presupuestos\">Pide varios presupuestos<\/a><\/li><li class='ez-toc-page-1 ez-toc-heading-level-2'><a class=\"ez-toc-link ez-toc-heading-3\" href=\"https:\/\/nutrident.fr\/es\/implantes-dentales-baratos\/#Ponte_en_contacto_con_tu_seguro_medico\" title=\"Ponte en contacto con tu seguro m\u00e9dico\">Ponte en contacto con tu seguro m\u00e9dico<\/a><\/li><li class='ez-toc-page-1 ez-toc-heading-level-2'><a class=\"ez-toc-link ez-toc-heading-4\" href=\"https:\/\/nutrident.fr\/es\/implantes-dentales-baratos\/#Turismo_dental\" title=\"Turismo dental\">Turismo dental<\/a><\/li><li class='ez-toc-page-1 ez-toc-heading-level-2'><a class=\"ez-toc-link ez-toc-heading-5\" href=\"https:\/\/nutrident.fr\/es\/implantes-dentales-baratos\/#Atencion_en_las_escuelas_de_odontologia\" title=\"Atenci\u00f3n en las escuelas de odontolog\u00eda\">Atenci\u00f3n en las escuelas de odontolog\u00eda<\/a><\/li><li class='ez-toc-page-1 ez-toc-heading-level-2'><a class=\"ez-toc-link ez-toc-heading-6\" href=\"https:\/\/nutrident.fr\/es\/implantes-dentales-baratos\/#%C2%BFCuales_son_las_alternativas_a_los_implantes\" title=\"\u00bfCu\u00e1les son las alternativas a los implantes?\">\u00bfCu\u00e1les son las alternativas a los implantes?<\/a><\/li><\/ul><\/nav><\/div>\n<h2><span class=\"ez-toc-section\" id=\"La_cotizacion\"><\/span>La cotizaci\u00f3n<span class=\"ez-toc-section-end\"><\/span><\/h2>\n\n\n\n<p>Al comparar cotizaciones de distintos dentistas, debes asegurarte de que <strong>cada presupuesto es completo<\/strong> e incluye todo lo necesario. El presupuesto debe incluir:<\/p>\n\n\n\n<ul><li>Todas las consultas&nbsp;<\/li><li>Radiograf\u012bas<\/li><li>El material completo, porque cuando hablamos de un implante, en realidad estamos hablando de tres partes: el <a href=\"https:\/\/nutrident.fr\/es\/perno-dental\/\" target=\"_blank\" data-type=\"URL\" data-id=\"https:\/\/nutrident.fr\/es\/perno-dental\/\" rel=\"noreferrer noopener\">pilar<\/a>, el <a href=\"https:\/\/nutrident.fr\/es\/implantes-dentales\/\" target=\"_blank\" data-type=\"URL\" data-id=\"https:\/\/nutrident.fr\/es\/implantes-dentales\/\" rel=\"noreferrer noopener\">implante<\/a> y la <a href=\"https:\/\/nutrident.fr\/es\/coronas-dentales\/\" target=\"_blank\" data-type=\"URL\" data-id=\"https:\/\/nutrident.fr\/es\/coronas-dentales\/\" rel=\"noreferrer noopener\">corona<\/a>&nbsp;<\/li><li>Cirug\u00eda y anestesia para cada consulta&nbsp;<\/li><li>Todos los costes auxiliares en caso de procedimientos especiales: injerto \u00f3seo o elevaci\u00f3n de seno maxilar.<\/li><\/ul>\n\n\n\n<p>Aprovecha para comprobar la duraci\u00f3n de la garant\u00eda. Un implante mal dise\u00f1ado o colocado puede deteriorarse r\u00e1pidamente y debe sustituirse sin coste adicional.<\/p>\n\n\n\n<h2><span class=\"ez-toc-section\" id=\"Pide_varios_presupuestos\"><\/span>Pide varios presupuestos<span class=\"ez-toc-section-end\"><\/span><\/h2>\n\n\n\n<p>En caso de que el presupuesto que te presente tu dentista para un implante sea prohibitivo, siempre puedes consultar con otro profesional. Si bien es cierto que los implantes dentales pueden ser costosos, <strong>algunos especialistas pueden inflar los precios<\/strong>. Por lo tanto, es recomendable solicitar m\u00e1s informaci\u00f3n y otros presupuestos antes de tomar una decisi\u00f3n.<\/p>\n\n\n\n<p>Quiz\u00e1s quieras <strong>hablar con un nuevo dentista<\/strong> que se acaba de trasladar a su zona, ya que este puede tratar de crear una base de clientes cobrando tarifas atractivas. Si vives en una gran ciudad, quiz\u00e1 tengas que <strong>trasladarte para encontrar precios m\u00e1s baratos<\/strong>. Un dentista en el centro de una gran ciudad tiene unos costes fijos mucho m\u00e1s elevados que un dentista en un pueblo peque\u00f1o o en una zona rural.<\/p>\n\n\n\n<p>Por otro lado, los dentistas no son los \u00fanicos profesionales sanitarios cualificados para colocar implantes dentales, tambi\u00e9n puedes ponerte en contacto con un estomat\u00f3logo o un <a href=\"https:\/\/www.matmut.fr\/mutuelle-sante-ociane\/conseils\/parodontiste-quand-consulter\" target=\"_blank\" rel=\"noopener\">periodoncista<\/a>.<\/p>\n\n\n\n<h2><span class=\"ez-toc-section\" id=\"Ponte_en_contacto_con_tu_seguro_medico\"><\/span>Ponte en contacto con tu seguro m\u00e9dico<span class=\"ez-toc-section-end\"><\/span><\/h2>\n\n\n<div class=\"wp-block-image\">\n<figure class=\"alignright size-large is-resized\"><img src=\"https:\/\/nutrident.fr\/wp-content\/uploads\/2021\/01\/iStock-613247076-1024x768.jpg\" alt=\"implantes dentales baratos\" class=\"wp-image-8435\" width=\"300\" height=\"200\"\/><\/figure><\/div>\n\n\n<p>Es recomendable que consultes con tu <a href=\"https:\/\/nutrident.fr\/es\/salud-para-mayores\/\" target=\"_blank\" data-type=\"URL\" data-id=\"https:\/\/nutrident.fr\/es\/salud-para-mayores\/\" rel=\"noreferrer noopener\">seguro m\u00e9dico<\/a> para encontrar la mejor soluci\u00f3n en cuanto al precio. Es posible que te ofrezcan <strong>planes de pago a plazos<\/strong> o que te cobren una tarifa anual para acceder a descuentos. Sin embargo, es importante verificar si existen per\u00edodos de espera. <\/p>\n\n\n\n<p>Tambi\u00e9n es recomendable de agrupar todos los tratamientos necesarios en la medida de lo posible. Habla con tu dentista de confianza, quien podr\u00e1 ofrecerte consejos sobre c\u00f3mo optimizar tu presupuesto.<\/p>\n\n\n\n<h2><span class=\"ez-toc-section\" id=\"Turismo_dental\"><\/span>Turismo dental<span class=\"ez-toc-section-end\"><\/span><\/h2>\n\n\n\n<p>Gracias a los vuelos econ\u00f3micos y la cercan\u00eda de ciertos pa\u00edses, puede ser una buena opci\u00f3n hacerse un implante <a href=\"https:\/\/nutrident.fr\/es\/turismo-dental\/\" target=\"_blank\" data-type=\"URL\" data-id=\"https:\/\/nutrident.fr\/es\/turismo-dental\/\" rel=\"noreferrer noopener\">en el extranjero<\/a>. <a href=\"https:\/\/nutrident.fr\/es\/turismo-dental-hungria\/\" target=\"_blank\" data-type=\"URL\" data-id=\"https:\/\/nutrident.fr\/es\/turismo-dental-hungria\/\" rel=\"noreferrer noopener\">Hungr\u00eda<\/a>, Turquia y Portugal son algunos de los pa\u00edses m\u00e1s recomendados. Los dentistas est\u00e1n<strong> tan capacitados como en Espa\u00f1a<\/strong> y las consultas cuentan con equipos de alta tecnolog\u00eda y condiciones de higiene impecables.<\/p>\n\n\n\n<p>Sin embargo, tendr\u00e1s que a\u00f1adir a tu presupuesto los <strong>gastos de viaje y alojamiento<\/strong>, pero ten en cuenta que algunas cl\u00ednicas ofrecen paquetes con todo incluido.<\/p>\n\n\n\n<p>Es m\u00e1s dif\u00edcil salir de Europa e ir a pa\u00edses m\u00e1s lejanos. Volar puede ser bastante caro al tener que viajar varias veces y, si tienes alg\u00fan problema, no tendr\u00e1s f\u00e1cil acceso al servicio postcirug\u00eda.<\/p>\n\n\n\n<h2><span class=\"ez-toc-section\" id=\"Atencion_en_las_escuelas_de_odontologia\"><\/span>Atenci\u00f3n en las escuelas de odontolog\u00eda<span class=\"ez-toc-section-end\"><\/span><\/h2>\n\n\n\n<p>Otra posibilidad es servir de conejillo de indias para los dentistas que est\u00e1n a punto de graduarse o que acaban de hacerlo. Ten la seguridad de que estas personas trabajan <strong>bajo el control directo y estricto de dentistas experimentados<\/strong> y no corres ning\u00fan riesgo.<\/p>\n\n\n\n<p>Dependiendo de la facultad de odontolog\u00eda a la que te presentes, puedes obtener una cita muy r\u00e1pidamente o, por el contrario, puedes encontrarte en una lista de espera si vives en una zona peque\u00f1a o muy poblada.<\/p>\n\n\n\n<h2><span class=\"ez-toc-section\" id=\"%C2%BFCuales_son_las_alternativas_a_los_implantes\"><\/span>\u00bfCu\u00e1les son las alternativas a los implantes?<span class=\"ez-toc-section-end\"><\/span><\/h2>\n\n\n\n<p>Si definitivamente no puedes permitirte los implantes, tendr\u00e1s que recurrir a un <a href=\"https:\/\/nutrident.fr\/es\/puente-dental\/\" target=\"_blank\" data-type=\"URL\" data-id=\"https:\/\/nutrident.fr\/es\/puente-dental\/\" rel=\"noreferrer noopener\">puente<\/a> o a una <a href=\"https:\/\/nutrident.fr\/es\/dentaduras-postizas\/\" target=\"_blank\" data-type=\"URL\" data-id=\"https:\/\/nutrident.fr\/es\/dentaduras-postizas\/\" rel=\"noreferrer noopener\">dentadura parcial<\/a>. Un puente ser\u00e1 posible si los dientes adyacentes al diente perdido son lo suficientemente fuertes. Si te faltan varios dientes o los otros dientes est\u00e1n fallando, las pr\u00f3tesis parciales son probablemente la mejor soluci\u00f3n.<\/p>\n<div class=\"article-data before-content\"><div class=\"article-data__date\"><div class=\"article-data__date-modified\"><time class=\"published\" datetime=\"2022-10-27T17:43:12+00:00\">This article was originally published on&nbsp;<span class=\"2\">octubre 27, 2022<\/span>&nbsp;and was most recently updated on&nbsp;<span>junio 13, 2023<\/span><\/time><br><\/div><\/div><\/div><div class=\"user-info\">    <div class=\"user-info__body\">\r\n      <div class=\"user-info__caption\"><span>Contributors:<\/span><\/div>\r\n\t\t\t        <div class=\"user-info__wrap \">\r\n          <div class=\"user-info__data\">\r\n            <div class=\"user-info__data__info\">\r\n              <div class=\"photo\">\r\n\t\t\t\t\t\t\t\t<img width=\"66\" height=\"61\" src=\"https:\/\/nutrident.fr\/wp-content\/uploads\/2023\/06\/unnamed-66x61.jpg\" class=\"attachment-profileImageAuthor size-profileImageAuthor wp-post-image\" alt=\"Dr Abel Jes\u00fas Pederzoli\" loading=\"lazy\" srcset=\"https:\/\/nutrident.fr\/wp-content\/uploads\/2023\/06\/unnamed-66x61.jpg 66w, https:\/\/nutrident.fr\/wp-content\/uploads\/2023\/06\/unnamed-300x279.jpg 300w, https:\/\/nutrident.fr\/wp-content\/uploads\/2023\/06\/unnamed-1024x952.jpg 1024w, https:\/\/nutrident.fr\/wp-content\/uploads\/2023\/06\/unnamed-768x714.jpg 768w, https:\/\/nutrident.fr\/wp-content\/uploads\/2023\/06\/unnamed-204x190.jpg 204w, https:\/\/nutrident.fr\/wp-content\/uploads\/2023\/06\/unnamed-120x112.jpg 120w, https:\/\/nutrident.fr\/wp-content\/uploads\/2023\/06\/unnamed.jpg 1125w\" sizes=\"(max-width: 66px) 100vw, 66px\" \/>              <\/div>\r\n              <a href=\"https:\/\/nutrident.fr\/es\/author\/dr-abel-jesus-pederzoli\/\" class=\"name\">Dr Abel Jes\u00fas Pederzoli<\/a>\r\n            <\/div>\r\n            <div class=\"user-info__data__social\">\r\n\t\t\t\t\t\t\t\t\t\t\t\t\t\t\t\t\t\t\t\t\t          <a href=\"https:\/\/clinicaleixample.es\/\"\r\n             class=\"soc-item website\">website<\/a>\r\n\t\t\t\t          <a href=\"http:\/\/linkedin.com\/in\/abel-jes%C3%BAs-pederzoli\"\r\n             class=\"soc-item linkedin\">linkedin<\/a>\r\n\t\t\t\t            <\/div>\r\n          <\/div>\r\n          <div class=\"user-info__description\">\r\n\t\t\t\t\t\t\t\t\t\t\t\t\t<p>Con t\u00edtulos obtenidos en la Facultad de Odontolog\u00eda de la Universidad Nacional de La Plata y una participaci\u00f3n activa en congresos y jornadas, el Dr. Pederzoli se mantiene actualizado en las \u00faltimas t\u00e9cnicas y avances en odontolog\u00eda. Actualmente se encuentra desarrollando un proyecto de consultor\u00eda tecnol\u00f3gica aplicada a cl\u00ednicas dentales.<\/p>\n\t\t\t\t\t\t          <\/div>\r\n        <\/div>\r\n\t\t\t\t    <\/div>\r\n\t<\/div><!--copyscapeskip--><div class=\"medical_references\"><div class=\"medical_references__heading\"><span>Fuentes M\u00e9dicas<\/span><\/div><div class=\"medical_references__list\"><p><strong>FDA:<\/strong> <a href=\"https:\/\/www.fda.gov\/medical-devices\/dental-devices\/dental-implants-what-you-should-know\" target=\"_blank\" rel=\"noopener\">Dental Implants: What You Should Know<\/a>. Consultado el 27 de febrero de 2023.<\/p>\n<p><strong>WebMD:<\/strong> <a href=\"https:\/\/www.webmd.com\/oral-health\/guide\/dental-implants\" target=\"_blank\" rel=\"noopener\">Dental Implants<\/a>. Consultado el 27 de febrero de 2023.<\/p>\n<\/div><\/div><!--\/copyscapeskip-->","protected":false},"excerpt":{"rendered":"<p>Contributor:&nbsp; Dr Abel Jes\u00fas Pederzoli Updated:&nbsp;junio 13, 2023 Los implantes dentales son la mejor soluci\u00f3n para sustituir un diente perdido cuando el diente est\u00e1 muy da\u00f1ado para servir de base a una corona. Tambi\u00e9n garantiza que los dientes adyacentes no se vean afectados, como puede ocurrir con un puente. Sin embargo, los implantes dentales tienen [&hellip;]<\/p>\n","protected":false},"author":2,"featured_media":16795,"parent":0,"menu_order":0,"comment_status":"open","ping_status":"open","template":"","meta":{"inline_featured_image":false},"acf":[],"_links":{"self":[{"href":"https:\/\/nutrident.fr\/es\/wp-json\/wp\/v2\/pages\/16794"}],"collection":[{"href":"https:\/\/nutrident.fr\/es\/wp-json\/wp\/v2\/pages"}],"about":[{"href":"https:\/\/nutrident.fr\/es\/wp-json\/wp\/v2\/types\/page"}],"author":[{"embeddable":true,"href":"https:\/\/nutrident.fr\/es\/wp-json\/wp\/v2\/users\/2"}],"replies":[{"embeddable":true,"href":"https:\/\/nutrident.fr\/es\/wp-json\/wp\/v2\/comments?post=16794"}],"version-history":[{"count":13,"href":"https:\/\/nutrident.fr\/es\/wp-json\/wp\/v2\/pages\/16794\/revisions"}],"predecessor-version":[{"id":21859,"href":"https:\/\/nutrident.fr\/es\/wp-json\/wp\/v2\/pages\/16794\/revisions\/21859"}],"wp:featuredmedia":[{"embeddable":true,"href":"https:\/\/nutrident.fr\/es\/wp-json\/wp\/v2\/media\/16795"}],"wp:attachment":[{"href":"https:\/\/nutrident.fr\/es\/wp-json\/wp\/v2\/media?parent=16794"}],"curies":[{"name":"wp","href":"https:\/\/api.w.org\/{rel}","templated":true}]}}