

{"id":16796,"date":"2022-10-27T17:45:38","date_gmt":"2022-10-27T17:45:38","guid":{"rendered":"https:\/\/nutrident.fr\/?page_id=16796"},"modified":"2023-06-13T10:38:00","modified_gmt":"2023-06-13T10:38:00","slug":"perno-dental","status":"publish","type":"page","link":"https:\/\/nutrident.fr\/es\/perno-dental\/","title":{"rendered":"Todo lo que necesitas saber sobre el perno dental, la soluci\u00f3n para dientes muy da\u00f1ados"},"content":{"rendered":"<div class=\"meta\"><div class=\"meta__users\">    <div class=\"meta__users__reviewed\">\r\n      <p class=\"meta__users__caption\">Contributor:&nbsp;<\/p>\r\n      <div class=\"users\">\r\n        <span class=\"users__user\">\r\n          <a href=\"#\">Dr Abel Jes\u00fas Pederzoli<\/a>\r\n        <\/span>\r\n      <\/div>\r\n    <\/div>\r\n\t<\/div><div class=\"meta__date-modified\">Updated:&nbsp;<span>junio 13, 2023<\/span><\/div><\/div><div class=\"wp-block-image\">\n<figure class=\"alignright size-medium\"><img width=\"300\" height=\"234\" src=\"https:\/\/nutrident.fr\/wp-content\/uploads\/2022\/07\/Depositphotos_189855244_S-300x234.jpg\" alt=\"perno dental\" class=\"wp-image-14101\" srcset=\"https:\/\/nutrident.fr\/wp-content\/uploads\/2022\/07\/Depositphotos_189855244_S-300x234.jpg 300w, https:\/\/nutrident.fr\/wp-content\/uploads\/2022\/07\/Depositphotos_189855244_S-768x599.jpg 768w, https:\/\/nutrident.fr\/wp-content\/uploads\/2022\/07\/Depositphotos_189855244_S-244x190.jpg 244w, https:\/\/nutrident.fr\/wp-content\/uploads\/2022\/07\/Depositphotos_189855244_S.jpg 1000w\" sizes=\"(max-width: 300px) 100vw, 300px\" \/><figcaption>Un perno dental sirve de pivote para la corona dental<\/figcaption><\/figure><\/div>\n\n\n<p>Si un diente est\u00e1 demasiado da\u00f1ado para recibir una corona directamente, el dentista puede proponer el uso de un perno dental. Para saber en qu\u00e9 situaciones se puede utilizar un poste y c\u00f3mo se coloca esta pr\u00f3tesis, <a href=\"https:\/\/nutrident.fr\/es\/\" data-type=\"URL\" data-id=\"https:\/\/nutrident.fr\/es\/\" target=\"_blank\" rel=\"noreferrer noopener\">Nutrident<\/a> te ofrece toda la informaci\u00f3n detallada.<\/p>\n\n\n\n<div id=\"ez-toc-container\" class=\"ez-toc-v2_0_33_2 counter-hierarchy ez-toc-counter ez-toc-white ez-toc-container-direction\">\n<div class=\"ez-toc-title-container\">\n<p class=\"ez-toc-title\">Contenus<\/p>\n<span class=\"ez-toc-title-toggle\"><a href=\"#\" class=\"ez-toc-pull-right ez-toc-btn ez-toc-btn-xs ez-toc-btn-default ez-toc-toggle\" style=\"display: none;\"><label for=\"item\" aria-label=\"Tabla de contenidos\"><i class=\"ez-toc-glyphicon ez-toc-icon-toggle\"><\/i><\/label><input type=\"checkbox\" id=\"item\"><\/a><\/span><\/div>\n<nav><ul class='ez-toc-list ez-toc-list-level-1'><li class='ez-toc-page-1 ez-toc-heading-level-2'><a class=\"ez-toc-link ez-toc-heading-1\" href=\"https:\/\/nutrident.fr\/es\/perno-dental\/#%C2%BFQue_es_un_perno_dental\" title=\"\u00bfQu\u00e9 es un perno dental?  \">\u00bfQu\u00e9 es un perno dental?  <\/a><\/li><li class='ez-toc-page-1 ez-toc-heading-level-2'><a class=\"ez-toc-link ez-toc-heading-2\" href=\"https:\/\/nutrident.fr\/es\/perno-dental\/#%C2%BFCuando_se_utilizar_un_poste_dental\" title=\"\u00bfCu\u00e1ndo se utilizar un poste dental?  \">\u00bfCu\u00e1ndo se utilizar un poste dental?  <\/a><\/li><li class='ez-toc-page-1 ez-toc-heading-level-2'><a class=\"ez-toc-link ez-toc-heading-3\" href=\"https:\/\/nutrident.fr\/es\/perno-dental\/#Ventajas_del_nucleo_de_incrustacion\" title=\"Ventajas del n\u00facleo de incrustaci\u00f3n\">Ventajas del n\u00facleo de incrustaci\u00f3n<\/a><\/li><li class='ez-toc-page-1 ez-toc-heading-level-2'><a class=\"ez-toc-link ez-toc-heading-4\" href=\"https:\/\/nutrident.fr\/es\/perno-dental\/#Materiales_utilizados_para_hacer_incrustaciones\" title=\"Materiales utilizados para hacer incrustaciones\">Materiales utilizados para hacer incrustaciones<\/a><\/li><li class='ez-toc-page-1 ez-toc-heading-level-2'><a class=\"ez-toc-link ez-toc-heading-5\" href=\"https:\/\/nutrident.fr\/es\/perno-dental\/#%C2%BFComo_se_coloca_el_poste_dental\" title=\"\u00bfC\u00f3mo se coloca el poste dental?\">\u00bfC\u00f3mo se coloca el poste dental?<\/a><\/li><\/ul><\/nav><\/div>\n<h2><span class=\"ez-toc-section\" id=\"%C2%BFQue_es_un_perno_dental\"><\/span>\u00bfQu\u00e9 es un perno dental?  <span class=\"ez-toc-section-end\"><\/span><\/h2>\n\n\n\n<p>El perno, poste, espiga intraradicular o n\u00facleo de incrustaci\u00f3n es una <strong>pr\u00f3tesis dental<\/strong> que se usa como soporte para una <a href=\"https:\/\/nutrident.fr\/es\/coronas-dentales\/\" data-type=\"URL\" data-id=\"https:\/\/nutrident.fr\/es\/coronas-dentales\/\" target=\"_blank\" rel=\"noreferrer noopener\">corona dental<\/a>. Consta de dos elementos: una parte met\u00e1lica fijada parcialmente en la ra\u00edz del diente, y la parte superior que sobresale, el mu\u00f1\u00f3n, donde se fija la corona para que coincida exactamente con la forma del diente natural y que el resultado sea completamente discreto.<\/p>\n\n\n\n<h2><span class=\"ez-toc-section\" id=\"%C2%BFCuando_se_utilizar_un_poste_dental\"><\/span>\u00bfCu\u00e1ndo se utilizar un poste dental?  <span class=\"ez-toc-section-end\"><\/span><\/h2>\n\n\n\n<p>El perno dental se usa cuando un diente est\u00e1 demasiado fracturado o afectado por <a href=\"https:\/\/nutrident.fr\/es\/caries\/\" target=\"_blank\" data-type=\"URL\" data-id=\"https:\/\/nutrident.fr\/es\/caries\/\" rel=\"noreferrer noopener\">la caries<\/a>, pues una corona debe poder fijarse a una pieza estable y robusta. <strong>Si el diente est\u00e1 muy da\u00f1ado<\/strong>, la varilla met\u00e1lica del poste act\u00faa como soporte.<\/p>\n\n\n\n<h2><span class=\"ez-toc-section\" id=\"Ventajas_del_nucleo_de_incrustacion\"><\/span>Ventajas del n\u00facleo de incrustaci\u00f3n<span class=\"ez-toc-section-end\"><\/span><\/h2>\n\n\n\n<p>La primera ventaja del poste dental es que <strong>no hay que eliminar la ra\u00edz del diente<\/strong>, solo desvitalizarla, ya que lo m\u00e1s recomendable es mantener los dientes naturales en la medida de lo posible.<\/p>\n\n\n\n<p>Dado que el n\u00facleo de incrustaci\u00f3n se fija independientemente de los dem\u00e1s dientes, <strong>no es necesario intervenir en los dientes adyacentes<\/strong>, como en el caso de un <a href=\"https:\/\/nutrident.fr\/es\/puente-dental\/\" target=\"_blank\" data-type=\"URL\" data-id=\"https:\/\/nutrident.fr\/es\/puente-dental\/\" rel=\"noreferrer noopener\">puente<\/a> o una <a href=\"https:\/\/nutrident.fr\/es\/dentaduras-postizas\/\" target=\"_blank\" data-type=\"URL\" data-id=\"https:\/\/nutrident.fr\/es\/dentaduras-postizas\/\" rel=\"noreferrer noopener\">pr\u00f3tesis parcial<\/a>.<\/p>\n\n\n\n<p>En este procedimiento, la conexi\u00f3n entre la ra\u00edz y la corona es robusta y est\u00e1 perfectamente sellada. Puedes estar seguro de que el poste resistir\u00e1 la presi\u00f3n masticatoria y que <strong>evitar\u00e1 las infiltraciones<\/strong> en la ra\u00edz que podr\u00edan causar inflamaci\u00f3n y <a href=\"https:\/\/nutrident.fr\/es\/absceso-dental\/\" target=\"_blank\" data-type=\"URL\" data-id=\"https:\/\/nutrident.fr\/es\/absceso-dental\/\" rel=\"noreferrer noopener\">abscesos<\/a> debido a las bacterias.<\/p>\n\n\n\n<h2><span class=\"ez-toc-section\" id=\"Materiales_utilizados_para_hacer_incrustaciones\"><\/span>Materiales utilizados para hacer incrustaciones<span class=\"ez-toc-section-end\"><\/span><\/h2>\n\n\n\n<p>Hace algunas d\u00e9cadas, era com\u00fan observar a personas con dientes de oro. Actualmente, todav\u00eda es factible obtener una corona dental de oro, pero es poco com\u00fan. El oro es un material biocompatible que no reacciona con la ra\u00edz del diente ni con las enc\u00edas. Adem\u00e1s, dura mucho tiempo. Su desventaja radica en su apariencia, pero a algunas personas les resulta atractiva.<\/p>\n\n\n<div class=\"wp-block-image\">\n<figure class=\"alignright size-medium\"><img width=\"300\" height=\"200\" src=\"https:\/\/nutrident.fr\/wp-content\/uploads\/2022\/07\/Depositphotos_27430223_S-300x200.jpg\" alt=\"poste dental\" class=\"wp-image-14104\" srcset=\"https:\/\/nutrident.fr\/wp-content\/uploads\/2022\/07\/Depositphotos_27430223_S-300x200.jpg 300w, https:\/\/nutrident.fr\/wp-content\/uploads\/2022\/07\/Depositphotos_27430223_S-768x513.jpg 768w, https:\/\/nutrident.fr\/wp-content\/uploads\/2022\/07\/Depositphotos_27430223_S-254x170.jpg 254w, https:\/\/nutrident.fr\/wp-content\/uploads\/2022\/07\/Depositphotos_27430223_S.jpg 999w\" sizes=\"(max-width: 300px) 100vw, 300px\" \/><figcaption>Hay varios materiales disponibles para la fabricaci\u00f3n del n\u00facleo de incrustaci\u00f3n<\/figcaption><\/figure><\/div>\n\n\n<p>Una corona tambi\u00e9n puede estar hecha de una aleaci\u00f3n de n\u00edquel-cromo para un acabado plateado. En este caso, la discreci\u00f3n no es una opci\u00f3n y adem\u00e1s supone <strong>riesgos de alergia y reacciones<\/strong> con ciertos alimentos. Este tipo de aleaci\u00f3n no deber\u00eda seguir ofreci\u00e9ndose.<\/p>\n\n\n\n<p>Si no quieres que se note el n\u00facleo de incrustaci\u00f3n, debes elegir una <strong>corona de porcelana, cer\u00e1mica o mixta<\/strong>, es decir, cer\u00e1mica-metal. La porcelana es el material que guarda un mayor parecido con los dientes naturales.<\/p>\n\n\n\n<p>La corona mixta consiste en una estructura met\u00e1lica que luego se cubre con cer\u00e1mica. El resultado es muy discreto, pero no perfecto, ya que la estructura met\u00e1lica puede verse en las enc\u00edas.<\/p>\n\n\n\n<p>Por lo tanto, es mejor evitar este tipo de pr\u00f3tesis para los incisivos, pero no supone ning\u00fan problema para los dem\u00e1s dientes, ya que no ser\u00e1 visible incluso al sonreir ampliamente. La parte de cer\u00e1mica <strong>coincide con el color de los otros dientes<\/strong> para lograr el aspecto m\u00e1s discreto posible.<\/p>\n\n\n\n<p>Para fabricar la corona del mismo color de tus dientes, el dentista utiliza una carta de colores y comunica la referencia al prot\u00e9sico dental.<\/p>\n\n\n\n<p>En cuanto al perno, puede fabricarse con varios metales, como <strong>oro, acero inoxidable o titanio<\/strong>. Tambi\u00e9n son populares los pernos de fibra de carbono y de fibra de vidrio.<\/p>\n\n\n\n<h2><span class=\"ez-toc-section\" id=\"%C2%BFComo_se_coloca_el_poste_dental\"><\/span>\u00bfC\u00f3mo se coloca el poste dental?<span class=\"ez-toc-section-end\"><\/span><\/h2>\n\n\n\n<p>En primer lugar, se procede a la <strong>desvitalizaci\u00f3n del diente<\/strong>, lo que involucra la extracci\u00f3n completa de la pulpa presente en los conductos radiculares y su reemplazo por un material compacto que selle el espacio. Despu\u00e9s, el dentista <strong>corta el diente<\/strong> para eliminar las \u00e1reas rotas o da\u00f1adas por caries y preparar una superficie adecuada para colocar la corona.<\/p>\n\n\n\n<p>Una vez completado el corte, se toma una impresi\u00f3n sobre la que el prot\u00e9sico dental fabricar\u00e1 la corona y el poste. En la \u00faltima sesi\u00f3n, el dentista sella el poste en la ra\u00edz y coloca la corona.<\/p>\n\n\n\n<p>El resultado debe ser <strong>perfectamente imperceptible<\/strong> (excepto en el caso de las pr\u00f3tesis de oro) y debe encajar en la mand\u00edbula de forma natural.<\/p>\n<div class=\"article-data before-content\"><div class=\"article-data__date\"><div class=\"article-data__date-modified\"><time class=\"published\" datetime=\"2022-10-27T17:45:38+00:00\">This article was originally published on&nbsp;<span class=\"2\">octubre 27, 2022<\/span>&nbsp;and was most recently updated on&nbsp;<span>junio 13, 2023<\/span><\/time><br><\/div><\/div><\/div><div class=\"user-info\">    <div class=\"user-info__body\">\r\n      <div class=\"user-info__caption\"><span>Contributors:<\/span><\/div>\r\n\t\t\t        <div class=\"user-info__wrap \">\r\n          <div class=\"user-info__data\">\r\n            <div class=\"user-info__data__info\">\r\n              <div class=\"photo\">\r\n\t\t\t\t\t\t\t\t<img width=\"66\" height=\"61\" src=\"https:\/\/nutrident.fr\/wp-content\/uploads\/2023\/06\/unnamed-66x61.jpg\" class=\"attachment-profileImageAuthor size-profileImageAuthor wp-post-image\" alt=\"Dr Abel Jes\u00fas Pederzoli\" loading=\"lazy\" srcset=\"https:\/\/nutrident.fr\/wp-content\/uploads\/2023\/06\/unnamed-66x61.jpg 66w, https:\/\/nutrident.fr\/wp-content\/uploads\/2023\/06\/unnamed-300x279.jpg 300w, https:\/\/nutrident.fr\/wp-content\/uploads\/2023\/06\/unnamed-1024x952.jpg 1024w, https:\/\/nutrident.fr\/wp-content\/uploads\/2023\/06\/unnamed-768x714.jpg 768w, https:\/\/nutrident.fr\/wp-content\/uploads\/2023\/06\/unnamed-204x190.jpg 204w, https:\/\/nutrident.fr\/wp-content\/uploads\/2023\/06\/unnamed-120x112.jpg 120w, https:\/\/nutrident.fr\/wp-content\/uploads\/2023\/06\/unnamed.jpg 1125w\" sizes=\"(max-width: 66px) 100vw, 66px\" \/>              <\/div>\r\n              <a href=\"https:\/\/nutrident.fr\/es\/author\/dr-abel-jesus-pederzoli\/\" class=\"name\">Dr Abel Jes\u00fas Pederzoli<\/a>\r\n            <\/div>\r\n            <div class=\"user-info__data__social\">\r\n\t\t\t\t\t\t\t\t\t\t\t\t\t\t\t\t\t\t\t\t\t          <a href=\"https:\/\/clinicaleixample.es\/\"\r\n             class=\"soc-item website\">website<\/a>\r\n\t\t\t\t          <a href=\"http:\/\/linkedin.com\/in\/abel-jes%C3%BAs-pederzoli\"\r\n             class=\"soc-item linkedin\">linkedin<\/a>\r\n\t\t\t\t            <\/div>\r\n          <\/div>\r\n          <div class=\"user-info__description\">\r\n\t\t\t\t\t\t\t\t\t\t\t\t\t<p>Con t\u00edtulos obtenidos en la Facultad de Odontolog\u00eda de la Universidad Nacional de La Plata y una participaci\u00f3n activa en congresos y jornadas, el Dr. Pederzoli se mantiene actualizado en las \u00faltimas t\u00e9cnicas y avances en odontolog\u00eda. Actualmente se encuentra desarrollando un proyecto de consultor\u00eda tecnol\u00f3gica aplicada a cl\u00ednicas dentales.<\/p>\n\t\t\t\t\t\t          <\/div>\r\n        <\/div>\r\n\t\t\t\t    <\/div>\r\n\t<\/div><!--copyscapeskip--><div class=\"medical_references\"><div class=\"medical_references__heading\"><span>Fuentes M\u00e9dicas<\/span><\/div><div class=\"medical_references__list\"><p><strong>Scielo:<\/strong> <a href=\"https:\/\/scielo.isciii.es\/scielo.php?script=sci_arttext&pid=S0213-12852016000600005\" target=\"_blank\" rel=\"noopener\">Reconstrucci\u00f3n del diente endodonciado con postes colados o espigas de fibra. Revisi\u00f3n bibliogr\u00e1fica<\/a>. Consultado el 28 de febrero de 2023.<\/p>\n<p><strong>NIH:<\/strong> <a href=\"https:\/\/pubmed.ncbi.nlm.nih.gov\/1062314\/\" target=\"_blank\" rel=\"noopener\">Pins and posts&#8211;why, when and how<\/a>. Consultado el 28 de febrero de 2023.<\/p>\n<\/div><\/div><!--\/copyscapeskip-->","protected":false},"excerpt":{"rendered":"<p>Contributor:&nbsp; Dr Abel Jes\u00fas Pederzoli Updated:&nbsp;junio 13, 2023 Si un diente est\u00e1 demasiado da\u00f1ado para recibir una corona directamente, el dentista puede proponer el uso de un perno dental. Para saber en qu\u00e9 situaciones se puede utilizar un poste y c\u00f3mo se coloca esta pr\u00f3tesis, Nutrident te ofrece toda la informaci\u00f3n detallada. \u00bfQu\u00e9 es un [&hellip;]<\/p>\n","protected":false},"author":2,"featured_media":16797,"parent":0,"menu_order":0,"comment_status":"open","ping_status":"open","template":"","meta":{"inline_featured_image":false},"acf":[],"_links":{"self":[{"href":"https:\/\/nutrident.fr\/es\/wp-json\/wp\/v2\/pages\/16796"}],"collection":[{"href":"https:\/\/nutrident.fr\/es\/wp-json\/wp\/v2\/pages"}],"about":[{"href":"https:\/\/nutrident.fr\/es\/wp-json\/wp\/v2\/types\/page"}],"author":[{"embeddable":true,"href":"https:\/\/nutrident.fr\/es\/wp-json\/wp\/v2\/users\/2"}],"replies":[{"embeddable":true,"href":"https:\/\/nutrident.fr\/es\/wp-json\/wp\/v2\/comments?post=16796"}],"version-history":[{"count":10,"href":"https:\/\/nutrident.fr\/es\/wp-json\/wp\/v2\/pages\/16796\/revisions"}],"predecessor-version":[{"id":21944,"href":"https:\/\/nutrident.fr\/es\/wp-json\/wp\/v2\/pages\/16796\/revisions\/21944"}],"wp:featuredmedia":[{"embeddable":true,"href":"https:\/\/nutrident.fr\/es\/wp-json\/wp\/v2\/media\/16797"}],"wp:attachment":[{"href":"https:\/\/nutrident.fr\/es\/wp-json\/wp\/v2\/media?parent=16796"}],"curies":[{"name":"wp","href":"https:\/\/api.w.org\/{rel}","templated":true}]}}