

{"id":16799,"date":"2022-10-27T17:46:13","date_gmt":"2022-10-27T17:46:13","guid":{"rendered":"https:\/\/nutrident.fr\/?page_id=16799"},"modified":"2023-06-13T10:27:34","modified_gmt":"2023-06-13T10:27:34","slug":"implantes-dentales-precio","status":"publish","type":"page","link":"https:\/\/nutrident.fr\/es\/implantes-dentales-precio\/","title":{"rendered":"Precio de los implantes dentales y consejos para reducir tu presupuesto"},"content":{"rendered":"<div class=\"meta\"><div class=\"meta__users\">    <div class=\"meta__users__reviewed\">\r\n      <p class=\"meta__users__caption\">Contributor:&nbsp;<\/p>\r\n      <div class=\"users\">\r\n        <span class=\"users__user\">\r\n          <a href=\"#\">Dr Abel Jes\u00fas Pederzoli<\/a>\r\n        <\/span>\r\n      <\/div>\r\n    <\/div>\r\n\t<\/div><div class=\"meta__date-modified\">Updated:&nbsp;<span>junio 13, 2023<\/span><\/div><\/div><div class=\"wp-block-image\">\n<figure class=\"alignright size-large is-resized\"><img src=\"https:\/\/nutrident.fr\/wp-content\/uploads\/2023\/02\/implantes-dentales-1024x795.jpg\" alt=\"\" class=\"wp-image-20333\" width=\"300\" height=\"200\"\/><\/figure><\/div>\n\n\n<p>Los implantes dentales son una soluci\u00f3n muy efectiva para reemplazar un diente perdido o da\u00f1ado. Sin embargo, una de las principales preocupaciones al considerar ponerse implantes dentales es su precio. El coste de este tratamiento puede variar dependiendo del dentista, la regi\u00f3n geogr\u00e1fica, el tipo y n\u00famero de implantes, entre otros factores. Adem\u00e1s, el precio total puede incluir otros procedimientos como los ex\u00e1menes de diagn\u00f3stico, el coste de los implantes en s\u00ed, la cirug\u00eda, el cuidado postoperatorio, etc. <\/p>\n\n\n\n<p>En este art\u00edculo, exploraremos los factores que influyen en el precio de los implantes dentales y ofreceremos algunos consejos para ahorrar a la hora de someterse a este tratamiento. <\/p>\n\n\n\n<div id=\"ez-toc-container\" class=\"ez-toc-v2_0_33_2 counter-hierarchy ez-toc-counter ez-toc-white ez-toc-container-direction\">\n<div class=\"ez-toc-title-container\">\n<p class=\"ez-toc-title\">Contenus<\/p>\n<span class=\"ez-toc-title-toggle\"><a href=\"#\" class=\"ez-toc-pull-right ez-toc-btn ez-toc-btn-xs ez-toc-btn-default ez-toc-toggle\" style=\"display: none;\"><label for=\"item\" aria-label=\"Tabla de contenidos\"><i class=\"ez-toc-glyphicon ez-toc-icon-toggle\"><\/i><\/label><input type=\"checkbox\" id=\"item\"><\/a><\/span><\/div>\n<nav><ul class='ez-toc-list ez-toc-list-level-1'><li class='ez-toc-page-1 ez-toc-heading-level-2'><a class=\"ez-toc-link ez-toc-heading-1\" href=\"https:\/\/nutrident.fr\/es\/implantes-dentales-precio\/#%C2%BFDe_que_depende_el_precio_de_los_implantes_dentales\" title=\"\u00bfDe qu\u00e9 depende el precio de los implantes dentales?\">\u00bfDe qu\u00e9 depende el precio de los implantes dentales?<\/a><\/li><li class='ez-toc-page-1 ez-toc-heading-level-2'><a class=\"ez-toc-link ez-toc-heading-2\" href=\"https:\/\/nutrident.fr\/es\/implantes-dentales-precio\/#%C2%BFCual_es_el_precio_de_un_implante_dental\" title=\"\u00bfCu\u00e1l es el precio de un implante dental?\">\u00bfCu\u00e1l es el precio de un implante dental?<\/a><\/li><li class='ez-toc-page-1 ez-toc-heading-level-2'><a class=\"ez-toc-link ez-toc-heading-3\" href=\"https:\/\/nutrident.fr\/es\/implantes-dentales-precio\/#Implantes_dentales_%C2%BFque_cubre_la_seguridad_social\" title=\"Implantes dentales: \u00bfqu\u00e9 cubre la seguridad social?\">Implantes dentales: \u00bfqu\u00e9 cubre la seguridad social?<\/a><\/li><li class='ez-toc-page-1 ez-toc-heading-level-2'><a class=\"ez-toc-link ez-toc-heading-4\" href=\"https:\/\/nutrident.fr\/es\/implantes-dentales-precio\/#Consejos_para_reducir_el_precio_de_los_implantes_dentales\" title=\"Consejos para reducir el precio de los implantes dentales\">Consejos para reducir el precio de los implantes dentales<\/a><\/li><\/ul><\/nav><\/div>\n<h2><span class=\"ez-toc-section\" id=\"%C2%BFDe_que_depende_el_precio_de_los_implantes_dentales\"><\/span>\u00bfDe qu\u00e9 depende el precio de los implantes dentales?<span class=\"ez-toc-section-end\"><\/span><\/h2>\n\n\n\n<p>Es importante que conozcas las <strong>diferentes variables que afectar\u00e1n el coste<\/strong> de todo el proceso de colocaci\u00f3n de uno o varios <a href=\"https:\/\/nutrident.fr\/es\/implantes-dentales\/\" target=\"_blank\" data-type=\"URL\" data-id=\"https:\/\/nutrident.fr\/es\/implantes-dentales\/\" rel=\"noreferrer noopener\">implantes dentales<\/a>. A continuaci\u00f3n se enumeran los principales factores que determinan el precio de este tratamiento:<\/p>\n\n\n\n<ul><li><strong>Honorarios del dentista: <\/strong>los honorarios de los distintos dentistas var\u00edan mucho (los m\u00e1s experimentados y reputados suelen tener honorarios m\u00e1s elevados), por lo que conviene comparar precios<\/li><li><strong>El n\u00famero de implantes a colocar<\/strong><\/li><li><strong>La calidad de los implantes:<\/strong> los implantes de zirconio son dos veces m\u00e1s caros que los de titanio<\/li><li><strong>El coste de la pr\u00f3tesis: <\/strong>es decir, todo el proceso de fabricaci\u00f3n y colocaci\u00f3n de las pr\u00f3tesis o <a href=\"https:\/\/nutrident.fr\/es\/coronas-dentales\/\" target=\"_blank\" data-type=\"URL\" data-id=\"https:\/\/nutrident.fr\/es\/coronas-dentales\/\" rel=\"noreferrer noopener\">coronas<\/a> que se fijan sobre los implantes. Esto incluye los honorarios del prot\u00e9sico, la complejidad de la pr\u00f3tesis y los materiales utilizados<\/li><li><strong>La complejidad de la operaci\u00f3n:<\/strong> depender\u00e1, entre otras cosas, de la posici\u00f3n de los dientes a sustituir, de la necesidad de un injerto \u00f3seo y del estado bucal<\/li><li>Ex\u00e1menes adicionales realizados (radiograf\u00edas, esc\u00e1neres, etc.)<\/li><li><strong>La t\u00e9cnica utilizada<\/strong> (carga inmediata o retardada, etc.)<\/li><li><strong>Ubicaci\u00f3n geogr\u00e1fica:<\/strong> es importante saber que los precios que se cobran en Espa\u00f1a por la implantolog\u00eda son m\u00e1s caros que en otros pa\u00edses de Europa<\/li><\/ul>\n\n\n\n<h2><span class=\"ez-toc-section\" id=\"%C2%BFCual_es_el_precio_de_un_implante_dental\"><\/span>\u00bfCu\u00e1l es el precio de un implante dental?<span class=\"ez-toc-section-end\"><\/span><\/h2>\n\n\n\n<p>El precio de un implante dental var\u00eda entre los 1.200 y los 1.800 euros y suele incluir la corona dental, que puede costar entre 400 y 600 euros.<\/p>\n\n\n\n<p>Por cada procedimiento adicional se debe agregar una suma extra:<\/p>\n\n\n<div class=\"wp-block-image\">\n<figure class=\"alignright size-full is-resized\"><img src=\"https:\/\/nutrident.fr\/wp-content\/uploads\/2023\/05\/Depositphotos_268809536_S.jpg\" alt=\"\" class=\"wp-image-21282\" width=\"250\" height=\"182\" srcset=\"https:\/\/nutrident.fr\/wp-content\/uploads\/2023\/05\/Depositphotos_268809536_S.jpg 1000w, https:\/\/nutrident.fr\/wp-content\/uploads\/2023\/05\/Depositphotos_268809536_S-300x218.jpg 300w, https:\/\/nutrident.fr\/wp-content\/uploads\/2023\/05\/Depositphotos_268809536_S-768x558.jpg 768w, https:\/\/nutrident.fr\/wp-content\/uploads\/2023\/05\/Depositphotos_268809536_S-254x185.jpg 254w, https:\/\/nutrident.fr\/wp-content\/uploads\/2023\/05\/Depositphotos_268809536_S-66x48.jpg 66w, https:\/\/nutrident.fr\/wp-content\/uploads\/2023\/05\/Depositphotos_268809536_S-120x87.jpg 120w\" sizes=\"(max-width: 250px) 100vw, 250px\" \/><\/figure><\/div>\n\n\n<ul><li><strong>Injerto de hueso en la mand\u00edbula: <\/strong> los precios son muy variables, puede costar entre 600 y 5000 euros<\/li><li><strong>Extracci\u00f3n dental: <\/strong>entre 60 y 250 euros para una extracci\u00f3n b\u00e1sica y entre 100 y 500 euros para una extracci\u00f3n quir\u00fargica<\/li><li><strong>Ex\u00e1menes complementarios: <\/strong>de 10 a 150 euros por las radiograf\u00edas y entre 150 y 400 euros por el esc\u00e1ner.<\/li><\/ul>\n\n\n\n<p>Todos estos servicios adicionales pueden elevar f\u00e1cilmente la factura total de la sustituci\u00f3n de un solo diente a unos <strong>3500 euros <\/strong>(entre 2000 y 5000 euros).<\/p>\n\n\n\n<p>Para la sustituci\u00f3n de todos los dientes de ambos maxilares con implantes, puedes esperar pagar entre <strong>30.<\/strong><strong>000<\/strong> y <strong>60.000<\/strong> euros, con un precio medio m\u00e1s cercano a los<strong> 35.000 euros<\/strong>.<\/p>\n\n\n\n<h2><span class=\"ez-toc-section\" id=\"Implantes_dentales_%C2%BFque_cubre_la_seguridad_social\"><\/span>Implantes dentales: \u00bfqu\u00e9 cubre la seguridad social?<span class=\"ez-toc-section-end\"><\/span><\/h2>\n\n\n\n<p><strong>Casi nada.<\/strong> La Seguridad Social en Espa\u00f1a solo cubre el coste de los implantes dentales de personas que han perdido los dientes despu\u00e9s de un tratamiento contra el c\u00e1ncer o en caso de malformaciones gen\u00e9ticas que provoquen anodoncia (ausencia total de dientes).<\/p>\n\n\n\n<p>Por ello, es conveniente optar por un <strong>seguro privado que cubra el tratamiento de implantes dentales<\/strong>. De hecho, algunos de ellos reembolsan al menos una parte de los gastos derivados de este tipo de intervenciones. As\u00ed que no dudes en utilizar los comparadores de mutuas online para elegir la que mejor se adapte a tus necesidades y reducir al m\u00e1ximo el importe que pagar\u00e1s de tu bolsillo.<\/p>\n\n\n\n<h2><span class=\"ez-toc-section\" id=\"Consejos_para_reducir_el_precio_de_los_implantes_dentales\"><\/span>Consejos para reducir el precio de los implantes dentales<span class=\"ez-toc-section-end\"><\/span><\/h2>\n\n\n\n<p>Dado el <a href=\"https:\/\/nutrident.fr\/es\/?page_id=16794\">elevado coste de los implantes dentales<\/a> y el hecho de que no est\u00e1n cubiertos por el seguro m\u00e9dico, te proponemos algunas soluciones para reducir tu presupuesto:<\/p>\n\n\n\n<ul><li>Obtener presupuestos de varios dentistas<\/li><li>Contratar un seguro m\u00e9dico que reembolse parte del tratamiento<\/li><li>Turismo dental, especialmente en <a href=\"https:\/\/nutrident.fr\/es\/turismo-dental-hungria\/\" data-type=\"URL\" data-id=\"https:\/\/nutrident.fr\/es\/turismo-dental-hungria\/\" target=\"_blank\" rel=\"noreferrer noopener\">Hungr\u00eda<\/a><\/li><li>Acudir a escuelas de odontolog\u00eda<\/li><\/ul>\n<div class=\"article-data before-content\"><div class=\"article-data__date\"><div class=\"article-data__date-modified\"><time class=\"published\" datetime=\"2022-10-27T17:46:13+00:00\">This article was originally published on&nbsp;<span class=\"2\">octubre 27, 2022<\/span>&nbsp;and was most recently updated on&nbsp;<span>junio 13, 2023<\/span><\/time><br><\/div><\/div><\/div><div class=\"user-info\">    <div class=\"user-info__body\">\r\n      <div class=\"user-info__caption\"><span>Contributors:<\/span><\/div>\r\n\t\t\t        <div class=\"user-info__wrap \">\r\n          <div class=\"user-info__data\">\r\n            <div class=\"user-info__data__info\">\r\n              <div class=\"photo\">\r\n\t\t\t\t\t\t\t\t<img width=\"66\" height=\"61\" src=\"https:\/\/nutrident.fr\/wp-content\/uploads\/2023\/06\/unnamed-66x61.jpg\" class=\"attachment-profileImageAuthor size-profileImageAuthor wp-post-image\" alt=\"Dr Abel Jes\u00fas Pederzoli\" loading=\"lazy\" srcset=\"https:\/\/nutrident.fr\/wp-content\/uploads\/2023\/06\/unnamed-66x61.jpg 66w, https:\/\/nutrident.fr\/wp-content\/uploads\/2023\/06\/unnamed-300x279.jpg 300w, https:\/\/nutrident.fr\/wp-content\/uploads\/2023\/06\/unnamed-1024x952.jpg 1024w, https:\/\/nutrident.fr\/wp-content\/uploads\/2023\/06\/unnamed-768x714.jpg 768w, https:\/\/nutrident.fr\/wp-content\/uploads\/2023\/06\/unnamed-204x190.jpg 204w, https:\/\/nutrident.fr\/wp-content\/uploads\/2023\/06\/unnamed-120x112.jpg 120w, https:\/\/nutrident.fr\/wp-content\/uploads\/2023\/06\/unnamed.jpg 1125w\" sizes=\"(max-width: 66px) 100vw, 66px\" \/>              <\/div>\r\n              <a href=\"https:\/\/nutrident.fr\/es\/author\/dr-abel-jesus-pederzoli\/\" class=\"name\">Dr Abel Jes\u00fas Pederzoli<\/a>\r\n            <\/div>\r\n            <div class=\"user-info__data__social\">\r\n\t\t\t\t\t\t\t\t\t\t\t\t\t\t\t\t\t\t\t\t\t          <a href=\"https:\/\/clinicaleixample.es\/\"\r\n             class=\"soc-item website\">website<\/a>\r\n\t\t\t\t          <a href=\"http:\/\/linkedin.com\/in\/abel-jes%C3%BAs-pederzoli\"\r\n             class=\"soc-item linkedin\">linkedin<\/a>\r\n\t\t\t\t            <\/div>\r\n          <\/div>\r\n          <div class=\"user-info__description\">\r\n\t\t\t\t\t\t\t\t\t\t\t\t\t<p>Con t\u00edtulos obtenidos en la Facultad de Odontolog\u00eda de la Universidad Nacional de La Plata y una participaci\u00f3n activa en congresos y jornadas, el Dr. Pederzoli se mantiene actualizado en las \u00faltimas t\u00e9cnicas y avances en odontolog\u00eda. Actualmente se encuentra desarrollando un proyecto de consultor\u00eda tecnol\u00f3gica aplicada a cl\u00ednicas dentales.<\/p>\n\t\t\t\t\t\t          <\/div>\r\n        <\/div>\r\n\t\t\t\t    <\/div>\r\n\t<\/div>","protected":false},"excerpt":{"rendered":"<p>Contributor:&nbsp; Dr Abel Jes\u00fas Pederzoli Updated:&nbsp;junio 13, 2023 Los implantes dentales son una soluci\u00f3n muy efectiva para reemplazar un diente perdido o da\u00f1ado. Sin embargo, una de las principales preocupaciones al considerar ponerse implantes dentales es su precio. El coste de este tratamiento puede variar dependiendo del dentista, la regi\u00f3n geogr\u00e1fica, el tipo y n\u00famero [&hellip;]<\/p>\n","protected":false},"author":2,"featured_media":20333,"parent":0,"menu_order":0,"comment_status":"open","ping_status":"open","template":"","meta":{"inline_featured_image":false},"acf":[],"_links":{"self":[{"href":"https:\/\/nutrident.fr\/es\/wp-json\/wp\/v2\/pages\/16799"}],"collection":[{"href":"https:\/\/nutrident.fr\/es\/wp-json\/wp\/v2\/pages"}],"about":[{"href":"https:\/\/nutrident.fr\/es\/wp-json\/wp\/v2\/types\/page"}],"author":[{"embeddable":true,"href":"https:\/\/nutrident.fr\/es\/wp-json\/wp\/v2\/users\/2"}],"replies":[{"embeddable":true,"href":"https:\/\/nutrident.fr\/es\/wp-json\/wp\/v2\/comments?post=16799"}],"version-history":[{"count":11,"href":"https:\/\/nutrident.fr\/es\/wp-json\/wp\/v2\/pages\/16799\/revisions"}],"predecessor-version":[{"id":21874,"href":"https:\/\/nutrident.fr\/es\/wp-json\/wp\/v2\/pages\/16799\/revisions\/21874"}],"wp:featuredmedia":[{"embeddable":true,"href":"https:\/\/nutrident.fr\/es\/wp-json\/wp\/v2\/media\/20333"}],"wp:attachment":[{"href":"https:\/\/nutrident.fr\/es\/wp-json\/wp\/v2\/media?parent=16799"}],"curies":[{"name":"wp","href":"https:\/\/api.w.org\/{rel}","templated":true}]}}