

{"id":16803,"date":"2022-10-27T17:46:54","date_gmt":"2022-10-27T17:46:54","guid":{"rendered":"https:\/\/nutrident.fr\/?page_id=16803"},"modified":"2023-06-13T10:32:58","modified_gmt":"2023-06-13T10:32:58","slug":"stripping-dental","status":"publish","type":"page","link":"https:\/\/nutrident.fr\/es\/ortodoncia\/stripping-dental\/","title":{"rendered":"Limar los dientes: todo lo que necesitas saber sobre el stripping dental"},"content":{"rendered":"<div class=\"meta\"><div class=\"meta__users\">    <div class=\"meta__users__reviewed\">\r\n      <p class=\"meta__users__caption\">Contributor:&nbsp;<\/p>\r\n      <div class=\"users\">\r\n        <span class=\"users__user\">\r\n          <a href=\"#\">Dr Abel Jes\u00fas Pederzoli<\/a>\r\n        <\/span>\r\n      <\/div>\r\n    <\/div>\r\n\t<\/div><div class=\"meta__date-modified\">Updated:&nbsp;<span>junio 13, 2023<\/span><\/div><\/div>\n<p>Seamos sinceros: todos hemos so\u00f1ado con tener una sonrisa como la de los actores y actrices de los anuncios <a href=\"https:\/\/nutrident.fr\/es\/elegir-la-mejor-pasta-de-dientes\/\" target=\"_blank\" rel=\"noreferrer noopener\">de pasta de dientes<\/a>.<\/p>\n\n\n\n<p>Hoy en d\u00eda, este sue\u00f1o puede hacerse realidad gracias a las numerosas t\u00e9cnicas que existen en el campo de la <a href=\"https:\/\/nutrident.fr\/es\/?page_id=16771\">ortodoncia<\/a>. Entre ellos est\u00e1 el limado de dientes. De esto hablaremos en el siguiente art\u00edculo.<\/p>\n\n\n\n<div id=\"ez-toc-container\" class=\"ez-toc-v2_0_33_2 counter-hierarchy ez-toc-counter ez-toc-white ez-toc-container-direction\">\n<div class=\"ez-toc-title-container\">\n<p class=\"ez-toc-title\">Contenus<\/p>\n<span class=\"ez-toc-title-toggle\"><a href=\"#\" class=\"ez-toc-pull-right ez-toc-btn ez-toc-btn-xs ez-toc-btn-default ez-toc-toggle\" style=\"display: none;\"><label for=\"item\" aria-label=\"Tabla de contenidos\"><i class=\"ez-toc-glyphicon ez-toc-icon-toggle\"><\/i><\/label><input type=\"checkbox\" id=\"item\"><\/a><\/span><\/div>\n<nav><ul class='ez-toc-list ez-toc-list-level-1'><li class='ez-toc-page-1 ez-toc-heading-level-2'><a class=\"ez-toc-link ez-toc-heading-1\" href=\"https:\/\/nutrident.fr\/es\/ortodoncia\/stripping-dental\/#%C2%BFQue_es_el_limado_dental\" title=\"\u00bfQu\u00e9 es el limado dental?\">\u00bfQu\u00e9 es el limado dental?<\/a><\/li><li class='ez-toc-page-1 ez-toc-heading-level-2'><a class=\"ez-toc-link ez-toc-heading-2\" href=\"https:\/\/nutrident.fr\/es\/ortodoncia\/stripping-dental\/#%C2%BFPara_que_sirve_limar_los_dientes\" title=\"\u00bfPara qu\u00e9 sirve limar los dientes?\">\u00bfPara qu\u00e9 sirve limar los dientes?<\/a><\/li><li class='ez-toc-page-1 ez-toc-heading-level-2'><a class=\"ez-toc-link ez-toc-heading-3\" href=\"https:\/\/nutrident.fr\/es\/ortodoncia\/stripping-dental\/#%C2%BFComo_funciona_el_stripping_dental\" title=\"\u00bfC\u00f3mo funciona el stripping dental?\">\u00bfC\u00f3mo funciona el stripping dental?<\/a><\/li><li class='ez-toc-page-1 ez-toc-heading-level-2'><a class=\"ez-toc-link ez-toc-heading-4\" href=\"https:\/\/nutrident.fr\/es\/ortodoncia\/stripping-dental\/#%C2%BFCuales_son_las_medidas_higienicas_y_dieteticas_que_hay_que_seguir_despues_de_un_limado_de_dientes\" title=\"\u00bfCu\u00e1les son las medidas higi\u00e9nicas y diet\u00e9ticas que hay que seguir despu\u00e9s de un limado de dientes?\">\u00bfCu\u00e1les son las medidas higi\u00e9nicas y diet\u00e9ticas que hay que seguir despu\u00e9s de un limado de dientes?<\/a><\/li><li class='ez-toc-page-1 ez-toc-heading-level-2'><a class=\"ez-toc-link ez-toc-heading-5\" href=\"https:\/\/nutrident.fr\/es\/ortodoncia\/stripping-dental\/#%C2%BFCuales_son_los_beneficios_de_limar_los_dientes\" title=\"\u00bfCu\u00e1les son los beneficios de limar los dientes?\">\u00bfCu\u00e1les son los beneficios de limar los dientes?<\/a><\/li><li class='ez-toc-page-1 ez-toc-heading-level-2'><a class=\"ez-toc-link ez-toc-heading-6\" href=\"https:\/\/nutrident.fr\/es\/ortodoncia\/stripping-dental\/#%C2%BFCuales_son_los_riesgos_del_limado_dental\" title=\"\u00bfCu\u00e1les son los riesgos del limado dental?\">\u00bfCu\u00e1les son los riesgos del limado dental?<\/a><\/li><li class='ez-toc-page-1 ez-toc-heading-level-2'><a class=\"ez-toc-link ez-toc-heading-7\" href=\"https:\/\/nutrident.fr\/es\/ortodoncia\/stripping-dental\/#Conclusion\" title=\"Conclusi\u00f3n\">Conclusi\u00f3n<\/a><\/li><li class='ez-toc-page-1 ez-toc-heading-level-2'><a class=\"ez-toc-link ez-toc-heading-8\" href=\"https:\/\/nutrident.fr\/es\/ortodoncia\/stripping-dental\/#Preguntas_frecuentes\" title=\"Preguntas frecuentes\">Preguntas frecuentes<\/a><\/li><\/ul><\/nav><\/div>\n<h2><span class=\"ez-toc-section\" id=\"%C2%BFQue_es_el_limado_dental\"><\/span>\u00bfQu\u00e9 es el limado dental?<span class=\"ez-toc-section-end\"><\/span><\/h2>\n\n\n<div class=\"wp-block-image\">\n<figure class=\"alignright size-medium\"><img width=\"300\" height=\"200\" src=\"https:\/\/nutrident.fr\/wp-content\/uploads\/2020\/04\/Depositphotos_532727326_S-300x200.jpg\" alt=\"stripping dental\" class=\"wp-image-10271\" srcset=\"https:\/\/nutrident.fr\/wp-content\/uploads\/2020\/04\/Depositphotos_532727326_S-300x200.jpg 300w, https:\/\/nutrident.fr\/wp-content\/uploads\/2020\/04\/Depositphotos_532727326_S-768x512.jpg 768w, https:\/\/nutrident.fr\/wp-content\/uploads\/2020\/04\/Depositphotos_532727326_S-254x169.jpg 254w, https:\/\/nutrident.fr\/wp-content\/uploads\/2020\/04\/Depositphotos_532727326_S.jpg 1000w\" sizes=\"(max-width: 300px) 100vw, 300px\" \/><figcaption>\u00bfQu\u00e9 consecuencias tiene el limado de dientes?<\/figcaption><\/figure><\/div>\n\n\n<p>Tambi\u00e9n conocido por su nombre en ingl\u00e9s \u00abstripping\u00bb, se trata de una t\u00e9cnica de ortodoncia que consiste en <strong>modificar el tama\u00f1o o la forma de los dientes<\/strong> reduciendo ligeramente el grosor del esmalte dental mediante un limado instrumental o manual.<\/p>\n\n\n\n<h2><span class=\"ez-toc-section\" id=\"%C2%BFPara_que_sirve_limar_los_dientes\"><\/span>\u00bfPara qu\u00e9 sirve limar los dientes?<span class=\"ez-toc-section-end\"><\/span><\/h2>\n\n\n\n<p>El limado de dientes se usa, en la mayor\u00eda de los casos, <strong>con fines est\u00e9ticos<\/strong>, pero a veces puede estar indicado como tratamiento en determinadas situaciones. A continuaci\u00f3n enumeramos las indicaciones m\u00e1s frecuentes de esta t\u00e9cnica:<\/p>\n\n\n\n<ul><li>La <strong>desarmon\u00eda dental<\/strong>, es decir, la falta de armon\u00eda en cuanto a la forma o el tama\u00f1o de los dientes, como por ejemplo: incisivos centrales superiores demasiado largos o protruidos (com\u00fanmente llamados \u00ab<a href=\"https:\/\/nutrident.fr\/es\/ortodoncia\/retrognatismo-mandibular\/\" data-type=\"URL\" data-id=\"https:\/\/nutrident.fr\/es\/ortodoncia\/retrognatismo-mandibular\/\" target=\"_blank\" rel=\"noreferrer noopener\">dientes de conejo<\/a>\u00ab), dientes demasiado puntiagudos, desproporci\u00f3n entre los dientes superiores e inferiores, entre otros.<\/li><li><strong>Desarmon\u00eda dentomaxilar<\/strong>, es decir, cuando no hay suficiente espacio en la mand\u00edbula para permitir una alineaci\u00f3n adecuada de todos los dientes, lo que hace que <a href=\"https:\/\/nutrident.fr\/es\/apinamiento-dental\/\" data-type=\"URL\" data-id=\"https:\/\/nutrident.fr\/es\/apinamiento-dental\/\" target=\"_blank\" rel=\"noreferrer noopener\">se superpongan<\/a>.<\/li><li>Los <strong>tri\u00e1ngulos negros<\/strong> o troneras, cuando se forma un hueco entre dos dientes, generalmente entre los dos incisivos centrales superiores, debido a la ausencia de tejido gingival en este punto.<\/li><li><strong>El bruxismo<\/strong>, que se refiere al acto de \u00ab<a href=\"https:\/\/nutrident.fr\/es\/bruxismo\/\" data-type=\"URL\" data-id=\"https:\/\/nutrident.fr\/es\/bruxismo\/\" target=\"_blank\" rel=\"noreferrer noopener\">rechinar de dientes<\/a>\u00ab.<\/li><li>Antes de colocar una <a href=\"https:\/\/nutrident.fr\/es\/coronas-dentales\/\" data-type=\"URL\" data-id=\"https:\/\/nutrident.fr\/es\/coronas-dentales\/\" target=\"_blank\" rel=\"noreferrer noopener\">corona<\/a> o aparatos de <a href=\"https:\/\/nutrident.fr\/es\/ortodoncia\/\" data-type=\"URL\" data-id=\"https:\/\/nutrident.fr\/es\/ortodoncia\/\" target=\"_blank\" rel=\"noreferrer noopener\">ortodoncia<\/a>.<\/li><li><a href=\"https:\/\/nutrident.fr\/es\/?p=15408\" data-type=\"URL\" data-id=\"https:\/\/nutrident.fr\/es\/?p=15408\" target=\"_blank\" rel=\"noreferrer noopener\">Dientes rotos<\/a> debido a un accidente.<\/li><\/ul>\n\n\n\n<p>Existen otras indicaciones para el stripping dental, en todos los casos solo el dentista u ortodoncista est\u00e1 en condiciones de proponerlo despu\u00e9s de haber evaluado con precisi\u00f3n los riesgos y beneficios.<\/p>\n\n\n\n<h2><span class=\"ez-toc-section\" id=\"%C2%BFComo_funciona_el_stripping_dental\"><\/span>\u00bfC\u00f3mo funciona el stripping dental?<span class=\"ez-toc-section-end\"><\/span><\/h2>\n\n\n\n<p>Para limar los dientes debes acudir a la consulta de un ortodoncista. Este seguir\u00e1 los siguientes pasos:<\/p>\n\n\n\n<ul><li>En primer lugar, har\u00e1 un <strong>radiograf\u00edas dentales panor\u00e1micas<\/strong> para determinar con precisi\u00f3n el espesor m\u00e1ximo de esmalte que se puede limar, que suele estar entre<strong> los 0,1 y 0,5 mm.<\/strong> Esta medida difiere de una persona a otra, pero siempre se hace a expensas de las zonas de esmalte que se deterioran de forma natural.<\/li><li>La operaci\u00f3n se realiza sin anestesia, pero el esmalte dental es un tejido no nervioso, por lo que puedes estar seguro de que no sentir\u00e1s <strong>ning\u00fan dolor<\/strong>.<\/li><li>El limado propiamente dicho, etapa en la que el ortodoncista puede utilizar una fresa o disco de diamante (t\u00e9cnica mec\u00e1nica), papeles abrasivos muy finos o una lima dental llamada \u00abstrip\u00bb (t\u00e9cnica manual).<\/li><\/ul>\n\n\n\n<p>La duraci\u00f3n total del procedimiento var\u00eda seg\u00fan la cantidad de <a href=\"https:\/\/nutrident.fr\/es\/?page_id=17011\">esmalte<\/a> que haya que limar, pero en general bastan unos 15 minutos. Despu\u00e9s de limar los dientes, deben adoptarse algunas normas higi\u00e9nicas y diet\u00e9ticas para evitar ciertas complicaciones.<\/p>\n\n\n\n<h2><span class=\"ez-toc-section\" id=\"%C2%BFCuales_son_las_medidas_higienicas_y_dieteticas_que_hay_que_seguir_despues_de_un_limado_de_dientes\"><\/span>\u00bfCu\u00e1les son las medidas higi\u00e9nicas y diet\u00e9ticas que hay que seguir despu\u00e9s de un limado de dientes?<span class=\"ez-toc-section-end\"><\/span><\/h2>\n\n\n\n<p>Despu\u00e9s del limado dental, deben seguirse una serie de reglas o recomendaciones:<\/p>\n\n\n<div class=\"wp-block-image\">\n<figure class=\"alignright size-medium\"><img width=\"300\" height=\"200\" src=\"https:\/\/nutrident.fr\/wp-content\/uploads\/2020\/04\/Depositphotos_37747129_S-300x200.jpg\" alt=\"limar los dientes\" class=\"wp-image-10274\" srcset=\"https:\/\/nutrident.fr\/wp-content\/uploads\/2020\/04\/Depositphotos_37747129_S-300x200.jpg 300w, https:\/\/nutrident.fr\/wp-content\/uploads\/2020\/04\/Depositphotos_37747129_S-768x513.jpg 768w, https:\/\/nutrident.fr\/wp-content\/uploads\/2020\/04\/Depositphotos_37747129_S-254x170.jpg 254w, https:\/\/nutrident.fr\/wp-content\/uploads\/2020\/04\/Depositphotos_37747129_S.jpg 999w\" sizes=\"(max-width: 300px) 100vw, 300px\" \/><figcaption>Se recomienda utilizar el hilo dental despu\u00e9s de limar los dientes<\/figcaption><\/figure><\/div>\n\n\n<ul><li>Usar <strong>dent\u00edfricos con<\/strong> <strong>fl\u00faor<\/strong> (la mayor\u00eda de los dent\u00edfricos del mercado lo contienen) para fortalecer el esmalte dental<\/li><li>Aumentar el n\u00famero de veces que te cepillas los dientes, idealmente <strong>despu\u00e9s de cada comida<\/strong><\/li><li>Utilizar <a href=\"https:\/\/nutrident.fr\/es\/hilo-dental\/\">hilo dental<\/a>, <a href=\"https:\/\/nutrident.fr\/es\/cepillo-interdental\/\">cepillos interdentales<\/a> y limpiadores linguales con m\u00e1s frecuencia<\/li><li>Llevar una <strong>dieta equilibrada<\/strong> (trata de no comer dulces)<\/li><\/ul>\n\n\n\n<p>En general, despu\u00e9s de un procedimiento de stripping deben reforzarse las medidas de higiene bucodental, ya que el esmalte dental es una capa protectora muy importante y su reducci\u00f3n hace que <strong>el<\/strong> <strong>diente sea m\u00e1s fr\u00e1gil y vulnerable<\/strong> a las caries.<\/p>\n\n\n\n<h2><span class=\"ez-toc-section\" id=\"%C2%BFCuales_son_los_beneficios_de_limar_los_dientes\"><\/span>\u00bfCu\u00e1les son los beneficios de limar los dientes?<span class=\"ez-toc-section-end\"><\/span><\/h2>\n\n\n\n<p>La principal ventaja del stripping dental es que permite corregir los <strong>dientes superpuestos<\/strong> (api\u00f1amiento dental) sin recurrir a una extracci\u00f3n dental m\u00e1s engorrosa e invasiva.<\/p>\n\n\n\n<p>Por otro lado, esta t\u00e9cnica es ideal para <strong>solucionar peque\u00f1os detalles en la dentadura<\/strong>, como los \u00abdientes de conejo\u00bb o los tri\u00e1ngulos negros. Estos no son problemas en s\u00ed mismos, pero pueden ser una fuente de complejos y el hecho de corregirlos har\u00e1 que te sientas mejor contigo mismo.<\/p>\n\n\n\n<p>En general, el stripping dental aporta armon\u00eda a los dientes y <strong>mejora la sonrisa<\/strong>, todo ello sin someterse a una cirug\u00eda invasiva y complicada.<\/p>\n\n\n\n<h2><span class=\"ez-toc-section\" id=\"%C2%BFCuales_son_los_riesgos_del_limado_dental\"><\/span>\u00bfCu\u00e1les son los riesgos del limado dental?<span class=\"ez-toc-section-end\"><\/span><\/h2>\n\n\n\n<p>En primer lugar, es importante tener en cuenta que se trata de un <strong>procedimiento irreversible<\/strong>. De hecho, una vez limado, un diente nunca volver\u00e1 a su forma inicial de forma natural. Por lo tanto, debes pensarlo bien antes de tomar una decisi\u00f3n.<\/p>\n\n\n\n<p>En segundo lugar, la reducci\u00f3n del grosor del esmalte dental aumenta el <strong>riesgo de <a href=\"https:\/\/nutrident.fr\/es\/caries-y-dieta\/\">caries<\/a>. <\/strong>Por eso es importante aplicar rigurosamente las medidas higi\u00e9nicas y diet\u00e9ticas mencionadas.<\/p>\n\n\n\n<p>Adem\u00e1s, se ha observado que los dientes que han sido limados tienen una mayor tendencia a <strong><a href=\"https:\/\/nutrident.fr\/es\/blanqueamiento-profesional\/dientes-amarillos\/\" target=\"_blank\" data-type=\"URL\" data-id=\"https:\/\/nutrident.fr\/es\/blanqueamiento-profesional\/dientes-amarillos\/\" rel=\"noreferrer noopener\">ponerse amarillos<\/a><\/strong> y a mancharse.<\/p>\n\n\n\n<p>Otros efectos del limado de los dientes es que puede contribuir al aumento de la <strong><a href=\"https:\/\/nutrident.fr\/es\/sensibilidad-dental\/\">sensibilidad dental<\/a><\/strong> al fr\u00edo y al calor.<\/p>\n\n\n\n<p>Por \u00faltimo, el stripping dental puede provocar la <strong>desvitalizaci\u00f3n del diente<\/strong> limado. Esta es la complicaci\u00f3n m\u00e1s grave que puede tener esta t\u00e9cnica, pero es bastante rara y en la mayor\u00eda de los casos es el resultado de un trabajo descuidado o de la falta de experiencia del profesional.<\/p>\n\n\n\n<h2><span class=\"ez-toc-section\" id=\"Conclusion\"><\/span>Conclusi\u00f3n<span class=\"ez-toc-section-end\"><\/span><\/h2>\n\n\n\n<p>El stripping dental es una t\u00e9cnica de ortodoncia que se utiliza para <strong>armonizar la sonrisa <\/strong>y hacerla m\u00e1s bella, pero no est\u00e1 exenta de efectos secundarios.<\/p>\n\n\n\n<p>Se trata de una t\u00e9cnica que <strong>debe realizar un profesional,<\/strong> ya que se lleva a cabo seg\u00fan un protocolo muy riguroso y extremadamente preciso (precisi\u00f3n de una d\u00e9cima de mil\u00edmetro). Por eso nunca jam\u00e1s debes limar tus dientes t\u00fa mismo ya que es muy probable que termines da\u00f1\u00e1ndolos.<\/p>\n\n\n\n<h2><span class=\"ez-toc-section\" id=\"Preguntas_frecuentes\"><\/span>Preguntas frecuentes<span class=\"ez-toc-section-end\"><\/span><\/h2>\n\n\n<div id=\"rank-math-faq\" class=\"rank-math-block\">\n<div class=\"rank-math-list \">\n<div id=\"faq-question-1657864400174\" class=\"rank-math-list-item\">\n<h3 class=\"rank-math-question \">\u00bfQu\u00e9 t\u00e9cnica se utiliza para limar los dientes?<\/h3>\n<div class=\"rank-math-answer \">\n\n<p>El limado de los dientes se realiza con tiras abrasivas. Si se requiere una intervenci\u00f3n m\u00e1s profunda, el profesional puede utilizar una peque\u00f1a lima o una fresa.<\/p>\n\n<\/div>\n<\/div>\n<div id=\"faq-question-1657864415785\" class=\"rank-math-list-item\">\n<h3 class=\"rank-math-question \">\u00bfEs peligroso limar los dientes?<\/h3>\n<div class=\"rank-math-answer \">\n\n<p>Este procedimiento no est\u00e1 exento de riesgos. Dientes m\u00e1s d\u00e9biles y sensibles, la p\u00e9rdida de vitalidad y la aparici\u00f3n de caries son algunos de los problemas que puede causar el limado de dientes.<\/p>\n\n<\/div>\n<\/div>\n<div id=\"faq-question-1657864432856\" class=\"rank-math-list-item\">\n<h3 class=\"rank-math-question \">\u00bfEs posible pulir los dientes?<\/h3>\n<div class=\"rank-math-answer \">\n\n<p>Es totalmente posible pulir los dientes con la ayuda de un hidropulidor.<\/p>\n\n<\/div>\n<\/div>\n<\/div>\n<\/div><div class=\"article-data before-content\"><div class=\"article-data__date\"><div class=\"article-data__date-modified\"><time class=\"published\" datetime=\"2022-10-27T17:46:54+00:00\">This article was originally published on&nbsp;<span class=\"2\">octubre 27, 2022<\/span>&nbsp;and was most recently updated on&nbsp;<span>junio 13, 2023<\/span><\/time><br><\/div><\/div><\/div><div class=\"user-info\">    <div class=\"user-info__body\">\r\n      <div class=\"user-info__caption\"><span>Contributors:<\/span><\/div>\r\n\t\t\t        <div class=\"user-info__wrap \">\r\n          <div class=\"user-info__data\">\r\n            <div class=\"user-info__data__info\">\r\n              <div class=\"photo\">\r\n\t\t\t\t\t\t\t\t<img width=\"66\" height=\"61\" src=\"https:\/\/nutrident.fr\/wp-content\/uploads\/2023\/06\/unnamed-66x61.jpg\" class=\"attachment-profileImageAuthor size-profileImageAuthor wp-post-image\" alt=\"Dr Abel Jes\u00fas Pederzoli\" loading=\"lazy\" srcset=\"https:\/\/nutrident.fr\/wp-content\/uploads\/2023\/06\/unnamed-66x61.jpg 66w, https:\/\/nutrident.fr\/wp-content\/uploads\/2023\/06\/unnamed-300x279.jpg 300w, https:\/\/nutrident.fr\/wp-content\/uploads\/2023\/06\/unnamed-1024x952.jpg 1024w, https:\/\/nutrident.fr\/wp-content\/uploads\/2023\/06\/unnamed-768x714.jpg 768w, https:\/\/nutrident.fr\/wp-content\/uploads\/2023\/06\/unnamed-204x190.jpg 204w, https:\/\/nutrident.fr\/wp-content\/uploads\/2023\/06\/unnamed-120x112.jpg 120w, https:\/\/nutrident.fr\/wp-content\/uploads\/2023\/06\/unnamed.jpg 1125w\" sizes=\"(max-width: 66px) 100vw, 66px\" \/>              <\/div>\r\n              <a href=\"https:\/\/nutrident.fr\/es\/author\/dr-abel-jesus-pederzoli\/\" class=\"name\">Dr Abel Jes\u00fas Pederzoli<\/a>\r\n            <\/div>\r\n            <div class=\"user-info__data__social\">\r\n\t\t\t\t\t\t\t\t\t\t\t\t\t\t\t\t\t\t\t\t\t          <a href=\"https:\/\/clinicaleixample.es\/\"\r\n             class=\"soc-item website\">website<\/a>\r\n\t\t\t\t          <a href=\"http:\/\/linkedin.com\/in\/abel-jes%C3%BAs-pederzoli\"\r\n             class=\"soc-item linkedin\">linkedin<\/a>\r\n\t\t\t\t            <\/div>\r\n          <\/div>\r\n          <div class=\"user-info__description\">\r\n\t\t\t\t\t\t\t\t\t\t\t\t\t<p>Con t\u00edtulos obtenidos en la Facultad de Odontolog\u00eda de la Universidad Nacional de La Plata y una participaci\u00f3n activa en congresos y jornadas, el Dr. Pederzoli se mantiene actualizado en las \u00faltimas t\u00e9cnicas y avances en odontolog\u00eda. Actualmente se encuentra desarrollando un proyecto de consultor\u00eda tecnol\u00f3gica aplicada a cl\u00ednicas dentales.<\/p>\n\t\t\t\t\t\t          <\/div>\r\n        <\/div>\r\n\t\t\t\t    <\/div>\r\n\t<\/div><!--copyscapeskip--><div class=\"medical_references\"><div class=\"medical_references__heading\"><span>Fuentes M\u00e9dicas<\/span><\/div><div class=\"medical_references__list\"><p><strong>Scielo:<\/strong> <a href=\"https:\/\/scielo.isciii.es\/scielo.php?script=sci_arttext&pid=S1138-123X2004000200004#\" target=\"_blank\" rel=\"noopener\">Enfoque ortod\u00f3ncico en el tratamiento multidisciplinario de pacientes adultos. El \u00abstripping\u00bb y sus efectos sobre el diente y el periodonto<\/a>.<\/p>\n<p><strong>Revista de Informaci\u00f3n Cient\u00edfica<\/strong>: <a href=\"https:\/\/www.redalyc.org\/pdf\/5517\/551757266006.pdf\" target=\"_blank\" rel=\"noopener\">Aplicaci\u00f3n de Stripping o desgaste interdentario en pacientes con discrepancia hueso-diente negativa<\/a>.<\/p>\n<\/div><\/div><!--\/copyscapeskip-->","protected":false},"excerpt":{"rendered":"<p>Contributor:&nbsp; Dr Abel Jes\u00fas Pederzoli Updated:&nbsp;junio 13, 2023 Seamos sinceros: todos hemos so\u00f1ado con tener una sonrisa como la de los actores y actrices de los anuncios de pasta de dientes. Hoy en d\u00eda, este sue\u00f1o puede hacerse realidad gracias a las numerosas t\u00e9cnicas que existen en el campo de la ortodoncia. Entre ellos est\u00e1 [&hellip;]<\/p>\n","protected":false},"author":2,"featured_media":16827,"parent":16771,"menu_order":0,"comment_status":"open","ping_status":"open","template":"","meta":{"inline_featured_image":false},"acf":[],"_links":{"self":[{"href":"https:\/\/nutrident.fr\/es\/wp-json\/wp\/v2\/pages\/16803"}],"collection":[{"href":"https:\/\/nutrident.fr\/es\/wp-json\/wp\/v2\/pages"}],"about":[{"href":"https:\/\/nutrident.fr\/es\/wp-json\/wp\/v2\/types\/page"}],"author":[{"embeddable":true,"href":"https:\/\/nutrident.fr\/es\/wp-json\/wp\/v2\/users\/2"}],"replies":[{"embeddable":true,"href":"https:\/\/nutrident.fr\/es\/wp-json\/wp\/v2\/comments?post=16803"}],"version-history":[{"count":17,"href":"https:\/\/nutrident.fr\/es\/wp-json\/wp\/v2\/pages\/16803\/revisions"}],"predecessor-version":[{"id":21916,"href":"https:\/\/nutrident.fr\/es\/wp-json\/wp\/v2\/pages\/16803\/revisions\/21916"}],"up":[{"embeddable":true,"href":"https:\/\/nutrident.fr\/es\/wp-json\/wp\/v2\/pages\/16771"}],"wp:featuredmedia":[{"embeddable":true,"href":"https:\/\/nutrident.fr\/es\/wp-json\/wp\/v2\/media\/16827"}],"wp:attachment":[{"href":"https:\/\/nutrident.fr\/es\/wp-json\/wp\/v2\/media?parent=16803"}],"curies":[{"name":"wp","href":"https:\/\/api.w.org\/{rel}","templated":true}]}}