

{"id":16808,"date":"2022-10-27T17:50:35","date_gmt":"2022-10-27T17:50:35","guid":{"rendered":"https:\/\/nutrident.fr\/?page_id=16808"},"modified":"2023-06-15T21:03:30","modified_gmt":"2023-06-15T21:03:30","slug":"boligrafo-blanqueador-dental","status":"publish","type":"page","link":"https:\/\/nutrident.fr\/es\/boligrafo-blanqueador-dental\/","title":{"rendered":"Rotulador: nuestra opini\u00f3n sobre los mejores productos del mercado"},"content":{"rendered":"<div class=\"meta\"><div class=\"meta__users\">    <div class=\"meta__users__reviewed\">\r\n      <p class=\"meta__users__caption\">Contributor:&nbsp;<\/p>\r\n      <div class=\"users\">\r\n        <span class=\"users__user\">\r\n          <a href=\"#\">Dr Abel Jes\u00fas Pederzoli<\/a>\r\n        <\/span>\r\n      <\/div>\r\n    <\/div>\r\n\t<\/div><div class=\"meta__date-modified\">Updated:&nbsp;<span>junio 15, 2023<\/span><\/div><\/div><div class=\"wp-block-image\">\n<figure class=\"alignright size-medium\"><img width=\"300\" height=\"200\" src=\"https:\/\/nutrident.fr\/wp-content\/uploads\/2022\/05\/stylo-blancheur-feature-300x200.jpg\" alt=\"bol\u00edgrafo en blanco\" class=\"wp-image-10227\" srcset=\"https:\/\/nutrident.fr\/wp-content\/uploads\/2022\/05\/stylo-blancheur-feature-300x200.jpg 300w, https:\/\/nutrident.fr\/wp-content\/uploads\/2022\/05\/stylo-blancheur-feature-768x512.jpg 768w, https:\/\/nutrident.fr\/wp-content\/uploads\/2022\/05\/stylo-blancheur-feature-254x169.jpg 254w, https:\/\/nutrident.fr\/wp-content\/uploads\/2022\/05\/stylo-blancheur-feature.jpg 1000w\" sizes=\"(max-width: 300px) 100vw, 300px\" \/><figcaption>Los bol\u00edgrafos blanqueadores permiten realizar retoques espec\u00edficos.  <\/figcaption><\/figure><\/div>\n\n\n<p>Cepillarse los dientes es esencial, pero <strong>no siempre es suficiente para conseguir unos dientes blancos<\/strong>. El color de sus dientes se oscurecer\u00e1 de todos modos a medida que envejezca y en funci\u00f3n de los alimentos y bebidas que consuma. Tambi\u00e9n aparecen manchas, a menudo relacionadas con sus h\u00e1bitos alimenticios y si fuma. <strong> Hay muchas soluciones para este problema, entre ellas la pluma blanqueadora<\/strong>.<\/p>\n\n\n\n<p>Algunos bol\u00edgrafos est\u00e1n dise\u00f1ados para blanquear sus dientes de forma permanente utilizando agentes colorantes como el per\u00f3xido de hidr\u00f3geno, mientras que otros son simplemente herramientas de maquillaje temporal que le permiten <a href=\"https:\/\/nutrident.fr\/es\/?page_id=16818\">disimular las manchas<\/a> mientras espera una endodoncia m\u00e1s completa.<\/p>\n\n\n\n<p><a href=\"https:\/\/nutrident.fr\/es\/\">Nutrident.es<\/a> explica c\u00f3mo funcionan las plumas blanqueadoras y recomienda su selecci\u00f3n.<\/p>\n\n\n\n<div id=\"ez-toc-container\" class=\"ez-toc-v2_0_33_2 counter-hierarchy ez-toc-counter ez-toc-white ez-toc-container-direction\">\n<div class=\"ez-toc-title-container\">\n<p class=\"ez-toc-title\">Contenus<\/p>\n<span class=\"ez-toc-title-toggle\"><a href=\"#\" class=\"ez-toc-pull-right ez-toc-btn ez-toc-btn-xs ez-toc-btn-default ez-toc-toggle\" style=\"display: none;\"><label for=\"item\" aria-label=\"Tabla de contenidos\"><i class=\"ez-toc-glyphicon ez-toc-icon-toggle\"><\/i><\/label><input type=\"checkbox\" id=\"item\"><\/a><\/span><\/div>\n<nav><ul class='ez-toc-list ez-toc-list-level-1'><li class='ez-toc-page-1 ez-toc-heading-level-2'><a class=\"ez-toc-link ez-toc-heading-1\" href=\"https:\/\/nutrident.fr\/es\/boligrafo-blanqueador-dental\/#%C2%BFPor_que_el_boligrafo_de_cegado_en_lugar_de_otro_proceso\" title=\"\u00bfPor qu\u00e9 el bol\u00edgrafo de cegado en lugar de otro proceso?\">\u00bfPor qu\u00e9 el bol\u00edgrafo de cegado en lugar de otro proceso?<\/a><\/li><li class='ez-toc-page-1 ez-toc-heading-level-2'><a class=\"ez-toc-link ez-toc-heading-2\" href=\"https:\/\/nutrident.fr\/es\/boligrafo-blanqueador-dental\/#Nutridentcouk_seleccion_de_las_mejores_plumas_blanqueadoras\" title=\"Nutrident.co.uk selecci\u00f3n de las mejores plumas blanqueadoras\">Nutrident.co.uk selecci\u00f3n de las mejores plumas blanqueadoras<\/a><\/li><li class='ez-toc-page-1 ez-toc-heading-level-2'><a class=\"ez-toc-link ez-toc-heading-3\" href=\"https:\/\/nutrident.fr\/es\/boligrafo-blanqueador-dental\/#Pero_%C2%A1tenga_cuidado_con_su_eleccion\" title=\"Pero \u00a1tenga cuidado con su elecci\u00f3n!\">Pero \u00a1tenga cuidado con su elecci\u00f3n!<\/a><\/li><\/ul><\/nav><\/div>\n<h2><span class=\"ez-toc-section\" id=\"%C2%BFPor_que_el_boligrafo_de_cegado_en_lugar_de_otro_proceso\"><\/span>\u00bfPor qu\u00e9 el bol\u00edgrafo de cegado en lugar de otro proceso?<span class=\"ez-toc-section-end\"><\/span><\/h2>\n\n\n\n<p>Los bol\u00edgrafos de punta son populares por su <strong>facilidad de uso y su r\u00e1pida acci\u00f3n<\/strong>. Dispone de un recipiente del que exprime el gel y lo aplica sobre los dientes con un cepillo.<\/p>\n\n\n\n<p>Dependiendo del proceso, algunos productos requieren tiempo para secarse o hay que enjuagarlo despu\u00e9s de unos minutos, pero esto es sencillo y no requiere ning\u00fan accesorio especial, a diferencia del  <a href=\"https:\/\/nutrident.fr\/es\/blanqueamiento-profesional\/kit-blanqueador-dental\/\" target=\"_blank\" rel=\"noreferrer noopener\">blanqueamiento dental que requiere bandejas en el dentista<\/a>  o la iluminaci\u00f3n con l\u00e1mparas UV.<\/p>\n\n\n\n<p>El bol\u00edgrafo blanqueador cabe en su bolso, e incluso en su bolsillo. <strong>Puede llevarlo a todas partes<\/strong>, para un retoque antes de una fiesta o para sus fines de semana y vacaciones.<\/p>\n\n\n\n<p>Los precios de los bol\u00edgrafos blanqueadores var\u00edan de un producto a otro, pero se mantienen en rangos razonables, a menudo por debajo de los 25 euros.<\/p>\n\n\n\n<h3>La pluma blanqueadora: instrucciones de uso<\/h3>\n\n\n\n<p>Cuando utilice su pluma, consulte las instrucciones de uso, ya que difieren de una marca a otra. Sin embargo, el principio es el mismo para todos: <strong>se aplica un gel blanqueador sobre los dientes con un cepillo<\/strong>.<\/p>\n\n\n\n<p>Compruebe si debe esperar a que se seque o si debe enjuagarse la boca despu\u00e9s.<\/p>\n\n\n\n<h2><span class=\"ez-toc-section\" id=\"Nutridentcouk_seleccion_de_las_mejores_plumas_blanqueadoras\"><\/span>Nutrident.co.uk selecci\u00f3n de las mejores plumas blanqueadoras<span class=\"ez-toc-section-end\"><\/span><\/h2>\n\n\n\n<h3>Bol\u00edgrafo blanco DiamondSmile<\/h3>\n\n\n<div class=\"wp-block-image\">\n<figure class=\"aligncenter size-medium\"><img width=\"300\" height=\"300\" src=\"https:\/\/nutrident.fr\/wp-content\/uploads\/2022\/05\/stylo-blancheur-diamondsmile-300x300.jpeg\" alt=\"Bol\u00edgrafo blanco DiamondSmile\" class=\"wp-image-10431\" srcset=\"https:\/\/nutrident.fr\/wp-content\/uploads\/2022\/05\/stylo-blancheur-diamondsmile-300x300.jpeg 300w, https:\/\/nutrident.fr\/wp-content\/uploads\/2022\/05\/stylo-blancheur-diamondsmile-150x150.jpeg 150w, https:\/\/nutrident.fr\/wp-content\/uploads\/2022\/05\/stylo-blancheur-diamondsmile-190x190.jpeg 190w, https:\/\/nutrident.fr\/wp-content\/uploads\/2022\/05\/stylo-blancheur-diamondsmile.jpeg 600w\" sizes=\"(max-width: 300px) 100vw, 300px\" \/><\/figure><\/div>\n\n\n<p>Este es EL descubrimiento del a\u00f1o 2022. El bol\u00edgrafo de cegado de la marca DiamondSmile es probablemente <strong>el m\u00e1s eficaz<\/strong> en esta categor\u00eda. Sus ingredientes blanqueadores son realmente potentes y ayudan a blanquear los dientes de forma permanente.  <\/p>\n\n\n\n<p><strong>F\u00e1cil de usar<\/strong> y que permite hasta 15 aplicaciones, cabe perfectamente en el bolso y permite centrarse en un solo diente o zona de la boca.  <\/p>\n\n\n\n<p>La pluma blanqueadora DiamondSmile es suave con las enc\u00edas y el esmalte y tambi\u00e9n es adecuada para los dientes sensibles al dolor.<\/p>\n\n\n\n<p>S\u00f3lo podemos aconsejarle que lo pruebe.  <\/p>\n\n\n\n<div class=\"wp-container-1 wp-block-buttons\">\n<div class=\"wp-block-button aligncenter\"><a class=\"wp-block-button__link has-white-color has-text-color has-background\" href=\"https:\/\/www.awin1.com\/cread.php?awinmid=27135&awinaffid=849251&clickref=nutrident&ued=https%3A%2F%2Fdiamondsmileteeth.fr%2Fproducts%2Fstylo-de-blanchiment-dentaire\" style=\"background-color:#41a3e5\" target=\"_blank\" rel=\"noopener\">Pulse aqu\u00ed para comprar este bol\u00edgrafo al mejor precio<\/a><\/div>\n<\/div>\n\n\n\n<h3>El bol\u00edgrafo blanco Very Good Smile<\/h3>\n\n\n<div class=\"wp-block-image\">\n<figure class=\"aligncenter\"><a href=\"https:\/\/www.amazon.fr\/VERY-GOOD-SMILE-blanchissant-fabriqu%C3%A9\/dp\/B07F68ZM94?keywords=stylo+blancheur+very+good+smile&qid=1653035794&sprefix=stylo+blancheur+very+goo%2Caps%2C88&sr=8-5&linkCode=li3&tag=nutrident-21&linkId=43e222cec9da08ad72c23e493a736413&language=fr_FR&ref_=as_li_ss_il\" target=\"_blank\" rel=\"noopener\"><img src=\"\/\/ws-eu.amazon-adsystem.com\/widgets\/q?_encoding=UTF8&ASIN=B07F68ZM94&Format=_SL250_&ID=AsinImage&MarketPlace=FR&ServiceVersion=20070822&WS=1&tag=nutrident-21&language=fr_FR\" alt=\"El bol\u00edgrafo blanco Very Good Smile\"\/><\/a><\/figure><\/div>\n\n\n<p>Very Good Smile pertenece a la categor\u00eda de bol\u00edgrafos blanqueadores que erradican las manchas de la masa dental,<strong> no s\u00f3lo la maquillan<\/strong>.<\/p>\n\n\n\n<p>Very Good Smile contiene menos del 0,1% de per\u00f3xido de hidr\u00f3geno, lo que hace que su uso en los dientes sea seguro. Su acci\u00f3n afecta al esmalte en su totalidad con una acci\u00f3n limpiadora y por tanto blanqueadora.<\/p>\n\n\n\n<p>Very Good Smile ofrece un peque\u00f1o bol\u00edgrafo que puede meter f\u00e1cilmente en su bolso o neceser.<\/p>\n\n\n\n<p>Empiece por cepillarse bien los dientes. Utilice la punta para introducir el gel blanqueador en el aplicador. Aplique el gel sobre los dientes y d\u00e9jelo actuar durante unos diez minutos. A continuaci\u00f3n, debe aclararse el gel.<\/p>\n\n\n\n<p>La frescura y el sabor a menta de Very Good Smile son agradables. Ver\u00e1 los primeros resultados al cabo de una semana. Como la dosis es m\u00e1s baja de lo que ser\u00eda en un dentista, el resultado ser\u00e1, por supuesto, proporcional.<\/p>\n\n\n\n<p>En cualquier caso, el blanqueamiento con per\u00f3xido de hidr\u00f3geno siempre est\u00e1 limitado por el tono natural de sus dientes. Usted ha heredado un determinado tono de dientes y ninguna cantidad de blanqueamiento, incluso en el dentista, puede hacer que sus dientes sean m\u00e1s blancos.<\/p>\n\n\n\n<p>Lea nuestra <a href=\"https:\/\/nutrident.fr\/es\/blanqueamiento-profesional\/lapiz-blanqueador\/very-good-smile\/\" target=\"_blank\" rel=\"noreferrer noopener\">rese\u00f1a del bol\u00edgrafo blanco Very Good Smile<\/a>.<\/p>\n\n\n\n<div class=\"wp-container-2 wp-block-buttons\">\n<div class=\"wp-block-button aligncenter\"><a class=\"wp-block-button__link has-white-color has-text-color has-background\" href=\"https:\/\/amzn.to\/3Pw24hg\" style=\"background-color:#41a3e5\" target=\"_blank\" rel=\"noopener\">Pulse aqu\u00ed para comprar este bol\u00edgrafo al mejor precio<\/a><\/div>\n<\/div>\n\n\n\n<div style=\"height:100px\" aria-hidden=\"true\" class=\"wp-block-spacer\"><\/div>\n\n\n\n<h3>Bol\u00edgrafo manta de frambuesa Bbryance<\/h3>\n\n\n<div class=\"wp-block-image\">\n<figure class=\"aligncenter\"><img src=\"\/\/ws-eu.amazon-adsystem.com\/widgets\/q?_encoding=UTF8&ASIN=B07H324563&Format=_SL250_&ID=AsinImage&MarketPlace=FR&ServiceVersion=20070822&WS=1&tag=nutrident-21&language=fr_FR\" alt=\"Bol\u00edgrafo blanco frambuesa Bbryance\"\/><\/figure><\/div>\n\n\n<p>El bol\u00edgrafo blanqueador Bbryance puede utilizarse para blanquear los dientes posteriores, a los que es dif\u00edcil acceder con la cubeta del kit, o algunos dientes m\u00e1s oscuros que otros para conseguir un blanco uniforme. Es muy pr\u00e1ctico de usar y cabe f\u00e1cilmente en el bolso.<\/p>\n\n\n\n<p>Fabricada en Francia, esta pluma <strong>cumple con todas las directivas europeas<\/strong>. Por lo tanto, puede utilizarlo sin miedo.  <\/p>\n\n\n\n<p>Apreciamos especialmente su agradable sabor a frambuesa y su bonito dise\u00f1o femenino.  <\/p>\n\n\n\n<p>Para utilizarlo, basta con aplicarlo sobre los dientes y dejarlo actuar durante 10 minutos, evitando mover los labios. Luego puede enjuagarse la boca y disfrutar de los resultados.  <\/p>\n\n\n\n<div class=\"wp-container-3 wp-block-buttons\">\n<div class=\"wp-block-button aligncenter\"><a class=\"wp-block-button__link has-white-color has-text-color has-background\" href=\"https:\/\/amzn.to\/3ww03tU\" style=\"background-color:#41a3e5\" target=\"_blank\" rel=\"noopener\">Pulse aqu\u00ed para comprar este bol\u00edgrafo al mejor precio<\/a><\/div>\n<\/div>\n\n\n\n<div style=\"height:100px\" aria-hidden=\"true\" class=\"wp-block-spacer\"><\/div>\n\n\n\n<h3>El bol\u00edgrafo blanco LDREAM<\/h3>\n\n\n<div class=\"wp-block-image\">\n<figure class=\"aligncenter\"><a href=\"https:\/\/amzn.to\/3MBTPyq\" target=\"_blank\" rel=\"noopener\"><img src=\"\/\/ws-eu.amazon-adsystem.com\/widgets\/q?_encoding=UTF8&ASIN=B09VBLSTHS&Format=_SL250_&ID=AsinImage&MarketPlace=FR&ServiceVersion=20070822&WS=1&tag=nutrident-21&language=fr_FR\" alt=\"Bol\u00edgrafo blanco LDREAM\"\/><\/a><\/figure><\/div>\n\n\n<p>La pluma blanqueadora LDREAMAM no contiene per\u00f3xido, sino otro producto m\u00e1s suave para las enc\u00edas, lo que la hace apta para personas sensibles.<\/p>\n\n\n\n<p>El gel debe dejarse actuar durante un cuarto de hora antes de enjuagarse la boca. Mientras espera a aclararse, puede disfrutar del agradable sabor a menta fresca.<\/p>\n\n\n\n<p>Recuerde cepillarse bien los dientes antes de aplicarlo. El LDREAMAM merec\u00eda ser mencionado por su bajo coste y su gran capacidad (40 aplicaciones), pero aparece al final de nuestra lista, ya que es menos eficiente que los dos anteriores.<\/p>\n\n\n\n<div class=\"wp-container-4 wp-block-buttons\">\n<div class=\"wp-block-button aligncenter\"><a class=\"wp-block-button__link has-white-color has-text-color has-background\" href=\"https:\/\/amzn.to\/3MBTPyq\" style=\"background-color:#41a3e5\" target=\"_blank\" rel=\"noopener\">Pulse aqu\u00ed para comprar este bol\u00edgrafo al mejor precio<\/a><\/div>\n<\/div>\n\n\n\n<div style=\"height:100px\" aria-hidden=\"true\" class=\"wp-block-spacer\"><\/div>\n\n\n\n<h2><span class=\"ez-toc-section\" id=\"Pero_%C2%A1tenga_cuidado_con_su_eleccion\"><\/span>Pero \u00a1tenga cuidado con su elecci\u00f3n!<span class=\"ez-toc-section-end\"><\/span><\/h2>\n\n\n\n<p>El bol\u00edgrafo blanqueador tambi\u00e9n tiene desventajas que pueden ser incluso peligrosas si no se tiene cuidado con su composici\u00f3n.<\/p>\n\n\n\n<p>Si utiliza un bol\u00edgrafo blanqueador que es una simple barra de maquillaje, no correr\u00e1 ning\u00fan riesgo. El blanco enmascara el color de sus dientes y cualquier mancha, pero no interfiere con la estructura de sus dientes.<\/p>\n\n\n\n<p>Sale cuando se cepilla los dientes. Sin embargo, si utiliza una pluma blanqueadora que usa <a href=\"https:\/\/www.cchst.ca\/oshanswers\/chemicals\/organic\/organic_peroxide.html\" target=\"_blank\" rel=\"noopener noreferrer\">per\u00f3xido de hidr\u00f3geno<\/a>, la dosis debe ser razonable.<\/p>\n\n\n\n<p>El peligro es que una cantidad excesiva irritar\u00e1 sus enc\u00edas e incluso da\u00f1ar\u00e1 su <a class=\"wpil_keyword_link \" href=\"https:\/\/nutrident.fr\/es\/esmalte-dental-tratamiento\/\" title=\"Correo electr\u00f3nico\" data-wpil-keyword-link=\"linked\">esmalte<\/a> de forma irreversible. <strong>Compruebe la composici\u00f3n del producto que compra<\/strong>.<\/p>\n\n\n\n<p>Tampoco debe comprar bol\u00edgrafos que utilicen productos qu\u00edmicos que puedan da\u00f1ar sus dientes.<\/p>\n\n\n\n<p>Tambi\u00e9n hay algunas reservas sobre el uso de la pluma. Debe aplicarlo con cuidado para que el efecto parezca natural. No aplique demasiada cantidad y exti\u00e9ndala uniformemente, de lo contrario el resultado podr\u00eda ser peor que el de sus dientes naturales.<\/p>\n\n\n\n<p>La pluma blanqueadora <span style=\"text-decoration: underline;\">\n  <strong>es perfecto para un retoque r\u00e1pido en caso de emergencia<\/strong>\n<\/span> o para un evento especial, pero para un tratamiento en profundidad, no es lo m\u00e1s eficaz.<\/p>\n<div class=\"article-data before-content\"><div class=\"article-data__date\"><div class=\"article-data__date-modified\"><time class=\"published\" datetime=\"2022-10-27T17:50:35+00:00\">This article was originally published on&nbsp;<span class=\"2\">octubre 27, 2022<\/span>&nbsp;and was most recently updated on&nbsp;<span>junio 15, 2023<\/span><\/time><br><\/div><\/div><\/div><div class=\"user-info\">    <div class=\"user-info__body\">\r\n      <div class=\"user-info__caption\"><span>Contributors:<\/span><\/div>\r\n\t\t\t        <div class=\"user-info__wrap \">\r\n          <div class=\"user-info__data\">\r\n            <div class=\"user-info__data__info\">\r\n              <div class=\"photo\">\r\n\t\t\t\t\t\t\t\t<img width=\"66\" height=\"61\" src=\"https:\/\/nutrident.fr\/wp-content\/uploads\/2023\/06\/unnamed-66x61.jpg\" class=\"attachment-profileImageAuthor size-profileImageAuthor wp-post-image\" alt=\"Dr Abel Jes\u00fas Pederzoli\" loading=\"lazy\" srcset=\"https:\/\/nutrident.fr\/wp-content\/uploads\/2023\/06\/unnamed-66x61.jpg 66w, https:\/\/nutrident.fr\/wp-content\/uploads\/2023\/06\/unnamed-300x279.jpg 300w, https:\/\/nutrident.fr\/wp-content\/uploads\/2023\/06\/unnamed-1024x952.jpg 1024w, https:\/\/nutrident.fr\/wp-content\/uploads\/2023\/06\/unnamed-768x714.jpg 768w, https:\/\/nutrident.fr\/wp-content\/uploads\/2023\/06\/unnamed-204x190.jpg 204w, https:\/\/nutrident.fr\/wp-content\/uploads\/2023\/06\/unnamed-120x112.jpg 120w, https:\/\/nutrident.fr\/wp-content\/uploads\/2023\/06\/unnamed.jpg 1125w\" sizes=\"(max-width: 66px) 100vw, 66px\" \/>              <\/div>\r\n              <a href=\"https:\/\/nutrident.fr\/es\/author\/dr-abel-jesus-pederzoli\/\" class=\"name\">Dr Abel Jes\u00fas Pederzoli<\/a>\r\n            <\/div>\r\n            <div class=\"user-info__data__social\">\r\n\t\t\t\t\t\t\t\t\t\t\t\t\t\t\t\t\t\t\t\t\t          <a href=\"https:\/\/clinicaleixample.es\/\"\r\n             class=\"soc-item website\">website<\/a>\r\n\t\t\t\t          <a href=\"http:\/\/linkedin.com\/in\/abel-jes%C3%BAs-pederzoli\"\r\n             class=\"soc-item linkedin\">linkedin<\/a>\r\n\t\t\t\t            <\/div>\r\n          <\/div>\r\n          <div class=\"user-info__description\">\r\n\t\t\t\t\t\t\t\t\t\t\t\t\t<p>Con t\u00edtulos obtenidos en la Facultad de Odontolog\u00eda de la Universidad Nacional de La Plata y una participaci\u00f3n activa en congresos y jornadas, el Dr. Pederzoli se mantiene actualizado en las \u00faltimas t\u00e9cnicas y avances en odontolog\u00eda. Actualmente se encuentra desarrollando un proyecto de consultor\u00eda tecnol\u00f3gica aplicada a cl\u00ednicas dentales.<\/p>\n\t\t\t\t\t\t          <\/div>\r\n        <\/div>\r\n\t\t\t\t    <\/div>\r\n\t<\/div><!--copyscapeskip--><div class=\"medical_references\"><div class=\"medical_references__heading\"><span>Fuentes M\u00e9dicas<\/span><\/div><div class=\"medical_references__list\"><p><strong>Per\u00f3xido de hidr\u00f3geno:<\/strong> <a href=\"https:\/\/www.cchst.ca\/oshanswers\/chemicals\/organic\/organic_peroxide.html\">https:\/\/www.cchst.ca\/oshanswers\/chemicals\/organic\/organic_peroxide.html<\/a><\/p>\n<\/div><\/div><!--\/copyscapeskip-->","protected":false},"excerpt":{"rendered":"<p>Contributor:&nbsp; Dr Abel Jes\u00fas Pederzoli Updated:&nbsp;junio 15, 2023 Cepillarse los dientes es esencial, pero no siempre es suficiente para conseguir unos dientes blancos. El color de sus dientes se oscurecer\u00e1 de todos modos a medida que envejezca y en funci\u00f3n de los alimentos y bebidas que consuma. Tambi\u00e9n aparecen manchas, a menudo relacionadas con sus [&hellip;]<\/p>\n","protected":false},"author":2,"featured_media":0,"parent":0,"menu_order":0,"comment_status":"open","ping_status":"open","template":"","meta":{"inline_featured_image":false},"acf":[],"_links":{"self":[{"href":"https:\/\/nutrident.fr\/es\/wp-json\/wp\/v2\/pages\/16808"}],"collection":[{"href":"https:\/\/nutrident.fr\/es\/wp-json\/wp\/v2\/pages"}],"about":[{"href":"https:\/\/nutrident.fr\/es\/wp-json\/wp\/v2\/types\/page"}],"author":[{"embeddable":true,"href":"https:\/\/nutrident.fr\/es\/wp-json\/wp\/v2\/users\/2"}],"replies":[{"embeddable":true,"href":"https:\/\/nutrident.fr\/es\/wp-json\/wp\/v2\/comments?post=16808"}],"version-history":[{"count":8,"href":"https:\/\/nutrident.fr\/es\/wp-json\/wp\/v2\/pages\/16808\/revisions"}],"predecessor-version":[{"id":22013,"href":"https:\/\/nutrident.fr\/es\/wp-json\/wp\/v2\/pages\/16808\/revisions\/22013"}],"wp:attachment":[{"href":"https:\/\/nutrident.fr\/es\/wp-json\/wp\/v2\/media?parent=16808"}],"curies":[{"name":"wp","href":"https:\/\/api.w.org\/{rel}","templated":true}]}}