

{"id":16812,"date":"2022-10-27T17:53:30","date_gmt":"2022-10-27T17:53:30","guid":{"rendered":"https:\/\/nutrident.fr\/?page_id=16812"},"modified":"2023-06-28T20:19:44","modified_gmt":"2023-06-28T20:19:44","slug":"salud-bucodental-para-personas-mayores","status":"publish","type":"page","link":"https:\/\/nutrident.fr\/es\/salud-bucodental-para-personas-mayores\/","title":{"rendered":"Salud bucodental en personas mayores: problemas principales y consejos sobre c\u00f3mo prevenirlos"},"content":{"rendered":"<div class=\"meta\"><div class=\"meta__users\">    <div class=\"meta__users__reviewed\">\r\n      <p class=\"meta__users__caption\">Contributor:&nbsp;<\/p>\r\n      <div class=\"users\">\r\n        <span class=\"users__user\">\r\n          <a href=\"#\">Dr Abel Jes\u00fas Pederzoli<\/a>\r\n        <\/span>\r\n      <\/div>\r\n    <\/div>\r\n\t<\/div><div class=\"meta__date-modified\">Updated:&nbsp;<span>junio 28, 2023<\/span><\/div><\/div><div class=\"wp-block-image\">\n<figure class=\"alignright size-medium\"><img width=\"300\" height=\"200\" src=\"https:\/\/nutrident.fr\/wp-content\/uploads\/2022\/07\/Depositphotos_46206473_m-2015-300x200.jpg\" alt=\"Salud dental para los mayores\" class=\"wp-image-13693\" srcset=\"https:\/\/nutrident.fr\/wp-content\/uploads\/2022\/07\/Depositphotos_46206473_m-2015-300x200.jpg 300w, https:\/\/nutrident.fr\/wp-content\/uploads\/2022\/07\/Depositphotos_46206473_m-2015-768x512.jpg 768w, https:\/\/nutrident.fr\/wp-content\/uploads\/2022\/07\/Depositphotos_46206473_m-2015-254x169.jpg 254w, https:\/\/nutrident.fr\/wp-content\/uploads\/2022\/07\/Depositphotos_46206473_m-2015.jpg 1000w\" sizes=\"(max-width: 300px) 100vw, 300px\" \/><figcaption>\u00bfC\u00f3mo cuidar la salud bucodental despu\u00e9s de los cincuenta?<\/figcaption><\/figure><\/div>\n\n\n<p>La salud bucodental en personas mayores es de gran importancia, ya que desempe\u00f1a un papel fundamental en el bienestar general y en la calidad de vida. Sin embargo, a medida que envejecemos, el cuerpo experimenta un debilitamiento general, y los dientes no son la excepci\u00f3n, por lo que es com\u00fan que los adultos mayores enfrenten desaf\u00edos mayores en lo que a salud oral se refiere.<\/p>\n\n\n\n<p>En este art\u00edculo, hablaremos sobre los h\u00e1bitos de salud dental que hay que adoptar a medida que envejecemos y exploraremos los problemas dentales m\u00e1s comunes en la tercera edad.<\/p>\n\n\n\n<div id=\"ez-toc-container\" class=\"ez-toc-v2_0_33_2 counter-hierarchy ez-toc-counter ez-toc-white ez-toc-container-direction\">\n<div class=\"ez-toc-title-container\">\n<p class=\"ez-toc-title\">Contenus<\/p>\n<span class=\"ez-toc-title-toggle\"><a href=\"#\" class=\"ez-toc-pull-right ez-toc-btn ez-toc-btn-xs ez-toc-btn-default ez-toc-toggle\" style=\"display: none;\"><label for=\"item\" aria-label=\"Tabla de contenidos\"><i class=\"ez-toc-glyphicon ez-toc-icon-toggle\"><\/i><\/label><input type=\"checkbox\" id=\"item\"><\/a><\/span><\/div>\n<nav><ul class='ez-toc-list ez-toc-list-level-1'><li class='ez-toc-page-1 ez-toc-heading-level-2'><a class=\"ez-toc-link ez-toc-heading-1\" href=\"https:\/\/nutrident.fr\/es\/salud-bucodental-para-personas-mayores\/#La_rutina_de_higiene_dental_diaria_en_los_adultos_mayores\" title=\"La rutina de higiene dental diaria en los adultos mayores\">La rutina de higiene dental diaria en los adultos mayores<\/a><\/li><li class='ez-toc-page-1 ez-toc-heading-level-2'><a class=\"ez-toc-link ez-toc-heading-2\" href=\"https:\/\/nutrident.fr\/es\/salud-bucodental-para-personas-mayores\/#%C2%BFCuales_son_los_problemas_dentales_mas_comunes_entre_las_personas_mayores\" title=\"\u00bfCu\u00e1les son los problemas dentales m\u00e1s comunes entre las personas mayores?\">\u00bfCu\u00e1les son los problemas dentales m\u00e1s comunes entre las personas mayores?<\/a><\/li><li class='ez-toc-page-1 ez-toc-heading-level-2'><a class=\"ez-toc-link ez-toc-heading-3\" href=\"https:\/\/nutrident.fr\/es\/salud-bucodental-para-personas-mayores\/#El_uso_de_implantes_coronas_y_otras_protesis_dentales\" title=\"El uso de implantes, coronas y otras pr\u00f3tesis dentales\">El uso de implantes, coronas y otras pr\u00f3tesis dentales<\/a><\/li><li class='ez-toc-page-1 ez-toc-heading-level-2'><a class=\"ez-toc-link ez-toc-heading-4\" href=\"https:\/\/nutrident.fr\/es\/salud-bucodental-para-personas-mayores\/#Enfermedades_relacionadas_con_el_envejecimiento\" title=\"Enfermedades relacionadas con el envejecimiento\">Enfermedades relacionadas con el envejecimiento<\/a><\/li><li class='ez-toc-page-1 ez-toc-heading-level-2'><a class=\"ez-toc-link ez-toc-heading-5\" href=\"https:\/\/nutrident.fr\/es\/salud-bucodental-para-personas-mayores\/#Preguntas_frecuentes\" title=\"Preguntas frecuentes\">Preguntas frecuentes<\/a><\/li><\/ul><\/nav><\/div>\n<h2><span class=\"ez-toc-section\" id=\"La_rutina_de_higiene_dental_diaria_en_los_adultos_mayores\"><\/span>La rutina de higiene dental diaria en los adultos mayores<span class=\"ez-toc-section-end\"><\/span><\/h2>\n\n\n\n<p>Si hay algo que debe mantenerse constante a lo largo de la vida es el cuidado de los dientes. La rutina de higiene diaria es esencial y no debe cambiar: es necesario <strong>cepillarse los dientes despu\u00e9s de cada comida<\/strong> y usar hilo dental regularmente.<\/p>\n\n\n\n<p>No obstante, existen algunas medidas que puedes tomar si eres un adulto mayor para <a href=\"https:\/\/nutrident.fr\/es\/cepillarse-correctamente-los-dientes\/\" target=\"_blank\" data-type=\"URL\" data-id=\"https:\/\/nutrident.fr\/es\/cepillarse-correctamente-los-dientes\/\" rel=\"noreferrer noopener\">mejorar tu higiene dental<\/a> y prevenir posibles problemas de salud oral.<\/p>\n\n\n\n<h3>El irrigador dental<\/h3>\n\n\n\n<p>El <a href=\"https:\/\/nutrident.fr\/es\/irrigadores-dentales\/\" data-type=\"URL\" data-id=\"https:\/\/nutrident.fr\/es\/irrigadores-dentales\/\" target=\"_blank\" rel=\"noreferrer noopener\">irrigador dental<\/a> es un excelente complemento a la rutina de higiene dental diaria que ayuda a <strong>eliminar los residuos<\/strong> de comida y la placa que el cepillado no es capaz de alcanzar. Adem\u00e1s, el chorro de agua del irrigador masajea las enc\u00edas, estimulando el flujo sangu\u00edneo y promoviendo la salud periodontal.<\/p>\n\n\n\n<h3>El cepillo de dientes el\u00e9ctrico<\/h3>\n\n\n\n<p>El <a href=\"https:\/\/nutrident.fr\/es\/cepillos-de-dientes-electricos\/\" target=\"_blank\" data-type=\"URL\" data-id=\"https:\/\/nutrident.fr\/es\/cepillos-de-dientes-electricos\/\" rel=\"noreferrer noopener\">cepillo de dientes el\u00e9ctrico<\/a> puede ser de gran utilidad para las personas mayores, ya que <strong>requiere menos esfuerzo<\/strong> utilizarlo y es m\u00e1s eficaz al eliminar la placa bacteriana. Sin embargo, debes consultar con un dentista antes de usarlo si tienes problemas bucales recurrentes, como gingivitis o periodontitis.<\/p>\n\n\n\n<h3>La visita al dentista<\/h3>\n\n\n\n<p>La <a href=\"https:\/\/nutrident.fr\/es\/acudir-al-dentista\/\" target=\"_blank\" data-type=\"URL\" data-id=\"https:\/\/nutrident.fr\/es\/acudir-al-dentista\/\" rel=\"noreferrer noopener\">revisi\u00f3n anual con el dentista<\/a> es esencial, sobre todo en esta etapa de la vida, pues proporciona una oportunidad para realizar una revisi\u00f3n general exhaustiva y una limpieza profunda de los dientes para prevenir la acumulaci\u00f3n de sarro y otros problemas derivados.<\/p>\n\n\n\n<h2><span class=\"ez-toc-section\" id=\"%C2%BFCuales_son_los_problemas_dentales_mas_comunes_entre_las_personas_mayores\"><\/span>\u00bfCu\u00e1les son los problemas dentales m\u00e1s comunes entre las personas mayores?<span class=\"ez-toc-section-end\"><\/span><\/h2>\n\n\n\n<h3>Caries<\/h3>\n\n\n<div class=\"wp-block-image\">\n<figure class=\"alignright size-large is-resized\"><img src=\"https:\/\/nutrident.fr\/wp-content\/uploads\/2023\/06\/salud-bucodental-en-adultos-mayores-1024x681.jpg\" alt=\"salud oral en la tercera edad\" class=\"wp-image-22310\" width=\"300\" height=\"200\" srcset=\"https:\/\/nutrident.fr\/wp-content\/uploads\/2023\/06\/salud-bucodental-en-adultos-mayores-1024x681.jpg 1024w, https:\/\/nutrident.fr\/wp-content\/uploads\/2023\/06\/salud-bucodental-en-adultos-mayores-300x200.jpg 300w, https:\/\/nutrident.fr\/wp-content\/uploads\/2023\/06\/salud-bucodental-en-adultos-mayores-768x511.jpg 768w, https:\/\/nutrident.fr\/wp-content\/uploads\/2023\/06\/salud-bucodental-en-adultos-mayores-1536x1022.jpg 1536w, https:\/\/nutrident.fr\/wp-content\/uploads\/2023\/06\/salud-bucodental-en-adultos-mayores-254x169.jpg 254w, https:\/\/nutrident.fr\/wp-content\/uploads\/2023\/06\/salud-bucodental-en-adultos-mayores-66x44.jpg 66w, https:\/\/nutrident.fr\/wp-content\/uploads\/2023\/06\/salud-bucodental-en-adultos-mayores-120x80.jpg 120w, https:\/\/nutrident.fr\/wp-content\/uploads\/2023\/06\/salud-bucodental-en-adultos-mayores.jpg 2000w\" sizes=\"(max-width: 300px) 100vw, 300px\" \/><figcaption>Es importante acudir al dentista al menos una vez al a\u00f1o<\/figcaption><\/figure><\/div>\n\n\n<p>La caries es el problema dental m\u00e1s com\u00fan a cualquier edad. A medida que envejecemos, es posible que se produzca una <a href=\"https:\/\/nutrident.fr\/es\/boca-seca\/\" data-type=\"URL\" data-id=\"https:\/\/nutrident.fr\/es\/boca-seca\/\" target=\"_blank\" rel=\"noreferrer noopener\">disminuci\u00f3n en la producci\u00f3n de saliva<\/a>, lo que nos hace <strong>m\u00e1s propensos a desarrollar caries<\/strong>. La saliva desempe\u00f1a un papel fundamental en la limpieza y remineralizaci\u00f3n de los dientes, por lo que, en su ausencia, las bacterias tienen una mayor oportunidad de crear cavidades en la dentadura.<\/p>\n\n\n\n<p>Las caries tambi\u00e9n pueden ser atribuidas al <strong>uso de ciertos medicamentos<\/strong>, ya que algunos de ellos tienen efectos secundarios que son perjudiciales para los dientes. Al debilitar el esmalte, el cepillado puede volverse m\u00e1s doloroso, lo que lleva a que algunas personas eviten cepillarse los dientes. Adem\u00e1s, la fatiga o los problemas de memoria pueden llevar a que olvidemos lavarnos los dientes por completo.<\/p>\n\n\n\n<p>En las personas mayores, la caries presenta una caracter\u00edstica espec\u00edfica, pues tiende a atacar la base de los dientes que ha quedado descubierta debido a la retracci\u00f3n de las enc\u00edas.<\/p>\n\n\n\n<h3>Erosi\u00f3n dental<\/h3>\n\n\n\n<p>Una vez que perdemos los dientes de leche, disponemos de una sola dentadura para el resto de nuestra vida. Es bastante normal que, despu\u00e9s de tantos a\u00f1os, <a href=\"https:\/\/nutrident.fr\/es\/erosion-dental\/\" target=\"_blank\" data-type=\"URL\" data-id=\"https:\/\/nutrident.fr\/es\/erosion-dental\/\" rel=\"noreferrer noopener\">los dientes se desgasten<\/a> como resultado de la masticaci\u00f3n. El esmalte dental se vuelve m\u00e1s fino y puede agrietarse, por lo que <strong>los dientes se vuelven m\u00e1s sensibles<\/strong>, especialmente al calor y al fr\u00edo, y pueden presentar un tono amarillento e incluso ligeras deformaciones.<\/p>\n\n\n\n<p>Es importante informar a tu dentista sobre cualquier problema de <a href=\"https:\/\/nutrident.fr\/es\/sensibilidad-dental\/\" data-type=\"URL\" data-id=\"https:\/\/nutrident.fr\/es\/sensibilidad-dental\/\" target=\"_blank\" rel=\"noreferrer noopener\">sensibilidad<\/a>, ya que esto puede <strong>afectar tu capacidad para alimentarte<\/strong> adecuadamente. Adem\u00e1s, es posible que adoptes posturas que deterioren el equilibrio de la boca, por ejemplo, adquiriendo el h\u00e1bito de masticar siempre por el mismo lado. El dentista encontrar\u00e1 la soluci\u00f3n adecuada para fortalecer los dientes y corregir cualquier problema que se presente.<\/p>\n\n\n\n<h2><span class=\"ez-toc-section\" id=\"El_uso_de_implantes_coronas_y_otras_protesis_dentales\"><\/span>El uso de implantes, coronas y otras pr\u00f3tesis dentales<span class=\"ez-toc-section-end\"><\/span><\/h2>\n\n\n\n<p>En caso de ser necesario, el dentista te ofrecer\u00e1 diferentes opciones para <strong>sustituir uno o varios dientes<\/strong> que est\u00e9n demasiado deteriorados para ser tratados. No obstante, es importante tener en cuenta que no todas las soluciones ser\u00e1n viables y es posible que no tengas muchas opciones disponibles.<\/p>\n\n\n\n<p>Las t\u00e9cnicas utilizadas para rehabilitar o reemplazar un diente son las mismas en cualquier otra etapa de la vida: coronas, <a href=\"https:\/\/nutrident.fr\/es\/puente-dental\/\" target=\"_blank\" data-type=\"URL\" data-id=\"https:\/\/nutrident.fr\/es\/puente-dental\/\" rel=\"noreferrer noopener\">puentes<\/a>, implantes o pr\u00f3tesis removibles. La elecci\u00f3n depende de la condici\u00f3n de los huesos maxilares, el estado de los dientes y los medios econ\u00f3micos.<\/p>\n\n\n\n<h3>La caducidad de las pr\u00f3tesis dentales<\/h3>\n\n\n\n<p>Las pr\u00f3tesis no tienen fecha de caducidad, pero <strong>son perecederas<\/strong>. Con el tiempo, la <a href=\"https:\/\/nutrident.fr\/es\/dentaduras-postizas\/\" target=\"_blank\" data-type=\"URL\" data-id=\"https:\/\/nutrident.fr\/es\/dentaduras-postizas\/\" rel=\"noreferrer noopener\">dentadura postiza<\/a> puede agrietarse, lo que puede provocar infecciones, inflamaciones y\/o abscesos. Tambi\u00e9n pueden romperse, en cuyo caso tendr\u00e1s que reemplazarla con una nueva lo m\u00e1s pronto posible.<\/p>\n\n\n\n<p>Las pr\u00f3tesis dentales fijas, como las <a href=\"https:\/\/nutrident.fr\/es\/coronas-dentales\/\" target=\"_blank\" data-type=\"URL\" data-id=\"https:\/\/nutrident.fr\/es\/coronas-dentales\/\" rel=\"noreferrer noopener\">coronas<\/a>, tienen una vida \u00fatil de entre diez y veinticinco a\u00f1os dependiendo del material utilizado, por lo que es posible que en alg\u00fan momento tengas que reemplazarlas.<\/p>\n\n\n\n<h2><span class=\"ez-toc-section\" id=\"Enfermedades_relacionadas_con_el_envejecimiento\"><\/span>Enfermedades relacionadas con el envejecimiento<span class=\"ez-toc-section-end\"><\/span><\/h2>\n\n\n\n<h3>Osteoporosis<\/h3>\n\n\n\n<p>La osteoporosis es una enfermedad que afecta principalmente a las mujeres a partir de los cincuenta a\u00f1os y que hace que <strong>los huesos se deterioren<\/strong> y se vuelvan porosos. Esta condici\u00f3n tambi\u00e9n afecta los huesos maxilares, lo que puede hacer que los dientes se aflojen y se caigan.<\/p>\n\n\n\n<p>Es importante abordar la osteoporosis siguiendo una <strong>dieta<\/strong> <strong>enriquecida con vitamina D<\/strong> y calcio, adem\u00e1s de tomar los suplementos recomendados por el m\u00e9dico de cabecera.<\/p>\n\n\n\n<p>Es importante tener en cuenta que las personas que padecen anorexia pueden desarrollar ciertas enfermedades a medida que envejecen, y la osteoporosis es una de ellas. La anorexia se caracteriza por la pr\u00e1ctica de restringir la ingesta de alimentos, lo que impide que el cuerpo se nutra adecuadamente. La p\u00e9rdida total de los dientes tambi\u00e9n puede ser una consecuencia de este trastorno alimentario.<\/p>\n\n\n<div class=\"wp-block-image\">\n<figure class=\"alignright size-medium\"><img width=\"300\" height=\"189\" src=\"https:\/\/nutrident.fr\/wp-content\/uploads\/2020\/12\/iStock-1205361187-300x189.jpg\" alt=\"salud bucodental en personas mayores\" class=\"wp-image-7569\" srcset=\"https:\/\/nutrident.fr\/wp-content\/uploads\/2020\/12\/iStock-1205361187-300x189.jpg 300w, https:\/\/nutrident.fr\/wp-content\/uploads\/2020\/12\/iStock-1205361187-1024x644.jpg 1024w, https:\/\/nutrident.fr\/wp-content\/uploads\/2020\/12\/iStock-1205361187-768x483.jpg 768w, https:\/\/nutrident.fr\/wp-content\/uploads\/2020\/12\/iStock-1205361187-400x250.jpg 400w, https:\/\/nutrident.fr\/wp-content\/uploads\/2020\/12\/iStock-1205361187-1080x679.jpg 1080w, https:\/\/nutrident.fr\/wp-content\/uploads\/2020\/12\/iStock-1205361187-1280x805.jpg 1280w, https:\/\/nutrident.fr\/wp-content\/uploads\/2020\/12\/iStock-1205361187-980x616.jpg 980w, https:\/\/nutrident.fr\/wp-content\/uploads\/2020\/12\/iStock-1205361187-480x302.jpg 480w, https:\/\/nutrident.fr\/wp-content\/uploads\/2020\/12\/iStock-1205361187.jpg 1291w\" sizes=\"(max-width: 300px) 100vw, 300px\" \/><figcaption>Las enc\u00edas sufren las consecuencias de una mala higiene bucal<\/figcaption><\/figure><\/div>\n\n\n<h3>Gingivitis y periodontitis<\/h3>\n\n\n\n<p>La gingivitis y la <strong><a href=\"https:\/\/nutrident.fr\/es\/periodontitis\/\" data-type=\"URL\" data-id=\"https:\/\/nutrident.fr\/parodontite\/\">periodontitis<\/a><\/strong> no est\u00e1n relacionadas con la edad, pero si eres propenso a estas enfermedades de las enc\u00edas es probable que empeoren con el envejecimiento debido a la disminuci\u00f3n de la saliva y a los cambios hormonales, entre otros factores.<\/p>\n\n\n\n<h2><span class=\"ez-toc-section\" id=\"Preguntas_frecuentes\"><\/span>Preguntas frecuentes<span class=\"ez-toc-section-end\"><\/span><\/h2>\n\n\n<div id=\"rank-math-faq\" class=\"rank-math-block\">\n<div class=\"rank-math-list \">\n<div id=\"faq-question-1687982215407\" class=\"rank-math-list-item\">\n<h3 class=\"rank-math-question \">\u00bfCu\u00e1les son las consecuencias de una mala higiene dental en las personas mayores?<\/h3>\n<div class=\"rank-math-answer \">\n\n<p>Como en todas las personas, una mala higiene bucal puede provocar problemas orales como caries, sarro, gingivitis, periodontitis e incluso infecciones y abscesos.<\/p>\n\n<\/div>\n<\/div>\n<div id=\"faq-question-1687982256573\" class=\"rank-math-list-item\">\n<h3 class=\"rank-math-question \">\u00bfQu\u00e9 productos deben utilizarse para la limpieza dental de una persona mayor?<\/h3>\n<div class=\"rank-math-answer \">\n\n<p>Es importante utilizar productos de higiene dental suaves, como un cepillo de dientes con cerdas suaves, una pasta dental salina y enjuagues bucales sin alcohol.<\/p>\n\n<\/div>\n<\/div>\n<div id=\"faq-question-1687982352123\" class=\"rank-math-list-item\">\n<h3 class=\"rank-math-question \">\u00bfC\u00f3mo se cepilla los dientes una persona con Alzheimer?<\/h3>\n<div class=\"rank-math-answer \">\n\n<p>En las primeras fases de la enfermedad, la persona en cuesti\u00f3n todav\u00eda es capaz de cepillarse los dientes. Lo importante es asegurarse de que lo haga todos los d\u00edas y recordarle que se cepille los dientes al menos dos veces al d\u00eda.<\/p>\n\n<\/div>\n<\/div>\n<\/div>\n<\/div><div class=\"article-data before-content\"><div class=\"article-data__date\"><div class=\"article-data__date-modified\"><time class=\"published\" datetime=\"2022-10-27T17:53:30+00:00\">This article was originally published on&nbsp;<span class=\"2\">octubre 27, 2022<\/span>&nbsp;and was most recently updated on&nbsp;<span>junio 28, 2023<\/span><\/time><br><\/div><\/div><\/div><div class=\"user-info\">    <div class=\"user-info__body\">\r\n      <div class=\"user-info__caption\"><span>Contributors:<\/span><\/div>\r\n\t\t\t        <div class=\"user-info__wrap \">\r\n          <div class=\"user-info__data\">\r\n            <div class=\"user-info__data__info\">\r\n              <div class=\"photo\">\r\n\t\t\t\t\t\t\t\t<img width=\"66\" height=\"61\" src=\"https:\/\/nutrident.fr\/wp-content\/uploads\/2023\/06\/unnamed-66x61.jpg\" class=\"attachment-profileImageAuthor size-profileImageAuthor wp-post-image\" alt=\"Dr Abel Jes\u00fas Pederzoli\" loading=\"lazy\" srcset=\"https:\/\/nutrident.fr\/wp-content\/uploads\/2023\/06\/unnamed-66x61.jpg 66w, https:\/\/nutrident.fr\/wp-content\/uploads\/2023\/06\/unnamed-300x279.jpg 300w, https:\/\/nutrident.fr\/wp-content\/uploads\/2023\/06\/unnamed-1024x952.jpg 1024w, https:\/\/nutrident.fr\/wp-content\/uploads\/2023\/06\/unnamed-768x714.jpg 768w, https:\/\/nutrident.fr\/wp-content\/uploads\/2023\/06\/unnamed-204x190.jpg 204w, https:\/\/nutrident.fr\/wp-content\/uploads\/2023\/06\/unnamed-120x112.jpg 120w, https:\/\/nutrident.fr\/wp-content\/uploads\/2023\/06\/unnamed.jpg 1125w\" sizes=\"(max-width: 66px) 100vw, 66px\" \/>              <\/div>\r\n              <a href=\"https:\/\/nutrident.fr\/es\/author\/dr-abel-jesus-pederzoli\/\" class=\"name\">Dr Abel Jes\u00fas Pederzoli<\/a>\r\n            <\/div>\r\n            <div class=\"user-info__data__social\">\r\n\t\t\t\t\t\t\t\t\t\t\t\t\t\t\t\t\t\t\t\t\t          <a href=\"https:\/\/clinicaleixample.es\/\"\r\n             class=\"soc-item website\">website<\/a>\r\n\t\t\t\t          <a href=\"http:\/\/linkedin.com\/in\/abel-jes%C3%BAs-pederzoli\"\r\n             class=\"soc-item linkedin\">linkedin<\/a>\r\n\t\t\t\t            <\/div>\r\n          <\/div>\r\n          <div class=\"user-info__description\">\r\n\t\t\t\t\t\t\t\t\t\t\t\t\t<p>Con t\u00edtulos obtenidos en la Facultad de Odontolog\u00eda de la Universidad Nacional de La Plata y una participaci\u00f3n activa en congresos y jornadas, el Dr. Pederzoli se mantiene actualizado en las \u00faltimas t\u00e9cnicas y avances en odontolog\u00eda. Actualmente se encuentra desarrollando un proyecto de consultor\u00eda tecnol\u00f3gica aplicada a cl\u00ednicas dentales.<\/p>\n\t\t\t\t\t\t          <\/div>\r\n        <\/div>\r\n\t\t\t\t    <\/div>\r\n\t<\/div><!--copyscapeskip--><div class=\"medical_references\"><div class=\"medical_references__heading\"><span>Fuentes M\u00e9dicas<\/span><\/div><div class=\"medical_references__list\"><p><strong>MedlinePlus:<\/strong> <a href=\"https:\/\/medlineplus.gov\/spanish\/ency\/article\/001957.htm\" target=\"_blank\" rel=\"noopener\">Cuidado dental en adultos<\/a>. Consultado el 27 de junio de 2023.<\/p>\n<p><strong>Scielo:<\/strong> <a href=\"https:\/\/scielo.isciii.es\/scielo.php?script=sci_arttext&pid=S1699-695X2012000100003\" target=\"_blank\" rel=\"noopener\">Impacto de la Salud Oral en la Calidad de Vida de Adultos Mayores<\/a>. Consultado el 27 de junio de 2023.<\/p>\n<p><strong>CDC:<\/strong> <a href=\"https:\/\/www.cdc.gov\/oralhealth\/basics\/adult-oral-health\/adult_older.htm\" target=\"_blank\" rel=\"noopener\">Older Adult Oral Health<\/a>. Consultado el 27 de junio de 2023.<\/p>\n<p><strong>NIH:<\/strong> <a href=\"https:\/\/www.nidcr.nih.gov\/health-info\/for-older-adults\" target=\"_blank\" rel=\"noopener\">Oral Health & Older Adults<\/a>. Consultado el 27 de junio de 2023.<\/p>\n<p><strong>ADA:<\/strong> <a href=\"https:\/\/www.ada.org\/resources\/research\/science-and-research-institute\/oral-health-topics\/aging-and-dental-health\" target=\"_blank\" rel=\"noopener\">Aging and Dental Health<\/a>. Consultado el 27 de junio de 2023.<\/p>\n<\/div><\/div><!--\/copyscapeskip-->","protected":false},"excerpt":{"rendered":"<p>Contributor:&nbsp; Dr Abel Jes\u00fas Pederzoli Updated:&nbsp;junio 28, 2023 La salud bucodental en personas mayores es de gran importancia, ya que desempe\u00f1a un papel fundamental en el bienestar general y en la calidad de vida. Sin embargo, a medida que envejecemos, el cuerpo experimenta un debilitamiento general, y los dientes no son la excepci\u00f3n, por lo [&hellip;]<\/p>\n","protected":false},"author":2,"featured_media":16813,"parent":0,"menu_order":0,"comment_status":"open","ping_status":"open","template":"","meta":{"inline_featured_image":false},"acf":[],"_links":{"self":[{"href":"https:\/\/nutrident.fr\/es\/wp-json\/wp\/v2\/pages\/16812"}],"collection":[{"href":"https:\/\/nutrident.fr\/es\/wp-json\/wp\/v2\/pages"}],"about":[{"href":"https:\/\/nutrident.fr\/es\/wp-json\/wp\/v2\/types\/page"}],"author":[{"embeddable":true,"href":"https:\/\/nutrident.fr\/es\/wp-json\/wp\/v2\/users\/2"}],"replies":[{"embeddable":true,"href":"https:\/\/nutrident.fr\/es\/wp-json\/wp\/v2\/comments?post=16812"}],"version-history":[{"count":15,"href":"https:\/\/nutrident.fr\/es\/wp-json\/wp\/v2\/pages\/16812\/revisions"}],"predecessor-version":[{"id":22317,"href":"https:\/\/nutrident.fr\/es\/wp-json\/wp\/v2\/pages\/16812\/revisions\/22317"}],"wp:featuredmedia":[{"embeddable":true,"href":"https:\/\/nutrident.fr\/es\/wp-json\/wp\/v2\/media\/16813"}],"wp:attachment":[{"href":"https:\/\/nutrident.fr\/es\/wp-json\/wp\/v2\/media?parent=16812"}],"curies":[{"name":"wp","href":"https:\/\/api.w.org\/{rel}","templated":true}]}}