

{"id":16815,"date":"2022-10-28T10:22:18","date_gmt":"2022-10-28T10:22:18","guid":{"rendered":"https:\/\/nutrident.fr\/?page_id=16815"},"modified":"2022-10-28T10:22:21","modified_gmt":"2022-10-28T10:22:21","slug":"diente-pivotante","status":"publish","type":"page","link":"https:\/\/nutrident.fr\/es\/diente-pivotante\/","title":{"rendered":"Diente pivotante: todo lo que debe saber sobre el precio y su funcionamiento"},"content":{"rendered":"<div class=\"meta\"><div class=\"meta__users\"><\/div><div class=\"meta__date-modified\">Updated:&nbsp;<span>octubre 28, 2022<\/span><\/div><\/div><div class=\"wp-block-image\">\n<figure class=\"alignright size-medium\"><img width=\"300\" height=\"231\" src=\"https:\/\/nutrident.fr\/wp-content\/uploads\/2022\/05\/Depositphotos_245449968_S-300x231.jpg\" alt=\"diente de pivote\" class=\"wp-image-10716\" srcset=\"https:\/\/nutrident.fr\/wp-content\/uploads\/2022\/05\/Depositphotos_245449968_S-300x231.jpg 300w, https:\/\/nutrident.fr\/wp-content\/uploads\/2022\/05\/Depositphotos_245449968_S-768x591.jpg 768w, https:\/\/nutrident.fr\/wp-content\/uploads\/2022\/05\/Depositphotos_245449968_S-247x190.jpg 247w, https:\/\/nutrident.fr\/wp-content\/uploads\/2022\/05\/Depositphotos_245449968_S.jpg 1000w\" sizes=\"(max-width: 300px) 100vw, 300px\" \/><figcaption>El diente de poste es una pr\u00f3tesis dental<\/figcaption><\/figure><\/div>\n\n\n<p>El diente de poste permite <strong>colocar una pr\u00f3tesis en un diente desvitalizado<\/strong> sin tener que arrancarlo. Tambi\u00e9n se denomina n\u00facleo de incrustaci\u00f3n. <a href=\"https:\/\/nutrident.fr\/es\/\">Nutrident.co.uk<\/a> le explica cu\u00e1ndo y c\u00f3mo debe utilizar el diente de poste.<\/p>\n\n\n\n<div id=\"ez-toc-container\" class=\"ez-toc-v2_0_33_2 counter-hierarchy ez-toc-counter ez-toc-white ez-toc-container-direction\">\n<div class=\"ez-toc-title-container\">\n<p class=\"ez-toc-title\">Contenus<\/p>\n<span class=\"ez-toc-title-toggle\"><a href=\"#\" class=\"ez-toc-pull-right ez-toc-btn ez-toc-btn-xs ez-toc-btn-default ez-toc-toggle\" style=\"display: none;\"><label for=\"item\" aria-label=\"Tabla de contenidos\"><i class=\"ez-toc-glyphicon ez-toc-icon-toggle\"><\/i><\/label><input type=\"checkbox\" id=\"item\"><\/a><\/span><\/div>\n<nav><ul class='ez-toc-list ez-toc-list-level-1'><li class='ez-toc-page-1 ez-toc-heading-level-2'><a class=\"ez-toc-link ez-toc-heading-1\" href=\"https:\/\/nutrident.fr\/es\/diente-pivotante\/#%C2%BFQue_es_un_puesto_dental\" title=\"\u00bfQu\u00e9 es un puesto dental?\">\u00bfQu\u00e9 es un puesto dental?<\/a><\/li><li class='ez-toc-page-1 ez-toc-heading-level-2'><a class=\"ez-toc-link ez-toc-heading-2\" href=\"https:\/\/nutrident.fr\/es\/diente-pivotante\/#%C2%BFCuando_debe_instalarse_un_poste_dental\" title=\"\u00bfCu\u00e1ndo debe instalarse un poste dental?\">\u00bfCu\u00e1ndo debe instalarse un poste dental?<\/a><\/li><li class='ez-toc-page-1 ez-toc-heading-level-2'><a class=\"ez-toc-link ez-toc-heading-3\" href=\"https:\/\/nutrident.fr\/es\/diente-pivotante\/#Aflojamiento_del_pivote\" title=\"Aflojamiento del pivote\">Aflojamiento del pivote<\/a><\/li><li class='ez-toc-page-1 ez-toc-heading-level-2'><a class=\"ez-toc-link ez-toc-heading-4\" href=\"https:\/\/nutrident.fr\/es\/diente-pivotante\/#El_precio_del_diente_de_pivote\" title=\"El precio del diente de pivote\">El precio del diente de pivote<\/a><\/li><li class='ez-toc-page-1 ez-toc-heading-level-2'><a class=\"ez-toc-link ez-toc-heading-5\" href=\"https:\/\/nutrident.fr\/es\/diente-pivotante\/#PREGUNTAS_FRECUENTES\" title=\"PREGUNTAS FRECUENTES\">PREGUNTAS FRECUENTES<\/a><\/li><\/ul><\/nav><\/div>\n<h2><span class=\"ez-toc-section\" id=\"%C2%BFQue_es_un_puesto_dental\"><\/span>\u00bfQu\u00e9 es un puesto dental?<span class=\"ez-toc-section-end\"><\/span><\/h2>\n\n\n\n<p>Hablar de un diente en un pivote no es exacto, <strong>ya que el pivote es s\u00f3lo una pieza de conexi\u00f3n<\/strong>. A continuaci\u00f3n se cubre con una corona (o a veces con un puente) para formar realmente un diente. El poste en s\u00ed es la varilla met\u00e1lica que sirve de pivote para fijar su pr\u00f3tesis.<\/p>\n\n\n\n<p><strong>El perno se introduce en el canal dental<\/strong> que desciende hasta el hueso de la mand\u00edbula.<\/p>\n\n\n\n<h3>La diferencia entre el implante y el poste<\/h3>\n\n\n\n<p>A menudo se confunden <strong>el implante <\/strong>y el pivote. El punto com\u00fan es que en ambos casos el diente est\u00e1 desvitalizado.<\/p>\n\n\n\n<p>La colocaci\u00f3n de un implante supone que el diente est\u00e1 tan cariado que debe ser extra\u00eddo. Como ya no hay una base para fijar una pr\u00f3tesis que sustituya al diente que falta, el <a href=\"https:\/\/www.doctolib.fr\/dentiste\" target=\"_blank\" rel=\"noopener\">dentista<\/a> coloca un implante en el hueso de la mand\u00edbula. Se utilizar\u00e1 como pivote, \u00a1pero no se llama as\u00ed!<\/p>\n\n\n\n<p>El pivote se utiliza en presencia de los restos del diente da\u00f1ado, cuyas ra\u00edces se han conservado. Se fija en el canal dental para evitar la intervenci\u00f3n en el maxilar.<\/p>\n\n\n\n<h2><span class=\"ez-toc-section\" id=\"%C2%BFCuando_debe_instalarse_un_poste_dental\"><\/span>\u00bfCu\u00e1ndo debe instalarse un poste dental?<span class=\"ez-toc-section-end\"><\/span><\/h2>\n\n\n\n<p>En odontolog\u00eda, es aconsejable conservar los dientes vivos en la medida de lo posible. Si esto no es posible y hay que desvitalizar el diente, es preferible conservar la ra\u00edz, as\u00ed como una parte que emerge de la enc\u00eda, en lugar de arrancar el diente.<\/p>\n\n\n\n<h3>Una ra\u00edz en buen estado<\/h3>\n\n\n\n<p>Si tiene una <a class=\"wpil_keyword_link\" title=\"caries\" href=\"https:\/\/nutrident.fr\/es\/caries-y-dieta\/\" data-wpil-keyword-link=\"linked\">caries<\/a> o un diente roto, <strong>el dentista har\u00e1 todo lo posible para repararlo<\/strong>. Para ello, utiliza una amalgama para restaurar la parte del diente que falta despu\u00e9s de haber eliminado la parte estropeada o rota.<\/p>\n\n\n\n<p>Sin embargo, cuando el diente est\u00e1 demasiado da\u00f1ado, a veces ya no es posible tratarlo. A continuaci\u00f3n, tiene que desvitalizarlo, lo que permite que se pode, sin que sea sensible. Siempre que la parte que se guarde sea suficiente, sobre todo manteniendo la ra\u00edz, le ofrecer\u00e1 entonces establecer un pivote.  <\/p>\n\n\n\n<h3>Una alternativa ideal<\/h3>\n\n\n\n<p>Esta es la mejor soluci\u00f3n, ya que no afecta a los dientes adyacentes, a diferencia de un puente, por ejemplo, que requiere la desvitalizaci\u00f3n y el recorte de los dos dientes que rodean al diente a tratar.<\/p>\n\n\n\n<p>Si el diente est\u00e1 demasiado da\u00f1ado y hay que extraerlo, no se puede colocar un poste.<\/p>\n\n\n\n<h2><span class=\"ez-toc-section\" id=\"Aflojamiento_del_pivote\"><\/span>Aflojamiento del pivote<span class=\"ez-toc-section-end\"><\/span><\/h2>\n\n\n<div class=\"wp-block-image\">\n<figure class=\"alignright size-medium\"><img width=\"300\" height=\"200\" src=\"https:\/\/nutrident.fr\/wp-content\/uploads\/2020\/10\/peter-kasprzyk-U1gvhqVQ2kQ-unsplash-3-300x200.jpg\" alt=\"diente de pivote\" class=\"wp-image-6471\" srcset=\"https:\/\/nutrident.fr\/wp-content\/uploads\/2020\/10\/peter-kasprzyk-U1gvhqVQ2kQ-unsplash-3-300x200.jpg 300w, https:\/\/nutrident.fr\/wp-content\/uploads\/2020\/10\/peter-kasprzyk-U1gvhqVQ2kQ-unsplash-3-480x320.jpg 480w, https:\/\/nutrident.fr\/wp-content\/uploads\/2020\/10\/peter-kasprzyk-U1gvhqVQ2kQ-unsplash-3.jpg 750w\" sizes=\"(max-width: 300px) 100vw, 300px\" \/><figcaption>El poste o perno se pega en la cavidad del canal dental<\/figcaption><\/figure><\/div>\n\n\n<p>El poste se cementa en la cavidad del <strong>canal dental <\/strong>con un cemento especial. A veces puede desprenderse en caso de impacto o por una presi\u00f3n y\/o tracci\u00f3n excesiva durante la masticaci\u00f3n.  <\/p>\n\n\n\n<p>Por ejemplo, si tiene un <strong>diente pivote<\/strong> en lugar de un incisivo, cuando muerda una manzana, resistir\u00e1 bien la presi\u00f3n vertical.  <\/p>\n\n\n\n<p>Pero, si arranca un trozo de la manzana, a\u00f1ade una fuerza horizontal a la que el pivote puede ceder.<\/p>\n\n\n\n<p>Si su <strong>diente de poste <\/strong>est\u00e1 suelto, pero no hay nada roto, puede volver a colocarlo en su sitio. Entonces pida una cita <a class=\"wpil_keyword_link\" title=\"emergencia\" href=\"https:\/\/nutrident.fr\/es\/dentista-de-urgencias\/\">urgente<\/a> con el dentista para que se lo vuelva a poner en su sitio. Es posible que quiera reforzar el montaje con pegamento.<\/p>\n\n\n\n<p>Si nota alguna rotura, no sustituya el diente y pida una cita de urgencia.<\/p>\n\n\n\n<h2><span class=\"ez-toc-section\" id=\"El_precio_del_diente_de_pivote\"><\/span>El precio del diente de pivote<span class=\"ez-toc-section-end\"><\/span><\/h2>\n\n\n\n<p>El coste del pivote en s\u00ed es insignificante, ya que es una simple <strong>pieza de metal <\/strong>de tama\u00f1o est\u00e1ndar. Es todo lo dem\u00e1s lo que le costar\u00e1. Para colocar un diente en un pivote, es necesario proporcionar :<\/p>\n\n\n\n<ul><li>desvitalizaci\u00f3n del diente y tratamiento del conducto radicular;<\/li><li>impresiones para la fabricaci\u00f3n de la pr\u00f3tesis;<\/li><li>la fabricaci\u00f3n de esta pr\u00f3tesis por un especialista;<\/li><li>el precio del pivote ;<\/li><li>la instalaci\u00f3n del conjunto ;<\/li><li>el precio de las consultas.<\/li><\/ul>\n\n\n\n<p>Necesitar\u00e1 al menos dos consultas para la colocaci\u00f3n de un diente poste. Muchos dentistas utilizan un proceso de tres pasos.<\/p>\n\n\n\n<p><strong>El precio depende de su dentista<\/strong>, de su regi\u00f3n y del precio de la pr\u00f3tesis que viene en su poste, puente o corona. El material que sustituye a su diente es crucial. Puede elegir entre metal, cer\u00e1mica u \u00f3xido de circonio.<\/p>\n\n\n\n<p>No dude en pedir <strong>varios<\/strong> <strong>presupuestos a <\/strong>diferentes dentistas. A continuaci\u00f3n, deber\u00e1 solicitar a su mutua complementaria que calcule los gastos restantes.  <\/p>\n\n\n\n<p>Las nuevas leyes sobre los gastos de bolsillo han reducido esta cantidad, pero dependiendo de las opciones que elija, y de los dientes que haya, el resultado no ser\u00e1 el mismo.<\/p>\n\n\n\n<div class=\"wp-block-greentreelabs-post-snippets-block\"><div class=\"sante-comparadise-iframe\">\n<div\n  id=\"sante_nutrident\"\n  data-code=\"PARTSANTENUTRID14\"\n  data-comparateur=\"comparateur\/assurance-sante-768b7446-1716-453a-ab12-41dec3cea7f5\"\n  data-utm_source=\"sante_nutrident\"\n  data-utm_campaign=\"sante_nutrident\"\n  data-utm_term=\"nothing\"\n  data-utm_medium=\"partenariat\"\n  data-site_identifier=\"dent\">\n<\/div>\n<\/div>\n\n<script>\n\n\ndocument.addEventListener('DOMContentLoaded', function () {\nwindow.setTimeout(function() {\n    window.ComparadiseApplicationConfiguration = {\n    autoMount: true,\n    elementId: 'sante_nutrident'\n  }\nvar tagSante = document.createElement(\"script\");\n tagSante.src = \"https:\/\/tools.comparadise.tech\/iframe-wrapper.js\";\n document.getElementsByTagName(\"footer\")[0].appendChild(tagSante);\n}, 2000);\n \n}, false);\n\n<\/script>\n\n<style>\n.sante-comparadise-iframe {\nmargin: 0 auto;\nmax-width: 767px;\n}\n<\/style><\/div>\n\n\n\n<h2><span class=\"ez-toc-section\" id=\"PREGUNTAS_FRECUENTES\"><\/span>PREGUNTAS FRECUENTES<span class=\"ez-toc-section-end\"><\/span><\/h2>\n\n\n<div id=\"rank-math-faq\" class=\"rank-math-block\">\n<div class=\"rank-math-list \">\n<div id=\"faq-question-1657866528623\" class=\"rank-math-list-item\">\n<h3 class=\"rank-math-question \">\u00bfPor qu\u00e9 utilizar un pivote dental?<\/h3>\n<div class=\"rank-math-answer \">\n\n<p>Esta soluci\u00f3n de pr\u00f3tesis dental se considera cuando la corona del diente est\u00e1 muy da\u00f1ada. A partir de entonces, ya no es posible realizar una simple incrustaci\u00f3n, sino que es necesario a\u00f1adir un anclaje.<\/p>\n\n<\/div>\n<\/div>\n<div id=\"faq-question-1657866535579\" class=\"rank-math-list-item\">\n<h3 class=\"rank-math-question \">\u00bfC\u00f3mo se vuelve a unir un diente a un poste?<\/h3>\n<div class=\"rank-math-answer \">\n\n<p>El pasador o el poste pueden aflojarse. En este caso, se debe utilizar cemento dental para sustituirlo. Para ello, es importante enjuagarse bien la boca y limpiar el diente con alcohol antes de aplicar el cemento dental.<\/p>\n\n<\/div>\n<\/div>\n<div id=\"faq-question-1657866543290\" class=\"rank-math-list-item\">\n<h3 class=\"rank-math-question \">\u00bfCu\u00e1l es el precio de un diente de poste?<\/h3>\n<div class=\"rank-math-answer \">\n\n<p>El coste de un diente postizo var\u00eda en funci\u00f3n del dentista que realice el procedimiento y del material utilizado para la pr\u00f3tesis. El coste medio es de entre 600 y 2000 euros.<\/p>\n\n<\/div>\n<\/div>\n<\/div>\n<\/div><div class=\"article-data before-content\"><div class=\"article-data__date\"><div class=\"article-data__date-modified\"><time class=\"published\" datetime=\"2022-10-28T10:22:18+00:00\">This article was originally published on&nbsp;<span class=\"2\">octubre 28, 2022<\/span>&nbsp;and was most recently updated on&nbsp;<span>octubre 28, 2022<\/span><\/time><br><\/div><\/div><\/div><div class=\"user-info\"><\/div>","protected":false},"excerpt":{"rendered":"<p>Updated:&nbsp;octubre 28, 2022 El diente de poste permite colocar una pr\u00f3tesis en un diente desvitalizado sin tener que arrancarlo. Tambi\u00e9n se denomina n\u00facleo de incrustaci\u00f3n. Nutrident.co.uk le explica cu\u00e1ndo y c\u00f3mo debe utilizar el diente de poste. \u00bfQu\u00e9 es un puesto dental? Hablar de un diente en un pivote no es exacto, ya que el [&hellip;]<\/p>\n","protected":false},"author":14,"featured_media":10718,"parent":0,"menu_order":0,"comment_status":"closed","ping_status":"closed","template":"","meta":{"inline_featured_image":false},"acf":[],"_links":{"self":[{"href":"https:\/\/nutrident.fr\/es\/wp-json\/wp\/v2\/pages\/16815"}],"collection":[{"href":"https:\/\/nutrident.fr\/es\/wp-json\/wp\/v2\/pages"}],"about":[{"href":"https:\/\/nutrident.fr\/es\/wp-json\/wp\/v2\/types\/page"}],"author":[{"embeddable":true,"href":"https:\/\/nutrident.fr\/es\/wp-json\/wp\/v2\/users\/14"}],"replies":[{"embeddable":true,"href":"https:\/\/nutrident.fr\/es\/wp-json\/wp\/v2\/comments?post=16815"}],"version-history":[{"count":4,"href":"https:\/\/nutrident.fr\/es\/wp-json\/wp\/v2\/pages\/16815\/revisions"}],"predecessor-version":[{"id":17584,"href":"https:\/\/nutrident.fr\/es\/wp-json\/wp\/v2\/pages\/16815\/revisions\/17584"}],"wp:featuredmedia":[{"embeddable":true,"href":"https:\/\/nutrident.fr\/es\/wp-json\/wp\/v2\/media\/10718"}],"wp:attachment":[{"href":"https:\/\/nutrident.fr\/es\/wp-json\/wp\/v2\/media?parent=16815"}],"curies":[{"name":"wp","href":"https:\/\/api.w.org\/{rel}","templated":true}]}}