

{"id":16822,"date":"2022-10-27T18:03:38","date_gmt":"2022-10-27T18:03:38","guid":{"rendered":"https:\/\/nutrident.fr\/?page_id=16822"},"modified":"2023-06-13T10:09:32","modified_gmt":"2023-06-13T10:09:32","slug":"dientes-amarillos","status":"publish","type":"page","link":"https:\/\/nutrident.fr\/es\/blanqueamiento-profesional\/dientes-amarillos\/","title":{"rendered":"Dientes amarillos: \u00bfc\u00f3mo eliminar el color amarillento de los dientes"},"content":{"rendered":"<div class=\"meta\"><div class=\"meta__users\">    <div class=\"meta__users__reviewed\">\r\n      <p class=\"meta__users__caption\">Contributor:&nbsp;<\/p>\r\n      <div class=\"users\">\r\n        <span class=\"users__user\">\r\n          <a href=\"#\">Dr Abel Jes\u00fas Pederzoli<\/a>\r\n        <\/span>\r\n      <\/div>\r\n    <\/div>\r\n\t<\/div><div class=\"meta__date-modified\">Updated:&nbsp;<span>junio 13, 2023<\/span><\/div><\/div><div class=\"wp-block-image\">\n<figure class=\"alignright size-medium\"><img width=\"300\" height=\"200\" src=\"https:\/\/nutrident.fr\/wp-content\/uploads\/2020\/01\/Depositphotos_86995078_s-2015-300x200.jpg\" alt=\"dientes amarillos\" class=\"wp-image-10761\" srcset=\"https:\/\/nutrident.fr\/wp-content\/uploads\/2020\/01\/Depositphotos_86995078_s-2015-300x200.jpg 300w, https:\/\/nutrident.fr\/wp-content\/uploads\/2020\/01\/Depositphotos_86995078_s-2015-254x169.jpg 254w, https:\/\/nutrident.fr\/wp-content\/uploads\/2020\/01\/Depositphotos_86995078_s-2015.jpg 500w\" sizes=\"(max-width: 300px) 100vw, 300px\" \/><figcaption>El color blanco de los dientes puede recuperarse siguiendo algunos consejos<\/figcaption><\/figure><\/div>\n\n\n<p>Si solo el cepillado bastara para mantener los dientes blancos, tendr\u00edas la sonrisa de una estrella. Pero no es as\u00ed, pues el amarillamiento de los dientes es el <strong>resultado de varios factores<\/strong>.<\/p>\n\n\n\n<p>Para restaurar la blancura de tus dientes, es necesario identificar las <strong>causas de la decoloraci\u00f3n del esmalte<\/strong> y aplicar la soluci\u00f3n adecuada.<\/p>\n\n\n\n<p>En este art\u00edculo, <a href=\"https:\/\/nutrident.fr\/es\/\">Nutrident<\/a> detalla los problemas que pueden causar dientes amarillos y los mejores m\u00e9todos para remediarlo.<\/p>\n\n\n\n<div id=\"ez-toc-container\" class=\"ez-toc-v2_0_33_2 counter-hierarchy ez-toc-counter ez-toc-white ez-toc-container-direction\">\n<div class=\"ez-toc-title-container\">\n<p class=\"ez-toc-title\">Contenus<\/p>\n<span class=\"ez-toc-title-toggle\"><a href=\"#\" class=\"ez-toc-pull-right ez-toc-btn ez-toc-btn-xs ez-toc-btn-default ez-toc-toggle\" style=\"display: none;\"><label for=\"item\" aria-label=\"Tabla de contenidos\"><i class=\"ez-toc-glyphicon ez-toc-icon-toggle\"><\/i><\/label><input type=\"checkbox\" id=\"item\"><\/a><\/span><\/div>\n<nav><ul class='ez-toc-list ez-toc-list-level-1'><li class='ez-toc-page-1 ez-toc-heading-level-2'><a class=\"ez-toc-link ez-toc-heading-1\" href=\"https:\/\/nutrident.fr\/es\/blanqueamiento-profesional\/dientes-amarillos\/#Causas_de_los_dientes_amarillos\" title=\"Causas de los dientes amarillos\">Causas de los dientes amarillos<\/a><\/li><li class='ez-toc-page-1 ez-toc-heading-level-2'><a class=\"ez-toc-link ez-toc-heading-2\" href=\"https:\/\/nutrident.fr\/es\/blanqueamiento-profesional\/dientes-amarillos\/#Dentaduras_y_amalgamas\" title=\"Dentaduras y amalgamas\">Dentaduras y amalgamas<\/a><\/li><li class='ez-toc-page-1 ez-toc-heading-level-2'><a class=\"ez-toc-link ez-toc-heading-3\" href=\"https:\/\/nutrident.fr\/es\/blanqueamiento-profesional\/dientes-amarillos\/#%C2%BFCuales_son_las_soluciones_para_evitar_los_dientes_amarillos\" title=\"\u00bfCu\u00e1les son las soluciones para evitar los dientes amarillos?\">\u00bfCu\u00e1les son las soluciones para evitar los dientes amarillos?<\/a><\/li><\/ul><\/nav><\/div>\n<h2><span class=\"ez-toc-section\" id=\"Causas_de_los_dientes_amarillos\"><\/span>Causas de los dientes amarillos<span class=\"ez-toc-section-end\"><\/span><\/h2>\n\n\n\n<p>El color natural de los dientes <strong>var\u00eda de persona a persona<\/strong> y generalmente <a href=\"https:\/\/nutrident.fr\/es\/salud-bucodental-y-genetica\/\">es hereditario<\/a>. Si tus padres tienen dientes blancos, eres afortunado, pues ser\u00e1 m\u00e1s f\u00e1cil para ti mantenerlos de ese color.<\/p>\n\n\n\n<p>Sin embargo, si heredas unos dientes m\u00e1s oscuros o amarillentos, la \u00fanica forma de hacerlos m\u00e1s blancos es mediante un tratamiento dental, como un <strong>blanqueamiento o <a href=\"https:\/\/nutrident.fr\/es\/carillas-dentales\/\" data-type=\"URL\" data-id=\"https:\/\/nutrident.fr\/es\/carillas-dentales\/\" target=\"_blank\" rel=\"noreferrer noopener\">carillas<\/a><\/strong>. Otro m\u00e9todo consiste en cepillarse los dientes con <a href=\"https:\/\/nutrident.fr\/es\/elegir-la-mejor-pasta-de-dientes\/\" data-type=\"URL\" data-id=\"https:\/\/nutrident.fr\/es\/elegir-la-mejor-pasta-de-dientes\/\" target=\"_blank\" rel=\"noreferrer noopener\">dent\u00edfricos<\/a> blanqueadores, los cuales son m\u00e1s agresivos que las pastas dentales regulares y tienden a enrojecer las enc\u00edas. Adem\u00e1s, los resultados no suelen ser tan satisfactorios.<\/p>\n\n\n\n<p>Una de las causas de los dientes amarillos suele ser <strong>la poca mineralizaci\u00f3n de los dientes.<\/strong> Esto provoca que el <a href=\"https:\/\/nutrident.fr\/es\/esmalte-dental-tratamiento\/\" data-type=\"URL\" data-id=\"https:\/\/nutrident.fr\/es\/esmalte-dental-tratamiento\/\" target=\"_blank\" rel=\"noreferrer noopener\">esmalte<\/a> sea ligeramente transl\u00facido y que deje ver los tonos amarillos de la dentina que se encuentra debajo.<\/p>\n\n\n\n<p>Por otra parte, el color de los dientes no debe confundirse con su calidad. Algunos dientes muy blancos pueden ser extremadamente fr\u00e1giles, mientras que otros menos deslumbrantes soportar\u00e1n mucho mejor la prueba del tiempo.<\/p>\n\n\n\n<p>Por \u00faltimo, hay que tener en cuenta el <strong>envejecimiento natural de los dientes<\/strong>. Con la edad, el esmalte se desgasta y se vuelve m\u00e1s fino, dejando al descubierto m\u00e1s dentina, que tiende a tener m\u00e1s color.<\/p>\n\n\n\n<h3>Factores agravantes en la infancia<\/h3>\n\n\n<div class=\"wp-block-image\">\n<figure class=\"alignright size-medium\"><img width=\"300\" height=\"200\" src=\"https:\/\/nutrident.fr\/wp-content\/uploads\/2020\/01\/woman-wearing-purple-and-beige-lipstick-922473-300x200.jpg\" alt=\"dientes amarillos\" class=\"wp-image-4262\" srcset=\"https:\/\/nutrident.fr\/wp-content\/uploads\/2020\/01\/woman-wearing-purple-and-beige-lipstick-922473-300x200.jpg 300w, https:\/\/nutrident.fr\/wp-content\/uploads\/2020\/01\/woman-wearing-purple-and-beige-lipstick-922473-480x320.jpg 480w, https:\/\/nutrident.fr\/wp-content\/uploads\/2020\/01\/woman-wearing-purple-and-beige-lipstick-922473.jpg 750w\" sizes=\"(max-width: 300px) 100vw, 300px\" \/><figcaption>Varias enfermedades infantiles pueden provocar el amarilleamiento de los dientes<\/figcaption><\/figure><\/div>\n\n\n<p>Los dientes de los ni\u00f1os que han sido tratados con <strong>ciertos medicamentos<\/strong>, especialmente antibi\u00f3ticos (como la tetraciclina o la ciprofloxacina), corren el riesgo de mancharse de forma permanente.<\/p>\n\n\n\n<p>Todas las <strong>enfermedades sufridas en la infancia<\/strong> tambi\u00e9n pueden influir indirectamente en el <a href=\"https:\/\/www.passeportsante.net\/fr\/grossesse\/Fiche.aspx?doc=developpement-dents-bebe\" target=\"_blank\" rel=\"noopener noreferrer\">desarrollo de los dientes<\/a>. Si el organismo se ha debilitado en un momento crucial de la infancia, las consecuencias pueden extenderse m\u00e1s all\u00e1 del \u00f3rgano afectado por la enfermedad y perjudicar la salud dental.<\/p>\n\n\n\n<p>Si estas enfermedades se desarrollan cuando los dientes permanentes se est\u00e1n formando o cuando a\u00fan no han brotado, su color puede verse afectado.<\/p>\n\n\n\n<h3>Higiene bucal<\/h3>\n\n\n\n<p>La <strong>higiene bucal deficiente<\/strong> es una de las razones principales de que los dientes se vuelvan amarillos. Si no te cepillas los dientes con regularidad, las impurezas se depositar\u00e1n en ellos y adquirir\u00e1n un tono desagradable.<\/p>\n\n\n<div class=\"wp-block-image\">\n<figure class=\"alignright size-medium\"><img width=\"300\" height=\"200\" src=\"https:\/\/nutrident.fr\/wp-content\/uploads\/2019\/08\/blue-and-white-toothpaste-on-toothbrush-216729-300x200.jpg\" alt=\"cepillarse los dientes\" class=\"wp-image-2935\" srcset=\"https:\/\/nutrident.fr\/wp-content\/uploads\/2019\/08\/blue-and-white-toothpaste-on-toothbrush-216729-300x200.jpg 300w, https:\/\/nutrident.fr\/wp-content\/uploads\/2019\/08\/blue-and-white-toothpaste-on-toothbrush-216729-480x320.jpg 480w, https:\/\/nutrident.fr\/wp-content\/uploads\/2019\/08\/blue-and-white-toothpaste-on-toothbrush-216729.jpg 750w\" sizes=\"(max-width: 300px) 100vw, 300px\" \/><figcaption>Una buena higiene dental es esencial para mantener tus dientes blancos<\/figcaption><\/figure><\/div>\n\n\n<p>La placa, si no se elimina con el cepillo dental,<strong> se calcifica y se instala en los dientes en forma de sarro<\/strong>. Como es poroso, el sarro absorbe todas las impurezas que pasan por la boca, lo que acelera a\u00fan m\u00e1s su coloraci\u00f3n.<\/p>\n\n\n\n<p>Si no te cepillas los dientes, las bacterias y los hongos encontrar\u00e1n un caldo de cultivo especialmente favorable en tu boca y <strong>dar\u00e1n a tus dientes un desagradable color amarillo<\/strong>. En el peor de los casos, los dientes tambi\u00e9n pueden volverse anaranjados, marrones, \u00a1incluso verdes o negros!<\/p>\n\n\n\n<p>Adem\u00e1s, la falta de higiene provoca caries e infecciones que influyen negativamente en el <a href=\"https:\/\/nutrident.fr\/es\/blanqueamiento-profesional\/kit-blanqueador-dental\/\" target=\"_blank\" rel=\"noreferrer noopener\">color de los dientes<\/a>.<\/p>\n\n\n\n<h3>Contacto con sustancias pigmentados<\/h3>\n\n\n\n<p>El contacto con sustancias pigmentadas es la <strong>causa principal de los dientes amarillos<\/strong>. Incluso si tu higiene es impecable, los pigmentos de los alimentos y bebidas que consumes acabar\u00e1n por adherirse al esmalte.<\/p>\n\n\n\n<p>Entre las sustancias que m\u00e1s pigmentan los dientes se encuentran <strong>el<\/strong> <strong><a href=\"https:\/\/nutrident.fr\/es\/tabaco\/\">tabaco<\/a> y el t\u00e9<\/strong>. Para evitar que el tabaco manche los dientes, la \u00fanica soluci\u00f3n es dejar de fumar. Adem\u00e1s del efecto perjudicial sobre el color de los dientes, el tabaquismo provoca enfermedades pulmonares y bucales que pueden ser mortales.<\/p>\n\n\n<div class=\"wp-block-image\">\n<figure class=\"alignright size-medium\"><img width=\"300\" height=\"200\" src=\"https:\/\/nutrident.fr\/wp-content\/uploads\/2022\/05\/Depositphotos_37492261_m-2015-300x200.jpg\" alt=\"dientes blancos\" class=\"wp-image-10764\" srcset=\"https:\/\/nutrident.fr\/wp-content\/uploads\/2022\/05\/Depositphotos_37492261_m-2015-300x200.jpg 300w, https:\/\/nutrident.fr\/wp-content\/uploads\/2022\/05\/Depositphotos_37492261_m-2015-768x512.jpg 768w, https:\/\/nutrident.fr\/wp-content\/uploads\/2022\/05\/Depositphotos_37492261_m-2015-254x169.jpg 254w, https:\/\/nutrident.fr\/wp-content\/uploads\/2022\/05\/Depositphotos_37492261_m-2015.jpg 1000w\" sizes=\"(max-width: 300px) 100vw, 300px\" \/><figcaption>Los h\u00e1bitos cotidianos (beber caf\u00e9, vino, fumar, etc.) influyen en el color de los dientes<\/figcaption><\/figure><\/div>\n\n\n<p>El <a href=\"https:\/\/nutrident.fr\/es\/te-matcha\/\">consumo de t\u00e9<\/a> y de caf\u00e9 tiene m\u00e1s o menos el mismo efecto sobre el color de los dientes, pero puedes limitar el da\u00f1o <strong>bebi\u00e9ndolos con una pajita<\/strong>. No es la forma m\u00e1s elegante de consumir estas bebidas, pero de esta manera evitas que entren en contacto con los dientes y, por tanto, previenes las manchas.  Enjuagarse la boca o cepillarse los dientes despu\u00e9s de beber t\u00e9 o <a class=\"wpil_keyword_link\" title=\"caf\u00e9\" href=\"https:\/\/nutrident.fr\/es\/blanqueamiento-profesional\/manchas-cafe\/\">caf\u00e9<\/a> tambi\u00e9n reduce la posibilidad de desarrollar dientes amarillos.<\/p>\n\n\n\n<p>Los alimentos que manchan m\u00e1s los dientes son <a href=\"https:\/\/nutrident.fr\/es\/beneficios-vino-tinto-en-encias\/\" target=\"_blank\" rel=\"noreferrer noopener\">el vino<\/a> (especialmente el tinto), el regaliz y todos sus derivados, los frutos rojos, la remolacha y ciertas bebidas carbonatadas.<\/p>\n\n\n\n<h3>Medicamentos<\/h3>\n\n\n\n<p>Algunos medicamentos tomados en la edad adulta pueden manchar los dientes. Los <strong>antibi\u00f3ticos<\/strong> siguen siendo los culpables principales, pero desgraciadamente son la \u00fanica soluci\u00f3n para muchas enfermedades.<\/p>\n\n\n\n<h2><span class=\"ez-toc-section\" id=\"Dentaduras_y_amalgamas\"><\/span>Dentaduras y amalgamas<span class=\"ez-toc-section-end\"><\/span><\/h2>\n\n\n\n<p>Las pr\u00f3tesis dentales, los aparatos, las amalgamas, los pegamentos y otros elementos de este tipo pueden favorecer las manchas. Los alimentos pueden infiltrarse en estos componentes con mayor facilidad y a veces tambi\u00e9n son m\u00e1s dif\u00edciles de limpiar.<\/p>\n\n\n\n<p>Tambi\u00e9n debes tener en cuenta la <strong>antig\u00fcedad de cualquier trabajo dental <\/strong>que te hayas realizado. Los empastes de amalgama sobre caries o coronas pueden durar m\u00e1s de veinte a\u00f1os y es normal que envejezcan. La calidad de estos materiales mejora constantemente, son cada vez m\u00e1s resistentes a los da\u00f1os y manchas, as\u00ed que es buena idea sustituir gradualmente las amalgamas antiguas y las pr\u00f3tesis m\u00e1s sensibles.<\/p>\n\n\n\n<p><strong><em>Los aparatos de ortodoncia son muy caros. Por ello, la ayuda de una compa\u00f1\u00eda de seguros dentales puede ser muy \u00fatil.<\/em><\/strong><\/p>\n\n\n\n<h2><span class=\"ez-toc-section\" id=\"%C2%BFCuales_son_las_soluciones_para_evitar_los_dientes_amarillos\"><\/span>\u00bfCu\u00e1les son las soluciones para evitar los dientes amarillos?<span class=\"ez-toc-section-end\"><\/span><\/h2>\n\n\n\n<h3>Higiene bucal<\/h3>\n\n\n\n<p>Tener una buena higiene dental es la mejor manera de evitar los dientes amarillos. Debes <strong>cepillarte los dientes despu\u00e9s de cada comida<\/strong> para eliminar la placa y retrasar el desarrollo de <a href=\"https:\/\/nutrident.fr\/es\/sarro-dental\/\" data-type=\"URL\" data-id=\"https:\/\/nutrident.fr\/es\/sarro-dental\/\" target=\"_blank\" rel=\"noreferrer noopener\">sarro<\/a>. <\/p>\n\n\n\n<p>Si tienes los dientes muy api\u00f1ados, <a href=\"https:\/\/nutrident.fr\/es\/hilo-dental\/\"><strong>el uso de seda dental<\/strong><\/a> te ayudar\u00e1 a deshacerte de los trozos de comida que se quedan atascados en los espacios interdentales. Si tus dientes est\u00e1n alineados de forma normal, es posible que prefieras utilizar<a href=\"https:\/\/nutrident.fr\/es\/cepillo-interdental\/\"> cepillos interdentales<\/a>, que son muy eficaces si los usas al menos una vez al d\u00eda. Un irrigador dental es tambi\u00e9n una forma muy buena de eliminar la placa, adem\u00e1s de que proporciona un agradable masaje a las enc\u00edas.<\/p>\n\n\n\n<h3>Limpieza dental<\/h3>\n\n\n\n<p>Incluso con una higiene bucal impecable, <strong>la mayor\u00eda de las personas acaban teniendo sarro en los dientes<\/strong>. Este procede del agua que bebemos o utilizamos para cocinar, pero tambi\u00e9n de la saliva y de otros elementos.<\/p>\n\n\n\n<p>Existen muchos <a href=\"https:\/\/nutrident.fr\/es\/?page_id=16341\">m\u00e9todos naturales para eliminar el sarro<\/a> si a\u00fan no est\u00e1 demasiado fijado en los dientes, pero el m\u00e1s eficaz es el raspado o <strong>limpieza en el dentista<\/strong>. Todos debemos acudir al dentista una vez al a\u00f1o para una revisi\u00f3n, as\u00ed que por qu\u00e9 no aprovechar y hacerse una limpieza dental.<\/p>\n\n\n\n<p>Tambi\u00e9n existen <strong><a href=\"https:\/\/nutrident.fr\/es\/?page_id=16747\">kits de limpieza dental <\/a>para uso dom\u00e9stico<\/strong>, pero debes asegurarte de que son de buena calidad. Si no son lo suficientemente fuertes, no servir\u00e1n para nada; pero si son demasiado fuertes, pueden da\u00f1ar tus dientes irremediablemente.<\/p>\n\n\n\n<h3>Blanqueamiento dental en el dentista<\/h3>\n\n\n\n<p>Una de las opciones m\u00e1s efectivas para eliminar los dientes amarillos es hacerse un <a href=\"https:\/\/nutrident.fr\/es\/blanqueamiento-profesional\/\">blanqueamiento dental en el dentista<\/a>. Este tomar\u00e1 impresiones de tus dientes para mandar a fabricar bandejas o f\u00e9rulas personalizadas. A continuaci\u00f3n, te proporcionar\u00e1 el producto blanqueador en jeringuillas que t\u00fa mismo aplicar\u00e1s en las f\u00e9rulas y que dejar\u00e1s actuar sobre los dientes<strong> <\/strong>durante varias horas al d\u00eda, o durante toda la noche. El blanqueador est\u00e1 hecho de per\u00f3xido de hidr\u00f3geno y, dependiendo de su concentraci\u00f3n, <strong>el tratamiento puede durar entre una y dos semanas<\/strong>.<\/p>\n\n\n<div class=\"wp-block-image\">\n<figure class=\"alignright size-large is-resized\"><img src=\"https:\/\/nutrident.fr\/wp-content\/uploads\/2022\/11\/blanqueamiento-dientes-1024x682.jpg\" alt=\"dientes amarillos\" class=\"wp-image-19221\" width=\"300\" height=\"200\" srcset=\"https:\/\/nutrident.fr\/wp-content\/uploads\/2022\/11\/blanqueamiento-dientes-1024x682.jpg 1024w, https:\/\/nutrident.fr\/wp-content\/uploads\/2022\/11\/blanqueamiento-dientes-300x200.jpg 300w, https:\/\/nutrident.fr\/wp-content\/uploads\/2022\/11\/blanqueamiento-dientes-768x512.jpg 768w, https:\/\/nutrident.fr\/wp-content\/uploads\/2022\/11\/blanqueamiento-dientes-1536x1024.jpg 1536w, https:\/\/nutrident.fr\/wp-content\/uploads\/2022\/11\/blanqueamiento-dientes-254x169.jpg 254w, https:\/\/nutrident.fr\/wp-content\/uploads\/2022\/11\/blanqueamiento-dientes.jpg 2000w\" sizes=\"(max-width: 300px) 100vw, 300px\" \/><figcaption>El blanqueamiento dental es la forma m\u00e1s efectiva de eliminar los dientes amarillos<\/figcaption><\/figure><\/div>\n\n\n<p>El blanqueamiento tambi\u00e9n puede realizarse en la consulta del dentista, con dosis mucho m\u00e1s altas y con una exposici\u00f3n de una hora. El tono blanco de los dientes <strong>se mantiene durante tres o cuatro a\u00f1os<\/strong>, siempre que no abuses de las sustancias pigmentadas y que tengas una buena higiene dental.<\/p>\n\n\n\n<p>El blanqueamiento en el dentista es <strong>el tratamiento m\u00e1s eficaz para eliminar el color amarillento<\/strong> de los dientes. Cuesta entre 400 y 1.000 euros y rara vez lo reembolsa el seguro m\u00e9dico complementario. No est\u00e1 cubierto en absoluto por la seguridad social.<\/p>\n\n\n\n<h3>Kits de blanqueamiento en casa<\/h3>\n\n\n\n<p>Hay todo tipo de <a href=\"https:\/\/nutrident.fr\/es\/blanqueamiento-profesional\/kit-blanqueador-dental\/\" target=\"_blank\" rel=\"noreferrer noopener\">kits de blanqueamiento casero<\/a> en el mercado: pastas de dientes, bandejas de per\u00f3xido de hidr\u00f3geno, tiras con gel blanqueador, gel para aplicar con un cepillo, etc.<\/p>\n\n\n\n<p>Debes tomar todas las precauciones posibles, ya que cualquier producto en exceso <strong>puede da\u00f1ar el esmalte dental<\/strong>. Al principio, tus dientes parecer\u00e1n m\u00e1s blancos, pero el esmalte poroso absorber\u00e1 luego todas las manchas.<\/p>\n\n\n\n<p>As\u00ed que debes tener mucho cuidado, sobre todo con productos que vienen de China. Estos pueden indicar una dosis falsa para pasar los controles de aduana y en realidad <strong>pueden ser demasiado agresivos<\/strong> o, por el contrario, <strong>totalmente ineficaces<\/strong>. Hemos seleccionado los que creemos que son los mejores kits de blanqueamiento dental con nuestra opini\u00f3n sobre el tema, para que te ahorres la visita al dentista.<\/p>\n\n\n\n<p class=\"wp-embed-aspect-16-9 wp-has-aspect-ratio\">Si quiere hacerte un blanqueamiento dental en casa, te recomendamos este producto de Smile Avenue:<\/p>\n\n\n<div class=\"wp-block-image\">\n<figure class=\"aligncenter size-medium\"><a href=\"https:\/\/smile-avenue.com\/product\/kit-de-blanchiment-dentaire-smile-avenue\/ref\/smiledenta\/\" target=\"_blank\" rel=\"noopener\"><img width=\"300\" height=\"300\" src=\"https:\/\/nutrident.fr\/wp-content\/uploads\/2019\/07\/smileavenue1b-1-1024x1024-1-300x300.jpeg\" alt=\"avenida de la sonrisa\" class=\"wp-image-9029\" srcset=\"https:\/\/nutrident.fr\/wp-content\/uploads\/2019\/07\/smileavenue1b-1-1024x1024-1-300x300.jpeg 300w, https:\/\/nutrident.fr\/wp-content\/uploads\/2019\/07\/smileavenue1b-1-1024x1024-1-150x150.jpeg 150w, https:\/\/nutrident.fr\/wp-content\/uploads\/2019\/07\/smileavenue1b-1-1024x1024-1-768x768.jpeg 768w, https:\/\/nutrident.fr\/wp-content\/uploads\/2019\/07\/smileavenue1b-1-1024x1024-1-980x980.jpeg 980w, https:\/\/nutrident.fr\/wp-content\/uploads\/2019\/07\/smileavenue1b-1-1024x1024-1-480x480.jpeg 480w, https:\/\/nutrident.fr\/wp-content\/uploads\/2019\/07\/smileavenue1b-1-1024x1024-1.jpeg 1024w\" sizes=\"(max-width: 300px) 100vw, 300px\" \/><\/a><\/figure><\/div>\n\n\n<div class=\"wp-container-1 is-content-justification-center wp-block-buttons wp-embed-aspect-16-9 wp-has-aspect-ratio\"><\/div>\n<div class=\"article-data before-content\"><div class=\"article-data__date\"><div class=\"article-data__date-modified\"><time class=\"published\" datetime=\"2022-10-27T18:03:38+00:00\">This article was originally published on&nbsp;<span class=\"2\">octubre 27, 2022<\/span>&nbsp;and was most recently updated on&nbsp;<span>junio 13, 2023<\/span><\/time><br><\/div><\/div><\/div><div class=\"user-info\">    <div class=\"user-info__body\">\r\n      <div class=\"user-info__caption\"><span>Contributors:<\/span><\/div>\r\n\t\t\t        <div class=\"user-info__wrap \">\r\n          <div class=\"user-info__data\">\r\n            <div class=\"user-info__data__info\">\r\n              <div class=\"photo\">\r\n\t\t\t\t\t\t\t\t<img width=\"66\" height=\"61\" src=\"https:\/\/nutrident.fr\/wp-content\/uploads\/2023\/06\/unnamed-66x61.jpg\" class=\"attachment-profileImageAuthor size-profileImageAuthor wp-post-image\" alt=\"Dr Abel Jes\u00fas Pederzoli\" loading=\"lazy\" srcset=\"https:\/\/nutrident.fr\/wp-content\/uploads\/2023\/06\/unnamed-66x61.jpg 66w, https:\/\/nutrident.fr\/wp-content\/uploads\/2023\/06\/unnamed-300x279.jpg 300w, https:\/\/nutrident.fr\/wp-content\/uploads\/2023\/06\/unnamed-1024x952.jpg 1024w, https:\/\/nutrident.fr\/wp-content\/uploads\/2023\/06\/unnamed-768x714.jpg 768w, https:\/\/nutrident.fr\/wp-content\/uploads\/2023\/06\/unnamed-204x190.jpg 204w, https:\/\/nutrident.fr\/wp-content\/uploads\/2023\/06\/unnamed-120x112.jpg 120w, https:\/\/nutrident.fr\/wp-content\/uploads\/2023\/06\/unnamed.jpg 1125w\" sizes=\"(max-width: 66px) 100vw, 66px\" \/>              <\/div>\r\n              <a href=\"https:\/\/nutrident.fr\/es\/author\/dr-abel-jesus-pederzoli\/\" class=\"name\">Dr Abel Jes\u00fas Pederzoli<\/a>\r\n            <\/div>\r\n            <div class=\"user-info__data__social\">\r\n\t\t\t\t\t\t\t\t\t\t\t\t\t\t\t\t\t\t\t\t\t          <a href=\"https:\/\/clinicaleixample.es\/\"\r\n             class=\"soc-item website\">website<\/a>\r\n\t\t\t\t          <a href=\"http:\/\/linkedin.com\/in\/abel-jes%C3%BAs-pederzoli\"\r\n             class=\"soc-item linkedin\">linkedin<\/a>\r\n\t\t\t\t            <\/div>\r\n          <\/div>\r\n          <div class=\"user-info__description\">\r\n\t\t\t\t\t\t\t\t\t\t\t\t\t<p>Con t\u00edtulos obtenidos en la Facultad de Odontolog\u00eda de la Universidad Nacional de La Plata y una participaci\u00f3n activa en congresos y jornadas, el Dr. Pederzoli se mantiene actualizado en las \u00faltimas t\u00e9cnicas y avances en odontolog\u00eda. Actualmente se encuentra desarrollando un proyecto de consultor\u00eda tecnol\u00f3gica aplicada a cl\u00ednicas dentales.<\/p>\n\t\t\t\t\t\t          <\/div>\r\n        <\/div>\r\n\t\t\t\t    <\/div>\r\n\t<\/div><!--copyscapeskip--><div class=\"medical_references\"><div class=\"medical_references__heading\"><span>Fuentes M\u00e9dicas<\/span><\/div><div class=\"medical_references__list\"><p><strong>El desarrollo de los dientes del beb\u00e9:\u00a0<\/strong><br \/>\n<a href=\"https:\/\/www.passeportsante.net\/fr\/grossesse\/Fiche.aspx?doc=developpement-dents-bebe\">https:\/\/www.passeportsante.net\/fr\/grossesse\/Fiche.aspx?doc=developpement-dents-bebe<\/a><\/p>\n<\/div><\/div><!--\/copyscapeskip-->","protected":false},"excerpt":{"rendered":"<p>Contributor:&nbsp; Dr Abel Jes\u00fas Pederzoli Updated:&nbsp;junio 13, 2023 Si solo el cepillado bastara para mantener los dientes blancos, tendr\u00edas la sonrisa de una estrella. Pero no es as\u00ed, pues el amarillamiento de los dientes es el resultado de varios factores. Para restaurar la blancura de tus dientes, es necesario identificar las causas de la decoloraci\u00f3n [&hellip;]<\/p>\n","protected":false},"author":23,"featured_media":19225,"parent":16855,"menu_order":0,"comment_status":"closed","ping_status":"open","template":"","meta":{"inline_featured_image":false},"acf":[],"_links":{"self":[{"href":"https:\/\/nutrident.fr\/es\/wp-json\/wp\/v2\/pages\/16822"}],"collection":[{"href":"https:\/\/nutrident.fr\/es\/wp-json\/wp\/v2\/pages"}],"about":[{"href":"https:\/\/nutrident.fr\/es\/wp-json\/wp\/v2\/types\/page"}],"author":[{"embeddable":true,"href":"https:\/\/nutrident.fr\/es\/wp-json\/wp\/v2\/users\/23"}],"replies":[{"embeddable":true,"href":"https:\/\/nutrident.fr\/es\/wp-json\/wp\/v2\/comments?post=16822"}],"version-history":[{"count":22,"href":"https:\/\/nutrident.fr\/es\/wp-json\/wp\/v2\/pages\/16822\/revisions"}],"predecessor-version":[{"id":21766,"href":"https:\/\/nutrident.fr\/es\/wp-json\/wp\/v2\/pages\/16822\/revisions\/21766"}],"up":[{"embeddable":true,"href":"https:\/\/nutrident.fr\/es\/wp-json\/wp\/v2\/pages\/16855"}],"wp:featuredmedia":[{"embeddable":true,"href":"https:\/\/nutrident.fr\/es\/wp-json\/wp\/v2\/media\/19225"}],"wp:attachment":[{"href":"https:\/\/nutrident.fr\/es\/wp-json\/wp\/v2\/media?parent=16822"}],"curies":[{"name":"wp","href":"https:\/\/api.w.org\/{rel}","templated":true}]}}