

{"id":16855,"date":"2022-10-28T11:17:28","date_gmt":"2022-10-28T11:17:28","guid":{"rendered":"https:\/\/nutrident.fr\/?page_id=16855"},"modified":"2023-06-13T10:09:28","modified_gmt":"2023-06-13T10:09:28","slug":"blanqueamiento-profesional","status":"publish","type":"page","link":"https:\/\/nutrident.fr\/es\/blanqueamiento-profesional\/","title":{"rendered":"Blanqueamiento dental en el dentista: precios, procedimiento y alternativas"},"content":{"rendered":"<div class=\"meta\"><div class=\"meta__users\">    <div class=\"meta__users__reviewed\">\r\n      <p class=\"meta__users__caption\">Contributor:&nbsp;<\/p>\r\n      <div class=\"users\">\r\n        <span class=\"users__user\">\r\n          <a href=\"#\">Dr Abel Jes\u00fas Pederzoli<\/a>\r\n        <\/span>\r\n      <\/div>\r\n    <\/div>\r\n\t<\/div><div class=\"meta__date-modified\">Updated:&nbsp;<span>junio 13, 2023<\/span><\/div><\/div><div class=\"wp-block-image\">\n<figure class=\"alignright size-medium\"><img width=\"300\" height=\"200\" src=\"https:\/\/nutrident.fr\/wp-content\/uploads\/2022\/05\/Depositphotos_13263362_S-300x200.jpg\" alt=\"blanqueamiento dental\" class=\"wp-image-10678\" srcset=\"https:\/\/nutrident.fr\/wp-content\/uploads\/2022\/05\/Depositphotos_13263362_S-300x200.jpg 300w, https:\/\/nutrident.fr\/wp-content\/uploads\/2022\/05\/Depositphotos_13263362_S-768x512.jpg 768w, https:\/\/nutrident.fr\/wp-content\/uploads\/2022\/05\/Depositphotos_13263362_S-254x169.jpg 254w, https:\/\/nutrident.fr\/wp-content\/uploads\/2022\/05\/Depositphotos_13263362_S.jpg 1000w\" sizes=\"(max-width: 300px) 100vw, 300px\" \/><figcaption>El blanqueamiento dental se ha puesto muy de moda<\/figcaption><\/figure><\/div>\n\n\n<p>El cepillado dental no es suficiente para mantener los dientes blancos. Con el tiempo, los dientes van perdiendo su brillo debido a la edad, el sarro, el consumo de alimentos y bebidas con pigmentos, el tabaquismo o el uso de ciertos medicamentos. <\/p>\n\n\n\n<p>Hay muchas formas de <a href=\"https:\/\/nutrident.fr\/es\/blanqueamiento-profesional\/kit-blanqueador-dental\/\" target=\"_blank\" rel=\"noreferrer noopener\">blanquear los dientes en casa<\/a>, desde recetas caseras hasta pastas dent\u00edfricas espec\u00edficas, pero <strong>nada es tan eficaz ni tan seguro como el blanqueamiento dental en el dentista.<\/strong><\/p>\n\n\n\n<p>En este art\u00edculo, <a href=\"https:\/\/nutrident.fr\/es\/\">Nutrident<\/a> arroja luz sobre este tema y ofrece todos los detalles sobre el blanqueamiento dental profesional en el dentista.<\/p>\n\n\n\n<p><em>Si prefieres blanquear tus dientes en casa, nuestro equipo recomienda el kit de blanqueamiento dental Smile Avenue<\/em><\/p>\n\n\n\n<div class=\"wp-container-1 is-content-justification-center wp-block-buttons\">\n<div class=\"wp-block-button\"><a class=\"wp-block-button__link has-white-color has-vivid-cyan-blue-background-color has-text-color has-background\" href=\"https:\/\/smile-avenue.com\/es\/product\/kit-de-blanchiment-dentaire-smile-avenue\/ref\/nutrisp\/\" target=\"_blank\" rel=\"noopener\">Comprar kit Smile Avenue al mejor precio<\/a><\/div>\n<\/div>\n\n\n\n<div id=\"ez-toc-container\" class=\"ez-toc-v2_0_33_2 counter-hierarchy ez-toc-counter ez-toc-white ez-toc-container-direction\">\n<div class=\"ez-toc-title-container\">\n<p class=\"ez-toc-title\">Contenus<\/p>\n<span class=\"ez-toc-title-toggle\"><a href=\"#\" class=\"ez-toc-pull-right ez-toc-btn ez-toc-btn-xs ez-toc-btn-default ez-toc-toggle\" style=\"display: none;\"><label for=\"item\" aria-label=\"Tabla de contenidos\"><i class=\"ez-toc-glyphicon ez-toc-icon-toggle\"><\/i><\/label><input type=\"checkbox\" id=\"item\"><\/a><\/span><\/div>\n<nav><ul class='ez-toc-list ez-toc-list-level-1'><li class='ez-toc-page-1 ez-toc-heading-level-2'><a class=\"ez-toc-link ez-toc-heading-1\" href=\"https:\/\/nutrident.fr\/es\/blanqueamiento-profesional\/#%C2%BFComo_funciona_un_blanqueamiento_dental_en_el_dentista\" title=\"\u00bfC\u00f3mo funciona un blanqueamiento dental en el dentista?\">\u00bfC\u00f3mo funciona un blanqueamiento dental en el dentista?<\/a><\/li><li class='ez-toc-page-1 ez-toc-heading-level-2'><a class=\"ez-toc-link ez-toc-heading-2\" href=\"https:\/\/nutrident.fr\/es\/blanqueamiento-profesional\/#Precio_del_blanqueamiento_dental\" title=\"Precio del blanqueamiento dental\">Precio del blanqueamiento dental<\/a><\/li><li class='ez-toc-page-1 ez-toc-heading-level-2'><a class=\"ez-toc-link ez-toc-heading-3\" href=\"https:\/\/nutrident.fr\/es\/blanqueamiento-profesional\/#%C2%BFCuales_son_los_beneficios_del_blanqueamiento_dental_en_el_dentista\" title=\"\u00bfCu\u00e1les son los beneficios del blanqueamiento dental en el dentista?\">\u00bfCu\u00e1les son los beneficios del blanqueamiento dental en el dentista?<\/a><\/li><li class='ez-toc-page-1 ez-toc-heading-level-2'><a class=\"ez-toc-link ez-toc-heading-4\" href=\"https:\/\/nutrident.fr\/es\/blanqueamiento-profesional\/#Contraindicaciones_del_blanqueamiento_dental\" title=\"Contraindicaciones del blanqueamiento dental\">Contraindicaciones del blanqueamiento dental<\/a><\/li><li class='ez-toc-page-1 ez-toc-heading-level-2'><a class=\"ez-toc-link ez-toc-heading-5\" href=\"https:\/\/nutrident.fr\/es\/blanqueamiento-profesional\/#Blanqueamiento_con_laser_o_con_lampara\" title=\"Blanqueamiento con l\u00e1ser o con l\u00e1mpara\">Blanqueamiento con l\u00e1ser o con l\u00e1mpara<\/a><\/li><li class='ez-toc-page-1 ez-toc-heading-level-2'><a class=\"ez-toc-link ez-toc-heading-6\" href=\"https:\/\/nutrident.fr\/es\/blanqueamiento-profesional\/#Blanqueamiento_con_ferulas_a_medida\" title=\"Blanqueamiento con f\u00e9rulas a medida\">Blanqueamiento con f\u00e9rulas a medida<\/a><\/li><li class='ez-toc-page-1 ez-toc-heading-level-2'><a class=\"ez-toc-link ez-toc-heading-7\" href=\"https:\/\/nutrident.fr\/es\/blanqueamiento-profesional\/#Soluciones_alternativas_al_blanqueamiento_en_la_consulta\" title=\"Soluciones alternativas al blanqueamiento en la consulta\">Soluciones alternativas al blanqueamiento en la consulta<\/a><\/li><li class='ez-toc-page-1 ez-toc-heading-level-2'><a class=\"ez-toc-link ez-toc-heading-8\" href=\"https:\/\/nutrident.fr\/es\/blanqueamiento-profesional\/#PREGUNTAS_FRECUENTES\" title=\"PREGUNTAS FRECUENTES\">PREGUNTAS FRECUENTES<\/a><\/li><\/ul><\/nav><\/div>\n<h2><span class=\"ez-toc-section\" id=\"%C2%BFComo_funciona_un_blanqueamiento_dental_en_el_dentista\"><\/span>\u00bfC\u00f3mo funciona un blanqueamiento dental en el dentista?<span class=\"ez-toc-section-end\"><\/span><\/h2>\n\n\n\n<p>Para blanquear los dientes, el dentista aplica un <strong>producto capaz de eliminar las manchas<\/strong> de la superficie dental (el esmalte), as\u00ed como del estrato que se encuentra justo debajo (la dentina). Sin embargo, el producto blanqueador no penetra en la parte interna del diente (la pulpa).<\/p>\n\n\n\n<h3>El elemento clave: el per\u00f3xido de hidr\u00f3geno<\/h3>\n\n\n\n<p>Por ello, <strong>el tratamiento es completamente indoloro<\/strong> y no requiere ninguna anestesia, ni siquiera local. El producto utilizado contiene per\u00f3xido, el cual rompe las mol\u00e9culas que componen las manchas de los dientes gracias a su alto contenido de ox\u00edgeno.  <\/p>\n\n\n\n<p>Tu dentista tiene la opci\u00f3n de usar per\u00f3xido de hidr\u00f3geno (com\u00fanmente conocido como agua oxigenada), per\u00f3xido de carbamida o per\u00f3xido de urea.<\/p>\n\n\n\n<h3>El blanqueamiento recupera el color natural de los dientes<\/h3>\n\n\n\n<p>Ten cuidado de no esperar demasiado del blanqueamiento dental. Este tratamiento <strong>permite recuperar el tono natural de los dientes<\/strong>, pero no puede ir m\u00e1s all\u00e1. <\/p>\n\n\n\n<p>Es decir, el blanqueamiento \u00abrestaura\u00bb el color original de tu dentadura, eliminando todos los agentes de tinci\u00f3n, pero si tienes los dientes amarillos u oscuros de forma natural, no los har\u00e1 m\u00e1s blancos. La coloraci\u00f3n natural de los dientes es <a href=\"https:\/\/nutrident.fr\/es\/salud-bucodental-y-genetica\/\">gen\u00e9tica<\/a> y <strong>no se puede modificar<\/strong>.<\/p>\n\n\n\n<h3>El tratamiento no afecta las pr\u00f3tesis dentales<\/h3>\n\n\n\n<p>Por otro lado, <strong>el blanqueamiento no tiene ning\u00fan efecto sobre las pr\u00f3tesis<\/strong> ni otros trabajos dentales, como por ejemplo coronas, empastes u obturaciones. Si tienes coronas en los incisivos, habr\u00e1 que cambiarlas si son viejas (m\u00e1s de veinte a\u00f1os) o <a href=\"https:\/\/nutrident.fr\/es\/?page_id=16809\">colocarles carillas<\/a> para que coincidan con el color de tus dientes despu\u00e9s del blanqueamiento dental.  <\/p>\n\n\n<div class=\"wp-block-image\">\n<figure class=\"alignright size-medium\"><img width=\"300\" height=\"200\" src=\"https:\/\/nutrident.fr\/wp-content\/uploads\/2020\/05\/woman-having-dental-check-up-3845657-300x200.jpg\" alt=\"blanqueamiento dental en el dentista\" class=\"wp-image-4195\" srcset=\"https:\/\/nutrident.fr\/wp-content\/uploads\/2020\/05\/woman-having-dental-check-up-3845657-300x200.jpg 300w, https:\/\/nutrident.fr\/wp-content\/uploads\/2020\/05\/woman-having-dental-check-up-3845657-480x320.jpg 480w, https:\/\/nutrident.fr\/wp-content\/uploads\/2020\/05\/woman-having-dental-check-up-3845657.jpg 750w\" sizes=\"(max-width: 300px) 100vw, 300px\" \/><figcaption>El blanqueamiento dental en el dentista ofrece una total seguridad<\/figcaption><\/figure><\/div>\n\n\n<h2><span class=\"ez-toc-section\" id=\"Precio_del_blanqueamiento_dental\"><\/span>Precio del blanqueamiento dental<span class=\"ez-toc-section-end\"><\/span><\/h2>\n\n\n\n<p>El blanqueamiento dental no lo reembolsa la seguridad social y rara vez lo hace el seguro privado. El tratamiento cuesta<strong> entre 400 y 1.000 euros, <\/strong>dependiendo del procedimiento elegido y de las tarifas aplicadas por tu dentista. Aunque el precio del blanqueamiento dental var\u00eda de una cl\u00ednica a otra, rara vez se sale de este rango de precios.<\/p>\n\n\n\n<h2><span class=\"ez-toc-section\" id=\"%C2%BFCuales_son_los_beneficios_del_blanqueamiento_dental_en_el_dentista\"><\/span>\u00bfCu\u00e1les son los beneficios del blanqueamiento dental en el dentista?<span class=\"ez-toc-section-end\"><\/span><\/h2>\n\n\n\n<p>Una vez que se han ca\u00eddo los dientes de leche, solo tenemos una dentadura para el resto de nuestra vida. No tenemos tanta suerte como los tiburones, que tienen un nuevo diente esperando para compensar cada p\u00e9rdida.<\/p>\n\n\n\n<h3>Tu sonrisa en manos de un profesional<\/h3>\n\n\n\n<p>Si utilizas productos demasiado corrosivos, o poco agresivos pero con demasiada frecuencia, corres el riesgo de<strong> da\u00f1ar tus dientes sin remedio<\/strong>.<\/p>\n\n\n\n<p>Si tu <a href=\"https:\/\/nutrident.fr\/es\/esmalte-dental-tratamiento\/\">esmalte<\/a> se da\u00f1a, tus dientes estar\u00e1n desprotegidos y necesitar\u00e1s carillas y posiblemente una endodoncia.<\/p>\n\n\n\n<h3>Un m\u00e9todo comprobado y seguro<\/h3>\n\n\n\n<p>El dentista comenzar\u00e1 el procedimiento con un raspado y una <strong>limpieza profunda <\/strong>de tus dientes para optimizar el uso del per\u00f3xido.  <\/p>\n\n\n\n<p>Tambi\u00e9n aprovechar\u00e1 la ocasi\u00f3n para <strong>comprobar el estado general de tus dientes<\/strong>. Es imprescindible que no tengas ninguna lesi\u00f3n en la boca antes de proceder al blanqueamiento dental, ya que el agente blanqueador podr\u00eda filtrarse en tu boca, lo que ser\u00eda doloroso y peligroso para tu salud dental.  <\/p>\n\n\n\n<p>Si el dentista detecta <strong>caries u otros problemas<\/strong>, te pedir\u00e1 que los trates antes de proceder con el blanqueamiento.<\/p>\n\n\n\n<h2><span class=\"ez-toc-section\" id=\"Contraindicaciones_del_blanqueamiento_dental\"><\/span>Contraindicaciones del blanqueamiento dental<span class=\"ez-toc-section-end\"><\/span><\/h2>\n\n\n\n<p>Una de las consecuencias negativas m\u00e1s comunes del blanqueamiento dental es que <strong>puede producir sensibilidad<\/strong>. El blanqueamiento dental es indoloro para la gran mayor\u00eda de las personas. Pero algunos pacientes, cuyos dientes son especialmente sensibles o tienen un esmalte fino, pueden sentir dolor o incomodidad. Si experimentas alg\u00fan dolor durante el blanqueamiento, debes decirle a tu dentista ya que es posible que debas parar o dejar el tratamiento.<\/p>\n\n\n<div class=\"wp-block-image\">\n<figure class=\"alignright size-medium\"><img width=\"300\" height=\"200\" src=\"https:\/\/nutrident.fr\/wp-content\/uploads\/2022\/05\/Depositphotos_147603755_S-300x200.jpg\" alt=\"blanqueamiento profesional\" class=\"wp-image-10681\" srcset=\"https:\/\/nutrident.fr\/wp-content\/uploads\/2022\/05\/Depositphotos_147603755_S-300x200.jpg 300w, https:\/\/nutrident.fr\/wp-content\/uploads\/2022\/05\/Depositphotos_147603755_S-768x512.jpg 768w, https:\/\/nutrident.fr\/wp-content\/uploads\/2022\/05\/Depositphotos_147603755_S-254x169.jpg 254w, https:\/\/nutrident.fr\/wp-content\/uploads\/2022\/05\/Depositphotos_147603755_S.jpg 1000w\" sizes=\"(max-width: 300px) 100vw, 300px\" \/><figcaption>Hay varios m\u00e9todos de blanqueamiento dental disponibles en el dentista<\/figcaption><\/figure><\/div>\n\n\n<p>Dependiendo del estado de tus dientes, el dentista te aconsejar\u00e1 el mejor m\u00e9todo a seguir. Tener dientes m\u00e1s blancos no debe ser tu objetivo a toda costa, ya que tu salud dental es m\u00e1s importante.<\/p>\n\n\n\n<h2><span class=\"ez-toc-section\" id=\"Blanqueamiento_con_laser_o_con_lampara\"><\/span>Blanqueamiento con l\u00e1ser o con l\u00e1mpara<span class=\"ez-toc-section-end\"><\/span><\/h2>\n\n\n\n<p>El blanqueamiento con l\u00e1ser o con l\u00e1mpara<strong> <\/strong>se realiza \u00edntegramente en la consulta dental. El dentista comienza aplicando una crema para proteger tus labios, pues se mantendr\u00e1n tensos durante todo el proceso, que dura <strong>entre treinta minutos y una hora<\/strong>.<\/p>\n\n\n\n<p>A continuaci\u00f3n, se fija un retractor bucal para que la boca permanezca abierta y los dientes queden expuestos al l\u00e1ser o a la luz azul de la l\u00e1mpara.  <\/p>\n\n\n\n<p>El siguiente paso es proteger las membranas mucosas de la boca recubri\u00e9ndolas con un producto que evita que el agente blanqueador entre en contacto con ellas. Finalmente, el dentista ajusta el l\u00e1ser o la l\u00e1mpara hacia los dientes para exponerlos a la luz.  <\/p>\n\n\n\n<p>Los rayos l\u00e1ser o la luz azul se utilizan para ensanchar los poros del esmalte y <strong>optimizar la penetraci\u00f3n del agente blanqueador<\/strong>. El resultado es inmediato y bastante notorio.<\/p>\n\n\n\n<figure class=\"wp-block-embed is-type-video is-provider-youtube wp-block-embed-youtube wp-embed-aspect-16-9 wp-has-aspect-ratio\"><div class=\"wp-block-embed__wrapper\">\n<iframe title=\"Blanchiment des dents - Comment fait-on le blanchiment chez le dentiste\" width=\"500\" height=\"281\" src=\"https:\/\/www.youtube.com\/embed\/AGqg9NEPNRU?feature=oembed\" frameborder=\"0\" allow=\"accelerometer; autoplay; clipboard-write; encrypted-media; gyroscope; picture-in-picture\" allowfullscreen><\/iframe>\n<\/div><\/figure>\n\n\n\n<h2><span class=\"ez-toc-section\" id=\"Blanqueamiento_con_ferulas_a_medida\"><\/span>Blanqueamiento con f\u00e9rulas a medida<span class=\"ez-toc-section-end\"><\/span><\/h2>\n\n\n\n<p>Existen<strong> kits de blanqueamiento<\/strong> que proporciona el dentista, pero que se utilizan en casa. El dentista hace primero un molde de los dos arcos dentales que se usa para fabricar dos bandejas o f\u00e9rulas que se adaptan perfectamente a tu dentadura.<\/p>\n\n\n\n<h3>Tratamiento diario<\/h3>\n\n\n\n<p>El dentista tambi\u00e9n te dar\u00e1 un gel de per\u00f3xido de hidr\u00f3geno que tendr\u00e1s que untar en cada f\u00e9rula antes de pon\u00e9rtelas. Dependiendo de la dosis elegida por el dentista, llevar\u00e1s estas bandejas durante unas horas al d\u00eda, o toda la noche. <strong>El tratamiento toma una media de dos semanas<\/strong> y el resultado dura unos cuantos a\u00f1os.<\/p>\n\n\n\n<h3>Sigue las indicaciones al pie de la letra<\/h3>\n\n\n\n<p>Debes tener cuidado de <strong>no poner demasiado gel en las f\u00e9rulas<\/strong> para que no se derrame sobre las enc\u00edas. Si esto te ocurre no tienes por qu\u00e9 preocuparte, ya que no es grave, pero s\u00ed sentir\u00e1s un hormigueo temporal.<\/p>\n\n\n\n<p><a href=\"https:\/\/nutrident.fr\/es\/blanqueamiento-profesional\/kit-blanqueador-dental\/smile-avenue\/\">El blanqueamiento con f\u00e9rulas tambi\u00e9n est\u00e1 disponible en kits <\/a>que<strong> se venden en farmacias o en l\u00ednea<\/strong> sin la necesidad de acudir al dentista. Sin embargo, las bandejas tienen una forma est\u00e1ndar que no necesariamente se adapta a tu dentadura y la dosis del blanqueador es demasiado baja, as\u00ed que no es tan eficaz como el producto que consigues con el dentista.<\/p>\n\n\n\n<h2><span class=\"ez-toc-section\" id=\"Soluciones_alternativas_al_blanqueamiento_en_la_consulta\"><\/span>Soluciones alternativas al blanqueamiento en la consulta<span class=\"ez-toc-section-end\"><\/span><\/h2>\n\n\n<div class=\"wp-block-image\">\n<figure class=\"alignright\"><a href=\"https:\/\/nutrident.fr\/smileavenue\"><img width=\"150\" height=\"150\" src=\"https:\/\/nutrident.fr\/wp-content\/uploads\/2020\/05\/SmileAvenue-1-150x150.jpg\" alt=\"smile avenue kit de blanqueamiento\" class=\"wp-image-6589\" srcset=\"https:\/\/nutrident.fr\/wp-content\/uploads\/2020\/05\/SmileAvenue-1-150x150.jpg 150w, https:\/\/nutrident.fr\/wp-content\/uploads\/2020\/05\/SmileAvenue-1-300x300.jpg 300w, https:\/\/nutrident.fr\/wp-content\/uploads\/2020\/05\/SmileAvenue-1-768x768.jpg 768w, https:\/\/nutrident.fr\/wp-content\/uploads\/2020\/05\/SmileAvenue-1-980x980.jpg 980w, https:\/\/nutrident.fr\/wp-content\/uploads\/2020\/05\/SmileAvenue-1-480x480.jpg 480w, https:\/\/nutrident.fr\/wp-content\/uploads\/2020\/05\/SmileAvenue-1.jpg 1000w\" sizes=\"(max-width: 150px) 100vw, 150px\" \/><\/a><\/figure><\/div>\n\n\n<p>Si quieres tener dientes m\u00e1s blancos, pero los precios del dentista no est\u00e1n a tu alcance, existen formas de <strong>blanquear los dientes en casa<\/strong>. Una soluci\u00f3n bastante efectiva es el uso de un kit de blanqueamiento dental casero, un producto de venta libre que te permite blanquear los dientes en pocas semanas.<\/p>\n\n\n\n<p>Aunque no sea administrado por un dentista, puedes beneficiarte de los efectos de este producto durante varios meses y a un coste mucho menor.<\/p>\n\n\n\n<div class=\"wp-container-2 is-content-justification-center wp-block-buttons\">\n<div class=\"wp-block-button\"><a class=\"wp-block-button__link has-white-color has-vivid-cyan-blue-background-color has-text-color has-background\" href=\"https:\/\/smile-avenue.com\/es\/product\/kit-de-blanchiment-dentaire-smile-avenue\/ref\/nutrisp\/\" target=\"_blank\" rel=\"noopener\">Comprar kit blanqueador Smile Avenue<\/a><\/div>\n<\/div>\n\n\n\n<h2><span class=\"ez-toc-section\" id=\"PREGUNTAS_FRECUENTES\"><\/span>PREGUNTAS FRECUENTES<span class=\"ez-toc-section-end\"><\/span><\/h2>\n\n\n<div id=\"rank-math-faq\" class=\"rank-math-block\">\n<div class=\"rank-math-list \">\n<div id=\"faq-question-1657866484258\" class=\"rank-math-list-item\">\n<h3 class=\"rank-math-question \">\u00bfQu\u00e9 m\u00e9todo de blanqueamiento dental utilizan los dentistas?<\/h3>\n<div class=\"rank-math-answer \">\n\n<p>Existen varios m\u00e9todos de blanqueamiento que un dentista puede usar, pero todos se basan en un elemento clave: el gel de per\u00f3xido, que es el producto blanqueador que se aplica a los dientes.<\/p>\n\n<\/div>\n<\/div>\n<div id=\"faq-question-1657866496952\" class=\"rank-math-list-item\">\n<h3 class=\"rank-math-question \">\u00bfPuede el dentista blanquear los dientes?<\/h3>\n<div class=\"rank-math-answer \">\n\n<p>El dentista s\u00ed puede realizar un blanqueamiento dental para aclarar el esmalte de los dientes. El objetivo es devolverle a los dientes su color original.<\/p>\n\n<\/div>\n<\/div>\n<\/div>\n<\/div><div class=\"article-data before-content\"><div class=\"article-data__date\"><div class=\"article-data__date-modified\"><time class=\"published\" datetime=\"2022-10-28T11:17:28+00:00\">This article was originally published on&nbsp;<span class=\"2\">octubre 28, 2022<\/span>&nbsp;and was most recently updated on&nbsp;<span>junio 13, 2023<\/span><\/time><br><\/div><\/div><\/div><div class=\"user-info\">    <div class=\"user-info__body\">\r\n      <div class=\"user-info__caption\"><span>Contributors:<\/span><\/div>\r\n\t\t\t        <div class=\"user-info__wrap \">\r\n          <div class=\"user-info__data\">\r\n            <div class=\"user-info__data__info\">\r\n              <div class=\"photo\">\r\n\t\t\t\t\t\t\t\t<img width=\"66\" height=\"61\" src=\"https:\/\/nutrident.fr\/wp-content\/uploads\/2023\/06\/unnamed-66x61.jpg\" class=\"attachment-profileImageAuthor size-profileImageAuthor wp-post-image\" alt=\"Dr Abel Jes\u00fas Pederzoli\" loading=\"lazy\" srcset=\"https:\/\/nutrident.fr\/wp-content\/uploads\/2023\/06\/unnamed-66x61.jpg 66w, https:\/\/nutrident.fr\/wp-content\/uploads\/2023\/06\/unnamed-300x279.jpg 300w, https:\/\/nutrident.fr\/wp-content\/uploads\/2023\/06\/unnamed-1024x952.jpg 1024w, https:\/\/nutrident.fr\/wp-content\/uploads\/2023\/06\/unnamed-768x714.jpg 768w, https:\/\/nutrident.fr\/wp-content\/uploads\/2023\/06\/unnamed-204x190.jpg 204w, https:\/\/nutrident.fr\/wp-content\/uploads\/2023\/06\/unnamed-120x112.jpg 120w, https:\/\/nutrident.fr\/wp-content\/uploads\/2023\/06\/unnamed.jpg 1125w\" sizes=\"(max-width: 66px) 100vw, 66px\" \/>              <\/div>\r\n              <a href=\"https:\/\/nutrident.fr\/es\/author\/dr-abel-jesus-pederzoli\/\" class=\"name\">Dr Abel Jes\u00fas Pederzoli<\/a>\r\n            <\/div>\r\n            <div class=\"user-info__data__social\">\r\n\t\t\t\t\t\t\t\t\t\t\t\t\t\t\t\t\t\t\t\t\t          <a href=\"https:\/\/clinicaleixample.es\/\"\r\n             class=\"soc-item website\">website<\/a>\r\n\t\t\t\t          <a href=\"http:\/\/linkedin.com\/in\/abel-jes%C3%BAs-pederzoli\"\r\n             class=\"soc-item linkedin\">linkedin<\/a>\r\n\t\t\t\t            <\/div>\r\n          <\/div>\r\n          <div class=\"user-info__description\">\r\n\t\t\t\t\t\t\t\t\t\t\t\t\t<p>Con t\u00edtulos obtenidos en la Facultad de Odontolog\u00eda de la Universidad Nacional de La Plata y una participaci\u00f3n activa en congresos y jornadas, el Dr. Pederzoli se mantiene actualizado en las \u00faltimas t\u00e9cnicas y avances en odontolog\u00eda. Actualmente se encuentra desarrollando un proyecto de consultor\u00eda tecnol\u00f3gica aplicada a cl\u00ednicas dentales.<\/p>\n\t\t\t\t\t\t          <\/div>\r\n        <\/div>\r\n\t\t\t\t    <\/div>\r\n\t<\/div><!--copyscapeskip--><div class=\"medical_references\"><div class=\"medical_references__heading\"><span>Fuentes M\u00e9dicas<\/span><\/div><div class=\"medical_references__list\"><p><strong>Riesgos y beneficios del blanqueamiento dental<\/strong>: <a href=\"http:\/\/ve.scielo.org\/scielo.php?script=sci_arttext&pid=S0001-63652000000100004\" target=\"_blank\" rel=\"noopener\">http:\/\/ve.scielo.org\/scielo.php?script=sci_arttext&pid=S0001-63652000000100004<\/a><\/p>\n<\/div><\/div><!--\/copyscapeskip-->","protected":false},"excerpt":{"rendered":"<p>Contributor:&nbsp; Dr Abel Jes\u00fas Pederzoli Updated:&nbsp;junio 13, 2023 El cepillado dental no es suficiente para mantener los dientes blancos. Con el tiempo, los dientes van perdiendo su brillo debido a la edad, el sarro, el consumo de alimentos y bebidas con pigmentos, el tabaquismo o el uso de ciertos medicamentos. Hay muchas formas de blanquear [&hellip;]<\/p>\n","protected":false},"author":14,"featured_media":19284,"parent":0,"menu_order":0,"comment_status":"closed","ping_status":"closed","template":"","meta":{"inline_featured_image":false},"acf":[],"_links":{"self":[{"href":"https:\/\/nutrident.fr\/es\/wp-json\/wp\/v2\/pages\/16855"}],"collection":[{"href":"https:\/\/nutrident.fr\/es\/wp-json\/wp\/v2\/pages"}],"about":[{"href":"https:\/\/nutrident.fr\/es\/wp-json\/wp\/v2\/types\/page"}],"author":[{"embeddable":true,"href":"https:\/\/nutrident.fr\/es\/wp-json\/wp\/v2\/users\/14"}],"replies":[{"embeddable":true,"href":"https:\/\/nutrident.fr\/es\/wp-json\/wp\/v2\/comments?post=16855"}],"version-history":[{"count":47,"href":"https:\/\/nutrident.fr\/es\/wp-json\/wp\/v2\/pages\/16855\/revisions"}],"predecessor-version":[{"id":21764,"href":"https:\/\/nutrident.fr\/es\/wp-json\/wp\/v2\/pages\/16855\/revisions\/21764"}],"wp:featuredmedia":[{"embeddable":true,"href":"https:\/\/nutrident.fr\/es\/wp-json\/wp\/v2\/media\/19284"}],"wp:attachment":[{"href":"https:\/\/nutrident.fr\/es\/wp-json\/wp\/v2\/media?parent=16855"}],"curies":[{"name":"wp","href":"https:\/\/api.w.org\/{rel}","templated":true}]}}