

{"id":16861,"date":"2022-10-27T18:03:08","date_gmt":"2022-10-27T18:03:08","guid":{"rendered":"https:\/\/nutrident.fr\/?page_id=16861"},"modified":"2023-06-13T10:10:24","modified_gmt":"2023-06-13T10:10:24","slug":"tiras-blanqueadoras","status":"publish","type":"page","link":"https:\/\/nutrident.fr\/es\/blanqueamiento-profesional\/tiras-blanqueadoras\/","title":{"rendered":"Tiras blanqueadoras: selecci\u00f3n y comparaci\u00f3n de los mejores productos"},"content":{"rendered":"<div class=\"meta\"><div class=\"meta__users\">    <div class=\"meta__users__reviewed\">\r\n      <p class=\"meta__users__caption\">Contributor:&nbsp;<\/p>\r\n      <div class=\"users\">\r\n        <span class=\"users__user\">\r\n          <a href=\"#\">Dr Abel Jes\u00fas Pederzoli<\/a>\r\n        <\/span>\r\n      <\/div>\r\n    <\/div>\r\n\t<\/div><div class=\"meta__date-modified\">Updated:&nbsp;<span>junio 13, 2023<\/span><\/div><\/div><div class=\"wp-block-image\">\n<figure class=\"alignright size-full\"><img width=\"300\" height=\"200\" src=\"https:\/\/nutrident.fr\/wp-content\/uploads\/2022\/08\/Depositphotos_86995078_s-2015-300x200-1.jpg\" alt=\"tiras blanqueadoras\" class=\"wp-image-14306\" srcset=\"https:\/\/nutrident.fr\/wp-content\/uploads\/2022\/08\/Depositphotos_86995078_s-2015-300x200-1.jpg 300w, https:\/\/nutrident.fr\/wp-content\/uploads\/2022\/08\/Depositphotos_86995078_s-2015-300x200-1-254x169.jpg 254w\" sizes=\"(max-width: 300px) 100vw, 300px\" \/><figcaption>\u00bfCu\u00e1les son las mejores tiras blanqueadoras?<\/figcaption><\/figure><\/div>\n\n\n<p>Con el tiempo, los dientes van perdiendo su blancura. Cepillarse despu\u00e9s de cada comida no es suficiente para contrarrestar el efecto de los alimentos y bebidas que manchan los dientes.<\/p>\n\n\n\n<p>Afortunadamente, existen muchas formas de blanquear los dientes y en este art\u00edculo queremos hablarte sobre una de ellas: las tiras blanqueadoras.<\/p>\n\n\n\n<p>Las tiras blanqueadoras son menos conocidos que los kits de blanqueamiento en casa y los dent\u00edfricos blanqueadores, pero representan una alternativa interesante al <a href=\"https:\/\/nutrident.fr\/es\/?page_id=16855\">blanqueamiento realizado en el dentista<\/a>, que sigue siendo bastante caro y no es reembolsable.<\/p>\n\n\n\n<p>Sigue leyendo y ent\u00e9rate de cu\u00e1les son las mejores tiras blanqueadoras del mercado, sus ventajas, desventajas, opiniones de los usuarios y mucho m\u00e1s. <\/p>\n\n\n\n<div id=\"ez-toc-container\" class=\"ez-toc-v2_0_33_2 counter-hierarchy ez-toc-counter ez-toc-white ez-toc-container-direction\">\n<div class=\"ez-toc-title-container\">\n<p class=\"ez-toc-title\">Contenus<\/p>\n<span class=\"ez-toc-title-toggle\"><a href=\"#\" class=\"ez-toc-pull-right ez-toc-btn ez-toc-btn-xs ez-toc-btn-default ez-toc-toggle\" style=\"display: none;\"><label for=\"item\" aria-label=\"Tabla de contenidos\"><i class=\"ez-toc-glyphicon ez-toc-icon-toggle\"><\/i><\/label><input type=\"checkbox\" id=\"item\"><\/a><\/span><\/div>\n<nav><ul class='ez-toc-list ez-toc-list-level-1'><li class='ez-toc-page-1 ez-toc-heading-level-2'><a class=\"ez-toc-link ez-toc-heading-1\" href=\"https:\/\/nutrident.fr\/es\/blanqueamiento-profesional\/tiras-blanqueadoras\/#%C2%BFComo_funcionan_las_tiras_blanqueadoras\" title=\"\u00bfC\u00f3mo funcionan las tiras blanqueadoras?\">\u00bfC\u00f3mo funcionan las tiras blanqueadoras?<\/a><\/li><li class='ez-toc-page-1 ez-toc-heading-level-2'><a class=\"ez-toc-link ez-toc-heading-2\" href=\"https:\/\/nutrident.fr\/es\/blanqueamiento-profesional\/tiras-blanqueadoras\/#Las_tres_mejores_tiras_blanqueadoras\" title=\"Las tres mejores tiras blanqueadoras\">Las tres mejores tiras blanqueadoras<\/a><\/li><li class='ez-toc-page-1 ez-toc-heading-level-2'><a class=\"ez-toc-link ez-toc-heading-3\" href=\"https:\/\/nutrident.fr\/es\/blanqueamiento-profesional\/tiras-blanqueadoras\/#Alternativas_a_las_tiras_blanqueadoras\" title=\"Alternativas a las tiras blanqueadoras\">Alternativas a las tiras blanqueadoras<\/a><\/li><li class='ez-toc-page-1 ez-toc-heading-level-2'><a class=\"ez-toc-link ez-toc-heading-4\" href=\"https:\/\/nutrident.fr\/es\/blanqueamiento-profesional\/tiras-blanqueadoras\/#%C2%BFCuales_son_las_ventajas_de_las_tiras_blanqueadoras\" title=\"\u00bfCu\u00e1les son las ventajas de las tiras blanqueadoras?\">\u00bfCu\u00e1les son las ventajas de las tiras blanqueadoras?<\/a><\/li><li class='ez-toc-page-1 ez-toc-heading-level-2'><a class=\"ez-toc-link ez-toc-heading-5\" href=\"https:\/\/nutrident.fr\/es\/blanqueamiento-profesional\/tiras-blanqueadoras\/#%C2%BFCuales_son_las_desventajas_de_las_tiras_blanqueadoras\" title=\"\u00bfCu\u00e1les son las desventajas de las tiras blanqueadoras?\">\u00bfCu\u00e1les son las desventajas de las tiras blanqueadoras?<\/a><\/li><li class='ez-toc-page-1 ez-toc-heading-level-2'><a class=\"ez-toc-link ez-toc-heading-6\" href=\"https:\/\/nutrident.fr\/es\/blanqueamiento-profesional\/tiras-blanqueadoras\/#Como_elegir_las_mejores_tiras_blanqueadoras\" title=\"C\u00f3mo elegir las mejores tiras blanqueadoras\">C\u00f3mo elegir las mejores tiras blanqueadoras<\/a><\/li><li class='ez-toc-page-1 ez-toc-heading-level-2'><a class=\"ez-toc-link ez-toc-heading-7\" href=\"https:\/\/nutrident.fr\/es\/blanqueamiento-profesional\/tiras-blanqueadoras\/#Preguntas_frecuentes\" title=\"Preguntas frecuentes\">Preguntas frecuentes<\/a><\/li><\/ul><\/nav><\/div>\n<h2><span class=\"ez-toc-section\" id=\"%C2%BFComo_funcionan_las_tiras_blanqueadoras\"><\/span>\u00bfC\u00f3mo funcionan las tiras blanqueadoras?<span class=\"ez-toc-section-end\"><\/span><\/h2>\n\n\n\n<p>Las tiras blanqueadoras son <strong>tiras adhesivas<\/strong> que se pegan en los dientes y se dejan durante <strong>media hora<\/strong> o una hora para blanquear los dientes. En general, deben aplicarse una vez al d\u00eda, en algunos casos dos veces.<\/p>\n\n\n\n<p>El gel de las tiras funciona como ingrediente blanqueador y solo tienes que enjuagarte la boca una vez que las retires. Las tiras deben utilizarse durante un per\u00edodo de <strong>dos semanas<\/strong> para conseguir un resultado satisfactorio.<\/p>\n\n\n\n<p>A la hora de comprar unas tiras blanqueadoras, recuerda que debes utilizar dos por sesi\u00f3n: una para cada arco dental. Quiz\u00e1 creas que los dientes inferiores se notan menos, pero es esencial tratar ambos arcos al mismo tiempo. Si no lo haces, el resultado ser\u00e1 una diferencia notable entre los tonos de las dos arcadas que atraer\u00e1 la atenci\u00f3n de tus interlocutores.<\/p>\n\n\n\n<h2><span class=\"ez-toc-section\" id=\"Las_tres_mejores_tiras_blanqueadoras\"><\/span>Las tres mejores tiras blanqueadoras<span class=\"ez-toc-section-end\"><\/span><\/h2>\n\n\n\n<h3>Tiras de blanqueamiento dental Y.F.M.<\/h3>\n\n\n\n<p>Estas tiras son nuestras favoritas porque no contienen per\u00f3xido de hidr\u00f3geno, sino que utilizan <strong>carb\u00f3n activado de bamb\u00fa<\/strong>. Por lo tanto, este producto est\u00e1 recomendado para la mayor\u00eda de las personas y no hay riesgo de irritaci\u00f3n, inflamaci\u00f3n o aumento de la sensibilidad dental.<\/p>\n\n\n<div class=\"wp-block-image\">\n<figure class=\"alignright size-large is-resized\"><img src=\"https:\/\/nutrident.fr\/wp-content\/uploads\/2022\/12\/Depositphotos_524317078_L-1024x682.jpg\" alt=\"tiras blanqueadoras\" class=\"wp-image-19368\" width=\"300\" height=\"200\" srcset=\"https:\/\/nutrident.fr\/wp-content\/uploads\/2022\/12\/Depositphotos_524317078_L-1024x682.jpg 1024w, https:\/\/nutrident.fr\/wp-content\/uploads\/2022\/12\/Depositphotos_524317078_L-300x200.jpg 300w, https:\/\/nutrident.fr\/wp-content\/uploads\/2022\/12\/Depositphotos_524317078_L-768x512.jpg 768w, https:\/\/nutrident.fr\/wp-content\/uploads\/2022\/12\/Depositphotos_524317078_L-1536x1024.jpg 1536w, https:\/\/nutrident.fr\/wp-content\/uploads\/2022\/12\/Depositphotos_524317078_L-254x169.jpg 254w, https:\/\/nutrident.fr\/wp-content\/uploads\/2022\/12\/Depositphotos_524317078_L.jpg 2000w\" sizes=\"(max-width: 300px) 100vw, 300px\" \/><\/figure><\/div>\n\n\n<p>El carb\u00f3n de bamb\u00fa es un elemento natural que tiene la capacidad de blanquear los dientes sin da\u00f1ar el esmalte ni las enc\u00edas. Las tiras Y.F.M. ofrecen un <strong>ajuste perfecto en los dientes<\/strong> y, una vez pegadas, no se mueven durante la media hora de aplicaci\u00f3n.<\/p>\n\n\n\n<p>La caja de de Y.F.M. viene con 14 paquetes, cada uno de los cuales contiene dos tiras, una para los dientes superiores y otra para los inferiores. Con una aplicaci\u00f3n al d\u00eda, la caja te durar\u00e1 dos semanas, que es el tiempo de tratamiento ideal. Tambi\u00e9n viene con una <strong>carta de colores<\/strong> que te permitir\u00e1 ver el progreso a lo largo de los d\u00edas.<\/p>\n\n\n\n<h3>Tiras blanqueadoras de Fresh White<\/h3>\n\n\n\n<p>Las tiras blanqueadoras de Fresh White tampoco contienen per\u00f3xido de hidr\u00f3geno. La caja viene con la misma cantidad de producto que la opci\u00f3n anterior: <strong>14 bolsas con dos tiras cada una<\/strong>.<\/p>\n\n\n\n<p>La marca afirma que el producto cumple con la normativa de la UE, pero en ninguna parte indica su composici\u00f3n. Por lo tanto, no sabemos qu\u00e9 producto utilizan. El tiempo de exposici\u00f3n es m\u00e1s largo: <strong>una hora<\/strong>, una vez al d\u00eda.<\/p>\n\n\n\n<p>El gran problema de este producto es el m\u00e1s que dudoso proceso de comercializaci\u00f3n de la marca. Varios comentarios y opiniones de consumidores se\u00f1alan que el paquete viene con una nota donde prometen una segunda caja gratis a cambio de una rese\u00f1a positiva y cinco estrellas.<\/p>\n\n\n\n<h3>Tiras blanqueadoras Kav Plus<\/h3>\n\n\n\n<p>Las tiras Kav Plus son muy eficaces, pero no son adecuadas para personas con dientes o enc\u00edas sensibles. Se componen de <strong>per\u00f3xido de hidr\u00f3geno<\/strong>, polivinilpirrolidona, mentol, glicerina, xilitol y agua destilada.<\/p>\n\n\n\n<p>Las bandas Kav Plus son f\u00e1ciles de usar y se adaptan bien a los dientes. El tiempo de aplicaci\u00f3n recomendado es entre media hora y una hora, una vez al d\u00eda. El paquete contiene 28 tiras, lo que equivale a un tratamiento de dos semanas.<\/p>\n\n\n\n<h2><span class=\"ez-toc-section\" id=\"Alternativas_a_las_tiras_blanqueadoras\"><\/span>Alternativas a las tiras blanqueadoras<span class=\"ez-toc-section-end\"><\/span><\/h2>\n\n\n\n<p>Una alternativa interesante a las tiras blanqueadoras son los <a href=\"https:\/\/nutrident.fr\/es\/blanqueamiento-profesional\/kit-blanqueador-dental\/\" target=\"_blank\" rel=\"noreferrer noopener\">kits de blanqueamiento dental<\/a>. Se utilizan en casa y cuestan unos 50 euros. El \u00fanico problema es que no cuentan con el acompa\u00f1amiento de un dentista.<\/p>\n\n\n\n<h2><span class=\"ez-toc-section\" id=\"%C2%BFCuales_son_las_ventajas_de_las_tiras_blanqueadoras\"><\/span>\u00bfCu\u00e1les son las ventajas de las tiras blanqueadoras?<span class=\"ez-toc-section-end\"><\/span><\/h2>\n\n\n<div class=\"wp-block-image\">\n<figure class=\"alignright size-medium\"><img width=\"300\" height=\"225\" src=\"https:\/\/nutrident.fr\/wp-content\/uploads\/2020\/03\/grayscale-photography-of-woman-1018425-1-300x225.jpg\" alt=\"tiras blanqueadoras\" class=\"wp-image-4202\" srcset=\"https:\/\/nutrident.fr\/wp-content\/uploads\/2020\/03\/grayscale-photography-of-woman-1018425-1-300x225.jpg 300w, https:\/\/nutrident.fr\/wp-content\/uploads\/2020\/03\/grayscale-photography-of-woman-1018425-1-510x382.jpg 510w, https:\/\/nutrident.fr\/wp-content\/uploads\/2020\/03\/grayscale-photography-of-woman-1018425-1-480x360.jpg 480w, https:\/\/nutrident.fr\/wp-content\/uploads\/2020\/03\/grayscale-photography-of-woman-1018425-1.jpg 750w\" sizes=\"(max-width: 300px) 100vw, 300px\" \/><figcaption>Tiras blanqueadoras: un m\u00e9todo asequible de conseguir una sonrisa m\u00e1s brillante<\/figcaption><\/figure><\/div>\n\n\n<p>La primera ventaja de las tiras blanqueadoras es su <strong>facilidad de uso<\/strong>. Simplemente hay que despegar la parte protectora de la tira y pegar la parte adhesiva a los dientes. Puedes seguir con tus asuntos durante el tiempo de tratamiento. La \u00fanica limitaci\u00f3n es que no puedes comer ni beber agua en ese tiempo.<\/p>\n\n\n\n<p>El <strong>precio<\/strong> de las tiras blanqueadoras es <strong>asequible<\/strong>, ya que oscila entre los 10 y 15 euros, mientras que el blanqueamiento en el dentista cuesta varios cientos de euros. Los resultados son bastante buenos, pero evidentemente no son tan eficaces como un tratamiento profesional.<\/p>\n\n\n\n<h2><span class=\"ez-toc-section\" id=\"%C2%BFCuales_son_las_desventajas_de_las_tiras_blanqueadoras\"><\/span>\u00bfCu\u00e1les son las desventajas de las tiras blanqueadoras?<span class=\"ez-toc-section-end\"><\/span><\/h2>\n\n\n\n<p>Para empezar, tienes que elegir el producto con cuidado, ya que no todos tienen la misma calidad. Adem\u00e1s, las tiras blanqueadoras <strong>no son recomendables para ciertas personas<\/strong>, por ejemplo aquellos que sufren de enfermedades bucales o de las enc\u00edas, mujeres embarazadas, mujeres en periodo de lactancia, ni\u00f1os menores de doce a\u00f1os y fumadores. Tampoco deben utilizarse despu\u00e9s de una cirug\u00eda dental.<\/p>\n\n\n\n<p>Si tienes enc\u00edas sensibles, debes evitar este tipo de tratamientos, especialmente si contienen per\u00f3xido de hidr\u00f3geno, pues a largo plazo <strong>pueden provocar irritaci\u00f3n<\/strong> en las enc\u00edas. Las personas con un esmalte especialmente fino tambi\u00e9n corren el riesgo de desarrollar una mayor <strong>sensibilidad dental<\/strong>.<\/p>\n\n\n\n<p>Otro aspecto a tener en cuenta es la posici\u00f3n de los dientes. Si tus dientes est\u00e1n torcidos y\/o superpuestos, las tiras blanqueadoras no ser\u00e1n lo suficientemente flexibles para adaptarse a los contornos desiguales. Por tanto, <strong>el resultado puede no ser uniforme<\/strong> debido a que habr\u00e1n zonas en las que la tira no podr\u00e1 pegarse.<\/p>\n\n\n\n<h2><span class=\"ez-toc-section\" id=\"Como_elegir_las_mejores_tiras_blanqueadoras\"><\/span>C\u00f3mo elegir las mejores tiras blanqueadoras<span class=\"ez-toc-section-end\"><\/span><\/h2>\n\n\n\n<p>Muchas tiras blanqueadoras contienen <strong>per\u00f3xido de hidr\u00f3geno<\/strong>. Este es un producto potente y, si se usa demasiado, puede causar sensibilidad dental. El uso del per\u00f3xido de hidr\u00f3geno no est\u00e1 restringido solo a los dentistas, pero no es aconsejable elegir tiras que lo contengan si tienes dientes y enc\u00edas naturalmente sensibles.<\/p>\n\n\n\n<p>Si no te preocupan los problemas de sensibilidad, puedes elegir tiras blanqueadoras que contengan per\u00f3xido de hidr\u00f3geno.<\/p>\n\n\n\n<p>Al comparar los precios, comprueba el <strong>n\u00famero de tiras por caja<\/strong> de cada producto. Recuerda que necesitas dos por sesi\u00f3n, una para cada arco dental. Echa un vistazo a las instrucciones de uso, porque algunos productos se deben usar dos veces al d\u00eda, en cuyo caso necesitar\u00e1s cuatro tiras cada d\u00eda.<\/p>\n\n\n\n<p>Por \u00faltimo, busca <strong>opiniones de los consumidores<\/strong> para informarte sobre la fiabilidad y eficacia del producto. Pon atenci\u00f3n a rese\u00f1as sobre si las tiras se adhieren bien a los dientes, ya que esta es la principal cr\u00edtica de los usuarios sobre muchas marcas de tiras blanqueadoras.<\/p>\n\n\n\n<h2><span class=\"ez-toc-section\" id=\"Preguntas_frecuentes\"><\/span>Preguntas frecuentes<span class=\"ez-toc-section-end\"><\/span><\/h2>\n\n\n<div id=\"rank-math-faq\" class=\"rank-math-block\">\n<div class=\"rank-math-list \">\n<div id=\"faq-question-1670436886695\" class=\"rank-math-list-item\">\n<h3 class=\"rank-math-question \">\u00bfCu\u00e1nto tiempo hay que usar las tiras blanqueadoras?<\/h3>\n<div class=\"rank-math-answer \">\n\n<p>Dependiendo del producto, deber\u00e1s usar las tiras entre media hora y una hora al d\u00eda, durante dos semanas aproximadamente.<\/p>\n\n<\/div>\n<\/div>\n<div id=\"faq-question-1670436967289\" class=\"rank-math-list-item\">\n<h3 class=\"rank-math-question \">\u00bfCu\u00e1nto dura el efecto de las tiras blanqueadoras?<\/h3>\n<div class=\"rank-math-answer \">\n\n<p>Los resultados de este m\u00e9todo de blanqueamiento suelen durar uno o varios meses, pero todo depender\u00e1 de tus h\u00e1bitos de higiene y de la cantidad de comidas y bebidas pigmentadas que consumas diariamente.<\/p>\n\n<\/div>\n<\/div>\n<\/div>\n<\/div><div class=\"article-data before-content\"><div class=\"article-data__date\"><div class=\"article-data__date-modified\"><time class=\"published\" datetime=\"2022-10-27T18:03:08+00:00\">This article was originally published on&nbsp;<span class=\"2\">octubre 27, 2022<\/span>&nbsp;and was most recently updated on&nbsp;<span>junio 13, 2023<\/span><\/time><br><\/div><\/div><\/div><div class=\"user-info\">    <div class=\"user-info__body\">\r\n      <div class=\"user-info__caption\"><span>Contributors:<\/span><\/div>\r\n\t\t\t        <div class=\"user-info__wrap \">\r\n          <div class=\"user-info__data\">\r\n            <div class=\"user-info__data__info\">\r\n              <div class=\"photo\">\r\n\t\t\t\t\t\t\t\t<img width=\"66\" height=\"61\" src=\"https:\/\/nutrident.fr\/wp-content\/uploads\/2023\/06\/unnamed-66x61.jpg\" class=\"attachment-profileImageAuthor size-profileImageAuthor wp-post-image\" alt=\"Dr Abel Jes\u00fas Pederzoli\" loading=\"lazy\" srcset=\"https:\/\/nutrident.fr\/wp-content\/uploads\/2023\/06\/unnamed-66x61.jpg 66w, https:\/\/nutrident.fr\/wp-content\/uploads\/2023\/06\/unnamed-300x279.jpg 300w, https:\/\/nutrident.fr\/wp-content\/uploads\/2023\/06\/unnamed-1024x952.jpg 1024w, https:\/\/nutrident.fr\/wp-content\/uploads\/2023\/06\/unnamed-768x714.jpg 768w, https:\/\/nutrident.fr\/wp-content\/uploads\/2023\/06\/unnamed-204x190.jpg 204w, https:\/\/nutrident.fr\/wp-content\/uploads\/2023\/06\/unnamed-120x112.jpg 120w, https:\/\/nutrident.fr\/wp-content\/uploads\/2023\/06\/unnamed.jpg 1125w\" sizes=\"(max-width: 66px) 100vw, 66px\" \/>              <\/div>\r\n              <a href=\"https:\/\/nutrident.fr\/es\/author\/dr-abel-jesus-pederzoli\/\" class=\"name\">Dr Abel Jes\u00fas Pederzoli<\/a>\r\n            <\/div>\r\n            <div class=\"user-info__data__social\">\r\n\t\t\t\t\t\t\t\t\t\t\t\t\t\t\t\t\t\t\t\t\t          <a href=\"https:\/\/clinicaleixample.es\/\"\r\n             class=\"soc-item website\">website<\/a>\r\n\t\t\t\t          <a href=\"http:\/\/linkedin.com\/in\/abel-jes%C3%BAs-pederzoli\"\r\n             class=\"soc-item linkedin\">linkedin<\/a>\r\n\t\t\t\t            <\/div>\r\n          <\/div>\r\n          <div class=\"user-info__description\">\r\n\t\t\t\t\t\t\t\t\t\t\t\t\t<p>Con t\u00edtulos obtenidos en la Facultad de Odontolog\u00eda de la Universidad Nacional de La Plata y una participaci\u00f3n activa en congresos y jornadas, el Dr. Pederzoli se mantiene actualizado en las \u00faltimas t\u00e9cnicas y avances en odontolog\u00eda. Actualmente se encuentra desarrollando un proyecto de consultor\u00eda tecnol\u00f3gica aplicada a cl\u00ednicas dentales.<\/p>\n\t\t\t\t\t\t          <\/div>\r\n        <\/div>\r\n\t\t\t\t    <\/div>\r\n\t<\/div><!--copyscapeskip--><div class=\"medical_references\"><div class=\"medical_references__heading\"><span>Fuentes M\u00e9dicas<\/span><\/div><div class=\"medical_references__list\"><p><strong>Riesgos y beneficios del blanqueamiento dental<\/strong>: <a href=\"http:\/\/ve.scielo.org\/scielo.php?script=sci_arttext&pid=S0001-63652000000100004\" target=\"_blank\" rel=\"noopener\">http:\/\/ve.scielo.org\/scielo.php?script=sci_arttext&pid=S0001-63652000000100004<\/a><\/p>\n<p><strong>Resolviendo mitos sobre indicaciones al paciente durante el blanqueamiento dental<\/strong>: <a href=\"http:\/\/www.scielo.org.pe\/scielo.php?script=sci_arttext&pid=S1019-43552015000300009\" target=\"_blank\" rel=\"noopener\">http:\/\/www.scielo.org.pe\/scielo.php?script=sci_arttext&pid=S1019-43552015000300009<\/a><\/p>\n<p>&nbsp;<\/p>\n<\/div><\/div><!--\/copyscapeskip-->","protected":false},"excerpt":{"rendered":"<p>Contributor:&nbsp; Dr Abel Jes\u00fas Pederzoli Updated:&nbsp;junio 13, 2023 Con el tiempo, los dientes van perdiendo su blancura. Cepillarse despu\u00e9s de cada comida no es suficiente para contrarrestar el efecto de los alimentos y bebidas que manchan los dientes. Afortunadamente, existen muchas formas de blanquear los dientes y en este art\u00edculo queremos hablarte sobre una de [&hellip;]<\/p>\n","protected":false},"author":2,"featured_media":19365,"parent":16855,"menu_order":0,"comment_status":"open","ping_status":"open","template":"","meta":{"inline_featured_image":false},"acf":[],"_links":{"self":[{"href":"https:\/\/nutrident.fr\/es\/wp-json\/wp\/v2\/pages\/16861"}],"collection":[{"href":"https:\/\/nutrident.fr\/es\/wp-json\/wp\/v2\/pages"}],"about":[{"href":"https:\/\/nutrident.fr\/es\/wp-json\/wp\/v2\/types\/page"}],"author":[{"embeddable":true,"href":"https:\/\/nutrident.fr\/es\/wp-json\/wp\/v2\/users\/2"}],"replies":[{"embeddable":true,"href":"https:\/\/nutrident.fr\/es\/wp-json\/wp\/v2\/comments?post=16861"}],"version-history":[{"count":14,"href":"https:\/\/nutrident.fr\/es\/wp-json\/wp\/v2\/pages\/16861\/revisions"}],"predecessor-version":[{"id":21782,"href":"https:\/\/nutrident.fr\/es\/wp-json\/wp\/v2\/pages\/16861\/revisions\/21782"}],"up":[{"embeddable":true,"href":"https:\/\/nutrident.fr\/es\/wp-json\/wp\/v2\/pages\/16855"}],"wp:featuredmedia":[{"embeddable":true,"href":"https:\/\/nutrident.fr\/es\/wp-json\/wp\/v2\/media\/19365"}],"wp:attachment":[{"href":"https:\/\/nutrident.fr\/es\/wp-json\/wp\/v2\/media?parent=16861"}],"curies":[{"name":"wp","href":"https:\/\/api.w.org\/{rel}","templated":true}]}}