

{"id":16865,"date":"2022-10-28T11:16:47","date_gmt":"2022-10-28T11:16:47","guid":{"rendered":"https:\/\/nutrident.fr\/?page_id=16865"},"modified":"2023-06-13T10:09:54","modified_gmt":"2023-06-13T10:09:54","slug":"lapiz-blanqueador","status":"publish","type":"page","link":"https:\/\/nutrident.fr\/es\/blanqueamiento-profesional\/lapiz-blanqueador\/","title":{"rendered":"Lapiz blanqueador: \u00bfqu\u00e9 le parece este m\u00e9todo de blanqueamiento dental?"},"content":{"rendered":"<div class=\"meta\"><div class=\"meta__users\">    <div class=\"meta__users__reviewed\">\r\n      <p class=\"meta__users__caption\">Contributor:&nbsp;<\/p>\r\n      <div class=\"users\">\r\n        <span class=\"users__user\">\r\n          <a href=\"#\">Dr Abel Jes\u00fas Pederzoli<\/a>\r\n        <\/span>\r\n      <\/div>\r\n    <\/div>\r\n\t<\/div><div class=\"meta__date-modified\">Updated:&nbsp;<span>junio 13, 2023<\/span><\/div><\/div><div class=\"wp-block-image\">\n<figure class=\"alignright size-medium\"><img width=\"300\" height=\"200\" src=\"https:\/\/nutrident.fr\/wp-content\/uploads\/2020\/06\/rafael-rocha-PiifFy1oNqg-unsplash-300x200.jpg\" alt=\"Blanqueamiento dental\" class=\"wp-image-4927\" srcset=\"https:\/\/nutrident.fr\/wp-content\/uploads\/2020\/06\/rafael-rocha-PiifFy1oNqg-unsplash-300x200.jpg 300w, https:\/\/nutrident.fr\/wp-content\/uploads\/2020\/06\/rafael-rocha-PiifFy1oNqg-unsplash-1024x683.jpg 1024w, https:\/\/nutrident.fr\/wp-content\/uploads\/2020\/06\/rafael-rocha-PiifFy1oNqg-unsplash-768x512.jpg 768w, https:\/\/nutrident.fr\/wp-content\/uploads\/2020\/06\/rafael-rocha-PiifFy1oNqg-unsplash-1080x720.jpg 1080w, https:\/\/nutrident.fr\/wp-content\/uploads\/2020\/06\/rafael-rocha-PiifFy1oNqg-unsplash-980x653.jpg 980w, https:\/\/nutrident.fr\/wp-content\/uploads\/2020\/06\/rafael-rocha-PiifFy1oNqg-unsplash-480x320.jpg 480w, https:\/\/nutrident.fr\/wp-content\/uploads\/2020\/06\/rafael-rocha-PiifFy1oNqg-unsplash.jpg 1200w\" sizes=\"(max-width: 300px) 100vw, 300px\" \/><\/figure><\/div>\n\n\n<p><strong>\u00bfConoce los lapices blanqueadores? <\/strong> La moda de esto se puso en marcha en las grandes ciudades hace unos a\u00f1os: igual que se va a la manicura o a la peluquer\u00eda, se va a un bar de sonrisas donde se permanece 20 minutos y se sale con una sonrisa brillante.<\/p>\n\n\n\n<p><strong>\u00bfEs serio?  <\/strong>\u00bfEs peligroso para la integridad de sus dientes?  explica en detalle c\u00f3mo funcionan los <meta http-equiv=\"content-type\" content=\"text\/html; charset=utf-8\">lapices blanqueadores.<\/p>\n\n\n\n<div id=\"ez-toc-container\" class=\"ez-toc-v2_0_33_2 counter-hierarchy ez-toc-counter ez-toc-white ez-toc-container-direction\">\n<div class=\"ez-toc-title-container\">\n<p class=\"ez-toc-title\">Contenus<\/p>\n<span class=\"ez-toc-title-toggle\"><a href=\"#\" class=\"ez-toc-pull-right ez-toc-btn ez-toc-btn-xs ez-toc-btn-default ez-toc-toggle\" style=\"display: none;\"><label for=\"item\" aria-label=\"Tabla de contenidos\"><i class=\"ez-toc-glyphicon ez-toc-icon-toggle\"><\/i><\/label><input type=\"checkbox\" id=\"item\"><\/a><\/span><\/div>\n<nav><ul class='ez-toc-list ez-toc-list-level-1'><li class='ez-toc-page-1 ez-toc-heading-level-2'><a class=\"ez-toc-link ez-toc-heading-1\" href=\"https:\/\/nutrident.fr\/es\/blanqueamiento-profesional\/lapiz-blanqueador\/#%C2%BFComo_funciona_los_lapices_blanqueadores\" title=\"\u00bfC\u00f3mo funciona los lapices blanqueadores?\">\u00bfC\u00f3mo funciona los lapices blanqueadores?<\/a><\/li><li class='ez-toc-page-1 ez-toc-heading-level-2'><a class=\"ez-toc-link ez-toc-heading-2\" href=\"https:\/\/nutrident.fr\/es\/blanqueamiento-profesional\/lapiz-blanqueador\/#%C2%BFCual_es_el_peligro_de_los_lapices_blanqueadores\" title=\"\u00bfCu\u00e1l es el peligro de los lapices blanqueadores?\">\u00bfCu\u00e1l es el peligro de los lapices blanqueadores?<\/a><\/li><li class='ez-toc-page-1 ez-toc-heading-level-2'><a class=\"ez-toc-link ez-toc-heading-3\" href=\"https:\/\/nutrident.fr\/es\/blanqueamiento-profesional\/lapiz-blanqueador\/#%C2%BFComo_puedo_saber_si_un_lapiz_blanqueador_es_bueno\" title=\"\u00bfC\u00f3mo puedo saber si un lapiz blanqueador es bueno?\">\u00bfC\u00f3mo puedo saber si un lapiz blanqueador es bueno?<\/a><\/li><li class='ez-toc-page-1 ez-toc-heading-level-2'><a class=\"ez-toc-link ez-toc-heading-4\" href=\"https:\/\/nutrident.fr\/es\/blanqueamiento-profesional\/lapiz-blanqueador\/#%C2%BFQue_resultados_puede_esperar_tras_una_sesion_en_un_bar_de_sonrisas\" title=\"\u00bfQu\u00e9 resultados puede esperar tras una sesi\u00f3n en un bar de sonrisas?\">\u00bfQu\u00e9 resultados puede esperar tras una sesi\u00f3n en un bar de sonrisas?<\/a><\/li><li class='ez-toc-page-1 ez-toc-heading-level-2'><a class=\"ez-toc-link ez-toc-heading-5\" href=\"https:\/\/nutrident.fr\/es\/blanqueamiento-profesional\/lapiz-blanqueador\/#Conclusion\" title=\"Conclusi\u00f3n\">Conclusi\u00f3n<\/a><\/li><li class='ez-toc-page-1 ez-toc-heading-level-2'><a class=\"ez-toc-link ez-toc-heading-6\" href=\"https:\/\/nutrident.fr\/es\/blanqueamiento-profesional\/lapiz-blanqueador\/#PREGUNTAS_FRECUENTES\" title=\"PREGUNTAS FRECUENTES\">PREGUNTAS FRECUENTES<\/a><\/li><\/ul><\/nav><\/div>\n<h2><span class=\"ez-toc-section\" id=\"%C2%BFComo_funciona_los_lapices_blanqueadores\"><\/span>\u00bfC\u00f3mo funciona los lapices blanqueadores?<span class=\"ez-toc-section-end\"><\/span><\/h2>\n\n\n\n<p>Parad\u00f3jicamente, una cosa que no se hace en un bar de sonrisas es beber. El principio se basa en el <strong>blanqueamiento <\/strong>dental en una consulta. El empleado del smile bar colocar\u00e1 dos bandejas, una en cada mand\u00edbula, que se impregnan con un gel a base de per\u00f3xido de hidr\u00f3geno. A continuaci\u00f3n, le coloca un dispositivo que le permite separar los labios, para que pueda exponer sus dientes a una luz azul fr\u00eda durante unos 20 minutos.<\/p>\n\n\n\n<p>Cuando se acabe el tiempo, se retiran las bandejas, se enjuaga la boca y ya est\u00e1.<\/p>\n\n\n\n<h2><span class=\"ez-toc-section\" id=\"%C2%BFCual_es_el_peligro_de_los_lapices_blanqueadores\"><\/span>\u00bfCu\u00e1l es el peligro de los lapices blanqueadores?<span class=\"ez-toc-section-end\"><\/span><\/h2>\n\n\n\n<p>El lapiz blanqueador utilizan un producto que antes estaba reservado a los dentistas: el per\u00f3xido de hidr\u00f3geno. La dosis de este producto est\u00e1 estrictamente regulada por la ley, y con raz\u00f3n, ya que cualquier abuso puede da\u00f1ar los dientes, a veces de forma irreversible.<\/p>\n\n\n\n<h3>La normativa europea que regula el uso del gel de per\u00f3xido de hidr\u00f3geno<\/h3>\n\n\n\n<p>La DGCCRF (Direction G\u00e9n\u00e9rale de la Concurrence, de la Consommation et de la R\u00e9pression des Fraudes) <a href=\"https:\/\/www.economie.gouv.fr\/dgccrf\/blanchiment-des-dents-reglementation-protectrice-des-consommateurs#_ftn1\" target=\"_blank\" rel=\"noopener noreferrer\">vigila el cumplimiento de la normativa<\/a> que debe aplicarse a los productos de blanqueamiento dental, ya que entran en la categor\u00eda de productos cosm\u00e9ticos definida por el reglamento europeo n\u00b01223\/2009 del 30 de noviembre de 2009.<\/p>\n\n\n\n<p>Este reglamento define la dosificaci\u00f3n de los geles blanqueadores. Todav\u00eda est\u00e1n disponibles en el mostrador hasta el 0,1% de per\u00f3xido de hidr\u00f3geno. Adem\u00e1s, estos productos son para uso profesional exclusivo de los dentistas.<\/p>\n\n\n\n<h3>Productos utilizados por los bares de la sonrisa<\/h3>\n\n\n\n<p>Por lo tanto, los <meta http-equiv=\"content-type\" content=\"text\/html; charset=utf-8\">lapices blanqueadores que cumplen con la ley deben permanecer <strong>por debajo del 0,<\/strong>1%. Si este es el caso, no hay ning\u00fan riesgo para sus dientes.<\/p>\n\n\n\n<p>Un exceso de <strong>per\u00f3xido de hidr\u00f3geno<\/strong> puede afectar a los dientes y a las mucosas. El gel de la boquilla siempre entra en contacto con las enc\u00edas en cierta medida. Si el gel se toma en exceso, lo peor que puede ocurrir es que experimente alguna irritaci\u00f3n, que ser\u00e1 desagradable pero no tendr\u00e1 ninguna consecuencia. Sus enc\u00edas se calmar\u00e1n en unas horas.<\/p>\n\n\n\n<p>Por otro lado, su <a href=\"https:\/\/nutrident.fr\/es\/esmalte-dental-tratamiento\/\">esmalte<\/a> puede estar m\u00e1s o menos da\u00f1ado. Una concentraci\u00f3n demasiado alta puede debilitarla y hacer que sus dientes sean m\u00e1s sensibles, ya que estar\u00e1n menos protegidos. Tambi\u00e9n existe el riesgo de da\u00f1ar sus amalgamas y composites.<\/p>\n\n\n\n<p>Si se excede en las sesiones y la dosis de gel es excesiva, corre el riesgo de da\u00f1ar irremediablemente el esmalte dental.<\/p>\n\n\n\n<p><strong><em>A continuaci\u00f3n, un reportaje de France 2 sobre los bares de la sonrisa<\/em><\/strong><\/p>\n\n\n\n<figure class=\"wp-block-embed is-type-video is-provider-youtube wp-block-embed-youtube wp-embed-aspect-16-9 wp-has-aspect-ratio\"><div class=\"wp-block-embed__wrapper\">\n<iframe title=\"Bar \u00e0 sourire\" width=\"500\" height=\"281\" src=\"https:\/\/www.youtube.com\/embed\/Jqy_8GK4bmo?feature=oembed\" frameborder=\"0\" allow=\"accelerometer; autoplay; clipboard-write; encrypted-media; gyroscope; picture-in-picture\" allowfullscreen><\/iframe>\n<\/div><\/figure>\n\n\n\n<h2><span class=\"ez-toc-section\" id=\"%C2%BFComo_puedo_saber_si_un_lapiz_blanqueador_es_bueno\"><\/span>\u00bfC\u00f3mo puedo saber si un lapiz blanqueador es bueno?<span class=\"ez-toc-section-end\"><\/span><\/h2>\n\n\n\n<p>A menos que sea un qu\u00edmico, no tiene forma de controlar el <strong>contenido de<\/strong> per\u00f3xido de hidr\u00f3geno <strong>del gel<\/strong>. Tiene que poder confiar en el personal del bar que elija.<\/p>\n\n\n\n<h3>Testimonios de clientes<\/h3>\n\n\n\n<p>Elija un bar de sonrisas que observe testimonios fiables. Juzgue por la acogida que recibe. Un profesional empezar\u00e1 haci\u00e9ndole preguntas para comprobar que no hay contraindicaciones: \u00bfse est\u00e1 sometiendo a alg\u00fan tratamiento en particular, padece alguna enfermedad dental cr\u00f3nica, especialmente periodontal, est\u00e1 embarazada, es mayor de edad, etc.?<\/p>\n\n\n\n<h3>Dosis de per\u00f3xido de hidr\u00f3geno<\/h3>\n\n\n\n<p>Pregunte por la <strong>dosis de per\u00f3xido de hidr\u00f3geno<\/strong>, aunque no tenga forma de comprobarlo. Si el empleado le habla del perborato de sodio, debe saber que esta sustancia libera per\u00f3xido de hidr\u00f3geno en contacto con la saliva, que es lo mismo.<\/p>\n\n\n\n<h3>Precios e higiene<\/h3>\n\n\n\n<p>Compruebe tambi\u00e9n la tarifa. Los precios son libres, pagar\u00e1 <strong>entre 30 y 300 euros<\/strong>. Esta gran diferencia a menudo s\u00f3lo se justifica por la ubicaci\u00f3n del bar, no por la diferencia en el servicio.<\/p>\n\n\n<div class=\"wp-block-image\">\n<figure class=\"alignright size-full\"><img width=\"300\" height=\"200\" src=\"https:\/\/nutrident.fr\/wp-content\/uploads\/2022\/07\/Depositphotos_45966669_s-2015-300x200-1.jpg\" alt=\"\" class=\"wp-image-14042\" srcset=\"https:\/\/nutrident.fr\/wp-content\/uploads\/2022\/07\/Depositphotos_45966669_s-2015-300x200-1.jpg 300w, https:\/\/nutrident.fr\/wp-content\/uploads\/2022\/07\/Depositphotos_45966669_s-2015-300x200-1-254x169.jpg 254w\" sizes=\"(max-width: 300px) 100vw, 300px\" \/><figcaption>La dosis de per\u00f3xido de hidr\u00f3geno cumple con las normas francesas<\/figcaption><\/figure><\/div>\n\n\n<p>Preste atenci\u00f3n a la <strong>higiene<\/strong>. Un bar de sonrisas debe estar reluciente, sus empleados deben estar impecables y el uso de guantes es muy recomendable.<\/p>\n\n\n\n<p>Estamos en un pa\u00eds muy controlado, pero no existe el riesgo cero. S\u00f3lo acuda a un bar de sonrisas despu\u00e9s de haber tomado todas estas precauciones.<\/p>\n\n\n\n<h2><span class=\"ez-toc-section\" id=\"%C2%BFQue_resultados_puede_esperar_tras_una_sesion_en_un_bar_de_sonrisas\"><\/span>\u00bfQu\u00e9 resultados puede esperar tras una sesi\u00f3n en un bar de sonrisas?<span class=\"ez-toc-section-end\"><\/span><\/h2>\n\n\n\n<p>En primer lugar, debe saber que sus dientes no pueden volverse m\u00e1s blancos que el<strong> tono natural<\/strong> que ha heredado. El lapiz blanqueador tiene un impacto en la blancura de los dientes, pero sigue siendo menor que el del <a href=\"https:\/\/nutrident.fr\/es\/?page_id=16855\">blanqueamiento en el consultorio<\/a>. Consulte tambi\u00e9n <a href=\"https:\/\/nutrident.fr\/es\/blanqueamiento-profesional\/kit-blanqueador-dental\/\">nuestra opini\u00f3n sobre el blanqueamiento dental en casa<\/a>, que tambi\u00e9n ofrece un resultado superior.<\/p>\n\n\n\n<p>Sin embargo, si acude a un establecimiento serio, ver\u00e1 una diferencia notable que devolver\u00e1 un poco de brillo a su sonrisa.<\/p>\n\n\n\n<h2><span class=\"ez-toc-section\" id=\"Conclusion\"><\/span>Conclusi\u00f3n<span class=\"ez-toc-section-end\"><\/span><\/h2>\n\n\n\n<p>Los <meta http-equiv=\"content-type\" content=\"text\/html; charset=utf-8\">lapices blanqueadores atraen<strong>.  <\/strong>\u00a1Y por una buena raz\u00f3n! Estos lugares prometen blanquear los dientes en 20 minutos, respetando estrictas normas de higiene. Pero tras la imagen de ensue\u00f1o de un m\u00e9todo de blanqueamiento barato, quedan muchas dudas.<\/p>\n\n\n\n<p>Antes de probar este m\u00e9todo, es importante informarse bien sobre \u00e9l. Denunciados regularmente por los profesionales de la salud, los dentistas advierten de los peligros de estas soluciones de blanqueamiento r\u00e1pido.<\/p>\n\n\n\n<h2><span class=\"ez-toc-section\" id=\"PREGUNTAS_FRECUENTES\"><\/span>PREGUNTAS FRECUENTES<span class=\"ez-toc-section-end\"><\/span><\/h2>\n\n\n\n<h3>\u00bfQu\u00e9 profesional puede realizar el blanqueamiento dental?<\/h3>\n\n\n\n<p>El blanqueamiento dental no es un procedimiento m\u00e9dico, sino un procedimiento de confort con fines est\u00e9ticos. Las esteticistas pueden ofrecer soluciones de blanqueamiento. Sin embargo, s\u00f3lo los dentistas est\u00e1n autorizados a introducir productos en la boca para blanquear los dientes.<\/p>\n\n\n\n<h3>\u00bfQu\u00e9 es el blanqueamiento dental americano?<\/h3>\n\n\n\n<p>El blanqueamiento dental americano se distingue por el uso de un gel con una mayor dosis de per\u00f3xido de hidr\u00f3geno. Esto le permite conseguir un blanqueamiento m\u00e1s brillante pasando de 2 a 9 tonos de blanqueamiento.<\/p>\n\n\n\n<h3>\u00bfQu\u00e9 personas no pueden someterse a un blanqueamiento dental?<\/h3>\n\n\n\n<p>El blanqueamiento dental no est\u00e1 recomendado para ciertos perfiles espec\u00edficos como personas embarazadas, personas con dientes hipersensibles o con lesiones en los dientes<\/p>\n<div class=\"article-data before-content\"><div class=\"article-data__date\"><div class=\"article-data__date-modified\"><time class=\"published\" datetime=\"2022-10-28T11:16:47+00:00\">This article was originally published on&nbsp;<span class=\"2\">octubre 28, 2022<\/span>&nbsp;and was most recently updated on&nbsp;<span>junio 13, 2023<\/span><\/time><br><\/div><\/div><\/div><div class=\"user-info\">    <div class=\"user-info__body\">\r\n      <div class=\"user-info__caption\"><span>Contributors:<\/span><\/div>\r\n\t\t\t        <div class=\"user-info__wrap \">\r\n          <div class=\"user-info__data\">\r\n            <div class=\"user-info__data__info\">\r\n              <div class=\"photo\">\r\n\t\t\t\t\t\t\t\t<img width=\"66\" height=\"61\" src=\"https:\/\/nutrident.fr\/wp-content\/uploads\/2023\/06\/unnamed-66x61.jpg\" class=\"attachment-profileImageAuthor size-profileImageAuthor wp-post-image\" alt=\"Dr Abel Jes\u00fas Pederzoli\" loading=\"lazy\" srcset=\"https:\/\/nutrident.fr\/wp-content\/uploads\/2023\/06\/unnamed-66x61.jpg 66w, https:\/\/nutrident.fr\/wp-content\/uploads\/2023\/06\/unnamed-300x279.jpg 300w, https:\/\/nutrident.fr\/wp-content\/uploads\/2023\/06\/unnamed-1024x952.jpg 1024w, https:\/\/nutrident.fr\/wp-content\/uploads\/2023\/06\/unnamed-768x714.jpg 768w, https:\/\/nutrident.fr\/wp-content\/uploads\/2023\/06\/unnamed-204x190.jpg 204w, https:\/\/nutrident.fr\/wp-content\/uploads\/2023\/06\/unnamed-120x112.jpg 120w, https:\/\/nutrident.fr\/wp-content\/uploads\/2023\/06\/unnamed.jpg 1125w\" sizes=\"(max-width: 66px) 100vw, 66px\" \/>              <\/div>\r\n              <a href=\"https:\/\/nutrident.fr\/es\/author\/dr-abel-jesus-pederzoli\/\" class=\"name\">Dr Abel Jes\u00fas Pederzoli<\/a>\r\n            <\/div>\r\n            <div class=\"user-info__data__social\">\r\n\t\t\t\t\t\t\t\t\t\t\t\t\t\t\t\t\t\t\t\t\t          <a href=\"https:\/\/clinicaleixample.es\/\"\r\n             class=\"soc-item website\">website<\/a>\r\n\t\t\t\t          <a href=\"http:\/\/linkedin.com\/in\/abel-jes%C3%BAs-pederzoli\"\r\n             class=\"soc-item linkedin\">linkedin<\/a>\r\n\t\t\t\t            <\/div>\r\n          <\/div>\r\n          <div class=\"user-info__description\">\r\n\t\t\t\t\t\t\t\t\t\t\t\t\t<p>Con t\u00edtulos obtenidos en la Facultad de Odontolog\u00eda de la Universidad Nacional de La Plata y una participaci\u00f3n activa en congresos y jornadas, el Dr. Pederzoli se mantiene actualizado en las \u00faltimas t\u00e9cnicas y avances en odontolog\u00eda. Actualmente se encuentra desarrollando un proyecto de consultor\u00eda tecnol\u00f3gica aplicada a cl\u00ednicas dentales.<\/p>\n\t\t\t\t\t\t          <\/div>\r\n        <\/div>\r\n\t\t\t\t    <\/div>\r\n\t<\/div><!--copyscapeskip--><div class=\"medical_references\"><div class=\"medical_references__heading\"><span>Fuentes M\u00e9dicas<\/span><\/div><div class=\"medical_references__list\"><p><strong>Sindicato de Cirujanos Dentistas de Par\u00eds : Bares de <\/strong>la sonrisa <strong><br \/>\n<em><br \/>\n&lt;<br \/>\n<\/em><br \/>\n<\/strong><a href=\"https:\/\/www.scdp.fr\/archives\/bars-%C3%A0-sourire\/\">https:\/\/www.scdp.fr\/archives\/bars-C3A0-sourire\/<\/a><strong><em>&gt;<\/em><\/strong><\/p>\n<\/div><\/div><!--\/copyscapeskip-->","protected":false},"excerpt":{"rendered":"<p>Contributor:&nbsp; Dr Abel Jes\u00fas Pederzoli Updated:&nbsp;junio 13, 2023 \u00bfConoce los lapices blanqueadores? La moda de esto se puso en marcha en las grandes ciudades hace unos a\u00f1os: igual que se va a la manicura o a la peluquer\u00eda, se va a un bar de sonrisas donde se permanece 20 minutos y se sale con una [&hellip;]<\/p>\n","protected":false},"author":2,"featured_media":16866,"parent":16855,"menu_order":0,"comment_status":"open","ping_status":"open","template":"","meta":{"inline_featured_image":false},"acf":[],"_links":{"self":[{"href":"https:\/\/nutrident.fr\/es\/wp-json\/wp\/v2\/pages\/16865"}],"collection":[{"href":"https:\/\/nutrident.fr\/es\/wp-json\/wp\/v2\/pages"}],"about":[{"href":"https:\/\/nutrident.fr\/es\/wp-json\/wp\/v2\/types\/page"}],"author":[{"embeddable":true,"href":"https:\/\/nutrident.fr\/es\/wp-json\/wp\/v2\/users\/2"}],"replies":[{"embeddable":true,"href":"https:\/\/nutrident.fr\/es\/wp-json\/wp\/v2\/comments?post=16865"}],"version-history":[{"count":6,"href":"https:\/\/nutrident.fr\/es\/wp-json\/wp\/v2\/pages\/16865\/revisions"}],"predecessor-version":[{"id":21772,"href":"https:\/\/nutrident.fr\/es\/wp-json\/wp\/v2\/pages\/16865\/revisions\/21772"}],"up":[{"embeddable":true,"href":"https:\/\/nutrident.fr\/es\/wp-json\/wp\/v2\/pages\/16855"}],"wp:featuredmedia":[{"embeddable":true,"href":"https:\/\/nutrident.fr\/es\/wp-json\/wp\/v2\/media\/16866"}],"wp:attachment":[{"href":"https:\/\/nutrident.fr\/es\/wp-json\/wp\/v2\/media?parent=16865"}],"curies":[{"name":"wp","href":"https:\/\/api.w.org\/{rel}","templated":true}]}}