

{"id":16868,"date":"2022-10-27T18:05:04","date_gmt":"2022-10-27T18:05:04","guid":{"rendered":"https:\/\/nutrident.fr\/?page_id=16868"},"modified":"2023-06-13T10:17:26","modified_gmt":"2023-06-13T10:17:26","slug":"cuidar-dientes-del-bebe","status":"publish","type":"page","link":"https:\/\/nutrident.fr\/es\/cuidar-dientes-del-bebe\/","title":{"rendered":"Los dientes del beb\u00e9: c\u00f3mo aliviar el dolor y c\u00f3mo cuidarlos"},"content":{"rendered":"<div class=\"meta\"><div class=\"meta__users\">    <div class=\"meta__users__reviewed\">\r\n      <p class=\"meta__users__caption\">Contributor:&nbsp;<\/p>\r\n      <div class=\"users\">\r\n        <span class=\"users__user\">\r\n          <a href=\"#\">Dr Abel Jes\u00fas Pederzoli<\/a>\r\n        <\/span>\r\n      <\/div>\r\n    <\/div>\r\n\t<\/div><div class=\"meta__date-modified\">Updated:&nbsp;<span>junio 13, 2023<\/span><\/div><\/div><div class=\"wp-block-image\">\n<figure class=\"alignright size-medium\"><img width=\"300\" height=\"200\" src=\"https:\/\/nutrident.fr\/wp-content\/uploads\/2022\/06\/Depositphotos_10884882_S-300x200.jpg\" alt=\"los dientes del beb\u00e9\" class=\"wp-image-12642\" srcset=\"https:\/\/nutrident.fr\/wp-content\/uploads\/2022\/06\/Depositphotos_10884882_S-300x200.jpg 300w, https:\/\/nutrident.fr\/wp-content\/uploads\/2022\/06\/Depositphotos_10884882_S-768x511.jpg 768w, https:\/\/nutrident.fr\/wp-content\/uploads\/2022\/06\/Depositphotos_10884882_S-254x169.jpg 254w, https:\/\/nutrident.fr\/wp-content\/uploads\/2022\/06\/Depositphotos_10884882_S.jpg 999w\" sizes=\"(max-width: 300px) 100vw, 300px\" \/><figcaption>Los primeros dientes del beb\u00e9<\/figcaption><\/figure><\/div>\n\n\n<p>La dentici\u00f3n es una \u00e9poca dolorosa para los beb\u00e9s y complicada de afrontar para los padres. Cuando los dientes del beb\u00e9 comienzan a salir, la mayor\u00eda experimentan incomodidad y dolor en las enc\u00edas. Adem\u00e1s, ser\u00e1 necesario comenzar a cuidar los nuevos dientes de leche para que permanezcan sanos hasta que broten los dientes permanentes.<\/p>\n\n\n\n<p>En este art\u00edculo, <a href=\"https:\/\/nutrident.fr\/es\/\">Nutrident<\/a> te explica c\u00f3mo se desarrolla esta etapa crucial en la vida de un ni\u00f1o y c\u00f3mo afrontarla tomando las decisiones adecuadas, ya que los dientes de leche son tan importantes como los permanentes.<\/p>\n\n\n\n<div id=\"ez-toc-container\" class=\"ez-toc-v2_0_33_2 counter-hierarchy ez-toc-counter ez-toc-white ez-toc-container-direction\">\n<div class=\"ez-toc-title-container\">\n<p class=\"ez-toc-title\">Contenus<\/p>\n<span class=\"ez-toc-title-toggle\"><a href=\"#\" class=\"ez-toc-pull-right ez-toc-btn ez-toc-btn-xs ez-toc-btn-default ez-toc-toggle\" style=\"display: none;\"><label for=\"item\" aria-label=\"Tabla de contenidos\"><i class=\"ez-toc-glyphicon ez-toc-icon-toggle\"><\/i><\/label><input type=\"checkbox\" id=\"item\"><\/a><\/span><\/div>\n<nav><ul class='ez-toc-list ez-toc-list-level-1'><li class='ez-toc-page-1 ez-toc-heading-level-2'><a class=\"ez-toc-link ez-toc-heading-1\" href=\"https:\/\/nutrident.fr\/es\/cuidar-dientes-del-bebe\/#Las_etapas_de_la_denticion\" title=\"Las etapas de la dentici\u00f3n\">Las etapas de la dentici\u00f3n<\/a><\/li><li class='ez-toc-page-1 ez-toc-heading-level-2'><a class=\"ez-toc-link ez-toc-heading-2\" href=\"https:\/\/nutrident.fr\/es\/cuidar-dientes-del-bebe\/#El_dolor_de_la_denticion\" title=\"El dolor de la dentici\u00f3n\">El dolor de la dentici\u00f3n<\/a><\/li><li class='ez-toc-page-1 ez-toc-heading-level-2'><a class=\"ez-toc-link ez-toc-heading-3\" href=\"https:\/\/nutrident.fr\/es\/cuidar-dientes-del-bebe\/#%C2%BFQue_puedes_hacer_para_ayudar_a_tu_hijo\" title=\"\u00bfQu\u00e9 puedes hacer para ayudar a tu hijo?\">\u00bfQu\u00e9 puedes hacer para ayudar a tu hijo?<\/a><\/li><li class='ez-toc-page-1 ez-toc-heading-level-2'><a class=\"ez-toc-link ez-toc-heading-4\" href=\"https:\/\/nutrident.fr\/es\/cuidar-dientes-del-bebe\/#%C2%BFComo_cuidar_los_dientes_del_bebe\" title=\"\u00bfC\u00f3mo cuidar los dientes del beb\u00e9?\">\u00bfC\u00f3mo cuidar los dientes del beb\u00e9?<\/a><\/li><li class='ez-toc-page-1 ez-toc-heading-level-2'><a class=\"ez-toc-link ez-toc-heading-5\" href=\"https:\/\/nutrident.fr\/es\/cuidar-dientes-del-bebe\/#Revisa_la_boca_de_tu_hijo_regularmente\" title=\"Revisa la boca de tu hijo regularmente\">Revisa la boca de tu hijo regularmente<\/a><\/li><li class='ez-toc-page-1 ez-toc-heading-level-2'><a class=\"ez-toc-link ez-toc-heading-6\" href=\"https:\/\/nutrident.fr\/es\/cuidar-dientes-del-bebe\/#Preguntas_frecuentes\" title=\"Preguntas frecuentes\">Preguntas frecuentes<\/a><\/li><\/ul><\/nav><\/div>\n<h2><span class=\"ez-toc-section\" id=\"Las_etapas_de_la_denticion\"><\/span>Las etapas de la dentici\u00f3n<span class=\"ez-toc-section-end\"><\/span><\/h2>\n\n\n\n<p>No todos los ni\u00f1os experimentan la dentici\u00f3n de la misma manera. Los m\u00e1s precoces nacen con dientes, aunque esto es bastante excepcional, mientras que otros son particularmente tard\u00edos y los dientes de leche no aparecen hasta despu\u00e9s del a\u00f1o.<\/p>\n\n\n\n<p>En promedio, <a href=\"https:\/\/nutrident.fr\/es\/dientes-de-leche\/\" target=\"_blank\" data-type=\"URL\" data-id=\"https:\/\/nutrident.fr\/es\/dientes-de-leche\/\" rel=\"noreferrer noopener\">los dientes de leche<\/a> comienzan a erupcionar <strong>entre los cuatro y los siete meses de edad <\/strong>y suelen seguir una secuencia espec\u00edfica:<\/p>\n\n\n\n<ol><li>Incisivos centrales inferiores y despu\u00e9s los superiores<\/li><li>Incisivos laterales superiores e inferiores<\/li><li>Molares superiores y despu\u00e9s los inferiores<\/li><li>Caninos superiores e inferiores<\/li><li>Los segundos molares inferiores y despu\u00e9s los superiores<\/li><\/ol>\n\n\n\n<p>Un ni\u00f1o tiene un total de <strong>20 dientes de leche<\/strong>,<strong> <\/strong>mientras que los dientes permanentes, que erupcionan entre los 5 y los 12 a\u00f1os, son 32.<\/p>\n\n\n\n<h2><span class=\"ez-toc-section\" id=\"El_dolor_de_la_denticion\"><\/span>El dolor de la dentici\u00f3n<span class=\"ez-toc-section-end\"><\/span><\/h2>\n\n\n\n<p>Durante el periodo de crecimiento de los dientes, <strong>el ni\u00f1o se vuelve irritable<\/strong> durante el d\u00eda y duerme mal por la noche. Esto es producto del dolor causado por el efecto mec\u00e1nico de los dientes que se abren paso a trav\u00e9s de la mand\u00edbula, as\u00ed como por el hecho de que las enc\u00edas tienen que abrirse para dejarlos pasar.<\/p>\n\n\n\n<p>Los <strong>s\u00edntomas<\/strong> son f\u00e1cilmente reconocibles por el comportamiento del beb\u00e9, ya que babea m\u00e1s y trata regularmente de morder cualquier cosa que est\u00e9 a su alcance. Tambi\u00e9n puede que notes manifestaciones f\u00edsicas, con mejillas y\/o enc\u00edas rojas e hinchadas, y a veces la formaci\u00f3n de un quiste eruptivo en la enc\u00eda.<\/p>\n\n\n\n<h2><span class=\"ez-toc-section\" id=\"%C2%BFQue_puedes_hacer_para_ayudar_a_tu_hijo\"><\/span>\u00bfQu\u00e9 puedes hacer para ayudar a tu hijo?<span class=\"ez-toc-section-end\"><\/span><\/h2>\n\n\n<div class=\"wp-block-image\">\n<figure class=\"alignright size-medium is-resized\"><img src=\"https:\/\/nutrident.fr\/wp-content\/uploads\/2022\/06\/Depositphotos_49891983_S-300x200.jpg\" alt=\"los dientes del beb\u00e9\" class=\"wp-image-12648\" width=\"300\" height=\"200\" srcset=\"https:\/\/nutrident.fr\/wp-content\/uploads\/2022\/06\/Depositphotos_49891983_S-300x200.jpg 300w, https:\/\/nutrident.fr\/wp-content\/uploads\/2022\/06\/Depositphotos_49891983_S-768x513.jpg 768w, https:\/\/nutrident.fr\/wp-content\/uploads\/2022\/06\/Depositphotos_49891983_S-254x170.jpg 254w, https:\/\/nutrident.fr\/wp-content\/uploads\/2022\/06\/Depositphotos_49891983_S.jpg 999w\" sizes=\"(max-width: 300px) 100vw, 300px\" \/><figcaption>Un mordedor puede ayudar a aliviar el dolor de la dentici\u00f3n <\/figcaption><\/figure><\/div>\n\n\n<p>El dolor es normal durante la dentici\u00f3n, pero se puede aliviar. Evita los medicamentos cuyos efectos secundarios pueden ser bastante serios. En su lugar, puedes usar productos naturales y org\u00e1nicos, como <strong>la manzanilla<\/strong> <strong>en forma de gel<\/strong>, pues son m\u00e1s adecuados y saludables para un ni\u00f1o en crecimiento. Puedes masajear la enc\u00eda de la zona dolorida con uno de estos geles natruales, o simplemente con una compresa h\u00fameda.<\/p>\n\n\n\n<p>Es probable que el ni\u00f1o intente masajear sus enc\u00edas masticando sus juguetes o cualquier otra cosa que encuentre. Para evitarlo, puedes dar a tu hijo <a href=\"https:\/\/nutrident.fr\/es\/mordedor-para-bebe\/\" data-type=\"URL\" data-id=\"https:\/\/nutrident.fr\/es\/mordedor-para-bebe\/\" target=\"_blank\" rel=\"noreferrer noopener\">un mordedor<\/a> especialmente dise\u00f1ado para aliviar el dolor de la dentici\u00f3n. El mordedor de <a href=\"https:\/\/nutrident.fr\/es\/mordedor-sophie-la-jirafa\/\" target=\"_blank\" data-type=\"URL\" data-id=\"https:\/\/nutrident.fr\/es\/mordedor-sophie-la-jirafa\/\" rel=\"noreferrer noopener\">Sophie la Jirafa<\/a> o el anillo de dentici\u00f3n <a href=\"https:\/\/nutrident.fr\/es\/mordedor-mam\/\" target=\"_blank\" data-type=\"URL\" data-id=\"https:\/\/nutrident.fr\/es\/mordedor-mam\/\" rel=\"noreferrer noopener\">MAM<\/a> son algunas de las mejores opciones disponibles en el mercado.<\/p>\n\n\n\n<p>Estos juguetes tienen superficies con diferentes estructuras (granos, crestas, etc.) que <strong>masajean las enc\u00edas y alivian el dolor<\/strong>. Algunos son m\u00e1s elaborados y contienen agua o un gel espec\u00edfico y est\u00e1n dise\u00f1ados para refrigerarse y proporcionar un mayor alivio, ya que tienen la capacidad de adormecer las enc\u00edas.<\/p>\n\n\n\n<h2><span class=\"ez-toc-section\" id=\"%C2%BFComo_cuidar_los_dientes_del_bebe\"><\/span>\u00bfC\u00f3mo cuidar los dientes del beb\u00e9?<span class=\"ez-toc-section-end\"><\/span><\/h2>\n\n\n\n<p>Los dientes de leche <strong>son tan importantes como los permanentes<\/strong>. Si se deterioran, pueden causar dolor al ni\u00f1o y tambi\u00e9n suponen un riesgo de infecci\u00f3n. Adem\u00e1s, son clave en la creaci\u00f3n de un ambiente \u00f3ptimo para el crecimiento de los dientes permamentes.<\/p>\n\n\n\n<p>Es por ello que es tan importante establecer una <strong>rutina de limpieza<\/strong> de los dientes (por parte de los padres y despu\u00e9s por el propio ni\u00f1o, en cuanto sea capaz de cepillarse los dientes por s\u00ed mismo), ya que esto le proporcionar\u00e1 buenos h\u00e1bitos que mantendr\u00e1 durante toda su vida.<\/p>\n\n\n\n<p>En cuanto aparezcan los primeros dientes de leche, puedes utilizar una compresa h\u00fameda para limpiarlos suavemente. A partir del a\u00f1o de edad, puedes comenzar a utilizar un <strong>cepillo de dientes para beb\u00e9s<\/strong>. El cepillo debe tener cerdas especialmente suaves, con una cabeza peque\u00f1a que permita alcanzar todos los dientes.<\/p>\n\n\n<div class=\"wp-block-image\">\n<figure class=\"alignright size-large is-resized\"><img src=\"https:\/\/nutrident.fr\/wp-content\/uploads\/2023\/04\/los-dientes-del-bebe-1024x683.jpg\" alt=\"\" class=\"wp-image-20863\" width=\"300\" height=\"200\" srcset=\"https:\/\/nutrident.fr\/wp-content\/uploads\/2023\/04\/los-dientes-del-bebe-1024x683.jpg 1024w, https:\/\/nutrident.fr\/wp-content\/uploads\/2023\/04\/los-dientes-del-bebe-300x200.jpg 300w, https:\/\/nutrident.fr\/wp-content\/uploads\/2023\/04\/los-dientes-del-bebe-768x512.jpg 768w, https:\/\/nutrident.fr\/wp-content\/uploads\/2023\/04\/los-dientes-del-bebe-1536x1024.jpg 1536w, https:\/\/nutrident.fr\/wp-content\/uploads\/2023\/04\/los-dientes-del-bebe-254x169.jpg 254w, https:\/\/nutrident.fr\/wp-content\/uploads\/2023\/04\/los-dientes-del-bebe-66x44.jpg 66w, https:\/\/nutrident.fr\/wp-content\/uploads\/2023\/04\/los-dientes-del-bebe-120x80.jpg 120w, https:\/\/nutrident.fr\/wp-content\/uploads\/2023\/04\/los-dientes-del-bebe.jpg 1999w\" sizes=\"(max-width: 300px) 100vw, 300px\" \/><figcaption>Es importante crear h\u00e1bitos de higiene dental desde peque\u00f1os<\/figcaption><\/figure><\/div>\n\n\n<p>Puedes empezar por acostumbrar al beb\u00e9 a un cepillo h\u00famedo, y despu\u00e9s comenzar a a\u00f1adir una <strong>cantidad muy peque\u00f1a de pasta de dientes<\/strong> con el sabor m\u00e1s neutro posible. Esto es muy importante, ya que el ni\u00f1o puede reaccionar mal a un sabor demasiado fuerte y, adem\u00e1s, porque se trata de sabores artificiales con aditivos qu\u00edmicos que es mejor no utilizar.<\/p>\n\n\n\n<p>Cada sesi\u00f3n de cepillado debe ser suave para que se asocie a un momento agradable. Ense\u00f1a a tu hijo a <strong>escupir la pasta de dientes<\/strong>, pero no es necesario que se enjuague la boca. La pasta de dientes contiene ingredientes activos que seguir\u00e1n actuando hasta que la saliva la elimine de forma natural (esto tambi\u00e9n se aplica a los adultos, por supuesto).<\/p>\n\n\n\n<h2><span class=\"ez-toc-section\" id=\"Revisa_la_boca_de_tu_hijo_regularmente\"><\/span>Revisa la boca de tu hijo regularmente<span class=\"ez-toc-section-end\"><\/span><\/h2>\n\n\n\n<p>Los problemas dentales pueden surgir a cualquier edad y deben tratarse tan pronto como aparezcan. Estos son algunos de los problemas m\u00e1s comunes:<\/p>\n\n\n\n<h3>Los dientes de leche crecen sin control<\/h3>\n\n\n\n<p>Los dientes de leche pueden crecer sin control, pero esto no significa necesariamente que los dientes permanentes vayan a seguir el mismo camino. Los dientes pueden estar <strong>naturalmente mal posicionados<\/strong> o su crecimiento puede haber sido impedido por chupar el pulgar o el chupete.<\/p>\n\n\n\n<p>Puedes hablar con tu pediatra al respecto, pero no es necesario que acudas al dentista inmediatamente. <strong>Vig\u00edlalos de cerca<\/strong> y observa c\u00f3mo se desarrolla el crecimiento de los dem\u00e1s dientes. Si alrededor de los dos a\u00f1os los dientes no est\u00e1n en armon\u00eda, acude a un dentista, quien decidir\u00e1 si debe intervenir o no.<\/p>\n\n\n\n<h3>La aparici\u00f3n de caries<\/h3>\n\n\n\n<p>Los beb\u00e9s no son inmunes a las caries. La prevenci\u00f3n de este problema comienza por evitar <a href=\"https:\/\/nutrident.fr\/es\/bebidas-azucaradas\/\">las bebidas azucaradas<\/a>, que son malas para los dientes, as\u00ed como para la salud en general, adem\u00e1s de que crean adicciones. Por otro lado, no debes dejar que tu hijo chupe el biber\u00f3n. Despu\u00e9s de la alimentaci\u00f3n, <strong>enjuagua la boca del ni\u00f1o<\/strong> y cepilla los dientes como se ha descrito anteriormente.<\/p>\n\n\n\n<p>Si ves <strong>manchas oscuras<\/strong> que no desaparecen al cepillar los dientes, acude al dentista.<\/p>\n\n\n\n<h3>El bruxismo en los ni\u00f1os<\/h3>\n\n\n\n<p>El <a href=\"https:\/\/nutrident.fr\/es\/bruxismo\/\" target=\"_blank\" data-type=\"URL\" data-id=\"https:\/\/nutrident.fr\/es\/bruxismo\/\" rel=\"noreferrer noopener\">bruxismo<\/a> es un comportamiento que se da sobre todo en los adultos, especialmente por la noche, que consiste en frotar las mand\u00edbulas o <strong>rechinar los dientes<\/strong>. Las consecuencias son desastrosas para los dientes, cuyo esmalte se desgasta prematuramente y se desprende.<\/p>\n\n\n\n<p>Si tu hijo se frota las mand\u00edbulas, lo m\u00e1s probable es que sea para <strong>masajear las enc\u00edas<\/strong> y aliviar el dolor de la dentici\u00f3n. Esto no es un problema, siempre y cuando sea temporal. Si este comportamiento persiste, debes hablar con el dentista.<\/p>\n\n\n\n<h2><span class=\"ez-toc-section\" id=\"Preguntas_frecuentes\"><\/span>Preguntas frecuentes<span class=\"ez-toc-section-end\"><\/span><\/h2>\n\n\n<div id=\"rank-math-faq\" class=\"rank-math-block\">\n<div class=\"rank-math-list \">\n<div id=\"faq-question-1657869595783\" class=\"rank-math-list-item\">\n<h3 class=\"rank-math-question \">\u00bfC\u00f3mo saber si le est\u00e1n saliendo los primeros dientes al beb\u00e9?<\/h3>\n<div class=\"rank-math-answer \">\n\n<p>La dentici\u00f3n se caracteriza por muchos s\u00edntomas en el beb\u00e9: babeo, mejillas rojas, enc\u00edas rojas e hinchadas, morder objetos, comportamiento irritable, entre otros.<\/p>\n\n<\/div>\n<\/div>\n<div id=\"faq-question-1657869602749\" class=\"rank-math-list-item\">\n<h3 class=\"rank-math-question \">\u00bfQu\u00e9 hacer cuando brotan los primeros dientes?<\/h3>\n<div class=\"rank-math-answer \">\n\n<p>Los primeros dientes del beb\u00e9 suelen provocar dolor. Hay varias soluciones para aliviarlo, como ofrecerle un anillo de dentici\u00f3n o una tetina, pero tambi\u00e9n paletas, ya que el fr\u00edo calma el dolor.<\/p>\n\n<\/div>\n<\/div>\n<div id=\"faq-question-1657869622130\" class=\"rank-math-list-item\">\n<h3 class=\"rank-math-question \">\u00bfA qu\u00e9 edad tiene un ni\u00f1o todos sus dientes de leche?<\/h3>\n<div class=\"rank-math-answer \">\n\n<p>Alrededor de los 3 a\u00f1os de edad un ni\u00f1o tendr\u00e1 los 20 dientes primarios. Estos son los dientes que dar\u00e1n paso a los dientes permanentes.<\/p>\n\n<\/div>\n<\/div>\n<div id=\"faq-question-1682360520490\" class=\"rank-math-list-item\">\n<h3 class=\"rank-math-question \">\u00bfCu\u00e1nto dura el dolor de dientes en el beb\u00e9?<\/h3>\n<div class=\"rank-math-answer \">\n\n<p>Un diente tarda entre uno y siete d\u00edas en brotar, pero el dolor que causa en el beb\u00e9 suele durar entre tres y cuatro d\u00edas<\/p>\n\n<\/div>\n<\/div>\n<\/div>\n<\/div><div class=\"article-data before-content\"><div class=\"article-data__date\"><div class=\"article-data__date-modified\"><time class=\"published\" datetime=\"2022-10-27T18:05:04+00:00\">This article was originally published on&nbsp;<span class=\"2\">octubre 27, 2022<\/span>&nbsp;and was most recently updated on&nbsp;<span>junio 13, 2023<\/span><\/time><br><\/div><\/div><\/div><div class=\"user-info\">    <div class=\"user-info__body\">\r\n      <div class=\"user-info__caption\"><span>Contributors:<\/span><\/div>\r\n\t\t\t        <div class=\"user-info__wrap \">\r\n          <div class=\"user-info__data\">\r\n            <div class=\"user-info__data__info\">\r\n              <div class=\"photo\">\r\n\t\t\t\t\t\t\t\t<img width=\"66\" height=\"61\" src=\"https:\/\/nutrident.fr\/wp-content\/uploads\/2023\/06\/unnamed-66x61.jpg\" class=\"attachment-profileImageAuthor size-profileImageAuthor wp-post-image\" alt=\"Dr Abel Jes\u00fas Pederzoli\" loading=\"lazy\" srcset=\"https:\/\/nutrident.fr\/wp-content\/uploads\/2023\/06\/unnamed-66x61.jpg 66w, https:\/\/nutrident.fr\/wp-content\/uploads\/2023\/06\/unnamed-300x279.jpg 300w, https:\/\/nutrident.fr\/wp-content\/uploads\/2023\/06\/unnamed-1024x952.jpg 1024w, https:\/\/nutrident.fr\/wp-content\/uploads\/2023\/06\/unnamed-768x714.jpg 768w, https:\/\/nutrident.fr\/wp-content\/uploads\/2023\/06\/unnamed-204x190.jpg 204w, https:\/\/nutrident.fr\/wp-content\/uploads\/2023\/06\/unnamed-120x112.jpg 120w, https:\/\/nutrident.fr\/wp-content\/uploads\/2023\/06\/unnamed.jpg 1125w\" sizes=\"(max-width: 66px) 100vw, 66px\" \/>              <\/div>\r\n              <a href=\"https:\/\/nutrident.fr\/es\/author\/dr-abel-jesus-pederzoli\/\" class=\"name\">Dr Abel Jes\u00fas Pederzoli<\/a>\r\n            <\/div>\r\n            <div class=\"user-info__data__social\">\r\n\t\t\t\t\t\t\t\t\t\t\t\t\t\t\t\t\t\t\t\t\t          <a href=\"https:\/\/clinicaleixample.es\/\"\r\n             class=\"soc-item website\">website<\/a>\r\n\t\t\t\t          <a href=\"http:\/\/linkedin.com\/in\/abel-jes%C3%BAs-pederzoli\"\r\n             class=\"soc-item linkedin\">linkedin<\/a>\r\n\t\t\t\t            <\/div>\r\n          <\/div>\r\n          <div class=\"user-info__description\">\r\n\t\t\t\t\t\t\t\t\t\t\t\t\t<p>Con t\u00edtulos obtenidos en la Facultad de Odontolog\u00eda de la Universidad Nacional de La Plata y una participaci\u00f3n activa en congresos y jornadas, el Dr. Pederzoli se mantiene actualizado en las \u00faltimas t\u00e9cnicas y avances en odontolog\u00eda. Actualmente se encuentra desarrollando un proyecto de consultor\u00eda tecnol\u00f3gica aplicada a cl\u00ednicas dentales.<\/p>\n\t\t\t\t\t\t          <\/div>\r\n        <\/div>\r\n\t\t\t\t    <\/div>\r\n\t<\/div><!--copyscapeskip--><div class=\"medical_references\"><div class=\"medical_references__heading\"><span>Fuentes M\u00e9dicas<\/span><\/div><div class=\"medical_references__list\"><p><strong>KidsHealth:<\/strong> <a href=\"https:\/\/kidshealth.org\/es\/parents\/teething.html\" target=\"_blank\" rel=\"noopener\">La dentici\u00f3n en los ni\u00f1os<\/a>. Consultado el 20 de abril de 2023.<\/p>\n<p><strong>MayoClinic:<\/strong> <a href=\"https:\/\/www.mayoclinic.org\/es-es\/healthy-lifestyle\/infant-and-toddler-health\/in-depth\/teething\/art-20046378\" target=\"_blank\" rel=\"noopener\">Dentici\u00f3n: consejos para aliviar las enc\u00edas doloridas<\/a>. Consultado el 20 de abril de 2023.<\/p>\n<p><strong>Healthy Children<\/strong>: <a href=\"https:\/\/www.healthychildren.org\/Spanish\/ages-stages\/baby\/teething-tooth-care\/Paginas\/How-to-Prevent-Tooth-Decay-in-Your-Baby.aspx\" target=\"_blank\" rel=\"noopener\">\u00bfPor qu\u00e9 es importante cuidar los dientes de leche de su hijo?<\/a> Consultado el 20 de abril de 2023.<\/p>\n<\/div><\/div><!--\/copyscapeskip-->","protected":false},"excerpt":{"rendered":"<p>Contributor:&nbsp; Dr Abel Jes\u00fas Pederzoli Updated:&nbsp;junio 13, 2023 La dentici\u00f3n es una \u00e9poca dolorosa para los beb\u00e9s y complicada de afrontar para los padres. Cuando los dientes del beb\u00e9 comienzan a salir, la mayor\u00eda experimentan incomodidad y dolor en las enc\u00edas. Adem\u00e1s, ser\u00e1 necesario comenzar a cuidar los nuevos dientes de leche para que permanezcan [&hellip;]<\/p>\n","protected":false},"author":2,"featured_media":12647,"parent":0,"menu_order":0,"comment_status":"open","ping_status":"open","template":"","meta":{"inline_featured_image":false},"acf":[],"_links":{"self":[{"href":"https:\/\/nutrident.fr\/es\/wp-json\/wp\/v2\/pages\/16868"}],"collection":[{"href":"https:\/\/nutrident.fr\/es\/wp-json\/wp\/v2\/pages"}],"about":[{"href":"https:\/\/nutrident.fr\/es\/wp-json\/wp\/v2\/types\/page"}],"author":[{"embeddable":true,"href":"https:\/\/nutrident.fr\/es\/wp-json\/wp\/v2\/users\/2"}],"replies":[{"embeddable":true,"href":"https:\/\/nutrident.fr\/es\/wp-json\/wp\/v2\/comments?post=16868"}],"version-history":[{"count":7,"href":"https:\/\/nutrident.fr\/es\/wp-json\/wp\/v2\/pages\/16868\/revisions"}],"predecessor-version":[{"id":21811,"href":"https:\/\/nutrident.fr\/es\/wp-json\/wp\/v2\/pages\/16868\/revisions\/21811"}],"wp:featuredmedia":[{"embeddable":true,"href":"https:\/\/nutrident.fr\/es\/wp-json\/wp\/v2\/media\/12647"}],"wp:attachment":[{"href":"https:\/\/nutrident.fr\/es\/wp-json\/wp\/v2\/media?parent=16868"}],"curies":[{"name":"wp","href":"https:\/\/api.w.org\/{rel}","templated":true}]}}