

{"id":16871,"date":"2022-10-28T10:30:43","date_gmt":"2022-10-28T10:30:43","guid":{"rendered":"https:\/\/nutrident.fr\/?page_id=16871"},"modified":"2023-06-13T10:40:44","modified_gmt":"2023-06-13T10:40:44","slug":"pulpitis","status":"publish","type":"page","link":"https:\/\/nutrident.fr\/es\/pulpitis\/","title":{"rendered":"Pulpitis, dolor de muelas: descubra las soluciones"},"content":{"rendered":"<div class=\"meta\"><div class=\"meta__users\">    <div class=\"meta__users__reviewed\">\r\n      <p class=\"meta__users__caption\">Contributor:&nbsp;<\/p>\r\n      <div class=\"users\">\r\n        <span class=\"users__user\">\r\n          <a href=\"#\">Dr Abel Jes\u00fas Pederzoli<\/a>\r\n        <\/span>\r\n      <\/div>\r\n    <\/div>\r\n\t<\/div><div class=\"meta__date-modified\">Updated:&nbsp;<span>junio 13, 2023<\/span><\/div><\/div><div class=\"wp-block-image\">\n<figure class=\"alignright size-medium\"><img width=\"300\" height=\"200\" src=\"https:\/\/nutrident.fr\/wp-content\/uploads\/2020\/12\/iStock-1254139856-300x200.jpg\" alt=\"dolor de muelas\" class=\"wp-image-7576\" srcset=\"https:\/\/nutrident.fr\/wp-content\/uploads\/2020\/12\/iStock-1254139856-300x200.jpg 300w, https:\/\/nutrident.fr\/wp-content\/uploads\/2020\/12\/iStock-1254139856-1024x683.jpg 1024w, https:\/\/nutrident.fr\/wp-content\/uploads\/2020\/12\/iStock-1254139856-768x512.jpg 768w, https:\/\/nutrident.fr\/wp-content\/uploads\/2020\/12\/iStock-1254139856-1080x720.jpg 1080w, https:\/\/nutrident.fr\/wp-content\/uploads\/2020\/12\/iStock-1254139856-980x653.jpg 980w, https:\/\/nutrident.fr\/wp-content\/uploads\/2020\/12\/iStock-1254139856-480x320.jpg 480w, https:\/\/nutrident.fr\/wp-content\/uploads\/2020\/12\/iStock-1254139856.jpg 1254w\" sizes=\"(max-width: 300px) 100vw, 300px\" \/><figcaption>\u00bfQu\u00e9 causa el dolor de muelas?<\/figcaption><\/figure><\/div>\n\n\n<p><strong>El dolor de muelas puede tener varios or\u00edgenes<\/strong> y debe ser tratado lo antes posible. <a href=\"https:\/\/nutrident.fr\/es\/\">Nutrident.es<\/a> le ofrece todos los consejos necesarios para evitar el sufrimiento.<\/p>\n\n\n\n<div id=\"ez-toc-container\" class=\"ez-toc-v2_0_33_2 counter-hierarchy ez-toc-counter ez-toc-white ez-toc-container-direction\">\n<div class=\"ez-toc-title-container\">\n<p class=\"ez-toc-title\">Contenus<\/p>\n<span class=\"ez-toc-title-toggle\"><a href=\"#\" class=\"ez-toc-pull-right ez-toc-btn ez-toc-btn-xs ez-toc-btn-default ez-toc-toggle\" style=\"display: none;\"><label for=\"item\" aria-label=\"Tabla de contenidos\"><i class=\"ez-toc-glyphicon ez-toc-icon-toggle\"><\/i><\/label><input type=\"checkbox\" id=\"item\"><\/a><\/span><\/div>\n<nav><ul class='ez-toc-list ez-toc-list-level-1'><li class='ez-toc-page-1 ez-toc-heading-level-2'><a class=\"ez-toc-link ez-toc-heading-1\" href=\"https:\/\/nutrident.fr\/es\/pulpitis\/#La_mejor_manera_de_prevenir_el_dolor_de_muelas\" title=\"La mejor manera de prevenir el dolor de muelas\">La mejor manera de prevenir el dolor de muelas<\/a><\/li><li class='ez-toc-page-1 ez-toc-heading-level-2'><a class=\"ez-toc-link ez-toc-heading-2\" href=\"https:\/\/nutrident.fr\/es\/pulpitis\/#Los_diferentes_dolores_de_muelas\" title=\"Los diferentes dolores de muelas\">Los diferentes dolores de muelas<\/a><\/li><li class='ez-toc-page-1 ez-toc-heading-level-2'><a class=\"ez-toc-link ez-toc-heading-3\" href=\"https:\/\/nutrident.fr\/es\/pulpitis\/#%C2%BFQue_hacer_en_caso_de_dolor_dental\" title=\"\u00bfQu\u00e9 hacer en caso de dolor dental?\">\u00bfQu\u00e9 hacer en caso de dolor dental?<\/a><\/li><li class='ez-toc-page-1 ez-toc-heading-level-2'><a class=\"ez-toc-link ez-toc-heading-4\" href=\"https:\/\/nutrident.fr\/es\/pulpitis\/#Que_hacer_mientras_espera_una_cita_con_el_dentista\" title=\"Qu\u00e9 hacer mientras espera una cita con el dentista\">Qu\u00e9 hacer mientras espera una cita con el dentista<\/a><\/li><li class='ez-toc-page-1 ez-toc-heading-level-2'><a class=\"ez-toc-link ez-toc-heading-5\" href=\"https:\/\/nutrident.fr\/es\/pulpitis\/#La_cita_con_el_dentista\" title=\"La cita con el dentista\">La cita con el dentista<\/a><\/li><li class='ez-toc-page-1 ez-toc-heading-level-2'><a class=\"ez-toc-link ez-toc-heading-6\" href=\"https:\/\/nutrident.fr\/es\/pulpitis\/#PREGUNTAS_FRECUENTES\" title=\"PREGUNTAS FRECUENTES\">PREGUNTAS FRECUENTES<\/a><\/li><\/ul><\/nav><\/div>\n<h2><span class=\"ez-toc-section\" id=\"La_mejor_manera_de_prevenir_el_dolor_de_muelas\"><\/span>La mejor manera de prevenir el dolor de muelas<span class=\"ez-toc-section-end\"><\/span><\/h2>\n\n\n\n<p>La mejor manera de evitar <strong>los problemas dentales<\/strong> es visitar al dentista con regularidad, adem\u00e1s de practicar una buena higiene bucal. Una visita anual es necesaria, y es a\u00fan mejor si va dos veces al a\u00f1o. <a href=\"https:\/\/nutrident.fr\/es\/miedo-al-dentista\/\">Esto es a\u00fan m\u00e1s importante si tiene miedo al dentista<\/a>.<\/p>\n\n\n\n<p>Con una revisi\u00f3n regular, puede evitar trabajos mayores. Una <a href=\"https:\/\/nutrident.fr\/es\/caries-y-dieta\/\">caries<\/a> en su origen es indolora. El dentista, en cambio, puede detectarlo y tratarlo en diez minutos. Si espera a que le duela, ya estar\u00e1 muy avanzado y requerir\u00e1 una operaci\u00f3n mayor, m\u00e1s dolorosa y m\u00e1s cara para reparar el da\u00f1o.<\/p>\n\n\n\n<h3>Y si es demasiado tarde para prevenir, es absolutamente necesario curar<\/h3>\n\n\n\n<p>Si no ha prevenido eficazmente el <strong>dolor dental,<\/strong> es imprescindible tratarlo cuanto antes. Se trata de una cuesti\u00f3n de comodidad, por supuesto, pero tambi\u00e9n de consecuencias desafortunadas si no se recurre al dentista.<\/p>\n\n\n\n<p>Un diente no puede curarse por s\u00ed mismo, <strong>la infecci\u00f3n <\/strong>s\u00f3lo puede extenderse. Al principio sentir\u00e1 un gran dolor y tendr\u00e1 dificultades para comer, tragar e incluso abrir la boca. Si la situaci\u00f3n se agrava, <a href=\"https:\/\/nutrident.fr\/es\/?page_id=16732\">perder\u00e1 dientes<\/a>, lo que va en <strong>detrimento de su est\u00e9tica<\/strong>, pero tambi\u00e9n de su capacidad para comer.<\/p>\n\n\n\n<p>Por \u00faltimo, si permite que una infecci\u00f3n se extienda, las <strong>bacterias acabar\u00e1n por<\/strong> asimilarse al torrente sangu\u00edneo. Esto puede provocar una sepsis, una infecci\u00f3n por estreptococos, infecciones faciales graves o un paro card\u00edaco.<\/p>\n\n\n\n<h2><span class=\"ez-toc-section\" id=\"Los_diferentes_dolores_de_muelas\"><\/span>Los diferentes dolores de muelas<span class=\"ez-toc-section-end\"><\/span><\/h2>\n\n\n<div class=\"wp-block-image\">\n<figure class=\"alignright size-medium\"><img width=\"300\" height=\"169\" src=\"https:\/\/nutrident.fr\/wp-content\/uploads\/2022\/06\/Depositphotos_330385484_S-300x169.jpg\" alt=\"absceso dental\" class=\"wp-image-13094\" srcset=\"https:\/\/nutrident.fr\/wp-content\/uploads\/2022\/06\/Depositphotos_330385484_S-300x169.jpg 300w, https:\/\/nutrident.fr\/wp-content\/uploads\/2022\/06\/Depositphotos_330385484_S-768x432.jpg 768w, https:\/\/nutrident.fr\/wp-content\/uploads\/2022\/06\/Depositphotos_330385484_S-254x143.jpg 254w, https:\/\/nutrident.fr\/wp-content\/uploads\/2022\/06\/Depositphotos_330385484_S.jpg 1000w\" sizes=\"(max-width: 300px) 100vw, 300px\" \/><figcaption>Los abscesos son una de las dolencias dentales m\u00e1s comunes<\/figcaption><\/figure><\/div>\n\n\n<p>El dolor de muelas que tiene puede tener varias causas.<\/p>\n\n\n\n<h3>Abscesos dentales<\/h3>\n\n\n\n<p><a href=\"https:\/\/nutrident.fr\/es\/absceso-dental\/\">El absceso<\/a> dental progresa sin que le duela durante meses. <strong>Se forma una bolsa en la enc\u00eda<\/strong> y se llena gradualmente de pus. Normalmente se empieza a sentir durante la noche y cuando se aprietan los dientes. Si deja que progrese, acabar\u00e1 perjudic\u00e1ndole siempre.<\/p>\n\n\n\n<p>Esta infecci\u00f3n puede propagarse y poner en riesgo su salud en general.<\/p>\n\n\n\n<h3>Alveolitis dental<\/h3>\n\n\n\n<p>La alveolitis dental infecta la cavidad en la que se ha extra\u00eddo un diente. El co\u00e1gulo de sangre que se produce tras la operaci\u00f3n se ha desprendido al comer o cepillarse los dientes y la infecci\u00f3n puede haberse extendido a las terminaciones nerviosas.<\/p>\n\n\n\n<p>La alveolitis puede ser seca o purulenta. Es m\u00e1s f\u00e1cil de tratar <strong>en el primer caso con analg\u00e9sicos<\/strong>. Si se supura, tendr\u00e1 que tomar antibi\u00f3ticos para tratarla. El dolor es tal que usted mismo se apresurar\u00e1 a ir al dentista o a la sala de emergencias.<\/p>\n\n\n\n<h3>Gangrena gaseosa<\/h3>\n\n\n\n<p>La gangrena gaseosa se llama as\u00ed por los gases generados por la descomposici\u00f3n de la materia org\u00e1nica en la ra\u00edz del diente. Como los gases no pueden salir, la presi\u00f3n se acumula <strong>y provoca un dolor intenso<\/strong>.<\/p>\n\n\n\n<p>El dentista tendr\u00e1 que cavar para que el gas salga y la presi\u00f3n baje.<\/p>\n\n\n\n<h3>Pulpitis<\/h3>\n\n\n\n<p><strong>La pulpitis es el dolor inducido por una caries<\/strong>, una vez que las bacterias han penetrado en el esmalte lo suficiente como para alcanzar el nervio dental. Si no lo trata r\u00e1pidamente, se extender\u00e1 y habr\u00e1 que extraer el diente.<\/p>\n\n\n\n<figure class=\"wp-block-embed is-type-video is-provider-youtube wp-block-embed-youtube wp-embed-aspect-16-9 wp-has-aspect-ratio\"><div class=\"wp-block-embed__wrapper\">\n<iframe title=\"Pulpite \u2013 Inflamation de la pulpe dentaire \u00a9\" width=\"500\" height=\"281\" src=\"https:\/\/www.youtube.com\/embed\/LOmMbrAiDag?feature=oembed\" frameborder=\"0\" allow=\"accelerometer; autoplay; clipboard-write; encrypted-media; gyroscope; picture-in-picture\" allowfullscreen><\/iframe>\n<\/div><\/figure>\n\n\n\n<h3>Artritis dental<\/h3>\n\n\n\n<p>La artritis dental est\u00e1 causada por la inflamaci\u00f3n <strong>del tejido ligamentoso que rodea la ra\u00edz de un diente<\/strong>.<\/p>\n\n\n\n<h3>La ca\u00edda de los alimentos<\/h3>\n\n\n\n<p>La compactaci\u00f3n de los alimentos se debe a que los detritus de la comida se atascan entre los dientes. Si no puede eliminarlos con un cepillo de dientes, puede utilizar un chorro de pulso e hilo dental.<\/p>\n\n\n\n<h2><span class=\"ez-toc-section\" id=\"%C2%BFQue_hacer_en_caso_de_dolor_dental\"><\/span>\u00bfQu\u00e9 hacer en caso de dolor dental?<span class=\"ez-toc-section-end\"><\/span><\/h2>\n\n\n\n<p>Lo primero que hay que hacer es apresurarse a coger el tel\u00e9fono <a href=\"https:\/\/nutrident.fr\/es\/dentista-de-urgencias\/\">para concertar una cita con su dentista<\/a>. Por lo general, los profesionales reservan un espacio de tiempo diario para las emergencias.<\/p>\n\n\n<div class=\"wp-block-image\">\n<figure class=\"aligncenter size-full\"><a href=\"tel:0891150482\"><img width=\"385\" height=\"61\" src=\"https:\/\/nutrident.fr\/wp-content\/uploads\/2019\/10\/0891150482-1.png\" alt=\"llamar al dentista\" class=\"wp-image-13120\" srcset=\"https:\/\/nutrident.fr\/wp-content\/uploads\/2019\/10\/0891150482-1.png 385w, https:\/\/nutrident.fr\/wp-content\/uploads\/2019\/10\/0891150482-1-300x48.png 300w, https:\/\/nutrident.fr\/wp-content\/uploads\/2019\/10\/0891150482-1-254x40.png 254w\" sizes=\"(max-width: 385px) 100vw, 385px\" \/><\/a><\/figure><\/div>\n\n\n<p>Si su dentista est\u00e1 en una consulta y este hueco ya est\u00e1 ocupado, puede remitirle a un colegio para que se ocupe de la urgencia. Si su dentista no est\u00e1 disponible, llame a la sala de emergencias dentales de su localidad.<\/p>\n\n\n\n<p>Si tiene un dolor de muelas fuera del horario de oficina, por la noche, el fin de semana o en un d\u00eda festivo, el contestador autom\u00e1tico de su dentista deber\u00eda indicarle d\u00f3nde encontrar una oficina de guardia.<\/p>\n\n\n\n<p>El n\u00famero tambi\u00e9n est\u00e1 disponible en el SAMU llamando al 15 o en la comisar\u00eda de polic\u00eda m\u00e1s cercana llamando al 17. Si no es as\u00ed, acuda a la sala de urgencias dentales del hospital m\u00e1s cercano.<\/p>\n\n\n\n<h2><span class=\"ez-toc-section\" id=\"Que_hacer_mientras_espera_una_cita_con_el_dentista\"><\/span>Qu\u00e9 hacer mientras espera una cita con el dentista<span class=\"ez-toc-section-end\"><\/span><\/h2>\n\n\n\n<p>Es posible que tenga que esperar unas horas <strong>antes de encontrar un dentista disponible<\/strong>. Es mejor no tomar analg\u00e9sicos.<\/p>\n\n\n\n<p>Dependiendo de la causa de su dolor, es posible que su <strong>dentista <\/strong>tenga que darle medicamentos y que deba evitar los c\u00f3cteles. Adem\u00e1s, los analg\u00e9sicos suelen ser insuficientes para calmar un dolor de muelas, por lo que es mejor abstenerse de utilizarlos.<\/p>\n\n\n\n<p>Sin embargo, si est\u00e1 tomando alg\u00fan tipo de p\u00edldora, <strong>debe dec\u00edrselo a su dentista cuando llegue a su cita<\/strong>.<\/p>\n\n\n\n<p>Mientras espera la hora de la cita, puede utilizar una bolsa de hielo que aplicar\u00e1 en la mejilla. El fr\u00edo tiende a anestesiar las terminaciones nerviosas del tejido. El hielo ayuda a calmar el dolor, as\u00ed como a reducir la inflamaci\u00f3n si su mejilla est\u00e1 hinchada.<\/p>\n\n\n\n<h2><span class=\"ez-toc-section\" id=\"La_cita_con_el_dentista\"><\/span>La cita con el dentista<span class=\"ez-toc-section-end\"><\/span><\/h2>\n\n\n\n<p>El dentista hace todo lo posible para detener su <strong>dolor<\/strong>. En cualquier caso, utiliza anestesia para realizar el tratamiento. Usted se beneficiar\u00e1 primero de este efecto en las horas siguientes a su intervenci\u00f3n.<\/p>\n\n\n\n<p>Entonces le prescribe <strong>analg\u00e9sicos eficaces<\/strong> con receta, a base de code\u00edna. Le permiten aliviarse mientras espera que su intervenci\u00f3n d\u00e9 frutos y que su diente, enc\u00eda y\/o mand\u00edbula se curen.<\/p>\n\n\n\n<p>El dentista probablemente tambi\u00e9n programar\u00e1 una o m\u00e1s citas de seguimiento de su infecci\u00f3n. \u00a1No se pierda ninguno de ellos!<\/p>\n\n\n<div class=\"wp-block-image\">\n<figure class=\"aligncenter size-full\"><a href=\"tel:0891150482\"><img width=\"385\" height=\"61\" src=\"https:\/\/nutrident.fr\/wp-content\/uploads\/2019\/10\/0891150482-1.png\" alt=\"llamar al dentista\" class=\"wp-image-13120\" srcset=\"https:\/\/nutrident.fr\/wp-content\/uploads\/2019\/10\/0891150482-1.png 385w, https:\/\/nutrident.fr\/wp-content\/uploads\/2019\/10\/0891150482-1-300x48.png 300w, https:\/\/nutrident.fr\/wp-content\/uploads\/2019\/10\/0891150482-1-254x40.png 254w\" sizes=\"(max-width: 385px) 100vw, 385px\" \/><\/a><\/figure><\/div>\n\n\n<h2><span class=\"ez-toc-section\" id=\"PREGUNTAS_FRECUENTES\"><\/span>PREGUNTAS FRECUENTES<span class=\"ez-toc-section-end\"><\/span><\/h2>\n\n\n\n<h3>\u00bfQu\u00e9 se puede hacer para aliviar el dolor de muelas?<\/h3>\n\n\n\n<p>Los tratamientos disponibles incluyen analg\u00e9sicos, antibi\u00f3ticos y enjuagues bucales antis\u00e9pticos. Todas estas soluciones ayudan a aliviar el dolor mientras se espera para ver al dentista.<\/p>\n\n\n\n<h3>\u00bfCu\u00e1l es el mejor analg\u00e9sico para los dientes?<\/h3>\n\n\n\n<p>Se recomienda el paracetamol para aliviar el dolor.<\/p>\n\n\n\n<h3>\u00bfC\u00f3mo tratar una inflamaci\u00f3n de la pulpa dental?<\/h3>\n\n\n\n<p>Cuando la inflamaci\u00f3n de la pulpa es superficial, basta con extirparla.<\/p>\n<div class=\"article-data before-content\"><div class=\"article-data__date\"><div class=\"article-data__date-modified\"><time class=\"published\" datetime=\"2022-10-28T10:30:43+00:00\">This article was originally published on&nbsp;<span class=\"2\">octubre 28, 2022<\/span>&nbsp;and was most recently updated on&nbsp;<span>junio 13, 2023<\/span><\/time><br><\/div><\/div><\/div><div class=\"user-info\">    <div class=\"user-info__body\">\r\n      <div class=\"user-info__caption\"><span>Contributors:<\/span><\/div>\r\n\t\t\t        <div class=\"user-info__wrap \">\r\n          <div class=\"user-info__data\">\r\n            <div class=\"user-info__data__info\">\r\n              <div class=\"photo\">\r\n\t\t\t\t\t\t\t\t<img width=\"66\" height=\"61\" src=\"https:\/\/nutrident.fr\/wp-content\/uploads\/2023\/06\/unnamed-66x61.jpg\" class=\"attachment-profileImageAuthor size-profileImageAuthor wp-post-image\" alt=\"Dr Abel Jes\u00fas Pederzoli\" loading=\"lazy\" srcset=\"https:\/\/nutrident.fr\/wp-content\/uploads\/2023\/06\/unnamed-66x61.jpg 66w, https:\/\/nutrident.fr\/wp-content\/uploads\/2023\/06\/unnamed-300x279.jpg 300w, https:\/\/nutrident.fr\/wp-content\/uploads\/2023\/06\/unnamed-1024x952.jpg 1024w, https:\/\/nutrident.fr\/wp-content\/uploads\/2023\/06\/unnamed-768x714.jpg 768w, https:\/\/nutrident.fr\/wp-content\/uploads\/2023\/06\/unnamed-204x190.jpg 204w, https:\/\/nutrident.fr\/wp-content\/uploads\/2023\/06\/unnamed-120x112.jpg 120w, https:\/\/nutrident.fr\/wp-content\/uploads\/2023\/06\/unnamed.jpg 1125w\" sizes=\"(max-width: 66px) 100vw, 66px\" \/>              <\/div>\r\n              <a href=\"https:\/\/nutrident.fr\/es\/author\/dr-abel-jesus-pederzoli\/\" class=\"name\">Dr Abel Jes\u00fas Pederzoli<\/a>\r\n            <\/div>\r\n            <div class=\"user-info__data__social\">\r\n\t\t\t\t\t\t\t\t\t\t\t\t\t\t\t\t\t\t\t\t\t          <a href=\"https:\/\/clinicaleixample.es\/\"\r\n             class=\"soc-item website\">website<\/a>\r\n\t\t\t\t          <a href=\"http:\/\/linkedin.com\/in\/abel-jes%C3%BAs-pederzoli\"\r\n             class=\"soc-item linkedin\">linkedin<\/a>\r\n\t\t\t\t            <\/div>\r\n          <\/div>\r\n          <div class=\"user-info__description\">\r\n\t\t\t\t\t\t\t\t\t\t\t\t\t<p>Con t\u00edtulos obtenidos en la Facultad de Odontolog\u00eda de la Universidad Nacional de La Plata y una participaci\u00f3n activa en congresos y jornadas, el Dr. Pederzoli se mantiene actualizado en las \u00faltimas t\u00e9cnicas y avances en odontolog\u00eda. Actualmente se encuentra desarrollando un proyecto de consultor\u00eda tecnol\u00f3gica aplicada a cl\u00ednicas dentales.<\/p>\n\t\t\t\t\t\t          <\/div>\r\n        <\/div>\r\n\t\t\t\t    <\/div>\r\n\t<\/div>","protected":false},"excerpt":{"rendered":"<p>Contributor:&nbsp; Dr Abel Jes\u00fas Pederzoli Updated:&nbsp;junio 13, 2023 El dolor de muelas puede tener varios or\u00edgenes y debe ser tratado lo antes posible. Nutrident.es le ofrece todos los consejos necesarios para evitar el sufrimiento. La mejor manera de prevenir el dolor de muelas La mejor manera de evitar los problemas dentales es visitar al dentista [&hellip;]<\/p>\n","protected":false},"author":14,"featured_media":0,"parent":0,"menu_order":0,"comment_status":"closed","ping_status":"closed","template":"","meta":{"inline_featured_image":false},"acf":[],"_links":{"self":[{"href":"https:\/\/nutrident.fr\/es\/wp-json\/wp\/v2\/pages\/16871"}],"collection":[{"href":"https:\/\/nutrident.fr\/es\/wp-json\/wp\/v2\/pages"}],"about":[{"href":"https:\/\/nutrident.fr\/es\/wp-json\/wp\/v2\/types\/page"}],"author":[{"embeddable":true,"href":"https:\/\/nutrident.fr\/es\/wp-json\/wp\/v2\/users\/14"}],"replies":[{"embeddable":true,"href":"https:\/\/nutrident.fr\/es\/wp-json\/wp\/v2\/comments?post=16871"}],"version-history":[{"count":10,"href":"https:\/\/nutrident.fr\/es\/wp-json\/wp\/v2\/pages\/16871\/revisions"}],"predecessor-version":[{"id":21961,"href":"https:\/\/nutrident.fr\/es\/wp-json\/wp\/v2\/pages\/16871\/revisions\/21961"}],"wp:attachment":[{"href":"https:\/\/nutrident.fr\/es\/wp-json\/wp\/v2\/media?parent=16871"}],"curies":[{"name":"wp","href":"https:\/\/api.w.org\/{rel}","templated":true}]}}