

{"id":16875,"date":"2022-10-27T18:07:39","date_gmt":"2022-10-27T18:07:39","guid":{"rendered":"https:\/\/nutrident.fr\/?page_id=16875"},"modified":"2023-06-13T10:31:25","modified_gmt":"2023-06-13T10:31:25","slug":"mordedor-para-bebe","status":"publish","type":"page","link":"https:\/\/nutrident.fr\/es\/mordedor-para-bebe\/","title":{"rendered":"Los mejores mordedores para beb\u00e9: gu\u00eda de compra y rese\u00f1as"},"content":{"rendered":"<div class=\"meta\"><div class=\"meta__users\">    <div class=\"meta__users__reviewed\">\r\n      <p class=\"meta__users__caption\">Contributor:&nbsp;<\/p>\r\n      <div class=\"users\">\r\n        <span class=\"users__user\">\r\n          <a href=\"#\">Dr Abel Jes\u00fas Pederzoli<\/a>\r\n        <\/span>\r\n      <\/div>\r\n    <\/div>\r\n\t<\/div><div class=\"meta__date-modified\">Updated:&nbsp;<span>junio 13, 2023<\/span><\/div><\/div><div class=\"wp-block-image\">\n<figure class=\"alignright size-medium\"><img width=\"300\" height=\"200\" src=\"https:\/\/nutrident.fr\/wp-content\/uploads\/2022\/06\/Depositphotos_353105646_S-300x200.jpg\" alt=\"anillo de dentici\u00f3n para beb\u00e9s\" class=\"wp-image-13078\" srcset=\"https:\/\/nutrident.fr\/wp-content\/uploads\/2022\/06\/Depositphotos_353105646_S-300x200.jpg 300w, https:\/\/nutrident.fr\/wp-content\/uploads\/2022\/06\/Depositphotos_353105646_S-768x512.jpg 768w, https:\/\/nutrident.fr\/wp-content\/uploads\/2022\/06\/Depositphotos_353105646_S-254x169.jpg 254w, https:\/\/nutrident.fr\/wp-content\/uploads\/2022\/06\/Depositphotos_353105646_S.jpg 1000w\" sizes=\"(max-width: 300px) 100vw, 300px\" \/><figcaption>Los anillos de dentici\u00f3n son una buena forma de aliviar el dolor de la dentici\u00f3n<\/figcaption><\/figure><\/div>\n\n\n<p>Los primeros dientes de leche provocan dolor y molestias en el beb\u00e9, pero afortunadamente hay un producto dise\u00f1ado para aliviarlo: el mordedor o anillo de dentici\u00f3n. Este juguete ayuda a <strong>masajear las enc\u00edas<\/strong>, a la vez que estimula el crecimiento y, por tanto, el avance del diente.<\/p>\n\n\n\n<p>En este art\u00edculo, te ofrecemos nuestras opiniones sobre los mejores anillos de dentici\u00f3n disponibles en el mercado.<\/p>\n\n\n\n<div id=\"ez-toc-container\" class=\"ez-toc-v2_0_33_2 counter-hierarchy ez-toc-counter ez-toc-white ez-toc-container-direction\">\n<div class=\"ez-toc-title-container\">\n<p class=\"ez-toc-title\">Contenus<\/p>\n<span class=\"ez-toc-title-toggle\"><a href=\"#\" class=\"ez-toc-pull-right ez-toc-btn ez-toc-btn-xs ez-toc-btn-default ez-toc-toggle\" style=\"display: none;\"><label for=\"item\" aria-label=\"Tabla de contenidos\"><i class=\"ez-toc-glyphicon ez-toc-icon-toggle\"><\/i><\/label><input type=\"checkbox\" id=\"item\"><\/a><\/span><\/div>\n<nav><ul class='ez-toc-list ez-toc-list-level-1'><li class='ez-toc-page-1 ez-toc-heading-level-2'><a class=\"ez-toc-link ez-toc-heading-1\" href=\"https:\/\/nutrident.fr\/es\/mordedor-para-bebe\/#%C2%BFCuales_son_las_ventajas_del_anillo_de_denticion\" title=\"\u00bfCu\u00e1les son las ventajas del anillo de dentici\u00f3n?\">\u00bfCu\u00e1les son las ventajas del anillo de dentici\u00f3n?<\/a><\/li><li class='ez-toc-page-1 ez-toc-heading-level-2'><a class=\"ez-toc-link ez-toc-heading-2\" href=\"https:\/\/nutrident.fr\/es\/mordedor-para-bebe\/#%C2%BFComo_son_los_mordedores\" title=\"\u00bfC\u00f3mo son los mordedores?\">\u00bfC\u00f3mo son los mordedores?<\/a><\/li><li class='ez-toc-page-1 ez-toc-heading-level-2'><a class=\"ez-toc-link ez-toc-heading-3\" href=\"https:\/\/nutrident.fr\/es\/mordedor-para-bebe\/#Los_mejores_de_anillos_de_denticion\" title=\"Los mejores de anillos de dentici\u00f3n\">Los mejores de anillos de dentici\u00f3n<\/a><\/li><li class='ez-toc-page-1 ez-toc-heading-level-2'><a class=\"ez-toc-link ez-toc-heading-4\" href=\"https:\/\/nutrident.fr\/es\/mordedor-para-bebe\/#Preguntas_frecuentes\" title=\"Preguntas frecuentes\">Preguntas frecuentes<\/a><\/li><\/ul><\/nav><\/div>\n<h2><span class=\"ez-toc-section\" id=\"%C2%BFCuales_son_las_ventajas_del_anillo_de_denticion\"><\/span>\u00bfCu\u00e1les son las ventajas del anillo de dentici\u00f3n?<span class=\"ez-toc-section-end\"><\/span><\/h2>\n\n\n\n<p>El anillo de dentici\u00f3n o mordedor ayuda al beb\u00e9 a <a href=\"https:\/\/nutrident.fr\/es\/cuidar-dientes-del-bebe\/\" target=\"_blank\" data-type=\"URL\" data-id=\"https:\/\/nutrident.fr\/es\/cuidar-dientes-del-bebe\/\" rel=\"noreferrer noopener\">aliviar el dolor<\/a> asociado a la erupci\u00f3n de los <a href=\"https:\/\/nutrident.fr\/es\/dientes-de-leche\/\" target=\"_blank\" data-type=\"URL\" data-id=\"https:\/\/nutrident.fr\/es\/dientes-de-leche\/\" rel=\"noreferrer noopener\">dientes de leche<\/a>. Este dolor proviene del efecto mec\u00e1nico que se produce en la mand\u00edbula, as\u00ed como del hecho de que la enc\u00eda se debe abrir para dar paso al diente.<\/p>\n\n\n\n<p>El mordedor est\u00e1 dise\u00f1ado para <strong>masajear la enc\u00eda<\/strong>, pero tambi\u00e9n para estimular la ruptura y luego ayudar a que salga el diente. Una vez perforada la enc\u00eda, el diente puede crecer libremente y el sufrimiento termina.<\/p>\n\n\n\n<p>Estos productos est\u00e1n hechos de un <strong>material suave y masticable<\/strong> que es seguro para la salud del beb\u00e9. No liberan ning\u00fan compuesto qu\u00edmico y no es probable que se rompan, por lo que el ni\u00f1o no correr\u00e1 el peligro de tragarse trozos y atragantarse con ellos.<\/p>\n\n\n\n<p>Por otra parte, el anillo de dentici\u00f3n es una buena herramienta para que el ni\u00f1o desarrolle su <strong>capacidad de prehensi\u00f3n y coordinaci\u00f3n<\/strong>. La guinda del pastel es que las formas y los colores del anillo despiertan su inter\u00e9s y sus sentidos.<\/p>\n\n\n\n<p>No hay contraindicaciones para usar un anillo de dentici\u00f3n. Sin embargo, si no proporciona un alivio suficiente, tambi\u00e9n puede ser necesario el uso de un <strong>gel analg\u00e9sico<\/strong>.<\/p>\n\n\n\n<h2><span class=\"ez-toc-section\" id=\"%C2%BFComo_son_los_mordedores\"><\/span>\u00bfC\u00f3mo son los mordedores?<span class=\"ez-toc-section-end\"><\/span><\/h2>\n\n\n\n<p>Un mordedor puede ser de silicona, caucho natural o madera org\u00e1nica. Los modelos tienen diversas formas (chupete, sonajero, manopla, etc.) para que puedas elegir el <strong>m\u00e1s adecuado en funci\u00f3n de la edad<\/strong> de tu hijo, el tama\u00f1o de su boca y su capacidad para sujetar objetos.<\/p>\n\n\n\n<p>Los modelos que se pueden refrigerar son m\u00e1s eficaces, ya que el fr\u00edo tiene un <strong>efecto anest\u00e9sico<\/strong>. Tambi\u00e9n es conveniente que tengan diferentes texturas (granos, crestas y relieves diversos) que permitan al ni\u00f1o elegir la m\u00e1s eficaz seg\u00fan el progreso de la ruptura de los dientes.<\/p>\n\n\n\n<h2><span class=\"ez-toc-section\" id=\"Los_mejores_de_anillos_de_denticion\"><\/span>Los mejores de anillos de dentici\u00f3n<span class=\"ez-toc-section-end\"><\/span><\/h2>\n\n\n\n<h3>Mordedor Sophie la Jirafa So'Pure<\/h3>\n\n\n\n<p>El mordedor de la eterna <a href=\"https:\/\/nutrident.fr\/es\/mordedor-sophie-la-jirafa\/\">jirafa Sophie<\/a> est\u00e1 formado por <strong>dos anillos con diferentes texturas<\/strong> (crestas y granos redondeados) y est\u00e1 hecho de caucho natural, que es muy suave y agradable al tacto. En su coloraci\u00f3n se utilizan productos que no tienen consecuencias negativas para la salud.<\/p>\n\n\n\n<p>Es <strong>f\u00e1cil de sostener<\/strong> y viene en dos versiones, una de las cuales es un modelo extrasuave. En cuanto al dise\u00f1o, llama la atenci\u00f3n la tierna jirafa que enamora a todos los ni\u00f1os.<\/p>\n\n\n\n<h3>\u00c1rboles de dentici\u00f3n<\/h3>\n\n\n<div class=\"wp-block-image\">\n<figure class=\"alignright size-medium\"><img width=\"300\" height=\"200\" src=\"https:\/\/nutrident.fr\/wp-content\/uploads\/2022\/06\/Depositphotos_214385838_S-300x200.jpg\" alt=\"anillo de dentici\u00f3n\" class=\"wp-image-13081\" srcset=\"https:\/\/nutrident.fr\/wp-content\/uploads\/2022\/06\/Depositphotos_214385838_S-300x200.jpg 300w, https:\/\/nutrident.fr\/wp-content\/uploads\/2022\/06\/Depositphotos_214385838_S-768x512.jpg 768w, https:\/\/nutrident.fr\/wp-content\/uploads\/2022\/06\/Depositphotos_214385838_S-254x169.jpg 254w, https:\/\/nutrident.fr\/wp-content\/uploads\/2022\/06\/Depositphotos_214385838_S.jpg 1000w\" sizes=\"(max-width: 300px) 100vw, 300px\" \/><figcaption>Hay muchos modelos de anillos de dentici\u00f3n<\/figcaption><\/figure><\/div>\n\n\n<p>Los <strong>mordedores en forma de \u00e1rbol<\/strong> son los m\u00e1s originales de estos productos. El dise\u00f1o es limpio, los colores son atractivos y est\u00e1n fabricados con una silicona muy suave. Son seguros de usar y f\u00e1ciles de agarrar por el tronco, sea cual sea la edad del ni\u00f1o.<\/p>\n\n\n\n<h3>Sonajero de dentici\u00f3n N\u00fbby<\/h3>\n\n\n\n<p>N\u00fbby ofrece un juego de <strong>tres llaves enlazadas a un anillo<\/strong>. Las llaves vienen en diferentes colores, formas y texturas, lo que tambi\u00e9n lo convierte en un juguete educativo. Es f\u00e1cil de sujetar y contiene el gel P\u00fbrIce, que no es t\u00f3xico y que mantiene el fr\u00edo mejor que los mordedores de agua.<\/p>\n\n\n\n<p>Este anillo <strong>no est\u00e1 recomendado para beb\u00e9s menores de 6 meses<\/strong> porque es demasiado grande para una boca peque\u00f1a.<\/p>\n\n\n\n<h3>Anillo de dentici\u00f3n Mam<\/h3>\n\n\n<div class=\"wp-block-image\">\n<figure class=\"alignright size-medium\"><img width=\"300\" height=\"214\" src=\"https:\/\/nutrident.fr\/wp-content\/uploads\/2022\/06\/Depositphotos_38119557_S-300x214.jpg\" alt=\"anillo de dentici\u00f3n mam\" class=\"wp-image-13086\" srcset=\"https:\/\/nutrident.fr\/wp-content\/uploads\/2022\/06\/Depositphotos_38119557_S-300x214.jpg 300w, https:\/\/nutrident.fr\/wp-content\/uploads\/2022\/06\/Depositphotos_38119557_S-768x548.jpg 768w, https:\/\/nutrident.fr\/wp-content\/uploads\/2022\/06\/Depositphotos_38119557_S-254x181.jpg 254w, https:\/\/nutrident.fr\/wp-content\/uploads\/2022\/06\/Depositphotos_38119557_S.jpg 1000w\" sizes=\"(max-width: 300px) 100vw, 300px\" \/><figcaption>Hay muchos anillos de dentici\u00f3n en el mercado para el mayor placer de los peque\u00f1os<\/figcaption><\/figure><\/div>\n\n\n<p><a href=\"https:\/\/nutrident.fr\/es\/mordedor-mam\/\" data-type=\"page\" data-id=\"17141\">Mam es otro mordedor<\/a> para refrigerar en la nevera. Su forma es m\u00e1s sencilla, pero tambi\u00e9n m\u00e1s sensata. La <strong>boquilla de tres puntas<\/strong> que rodea el anillo es lo suficientemente larga para llegar a la parte posterior de la boca y aliviar la presi\u00f3n de los premolares y molares.<\/p>\n\n\n\n<p>El anillo de dentici\u00f3n Mam es m\u00e1s adecuado para los<strong> beb\u00e9s m\u00e1s grandes<\/strong>, ya que las ramas son bastante anchas, pero tambi\u00e9n es adecuado para el crecimiento de los dientes posteriores.<\/p>\n\n\n\n<p>Sin embargo, el agua del anillo permanece fr\u00eda durante menos tiempo que los mordedores de gel como el de N\u00fbby.<\/p>\n\n\n\n<h3>Manopla de dentici\u00f3n para beb\u00e9s Mouthie Mitten<\/h3>\n\n\n\n<p>La manopla Mouthie ofrece una forma alternativa a los anillos de dentici\u00f3n que <strong>evita que los ni\u00f1os se lleven los dedos directamente a la boca<\/strong>. La forma de la manopla est\u00e1 bien pensada y los peque\u00f1os granos son eficaces para masajear las enc\u00edas.<\/p>\n\n\n\n<p>Las manoplas est\u00e1n hechas de algod\u00f3n y <strong>silicona apta para beb\u00e9s<\/strong> y puedes meterlas en la lavadora para asegurarte de que est\u00e1n limpias.<\/p>\n\n\n\n<h2><span class=\"ez-toc-section\" id=\"Preguntas_frecuentes\"><\/span>Preguntas frecuentes<span class=\"ez-toc-section-end\"><\/span><\/h2>\n\n\n<div id=\"rank-math-faq\" class=\"rank-math-block\">\n<div class=\"rank-math-list \">\n<div id=\"faq-question-1682597879343\" class=\"rank-math-list-item\">\n<h3 class=\"rank-math-question \">\u00bfA partir de qu\u00e9 edad se puede dar a un beb\u00e9 un anillo de dentici\u00f3n?<\/h3>\n<div class=\"rank-math-answer \">\n\n<p>Los primeros anillos de dentici\u00f3n son adecuados para beb\u00e9s de entre 3 y 6 meses y se pueden utilizar sin necesidad de usar las manos.<\/p>\n\n<\/div>\n<\/div>\n<div id=\"faq-question-1682597916584\" class=\"rank-math-list-item\">\n<h3 class=\"rank-math-question \">\u00bfCu\u00e1ndo se debe utilizar un anillo de dentici\u00f3n?<\/h3>\n<div class=\"rank-math-answer \">\n\n<p>Este objeto se puede comenzar a utilizar cuando aparezcan los primeros dientes ya que ayudar\u00e1 a aliviar el dolor que provoca la dentici\u00f3n.<\/p>\n\n<\/div>\n<\/div>\n<div id=\"faq-question-1682597974400\" class=\"rank-math-list-item\">\n<h3 class=\"rank-math-question \">\u00bfQu\u00e9 mordedor elegir?<\/h3>\n<div class=\"rank-math-answer \">\n\n<p>Hay muchos modelos en el mercado, pero el anillo de dentici\u00f3n que elijas debe ser adecuado para las necesidades de tu beb\u00e9. Algunos mordedores est\u00e1n dise\u00f1ados espec\u00edficamente para los beb\u00e9s que a\u00fan no pueden sostener objetos en sus manos, mientras que otros requieren que el beb\u00e9 pueda sujetarlos.<\/p>\n\n<\/div>\n<\/div>\n<\/div>\n<\/div><div class=\"article-data before-content\"><div class=\"article-data__date\"><div class=\"article-data__date-modified\"><time class=\"published\" datetime=\"2022-10-27T18:07:39+00:00\">This article was originally published on&nbsp;<span class=\"2\">octubre 27, 2022<\/span>&nbsp;and was most recently updated on&nbsp;<span>junio 13, 2023<\/span><\/time><br><\/div><\/div><\/div><div class=\"user-info\">    <div class=\"user-info__body\">\r\n      <div class=\"user-info__caption\"><span>Contributors:<\/span><\/div>\r\n\t\t\t        <div class=\"user-info__wrap \">\r\n          <div class=\"user-info__data\">\r\n            <div class=\"user-info__data__info\">\r\n              <div class=\"photo\">\r\n\t\t\t\t\t\t\t\t<img width=\"66\" height=\"61\" src=\"https:\/\/nutrident.fr\/wp-content\/uploads\/2023\/06\/unnamed-66x61.jpg\" class=\"attachment-profileImageAuthor size-profileImageAuthor wp-post-image\" alt=\"Dr Abel Jes\u00fas Pederzoli\" loading=\"lazy\" srcset=\"https:\/\/nutrident.fr\/wp-content\/uploads\/2023\/06\/unnamed-66x61.jpg 66w, https:\/\/nutrident.fr\/wp-content\/uploads\/2023\/06\/unnamed-300x279.jpg 300w, https:\/\/nutrident.fr\/wp-content\/uploads\/2023\/06\/unnamed-1024x952.jpg 1024w, https:\/\/nutrident.fr\/wp-content\/uploads\/2023\/06\/unnamed-768x714.jpg 768w, https:\/\/nutrident.fr\/wp-content\/uploads\/2023\/06\/unnamed-204x190.jpg 204w, https:\/\/nutrident.fr\/wp-content\/uploads\/2023\/06\/unnamed-120x112.jpg 120w, https:\/\/nutrident.fr\/wp-content\/uploads\/2023\/06\/unnamed.jpg 1125w\" sizes=\"(max-width: 66px) 100vw, 66px\" \/>              <\/div>\r\n              <a href=\"https:\/\/nutrident.fr\/es\/author\/dr-abel-jesus-pederzoli\/\" class=\"name\">Dr Abel Jes\u00fas Pederzoli<\/a>\r\n            <\/div>\r\n            <div class=\"user-info__data__social\">\r\n\t\t\t\t\t\t\t\t\t\t\t\t\t\t\t\t\t\t\t\t\t          <a href=\"https:\/\/clinicaleixample.es\/\"\r\n             class=\"soc-item website\">website<\/a>\r\n\t\t\t\t          <a href=\"http:\/\/linkedin.com\/in\/abel-jes%C3%BAs-pederzoli\"\r\n             class=\"soc-item linkedin\">linkedin<\/a>\r\n\t\t\t\t            <\/div>\r\n          <\/div>\r\n          <div class=\"user-info__description\">\r\n\t\t\t\t\t\t\t\t\t\t\t\t\t<p>Con t\u00edtulos obtenidos en la Facultad de Odontolog\u00eda de la Universidad Nacional de La Plata y una participaci\u00f3n activa en congresos y jornadas, el Dr. Pederzoli se mantiene actualizado en las \u00faltimas t\u00e9cnicas y avances en odontolog\u00eda. Actualmente se encuentra desarrollando un proyecto de consultor\u00eda tecnol\u00f3gica aplicada a cl\u00ednicas dentales.<\/p>\n\t\t\t\t\t\t          <\/div>\r\n        <\/div>\r\n\t\t\t\t    <\/div>\r\n\t<\/div>","protected":false},"excerpt":{"rendered":"<p>Contributor:&nbsp; Dr Abel Jes\u00fas Pederzoli Updated:&nbsp;junio 13, 2023 Los primeros dientes de leche provocan dolor y molestias en el beb\u00e9, pero afortunadamente hay un producto dise\u00f1ado para aliviarlo: el mordedor o anillo de dentici\u00f3n. Este juguete ayuda a masajear las enc\u00edas, a la vez que estimula el crecimiento y, por tanto, el avance del diente. [&hellip;]<\/p>\n","protected":false},"author":2,"featured_media":16877,"parent":0,"menu_order":0,"comment_status":"open","ping_status":"open","template":"","meta":{"inline_featured_image":false},"acf":[],"_links":{"self":[{"href":"https:\/\/nutrident.fr\/es\/wp-json\/wp\/v2\/pages\/16875"}],"collection":[{"href":"https:\/\/nutrident.fr\/es\/wp-json\/wp\/v2\/pages"}],"about":[{"href":"https:\/\/nutrident.fr\/es\/wp-json\/wp\/v2\/types\/page"}],"author":[{"embeddable":true,"href":"https:\/\/nutrident.fr\/es\/wp-json\/wp\/v2\/users\/2"}],"replies":[{"embeddable":true,"href":"https:\/\/nutrident.fr\/es\/wp-json\/wp\/v2\/comments?post=16875"}],"version-history":[{"count":11,"href":"https:\/\/nutrident.fr\/es\/wp-json\/wp\/v2\/pages\/16875\/revisions"}],"predecessor-version":[{"id":21891,"href":"https:\/\/nutrident.fr\/es\/wp-json\/wp\/v2\/pages\/16875\/revisions\/21891"}],"wp:featuredmedia":[{"embeddable":true,"href":"https:\/\/nutrident.fr\/es\/wp-json\/wp\/v2\/media\/16877"}],"wp:attachment":[{"href":"https:\/\/nutrident.fr\/es\/wp-json\/wp\/v2\/media?parent=16875"}],"curies":[{"name":"wp","href":"https:\/\/api.w.org\/{rel}","templated":true}]}}