

{"id":16882,"date":"2022-10-28T10:23:47","date_gmt":"2022-10-28T10:23:47","guid":{"rendered":"https:\/\/nutrident.fr\/?page_id=16882"},"modified":"2023-06-26T10:13:04","modified_gmt":"2023-06-26T10:13:04","slug":"beneficios-vino-tinto-en-encias","status":"publish","type":"page","link":"https:\/\/nutrident.fr\/es\/beneficios-vino-tinto-en-encias\/","title":{"rendered":"Los sorprendentes beneficios del vino tinto sobre la salud dental y las enc\u00edas"},"content":{"rendered":"<div class=\"meta\"><div class=\"meta__users\">    <div class=\"meta__users__reviewed\">\r\n      <p class=\"meta__users__caption\">Contributor:&nbsp;<\/p>\r\n      <div class=\"users\">\r\n        <span class=\"users__user\">\r\n          <a href=\"#\">Dr Abel Jes\u00fas Pederzoli<\/a>\r\n        <\/span>\r\n      <\/div>\r\n    <\/div>\r\n\t<\/div><div class=\"meta__date-modified\">Updated:&nbsp;<span>junio 26, 2023<\/span><\/div><\/div><div class=\"wp-block-image\">\n<figure class=\"alignright size-medium\"><img width=\"300\" height=\"200\" src=\"https:\/\/nutrident.fr\/wp-content\/uploads\/2022\/06\/Depositphotos_383586526_S-300x200.jpg\" alt=\"vino tinto y salud dental\" class=\"wp-image-13046\" srcset=\"https:\/\/nutrident.fr\/wp-content\/uploads\/2022\/06\/Depositphotos_383586526_S-300x200.jpg 300w, https:\/\/nutrident.fr\/wp-content\/uploads\/2022\/06\/Depositphotos_383586526_S-768x512.jpg 768w, https:\/\/nutrident.fr\/wp-content\/uploads\/2022\/06\/Depositphotos_383586526_S-254x169.jpg 254w, https:\/\/nutrident.fr\/wp-content\/uploads\/2022\/06\/Depositphotos_383586526_S.jpg 1000w\" sizes=\"(max-width: 300px) 100vw, 300px\" \/><figcaption>\u00bfPor qu\u00e9 el vino tinto es bueno para la salud bucodental?<\/figcaption><\/figure><\/div>\n\n\n<p>El vino es una bebida alcoh\u00f3lica apreciada por su sabor, sus aromas y sus cualidades culinarias. Sin embargo, numerosos estudios cient\u00edficos indican que el vino tinto tambi\u00e9n puede ofrecer beneficios para la salud dental y de las enc\u00edas gracias a sus propiedades antibacterianas y antiinflamatorias.<\/p>\n\n\n\n<p>En este art\u00edculo, exploraremos las propiedades del vino que lo convierten en un buen aliado de la salud dental y cu\u00e1les son los beneficios que ofrece esta bebida.<\/p>\n\n\n\n<h2>El vino tinto y la salud dental<\/h2>\n\n\n\n<p>Numerosos estudios cient\u00edficos parecen indicar que los polifenoles presentes en el vino tinto pueden ayudar a <strong>combatir las enfermedades card\u00edacas y neurol\u00f3gicas<\/strong>, adem\u00e1s de contener propiedades anticancer\u00edgenas.<\/p>\n\n\n\n<p>Cuando se consume con moderaci\u00f3n, esta bebida alcoh\u00f3lica puede ser buena para el coraz\u00f3n, el cerebro e incluso los dientes y las enc\u00edas. En concreto, el vino tinto puede ayudar a <strong>reducir las bacterias orales<\/strong> responsables de la formaci\u00f3n de la periodontitis, la caries y la placa dental.<\/p>\n\n\n\n<p>La <a href=\"https:\/\/pubs.acs.org\/doi\/10.1021\/acs.jafc.7b05466\" target=\"_blank\" rel=\"noreferrer noopener\">revista Journal of Agricultural and Food Chemistry<\/a> public\u00f3 un estudio dirigido por investigadores espa\u00f1oles en el que se utilizaron compuestos fen\u00f3licos derivados de la uva (presentes en el vino) para inhibir la adhesi\u00f3n de las bacterias orales. El estudio concluye que los polifenoles tienen el potencial de <strong>prevenir enfermedades bucales<\/strong> como la caries y las <a href=\"https:\/\/nutrident.fr\/es\/periodontitis\/\" target=\"_blank\" data-type=\"URL\" data-id=\"https:\/\/nutrident.fr\/es\/periodontitis\/\" rel=\"noreferrer noopener\">enfermedades de las enc\u00edas<\/a>.<\/p>\n\n\n\n<h2>Los beneficios del vino tinto en los dientes y las enc\u00edas<\/h2>\n\n\n<div class=\"wp-block-image\">\n<figure class=\"alignright size-medium\"><img width=\"300\" height=\"242\" src=\"https:\/\/nutrident.fr\/wp-content\/uploads\/2022\/06\/Depositphotos_86822540_S-300x242.jpg\" alt=\"vino tinto y encias\" class=\"wp-image-13050\" srcset=\"https:\/\/nutrident.fr\/wp-content\/uploads\/2022\/06\/Depositphotos_86822540_S-300x242.jpg 300w, https:\/\/nutrident.fr\/wp-content\/uploads\/2022\/06\/Depositphotos_86822540_S-768x621.jpg 768w, https:\/\/nutrident.fr\/wp-content\/uploads\/2022\/06\/Depositphotos_86822540_S-235x190.jpg 235w, https:\/\/nutrident.fr\/wp-content\/uploads\/2022\/06\/Depositphotos_86822540_S.jpg 1000w\" sizes=\"(max-width: 300px) 100vw, 300px\" \/><figcaption>Los polifenoles tienen propiedades antioxidantes<\/figcaption><\/figure><\/div>\n\n\n<p>Los polifenoles presentes en el vino tinto pueden ayudar a <strong>prevenir la aparici\u00f3n de caries<\/strong>, de la placa dental y de ciertas enfermedades que afectan a las enc\u00edas al bloquear el proceso de adhesi\u00f3n bacteriana a las c\u00e9lulas bucales.<\/p>\n\n\n\n<p>Por otro lado, el vino cuenta con <strong>propiedades antiinflamatorias<\/strong> y antioxidantes que pueden ayudar a reducir la <a href=\"https:\/\/nutrident.fr\/es\/inflamacion-de-encias\/\" target=\"_blank\" data-type=\"URL\" data-id=\"https:\/\/nutrident.fr\/es\/inflamacion-de-encias\/\" rel=\"noreferrer noopener\">inflamaci\u00f3n de las enc\u00edas<\/a> y controlar la enfermedad periodontal.<\/p>\n\n\n\n<p>Otro de los beneficios que ofrece el consumo moderado de vino es que esta bebida estimula la <a href=\"https:\/\/nutrident.fr\/es\/boca-seca\/\" target=\"_blank\" data-type=\"URL\" data-id=\"https:\/\/nutrident.fr\/es\/boca-seca\/\" rel=\"noreferrer noopener\">producci\u00f3n de saliva<\/a>, la cual juega un papel fundamental en la salud dental, ya que ayuda a remineralizar los dientes y a neutralizar los \u00e1cidos producidos por las bacterias.<\/p>\n\n\n\n<p>No obstante, es importante tener en cuenta que el consumo moderado de vino tinto debe ir acompa\u00f1ado de una <a href=\"https:\/\/nutrident.fr\/es\/cepillarse-correctamente-los-dientes\/\" target=\"_blank\" data-type=\"URL\" data-id=\"https:\/\/nutrident.fr\/es\/cepillarse-correctamente-los-dientes\/\" rel=\"noreferrer noopener\">buena higiene bucal<\/a> para poder ofrecer beneficios. Adem\u00e1s, es importante mencionar que el <strong>consumo excesivo<\/strong> de esta bebida alcoh\u00f3lica puede tener un <strong>efecto negativo<\/strong> en la salud dental, ya que puede <a href=\"https:\/\/nutrident.fr\/es\/manchas-negras-en-los-dientes\/\" target=\"_blank\" data-type=\"URL\" data-id=\"https:\/\/nutrident.fr\/es\/manchas-negras-en-los-dientes\/\" rel=\"noreferrer noopener\">manchar los dientes<\/a>, desgastar el esmalte y provocar sensibilidad dental.<\/p>\n<div class=\"article-data before-content\"><div class=\"article-data__date\"><div class=\"article-data__date-modified\"><time class=\"published\" datetime=\"2022-10-28T10:23:47+00:00\">This article was originally published on&nbsp;<span class=\"2\">octubre 28, 2022<\/span>&nbsp;and was most recently updated on&nbsp;<span>junio 26, 2023<\/span><\/time><br><\/div><\/div><\/div><div class=\"user-info\">    <div class=\"user-info__body\">\r\n      <div class=\"user-info__caption\"><span>Contributors:<\/span><\/div>\r\n\t\t\t        <div class=\"user-info__wrap \">\r\n          <div class=\"user-info__data\">\r\n            <div class=\"user-info__data__info\">\r\n              <div class=\"photo\">\r\n\t\t\t\t\t\t\t\t<img width=\"66\" height=\"61\" src=\"https:\/\/nutrident.fr\/wp-content\/uploads\/2023\/06\/unnamed-66x61.jpg\" class=\"attachment-profileImageAuthor size-profileImageAuthor wp-post-image\" alt=\"Dr Abel Jes\u00fas Pederzoli\" loading=\"lazy\" srcset=\"https:\/\/nutrident.fr\/wp-content\/uploads\/2023\/06\/unnamed-66x61.jpg 66w, https:\/\/nutrident.fr\/wp-content\/uploads\/2023\/06\/unnamed-300x279.jpg 300w, https:\/\/nutrident.fr\/wp-content\/uploads\/2023\/06\/unnamed-1024x952.jpg 1024w, https:\/\/nutrident.fr\/wp-content\/uploads\/2023\/06\/unnamed-768x714.jpg 768w, https:\/\/nutrident.fr\/wp-content\/uploads\/2023\/06\/unnamed-204x190.jpg 204w, https:\/\/nutrident.fr\/wp-content\/uploads\/2023\/06\/unnamed-120x112.jpg 120w, https:\/\/nutrident.fr\/wp-content\/uploads\/2023\/06\/unnamed.jpg 1125w\" sizes=\"(max-width: 66px) 100vw, 66px\" \/>              <\/div>\r\n              <a href=\"https:\/\/nutrident.fr\/es\/author\/dr-abel-jesus-pederzoli\/\" class=\"name\">Dr Abel Jes\u00fas Pederzoli<\/a>\r\n            <\/div>\r\n            <div class=\"user-info__data__social\">\r\n\t\t\t\t\t\t\t\t\t\t\t\t\t\t\t\t\t\t\t\t\t          <a href=\"https:\/\/clinicaleixample.es\/\"\r\n             class=\"soc-item website\">website<\/a>\r\n\t\t\t\t          <a href=\"http:\/\/linkedin.com\/in\/abel-jes%C3%BAs-pederzoli\"\r\n             class=\"soc-item linkedin\">linkedin<\/a>\r\n\t\t\t\t            <\/div>\r\n          <\/div>\r\n          <div class=\"user-info__description\">\r\n\t\t\t\t\t\t\t\t\t\t\t\t\t<p>Con t\u00edtulos obtenidos en la Facultad de Odontolog\u00eda de la Universidad Nacional de La Plata y una participaci\u00f3n activa en congresos y jornadas, el Dr. Pederzoli se mantiene actualizado en las \u00faltimas t\u00e9cnicas y avances en odontolog\u00eda. Actualmente se encuentra desarrollando un proyecto de consultor\u00eda tecnol\u00f3gica aplicada a cl\u00ednicas dentales.<\/p>\n\t\t\t\t\t\t          <\/div>\r\n        <\/div>\r\n\t\t\t\t    <\/div>\r\n\t<\/div><!--copyscapeskip--><div class=\"medical_references\"><div class=\"medical_references__heading\"><span>Fuentes M\u00e9dicas<\/span><\/div><div class=\"medical_references__list\"><p><strong>ACS Publications<\/strong>: <a href=\"https:\/\/pubs.acs.org\/doi\/10.1021\/acs.jafc.7b05466\" target=\"_blank\" rel=\"noopener\">Inhibition of Oral Pathogens Adhesion to Human Gingival Fibroblasts by Wine Polyphenols Alone and in Combination with an Oral Probiotic<\/a>. Consultado el 26 de junio de 2023.<\/p>\n<p><strong>Healthline:<\/strong> <a href=\"https:\/\/www.healthline.com\/health-news\/red-wine-can-help-protect-your-teeth\" target=\"_blank\" rel=\"noopener\">Another Benefit for Red Wine: It Can Help Protect Your Teeth<\/a>. Consultado el 26 de junio de 2023.<\/p>\n<\/div><\/div><!--\/copyscapeskip-->","protected":false},"excerpt":{"rendered":"<p>Contributor:&nbsp; Dr Abel Jes\u00fas Pederzoli Updated:&nbsp;junio 26, 2023 El vino es una bebida alcoh\u00f3lica apreciada por su sabor, sus aromas y sus cualidades culinarias. Sin embargo, numerosos estudios cient\u00edficos indican que el vino tinto tambi\u00e9n puede ofrecer beneficios para la salud dental y de las enc\u00edas gracias a sus propiedades antibacterianas y antiinflamatorias. En este [&hellip;]<\/p>\n","protected":false},"author":2,"featured_media":16883,"parent":0,"menu_order":0,"comment_status":"open","ping_status":"open","template":"","meta":{"inline_featured_image":false},"acf":[],"_links":{"self":[{"href":"https:\/\/nutrident.fr\/es\/wp-json\/wp\/v2\/pages\/16882"}],"collection":[{"href":"https:\/\/nutrident.fr\/es\/wp-json\/wp\/v2\/pages"}],"about":[{"href":"https:\/\/nutrident.fr\/es\/wp-json\/wp\/v2\/types\/page"}],"author":[{"embeddable":true,"href":"https:\/\/nutrident.fr\/es\/wp-json\/wp\/v2\/users\/2"}],"replies":[{"embeddable":true,"href":"https:\/\/nutrident.fr\/es\/wp-json\/wp\/v2\/comments?post=16882"}],"version-history":[{"count":20,"href":"https:\/\/nutrident.fr\/es\/wp-json\/wp\/v2\/pages\/16882\/revisions"}],"predecessor-version":[{"id":22246,"href":"https:\/\/nutrident.fr\/es\/wp-json\/wp\/v2\/pages\/16882\/revisions\/22246"}],"wp:featuredmedia":[{"embeddable":true,"href":"https:\/\/nutrident.fr\/es\/wp-json\/wp\/v2\/media\/16883"}],"wp:attachment":[{"href":"https:\/\/nutrident.fr\/es\/wp-json\/wp\/v2\/media?parent=16882"}],"curies":[{"name":"wp","href":"https:\/\/api.w.org\/{rel}","templated":true}]}}