

{"id":16885,"date":"2022-10-28T10:24:17","date_gmt":"2022-10-28T10:24:17","guid":{"rendered":"https:\/\/nutrident.fr\/?page_id=16885"},"modified":"2023-06-29T11:00:25","modified_gmt":"2023-06-29T11:00:25","slug":"salud-para-mayores","status":"publish","type":"page","link":"https:\/\/nutrident.fr\/es\/salud-para-mayores\/","title":{"rendered":"Seguro dental para personas mayores: c\u00f3mo proteger la salud en la tercera edad"},"content":{"rendered":"<div class=\"meta\"><div class=\"meta__users\">    <div class=\"meta__users__reviewed\">\r\n      <p class=\"meta__users__caption\">Contributor:&nbsp;<\/p>\r\n      <div class=\"users\">\r\n        <span class=\"users__user\">\r\n          <a href=\"#\">Dr Abel Jes\u00fas Pederzoli<\/a>\r\n        <\/span>\r\n      <\/div>\r\n    <\/div>\r\n\t<\/div><div class=\"meta__date-modified\">Updated:&nbsp;<span>junio 29, 2023<\/span><\/div><\/div><div class=\"wp-block-image\">\n<figure class=\"alignright size-medium\"><img width=\"300\" height=\"200\" src=\"https:\/\/nutrident.fr\/wp-content\/uploads\/2022\/07\/senior-300x200.jpg\" alt=\"seguro m\u00e9dico para mayores\" class=\"wp-image-13690\" srcset=\"https:\/\/nutrident.fr\/wp-content\/uploads\/2022\/07\/senior-300x200.jpg 300w, https:\/\/nutrident.fr\/wp-content\/uploads\/2022\/07\/senior-768x512.jpg 768w, https:\/\/nutrident.fr\/wp-content\/uploads\/2022\/07\/senior-254x169.jpg 254w, https:\/\/nutrident.fr\/wp-content\/uploads\/2022\/07\/senior.jpg 1024w\" sizes=\"(max-width: 300px) 100vw, 300px\" \/><figcaption>A medida que envejecemos, es importante estar bien cubiertos, especialmente en lo que respecta a la atenci\u00f3n dental<\/figcaption><\/figure><\/div>\n\n\n<p>La seguridad social en Espa\u00f1a cubre muy pocos tratamientos odontol\u00f3gicos y no cuenta con un plan espec\u00edfico para las personas mayores o ancianos. Esto puede variar dependiendo de la Comunidad Aut\u00f3noma, pero en general los servicios gratuitos m\u00e1s extensivos est\u00e1n reservados para los ni\u00f1os y adolescentes \u00fanicamente.<\/p>\n\n\n\n<p>En este art\u00edculo, hablaremos sobre los tratamientos dentales que cubren los seguros dentales para adultos mayores y c\u00f3mo elegir el mejor seguro m\u00e9dico con cobertura dental a medida que envejecemos.<\/p>\n\n\n\n<div id=\"ez-toc-container\" class=\"ez-toc-v2_0_33_2 counter-hierarchy ez-toc-counter ez-toc-white ez-toc-container-direction\">\n<div class=\"ez-toc-title-container\">\n<p class=\"ez-toc-title\">Contenus<\/p>\n<span class=\"ez-toc-title-toggle\"><a href=\"#\" class=\"ez-toc-pull-right ez-toc-btn ez-toc-btn-xs ez-toc-btn-default ez-toc-toggle\" style=\"display: none;\"><label for=\"item\" aria-label=\"Tabla de contenidos\"><i class=\"ez-toc-glyphicon ez-toc-icon-toggle\"><\/i><\/label><input type=\"checkbox\" id=\"item\"><\/a><\/span><\/div>\n<nav><ul class='ez-toc-list ez-toc-list-level-1'><li class='ez-toc-page-1 ez-toc-heading-level-2'><a class=\"ez-toc-link ez-toc-heading-1\" href=\"https:\/\/nutrident.fr\/es\/salud-para-mayores\/#%C2%BFQue_es_el_seguro_dental_para_personas_mayores\" title=\"\u00bfQu\u00e9 es el seguro dental para personas mayores?\">\u00bfQu\u00e9 es el seguro dental para personas mayores?<\/a><\/li><li class='ez-toc-page-1 ez-toc-heading-level-2'><a class=\"ez-toc-link ez-toc-heading-2\" href=\"https:\/\/nutrident.fr\/es\/salud-para-mayores\/#%C2%BFComo_elegir_un_seguro_medico_complementario_para_personas_mayores\" title=\"\u00bfC\u00f3mo elegir un seguro m\u00e9dico complementario para personas mayores?\">\u00bfC\u00f3mo elegir un seguro m\u00e9dico complementario para personas mayores?<\/a><\/li><li class='ez-toc-page-1 ez-toc-heading-level-2'><a class=\"ez-toc-link ez-toc-heading-3\" href=\"https:\/\/nutrident.fr\/es\/salud-para-mayores\/#Preguntas_frecuentes\" title=\"Preguntas frecuentes\">Preguntas frecuentes<\/a><\/li><\/ul><\/nav><\/div>\n<h2><span class=\"ez-toc-section\" id=\"%C2%BFQue_es_el_seguro_dental_para_personas_mayores\"><\/span>\u00bfQu\u00e9 es el seguro dental para personas mayores?<span class=\"ez-toc-section-end\"><\/span><\/h2>\n\n\n\n<p>Las mutuas de salud dental para adultos mayores ofrecen contratos espec\u00edficos para personas mayores de 55 a\u00f1os y toman en cuenta el aumento de los cuidados con la edad y la importancia del tratamiento dental en esta etapa de la vida.<\/p>\n\n\n\n<h3>Cuidados espec\u00edficos cubiertos por el seguro m\u00e9dico para personas mayores<\/h3>\n\n\n\n<p>El seguro m\u00e9dico para personas mayores ofrece caracter\u00edsticas espec\u00edficas que corresponden a las patolog\u00edas que se multiplican con la edad. Los costes dentales forman parte de los tratamientos cubiertos y pueden incluir la <strong>sustituci\u00f3n de los dientes<\/strong> con <a href=\"https:\/\/nutrident.fr\/es\/dentaduras-postizas-fijas-y-removibles\/\" target=\"_blank\" data-type=\"URL\" data-id=\"https:\/\/nutrident.fr\/es\/dentaduras-postizas-fijas-y-removibles\/\" rel=\"noreferrer noopener\">pr\u00f3tesis<\/a>: coronas, pr\u00f3tesis parciales o completas, implantes, pernos, etc.<\/p>\n\n\n\n<p>En algunos casos es posible elegir un seguro dental espec\u00edfico sin necesidad de contratar todos los servicios m\u00e9dicos de un seguro de salud completo. Este es el caso de DKV, por ejemplo, que ofrece un seguro dental bastante completo y sin l\u00edmite de edad.<\/p>\n\n\n\n<p>Tambi\u00e9n es posible contratar una p\u00f3liza espec\u00edfica para personas mayores que incluya tratamientos dentales. Sanitas, por ejemplo, ofrece la p\u00f3liza Sanitas M\u00e1s Vital para personas mayores de sesenta a\u00f1os que incluye m\u00e1s de treinta servicios dentales y descuentos de hasta el 21% en el resto de los tratamientos.<\/p>\n\n\n\n<p>Adeslas tambi\u00e9n ofrece una mutua para adultos mayores de 55 a\u00f1os que incluye la cobertura de pr\u00f3tesis e implantes. No obstante, es importante leer cuidadosamente las condiciones del contrato, la modalidad (sin copago o con copago) y todo lo que incluye tu p\u00f3liza antes de firmar cualquier papel.<\/p>\n\n\n\n<h2><span class=\"ez-toc-section\" id=\"%C2%BFComo_elegir_un_seguro_medico_complementario_para_personas_mayores\"><\/span>\u00bfC\u00f3mo elegir un seguro m\u00e9dico complementario para personas mayores?<span class=\"ez-toc-section-end\"><\/span><\/h2>\n\n\n\n<p>Existen muchos tipos de seguros m\u00e9dicos para personas mayores y los ofrecen una gran variedad de aseguradoras. Es importante hacer tu elecci\u00f3n con cuidado: no te limites a comparar las tarifas, sino que debes fijarte en todos asteriscos, que suelen referirse a <strong>las exclusiones<\/strong>, y poner especial atenci\u00f3n a la \u00abletra peque\u00f1a\u00bb<\/p>\n\n\n<div class=\"wp-block-image\">\n<figure class=\"alignright size-medium\"><img width=\"300\" height=\"200\" src=\"https:\/\/nutrident.fr\/wp-content\/uploads\/2022\/07\/Depositphotos_46206473_m-2015-300x200.jpg\" alt=\"seguro dental para personas mayores ancianos tercera edad\" class=\"wp-image-13693\" srcset=\"https:\/\/nutrident.fr\/wp-content\/uploads\/2022\/07\/Depositphotos_46206473_m-2015-300x200.jpg 300w, https:\/\/nutrident.fr\/wp-content\/uploads\/2022\/07\/Depositphotos_46206473_m-2015-768x512.jpg 768w, https:\/\/nutrident.fr\/wp-content\/uploads\/2022\/07\/Depositphotos_46206473_m-2015-254x169.jpg 254w, https:\/\/nutrident.fr\/wp-content\/uploads\/2022\/07\/Depositphotos_46206473_m-2015.jpg 1000w\" sizes=\"(max-width: 300px) 100vw, 300px\" \/><figcaption>Elegir una mutua para mayores no siempre es f\u00e1cil<\/figcaption><\/figure><\/div>\n\n\n<p><strong>Un precio demasiado bajo resulta sospechoso<\/strong>. Puede parecer estupendo no gastar mucho en un seguro, pero cuando llegue el d\u00eda en que necesites usar tu seguro m\u00e9dico, puede que tu tratamiento no est\u00e9 cubierto o tengas que pagar una parte de los costes de tu bolsillo. Despu\u00e9s de todo, los seguros m\u00e9dicos son un negocio y c\u00f3mo tal necesitan hacer dinero, as\u00ed que ten mucho cuidado al elegir una aseguradora y una p\u00f3liza espec\u00edfica.<\/p>\n\n\n\n<p id=\"comparateur\">Puedes ayudarte de los comparadores que existen en internet para saber cu\u00e1l es la mejor mutua para la tercera edad, pero, de nuevo, no todos son fiables y no es f\u00e1cil conocer los criterios en los que basan su evaluaci\u00f3n.<\/p>\n\n\n\n<div class=\"wp-block-greentreelabs-post-snippets-block\"><div class=\"sante-comparadise-iframe\">\n<div\n  id=\"sante_nutrident\"\n  data-code=\"PARTSANTENUTRID22\"\n  data-comparateur=\"comparateur\/assurance-sante-768b7446-1716-453a-ab12-41dec3cea7f5\"\n  data-utm_source=\"sante_nutrident\"\n  data-utm_campaign=\"sante_nutrident\"\n  data-utm_term=\"nothing\"\n  data-utm_medium=\"partenariat\"\n  data-site_identifier=\"dent\">\n<\/div>\n<\/div>\n\n<script>\n\n\ndocument.addEventListener('DOMContentLoaded', function () {\nwindow.setTimeout(function() {\n    window.ComparadiseApplicationConfiguration = {\n    autoMount: true,\n    elementId: 'sante_nutrident'\n  }\nvar tagSante = document.createElement(\"script\");\n tagSante.src = \"https:\/\/tools.comparadise.tech\/iframe-wrapper.js\";\n document.getElementsByTagName(\"footer\")[0].appendChild(tagSante);\n}, 2000);\n \n}, false);\n\n<\/script>\n\n<style>\n.sante-comparadise-iframe {\nmargin: 0 auto;\nmax-width: 767px;\n}\n<\/style><\/div>\n\n\n\n<h3>El per\u00edodo de carencia<\/h3>\n\n\n\n<p>El periodo de carencia es el tiempo durante el cual la compa\u00f1\u00eda de seguros <strong>no pagar\u00e1 tu atenci\u00f3n m\u00e9dica <\/strong>y suele ser de tres a seis meses desde que empieza el contrato. Algunos seguros ofrecen contratos sin periodo de carencia o lo limitan a ciertos procedimientos y tratamientos.<\/p>\n\n\n\n<h3>El cuestionario m\u00e9dico<\/h3>\n\n\n\n<p>Algunos reg\u00edmenes de seguro de enfermedad para mayores requieren someterse a un examen m\u00e9dico. Si tienes algunos problemas de salud, es probable que <strong>tu prima aumente<\/strong> considerablemente. Comprueba las condiciones de esta revisi\u00f3n, ya que puede ser una forma de aumentar el coste de tu p\u00f3liza a\u00f1o tras a\u00f1o.<\/p>\n\n\n\n<h3>Copago o sin copago<\/h3>\n\n\n\n<p>Las mutuas de seguros suelen ofrecer dos tipos de contratos, con o sin copago. Una p\u00f3liza sin copagos quiere decir que la aseguradora <strong>asumir\u00e1 el coste completo<\/strong> de todos los tratamientos incluidos en el contrato. Por el contrario, una p\u00f3liza con copagos significa que parte de los costes ser\u00e1n asumidos por el asegurado, quien tendr\u00e1 que pagarlos de su bolsillo.<\/p>\n\n\n\n<h3>Fidelidad a largo plazo<\/h3>\n\n\n<p>El periodo de carencia y el cuestionario m\u00e9dico son puntos especialmente importantes en los contratos de seguros. Las mutuas de seguros de salud para personas mayores pueden ofrecer contratos que aumentan la tasa de reembolso a lo largo de los a\u00f1os, para premiar la fidelidad.<\/p>\n<p><!-- \/wp:image --><\/p>\n<p><!-- wp:paragraph --><\/p>\n<p><!-- \/wp:paragraph --><\/p>\n<p><!-- wp:heading {\"level\":3} --><\/p>\n<h3>Edad<\/h3>\n<p><!-- \/wp:heading --><\/p>\n<p><!-- wp:paragraph --><\/p>\n<p>Las mutuas de seguros suelen fijar sus tarifas en funci\u00f3n de la edad. Algunas p\u00f3lizas cuentan con un <strong>l\u00edmite de edad<\/strong> o reducen los tratamientos cubiertos cuando se supera cierta edad. Otras compa\u00f1\u00edas no establecen un l\u00edmite de edad para sus p\u00f3lizas o cuentan con p\u00f3lizas espec\u00edficas para cubrir las necesidades de las personas mayores.<\/p>\n<p><!-- \/wp:paragraph --><\/p>\n<p><!-- wp:heading {\"level\":3} --><\/p>\n<p><!-- \/wp:paragraph --><\/p>\n<p><!-- wp:heading {\"level\":3} --><\/p>\n<p><!-- \/wp:heading --><\/p>\n<p><!-- wp:paragraph --><\/p>\n<p><!-- \/wp:paragraph --><\/p>\n<p><!-- wp:paragraph --><\/p>\n<p><!-- \/wp:paragraph --><\/p>\n<p><!-- wp:paragraph --><\/p>\n<p><!-- \/wp:paragraph --><\/p>\n<p><!-- wp:heading --><\/p>\n<p><!-- \/wp:heading --><\/p>\n<p><!-- wp:heading --><\/p>\n<p><!-- \/wp:heading --><\/p>\n<p><!-- wp:paragraph --><\/p>\n<p><!-- \/wp:paragraph --><\/p>\n<p><!-- wp:heading --><\/p>\n<p><!-- \/wp:heading --><\/p>\n<p><!-- wp:paragraph --><\/p>\n<p><!-- \/wp:paragraph --><\/p>\n\n<!-- wp:heading -->\n<h2><span class=\"ez-toc-section\" id=\"Preguntas_frecuentes\"><\/span>Preguntas frecuentes<span class=\"ez-toc-section-end\"><\/span><\/h2>\n<!-- \/wp:heading -->\n\n<!-- wp:rank-math\/faq-block {\"questions\":[{\"id\":\"faq-question-1688035648107\",\"title\":\"\u00bfCu\u00e1l es la edad ideal para contratar un seguro para la tercera edad?\",\"content\":\"No existe una edad \\u0022ideal\\u0022 para contratar una p\u00f3liza de seguro m\u00e9dico para mayores, pero la jubilaci\u00f3n suele ser un momento crucial para reconsiderar tus necesidades sanitarias.\",\"visible\":true},{\"id\":\"faq-question-1688035670657\",\"title\":\"\u00bfQu\u00e9 debe cubrir un buen seguro m\u00e9dico complementario para personas mayores?\",\"content\":\"Los servicios m\u00e1s importantes para las personas mayores suelen ser los tratamientos dentales, especialmente las pr\u00f3tesis, adem\u00e1s de los tratamientos \u00f3pticos, auditivos y la atenci\u00f3n domiciliaria.\",\"visible\":true}]} -->\n<div class=\"wp-block-rank-math-faq-block\"><div class=\"rank-math-faq-item\"><h3 class=\"rank-math-question\">\u00bfCu\u00e1l es la edad ideal para contratar un seguro para la tercera edad?<\/h3><div class=\"rank-math-answer\">No existe una edad \u00abideal\u00bb para contratar una p\u00f3liza de seguro m\u00e9dico para mayores, pero la jubilaci\u00f3n suele ser un momento crucial para reconsiderar tus necesidades sanitarias.<\/div><\/div><div class=\"rank-math-faq-item\"><h3 class=\"rank-math-question\">\u00bfQu\u00e9 debe cubrir un buen seguro m\u00e9dico complementario para personas mayores?<\/h3><div class=\"rank-math-answer\">Los servicios m\u00e1s importantes para las personas mayores suelen ser los tratamientos dentales, especialmente las pr\u00f3tesis, adem\u00e1s de los tratamientos \u00f3pticos, auditivos y la atenci\u00f3n domiciliaria.<\/div><\/div><\/div>\n<!-- \/wp:rank-math\/faq-block --><div class=\"article-data before-content\"><div class=\"article-data__date\"><div class=\"article-data__date-modified\"><time class=\"published\" datetime=\"2022-10-28T10:24:17+00:00\">This article was originally published on&nbsp;<span class=\"2\">octubre 28, 2022<\/span>&nbsp;and was most recently updated on&nbsp;<span>junio 29, 2023<\/span><\/time><br><\/div><\/div><\/div><div class=\"user-info\">    <div class=\"user-info__body\">\r\n      <div class=\"user-info__caption\"><span>Contributors:<\/span><\/div>\r\n\t\t\t        <div class=\"user-info__wrap \">\r\n          <div class=\"user-info__data\">\r\n            <div class=\"user-info__data__info\">\r\n              <div class=\"photo\">\r\n\t\t\t\t\t\t\t\t<img width=\"66\" height=\"61\" src=\"https:\/\/nutrident.fr\/wp-content\/uploads\/2023\/06\/unnamed-66x61.jpg\" class=\"attachment-profileImageAuthor size-profileImageAuthor wp-post-image\" alt=\"Dr Abel Jes\u00fas Pederzoli\" loading=\"lazy\" srcset=\"https:\/\/nutrident.fr\/wp-content\/uploads\/2023\/06\/unnamed-66x61.jpg 66w, https:\/\/nutrident.fr\/wp-content\/uploads\/2023\/06\/unnamed-300x279.jpg 300w, https:\/\/nutrident.fr\/wp-content\/uploads\/2023\/06\/unnamed-1024x952.jpg 1024w, https:\/\/nutrident.fr\/wp-content\/uploads\/2023\/06\/unnamed-768x714.jpg 768w, https:\/\/nutrident.fr\/wp-content\/uploads\/2023\/06\/unnamed-204x190.jpg 204w, https:\/\/nutrident.fr\/wp-content\/uploads\/2023\/06\/unnamed-120x112.jpg 120w, https:\/\/nutrident.fr\/wp-content\/uploads\/2023\/06\/unnamed.jpg 1125w\" sizes=\"(max-width: 66px) 100vw, 66px\" \/>              <\/div>\r\n              <a href=\"https:\/\/nutrident.fr\/es\/author\/dr-abel-jesus-pederzoli\/\" class=\"name\">Dr Abel Jes\u00fas Pederzoli<\/a>\r\n            <\/div>\r\n            <div class=\"user-info__data__social\">\r\n\t\t\t\t\t\t\t\t\t\t\t\t\t\t\t\t\t\t\t\t\t          <a href=\"https:\/\/clinicaleixample.es\/\"\r\n             class=\"soc-item website\">website<\/a>\r\n\t\t\t\t          <a href=\"http:\/\/linkedin.com\/in\/abel-jes%C3%BAs-pederzoli\"\r\n             class=\"soc-item linkedin\">linkedin<\/a>\r\n\t\t\t\t            <\/div>\r\n          <\/div>\r\n          <div class=\"user-info__description\">\r\n\t\t\t\t\t\t\t\t\t\t\t\t\t<p>Con t\u00edtulos obtenidos en la Facultad de Odontolog\u00eda de la Universidad Nacional de La Plata y una participaci\u00f3n activa en congresos y jornadas, el Dr. Pederzoli se mantiene actualizado en las \u00faltimas t\u00e9cnicas y avances en odontolog\u00eda. Actualmente se encuentra desarrollando un proyecto de consultor\u00eda tecnol\u00f3gica aplicada a cl\u00ednicas dentales.<\/p>\n\t\t\t\t\t\t          <\/div>\r\n        <\/div>\r\n\t\t\t\t    <\/div>\r\n\t<\/div>","protected":false},"excerpt":{"rendered":"<p>Contributor:&nbsp; Dr Abel Jes\u00fas Pederzoli Updated:&nbsp;junio 29, 2023 La seguridad social en Espa\u00f1a cubre muy pocos tratamientos odontol\u00f3gicos y no cuenta con un plan espec\u00edfico para las personas mayores o ancianos. Esto puede variar dependiendo de la Comunidad Aut\u00f3noma, pero en general los servicios gratuitos m\u00e1s extensivos est\u00e1n reservados para los ni\u00f1os y adolescentes \u00fanicamente. [&hellip;]<\/p>\n","protected":false},"author":2,"featured_media":22310,"parent":0,"menu_order":0,"comment_status":"open","ping_status":"open","template":"","meta":{"inline_featured_image":false},"acf":[],"_links":{"self":[{"href":"https:\/\/nutrident.fr\/es\/wp-json\/wp\/v2\/pages\/16885"}],"collection":[{"href":"https:\/\/nutrident.fr\/es\/wp-json\/wp\/v2\/pages"}],"about":[{"href":"https:\/\/nutrident.fr\/es\/wp-json\/wp\/v2\/types\/page"}],"author":[{"embeddable":true,"href":"https:\/\/nutrident.fr\/es\/wp-json\/wp\/v2\/users\/2"}],"replies":[{"embeddable":true,"href":"https:\/\/nutrident.fr\/es\/wp-json\/wp\/v2\/comments?post=16885"}],"version-history":[{"count":17,"href":"https:\/\/nutrident.fr\/es\/wp-json\/wp\/v2\/pages\/16885\/revisions"}],"predecessor-version":[{"id":22344,"href":"https:\/\/nutrident.fr\/es\/wp-json\/wp\/v2\/pages\/16885\/revisions\/22344"}],"wp:featuredmedia":[{"embeddable":true,"href":"https:\/\/nutrident.fr\/es\/wp-json\/wp\/v2\/media\/22310"}],"wp:attachment":[{"href":"https:\/\/nutrident.fr\/es\/wp-json\/wp\/v2\/media?parent=16885"}],"curies":[{"name":"wp","href":"https:\/\/api.w.org\/{rel}","templated":true}]}}