

{"id":16887,"date":"2022-10-27T18:08:38","date_gmt":"2022-10-27T18:08:38","guid":{"rendered":"https:\/\/nutrident.fr\/?page_id=16887"},"modified":"2023-06-13T10:33:07","modified_gmt":"2023-06-13T10:33:07","slug":"retrognatismo-mandibular","status":"publish","type":"page","link":"https:\/\/nutrident.fr\/es\/ortodoncia\/retrognatismo-mandibular\/","title":{"rendered":"Retrognatia: \u00bfqu\u00e9 hacer cuando tienes protrusi\u00f3n dental?"},"content":{"rendered":"<div class=\"meta\"><div class=\"meta__users\">    <div class=\"meta__users__reviewed\">\r\n      <p class=\"meta__users__caption\">Contributor:&nbsp;<\/p>\r\n      <div class=\"users\">\r\n        <span class=\"users__user\">\r\n          <a href=\"#\">Dr Abel Jes\u00fas Pederzoli<\/a>\r\n        <\/span>\r\n      <\/div>\r\n    <\/div>\r\n\t<\/div><div class=\"meta__date-modified\">Updated:&nbsp;<span>junio 13, 2023<\/span><\/div><\/div><div class=\"wp-block-image wp-image-7258 size-medium\">\n<figure class=\"alignright\"><img width=\"300\" height=\"200\" src=\"https:\/\/nutrident.fr\/wp-content\/uploads\/2020\/12\/kassidy-sherburne-gkIrA_T-Pmk-unsplash-300x200.jpg\" alt=\"dientes de conejo\" class=\"wp-image-7258\" srcset=\"https:\/\/nutrident.fr\/wp-content\/uploads\/2020\/12\/kassidy-sherburne-gkIrA_T-Pmk-unsplash-300x200.jpg 300w, https:\/\/nutrident.fr\/wp-content\/uploads\/2020\/12\/kassidy-sherburne-gkIrA_T-Pmk-unsplash-480x320.jpg 480w, https:\/\/nutrident.fr\/wp-content\/uploads\/2020\/12\/kassidy-sherburne-gkIrA_T-Pmk-unsplash.jpg 750w\" sizes=\"(max-width: 300px) 100vw, 300px\" \/><figcaption>\u00bfC\u00f3mo se corrigen los dientes que est\u00e1n demasiado adelantados?<\/figcaption><\/figure><\/div>\n\n\n<p>Tener los dientes superiores muy avanzados es uno de los complejos dentales m\u00e1s comunes. Conocido como \u00abdientes de conejo\u00bb, este problema suele ser causado por una mand\u00edbula retra\u00edda o retrognatia.<\/p>\n\n\n\n<p>La retrognatia o retrognatismo es una deformidad facial en la que la mand\u00edbula no est\u00e1 lo suficientemente desarrollada y <strong>se encuentra m\u00e1s atrasada de lo normal<\/strong>. La consecuencia es que los dientes superiores lucen m\u00e1s adelantados (protrusi\u00f3n dental).<\/p>\n\n\n\n<p>Adem\u00e1s del inconveniente est\u00e9tico, esta malposici\u00f3n de los dientes suele ir acompa\u00f1ada de ciertos <strong>problemas funcionales<\/strong>, como dificultades en el habla y en la masticaci\u00f3n.<\/p>\n\n\n\n<p>Hoy en d\u00eda, existen muchos tratamientos para remediar este trastorno de la posici\u00f3n de los dientes y de la mand\u00edbula. <a href=\"https:\/\/nutrident.fr\/es\/\">Nutrident<\/a> te cuenta m\u00e1s en este art\u00edculo.<\/p>\n\n\n\n<p><strong><em>Si quiere recurrir a un tratamiento de ortodoncia de inmediato, \u00e9chale un vistazo a los alineadores invisibles de DrSmile.<\/em><\/strong><\/p>\n\n\n\n<div class=\"wp-container-1 wp-block-buttons\">\n<div class=\"wp-block-button aligncenter\"><a class=\"wp-block-button__link has-white-color has-vivid-cyan-blue-background-color has-text-color has-background\" href=\"https:\/\/tidd.ly\/3NXzapN\" target=\"_blank\" rel=\"noopener\">Comprueba tu elegibilidad para el tratamiento DrSmile<\/a><\/div>\n<\/div>\n\n\n\n<div id=\"ez-toc-container\" class=\"ez-toc-v2_0_33_2 counter-hierarchy ez-toc-counter ez-toc-white ez-toc-container-direction\">\n<div class=\"ez-toc-title-container\">\n<p class=\"ez-toc-title\">Contenus<\/p>\n<span class=\"ez-toc-title-toggle\"><a href=\"#\" class=\"ez-toc-pull-right ez-toc-btn ez-toc-btn-xs ez-toc-btn-default ez-toc-toggle\" style=\"display: none;\"><label for=\"item\" aria-label=\"Tabla de contenidos\"><i class=\"ez-toc-glyphicon ez-toc-icon-toggle\"><\/i><\/label><input type=\"checkbox\" id=\"item\"><\/a><\/span><\/div>\n<nav><ul class='ez-toc-list ez-toc-list-level-1'><li class='ez-toc-page-1 ez-toc-heading-level-2'><a class=\"ez-toc-link ez-toc-heading-1\" href=\"https:\/\/nutrident.fr\/es\/ortodoncia\/retrognatismo-mandibular\/#%C2%BFComo_se_corrige_la_retrognatia\" title=\"\u00bfC\u00f3mo se corrige la retrognatia?\">\u00bfC\u00f3mo se corrige la retrognatia?<\/a><\/li><li class='ez-toc-page-1 ez-toc-heading-level-2'><a class=\"ez-toc-link ez-toc-heading-2\" href=\"https:\/\/nutrident.fr\/es\/ortodoncia\/retrognatismo-mandibular\/#Dientes_de_conejo_%C2%BFque_los_provoca\" title=\"Dientes de conejo: \u00bfqu\u00e9 los provoca?\">Dientes de conejo: \u00bfqu\u00e9 los provoca?<\/a><\/li><li class='ez-toc-page-1 ez-toc-heading-level-2'><a class=\"ez-toc-link ez-toc-heading-3\" href=\"https:\/\/nutrident.fr\/es\/ortodoncia\/retrognatismo-mandibular\/#%C2%BFCuales_son_las_consecuencias_del_retrognatismo\" title=\"\u00bfCu\u00e1les son las consecuencias del retrognatismo?\">\u00bfCu\u00e1les son las consecuencias del retrognatismo?<\/a><\/li><li class='ez-toc-page-1 ez-toc-heading-level-2'><a class=\"ez-toc-link ez-toc-heading-4\" href=\"https:\/\/nutrident.fr\/es\/ortodoncia\/retrognatismo-mandibular\/#Conclusion\" title=\"Conclusi\u00f3n\">Conclusi\u00f3n<\/a><\/li><li class='ez-toc-page-1 ez-toc-heading-level-2'><a class=\"ez-toc-link ez-toc-heading-5\" href=\"https:\/\/nutrident.fr\/es\/ortodoncia\/retrognatismo-mandibular\/#Preguntas_frecuentes\" title=\"Preguntas frecuentes\">Preguntas frecuentes<\/a><\/li><\/ul><\/nav><\/div>\n<h2><span class=\"ez-toc-section\" id=\"%C2%BFComo_se_corrige_la_retrognatia\"><\/span>\u00bfC\u00f3mo se corrige la retrognatia?<span class=\"ez-toc-section-end\"><\/span><\/h2>\n\n\n\n<p>\u00abDientes de conejo\u00bb es el nombre tan evocador que define este tipo de malposici\u00f3n dental, caracterizada por un <strong>desajuste entre los dientes<\/strong> superiores, que se proyectan hacia delante, y los inferiores.  <\/p>\n\n\n\n<p>En la jerga m\u00e9dica, esta afecci\u00f3n se llama <strong>retrognatia o retrognatismo<\/strong> y no debe confundirse con el <a href=\"https:\/\/nutrident.fr\/es\/ortodoncia\/submordida\/\">prognatismo<\/a>, que se refiere al fen\u00f3meno contrario (cuando la mand\u00edbula est\u00e1 demasiado adelantada). En este caso, se trata de un defecto de posicionamiento de los maxilares en el que el inferior est\u00e1 m\u00e1s atrasado de lo normal.<\/p>\n\n\n\n<p>En el tratamiento de la retrognatia, se proponen dos soluciones, (seg\u00fan la gravedad del desplazamiento, la edad del paciente, la respuesta al tratamiento, entre otros factores):<\/p>\n\n\n\n<ul><li>Tratamiento de ortodoncia solo (en 1 o 2 fases)<\/li><li>Protocolo ortod\u00f3ntico-quir\u00fargico (combinaci\u00f3n de tratamientos ortod\u00f3nticos y cirug\u00eda)<\/li><\/ul>\n\n\n\n<h3>Retrognatia en ni\u00f1os<\/h3>\n\n\n\n<p>Es posible tratar el retrognatismo desde la infancia (entre los 6 y 9 a\u00f1os). El tratamiento es <strong>especialmente eficaz<\/strong> porque a esta edad los huesos todav\u00eda est\u00e1n creciendo y son mucho m\u00e1s maleables. De hecho, la correcci\u00f3n es mucho m\u00e1s f\u00e1cil de conseguir.<\/p>\n\n\n<div class=\"wp-block-image wp-image-7259 size-medium\">\n<figure class=\"alignright\"><img width=\"300\" height=\"200\" src=\"https:\/\/nutrident.fr\/wp-content\/uploads\/2020\/12\/marco-albuquerque-EyItxWgbefc-unsplash-300x200.jpg\" alt=\"retrognatia mandu\" class=\"wp-image-7259\" srcset=\"https:\/\/nutrident.fr\/wp-content\/uploads\/2020\/12\/marco-albuquerque-EyItxWgbefc-unsplash-300x200.jpg 300w, https:\/\/nutrident.fr\/wp-content\/uploads\/2020\/12\/marco-albuquerque-EyItxWgbefc-unsplash-480x320.jpg 480w, https:\/\/nutrident.fr\/wp-content\/uploads\/2020\/12\/marco-albuquerque-EyItxWgbefc-unsplash.jpg 750w\" sizes=\"(max-width: 300px) 100vw, 300px\" \/><figcaption>Se pueden hacer correcciones en la infancia<\/figcaption><\/figure><\/div>\n\n\n<p>El tratamiento consiste en <strong>llevar un peque\u00f1o dispositivo por la noche<\/strong> que empuja gradualmente los \u00abdientes de conejo\u00bb hacia atr\u00e1s para alinearlos con el arco dental inferior.<\/p>\n\n\n\n<p>El tratamiento se lleva a cabo en dos fases:<\/p>\n\n\n\n<ul><li>Entre los 7-8 a\u00f1os: primera fase de correcci\u00f3n, respetando el crecimiento del ni\u00f1o (dura alrededor de 1 a\u00f1o)<\/li><li>Entre los 11-12 a\u00f1os: segunda fase destinada a la alineaci\u00f3n permanente de los dientes (toma entre 18 y 24 meses).<\/li><\/ul>\n\n\n\n<h3>Tratamiento ortod\u00f3ntico de la protrusi\u00f3n dental en adultos<\/h3>\n\n\n\n<p>En los adultos, se pueden emplear varios m\u00e9todos de ortodoncia para corregir la protrusi\u00f3n de los dientes superiores:<\/p>\n\n\n\n<h4>Alineadores dentales transparentes<\/h4>\n\n\n\n<p>La ortodoncia invisible actualmente atrae a miles de pacientes gracias a su aspecto <strong>discreto<\/strong> y a su eficacia. Los alineadores transparentes hechos a medida ejercen presi\u00f3n sobre los dientes superiores para devolverlos a una posici\u00f3n m\u00e1s natural. Y lo mejor es que nadie notar\u00e1 que los llevas puestos.<\/p>\n\n\n\n<p>Entre las marcas que destacan en el mercado, recomendamos especialmente <strong>la empresa alemana <a href=\"https:\/\/nutrident.fr\/es\/ortodoncia\/drsmile-opiniones\/\" target=\"_blank\" data-type=\"URL\" rel=\"noreferrer noopener\">DrSmile<\/a><\/strong>, que consigue combinar una gran calidad con precios muy competitivos.  <\/p>\n\n\n\n<p>Este m\u00e9todo tambi\u00e9n es muy popular en <strong>Espa\u00f1a<\/strong> y ya existen m\u00e1s de cien cl\u00ednicas en las principales ciudades del pa\u00eds.  <\/p>\n\n\n\n<div class=\"wp-container-2 wp-block-buttons\">\n<div class=\"wp-block-button aligncenter\"><a class=\"wp-block-button__link has-white-color has-vivid-cyan-blue-background-color has-text-color has-background\" href=\"https:\/\/tidd.ly\/3NXzapN\" target=\"_blank\" rel=\"noopener\">\u00a1Encuentra tu denstista Dr Smile m\u00e1s cercano!<\/a><\/div>\n<\/div>\n\n\n\n<h4>Otros m\u00e9todos de ortodoncia<\/h4>\n\n\n<div class=\"wp-block-image\">\n<figure class=\"alignright size-large is-resized\"><img src=\"https:\/\/nutrident.fr\/wp-content\/uploads\/2023\/01\/Depositphotos_145201845_L-1024x683.jpg\" alt=\"menton debil sobremordida horizontal\" class=\"wp-image-19861\" width=\"300\" height=\"200\" srcset=\"https:\/\/nutrident.fr\/wp-content\/uploads\/2023\/01\/Depositphotos_145201845_L-1024x683.jpg 1024w, https:\/\/nutrident.fr\/wp-content\/uploads\/2023\/01\/Depositphotos_145201845_L-300x200.jpg 300w, https:\/\/nutrident.fr\/wp-content\/uploads\/2023\/01\/Depositphotos_145201845_L-768x512.jpg 768w, https:\/\/nutrident.fr\/wp-content\/uploads\/2023\/01\/Depositphotos_145201845_L-1536x1024.jpg 1536w, https:\/\/nutrident.fr\/wp-content\/uploads\/2023\/01\/Depositphotos_145201845_L-254x169.jpg 254w, https:\/\/nutrident.fr\/wp-content\/uploads\/2023\/01\/Depositphotos_145201845_L.jpg 1999w\" sizes=\"(max-width: 300px) 100vw, 300px\" \/><figcaption>Puede usarse ortodoncia para corregir la protrusi\u00f3n dental<\/figcaption><\/figure><\/div>\n\n\n<p>Los <a href=\"https:\/\/nutrident.fr\/es\/?page_id=16771\" data-type=\"URL\" data-id=\"https:\/\/nutrident.fr\/orthodontie-appareil-dentaire-adulte\/\">aparatos o brackets de ortodoncia<\/a> tambi\u00e9n son dispositivos que sirven para enderezar los dientes. Sin embargo, en muchos casos la ortodoncia no es capaz de tratar la deformaci\u00f3n \u00f3sea subyacente, ya que los huesos de un adulto est\u00e1n completamente desarrollados y no es posible modificarlos. Si el tratamiento ortod\u00f3ntico fracasa, la \u00fanica soluci\u00f3n es <strong>un procedimiento quir\u00fargico<\/strong>.<\/p>\n\n\n\n<h3>Tratamiento quir\u00fargico de la retrognatia<\/h3>\n\n\n\n<p>En algunas situaciones, especialmente cuando la retrognatia es de origen esquel\u00e9tico, es necesaria la<strong> cirug\u00eda maxilofacial<\/strong> para reposicionar los maxilares.<\/p>\n\n\n\n<p>Esta cirug\u00eda, conocida como \u00abortogn\u00e1tica\u00bb, se recomienda a partir del final de la adolescencia (generalmente a los 17 o 18 a\u00f1os), periodo que corresponde al desarrollo completo de la mand\u00edbula.<\/p>\n\n\n\n<h4>Procedimiento y t\u00e9cnicas quir\u00fargicas<\/h4>\n\n\n\n<p>La cirug\u00eda de reposicionamiento de la mand\u00edbula se realiza bajo <strong>anestesia general<\/strong> y por lo tanto es completamente indolora.<\/p>\n\n\n\n<p>La elecci\u00f3n de la t\u00e9cnica quir\u00fargica depende de varios par\u00e1metros que solo el cirujano puede analizar. He aqu\u00ed dos ejemplos de procedimientos quir\u00fargicos para corregir un trastorno de la posici\u00f3n de la mand\u00edbula:<\/p>\n\n\n<div class=\"wp-block-image\">\n<figure class=\"alignright size-medium\"><img width=\"300\" height=\"200\" src=\"https:\/\/nutrident.fr\/wp-content\/uploads\/2020\/12\/artur-tumasjan-qLzWvcQq-V8-unsplash-1-300x200.jpg\" alt=\"cirug\u00eda de dientes de conejo\" class=\"wp-image-7218\" srcset=\"https:\/\/nutrident.fr\/wp-content\/uploads\/2020\/12\/artur-tumasjan-qLzWvcQq-V8-unsplash-1-300x200.jpg 300w, https:\/\/nutrident.fr\/wp-content\/uploads\/2020\/12\/artur-tumasjan-qLzWvcQq-V8-unsplash-1-480x320.jpg 480w, https:\/\/nutrident.fr\/wp-content\/uploads\/2020\/12\/artur-tumasjan-qLzWvcQq-V8-unsplash-1.jpg 750w\" sizes=\"(max-width: 300px) 100vw, 300px\" \/><figcaption>Existen varios procedimientos quir\u00fargicos para corregir la malposici\u00f3n de los maxilares<\/figcaption><\/figure><\/div>\n\n\n<ul><li><strong>Cirug\u00eda de avance maxilar superior:<\/strong> se usa para corregir el prognatismo. Consiste en cortar el maxilar superior, adelantarlo unos mil\u00edmetros y luego fijarlo en esta nueva posici\u00f3n con un sistema de tornillos. El hueso se curar\u00e1 de forma natural al cabo de unas semanas.<\/li><li><strong>Cirug\u00eda de avance del maxilar inferior: <\/strong>en este caso, se corta la mand\u00edbula (hueso del maxilar inferior) para hacerla avanzar y fijarla en su nueva posici\u00f3n. El hueso tambi\u00e9n se curar\u00e1 de forma natural.<\/li><\/ul>\n\n\n\n<p>Despu\u00e9s de la cirug\u00eda, se realiza un tratamiento de ortodoncia adicional para <strong>consolidar los resultados <\/strong>y conseguir una alineaci\u00f3n ideal de los dientes.<\/p>\n\n\n\n<h2><span class=\"ez-toc-section\" id=\"Dientes_de_conejo_%C2%BFque_los_provoca\"><\/span>Dientes de conejo: \u00bfqu\u00e9 los provoca?<span class=\"ez-toc-section-end\"><\/span><\/h2>\n\n\n\n<p>Hay varios factores que pueden provocar esta malposici\u00f3n dental, las principales son:<\/p>\n\n\n\n<ul><li><strong><a href=\"https:\/\/nutrident.fr\/es\/salud-bucodental-y-genetica\/\" data-type=\"URL\" data-id=\"https:\/\/nutrident.fr\/genetique-sante-dentaire\/\">Gen\u00e9tica<\/a><\/strong>. Es com\u00fan que varios miembros de una misma familia tengan este trastorno dental o de posici\u00f3n de la mand\u00edbula. <\/li><li><strong>Una deformaci\u00f3n del arco alveolar<\/strong> de la mand\u00edbula como resultado de la <a href=\"https:\/\/nutrident.fr\/es\/ortodoncia\/consequencias-pulgar-chupete\/\" target=\"_blank\" data-type=\"URL\" data-id=\"https:\/\/nutrident.fr\/es\/ortodoncia\/consequencias-pulgar-chupete\/\" rel=\"noreferrer noopener\">succi\u00f3n del pulgar o del chupete<\/a> en los ni\u00f1os.<\/li><\/ul>\n\n\n\n<p>Este trastorno de la posici\u00f3n de los dientes y de los maxilares se produce desde una edad muy temprana. Tambi\u00e9n se ha demostrado que los <a href=\"https:\/\/nutrident.fr\/es\/7-malos-habitos-que-danan-los-dientes\/\" data-type=\"URL\" data-id=\"https:\/\/nutrident.fr\/es\/7-malos-habitos-que-danan-los-dientes\/\" target=\"_blank\" rel=\"noreferrer noopener\">malos h\u00e1bitos<\/a>, como empujar los dientes hacie afuera con la lengua, tambi\u00e9n pueden provocar esta protrusi\u00f3n dental.<\/p>\n\n\n\n<p>Por ello, es fundamental <strong>realizar un diagn\u00f3stico cl\u00ednico muy temprano<\/strong> para poder tratarlo de forma eficaz y r\u00e1pida, antes de que se agrave o aparezcan ciertas complicaciones.<\/p>\n\n\n\n<h2><span class=\"ez-toc-section\" id=\"%C2%BFCuales_son_las_consecuencias_del_retrognatismo\"><\/span>\u00bfCu\u00e1les son las consecuencias del retrognatismo?<span class=\"ez-toc-section-end\"><\/span><\/h2>\n\n\n\n<p>Sin un tratamiento temprano y eficaz, la retrognatia puede provocar una serie de problemas:<\/p>\n\n\n<div class=\"wp-block-image\">\n<figure class=\"alignright size-medium\"><img width=\"300\" height=\"200\" src=\"https:\/\/nutrident.fr\/wp-content\/uploads\/2020\/06\/smiling-baby-biting-right-index-finger-1648374-300x200.jpg\" alt=\"dientes de conejo\" class=\"wp-image-4881\" srcset=\"https:\/\/nutrident.fr\/wp-content\/uploads\/2020\/06\/smiling-baby-biting-right-index-finger-1648374-300x200.jpg 300w, https:\/\/nutrident.fr\/wp-content\/uploads\/2020\/06\/smiling-baby-biting-right-index-finger-1648374-1024x683.jpg 1024w, https:\/\/nutrident.fr\/wp-content\/uploads\/2020\/06\/smiling-baby-biting-right-index-finger-1648374-768x512.jpg 768w, https:\/\/nutrident.fr\/wp-content\/uploads\/2020\/06\/smiling-baby-biting-right-index-finger-1648374-1080x720.jpg 1080w, https:\/\/nutrident.fr\/wp-content\/uploads\/2020\/06\/smiling-baby-biting-right-index-finger-1648374-980x653.jpg 980w, https:\/\/nutrident.fr\/wp-content\/uploads\/2020\/06\/smiling-baby-biting-right-index-finger-1648374-480x320.jpg 480w, https:\/\/nutrident.fr\/wp-content\/uploads\/2020\/06\/smiling-baby-biting-right-index-finger-1648374.jpg 1200w\" sizes=\"(max-width: 300px) 100vw, 300px\" \/><figcaption>La protrusi\u00f3n dental tambi\u00e9n puede originarse por los malos h\u00e1bitos que se inician en la infancia<\/figcaption><\/figure><\/div>\n\n\n<ul><li><strong>Problemas de habla<\/strong><\/li><li><strong>Dolor o crujido<\/strong> en las articulaciones temporomandibulares (articulaciones de la mand\u00edbula) al bostezar o masticar<\/li><li>Mayor riesgo de sufrir <strong>enfermedades dentales<\/strong> y periodontales<\/li><li>Mal contacto entre los dientes inferiores y superiores con <strong>desgaste prematuro<\/strong>.<\/li><li>Riesgo de<strong> morder el paladar<\/strong><\/li><li>Mayor riesgo de<strong> traumatismos dentales <\/strong><\/li><li><strong>Desequilibrio de la sonrisa y de los rasgos faciales<\/strong> (como por ejemplo el \u00abment\u00f3n d\u00e9bil\u00bb)<\/li><\/ul>\n\n\n\n<p>Si detectas signos de retrognatia en tu hijo (o cualquier otro trastorno del desarrollo de la mand\u00edbula), el equipo de Nutrident te recomienda que pidas una cita con el dentista. El diagn\u00f3stico temprano es <a href=\"https:\/\/nutrident.fr\/es\/ortodoncia\/como-evitar\/\" target=\"_blank\" data-type=\"URL\" data-id=\"https:\/\/nutrident.fr\/es\/ortodoncia\/como-evitar\/\" rel=\"noreferrer noopener\">la mejor manera de prevenir<\/a> y detener los trastornos ortod\u00f3nticos.<\/p>\n\n\n\n<h2><span class=\"ez-toc-section\" id=\"Conclusion\"><\/span>Conclusi\u00f3n<span class=\"ez-toc-section-end\"><\/span><\/h2>\n\n\n\n<p>La retrognatia es una <strong>malposici\u00f3n dental com\u00fan <\/strong>que comienza a desarrollarse a una edad temprana. Se reconoce por la presencia de una separaci\u00f3n m\u00e1s o menos importante entre los dientes superiores e inferiores, en la que los dientes superiores generalmente se proyectan demasiado hacia delante.<\/p>\n\n\n\n<p>Esta desalineaci\u00f3n dental suele estar asociada o relacionada con un trastorno de la posici\u00f3n del maxilar inferior llamado retrognatia o retrognatismo mandibular.<\/p>\n\n\n\n<p>El tratamiento de este problema implica el uso de <strong>ortodoncia<\/strong> y en algunos casos una <strong>cirug\u00eda maxilofacial<\/strong>. A menudo se recomienda una combinaci\u00f3n de los dos m\u00e9todos.<\/p>\n\n\n\n<p>Los resultados del tratamiento son, en la mayor\u00eda de los casos, muy satisfactorios. La armon\u00eda del rostro y la sonrisa mejoran considerablemente. Adem\u00e1s, se corrigen eficazmente todos los trastornos funcionales relacionados con la retrognatia.<\/p>\n\n\n\n<p>La<strong> prevenci\u00f3n es esencial <\/strong>en este tipo de malposici\u00f3n dental. Por ello, los padres deben estar atentos a sus hijos y vigilar que no tengan malos h\u00e1bitos orales que puedan da\u00f1ar sus dientes o huesos faciales.<\/p>\n\n\n\n<p>Si tu hijo muestra signos de retrognatismo o maloclusiones dentales, no dudes en llevarlo a un especialista lo antes posible. El tratamiento temprano ofrece una mejor oportunidad de recuperaci\u00f3n sin tener que recurrir a procedimientos invasivos como la cirug\u00eda.<\/p>\n\n\n\n<p>Recuerda que la malposici\u00f3n dental aumenta el riesgo de sufrir otras patolog\u00edas (caries, <a href=\"https:\/\/nutrident.fr\/es\/aflojamiento-de-los-dientes\/\" target=\"_blank\" data-type=\"URL\" data-id=\"https:\/\/nutrident.fr\/es\/aflojamiento-de-los-dientes\/\" rel=\"noreferrer noopener\">aflojamiento de dientes<\/a>, gingivitis, periodontitis, entre otras).<\/p>\n\n\n\n<h2><span class=\"ez-toc-section\" id=\"Preguntas_frecuentes\"><\/span>Preguntas frecuentes<span class=\"ez-toc-section-end\"><\/span><\/h2>\n\n\n<div id=\"rank-math-faq\" class=\"rank-math-block\">\n<div class=\"rank-math-list \">\n<div id=\"faq-question-1673216011041\" class=\"rank-math-list-item\">\n<h3 class=\"rank-math-question \">\u00bfC\u00f3mo tratar la retrognatia?<\/h3>\n<div class=\"rank-math-answer \">\n\n<p>Esta afecci\u00f3n se trata con aparatos ortop\u00e9dicos y\/o cirug\u00eda. El uso de un tratamiento u otro depende del grado de malposici\u00f3n de los dientes y de los maxilares.<\/p>\n\n<\/div>\n<\/div>\n<div id=\"faq-question-1673216043738\" class=\"rank-math-list-item\">\n<h3 class=\"rank-math-question \">\u00bfC\u00f3mo se llaman los dientes delanteros?<\/h3>\n<div class=\"rank-math-answer \">\n\n<p>A los dientes frontales o delanteros se les llama \u00abincisivos\u00bb <\/p>\n\n<\/div>\n<\/div>\n<div id=\"faq-question-1673216088910\" class=\"rank-math-list-item\">\n<h3 class=\"rank-math-question \">\u00bfC\u00f3mo puedo corregir los dientes desalineados sin aparatos?<\/h3>\n<div class=\"rank-math-answer \">\n\n<p>La ortodoncia sigue siendo necesaria para corregir la desalineaci\u00f3n dental. Sin embargo, adem\u00e1s de los brackets, ahora existen alineadores transparentes muy discretos, como los de DrSmile.<\/p>\n\n<\/div>\n<\/div>\n<\/div>\n<\/div><div class=\"article-data before-content\"><div class=\"article-data__date\"><div class=\"article-data__date-modified\"><time class=\"published\" datetime=\"2022-10-27T18:08:38+00:00\">This article was originally published on&nbsp;<span class=\"2\">octubre 27, 2022<\/span>&nbsp;and was most recently updated on&nbsp;<span>junio 13, 2023<\/span><\/time><br><\/div><\/div><\/div><div class=\"user-info\">    <div class=\"user-info__body\">\r\n      <div class=\"user-info__caption\"><span>Contributors:<\/span><\/div>\r\n\t\t\t        <div class=\"user-info__wrap \">\r\n          <div class=\"user-info__data\">\r\n            <div class=\"user-info__data__info\">\r\n              <div class=\"photo\">\r\n\t\t\t\t\t\t\t\t<img width=\"66\" height=\"61\" src=\"https:\/\/nutrident.fr\/wp-content\/uploads\/2023\/06\/unnamed-66x61.jpg\" class=\"attachment-profileImageAuthor size-profileImageAuthor wp-post-image\" alt=\"Dr Abel Jes\u00fas Pederzoli\" loading=\"lazy\" srcset=\"https:\/\/nutrident.fr\/wp-content\/uploads\/2023\/06\/unnamed-66x61.jpg 66w, https:\/\/nutrident.fr\/wp-content\/uploads\/2023\/06\/unnamed-300x279.jpg 300w, https:\/\/nutrident.fr\/wp-content\/uploads\/2023\/06\/unnamed-1024x952.jpg 1024w, https:\/\/nutrident.fr\/wp-content\/uploads\/2023\/06\/unnamed-768x714.jpg 768w, https:\/\/nutrident.fr\/wp-content\/uploads\/2023\/06\/unnamed-204x190.jpg 204w, https:\/\/nutrident.fr\/wp-content\/uploads\/2023\/06\/unnamed-120x112.jpg 120w, https:\/\/nutrident.fr\/wp-content\/uploads\/2023\/06\/unnamed.jpg 1125w\" sizes=\"(max-width: 66px) 100vw, 66px\" \/>              <\/div>\r\n              <a href=\"https:\/\/nutrident.fr\/es\/author\/dr-abel-jesus-pederzoli\/\" class=\"name\">Dr Abel Jes\u00fas Pederzoli<\/a>\r\n            <\/div>\r\n            <div class=\"user-info__data__social\">\r\n\t\t\t\t\t\t\t\t\t\t\t\t\t\t\t\t\t\t\t\t\t          <a href=\"https:\/\/clinicaleixample.es\/\"\r\n             class=\"soc-item website\">website<\/a>\r\n\t\t\t\t          <a href=\"http:\/\/linkedin.com\/in\/abel-jes%C3%BAs-pederzoli\"\r\n             class=\"soc-item linkedin\">linkedin<\/a>\r\n\t\t\t\t            <\/div>\r\n          <\/div>\r\n          <div class=\"user-info__description\">\r\n\t\t\t\t\t\t\t\t\t\t\t\t\t<p>Con t\u00edtulos obtenidos en la Facultad de Odontolog\u00eda de la Universidad Nacional de La Plata y una participaci\u00f3n activa en congresos y jornadas, el Dr. Pederzoli se mantiene actualizado en las \u00faltimas t\u00e9cnicas y avances en odontolog\u00eda. Actualmente se encuentra desarrollando un proyecto de consultor\u00eda tecnol\u00f3gica aplicada a cl\u00ednicas dentales.<\/p>\n\t\t\t\t\t\t          <\/div>\r\n        <\/div>\r\n\t\t\t\t    <\/div>\r\n\t<\/div><!--copyscapeskip--><div class=\"medical_references\"><div class=\"medical_references__heading\"><span>Fuentes M\u00e9dicas<\/span><\/div><div class=\"medical_references__list\"><p><strong>Hospices Civils de Lyon:<\/strong> <a href=\"https:\/\/www.chu-lyon.fr\/chirurgie-des-machoires-chirurgie-orthognathique\" target=\"_blank\" rel=\"noopener\">Chirurgie des m\u00e2choires (Chirurgie orthognathique).<\/a><\/p>\n<p><strong>International Orthodontics<\/strong>: <a href=\"https:\/\/www.sciencedirect.com\/science\/article\/abs\/pii\/S1761722718301517\" target=\"_blank\" rel=\"noopener\">Coll\u00e8ge europ\u00e9en d\u2019orthodontie: Commission d\u2019affiliation et de titularisation<\/a>.<\/p>\n<p><strong>Vulgaris Medical:<\/strong> <a href=\"https:\/\/www.vulgaris-medical.com\/encyclopedie-medicale\/retrognatisme-ou-retrognathie\" target=\"_blank\" rel=\"noopener\">R\u00e9trognatisme ou r\u00e9trognathie<\/a><strong>.<\/strong><\/p>\n<\/div><\/div><!--\/copyscapeskip-->","protected":false},"excerpt":{"rendered":"<p>Contributor:&nbsp; Dr Abel Jes\u00fas Pederzoli Updated:&nbsp;junio 13, 2023 Tener los dientes superiores muy avanzados es uno de los complejos dentales m\u00e1s comunes. Conocido como \u00abdientes de conejo\u00bb, este problema suele ser causado por una mand\u00edbula retra\u00edda o retrognatia. La retrognatia o retrognatismo es una deformidad facial en la que la mand\u00edbula no est\u00e1 lo suficientemente [&hellip;]<\/p>\n","protected":false},"author":2,"featured_media":0,"parent":16771,"menu_order":0,"comment_status":"open","ping_status":"open","template":"","meta":{"inline_featured_image":false},"acf":[],"_links":{"self":[{"href":"https:\/\/nutrident.fr\/es\/wp-json\/wp\/v2\/pages\/16887"}],"collection":[{"href":"https:\/\/nutrident.fr\/es\/wp-json\/wp\/v2\/pages"}],"about":[{"href":"https:\/\/nutrident.fr\/es\/wp-json\/wp\/v2\/types\/page"}],"author":[{"embeddable":true,"href":"https:\/\/nutrident.fr\/es\/wp-json\/wp\/v2\/users\/2"}],"replies":[{"embeddable":true,"href":"https:\/\/nutrident.fr\/es\/wp-json\/wp\/v2\/comments?post=16887"}],"version-history":[{"count":19,"href":"https:\/\/nutrident.fr\/es\/wp-json\/wp\/v2\/pages\/16887\/revisions"}],"predecessor-version":[{"id":21919,"href":"https:\/\/nutrident.fr\/es\/wp-json\/wp\/v2\/pages\/16887\/revisions\/21919"}],"up":[{"embeddable":true,"href":"https:\/\/nutrident.fr\/es\/wp-json\/wp\/v2\/pages\/16771"}],"wp:attachment":[{"href":"https:\/\/nutrident.fr\/es\/wp-json\/wp\/v2\/media?parent=16887"}],"curies":[{"name":"wp","href":"https:\/\/api.w.org\/{rel}","templated":true}]}}