

{"id":16892,"date":"2022-10-27T18:11:11","date_gmt":"2022-10-27T18:11:11","guid":{"rendered":"https:\/\/nutrident.fr\/?page_id=16892"},"modified":"2023-07-01T10:26:12","modified_gmt":"2023-07-01T10:26:12","slug":"empastes-dentales-o-amalgama","status":"publish","type":"page","link":"https:\/\/nutrident.fr\/es\/empastes-dentales-o-amalgama\/","title":{"rendered":"Empastes dentales o amalgamas: una gu\u00eda completa"},"content":{"rendered":"<div class=\"meta\"><div class=\"meta__users\">    <div class=\"meta__users__reviewed\">\r\n      <p class=\"meta__users__caption\">Contributor:&nbsp;<\/p>\r\n      <div class=\"users\">\r\n        <span class=\"users__user\">\r\n          <a href=\"#\">Dr Abel Jes\u00fas Pederzoli<\/a>\r\n        <\/span>\r\n      <\/div>\r\n    <\/div>\r\n\t<\/div><div class=\"meta__date-modified\">Updated:&nbsp;<span>julio 1, 2023<\/span><\/div><\/div><div class=\"wp-block-image wp-image-7276 size-medium\">\n<figure class=\"alignright\"><img width=\"300\" height=\"200\" src=\"https:\/\/nutrident.fr\/wp-content\/uploads\/2019\/08\/h-shaw-RvIZBonAp64-unsplash-300x200.jpg\" alt=\"empaste dental\" class=\"wp-image-7276\" srcset=\"https:\/\/nutrident.fr\/wp-content\/uploads\/2019\/08\/h-shaw-RvIZBonAp64-unsplash-300x200.jpg 300w, https:\/\/nutrident.fr\/wp-content\/uploads\/2019\/08\/h-shaw-RvIZBonAp64-unsplash-480x320.jpg 480w, https:\/\/nutrident.fr\/wp-content\/uploads\/2019\/08\/h-shaw-RvIZBonAp64-unsplash.jpg 750w\" sizes=\"(max-width: 300px) 100vw, 300px\" \/><figcaption>Un empaste se realiza en el dentista para rellenar una caries dental<\/figcaption><\/figure><\/div>\n\n\n<p>Los empastes dentales son tratamientos comunes para rellenar las cavidades que crean las caries en los dientes. Existen dos tipos de empastes: las amalgamas y los empastes de resina o composite, cada una de las cuales tiene sus ventajas y desventajas.<\/p>\n\n\n\n<p>En este art\u00edculo, exploraremos en profundidad los empastes dentales, su composici\u00f3n, duraci\u00f3n y contraindicaciones.<\/p>\n\n\n\n<div id=\"ez-toc-container\" class=\"ez-toc-v2_0_33_2 counter-hierarchy ez-toc-counter ez-toc-white ez-toc-container-direction\">\n<div class=\"ez-toc-title-container\">\n<p class=\"ez-toc-title\">Contenus<\/p>\n<span class=\"ez-toc-title-toggle\"><a href=\"#\" class=\"ez-toc-pull-right ez-toc-btn ez-toc-btn-xs ez-toc-btn-default ez-toc-toggle\" style=\"display: none;\"><label for=\"item\" aria-label=\"Tabla de contenidos\"><i class=\"ez-toc-glyphicon ez-toc-icon-toggle\"><\/i><\/label><input type=\"checkbox\" id=\"item\"><\/a><\/span><\/div>\n<nav><ul class='ez-toc-list ez-toc-list-level-1'><li class='ez-toc-page-1 ez-toc-heading-level-2'><a class=\"ez-toc-link ez-toc-heading-1\" href=\"https:\/\/nutrident.fr\/es\/empastes-dentales-o-amalgama\/#%C2%BFPara_que_sirven_los_empastes_dentales\" title=\"\u00bfPara qu\u00e9 sirven los empastes dentales?\">\u00bfPara qu\u00e9 sirven los empastes dentales?<\/a><\/li><li class='ez-toc-page-1 ez-toc-heading-level-2'><a class=\"ez-toc-link ez-toc-heading-2\" href=\"https:\/\/nutrident.fr\/es\/empastes-dentales-o-amalgama\/#Tipos_de_obturaciones_dentales\" title=\"Tipos de obturaciones dentales\">Tipos de obturaciones dentales<\/a><\/li><li class='ez-toc-page-1 ez-toc-heading-level-2'><a class=\"ez-toc-link ez-toc-heading-3\" href=\"https:\/\/nutrident.fr\/es\/empastes-dentales-o-amalgama\/#%C2%BFCuanto_dura_un_empaste_dental\" title=\"\u00bfCu\u00e1nto dura un empaste dental?\">\u00bfCu\u00e1nto dura un empaste dental?<\/a><\/li><li class='ez-toc-page-1 ez-toc-heading-level-2'><a class=\"ez-toc-link ez-toc-heading-4\" href=\"https:\/\/nutrident.fr\/es\/empastes-dentales-o-amalgama\/#La_controversia_del_mercurio\" title=\"La controversia del mercurio\">La controversia del mercurio<\/a><\/li><li class='ez-toc-page-1 ez-toc-heading-level-2'><a class=\"ez-toc-link ez-toc-heading-5\" href=\"https:\/\/nutrident.fr\/es\/empastes-dentales-o-amalgama\/#%C2%BFExisten_contraindicaciones_para_los_empastes_dentales\" title=\"\u00bfExisten contraindicaciones para los empastes dentales?\">\u00bfExisten contraindicaciones para los empastes dentales?<\/a><\/li><li class='ez-toc-page-1 ez-toc-heading-level-2'><a class=\"ez-toc-link ez-toc-heading-6\" href=\"https:\/\/nutrident.fr\/es\/empastes-dentales-o-amalgama\/#Obturaciones_dentales_para_mujeres_embarazadas\" title=\"Obturaciones dentales para mujeres embarazadas\">Obturaciones dentales para mujeres embarazadas<\/a><\/li><li class='ez-toc-page-1 ez-toc-heading-level-2'><a class=\"ez-toc-link ez-toc-heading-7\" href=\"https:\/\/nutrident.fr\/es\/empastes-dentales-o-amalgama\/#%C2%BFCuanto_cuestan_los_empastes_dentales\" title=\"\u00bfCu\u00e1nto cuestan los empastes dentales?\">\u00bfCu\u00e1nto cuestan los empastes dentales?<\/a><\/li><li class='ez-toc-page-1 ez-toc-heading-level-2'><a class=\"ez-toc-link ez-toc-heading-8\" href=\"https:\/\/nutrident.fr\/es\/empastes-dentales-o-amalgama\/#%C2%BFCual_es_el_futuro_de_las_amalgamas_dentales\" title=\"\u00bfCu\u00e1l es el futuro de las amalgamas dentales?\">\u00bfCu\u00e1l es el futuro de las amalgamas dentales?<\/a><\/li><\/ul><\/nav><\/div>\n<h2><span class=\"ez-toc-section\" id=\"%C2%BFPara_que_sirven_los_empastes_dentales\"><\/span>\u00bfPara qu\u00e9 sirven los empastes dentales?<span class=\"ez-toc-section-end\"><\/span><\/h2>\n\n\n\n<p>Las obturaciones dentales, tambi\u00e9n conocidas como empastes o restauraciones, se utilizan para <strong>rellenar los dientes<\/strong> que han sido da\u00f1ados por <a href=\"https:\/\/nutrident.fr\/es\/caries\/\" target=\"_blank\" data-type=\"URL\" data-id=\"https:\/\/nutrident.fr\/es\/caries\/\" rel=\"noreferrer noopener\">caries<\/a>. La amalgama dental se ha empleado ampliamente durante d\u00e9cadas por su bajo coste y su excelente durabilidad, y se utiliza para tratar los dientes de la parte posterior de la boca (molares y premolares). Para los dientes visibles (incisivos y caninos), es preferible utilizar la resina compuesta o composite.<\/p>\n\n\n\n<h2><span class=\"ez-toc-section\" id=\"Tipos_de_obturaciones_dentales\"><\/span>Tipos de obturaciones dentales<span class=\"ez-toc-section-end\"><\/span><\/h2>\n\n\n\n<h3>Amalgama<\/h3>\n\n\n\n<p>La amalgama es un tipo de obturaci\u00f3n dental hecha con <strong>aleaciones met\u00e1licas<\/strong>, generalmente de una mezcla de mercurio, cobre, esta\u00f1o, plata, esta\u00f1o y\/o zinc. Se ha utilizado durante m\u00e1s de 150 a\u00f1os y cuenta con una <strong>gran durabilidad y resistencia<\/strong>. Sin embargo, este tipo de restauraci\u00f3n est\u00e1 cayendo en desuso debido a que el mercurio es un elemento muy t\u00f3xico y tambi\u00e9n porque su color met\u00e1lico es bastante antiest\u00e9tico.<\/p>\n\n\n\n<h3>Resina compuesta o composite<\/h3>\n\n\n\n<p>La resina compuesta tiene la misma funci\u00f3n que una amalgama, pero su composici\u00f3n y color son diferentes. Est\u00e1 fabricada con compuestos de pl\u00e1stico y fibra de vidrio y tiene un tono que <strong>coincide con el color de los dientes<\/strong>, por lo que es imperceptible una vez aplicada.<\/p>\n\n\n\n<p>Las restauraciones dentales de resina son un poco m\u00e1s costosas que las amalgamas, pero se prefieren por su atractivo est\u00e9tico y porque no contienen elementos t\u00f3xicos. Por otro lado, son menos resistentes a la presi\u00f3n masticatoria y al desgaste, pero los avances tecnol\u00f3gicos le permitir\u00e1n alg\u00fan d\u00eda competir con la duraci\u00f3n de los empastes de metal.<\/p>\n\n\n\n<h2><span class=\"ez-toc-section\" id=\"%C2%BFCuanto_dura_un_empaste_dental\"><\/span>\u00bfCu\u00e1nto dura un empaste dental?<span class=\"ez-toc-section-end\"><\/span><\/h2>\n\n\n<div class=\"wp-block-image\">\n<figure class=\"alignright size-large is-resized\"><img src=\"https:\/\/nutrident.fr\/wp-content\/uploads\/2023\/07\/amalgama-1024x768.jpg\" alt=\"empastes dentales\" class=\"wp-image-22394\" width=\"300\" height=\"200\"\/><figcaption>Las amalgamas dentales son bastante antiest\u00e9ticas<\/figcaption><\/figure><\/div>\n\n\n<p>La t\u00e9cnica de la amalgama existe desde hace m\u00e1s de 150 a\u00f1os y, por supuesto, las t\u00e9cnicas han evolucionado y los materiales se han perfeccionado. Con el tiempo, este relleno cambia de volumen. Cuanto m\u00e1s grande sea el empaste, peor ser\u00e1 este cambio para el diente. <\/p>\n\n\n\n<p>Si se encoge, deja un espacio para las bacterias (y por tanto una nueva caries) y si crece, corre el riesgo de fracturar el diente original. Por lo tanto, se recomienda solo para peque\u00f1os rellenos. En este caso, puede conservarse durante <strong>m\u00e1s de quince a\u00f1os<\/strong>.<\/p>\n\n\n\n<p>Los empastes de composite o resina, por otro lado, suelen durar <strong>entre cinco y diez a\u00f1os<\/strong> debido a que son menos resistentes a las fuerzas masticatorias y suelen fracturarse y caerse despu\u00e9s de varios a\u00f1os.<\/p>\n\n\n\n<h2><span class=\"ez-toc-section\" id=\"La_controversia_del_mercurio\"><\/span>La controversia del mercurio<span class=\"ez-toc-section-end\"><\/span><\/h2>\n\n\n\n<p>El mercurio, ingerido en dosis importantes, es <strong>perjudicial para nuestro organismo<\/strong>. Existe una controversia sobre este tema entre los investigadores que creen que la cantidad de mercurio utilizado en una amalgama es m\u00ednima y por lo tanto no supone ning\u00fan riesgo, mientras que otros son m\u00e1s alarmistas y creen que incluso una dosis \u00ednfima es perjudicial.<\/p>\n\n\n\n<h3>\u00bfC\u00f3mo llega el mercurio a nuestro cuerpo?<\/h3>\n\n\n\n<p>El empaste dental sufre presiones al masticar, liberando<strong> una peque\u00f1a cantidad de mercurio que se ingiere junto con la comida<\/strong>. Sin embargo, no es absorbido por el cuerpo, sino que se elimina en las heces. Una parte a\u00fan m\u00e1s peque\u00f1a se inhala en forma de vapor que se libera de forma natural en la boca y es absorbido por la sangre y los pulmones antes de ser excretado en la orina.<\/p>\n\n\n\n<p>Si se observa una amalgama despu\u00e9s de quince a\u00f1os, lo m\u00e1s probable es que no muestre ning\u00fan tipo de desgaste a simple vista, lo que es un buen indicio de que la cantidad de mercurio que se ha liberado de \u00e9l es muy peque\u00f1a.<\/p>\n\n\n\n<p>Las personas m\u00e1s expuestas al mercurio son los dentistas y nunca se ha detectado ninguna enfermedad en estos profesionales relacionada con este elemento, as\u00ed que no hay que preocuparse demasiado. Adem\u00e1s, las amalgamas <strong>se utilizan cada vez menos <\/strong>en favor de las obturaciones de resina compuesta, que no contienen mercurio ni otros metales.<\/p>\n\n\n\n<figure class=\"wp-block-embed is-type-video is-provider-youtube wp-block-embed-youtube wp-embed-aspect-16-9 wp-has-aspect-ratio\"><div class=\"wp-block-embed__wrapper\">\n<iframe title=\"Le plombage dentaire dangereux pour la sant\u00e9\" width=\"500\" height=\"281\" src=\"https:\/\/www.youtube.com\/embed\/7BjjGMKNz_A?feature=oembed\" frameborder=\"0\" allow=\"accelerometer; autoplay; clipboard-write; encrypted-media; gyroscope; picture-in-picture; web-share\" allowfullscreen><\/iframe>\n<\/div><\/figure>\n\n\n\n<h3>Casos de alergia<\/h3>\n\n\n\n<p>Las alergias a los empastes de amalgama <strong>son bastante raras<\/strong> y afectan a menos del 3% de la poblaci\u00f3n.<\/p>\n\n\n\n<p>Por desgracia, debido a la contaminaci\u00f3n del planeta, es posible encontrar mercurio en la naturaleza en cantidades mucho mayores. Los r\u00edos y los oc\u00e9anos son los m\u00e1s afectados y, como resultado, el pescado que comemos suele estar contaminado.<\/p>\n\n\n\n<h2><span class=\"ez-toc-section\" id=\"%C2%BFExisten_contraindicaciones_para_los_empastes_dentales\"><\/span>\u00bfExisten contraindicaciones para los empastes dentales?<span class=\"ez-toc-section-end\"><\/span><\/h2>\n\n\n\n<p>Las personas que son al\u00e9rgicas al mercurio, pero tambi\u00e9n a otros metales utilizados en las amalgamas, deben recurrir a los empastes resina. Las obturaciones met\u00e1licas tampoco se recomiendan a las personas con insuficiencia renal o inmunodeficiencia.<\/p>\n\n\n\n<p>Si tienes muchos empastes de amalgama, debes evitar el <a href=\"https:\/\/nutrident.fr\/es\/blanqueamiento-dental-dentista\/\" target=\"_blank\" data-type=\"URL\" data-id=\"https:\/\/nutrident.fr\/es\/blanqueamiento-dental-dentista\/\" rel=\"noreferrer noopener\">blanquamiento con per\u00f3xido<\/a>, ya que la reacci\u00f3n qu\u00edmica entre ambos produce un poco de vapor que contiene mercurio. Sin embargo, se puede usar el gel blanqueador solo en los dientes visibles (incisivos y caninos) que normalmente no tienen obturaciones de este tipo.<\/p>\n\n\n\n<p>Al cambiar los empastes tambi\u00e9n se liberan algunas part\u00edculas de mercurio, pero solo en cantidades m\u00ednimas.<\/p>\n\n\n\n<p>Dos pa\u00edses escandinavos (Noruega y Dinamarca) ya han prohibido el uso del mercurio en todos los \u00e1mbitos, incluida la odontolog\u00eda. En cualquier caso, dados los avances en los compuestos de resina, el uso de empastes met\u00e1licos ir\u00e1 desapareciendo.<\/p>\n\n\n\n<h2><span class=\"ez-toc-section\" id=\"Obturaciones_dentales_para_mujeres_embarazadas\"><\/span>Obturaciones dentales para mujeres embarazadas<span class=\"ez-toc-section-end\"><\/span><\/h2>\n\n\n<div class=\"wp-block-image\">\n<figure class=\"aligncenter\"><img width=\"1000\" height=\"667\" src=\"https:\/\/nutrident.fr\/wp-content\/uploads\/2019\/08\/maternity-nature-ocean-132730.jpg\" alt=\"relleno para mujeres embarazadas\" class=\"wp-image-1132\" srcset=\"https:\/\/nutrident.fr\/wp-content\/uploads\/2019\/08\/maternity-nature-ocean-132730.jpg 1000w, https:\/\/nutrident.fr\/wp-content\/uploads\/2019\/08\/maternity-nature-ocean-132730-300x200.jpg 300w, https:\/\/nutrident.fr\/wp-content\/uploads\/2019\/08\/maternity-nature-ocean-132730-768x512.jpg 768w, https:\/\/nutrident.fr\/wp-content\/uploads\/2019\/08\/maternity-nature-ocean-132730-980x654.jpg 980w, https:\/\/nutrident.fr\/wp-content\/uploads\/2019\/08\/maternity-nature-ocean-132730-480x320.jpg 480w\" sizes=\"(max-width: 1000px) 100vw, 1000px\" \/><\/figure><\/div>\n\n\n<p>No existe ninguna contraindicaci\u00f3n que impida que una mujer <a href=\"https:\/\/nutrident.fr\/es\/dientes-y-embarazo\/\">embarazada<\/a> se someta a una intervenci\u00f3n dental. Las radiograf\u00edas tampoco son perjudiciales y muchos dentistas utilizan una bata de plomo para proteger el feto. Adem\u00e1s los rayos de la radiograf\u00eda se centran en la boca y no es probable que lleguen al feto. Sin embargo, en algunos casos los profesionales prefieren no realizar radiograf\u00edas en mujeres embarazadas para evitar cualquier problema. <\/p>\n\n\n\n<p>Las mujeres embarazadas que experimentan n\u00e1useas y v\u00f3mitos <strong>son m\u00e1s propensas a desarrollar caries<\/strong>, ya que la acidez del v\u00f3mito debilita el esmalte. Estas caries deben ser tratadas lo m\u00e1s pronto posible, ya que las bacterias que producen las caries infectan la saliva que tragas y pasan a tu cuerpo y al beb\u00e9.<\/p>\n\n\n\n<p>Sin embargo, es mejor <strong>evitar las amalgamas durante el embarazo y la lactancia<\/strong> y en cambio optar por los empastes de resina. En cualquier caso, no hay que dejar que la caries se desarrolle y arriesgarse a una infecci\u00f3n mayor, que puede llegar a ser m\u00e1s perjudicial que las peque\u00f1as part\u00edculas de mercurio.<\/p>\n\n\n\n<h2><span class=\"ez-toc-section\" id=\"%C2%BFCuanto_cuestan_los_empastes_dentales\"><\/span>\u00bfCu\u00e1nto cuestan los empastes dentales?<span class=\"ez-toc-section-end\"><\/span><\/h2>\n\n\n\n<p>El coste de un empaste difiere seg\u00fan su tama\u00f1o, su ubicaci\u00f3n en la boca, la edad del paciente, el dentista, entre otros factores. En espa\u00f1a, el coste promedio de una obturaci\u00f3n de resina es de aproximadamente <strong>unos 50\u20ac<\/strong>. El precio de las amalgamas suele ser m\u00e1s barato, pero no por mucho, y en algunas cl\u00ednicas cuesta lo mismo que un empaste de composite.<\/p>\n\n\n\n<h2><span class=\"ez-toc-section\" id=\"%C2%BFCual_es_el_futuro_de_las_amalgamas_dentales\"><\/span>\u00bfCu\u00e1l es el futuro de las amalgamas dentales?<span class=\"ez-toc-section-end\"><\/span><\/h2>\n\n\n\n<p>Los empastes dentales de metal <strong>est\u00e1n desapareciendo<\/strong> gradualmente en favor de los compuestos de resina. A\u00fan se utilizan para rellenar peque\u00f1as cavidades en los dientes posterores,<strong> <\/strong>pero los avances tecnol\u00f3gicos en salud est\u00e1n dejando las amalgamas en desuso.<\/p>\n\n\n\n<p>La gran ventaja de la resina es su idoneidad est\u00e9tica. Su color puede ajustarse al color natural del diente, por lo que es perfectamente invisible, lo que significa que nadie sospechar\u00e1 que has tenido una caries.<\/p>\n<div class=\"article-data before-content\"><div class=\"article-data__date\"><div class=\"article-data__date-modified\"><time class=\"published\" datetime=\"2022-10-27T18:11:11+00:00\">This article was originally published on&nbsp;<span class=\"2\">octubre 27, 2022<\/span>&nbsp;and was most recently updated on&nbsp;<span>julio 1, 2023<\/span><\/time><br><\/div><\/div><\/div><div class=\"user-info\">    <div class=\"user-info__body\">\r\n      <div class=\"user-info__caption\"><span>Contributors:<\/span><\/div>\r\n\t\t\t        <div class=\"user-info__wrap \">\r\n          <div class=\"user-info__data\">\r\n            <div class=\"user-info__data__info\">\r\n              <div class=\"photo\">\r\n\t\t\t\t\t\t\t\t<img width=\"66\" height=\"61\" src=\"https:\/\/nutrident.fr\/wp-content\/uploads\/2023\/06\/unnamed-66x61.jpg\" class=\"attachment-profileImageAuthor size-profileImageAuthor wp-post-image\" alt=\"Dr Abel Jes\u00fas Pederzoli\" loading=\"lazy\" srcset=\"https:\/\/nutrident.fr\/wp-content\/uploads\/2023\/06\/unnamed-66x61.jpg 66w, https:\/\/nutrident.fr\/wp-content\/uploads\/2023\/06\/unnamed-300x279.jpg 300w, https:\/\/nutrident.fr\/wp-content\/uploads\/2023\/06\/unnamed-1024x952.jpg 1024w, https:\/\/nutrident.fr\/wp-content\/uploads\/2023\/06\/unnamed-768x714.jpg 768w, https:\/\/nutrident.fr\/wp-content\/uploads\/2023\/06\/unnamed-204x190.jpg 204w, https:\/\/nutrident.fr\/wp-content\/uploads\/2023\/06\/unnamed-120x112.jpg 120w, https:\/\/nutrident.fr\/wp-content\/uploads\/2023\/06\/unnamed.jpg 1125w\" sizes=\"(max-width: 66px) 100vw, 66px\" \/>              <\/div>\r\n              <a href=\"https:\/\/nutrident.fr\/es\/author\/dr-abel-jesus-pederzoli\/\" class=\"name\">Dr Abel Jes\u00fas Pederzoli<\/a>\r\n            <\/div>\r\n            <div class=\"user-info__data__social\">\r\n\t\t\t\t\t\t\t\t\t\t\t\t\t\t\t\t\t\t\t\t\t          <a href=\"https:\/\/clinicaleixample.es\/\"\r\n             class=\"soc-item website\">website<\/a>\r\n\t\t\t\t          <a href=\"http:\/\/linkedin.com\/in\/abel-jes%C3%BAs-pederzoli\"\r\n             class=\"soc-item linkedin\">linkedin<\/a>\r\n\t\t\t\t            <\/div>\r\n          <\/div>\r\n          <div class=\"user-info__description\">\r\n\t\t\t\t\t\t\t\t\t\t\t\t\t<p>Con t\u00edtulos obtenidos en la Facultad de Odontolog\u00eda de la Universidad Nacional de La Plata y una participaci\u00f3n activa en congresos y jornadas, el Dr. Pederzoli se mantiene actualizado en las \u00faltimas t\u00e9cnicas y avances en odontolog\u00eda. Actualmente se encuentra desarrollando un proyecto de consultor\u00eda tecnol\u00f3gica aplicada a cl\u00ednicas dentales.<\/p>\n\t\t\t\t\t\t          <\/div>\r\n        <\/div>\r\n\t\t\t\t    <\/div>\r\n\t<\/div><!--copyscapeskip--><div class=\"medical_references\"><div class=\"medical_references__heading\"><span>Fuentes M\u00e9dicas<\/span><\/div><div class=\"medical_references__list\"><p><strong>Scielo:<\/strong> <a href=\"https:\/\/scielo.isciii.es\/scielo.php?script=sci_arttext&pid=S0213-12852018000100004\" target=\"_blank\" rel=\"noopener\">\u00bfEs necesario la remoci\u00f3n preventiva de las restauraciones de amalgama antigua en boca?. Fundamentos en su composici\u00f3n y manipulaci\u00f3n (I)<\/a>. Consultado el 30 de junio de 2023.<\/p>\n<p><strong>Scielo:<\/strong> <a href=\"http:\/\/www.scielo.org.pe\/scielo.php?script=sci_arttext&pid=S1726-46342014000400018\" target=\"_blank\" rel=\"noopener\">Manejo responsable del mercurio de la amalgama dental: una revisi\u00f3n sobre sus repercusiones en la salud<\/a>. Consultado el 30 de junio de 2023.<\/p>\n<\/div><\/div><!--\/copyscapeskip-->","protected":false},"excerpt":{"rendered":"<p>Contributor:&nbsp; Dr Abel Jes\u00fas Pederzoli Updated:&nbsp;julio 1, 2023 Los empastes dentales son tratamientos comunes para rellenar las cavidades que crean las caries en los dientes. Existen dos tipos de empastes: las amalgamas y los empastes de resina o composite, cada una de las cuales tiene sus ventajas y desventajas. En este art\u00edculo, exploraremos en profundidad [&hellip;]<\/p>\n","protected":false},"author":2,"featured_media":0,"parent":0,"menu_order":0,"comment_status":"closed","ping_status":"open","template":"","meta":{"inline_featured_image":false},"acf":[],"_links":{"self":[{"href":"https:\/\/nutrident.fr\/es\/wp-json\/wp\/v2\/pages\/16892"}],"collection":[{"href":"https:\/\/nutrident.fr\/es\/wp-json\/wp\/v2\/pages"}],"about":[{"href":"https:\/\/nutrident.fr\/es\/wp-json\/wp\/v2\/types\/page"}],"author":[{"embeddable":true,"href":"https:\/\/nutrident.fr\/es\/wp-json\/wp\/v2\/users\/2"}],"replies":[{"embeddable":true,"href":"https:\/\/nutrident.fr\/es\/wp-json\/wp\/v2\/comments?post=16892"}],"version-history":[{"count":16,"href":"https:\/\/nutrident.fr\/es\/wp-json\/wp\/v2\/pages\/16892\/revisions"}],"predecessor-version":[{"id":22399,"href":"https:\/\/nutrident.fr\/es\/wp-json\/wp\/v2\/pages\/16892\/revisions\/22399"}],"wp:attachment":[{"href":"https:\/\/nutrident.fr\/es\/wp-json\/wp\/v2\/media?parent=16892"}],"curies":[{"name":"wp","href":"https:\/\/api.w.org\/{rel}","templated":true}]}}