

{"id":16893,"date":"2022-10-27T18:11:58","date_gmt":"2022-10-27T18:11:58","guid":{"rendered":"https:\/\/nutrident.fr\/?page_id=16893"},"modified":"2023-06-13T10:38:02","modified_gmt":"2023-06-13T10:38:02","slug":"piercings-en-la-lengua","status":"publish","type":"page","link":"https:\/\/nutrident.fr\/es\/piercings-en-la-lengua\/","title":{"rendered":"Piercing en la lengua y en los labios: conoce los riesgos y problemas"},"content":{"rendered":"<div class=\"meta\"><div class=\"meta__users\">    <div class=\"meta__users__reviewed\">\r\n      <p class=\"meta__users__caption\">Contributor:&nbsp;<\/p>\r\n      <div class=\"users\">\r\n        <span class=\"users__user\">\r\n          <a href=\"#\">Dr Abel Jes\u00fas Pederzoli<\/a>\r\n        <\/span>\r\n      <\/div>\r\n    <\/div>\r\n\t<\/div><div class=\"meta__date-modified\">Updated:&nbsp;<span>junio 13, 2023<\/span><\/div><\/div><div class=\"wp-block-image\">\n<figure class=\"alignright size-full is-resized\"><img src=\"https:\/\/nutrident.fr\/wp-content\/uploads\/2023\/05\/piercing-en-la-lengua-riesgos.jpg\" alt=\"\" class=\"wp-image-21296\" width=\"250\" height=\"167\" srcset=\"https:\/\/nutrident.fr\/wp-content\/uploads\/2023\/05\/piercing-en-la-lengua-riesgos.jpg 1000w, https:\/\/nutrident.fr\/wp-content\/uploads\/2023\/05\/piercing-en-la-lengua-riesgos-300x200.jpg 300w, https:\/\/nutrident.fr\/wp-content\/uploads\/2023\/05\/piercing-en-la-lengua-riesgos-768x512.jpg 768w, https:\/\/nutrident.fr\/wp-content\/uploads\/2023\/05\/piercing-en-la-lengua-riesgos-254x169.jpg 254w, https:\/\/nutrident.fr\/wp-content\/uploads\/2023\/05\/piercing-en-la-lengua-riesgos-66x44.jpg 66w, https:\/\/nutrident.fr\/wp-content\/uploads\/2023\/05\/piercing-en-la-lengua-riesgos-120x80.jpg 120w\" sizes=\"(max-width: 250px) 100vw, 250px\" \/><\/figure><\/div>\n\n\n<p>Los piercings en diversas partes del cuerpo son muy populares, pero deben realizarse en las mejores condiciones higi\u00e9nicas posibles y luego se deben vigilar de cerca, sobre todo si se trata de un piercing en la lengua o los labios. Tambi\u00e9n hay que tener en cuenta los riesgos que corren ciertas personas m\u00e1s susceptibles a sufrir problemas y contraindicaciones. <\/p>\n\n\n\n<p>En este art\u00edculo repasamos las precauciones que debes tomar y los riesgos de este tipo de pr\u00e1cticas.<\/p>\n\n\n\n<div id=\"ez-toc-container\" class=\"ez-toc-v2_0_33_2 counter-hierarchy ez-toc-counter ez-toc-white ez-toc-container-direction\">\n<div class=\"ez-toc-title-container\">\n<p class=\"ez-toc-title\">Contenus<\/p>\n<span class=\"ez-toc-title-toggle\"><a href=\"#\" class=\"ez-toc-pull-right ez-toc-btn ez-toc-btn-xs ez-toc-btn-default ez-toc-toggle\" style=\"display: none;\"><label for=\"item\" aria-label=\"Tabla de contenidos\"><i class=\"ez-toc-glyphicon ez-toc-icon-toggle\"><\/i><\/label><input type=\"checkbox\" id=\"item\"><\/a><\/span><\/div>\n<nav><ul class='ez-toc-list ez-toc-list-level-1'><li class='ez-toc-page-1 ez-toc-heading-level-2'><a class=\"ez-toc-link ez-toc-heading-1\" href=\"https:\/\/nutrident.fr\/es\/piercings-en-la-lengua\/#%C2%BFPor_que_hacerse_un_piercing_en_la_lengua\" title=\"\u00bfPor qu\u00e9 hacerse un piercing en la lengua?\">\u00bfPor qu\u00e9 hacerse un piercing en la lengua?<\/a><\/li><li class='ez-toc-page-1 ez-toc-heading-level-2'><a class=\"ez-toc-link ez-toc-heading-2\" href=\"https:\/\/nutrident.fr\/es\/piercings-en-la-lengua\/#%C2%BFCuales_son_las_precauciones_y_cuidados_que_hay_que_tomar_al_realizarse_un_piercing_en_la_lengua_o_labios\" title=\"\u00bfCu\u00e1les son las precauciones y cuidados que hay que tomar al realizarse un piercing en la lengua o labios?\">\u00bfCu\u00e1les son las precauciones y cuidados que hay que tomar al realizarse un piercing en la lengua o labios?<\/a><\/li><li class='ez-toc-page-1 ez-toc-heading-level-2'><a class=\"ez-toc-link ez-toc-heading-3\" href=\"https:\/\/nutrident.fr\/es\/piercings-en-la-lengua\/#%C2%BFCuales_son_las_complicaciones_del_piercing_en_la_boca\" title=\"\u00bfCu\u00e1les son las complicaciones del piercing en la boca?\">\u00bfCu\u00e1les son las complicaciones del piercing en la boca?<\/a><\/li><\/ul><\/nav><\/div>\n<h2><span class=\"ez-toc-section\" id=\"%C2%BFPor_que_hacerse_un_piercing_en_la_lengua\"><\/span>\u00bfPor qu\u00e9 hacerse un piercing en la lengua?<span class=\"ez-toc-section-end\"><\/span><\/h2>\n\n\n\n<p>El piercing es una <strong>costumbre muy antigua<\/strong> que fue y sigue siendo muy practicada en algunas civilizaciones. No es raro encontrar poblaciones amerindias o africanas que siguen manteniendo estas tradiciones en la actualidad.<\/p>\n\n\n\n<p>En los pa\u00edses occidentales, los piercings se realizan por diversos motivos. Son un <strong>fen\u00f3meno de moda<\/strong>, un deseo est\u00e9tico, una forma de pertenecer a un grupo o, por el contrario, una forma de destacar entre los dem\u00e1s, o incluso de rebelarse.<\/p>\n\n\n\n<p>No obstante, debes pensar detenidamente en las consecuencias antes de hacerse un piercing en la lengua y los labios. A diferencia de los piercings discretos, como en el ombligo, un piercing en la zona de la boca se nota al instante.<\/p>\n\n\n\n<p>Esto puede <strong>afectar tus relaciones sociales<\/strong>, as\u00ed como tu carrera profesional. Dependiendo de tu profesi\u00f3n, un piercing puede no ser aceptado.<\/p>\n\n\n\n<p>Por otro lado, recuerda que si alguna vez te lo quitas, puedes quedar marcado de por vida y estas cicatrices pueden verse bastante mal cuando est\u00e1n alrededor de los labios.<\/p>\n\n\n\n<h2><span class=\"ez-toc-section\" id=\"%C2%BFCuales_son_las_precauciones_y_cuidados_que_hay_que_tomar_al_realizarse_un_piercing_en_la_lengua_o_labios\"><\/span>\u00bfCu\u00e1les son las precauciones y cuidados que hay que tomar al realizarse un piercing en la lengua o labios?<span class=\"ez-toc-section-end\"><\/span><\/h2>\n\n\n\n<h3>Higiene<\/h3>\n\n\n\n<p>Las perforaciones se realizan con una aguja o una pistola en farmacias de calidad muy variada. Si est\u00e1s pensando en hacerte un piercing, elige un <strong>profesional con buena reputaci\u00f3n<\/strong> y cuya higiene sea absolutamente impecable.<\/p>\n\n\n\n<p>En general, los piercings suelen ser bastante inocuos. Pero incluso con un profesional de confianza, puedes sufrir complicaciones. Siempre existe el <strong>riesgo de infecci\u00f3n<\/strong>, la cual puede curarse r\u00e1pidamente con un antis\u00e9ptico, pero tambi\u00e9n puede causar una <a href=\"https:\/\/nutrident.fr\/es\/inflamacion-de-encias\/\" target=\"_blank\" data-type=\"URL\" data-id=\"https:\/\/nutrident.fr\/es\/inflamacion-de-encias\/\" rel=\"noreferrer noopener\">inflamaci\u00f3n<\/a> o una hemorragia m\u00e1s grave. En este caso, tendr\u00e1s que retirar el piercing para que se cure.<\/p>\n\n\n\n<p>Otro punto delicado que exige que se respeten las medidas de higiene es la transmisi\u00f3n de varios virus, como el VIH, el virus del papiloma humano (VPH) o la hepatitis B, C o D. El t\u00e9tanos tambi\u00e9n es un riesgo importante.<\/p>\n\n\n\n<h3>Efectos secundarios y contraindicaciones<\/h3>\n\n\n<div class=\"wp-block-image\">\n<figure class=\"alignright size-full is-resized\"><img src=\"https:\/\/nutrident.fr\/wp-content\/uploads\/2023\/05\/piercing-en-la-lengua-peligros.jpg\" alt=\"\" class=\"wp-image-21290\" width=\"250\" height=\"210\" srcset=\"https:\/\/nutrident.fr\/wp-content\/uploads\/2023\/05\/piercing-en-la-lengua-peligros.jpg 1000w, https:\/\/nutrident.fr\/wp-content\/uploads\/2023\/05\/piercing-en-la-lengua-peligros-300x251.jpg 300w, https:\/\/nutrident.fr\/wp-content\/uploads\/2023\/05\/piercing-en-la-lengua-peligros-768x644.jpg 768w, https:\/\/nutrident.fr\/wp-content\/uploads\/2023\/05\/piercing-en-la-lengua-peligros-227x190.jpg 227w, https:\/\/nutrident.fr\/wp-content\/uploads\/2023\/05\/piercing-en-la-lengua-peligros-66x55.jpg 66w, https:\/\/nutrident.fr\/wp-content\/uploads\/2023\/05\/piercing-en-la-lengua-peligros-120x101.jpg 120w\" sizes=\"(max-width: 250px) 100vw, 250px\" \/><\/figure><\/div>\n\n\n<p>Adem\u00e1s de la higiene, debes tener mucho cuidado al comprobar el <strong>material del piercing<\/strong>. Si no se trata de oro o plata, ten cuidado con las alergias que puede provocar y, en el peor de los casos, con las infecciones graves que puede generar un metal oxidado.<\/p>\n\n\n\n<p>Por otro lado, si eres <strong>propenso a los problemas de salud<\/strong> o tienes predisposici\u00f3n a ciertas afecciones, es mejor que hables con tu m\u00e9dico. Estos son algunos ejemplos de condiciones que pueden ser incompatibles con un piercing:<\/p>\n\n\n\n<ul><li>cuando est\u00e1s <strong>inmunocomprometido<\/strong>, tanto si esta condici\u00f3n es temporal, debido a un tratamiento, como si es permanente debido a una enfermedad cr\u00f3nica<\/li><li>si tienes <strong>hemofilia<\/strong> o tu proceso de coagulaci\u00f3n es deficiente<\/li><li>cuando sufres de <strong>alergias<\/strong>, especialmente a los metales<\/li><li>si eres propenso a la <strong>diabetes<\/strong><\/li><li>si tu <strong>sistema card\u00edaco<\/strong> es fr\u00e1gil<\/li><\/ul>\n\n\n\n<p>Ten en cuenta cualquier otra condici\u00f3n m\u00e9dica que puedas tener antes de someterte a este procedimiento.<\/p>\n\n\n\n<h2><span class=\"ez-toc-section\" id=\"%C2%BFCuales_son_las_complicaciones_del_piercing_en_la_boca\"><\/span>\u00bfCu\u00e1les son las complicaciones del piercing en la boca?<span class=\"ez-toc-section-end\"><\/span><\/h2>\n\n\n\n<p>El riesgo principal de los piercings est\u00e1 relacionado con la <strong>infecci\u00f3n<\/strong>. En los d\u00edas siguientes a la perforaci\u00f3n, es normal que la zona est\u00e9 dolorida e hinchada. Perforar la piel no es inocuo, ya que la carne se traumatiza y reacciona antes de curarse.<\/p>\n\n\n\n<p>Puedes notar <strong>enrojecimiento<\/strong>, hematomas localizados e incluso alguna <strong>hemorragia<\/strong> durante los primeros d\u00edas. Estos s\u00edntomas deber\u00edan desaparecer r\u00e1pidamente, en una semana aproximadamente. Probablemente te resulte dif\u00edcil masticar la comida y hablar.<\/p>\n\n\n\n<p>Debes utilizar <a href=\"https:\/\/nutrident.fr\/es\/enjuague-bucal-natural\/\">enjuagues bucales<\/a> antis\u00e9pticos varias veces al d\u00eda para prevenir infecciones. <strong>Evita las especias<\/strong>, la sal, los alimentos y bebidas \u00e1cidas y el alcohol.<\/p>\n\n\n\n<p><a href=\"https:\/\/nutrident.fr\/es\/tabaco\/\" target=\"_blank\" data-type=\"URL\" data-id=\"https:\/\/nutrident.fr\/es\/tabaco\/\" rel=\"noreferrer noopener\">Los cigarrillos<\/a> son perjudiciales porque generan part\u00edculas que se adhieren a la herida y el calor que producen impide la curaci\u00f3n e incluso puede quemar la carne ya traumatizada.<\/p>\n\n\n\n<p>Si observas que la perforaci\u00f3n no vuelve a la normalidad despu\u00e9s de una semana, puede tratarse de una <strong>complicaci\u00f3n m\u00e1s o menos grave<\/strong>. Las consecuencias de una infecci\u00f3n pueden ser importantes, ya que las bacterias que proliferan en la herida son transportadas por todo su cuerpo a trav\u00e9s de la saliva que ingieres.<\/p>\n\n\n\n<p>Otros efectos secundarios y complicaciones son las <strong>lesiones<\/strong>, especialmente al comer, pero tambi\u00e9n los problemas de desgaste a largo plazo. Un piercing que roza con un diente (por su posici\u00f3n, o porque hayas tomado el tic de jugar con \u00e9l) puede <a href=\"https:\/\/nutrident.fr\/es\/7-malos-habitos-que-danan-los-dientes\/\" target=\"_blank\" data-type=\"URL\" data-id=\"https:\/\/nutrident.fr\/es\/7-malos-habitos-que-danan-los-dientes\/\" rel=\"noreferrer noopener\">da\u00f1ar el esmalte y debilitar los dientes<\/a>.<\/p>\n\n\n<div id=\"rank-math-faq\" class=\"rank-math-block\">\n<div class=\"rank-math-list \">\n<div id=\"faq-question-1675610615292\" class=\"rank-math-list-item\">\n<h3 class=\"rank-math-question \">\u00bfCu\u00e1nto tiempo tarda en sanar un piercing en la lengua?<\/h3>\n<div class=\"rank-math-answer \">\n\n<p>Generalmente, las perforaciones en la lengua cicatrizan en alrededor de cuatro semanas.<\/p>\n\n<\/div>\n<\/div>\n<div id=\"faq-question-1675610701749\" class=\"rank-math-list-item\">\n<h3 class=\"rank-math-question \">\u00bfQu\u00e9 desventajas tiene el piercing en la lengua?<\/h3>\n<div class=\"rank-math-answer \">\n\n<p>Un piercing en la lengua puede generar problemas dentales a largo plazo. Por ejemplo, el desgaste del esmalte dental, pero tambi\u00e9n puede producir maloclusiones, api\u00f1amiento, problemas de enc\u00edas en incluso la p\u00e9rdida de dientes adyacentes.<\/p>\n\n<\/div>\n<\/div>\n<div id=\"faq-question-1675610811380\" class=\"rank-math-list-item\">\n<h3 class=\"rank-math-question \">\u00bfC\u00f3mo lavarse los dientes con un piercing en la lengua?<\/h3>\n<div class=\"rank-math-answer \">\n\n<p>Cep\u00edllate los dientes como de costumbre, preferiblemente despu\u00e9s de cada comida. Aseg\u00farate de usar un enjuague bucal o colutorio antibacterial para prevenir infecciones.<\/p>\n\n<\/div>\n<\/div>\n<div id=\"faq-question-1675610890783\" class=\"rank-math-list-item\">\n<h3 class=\"rank-math-question \">\u00bfQu\u00e9 se puede comer con un piercing en la lengua?<\/h3>\n<div class=\"rank-math-answer \">\n\n<p>Durante un par de d\u00edas despu\u00e9s de realizada la perforaci\u00f3n, es recomendable seguir una dienta blanda baja en sal y en especias. Evita los alimentos pegajosos y picantes, no tomes alcohol ni fumes.<\/p>\n\n<\/div>\n<\/div>\n<\/div>\n<\/div><div class=\"article-data before-content\"><div class=\"article-data__date\"><div class=\"article-data__date-modified\"><time class=\"published\" datetime=\"2022-10-27T18:11:58+00:00\">This article was originally published on&nbsp;<span class=\"2\">octubre 27, 2022<\/span>&nbsp;and was most recently updated on&nbsp;<span>junio 13, 2023<\/span><\/time><br><\/div><\/div><\/div><div class=\"user-info\">    <div class=\"user-info__body\">\r\n      <div class=\"user-info__caption\"><span>Contributors:<\/span><\/div>\r\n\t\t\t        <div class=\"user-info__wrap \">\r\n          <div class=\"user-info__data\">\r\n            <div class=\"user-info__data__info\">\r\n              <div class=\"photo\">\r\n\t\t\t\t\t\t\t\t<img width=\"66\" height=\"61\" src=\"https:\/\/nutrident.fr\/wp-content\/uploads\/2023\/06\/unnamed-66x61.jpg\" class=\"attachment-profileImageAuthor size-profileImageAuthor wp-post-image\" alt=\"Dr Abel Jes\u00fas Pederzoli\" loading=\"lazy\" srcset=\"https:\/\/nutrident.fr\/wp-content\/uploads\/2023\/06\/unnamed-66x61.jpg 66w, https:\/\/nutrident.fr\/wp-content\/uploads\/2023\/06\/unnamed-300x279.jpg 300w, https:\/\/nutrident.fr\/wp-content\/uploads\/2023\/06\/unnamed-1024x952.jpg 1024w, https:\/\/nutrident.fr\/wp-content\/uploads\/2023\/06\/unnamed-768x714.jpg 768w, https:\/\/nutrident.fr\/wp-content\/uploads\/2023\/06\/unnamed-204x190.jpg 204w, https:\/\/nutrident.fr\/wp-content\/uploads\/2023\/06\/unnamed-120x112.jpg 120w, https:\/\/nutrident.fr\/wp-content\/uploads\/2023\/06\/unnamed.jpg 1125w\" sizes=\"(max-width: 66px) 100vw, 66px\" \/>              <\/div>\r\n              <a href=\"https:\/\/nutrident.fr\/es\/author\/dr-abel-jesus-pederzoli\/\" class=\"name\">Dr Abel Jes\u00fas Pederzoli<\/a>\r\n            <\/div>\r\n            <div class=\"user-info__data__social\">\r\n\t\t\t\t\t\t\t\t\t\t\t\t\t\t\t\t\t\t\t\t\t          <a href=\"https:\/\/clinicaleixample.es\/\"\r\n             class=\"soc-item website\">website<\/a>\r\n\t\t\t\t          <a href=\"http:\/\/linkedin.com\/in\/abel-jes%C3%BAs-pederzoli\"\r\n             class=\"soc-item linkedin\">linkedin<\/a>\r\n\t\t\t\t            <\/div>\r\n          <\/div>\r\n          <div class=\"user-info__description\">\r\n\t\t\t\t\t\t\t\t\t\t\t\t\t<p>Con t\u00edtulos obtenidos en la Facultad de Odontolog\u00eda de la Universidad Nacional de La Plata y una participaci\u00f3n activa en congresos y jornadas, el Dr. Pederzoli se mantiene actualizado en las \u00faltimas t\u00e9cnicas y avances en odontolog\u00eda. Actualmente se encuentra desarrollando un proyecto de consultor\u00eda tecnol\u00f3gica aplicada a cl\u00ednicas dentales.<\/p>\n\t\t\t\t\t\t          <\/div>\r\n        <\/div>\r\n\t\t\t\t    <\/div>\r\n\t<\/div><!--copyscapeskip--><div class=\"medical_references\"><div class=\"medical_references__heading\"><span>Fuentes M\u00e9dicas<\/span><\/div><div class=\"medical_references__list\"><p><strong>WebMD:<\/strong> <a href=\"https:\/\/www.webmd.com\/oral-health\/guide\/oral-piercing\" target=\"_blank\" rel=\"noopener\">Oral Piercings<\/a>. Consultado el 05 de febrero de 2022.<\/p>\n<p><strong>Healthline:<\/strong> <a href=\"https:\/\/www.healthline.com\/health\/tongue-piercing-healing-stages\" target=\"_blank\" rel=\"noopener\">What to Expect During Each Stage of Your Tongue Piercing Healing Process<\/a>. Consultado el 05 de febrero de 2022.<\/p>\n<\/div><\/div><!--\/copyscapeskip-->","protected":false},"excerpt":{"rendered":"<p>Contributor:&nbsp; Dr Abel Jes\u00fas Pederzoli Updated:&nbsp;junio 13, 2023 Los piercings en diversas partes del cuerpo son muy populares, pero deben realizarse en las mejores condiciones higi\u00e9nicas posibles y luego se deben vigilar de cerca, sobre todo si se trata de un piercing en la lengua o los labios. Tambi\u00e9n hay que tener en cuenta los [&hellip;]<\/p>\n","protected":false},"author":2,"featured_media":20095,"parent":0,"menu_order":0,"comment_status":"open","ping_status":"open","template":"","meta":{"inline_featured_image":false},"acf":[],"_links":{"self":[{"href":"https:\/\/nutrident.fr\/es\/wp-json\/wp\/v2\/pages\/16893"}],"collection":[{"href":"https:\/\/nutrident.fr\/es\/wp-json\/wp\/v2\/pages"}],"about":[{"href":"https:\/\/nutrident.fr\/es\/wp-json\/wp\/v2\/types\/page"}],"author":[{"embeddable":true,"href":"https:\/\/nutrident.fr\/es\/wp-json\/wp\/v2\/users\/2"}],"replies":[{"embeddable":true,"href":"https:\/\/nutrident.fr\/es\/wp-json\/wp\/v2\/comments?post=16893"}],"version-history":[{"count":22,"href":"https:\/\/nutrident.fr\/es\/wp-json\/wp\/v2\/pages\/16893\/revisions"}],"predecessor-version":[{"id":21946,"href":"https:\/\/nutrident.fr\/es\/wp-json\/wp\/v2\/pages\/16893\/revisions\/21946"}],"wp:featuredmedia":[{"embeddable":true,"href":"https:\/\/nutrident.fr\/es\/wp-json\/wp\/v2\/media\/20095"}],"wp:attachment":[{"href":"https:\/\/nutrident.fr\/es\/wp-json\/wp\/v2\/media?parent=16893"}],"curies":[{"name":"wp","href":"https:\/\/api.w.org\/{rel}","templated":true}]}}