

{"id":16897,"date":"2022-10-28T10:22:54","date_gmt":"2022-10-28T10:22:54","guid":{"rendered":"https:\/\/nutrident.fr\/?page_id=16897"},"modified":"2023-06-15T23:09:12","modified_gmt":"2023-06-15T23:09:12","slug":"dientes-de-leche","status":"publish","type":"page","link":"https:\/\/nutrident.fr\/es\/dientes-de-leche\/","title":{"rendered":"El cuidado de los dientes de leche"},"content":{"rendered":"<div class=\"meta\"><div class=\"meta__users\">    <div class=\"meta__users__reviewed\">\r\n      <p class=\"meta__users__caption\">Contributor:&nbsp;<\/p>\r\n      <div class=\"users\">\r\n        <span class=\"users__user\">\r\n          <a href=\"#\">Dr Abel Jes\u00fas Pederzoli<\/a>\r\n        <\/span>\r\n      <\/div>\r\n    <\/div>\r\n\t<\/div><div class=\"meta__date-modified\">Updated:&nbsp;<span>junio 15, 2023<\/span><\/div><\/div><div class=\"wp-block-image\">\n<figure class=\"alignright size-large is-resized\"><img src=\"https:\/\/nutrident.fr\/wp-content\/uploads\/2023\/04\/dientes-del-bebe-1024x682.jpg\" alt=\"dientes de leche\" class=\"wp-image-20874\" width=\"300\" height=\"200\" srcset=\"https:\/\/nutrident.fr\/wp-content\/uploads\/2023\/04\/dientes-del-bebe-1024x682.jpg 1024w, https:\/\/nutrident.fr\/wp-content\/uploads\/2023\/04\/dientes-del-bebe-300x200.jpg 300w, https:\/\/nutrident.fr\/wp-content\/uploads\/2023\/04\/dientes-del-bebe-768x512.jpg 768w, https:\/\/nutrident.fr\/wp-content\/uploads\/2023\/04\/dientes-del-bebe-1536x1024.jpg 1536w, https:\/\/nutrident.fr\/wp-content\/uploads\/2023\/04\/dientes-del-bebe-254x169.jpg 254w, https:\/\/nutrident.fr\/wp-content\/uploads\/2023\/04\/dientes-del-bebe-66x44.jpg 66w, https:\/\/nutrident.fr\/wp-content\/uploads\/2023\/04\/dientes-del-bebe-120x80.jpg 120w, https:\/\/nutrident.fr\/wp-content\/uploads\/2023\/04\/dientes-del-bebe.jpg 2000w\" sizes=\"(max-width: 300px) 100vw, 300px\" \/><\/figure><\/div>\n\n\n<p>Los primeros dientes de leche (o dentici\u00f3n decidua) aparecen a los seis meses de edad y es muy importante cuidarlos desde el inicio a pesar de que son temporales. Los dientes de leche <a href=\"https:\/\/nutrident.fr\/es\/caries-y-dieta\/\">cariados<\/a> son antiest\u00e9ticos, por supuesto, pero lo m\u00e1s importante es que son dolorosos y pueden <strong>interferir en la alimentaci\u00f3n del ni\u00f1o<\/strong>.<\/p>\n\n\n\n<p>Tambi\u00e9n hay que recordar que se trata de <strong>nidos de bacterias<\/strong> que la saliva ingerida llevar\u00e1 al sistema digestivo y luego a todo el organismo. Adem\u00e1s, los dientes permanentes que crecen bajo los dientes de leche <strong>pueden verse afectados<\/strong> por estas bacterias y <a href=\"https:\/\/nutrident.fr\/es\/ortodoncia\/consequencias-pulgar-chupete\/\" target=\"_blank\" data-type=\"URL\" rel=\"noreferrer noopener\">generar problemas<\/a> que tendr\u00e1n que corregirse m\u00e1s adelante. Por esta raz\u00f3n es fundamental acostumbrar a los ni\u00f1os a tener una buena higiene bucal desde una edad temprana, ya que de esta manera se convertir\u00e1 en una rutina para toda la vida.<\/p>\n\n\n\n<p>En este art\u00edculo, exploraremos los aspectos m\u00e1s importantes que debes tener en cuenta a la hora de cuidar los dientes de leche de tus hijos.<\/p>\n\n\n\n<div id=\"ez-toc-container\" class=\"ez-toc-v2_0_33_2 counter-hierarchy ez-toc-counter ez-toc-white ez-toc-container-direction\">\n<div class=\"ez-toc-title-container\">\n<p class=\"ez-toc-title\">Contenus<\/p>\n<span class=\"ez-toc-title-toggle\"><a href=\"#\" class=\"ez-toc-pull-right ez-toc-btn ez-toc-btn-xs ez-toc-btn-default ez-toc-toggle\" style=\"display: none;\"><label for=\"item\" aria-label=\"Tabla de contenidos\"><i class=\"ez-toc-glyphicon ez-toc-icon-toggle\"><\/i><\/label><input type=\"checkbox\" id=\"item\"><\/a><\/span><\/div>\n<nav><ul class='ez-toc-list ez-toc-list-level-1'><li class='ez-toc-page-1 ez-toc-heading-level-2'><a class=\"ez-toc-link ez-toc-heading-1\" href=\"https:\/\/nutrident.fr\/es\/dientes-de-leche\/#A_partir_de_los_dos_anos_la_primera_visita_al_dentista_es_esencial\" title=\"A partir de los dos a\u00f1os, la primera visita al dentista es esencial\">A partir de los dos a\u00f1os, la primera visita al dentista es esencial<\/a><\/li><li class='ez-toc-page-1 ez-toc-heading-level-2'><a class=\"ez-toc-link ez-toc-heading-2\" href=\"https:\/\/nutrident.fr\/es\/dientes-de-leche\/#La_eleccion_del_cepillo\" title=\"La elecci\u00f3n del cepillo\">La elecci\u00f3n del cepillo<\/a><\/li><li class='ez-toc-page-1 ez-toc-heading-level-2'><a class=\"ez-toc-link ez-toc-heading-3\" href=\"https:\/\/nutrident.fr\/es\/dientes-de-leche\/#El_uso_del_cepillo_de_dientes\" title=\"El uso del cepillo de dientes\">El uso del cepillo de dientes<\/a><\/li><li class='ez-toc-page-1 ez-toc-heading-level-2'><a class=\"ez-toc-link ez-toc-heading-4\" href=\"https:\/\/nutrident.fr\/es\/dientes-de-leche\/#Despues_de_tres_anos\" title=\"Despu\u00e9s de tres a\u00f1os\">Despu\u00e9s de tres a\u00f1os<\/a><\/li><li class='ez-toc-page-1 ez-toc-heading-level-2'><a class=\"ez-toc-link ez-toc-heading-5\" href=\"https:\/\/nutrident.fr\/es\/dientes-de-leche\/#Preguntas_frecuentes\" title=\"Preguntas frecuentes\">Preguntas frecuentes<\/a><\/li><\/ul><\/nav><\/div>\n<h2><span class=\"ez-toc-section\" id=\"A_partir_de_los_dos_anos_la_primera_visita_al_dentista_es_esencial\"><\/span>A partir de los dos a\u00f1os, la primera visita al dentista es esencial<span class=\"ez-toc-section-end\"><\/span><\/h2>\n\n\n\n<p>Cuando tu hijo sea muy peque\u00f1o, puedes pedir al dentista que le dedique unos minutos durante tu propia <a href=\"https:\/\/nutrident.fr\/es\/acudir-al-dentista\/\" target=\"_blank\" data-type=\"URL\" data-id=\"https:\/\/nutrident.fr\/es\/acudir-al-dentista\/\" rel=\"noreferrer noopener\">revisi\u00f3n anual<\/a>. El profesional comprobar\u00e1 que todo est\u00e1 bien el proceso permitir\u00e1 que el ni\u00f1o, a partir de los dos a\u00f1os, <strong>se familiarice con la consulta dental<\/strong> al ver a su padre o madre sentado en el sill\u00f3n del dentista.<\/p>\n\n\n\n<h2><span class=\"ez-toc-section\" id=\"La_eleccion_del_cepillo\"><\/span>La elecci\u00f3n del cepillo<span class=\"ez-toc-section-end\"><\/span><\/h2>\n\n\n\n<p>Es importante que el <a href=\"https:\/\/nutrident.fr\/es\/cepillo-dientes\/\" target=\"_blank\" rel=\"noreferrer noopener\">cepillo de dientes<\/a> tenga <strong>cerdas suaves<\/strong> y que la cabeza y el mango tengan el tama\u00f1o adecuado para ajustarse a la boca de un ni\u00f1o. El cepillo de dientes debe cambiarse cada tres meses aproximadamente. Una forma de saber que es el momento de cambiar de cepillo es cuando notes que las cerdas comienzan a caerse o est\u00e1n ya desgastadas y torcidas.<\/p>\n\n\n\n<h2><span class=\"ez-toc-section\" id=\"El_uso_del_cepillo_de_dientes\"><\/span>El uso del cepillo de dientes<span class=\"ez-toc-section-end\"><\/span><\/h2>\n\n\n<div class=\"wp-block-image\">\n<figure class=\"alignright size-large is-resized\"><img src=\"https:\/\/nutrident.fr\/wp-content\/uploads\/2023\/04\/los-dientes-del-bebe-1024x683.jpg\" alt=\"\" class=\"wp-image-20863\" width=\"300\" height=\"200\" srcset=\"https:\/\/nutrident.fr\/wp-content\/uploads\/2023\/04\/los-dientes-del-bebe-1024x683.jpg 1024w, https:\/\/nutrident.fr\/wp-content\/uploads\/2023\/04\/los-dientes-del-bebe-300x200.jpg 300w, https:\/\/nutrident.fr\/wp-content\/uploads\/2023\/04\/los-dientes-del-bebe-768x512.jpg 768w, https:\/\/nutrident.fr\/wp-content\/uploads\/2023\/04\/los-dientes-del-bebe-1536x1024.jpg 1536w, https:\/\/nutrident.fr\/wp-content\/uploads\/2023\/04\/los-dientes-del-bebe-254x169.jpg 254w, https:\/\/nutrident.fr\/wp-content\/uploads\/2023\/04\/los-dientes-del-bebe-66x44.jpg 66w, https:\/\/nutrident.fr\/wp-content\/uploads\/2023\/04\/los-dientes-del-bebe-120x80.jpg 120w, https:\/\/nutrident.fr\/wp-content\/uploads\/2023\/04\/los-dientes-del-bebe.jpg 1999w\" sizes=\"(max-width: 300px) 100vw, 300px\" \/><\/figure><\/div>\n\n\n<p>Existen cepillos muy suaves que permiten cepillar los <a href=\"https:\/\/nutrident.fr\/es\/cuidar-dientes-del-bebe\/\" target=\"_blank\" data-type=\"URL\" data-id=\"https:\/\/nutrident.fr\/es\/cuidar-dientes-del-bebe\/\" rel=\"noreferrer noopener\">primeros dientes del beb\u00e9<\/a>, en torno a los seis meses de edad, y masajear las enc\u00edas que pueden estar doloridas debido a la erupci\u00f3n de los dientes de leche.<\/p>\n\n\n\n<p>A partir de los dos a\u00f1os, puedes empezar a utilizar un poco de <a href=\"https:\/\/nutrident.fr\/es\/elegir-la-mejor-pasta-de-dientes\/\" target=\"_blank\" data-type=\"URL\" data-id=\"https:\/\/nutrident.fr\/es\/elegir-la-mejor-pasta-de-dientes\/\" rel=\"noreferrer noopener\">pasta de dientes<\/a>. Elige una <strong>pasta de dientes con un sabor neutro<\/strong>, ya que cualquier aroma demasiado fuerte puede provocar una desagradable sensaci\u00f3n de escozor que har\u00e1 que el ni\u00f1o aborrezca cada sesi\u00f3n de cepillado. Una buena idea es adquirir pastas dentales especiales para los dientes de leche.<\/p>\n\n\n\n<p>No descuides nunca la <strong>parte posterior de los dientes<\/strong>, especialmente la parte posterior de los incisivos inferiores, ya que estos son m\u00e1s propensos a acumular placa dental.<\/p>\n\n\n\n<p>Despu\u00e9s de dos o tres minutos de cepillado, es momento de escupir la pasta dental. Ten en cuenta que una buena pasta de dientes <strong>no necesita aclararse<\/strong>. Por el contrario, su acci\u00f3n contin\u00faa de forma natural hasta que la saliva la elimina por completo.<\/p>\n\n\n\n<p>Ense\u00f1a a tu hijo a cepillarse los dientes despu\u00e9s de cada comida, a menos que no sea posible por alguna raz\u00f3n extraordinaria.<\/p>\n\n\n\n<h2><span class=\"ez-toc-section\" id=\"Despues_de_tres_anos\"><\/span>Despu\u00e9s de tres a\u00f1os<span class=\"ez-toc-section-end\"><\/span><\/h2>\n\n\n\n<p>Si acostumbras a tu hijo a cepillarse los dientes desde que le salen los primeros dientes, a los tres a\u00f1os <strong>podr\u00e1 ser independiente<\/strong> y hacerlo por s\u00ed mismo. Aseg\u00farate de que lo est\u00e1 haciendo correctamente y durante el tiempo suficiente. Hazle saber que no es necesario que use demasiada pasta de dientes, una peque\u00f1a cantidad es suficiente (esto tambi\u00e9n se aplica a los adultos).<\/p>\n\n\n\n<p>La <strong>visita anual al dentista<\/strong> es una oportunidad para revisar y comprobar que el ni\u00f1o se cepilla correctamente y que todo marcha de manera positiva.<\/p>\n\n\n\n<h2><span class=\"ez-toc-section\" id=\"Preguntas_frecuentes\"><\/span>Preguntas frecuentes<span class=\"ez-toc-section-end\"><\/span><\/h2>\n\n\n<div id=\"rank-math-faq\" class=\"rank-math-block\">\n<div class=\"rank-math-list \">\n<div id=\"faq-question-1682595946953\" class=\"rank-math-list-item\">\n<h3 class=\"rank-math-question \">\u00bfCu\u00e1ntos son los dientes de leche?<\/h3>\n<div class=\"rank-math-answer \">\n\n<p>Los ni\u00f1os tienen veinte dientes de leche, diez por cada arcada dental. Estos son los dientes temporales que dar\u00e1n paso a los 32 dientes permanentes que tiene un adulto.<\/p>\n\n<\/div>\n<\/div>\n<div id=\"faq-question-1682596236721\" class=\"rank-math-list-item\">\n<h3 class=\"rank-math-question \">\u00bfCu\u00e1ndo terminan de salir los dientes de leche?<\/h3>\n<div class=\"rank-math-answer \">\n\n<p>La dentici\u00f3n decidua o temporal sucede a partir de los seis meses y suele culminar entre los dos y tres a\u00f1os de edad, momento en el cual el ni\u00f1o deber\u00eda tener veinte dientes de leche.<\/p>\n\n<\/div>\n<\/div>\n<div id=\"faq-question-1682596043472\" class=\"rank-math-list-item\">\n<h3 class=\"rank-math-question \">\u00bfCu\u00e1ndo empiezan a caerse los dientes de leche?<\/h3>\n<div class=\"rank-math-answer \">\n\n<p>Generalmente, los dientes de leche comienzan a caerse a partir de los seis a\u00f1os de edad, comenzando por los dientes centrales inferiores, mientras que los molares suelen caerse entre los diez y doce a\u00f1os de edad. Sin embargo, no es infrecuente que uno o varios dientes de leche permanezcan bien entrada la adultez.<\/p>\n\n<\/div>\n<\/div>\n<\/div>\n<\/div><div class=\"article-data before-content\"><div class=\"article-data__date\"><div class=\"article-data__date-modified\"><time class=\"published\" datetime=\"2022-10-28T10:22:54+00:00\">This article was originally published on&nbsp;<span class=\"2\">octubre 28, 2022<\/span>&nbsp;and was most recently updated on&nbsp;<span>junio 15, 2023<\/span><\/time><br><\/div><\/div><\/div><div class=\"user-info\">    <div class=\"user-info__body\">\r\n      <div class=\"user-info__caption\"><span>Contributors:<\/span><\/div>\r\n\t\t\t        <div class=\"user-info__wrap \">\r\n          <div class=\"user-info__data\">\r\n            <div class=\"user-info__data__info\">\r\n              <div class=\"photo\">\r\n\t\t\t\t\t\t\t\t<img width=\"66\" height=\"61\" src=\"https:\/\/nutrident.fr\/wp-content\/uploads\/2023\/06\/unnamed-66x61.jpg\" class=\"attachment-profileImageAuthor size-profileImageAuthor wp-post-image\" alt=\"Dr Abel Jes\u00fas Pederzoli\" loading=\"lazy\" srcset=\"https:\/\/nutrident.fr\/wp-content\/uploads\/2023\/06\/unnamed-66x61.jpg 66w, https:\/\/nutrident.fr\/wp-content\/uploads\/2023\/06\/unnamed-300x279.jpg 300w, https:\/\/nutrident.fr\/wp-content\/uploads\/2023\/06\/unnamed-1024x952.jpg 1024w, https:\/\/nutrident.fr\/wp-content\/uploads\/2023\/06\/unnamed-768x714.jpg 768w, https:\/\/nutrident.fr\/wp-content\/uploads\/2023\/06\/unnamed-204x190.jpg 204w, https:\/\/nutrident.fr\/wp-content\/uploads\/2023\/06\/unnamed-120x112.jpg 120w, https:\/\/nutrident.fr\/wp-content\/uploads\/2023\/06\/unnamed.jpg 1125w\" sizes=\"(max-width: 66px) 100vw, 66px\" \/>              <\/div>\r\n              <a href=\"https:\/\/nutrident.fr\/es\/author\/dr-abel-jesus-pederzoli\/\" class=\"name\">Dr Abel Jes\u00fas Pederzoli<\/a>\r\n            <\/div>\r\n            <div class=\"user-info__data__social\">\r\n\t\t\t\t\t\t\t\t\t\t\t\t\t\t\t\t\t\t\t\t\t          <a href=\"https:\/\/clinicaleixample.es\/\"\r\n             class=\"soc-item website\">website<\/a>\r\n\t\t\t\t          <a href=\"http:\/\/linkedin.com\/in\/abel-jes%C3%BAs-pederzoli\"\r\n             class=\"soc-item linkedin\">linkedin<\/a>\r\n\t\t\t\t            <\/div>\r\n          <\/div>\r\n          <div class=\"user-info__description\">\r\n\t\t\t\t\t\t\t\t\t\t\t\t\t<p>Con t\u00edtulos obtenidos en la Facultad de Odontolog\u00eda de la Universidad Nacional de La Plata y una participaci\u00f3n activa en congresos y jornadas, el Dr. Pederzoli se mantiene actualizado en las \u00faltimas t\u00e9cnicas y avances en odontolog\u00eda. Actualmente se encuentra desarrollando un proyecto de consultor\u00eda tecnol\u00f3gica aplicada a cl\u00ednicas dentales.<\/p>\n\t\t\t\t\t\t          <\/div>\r\n        <\/div>\r\n\t\t\t\t    <\/div>\r\n\t<\/div><!--copyscapeskip--><div class=\"medical_references\"><div class=\"medical_references__heading\"><span>Fuentes M\u00e9dicas<\/span><\/div><div class=\"medical_references__list\"><p><strong>KidsHealth:<\/strong> <a href=\"https:\/\/kidshealth.org\/en\/parents\/start-brushing-teeth.html\" target=\"_blank\" rel=\"noopener\">How Do I Care for My Baby's Teeth?<\/a> Consultado el 24 de abril de 2023.<\/p>\n<p><strong>WebMD:<\/strong> <a href=\"https:\/\/www.webmd.com\/parenting\/baby\/caring-babies-teeth\" target=\"_blank\" rel=\"noopener\">Caring for Your Baby's Teeth<\/a>. Consultado el 24 de abril de 2023.<\/p>\n<p><strong>NHS:<\/strong> <a href=\"https:\/\/www.nhs.uk\/conditions\/baby\/babys-development\/teething\/looking-after-your-babys-teeth\/\" target=\"_blank\" rel=\"noopener\">Looking after your baby's teeth<\/a>. Consultado el 24 de abril de 2023.<\/p>\n<\/div><\/div><!--\/copyscapeskip-->","protected":false},"excerpt":{"rendered":"<p>Contributor:&nbsp; Dr Abel Jes\u00fas Pederzoli Updated:&nbsp;junio 15, 2023 Los primeros dientes de leche (o dentici\u00f3n decidua) aparecen a los seis meses de edad y es muy importante cuidarlos desde el inicio a pesar de que son temporales. Los dientes de leche cariados son antiest\u00e9ticos, por supuesto, pero lo m\u00e1s importante es que son dolorosos y [&hellip;]<\/p>\n","protected":false},"author":2,"featured_media":20877,"parent":0,"menu_order":0,"comment_status":"open","ping_status":"open","template":"","meta":{"inline_featured_image":false},"acf":[],"_links":{"self":[{"href":"https:\/\/nutrident.fr\/es\/wp-json\/wp\/v2\/pages\/16897"}],"collection":[{"href":"https:\/\/nutrident.fr\/es\/wp-json\/wp\/v2\/pages"}],"about":[{"href":"https:\/\/nutrident.fr\/es\/wp-json\/wp\/v2\/types\/page"}],"author":[{"embeddable":true,"href":"https:\/\/nutrident.fr\/es\/wp-json\/wp\/v2\/users\/2"}],"replies":[{"embeddable":true,"href":"https:\/\/nutrident.fr\/es\/wp-json\/wp\/v2\/comments?post=16897"}],"version-history":[{"count":17,"href":"https:\/\/nutrident.fr\/es\/wp-json\/wp\/v2\/pages\/16897\/revisions"}],"predecessor-version":[{"id":21812,"href":"https:\/\/nutrident.fr\/es\/wp-json\/wp\/v2\/pages\/16897\/revisions\/21812"}],"wp:featuredmedia":[{"embeddable":true,"href":"https:\/\/nutrident.fr\/es\/wp-json\/wp\/v2\/media\/20877"}],"wp:attachment":[{"href":"https:\/\/nutrident.fr\/es\/wp-json\/wp\/v2\/media?parent=16897"}],"curies":[{"name":"wp","href":"https:\/\/api.w.org\/{rel}","templated":true}]}}