

{"id":16898,"date":"2022-10-28T10:47:21","date_gmt":"2022-10-28T10:47:21","guid":{"rendered":"https:\/\/nutrident.fr\/?page_id=16898"},"modified":"2023-06-26T13:22:53","modified_gmt":"2023-06-26T13:22:53","slug":"acudir-al-dentista","status":"publish","type":"page","link":"https:\/\/nutrident.fr\/es\/acudir-al-dentista\/","title":{"rendered":"Tres buenas razones para visitar al dentista regularmente"},"content":{"rendered":"<div class=\"meta\"><div class=\"meta__users\">    <div class=\"meta__users__reviewed\">\r\n      <p class=\"meta__users__caption\">Contributor:&nbsp;<\/p>\r\n      <div class=\"users\">\r\n        <span class=\"users__user\">\r\n          <a href=\"#\">Dr Abel Jes\u00fas Pederzoli<\/a>\r\n        <\/span>\r\n      <\/div>\r\n    <\/div>\r\n\t<\/div><div class=\"meta__date-modified\">Updated:&nbsp;<span>junio 26, 2023<\/span><\/div><\/div><div class=\"wp-block-image\">\n<figure class=\"alignright size-large is-resized\"><img src=\"https:\/\/nutrident.fr\/wp-content\/uploads\/2023\/06\/visitar-al-dentista-1024x682.jpg\" alt=\"ir al dentista\" class=\"wp-image-22250\" width=\"300\" height=\"200\" srcset=\"https:\/\/nutrident.fr\/wp-content\/uploads\/2023\/06\/visitar-al-dentista-1024x682.jpg 1024w, https:\/\/nutrident.fr\/wp-content\/uploads\/2023\/06\/visitar-al-dentista-300x200.jpg 300w, https:\/\/nutrident.fr\/wp-content\/uploads\/2023\/06\/visitar-al-dentista-768x512.jpg 768w, https:\/\/nutrident.fr\/wp-content\/uploads\/2023\/06\/visitar-al-dentista-1536x1024.jpg 1536w, https:\/\/nutrident.fr\/wp-content\/uploads\/2023\/06\/visitar-al-dentista-254x169.jpg 254w, https:\/\/nutrident.fr\/wp-content\/uploads\/2023\/06\/visitar-al-dentista-66x44.jpg 66w, https:\/\/nutrident.fr\/wp-content\/uploads\/2023\/06\/visitar-al-dentista-120x80.jpg 120w, https:\/\/nutrident.fr\/wp-content\/uploads\/2023\/06\/visitar-al-dentista.jpg 2000w\" sizes=\"(max-width: 300px) 100vw, 300px\" \/><figcaption>La importancia de acudir al dentista<\/figcaption><\/figure><\/div>\n\n\n<p>Acudir al dentista de manera regular es un factor clave en el mantenimiento de la salud dental y en la prevenci\u00f3n de enfermedades orales. Sin embargo, muchas personas no acuden a la consulta odontol\u00f3gica por miedo, por falta de dinero o porque simplemente no creen que sea necesario.<\/p>\n\n\n\n<p>En este art\u00edculo, exploraremos las tres razones principales para visitar al dentista peri\u00f3dicamente y cu\u00e1les son los motivos por los que muchas personas no acuden al dentista hasta que es demasiado tarde.<\/p>\n\n\n\n<h2>Razones para acudir al dentista regularmente<\/h2>\n\n\n\n<h3>Mantenimiento de la salud dental<\/h3>\n\n\n\n<p>Para mantener una buena salud dental es indispensable acudir al dentista <strong>al menos una vez al a\u00f1o<\/strong>. La higiene dental en casa es, por supuesto, muy importante para prevenir la acumulaci\u00f3n de sarro y otros problemas dentales. Pero, en la mayor\u00eda de los casos, es dificil evitar el desarrollo del sarro, incluso cuando se tiene una buena higiene dental.<\/p>\n\n\n\n<p>El sarro tiende a acumularse en lugares de dificil acceso para el cepillo dental, como en las zonas interdentales y en la l\u00ednea de las enc\u00edas. Esta acumulaci\u00f3n de sarro puede causar caries, problemas de enc\u00edas e incluso la p\u00e9rdida de dientes, por lo que es fundamental recibir una limpieza dental profesional, o <a href=\"https:\/\/nutrident.fr\/es\/tartrectomia\/\" target=\"_blank\" data-type=\"URL\" data-id=\"https:\/\/nutrident.fr\/es\/tartrectomia\/\" rel=\"noreferrer noopener\">tartrectom\u00eda<\/a>, al menos una vez al a\u00f1o. <\/p>\n\n\n\n<h3>Detecci\u00f3n temprana de problemas bucales<\/h3>\n\n\n<div class=\"wp-block-image\">\n<figure class=\"alignright size-large is-resized\"><img src=\"https:\/\/nutrident.fr\/wp-content\/uploads\/2023\/06\/acudir-al-dentista-1024x682.jpg\" alt=\"acudir al dentista\" class=\"wp-image-22253\" width=\"300\" height=\"200\" srcset=\"https:\/\/nutrident.fr\/wp-content\/uploads\/2023\/06\/acudir-al-dentista-1024x682.jpg 1024w, https:\/\/nutrident.fr\/wp-content\/uploads\/2023\/06\/acudir-al-dentista-300x200.jpg 300w, https:\/\/nutrident.fr\/wp-content\/uploads\/2023\/06\/acudir-al-dentista-768x512.jpg 768w, https:\/\/nutrident.fr\/wp-content\/uploads\/2023\/06\/acudir-al-dentista-1536x1024.jpg 1536w, https:\/\/nutrident.fr\/wp-content\/uploads\/2023\/06\/acudir-al-dentista-254x169.jpg 254w, https:\/\/nutrident.fr\/wp-content\/uploads\/2023\/06\/acudir-al-dentista-66x44.jpg 66w, https:\/\/nutrident.fr\/wp-content\/uploads\/2023\/06\/acudir-al-dentista-120x80.jpg 120w, https:\/\/nutrident.fr\/wp-content\/uploads\/2023\/06\/acudir-al-dentista.jpg 2000w\" sizes=\"(max-width: 300px) 100vw, 300px\" \/><figcaption>Las visitas regulares al dentista ayudan a prevenir los problemas orales<\/figcaption><\/figure><\/div>\n\n\n<p>La <a href=\"https:\/\/nutrident.fr\/es\/caries-y-dieta\/\">caries<\/a>, los abscesos y otros problemas orales <strong>se desarrollan lentamente<\/strong>, de manera que la presencia de dolor suele ser un indicador de que la condici\u00f3n ya est\u00e1 bastante avanzada.<\/p>\n\n\n\n<p>Una caries en sus primeras fases es f\u00e1cil de resolver y generalmente no requiere ning\u00fan procedimiento invasivo. Por el contrario, si la caries se desarrolla sin recibir tratamiento, es posible que sea necesario realizar una endodoncia para desvitalizar el diente y colocar una <a href=\"https:\/\/nutrident.fr\/es\/coronas-dentales\/\" target=\"_blank\" data-type=\"URL\" data-id=\"https:\/\/nutrident.fr\/es\/coronas-dentales\/\" rel=\"noreferrer noopener\">corona<\/a>, lo cual no solo es doloroso sino tambi\u00e9n bastante caro.<\/p>\n\n\n\n<p>Las <a href=\"https:\/\/nutrident.fr\/es\/gingivitis\/\" target=\"_blank\" data-type=\"URL\" data-id=\"https:\/\/nutrident.fr\/es\/gingivitis\/\" rel=\"noreferrer noopener\">enc\u00edas irritadas<\/a> se pueden curar r\u00e1pidamente con el tratamiento adecuado. Pero si permites que la gingivitis se convierta en una <a href=\"https:\/\/nutrident.fr\/es\/periodontitis\/\" target=\"_blank\" data-type=\"URL\" data-id=\"https:\/\/nutrident.fr\/es\/periodontitis\/\" rel=\"noreferrer noopener\">enfermedad periodontal<\/a>, tus dientes se aflojar\u00e1n y podr\u00edas terminar perdi\u00e9ndolos todos. <\/p>\n\n\n\n<p>Un <a href=\"https:\/\/nutrident.fr\/es\/absceso-dental\/\" data-type=\"URL\" data-id=\"https:\/\/nutrident.fr\/es\/absceso-dental\/\" target=\"_blank\" rel=\"noreferrer noopener\">absceso dental<\/a> es otro problema que puede no generar s\u00edntomas en sus primeras fases. Para el momento en que el dolor se manifieste, estar\u00e1s frente a una emergencia con consecuencias que pueden incluso <strong>llevar a la muerte<\/strong>.<\/p>\n\n\n\n<p>Todos estos problemas se pueden prevenir con una visita anual al dentista. Ignorar la importancia de estas consultas regulares puede llevar a situaciones de <a href=\"https:\/\/nutrident.fr\/es\/dentista-de-urgencias\/\" data-type=\"URL\" data-id=\"https:\/\/nutrident.fr\/es\/dentista-de-urgencias\/\" target=\"_blank\" rel=\"noreferrer noopener\">emergencia dental<\/a> que requerir\u00e1n de tratamientos complicados, dolorosos y generalmente costosos.<\/p>\n\n\n\n<h3>Prevenci\u00f3n en la infancia<\/h3>\n\n\n\n<p>Los ni\u00f1os deben aprender la importancia de la salud dental desde una edad temprana, por lo que las consultas regulares con el dentista son imperativas en esta etapa. El profesional podr\u00e1 comprobar que los dientes del ni\u00f1o o del adolescente crecen <a href=\"https:\/\/nutrident.fr\/es\/consequencias-pulgar-y-chupete\/\" target=\"_blank\" data-type=\"URL\" data-id=\"https:\/\/nutrident.fr\/es\/consequencias-pulgar-y-chupete\/\" rel=\"noreferrer noopener\">de la manera adecuada<\/a> y el infante reconocer\u00e1 la importancia de acudir al dentista anualmente.<\/p>\n\n\n<div class=\"wp-block-image\">\n<figure class=\"alignright size-large is-resized\"><img src=\"https:\/\/nutrident.fr\/wp-content\/uploads\/2023\/06\/nino-en-el-dentista-1024x683.jpg\" alt=\"dentista infancia\" class=\"wp-image-22256\" width=\"300\" height=\"200\" srcset=\"https:\/\/nutrident.fr\/wp-content\/uploads\/2023\/06\/nino-en-el-dentista-1024x683.jpg 1024w, https:\/\/nutrident.fr\/wp-content\/uploads\/2023\/06\/nino-en-el-dentista-300x200.jpg 300w, https:\/\/nutrident.fr\/wp-content\/uploads\/2023\/06\/nino-en-el-dentista-768x512.jpg 768w, https:\/\/nutrident.fr\/wp-content\/uploads\/2023\/06\/nino-en-el-dentista-1536x1025.jpg 1536w, https:\/\/nutrident.fr\/wp-content\/uploads\/2023\/06\/nino-en-el-dentista-254x169.jpg 254w, https:\/\/nutrident.fr\/wp-content\/uploads\/2023\/06\/nino-en-el-dentista-66x44.jpg 66w, https:\/\/nutrident.fr\/wp-content\/uploads\/2023\/06\/nino-en-el-dentista-120x80.jpg 120w, https:\/\/nutrident.fr\/wp-content\/uploads\/2023\/06\/nino-en-el-dentista.jpg 2000w\" sizes=\"(max-width: 300px) 100vw, 300px\" \/><figcaption>Los ni\u00f1os que acuden al dentista tendr\u00e1n menos problemas dentales al crecer<\/figcaption><\/figure><\/div>\n\n\n<p>La prevenci\u00f3n de las caries en los <a href=\"https:\/\/nutrident.fr\/es\/dientes-de-leche\/\" data-type=\"URL\" data-id=\"https:\/\/nutrident.fr\/es\/dientes-de-leche\/\" target=\"_blank\" rel=\"noreferrer noopener\">dientes de leche<\/a> es fundamental, ya que esto afectar\u00e1 el desarrollo y erupci\u00f3n correcta de los dientes permanentes. Si un ni\u00f1o pierde sus dientes de leche prematuramente, es posible que los permanentes salgan <strong>desalineados<\/strong> o que se generen <strong>problemas de mordida<\/strong>, por lo que la detecci\u00f3n y el tratamiento de caries u otros problemas es muy importante.<\/p>\n\n\n\n<p>Muchos problemas de ortodoncia, como las maloclusiones, se pueden <a href=\"https:\/\/nutrident.fr\/es\/evitar-llevar-ortodoncia\/\" target=\"_blank\" data-type=\"URL\" data-id=\"https:\/\/nutrident.fr\/es\/evitar-llevar-ortodoncia\/\" rel=\"noreferrer noopener\">solucionar durante la infancia<\/a> y adolescencia con los procedimientos adecuados, ya que en esta etapa los huesos maxilares a\u00fan est\u00e1n en desarrollo. Si se alcanza la edad adulta sin recibir tratamiento, la \u00fanica opci\u00f3n disponible ser\u00e1 la <strong>cirug\u00eda maxilofacial<\/strong>, un procedimiento muy doloroso, invasivo y, por supuesto, costoso.<\/p>\n\n\n\n<p>Acudir al dentista desde una edad temprana tambi\u00e9n permite que los ni\u00f1os desarrollen una <strong>actitud positiva hacia la atenci\u00f3n dental<\/strong>. Al crecer, estos ni\u00f1os se sentir\u00e1n m\u00e1s c\u00f3modos en la consulta dental y tendr\u00e1n menos posibilidades de presentar miedo o ansiedad asociados con las visitas al dentista.<\/p>\n\n\n\n<h2>\u00bfPor qu\u00e9 las personas no acuden al dentista con regularidad?<\/h2>\n\n\n\n<p>Hay tres razones principales por las que muchas personas no acuden al dentista regularmente:<\/p>\n\n\n\n<ol><li><strong>Miedo al dentista<\/strong>. Algunas personas evitan las visitas al dentista por el miedo o la ansiedad que esto les genera (<a href=\"https:\/\/nutrident.fr\/es\/miedo-al-dentista\/\" target=\"_blank\" data-type=\"URL\" data-id=\"https:\/\/nutrident.fr\/es\/miedo-al-dentista\/\" rel=\"noreferrer noopener\">odontofobia<\/a>). <\/li><li><strong>Consideraciones econ\u00f3micas<\/strong>. El coste de algunos tratamientos dentales puede ser bastante elevado e inaccesible para muchas personas.<\/li><li><strong>Ausencia de dolor<\/strong>. Muchas personas no acuden al dentista regularmente porque no sienten ning\u00fan dolor o molestia.<\/li><\/ol>\n\n\n\n<p>Estas tres razones resaltan la importancia de acudir regularmente al dentista, ya que no hacerlo puede llevar a situaciones de emergencia dental que requerir\u00e1n tratamientos dolorosos, costosos y m\u00e1s complicados.<\/p>\n<div class=\"article-data before-content\"><div class=\"article-data__date\"><div class=\"article-data__date-modified\"><time class=\"published\" datetime=\"2022-10-28T10:47:21+00:00\">This article was originally published on&nbsp;<span class=\"2\">octubre 28, 2022<\/span>&nbsp;and was most recently updated on&nbsp;<span>junio 26, 2023<\/span><\/time><br><\/div><\/div><\/div><div class=\"user-info\">    <div class=\"user-info__body\">\r\n      <div class=\"user-info__caption\"><span>Contributors:<\/span><\/div>\r\n\t\t\t        <div class=\"user-info__wrap \">\r\n          <div class=\"user-info__data\">\r\n            <div class=\"user-info__data__info\">\r\n              <div class=\"photo\">\r\n\t\t\t\t\t\t\t\t<img width=\"66\" height=\"61\" src=\"https:\/\/nutrident.fr\/wp-content\/uploads\/2023\/06\/unnamed-66x61.jpg\" class=\"attachment-profileImageAuthor size-profileImageAuthor wp-post-image\" alt=\"Dr Abel Jes\u00fas Pederzoli\" loading=\"lazy\" srcset=\"https:\/\/nutrident.fr\/wp-content\/uploads\/2023\/06\/unnamed-66x61.jpg 66w, https:\/\/nutrident.fr\/wp-content\/uploads\/2023\/06\/unnamed-300x279.jpg 300w, https:\/\/nutrident.fr\/wp-content\/uploads\/2023\/06\/unnamed-1024x952.jpg 1024w, https:\/\/nutrident.fr\/wp-content\/uploads\/2023\/06\/unnamed-768x714.jpg 768w, https:\/\/nutrident.fr\/wp-content\/uploads\/2023\/06\/unnamed-204x190.jpg 204w, https:\/\/nutrident.fr\/wp-content\/uploads\/2023\/06\/unnamed-120x112.jpg 120w, https:\/\/nutrident.fr\/wp-content\/uploads\/2023\/06\/unnamed.jpg 1125w\" sizes=\"(max-width: 66px) 100vw, 66px\" \/>              <\/div>\r\n              <a href=\"https:\/\/nutrident.fr\/es\/author\/dr-abel-jesus-pederzoli\/\" class=\"name\">Dr Abel Jes\u00fas Pederzoli<\/a>\r\n            <\/div>\r\n            <div class=\"user-info__data__social\">\r\n\t\t\t\t\t\t\t\t\t\t\t\t\t\t\t\t\t\t\t\t\t          <a href=\"https:\/\/clinicaleixample.es\/\"\r\n             class=\"soc-item website\">website<\/a>\r\n\t\t\t\t          <a href=\"http:\/\/linkedin.com\/in\/abel-jes%C3%BAs-pederzoli\"\r\n             class=\"soc-item linkedin\">linkedin<\/a>\r\n\t\t\t\t            <\/div>\r\n          <\/div>\r\n          <div class=\"user-info__description\">\r\n\t\t\t\t\t\t\t\t\t\t\t\t\t<p>Con t\u00edtulos obtenidos en la Facultad de Odontolog\u00eda de la Universidad Nacional de La Plata y una participaci\u00f3n activa en congresos y jornadas, el Dr. Pederzoli se mantiene actualizado en las \u00faltimas t\u00e9cnicas y avances en odontolog\u00eda. Actualmente se encuentra desarrollando un proyecto de consultor\u00eda tecnol\u00f3gica aplicada a cl\u00ednicas dentales.<\/p>\n\t\t\t\t\t\t          <\/div>\r\n        <\/div>\r\n\t\t\t\t    <\/div>\r\n\t<\/div><!--copyscapeskip--><div class=\"medical_references\"><div class=\"medical_references__heading\"><span>Fuentes M\u00e9dicas<\/span><\/div><div class=\"medical_references__list\"><p><strong>Top Doctors<\/strong>: <a href=\"https:\/\/www.topdoctors.es\/articulos-medicos\/por-que-acudir-al-dentista-periodicamente\" target=\"_blank\" rel=\"noopener\">\u00bfPor qu\u00e9 acudir al dentista peri\u00f3dicamente?<\/a> Consultado el 26 de junio de 2023.<\/p>\n<p><strong>Oral Health Fundation<\/strong>: <a href=\"https:\/\/www.dentalhealth.org\/blog\/the-importance-of-regular-dental-visits\" target=\"_blank\" rel=\"noopener\">The importance of regular dental visits<\/a>. Consultado el 26 de junio de 2023.<\/p>\n<\/div><\/div><!--\/copyscapeskip-->","protected":false},"excerpt":{"rendered":"<p>Contributor:&nbsp; Dr Abel Jes\u00fas Pederzoli Updated:&nbsp;junio 26, 2023 Acudir al dentista de manera regular es un factor clave en el mantenimiento de la salud dental y en la prevenci\u00f3n de enfermedades orales. Sin embargo, muchas personas no acuden a la consulta odontol\u00f3gica por miedo, por falta de dinero o porque simplemente no creen que sea [&hellip;]<\/p>\n","protected":false},"author":2,"featured_media":22250,"parent":0,"menu_order":0,"comment_status":"open","ping_status":"open","template":"","meta":{"inline_featured_image":false},"acf":[],"_links":{"self":[{"href":"https:\/\/nutrident.fr\/es\/wp-json\/wp\/v2\/pages\/16898"}],"collection":[{"href":"https:\/\/nutrident.fr\/es\/wp-json\/wp\/v2\/pages"}],"about":[{"href":"https:\/\/nutrident.fr\/es\/wp-json\/wp\/v2\/types\/page"}],"author":[{"embeddable":true,"href":"https:\/\/nutrident.fr\/es\/wp-json\/wp\/v2\/users\/2"}],"replies":[{"embeddable":true,"href":"https:\/\/nutrident.fr\/es\/wp-json\/wp\/v2\/comments?post=16898"}],"version-history":[{"count":18,"href":"https:\/\/nutrident.fr\/es\/wp-json\/wp\/v2\/pages\/16898\/revisions"}],"predecessor-version":[{"id":22273,"href":"https:\/\/nutrident.fr\/es\/wp-json\/wp\/v2\/pages\/16898\/revisions\/22273"}],"wp:featuredmedia":[{"embeddable":true,"href":"https:\/\/nutrident.fr\/es\/wp-json\/wp\/v2\/media\/22250"}],"wp:attachment":[{"href":"https:\/\/nutrident.fr\/es\/wp-json\/wp\/v2\/media?parent=16898"}],"curies":[{"name":"wp","href":"https:\/\/api.w.org\/{rel}","templated":true}]}}