

{"id":16901,"date":"2022-10-28T10:23:00","date_gmt":"2022-10-28T10:23:00","guid":{"rendered":"https:\/\/nutrident.fr\/?page_id=16901"},"modified":"2023-06-13T11:13:37","modified_gmt":"2023-06-13T11:13:37","slug":"periodontitis","status":"publish","type":"page","link":"https:\/\/nutrident.fr\/es\/periodontitis\/","title":{"rendered":"Periodontitis: causas, s\u00edntomas y tratamiento"},"content":{"rendered":"<div class=\"meta\"><div class=\"meta__users\">    <div class=\"meta__users__reviewed\">\r\n      <p class=\"meta__users__caption\">Contributor:&nbsp;<\/p>\r\n      <div class=\"users\">\r\n        <span class=\"users__user\">\r\n          <a href=\"#\">Dr Abel Jes\u00fas Pederzoli<\/a>\r\n        <\/span>\r\n      <\/div>\r\n    <\/div>\r\n\t<\/div><div class=\"meta__date-modified\">Updated:&nbsp;<span>junio 13, 2023<\/span><\/div><\/div><div class=\"wp-block-image\">\n<figure class=\"alignright size-large is-resized\"><img src=\"https:\/\/nutrident.fr\/wp-content\/uploads\/2023\/02\/periodontitis-1024x682.jpg\" alt=\"\" class=\"wp-image-20227\" width=\"300\" height=\"200\" srcset=\"https:\/\/nutrident.fr\/wp-content\/uploads\/2023\/02\/periodontitis-1024x682.jpg 1024w, https:\/\/nutrident.fr\/wp-content\/uploads\/2023\/02\/periodontitis-300x200.jpg 300w, https:\/\/nutrident.fr\/wp-content\/uploads\/2023\/02\/periodontitis-768x512.jpg 768w, https:\/\/nutrident.fr\/wp-content\/uploads\/2023\/02\/periodontitis-1536x1024.jpg 1536w, https:\/\/nutrident.fr\/wp-content\/uploads\/2023\/02\/periodontitis-254x169.jpg 254w, https:\/\/nutrident.fr\/wp-content\/uploads\/2023\/02\/periodontitis.jpg 2000w\" sizes=\"(max-width: 300px) 100vw, 300px\" \/><\/figure><\/div>\n\n\n<p>La periodontitis es una <strong>enfermedad grave de las enc\u00edas<\/strong> causada por las bacterias que se acumulan en dientes y enc\u00edas y que, si no se trata, puede generar da\u00f1os irreversibles. Sin embargo, con una buena higiene dental y un tratamiento temprano, se puede detener el da\u00f1o.<\/p>\n\n\n\n<p>Descubre en este art\u00edculo los s\u00edntomas y tratamientos para la periodontitis.<\/p>\n\n\n\n<div id=\"ez-toc-container\" class=\"ez-toc-v2_0_33_2 counter-hierarchy ez-toc-counter ez-toc-white ez-toc-container-direction\">\n<div class=\"ez-toc-title-container\">\n<p class=\"ez-toc-title\">Contenus<\/p>\n<span class=\"ez-toc-title-toggle\"><a href=\"#\" class=\"ez-toc-pull-right ez-toc-btn ez-toc-btn-xs ez-toc-btn-default ez-toc-toggle\" style=\"display: none;\"><label for=\"item\" aria-label=\"Tabla de contenidos\"><i class=\"ez-toc-glyphicon ez-toc-icon-toggle\"><\/i><\/label><input type=\"checkbox\" id=\"item\"><\/a><\/span><\/div>\n<nav><ul class='ez-toc-list ez-toc-list-level-1'><li class='ez-toc-page-1 ez-toc-heading-level-2'><a class=\"ez-toc-link ez-toc-heading-1\" href=\"https:\/\/nutrident.fr\/es\/periodontitis\/#%C2%BFCuales_son_las_etapas_de_la_periodontitis\" title=\"\u00bfCu\u00e1les son las etapas de la periodontitis?\">\u00bfCu\u00e1les son las etapas de la periodontitis?<\/a><\/li><li class='ez-toc-page-1 ez-toc-heading-level-2'><a class=\"ez-toc-link ez-toc-heading-2\" href=\"https:\/\/nutrident.fr\/es\/periodontitis\/#%C2%BFComo_detectar_los_sintomas_de_la_periodontitis\" title=\"\u00bfC\u00f3mo detectar los s\u00edntomas de la periodontitis?\">\u00bfC\u00f3mo detectar los s\u00edntomas de la periodontitis?<\/a><\/li><li class='ez-toc-page-1 ez-toc-heading-level-2'><a class=\"ez-toc-link ez-toc-heading-3\" href=\"https:\/\/nutrident.fr\/es\/periodontitis\/#%C2%BFQue_causa_la_periodontitis\" title=\"\u00bfQu\u00e9 causa la periodontitis?\">\u00bfQu\u00e9 causa la periodontitis?<\/a><\/li><li class='ez-toc-page-1 ez-toc-heading-level-2'><a class=\"ez-toc-link ez-toc-heading-4\" href=\"https:\/\/nutrident.fr\/es\/periodontitis\/#%C2%BFComo_se_trata_la_periodontitis\" title=\"\u00bfC\u00f3mo se trata la periodontitis?\">\u00bfC\u00f3mo se trata la periodontitis?<\/a><\/li><\/ul><\/nav><\/div>\n<h2><span class=\"ez-toc-section\" id=\"%C2%BFCuales_son_las_etapas_de_la_periodontitis\"><\/span>\u00bfCu\u00e1les son las etapas de la periodontitis?<span class=\"ez-toc-section-end\"><\/span><\/h2>\n\n\n\n<p>La enfermedad periodontal comienza como una simple inflamaci\u00f3n que empeora inexorablemente con el tiempo. Estas son las diferentes etapas:<\/p>\n\n\n\n<h3>Inflamaci\u00f3n en forma de gingivitis<\/h3>\n\n\n\n<p>La periodontitis comienza con una inflamaci\u00f3n de las enc\u00edas llamada <a href=\"https:\/\/nutrident.fr\/es\/gingivitis\/\" target=\"_blank\" data-type=\"URL\" data-id=\"https:\/\/nutrident.fr\/es\/gingivitis\/\" rel=\"noreferrer noopener\">gingivitis<\/a>. Uno de los primeros signos de la gingivitis es el <strong>sangrado de las enc\u00edas<\/strong> al cepillarse o utilizar el hilo dental. Si no te cepillas los dientes lo suficiente para eliminar la placa bacteriana y no te haces un <a href=\"https:\/\/nutrident.fr\/es\/tartrectomia\/\" target=\"_blank\" data-type=\"URL\" data-id=\"https:\/\/nutrident.fr\/es\/tartrectomia\/\" rel=\"noreferrer noopener\">raspado regular<\/a> en el dentista, la acumulaci\u00f3n de sarro puede desencadenar una gingivitis.<\/p>\n\n\n\n<h3>La fase inicial de la periodontitis<\/h3>\n\n\n\n<p>En las primeras fases de la periodontitis, <strong>las enc\u00edas se retraen<\/strong> y se forman peque\u00f1as <strong>bolsas que albergan bacterias<\/strong> da\u00f1inas. Probablemente notar\u00e1s un poco de sangrado mientras te cepillas los dientes, pero la p\u00e9rdida de hueso puede haber comenzado sin que te des cuenta.<\/p>\n\n\n\n<h3>La etapa moderada<\/h3>\n\n\n\n<p>Si no se interviene en la fase inicial, los s\u00edntomas empeoran y <strong>los dientes empiezan a perder su soporte <\/strong>\u00f3seo y <a href=\"https:\/\/nutrident.fr\/es\/aflojamiento-de-los-dientes\/\" target=\"_blank\" data-type=\"URL\" data-id=\"https:\/\/nutrident.fr\/es\/aflojamiento-de-los-dientes\/\" rel=\"noreferrer noopener\">se aflojan<\/a>. La infecci\u00f3n tambi\u00e9n puede provocar una reacci\u00f3n inflamatoria en todo el cuerpo.<\/p>\n\n\n\n<h3>La etapa avanzada<\/h3>\n\n\n\n<p>En la fase avanzada de la enfermedad, el tejido conectivo que mantiene los dientes en su sitio comienza a deteriorarse. <strong>Se destruyen las enc\u00edas, los huesos y otros tejidos<\/strong> que sostienen los dientes. Si tienes una periodontitis avanzada, puedes experimentar un fuerte dolor al masticar, <a href=\"https:\/\/nutrident.fr\/es\/halitosis\/\" target=\"_blank\" data-type=\"URL\" data-id=\"https:\/\/nutrident.fr\/es\/halitosis\/\" rel=\"noreferrer noopener\">mal aliento<\/a> y un sabor desagradable en la boca. Probablemente perder\u00e1s los dientes, que se aflojar\u00e1n cuando las enc\u00edas ya no los mantengan en su sitio.<\/p>\n\n\n\n<h2><span class=\"ez-toc-section\" id=\"%C2%BFComo_detectar_los_sintomas_de_la_periodontitis\"><\/span>\u00bfC\u00f3mo detectar los s\u00edntomas de la periodontitis?<span class=\"ez-toc-section-end\"><\/span><\/h2>\n\n\n<div class=\"wp-block-image\">\n<figure class=\"alignright size-large is-resized\"><img src=\"https:\/\/nutrident.fr\/wp-content\/uploads\/2023\/02\/gingivitis-1024x572.jpg\" alt=\"enfermedad de las encias\" class=\"wp-image-20211\" width=\"300\" height=\"200\"\/><\/figure><\/div>\n\n\n<p>Es fundamental intervenir en cuanto aparecen los primeros s\u00edntomas para detener la evoluci\u00f3n de la periodontitis. Preg\u00fantate si:<\/p>\n\n\n\n<ul><li>Tus enc\u00edas<strong> sangran<\/strong> cuando te cepillas los dientes<\/li><li>Tus dientes cambian de posici\u00f3n<\/li><li>Tienes mal aliento<\/li><li>Tus enc\u00edas <strong>se retraen<\/strong> y dejan al descubierto la base de los dientes<\/li><li>Las enc\u00edas se enrojecen y\/o se hinchan<\/li><li>Sientes <strong>dolor al masticar<\/strong><\/li><li>Tus dientes se est\u00e1n aflojando<\/li><li>Sientes un <strong>sabor desagradable<\/strong> en la boca<\/li><\/ul>\n\n\n\n<p>Si tienes alguno de estos s\u00edntomas, pide una cita con tu dentista.<\/p>\n\n\n\n<h2><span class=\"ez-toc-section\" id=\"%C2%BFQue_causa_la_periodontitis\"><\/span>\u00bfQu\u00e9 causa la periodontitis?<span class=\"ez-toc-section-end\"><\/span><\/h2>\n\n\n\n<p>La <strong>mala higiene dental <\/strong>es una de las principales causas de la periodontitis. Las bacterias perjudiciales de la boca superan a las beneficiosas y atacan constantemente las enc\u00edas. Adem\u00e1s, el sarro que se acumula en los dientes proporciona un ambiente ideal para el crecimiento bacteriano y provoca la retracci\u00f3n de las enc\u00edas.<\/p>\n\n\n\n<p>Adem\u00e1s de la higiene, hay otros factores que aumentan el riesgo de periodontitis:<\/p>\n\n\n\n<ul><li>Fumar<\/li><li>Diabetes tipo 2<\/li><li>Obesidad<\/li><li>Cambios hormonales en las mujeres (menstruaci\u00f3n, <a href=\"https:\/\/nutrident.fr\/es\/dientes-y-embarazo\/\" target=\"_blank\" data-type=\"URL\" data-id=\"https:\/\/nutrident.fr\/es\/dientes-y-embarazo\/\" rel=\"noreferrer noopener\">embarazo<\/a> o <a href=\"https:\/\/nutrident.fr\/es\/menopausia-salud-dental\/\">menopausia<\/a>) que sensibilizan las enc\u00edas<\/li><li>Enfermedades que afectan el sistema inmunitario, como el VIH o la leucemia<\/li><li>Medicamentos que reducen el flujo de saliva en la boca<\/li><li>Herencia<\/li><li>Una mala alimentaci\u00f3n, incluida la deficiencia de vitamina C, <a href=\"https:\/\/nutrident.fr\/es\/gingivitis-y-carencia-de-zinc\/\" target=\"_blank\" data-type=\"URL\" data-id=\"https:\/\/nutrident.fr\/es\/gingivitis-y-carencia-de-zinc\/\" rel=\"noreferrer noopener\">zinc<\/a> y <a href=\"https:\/\/nutrident.fr\/es\/omega-3\/\" target=\"_blank\" data-type=\"URL\" data-id=\"https:\/\/nutrident.fr\/es\/omega-3\/\" rel=\"noreferrer noopener\">omega 3<\/a><\/li><\/ul>\n\n\n\n<h2><span class=\"ez-toc-section\" id=\"%C2%BFComo_se_trata_la_periodontitis\"><\/span>\u00bfC\u00f3mo se trata la periodontitis?<span class=\"ez-toc-section-end\"><\/span><\/h2>\n\n\n<div class=\"wp-block-image\">\n<figure class=\"alignright size-large is-resized\"><img src=\"https:\/\/nutrident.fr\/wp-content\/uploads\/2023\/02\/enfermedad-de-las-encias-1024x698.jpg\" alt=\"periodontitis\" class=\"wp-image-20230\" width=\"300\" height=\"200\"\/><\/figure><\/div>\n\n\n<p>La primera condici\u00f3n para luchar contra la enfermedad periodontal es tener una <strong>higiene bucal impecable<\/strong>. Adem\u00e1s, deber\u00e1s tener un <strong>seguimiento muy regular<\/strong> con el dentista.<\/p>\n\n\n\n<h3>Cita dental de seguimiento<\/h3>\n\n\n\n<p>Tu dentista vigilar\u00e1 muy de cerca el desarrollo de las bolsas periodontales. Tambi\u00e9n debe ocuparse de los <strong>abscesos<\/strong>, que son comunes cuando se sufre esta enfermedad.<\/p>\n\n\n\n<h3>Tratamiento farmacol\u00f3gico con antibi\u00f3ticos<\/h3>\n\n\n\n<p>En algunos casos, el dentista te recetar\u00e1 antibi\u00f3ticos para ayudar a <strong>tratar las infecciones persistentes<\/strong> de las enc\u00edas. El antibi\u00f3tico puede presentarse en forma de enjuague bucal, gel o comprimidos.<\/p>\n\n\n\n<h3>Cirug\u00eda<\/h3>\n\n\n\n<p>En caso de que la inflamaci\u00f3n persista, puede que sea necesario recurrir a una intervenci\u00f3n quir\u00fargica para <strong>limpiar los dep\u00f3sitos que se encuentran debajo de las enc\u00edas<\/strong>. El procedimiento, que se realiza bajo anestesia, consiste en separar las enc\u00edas y limpiar las ra\u00edces de los dientes antes de suturar la enc\u00eda en su lugar.<\/p>\n\n\n\n<p>Si la periodontitis ha da\u00f1ado los huesos maxilares, tendr\u00e1s que someterte a un procedimiento de <strong>injerto \u00f3seo<\/strong> para regenerar el hueso perdido.<\/p>\n<div class=\"article-data before-content\"><div class=\"article-data__date\"><div class=\"article-data__date-modified\"><time class=\"published\" datetime=\"2022-10-28T10:23:00+00:00\">This article was originally published on&nbsp;<span class=\"2\">octubre 28, 2022<\/span>&nbsp;and was most recently updated on&nbsp;<span>junio 13, 2023<\/span><\/time><br><\/div><\/div><\/div><div class=\"user-info\">    <div class=\"user-info__body\">\r\n      <div class=\"user-info__caption\"><span>Contributors:<\/span><\/div>\r\n\t\t\t        <div class=\"user-info__wrap \">\r\n          <div class=\"user-info__data\">\r\n            <div class=\"user-info__data__info\">\r\n              <div class=\"photo\">\r\n\t\t\t\t\t\t\t\t<img width=\"66\" height=\"61\" src=\"https:\/\/nutrident.fr\/wp-content\/uploads\/2023\/06\/unnamed-66x61.jpg\" class=\"attachment-profileImageAuthor size-profileImageAuthor wp-post-image\" alt=\"Dr Abel Jes\u00fas Pederzoli\" loading=\"lazy\" srcset=\"https:\/\/nutrident.fr\/wp-content\/uploads\/2023\/06\/unnamed-66x61.jpg 66w, https:\/\/nutrident.fr\/wp-content\/uploads\/2023\/06\/unnamed-300x279.jpg 300w, https:\/\/nutrident.fr\/wp-content\/uploads\/2023\/06\/unnamed-1024x952.jpg 1024w, https:\/\/nutrident.fr\/wp-content\/uploads\/2023\/06\/unnamed-768x714.jpg 768w, https:\/\/nutrident.fr\/wp-content\/uploads\/2023\/06\/unnamed-204x190.jpg 204w, https:\/\/nutrident.fr\/wp-content\/uploads\/2023\/06\/unnamed-120x112.jpg 120w, https:\/\/nutrident.fr\/wp-content\/uploads\/2023\/06\/unnamed.jpg 1125w\" sizes=\"(max-width: 66px) 100vw, 66px\" \/>              <\/div>\r\n              <a href=\"https:\/\/nutrident.fr\/es\/author\/dr-abel-jesus-pederzoli\/\" class=\"name\">Dr Abel Jes\u00fas Pederzoli<\/a>\r\n            <\/div>\r\n            <div class=\"user-info__data__social\">\r\n\t\t\t\t\t\t\t\t\t\t\t\t\t\t\t\t\t\t\t\t\t          <a href=\"https:\/\/clinicaleixample.es\/\"\r\n             class=\"soc-item website\">website<\/a>\r\n\t\t\t\t          <a href=\"http:\/\/linkedin.com\/in\/abel-jes%C3%BAs-pederzoli\"\r\n             class=\"soc-item linkedin\">linkedin<\/a>\r\n\t\t\t\t            <\/div>\r\n          <\/div>\r\n          <div class=\"user-info__description\">\r\n\t\t\t\t\t\t\t\t\t\t\t\t\t<p>Con t\u00edtulos obtenidos en la Facultad de Odontolog\u00eda de la Universidad Nacional de La Plata y una participaci\u00f3n activa en congresos y jornadas, el Dr. Pederzoli se mantiene actualizado en las \u00faltimas t\u00e9cnicas y avances en odontolog\u00eda. Actualmente se encuentra desarrollando un proyecto de consultor\u00eda tecnol\u00f3gica aplicada a cl\u00ednicas dentales.<\/p>\n\t\t\t\t\t\t          <\/div>\r\n        <\/div>\r\n\t\t\t\t    <\/div>\r\n\t<\/div><!--copyscapeskip--><div class=\"medical_references\"><div class=\"medical_references__heading\"><span>Fuentes M\u00e9dicas<\/span><\/div><div class=\"medical_references__list\"><p><strong>Mayo Clinic<\/strong>: <a href=\"https:\/\/www.mayoclinic.org\/diseases-conditions\/periodontitis\/symptoms-causes\/syc-20354473\" target=\"_blank\" rel=\"noopener\">Periodontitis<\/a>. Consultado el 23 de febrero de 2023.<\/p>\n<p><strong>CDC:<\/strong> <a href=\"https:\/\/www.cdc.gov\/oralhealth\/conditions\/periodontal-disease.html\" target=\"_blank\" rel=\"noopener\">Periodontal Disease<\/a>. Consultado el 23 de febrero de 2023.<\/p>\n<\/div><\/div><!--\/copyscapeskip-->","protected":false},"excerpt":{"rendered":"<p>Contributor:&nbsp; Dr Abel Jes\u00fas Pederzoli Updated:&nbsp;junio 13, 2023 La periodontitis es una enfermedad grave de las enc\u00edas causada por las bacterias que se acumulan en dientes y enc\u00edas y que, si no se trata, puede generar da\u00f1os irreversibles. Sin embargo, con una buena higiene dental y un tratamiento temprano, se puede detener el da\u00f1o. Descubre [&hellip;]<\/p>\n","protected":false},"author":2,"featured_media":20208,"parent":0,"menu_order":0,"comment_status":"closed","ping_status":"open","template":"","meta":{"inline_featured_image":false},"acf":[],"_links":{"self":[{"href":"https:\/\/nutrident.fr\/es\/wp-json\/wp\/v2\/pages\/16901"}],"collection":[{"href":"https:\/\/nutrident.fr\/es\/wp-json\/wp\/v2\/pages"}],"about":[{"href":"https:\/\/nutrident.fr\/es\/wp-json\/wp\/v2\/types\/page"}],"author":[{"embeddable":true,"href":"https:\/\/nutrident.fr\/es\/wp-json\/wp\/v2\/users\/2"}],"replies":[{"embeddable":true,"href":"https:\/\/nutrident.fr\/es\/wp-json\/wp\/v2\/comments?post=16901"}],"version-history":[{"count":14,"href":"https:\/\/nutrident.fr\/es\/wp-json\/wp\/v2\/pages\/16901\/revisions"}],"predecessor-version":[{"id":22094,"href":"https:\/\/nutrident.fr\/es\/wp-json\/wp\/v2\/pages\/16901\/revisions\/22094"}],"wp:featuredmedia":[{"embeddable":true,"href":"https:\/\/nutrident.fr\/es\/wp-json\/wp\/v2\/media\/20208"}],"wp:attachment":[{"href":"https:\/\/nutrident.fr\/es\/wp-json\/wp\/v2\/media?parent=16901"}],"curies":[{"name":"wp","href":"https:\/\/api.w.org\/{rel}","templated":true}]}}