

{"id":16902,"date":"2022-10-27T16:09:24","date_gmt":"2022-10-27T16:09:24","guid":{"rendered":"https:\/\/nutrident.fr\/?page_id=16902"},"modified":"2023-06-13T10:10:04","modified_gmt":"2023-06-13T10:10:04","slug":"manchas-cafe","status":"publish","type":"page","link":"https:\/\/nutrident.fr\/es\/blanqueamiento-profesional\/manchas-cafe\/","title":{"rendered":"\u00bfPor qu\u00e9 el caf\u00e9 causa manchas en los dientes y c\u00f3mo eliminarlas?"},"content":{"rendered":"<div class=\"meta\"><div class=\"meta__users\">    <div class=\"meta__users__reviewed\">\r\n      <p class=\"meta__users__caption\">Contributor:&nbsp;<\/p>\r\n      <div class=\"users\">\r\n        <span class=\"users__user\">\r\n          <a href=\"#\">Dr Abel Jes\u00fas Pederzoli<\/a>\r\n        <\/span>\r\n      <\/div>\r\n    <\/div>\r\n\t<\/div><div class=\"meta__date-modified\">Updated:&nbsp;<span>junio 13, 2023<\/span><\/div><\/div><div class=\"wp-block-image\">\n<figure class=\"alignright size-medium\"><img width=\"200\" height=\"300\" src=\"https:\/\/nutrident.fr\/wp-content\/uploads\/2022\/05\/Depositphotos_179820430_S-200x300.jpg\" alt=\"manchas de caf\u00e9 en los dientes\" class=\"wp-image-10605\" srcset=\"https:\/\/nutrident.fr\/wp-content\/uploads\/2022\/05\/Depositphotos_179820430_S-200x300.jpg 200w, https:\/\/nutrident.fr\/wp-content\/uploads\/2022\/05\/Depositphotos_179820430_S-127x190.jpg 127w, https:\/\/nutrident.fr\/wp-content\/uploads\/2022\/05\/Depositphotos_179820430_S.jpg 667w\" sizes=\"(max-width: 200px) 100vw, 200px\" \/><figcaption>\u00bfC\u00f3mo mantener los dientes blancos sin dejar el caf\u00e9?<\/figcaption><\/figure><\/div>\n\n\n<p>El caf\u00e9 tiene pigmentos que manchan los dientes y perjudican la apariencia de tu sonrisa. Pero hay medidas que puedes tomar para combatir este efecto antiest\u00e9tico, como mantener una <strong>buena higiene dental<\/strong> o recurrir a un blanqueamiento. En este art\u00edculo <a href=\"https:\/\/nutrident.fr\/es\/\">Nutrident<\/a> te habla sobre estos y otros consejos para eliminar las manchas de caf\u00e9 en los dientes.<\/p>\n\n\n\n<p><em>Si quieres usar un kit de blanqueamiento dental, nuestro equipo recomienda la <a href=\"https:\/\/smile-avenue.com\/es\/product\/kit-de-blanchiment-dentaire-smile-avenue\/ref\/nutrisp\/\" target=\"_blank\" rel=\"noopener\">marca Smile Avenue<\/a><\/em><\/p>\n\n\n\n<div id=\"ez-toc-container\" class=\"ez-toc-v2_0_33_2 counter-hierarchy ez-toc-counter ez-toc-white ez-toc-container-direction\">\n<div class=\"ez-toc-title-container\">\n<p class=\"ez-toc-title\">Contenus<\/p>\n<span class=\"ez-toc-title-toggle\"><a href=\"#\" class=\"ez-toc-pull-right ez-toc-btn ez-toc-btn-xs ez-toc-btn-default ez-toc-toggle\" style=\"display: none;\"><label for=\"item\" aria-label=\"Tabla de contenidos\"><i class=\"ez-toc-glyphicon ez-toc-icon-toggle\"><\/i><\/label><input type=\"checkbox\" id=\"item\"><\/a><\/span><\/div>\n<nav><ul class='ez-toc-list ez-toc-list-level-1'><li class='ez-toc-page-1 ez-toc-heading-level-2'><a class=\"ez-toc-link ez-toc-heading-1\" href=\"https:\/\/nutrident.fr\/es\/blanqueamiento-profesional\/manchas-cafe\/#%C2%BFPor_que_salen_manchas_en_los_dientes\" title=\"\u00bfPor qu\u00e9 salen manchas en los dientes?\">\u00bfPor qu\u00e9 salen manchas en los dientes?<\/a><\/li><li class='ez-toc-page-1 ez-toc-heading-level-2'><a class=\"ez-toc-link ez-toc-heading-2\" href=\"https:\/\/nutrident.fr\/es\/blanqueamiento-profesional\/manchas-cafe\/#%C2%BFComo_eliminar_las_manchas_de_cafe_en_los_dientes\" title=\"\u00bfC\u00f3mo eliminar las manchas de caf\u00e9 en los dientes?\">\u00bfC\u00f3mo eliminar las manchas de caf\u00e9 en los dientes?<\/a><\/li><li class='ez-toc-page-1 ez-toc-heading-level-2'><a class=\"ez-toc-link ez-toc-heading-3\" href=\"https:\/\/nutrident.fr\/es\/blanqueamiento-profesional\/manchas-cafe\/#PREGUNTAS_FRECUENTES\" title=\"PREGUNTAS FRECUENTES\">PREGUNTAS FRECUENTES<\/a><\/li><\/ul><\/nav><\/div>\n<h2><span class=\"ez-toc-section\" id=\"%C2%BFPor_que_salen_manchas_en_los_dientes\"><\/span>\u00bfPor qu\u00e9 salen manchas en los dientes?<span class=\"ez-toc-section-end\"><\/span><\/h2>\n\n\n\n<p>Nuestros dientes est\u00e1n cubiertos por una capa de esmalte<strong> <\/strong>que los protege. Este <a href=\"https:\/\/nutrident.fr\/es\/esmalte-dental-tratamiento\/\">esmalte<\/a> no es perfectamente liso, sino que est\u00e1 formado por peque\u00f1as cavidades invisibles a simple vista en las que <strong>se depositan los residuos<\/strong> de los alimentos y bebidas que consumimos.<\/p>\n\n\n\n<p>Cuando se trata de ciertas bebidas que contienen <strong>sustancias pigmentadas<\/strong>, como el caf\u00e9, el t\u00e9 o el vino tinto, estos residuos forman manchas marrones o amarillas.<\/p>\n\n\n\n<p>Es importante <strong>limpiar estas manchas a diario<\/strong>, antes de que penetren m\u00e1s profundamente y se conviertan en permanentes. Si no haces nada al respecto, seguir\u00e1n extendi\u00e9ndose y acabar\u00e1n instal\u00e1ndose para siempre.<\/p>\n\n\n\n<p>Por otro lado, <strong>la placa dental retiene los residuos de caf\u00e9<\/strong> que forman las manchas incluso mejor que el esmalte. La formaci\u00f3n de la placa es m\u00e1s o menos r\u00e1pida dependiendo de la composici\u00f3n de tu saliva y del agua que utilices. La limpieza dental una vez al a\u00f1o es una forma de combatir este problema.<\/p>\n\n\n\n<h2><span class=\"ez-toc-section\" id=\"%C2%BFComo_eliminar_las_manchas_de_cafe_en_los_dientes\"><\/span>\u00bfC\u00f3mo eliminar las manchas de caf\u00e9 en los dientes?<span class=\"ez-toc-section-end\"><\/span><\/h2>\n\n\n\n<h3>Cepillado dental minucioso<\/h3>\n\n\n\n<p>Una buena higiene bucal es el primer requisito para mantener los dientes blancos. Debes <strong>cepillarte los dientes despu\u00e9s de cada comida<\/strong>, especialmente si te tomas<a href=\"https:\/\/culturacafe.es\/\" target=\"_blank\" rel=\"noopener\"> una taza de caf\u00e9<\/a> al terminar de comer. Esta es la mejor forma de eliminar la placa antes de que se mineralice. El cepillado tambi\u00e9n elimina todos los restos de alimentos y bebidas, incluidos los de caf\u00e9.<\/p>\n\n\n\n<p>Un cepillado manual a fondo dura tres minutos, y con <strong>cepillo<\/strong> <strong>el\u00e9ctrico<\/strong>, dos minutos. El <a href=\"https:\/\/nutrident.fr\/es\/?page_id=16661\">cepillo el\u00e9ctrico<\/a> es mucho m\u00e1s eficaz para eliminar las manchas de caf\u00e9 en los dientes, ya que permite llegar a los rincones menos accesibles.<\/p>\n\n\n\n<p>Puedes terminar tu rutina de higiene dental con<strong> <\/strong>un <strong><a href=\"https:\/\/nutrident.fr\/es\/cepillo-interdental\/\">cepillo interdental<\/a><\/strong> o con un <a href=\"https:\/\/nutrident.fr\/es\/?page_id=14947\">irrigador dental<\/a>. Si tienes los dientes muy api\u00f1ados, el hilo dental te ayudar\u00e1 a eliminar los elementos atascados entre los dientes.<\/p>\n\n\n\n<p>Si no sueles comer en casa, puedes cepillarte los dientes con <strong>un cepillo de viaje<\/strong> y llevarlo siempre en el bolso, en la guantera del coche o en un caj\u00f3n de tu escritorio.<\/p>\n\n\n\n<h3>Beber agua despu\u00e9s de tomar caf\u00e9<\/h3>\n\n\n<div class=\"wp-block-image\">\n<figure class=\"alignright size-medium\"><img width=\"300\" height=\"199\" src=\"https:\/\/nutrident.fr\/wp-content\/uploads\/2020\/02\/anshu-a-esU8sgp31zg-unsplash-300x199.jpg\" alt=\"caf\u00e9 y placa dental\" class=\"wp-image-3370\" srcset=\"https:\/\/nutrident.fr\/wp-content\/uploads\/2020\/02\/anshu-a-esU8sgp31zg-unsplash-300x199.jpg 300w, https:\/\/nutrident.fr\/wp-content\/uploads\/2020\/02\/anshu-a-esU8sgp31zg-unsplash-480x319.jpg 480w, https:\/\/nutrident.fr\/wp-content\/uploads\/2020\/02\/anshu-a-esU8sgp31zg-unsplash.jpg 750w\" sizes=\"(max-width: 300px) 100vw, 300px\" \/><figcaption>Beber un vaso de agua despu\u00e9s de cada caf\u00e9 ayuda a prevenir las manchas<\/figcaption><\/figure><\/div>\n\n\n<p>Si tomas caf\u00e9 entre comidas, toma un sorbo de agua y <strong>enju\u00e1gate la boca<\/strong> antes de tragarlo. Esto permite limpiar un poco los residuos antes de que el color<strong> <\/strong>pueda fijarse.<\/p>\n\n\n\n<p>Tambi\u00e9n puede masticar <strong>chicle sin az\u00facar<\/strong>. El chicle limpia la superficie de los dientes y ayuda a tener <a href=\"https:\/\/nutrident.fr\/es\/?page_id=16727\">buen aliento<\/a>.<\/p>\n\n\n\n<h3>Utilizar bicarbonato de sodio con la pasta de dientes<\/h3>\n\n\n\n<p>El bicarbonato de sodio puede ayudar a eliminar las manchas de caf\u00e9 de los dientes. Este fino polvo blanco es completamente natural y no contiene productos qu\u00edmicos. Se pone en el cepillo, con o sin pasta de dientes, y se cepillan los dientes normalmente.<\/p>\n\n\n\n<p>El bicarbonato s\u00f3dico es abrasivo, por lo que <strong>puede eliminar las manchas de caf\u00e9<\/strong> en los dientes. Pero no debes utilizarlo cada vez que te cepilles, sino solo una o dos veces por semana. Si lo usas en exceso, debilitar\u00e1 el esmalte dental y tendr\u00e1s m\u00e1s manchas despu\u00e9s, as\u00ed como dientes m\u00e1s sensibles.<\/p>\n\n\n\n<p>Otro <strong>producto natural <\/strong>popular y eficaz contra las manchas es el <a href=\"https:\/\/nutrident.fr\/es\/?page_id=15504\">carb\u00f3n vegetal<\/a>.<\/p>\n\n\n\n<h3>Blanqueamiento dental<\/h3>\n\n\n\n<p>Si tus dientes ya est\u00e1n bastante manchados, un simple raspado y limpieza en el dentista puede no ser suficiente, por lo que es necesario realizar un <a href=\"https:\/\/nutrident.fr\/es\/?page_id=16855\">blanqueamiento dental en la consulta<\/a> del dentista.  <\/p>\n\n\n\n<p>Una buena alternativa es hacerte un <strong>blanqueamiento en casa<\/strong>, teniendo cuidado de elegir el<a href=\"https:\/\/nutrident.fr\/es\/blanqueamiento-profesional\/kit-blanqueador-dental\/\" target=\"_blank\" rel=\"noreferrer noopener\"> mejor blanqueamiento dental<\/a> casero. En Nutriden.es nos ha gustado especialmente la marca<strong> Smile Avenue<\/strong>.<\/p>\n\n\n\n<p>Independientemente de la modalidad que elijas, un blanqueamiento dental te permitir\u00e1 tener unos dientes impecables y brillantes. Pregunta a tu dentista por el coste, ya que este tratamiento no lo reembolsa el seguro dental.<\/p>\n\n\n\n<p>El blanqueamiento dental se realiza con una soluci\u00f3n de <strong>per\u00f3xido de hidr\u00f3geno<\/strong> que colocar\u00e1s sobre tus dientes en bandejas o f\u00e9rulas de silicona. Dependiendo de la concentraci\u00f3n del gel blanqueador, pasar\u00e1s unas horas en la consulta, o las llevar\u00e1s por la noche, en casa, durante unas semanas.<\/p>\n\n\n\n<h2><span class=\"ez-toc-section\" id=\"PREGUNTAS_FRECUENTES\"><\/span>PREGUNTAS FRECUENTES<span class=\"ez-toc-section-end\"><\/span><\/h2>\n\n\n<div id=\"rank-math-faq\" class=\"rank-math-block\">\n<div class=\"rank-math-list \">\n<div id=\"faq-question-1657866330108\" class=\"rank-math-list-item\">\n<h3 class=\"rank-math-question \">\u00bfC\u00f3mo evitar que se formen manchas de caf\u00e9 en mis dientes?<\/h3>\n<div class=\"rank-math-answer \">\n\n<p>Recuerda beber agua despu\u00e9s de cada caf\u00e9 para enjuagar la boca. Tambi\u00e9n puedes tomar el caf\u00e9 con una pajita. No ser\u00e1 la soluci\u00f3n m\u00e1s elegante pero funciona.<\/p>\n\n<\/div>\n<\/div>\n<div id=\"faq-question-1657866331572\" class=\"rank-math-list-item\">\n<h3 class=\"rank-math-question \">\u00bfC\u00f3mo conseguir unos dientes blancos en un d\u00eda?<\/h3>\n<div class=\"rank-math-answer \">\n\n<p>El bicarbonato de sodio y el lim\u00f3n son dos elementos que pueden ayudar a conseguir dientes blancos. Sin embargo, este \u00faltimo puede ser muy abrasivo para el esmalte dental, as\u00ed que debes tener cuidado. La mejor soluci\u00f3n es realizarse un blanqueamiento de una sesi\u00f3n en el dentista o usar un producto blanqueador como las tiras blanqueadoras.<\/p>\n\n<\/div>\n<\/div>\n<\/div>\n<\/div><div class=\"article-data before-content\"><div class=\"article-data__date\"><div class=\"article-data__date-modified\"><time class=\"published\" datetime=\"2022-10-27T16:09:24+00:00\">This article was originally published on&nbsp;<span class=\"2\">octubre 27, 2022<\/span>&nbsp;and was most recently updated on&nbsp;<span>junio 13, 2023<\/span><\/time><br><\/div><\/div><\/div><div class=\"user-info\">    <div class=\"user-info__body\">\r\n      <div class=\"user-info__caption\"><span>Contributors:<\/span><\/div>\r\n\t\t\t        <div class=\"user-info__wrap \">\r\n          <div class=\"user-info__data\">\r\n            <div class=\"user-info__data__info\">\r\n              <div class=\"photo\">\r\n\t\t\t\t\t\t\t\t<img width=\"66\" height=\"61\" src=\"https:\/\/nutrident.fr\/wp-content\/uploads\/2023\/06\/unnamed-66x61.jpg\" class=\"attachment-profileImageAuthor size-profileImageAuthor wp-post-image\" alt=\"Dr Abel Jes\u00fas Pederzoli\" loading=\"lazy\" srcset=\"https:\/\/nutrident.fr\/wp-content\/uploads\/2023\/06\/unnamed-66x61.jpg 66w, https:\/\/nutrident.fr\/wp-content\/uploads\/2023\/06\/unnamed-300x279.jpg 300w, https:\/\/nutrident.fr\/wp-content\/uploads\/2023\/06\/unnamed-1024x952.jpg 1024w, https:\/\/nutrident.fr\/wp-content\/uploads\/2023\/06\/unnamed-768x714.jpg 768w, https:\/\/nutrident.fr\/wp-content\/uploads\/2023\/06\/unnamed-204x190.jpg 204w, https:\/\/nutrident.fr\/wp-content\/uploads\/2023\/06\/unnamed-120x112.jpg 120w, https:\/\/nutrident.fr\/wp-content\/uploads\/2023\/06\/unnamed.jpg 1125w\" sizes=\"(max-width: 66px) 100vw, 66px\" \/>              <\/div>\r\n              <a href=\"https:\/\/nutrident.fr\/es\/author\/dr-abel-jesus-pederzoli\/\" class=\"name\">Dr Abel Jes\u00fas Pederzoli<\/a>\r\n            <\/div>\r\n            <div class=\"user-info__data__social\">\r\n\t\t\t\t\t\t\t\t\t\t\t\t\t\t\t\t\t\t\t\t\t          <a href=\"https:\/\/clinicaleixample.es\/\"\r\n             class=\"soc-item website\">website<\/a>\r\n\t\t\t\t          <a href=\"http:\/\/linkedin.com\/in\/abel-jes%C3%BAs-pederzoli\"\r\n             class=\"soc-item linkedin\">linkedin<\/a>\r\n\t\t\t\t            <\/div>\r\n          <\/div>\r\n          <div class=\"user-info__description\">\r\n\t\t\t\t\t\t\t\t\t\t\t\t\t<p>Con t\u00edtulos obtenidos en la Facultad de Odontolog\u00eda de la Universidad Nacional de La Plata y una participaci\u00f3n activa en congresos y jornadas, el Dr. Pederzoli se mantiene actualizado en las \u00faltimas t\u00e9cnicas y avances en odontolog\u00eda. Actualmente se encuentra desarrollando un proyecto de consultor\u00eda tecnol\u00f3gica aplicada a cl\u00ednicas dentales.<\/p>\n\t\t\t\t\t\t          <\/div>\r\n        <\/div>\r\n\t\t\t\t    <\/div>\r\n\t<\/div><!--copyscapeskip--><div class=\"medical_references\"><div class=\"medical_references__heading\"><span>Fuentes M\u00e9dicas<\/span><\/div><div class=\"medical_references__list\"><p><strong>Recidiva del color dentario por t\u00e9, caf\u00e9 y vino. In vitro<\/strong>: <a href=\"https:\/\/www.scielo.cl\/scielo.php?script=sci_arttext&pid=S0719-01072012000200001\">https:\/\/www.scielo.cl\/scielo.php?script=sci_arttext&pid=S0719-01072012000200001<\/a><\/p>\n<\/div><\/div><!--\/copyscapeskip-->","protected":false},"excerpt":{"rendered":"<p>Contributor:&nbsp; Dr Abel Jes\u00fas Pederzoli Updated:&nbsp;junio 13, 2023 El caf\u00e9 tiene pigmentos que manchan los dientes y perjudican la apariencia de tu sonrisa. Pero hay medidas que puedes tomar para combatir este efecto antiest\u00e9tico, como mantener una buena higiene dental o recurrir a un blanqueamiento. En este art\u00edculo Nutrident te habla sobre estos y otros [&hellip;]<\/p>\n","protected":false},"author":14,"featured_media":10607,"parent":16855,"menu_order":0,"comment_status":"closed","ping_status":"closed","template":"","meta":{"inline_featured_image":false},"acf":[],"_links":{"self":[{"href":"https:\/\/nutrident.fr\/es\/wp-json\/wp\/v2\/pages\/16902"}],"collection":[{"href":"https:\/\/nutrident.fr\/es\/wp-json\/wp\/v2\/pages"}],"about":[{"href":"https:\/\/nutrident.fr\/es\/wp-json\/wp\/v2\/types\/page"}],"author":[{"embeddable":true,"href":"https:\/\/nutrident.fr\/es\/wp-json\/wp\/v2\/users\/14"}],"replies":[{"embeddable":true,"href":"https:\/\/nutrident.fr\/es\/wp-json\/wp\/v2\/comments?post=16902"}],"version-history":[{"count":27,"href":"https:\/\/nutrident.fr\/es\/wp-json\/wp\/v2\/pages\/16902\/revisions"}],"predecessor-version":[{"id":21776,"href":"https:\/\/nutrident.fr\/es\/wp-json\/wp\/v2\/pages\/16902\/revisions\/21776"}],"up":[{"embeddable":true,"href":"https:\/\/nutrident.fr\/es\/wp-json\/wp\/v2\/pages\/16855"}],"wp:featuredmedia":[{"embeddable":true,"href":"https:\/\/nutrident.fr\/es\/wp-json\/wp\/v2\/media\/10607"}],"wp:attachment":[{"href":"https:\/\/nutrident.fr\/es\/wp-json\/wp\/v2\/media?parent=16902"}],"curies":[{"name":"wp","href":"https:\/\/api.w.org\/{rel}","templated":true}]}}