

{"id":16988,"date":"2022-10-28T10:28:24","date_gmt":"2022-10-28T10:28:24","guid":{"rendered":"https:\/\/nutrident.fr\/?page_id=16988"},"modified":"2023-06-13T10:31:53","modified_gmt":"2023-06-13T10:31:53","slug":"dr-smile-vs-invisalign","status":"publish","type":"page","link":"https:\/\/nutrident.fr\/es\/ortodoncia\/dr-smile-vs-invisalign\/","title":{"rendered":"Dr Smile vs Invisalign: \u00bfqu\u00e9 marca te conviene m\u00e1s y c\u00f3mo elegir?"},"content":{"rendered":"<div class=\"meta\"><div class=\"meta__users\">    <div class=\"meta__users__reviewed\">\r\n      <p class=\"meta__users__caption\">Contributor:&nbsp;<\/p>\r\n      <div class=\"users\">\r\n        <span class=\"users__user\">\r\n          <a href=\"#\">Dr Abel Jes\u00fas Pederzoli<\/a>\r\n        <\/span>\r\n      <\/div>\r\n    <\/div>\r\n\t<\/div><div class=\"meta__date-modified\">Updated:&nbsp;<span>junio 13, 2023<\/span><\/div><\/div><div class=\"wp-block-image\">\n<figure class=\"alignright size-medium\"><img width=\"300\" height=\"200\" src=\"https:\/\/nutrident.fr\/wp-content\/uploads\/2022\/06\/Depositphotos_227239408_m-2015-300x200.jpg\" alt=\"\" class=\"wp-image-11139\" srcset=\"https:\/\/nutrident.fr\/wp-content\/uploads\/2022\/06\/Depositphotos_227239408_m-2015-300x200.jpg 300w, https:\/\/nutrident.fr\/wp-content\/uploads\/2022\/06\/Depositphotos_227239408_m-2015-768x512.jpg 768w, https:\/\/nutrident.fr\/wp-content\/uploads\/2022\/06\/Depositphotos_227239408_m-2015-254x169.jpg 254w, https:\/\/nutrident.fr\/wp-content\/uploads\/2022\/06\/Depositphotos_227239408_m-2015.jpg 1000w\" sizes=\"(max-width: 300px) 100vw, 300px\" \/><figcaption>Los alineadores invisibles Dr. Smile e Invisalign est\u00e1n de moda en el mercado<\/figcaption><\/figure><\/div>\n\n\n<p>\u00bfQuieres usar ortodoncia invisible pero no sabes cu\u00e1l elegir entre Dr. Smile vs Invisalign? Ambas marcas se encuentran entre las m\u00e1s reconocidas en el mundo de la ortodoncia invisible y es natural no estar seguro de cu\u00e1l de las dos usar. <\/p>\n\n\n\n<p>La ortodoncia invisible es una <strong>forma est\u00e9tica<\/strong> de enderezar los dientes, ya que los alineadores utilizados son transparentes y muy discretos. Invisalign es una marca que permite obtener una sonrisa ideal de la forma m\u00e1s discreta y eficaz posible, pero tambi\u00e9n es una de las m\u00e1s caras del mercado. Por eso hay <a href=\"https:\/\/nutrident.fr\/es\/?page_id=16755\" data-type=\"URL\" data-id=\"https:\/\/nutrident.fr\/gouttieres-transparentes-quelles-alternatives-a-invisalign\/\" target=\"_blank\" rel=\"noreferrer noopener\"><strong>alternativas m\u00e1s asequibles<\/strong><\/a>, como Dr. Smile, que pueden ayudarte a conseguir resultados similares.<\/p>\n\n\n\n<p>Si est\u00e1s pensando en utilizar alineadores invisibles, pero no sabes qu\u00e9 tratamiento elegir <strong>entre Dr. Smile e Invisalign<\/strong>, en este art\u00edculo te explicamos todos los pros y los contras de cada marca. <\/p>\n\n\n\n<p>Tambi\u00e9n puedes obtener m\u00e1s informaci\u00f3n sobre el tratamiento Dr. Smile poni\u00e9ndote en contacto con una cl\u00ednica dental Dr. Smile.<\/p>\n\n\n\n<div class=\"wp-container-1 is-content-justification-center wp-block-buttons\">\n<div class=\"wp-block-button\"><a class=\"wp-block-button__link has-white-color has-vivid-cyan-blue-background-color has-text-color has-background\" href=\"https:\/\/tidd.ly\/3Dy4VRx\" target=\"_blank\" rel=\"noopener\">Haz clic aqu\u00ed para encontrar tu dentista Dr. Smile m\u00e1s cercano<\/a><\/div>\n<\/div>\n\n\n\n<div id=\"ez-toc-container\" class=\"ez-toc-v2_0_33_2 counter-hierarchy ez-toc-counter ez-toc-white ez-toc-container-direction\">\n<div class=\"ez-toc-title-container\">\n<p class=\"ez-toc-title\">Contenus<\/p>\n<span class=\"ez-toc-title-toggle\"><a href=\"#\" class=\"ez-toc-pull-right ez-toc-btn ez-toc-btn-xs ez-toc-btn-default ez-toc-toggle\" style=\"display: none;\"><label for=\"item\" aria-label=\"Tabla de contenidos\"><i class=\"ez-toc-glyphicon ez-toc-icon-toggle\"><\/i><\/label><input type=\"checkbox\" id=\"item\"><\/a><\/span><\/div>\n<nav><ul class='ez-toc-list ez-toc-list-level-1'><li class='ez-toc-page-1 ez-toc-heading-level-2'><a class=\"ez-toc-link ez-toc-heading-1\" href=\"https:\/\/nutrident.fr\/es\/ortodoncia\/dr-smile-vs-invisalign\/#%C2%BFQue_es_Dr_Smile\" title=\"\u00bfQu\u00e9 es Dr. Smile?\">\u00bfQu\u00e9 es Dr. Smile?<\/a><\/li><li class='ez-toc-page-1 ez-toc-heading-level-2'><a class=\"ez-toc-link ez-toc-heading-2\" href=\"https:\/\/nutrident.fr\/es\/ortodoncia\/dr-smile-vs-invisalign\/#%C2%BFCuales_son_las_ventajas_de_Dr_Smile_en_comparacion_con_Invisalign\" title=\"\u00bfCu\u00e1les son las ventajas de Dr Smile en comparaci\u00f3n con Invisalign?\">\u00bfCu\u00e1les son las ventajas de Dr Smile en comparaci\u00f3n con Invisalign?<\/a><\/li><li class='ez-toc-page-1 ez-toc-heading-level-2'><a class=\"ez-toc-link ez-toc-heading-3\" href=\"https:\/\/nutrident.fr\/es\/ortodoncia\/dr-smile-vs-invisalign\/#%C2%BFCuales_son_las_desventajas_de_Dr_Smile_vs_Invisalign\" title=\"\u00bfCu\u00e1les son las desventajas de Dr Smile vs Invisalign?\">\u00bfCu\u00e1les son las desventajas de Dr Smile vs Invisalign?<\/a><\/li><li class='ez-toc-page-1 ez-toc-heading-level-2'><a class=\"ez-toc-link ez-toc-heading-4\" href=\"https:\/\/nutrident.fr\/es\/ortodoncia\/dr-smile-vs-invisalign\/#Dr_Smile_o_Invisalign_%C2%BFque_marca_es_mejor\" title=\"Dr. Smile o Invisalign: \u00bfqu\u00e9 marca es mejor?\">Dr. Smile o Invisalign: \u00bfqu\u00e9 marca es mejor?<\/a><\/li><li class='ez-toc-page-1 ez-toc-heading-level-2'><a class=\"ez-toc-link ez-toc-heading-5\" href=\"https:\/\/nutrident.fr\/es\/ortodoncia\/dr-smile-vs-invisalign\/#Preguntas_frecuentes\" title=\"Preguntas frecuentes\">Preguntas frecuentes<\/a><\/li><\/ul><\/nav><\/div>\n<h2><span class=\"ez-toc-section\" id=\"%C2%BFQue_es_Dr_Smile\"><\/span>\u00bfQu\u00e9 es Dr. Smile?<span class=\"ez-toc-section-end\"><\/span><\/h2>\n\n\n\n<p><a href=\"https:\/\/tidd.ly\/3Dy4VRx\" target=\"_blank\" rel=\"noopener\">DrSmile<\/a> es una empresa alemana fundada en 2016<strong> <\/strong>con <strong>m\u00e1s de 100 cl\u00ednicas<\/strong> en Francia, Alemania, Espa\u00f1a y otros pa\u00edses europeos. En Francia, la empresa ha conquistado r\u00e1pidamente una gran parte del mercado de los alineadores transparentes estableci\u00e9ndose en las principales ciudades. Sin embargo, Invisalign sigue siendo la marca l\u00edder en el mercado de la ortodoncia invisible con m\u00e1s de treinta a\u00f1os de experiencia.<\/p>\n\n\n\n<p>Los alineadores invisibles se fabrican a medida y se cambian regularmente para ejercer <strong>una presi\u00f3n constante sobre los dientes<\/strong> con el objetivo de enderezarlos gradualmente hasta alcanzar una posici\u00f3n ideal.<\/p>\n\n\n\n<h2><span class=\"ez-toc-section\" id=\"%C2%BFCuales_son_las_ventajas_de_Dr_Smile_en_comparacion_con_Invisalign\"><\/span>\u00bfCu\u00e1les son las ventajas de Dr Smile en comparaci\u00f3n con Invisalign?<span class=\"ez-toc-section-end\"><\/span><\/h2>\n\n\n\n<h3>Precio<\/h3>\n\n\n\n<p>Las alternativas a Invisalign, como Dr. Smile, se distinguen por su precio. Este es el caso de la marca alemana, que tiene <strong>precios mucho m\u00e1s bajos que Invisalign<\/strong>. Los costes, a menudo exorbitantes, de la ortodoncia invisible son una desventaja para muchas personas, sobre todo porque este tratamiento no lo cubre la Seguridad Social.<\/p>\n\n\n<div class=\"wp-block-image\">\n<figure class=\"alignright size-medium\"><img width=\"300\" height=\"200\" src=\"https:\/\/nutrident.fr\/wp-content\/uploads\/2022\/06\/Invis-femme-300x200.jpg\" alt=\"\u00bfDr. Smile o Invisalign?\" class=\"wp-image-10938\" srcset=\"https:\/\/nutrident.fr\/wp-content\/uploads\/2022\/06\/Invis-femme-300x200.jpg 300w, https:\/\/nutrident.fr\/wp-content\/uploads\/2022\/06\/Invis-femme-768x512.jpg 768w, https:\/\/nutrident.fr\/wp-content\/uploads\/2022\/06\/Invis-femme-254x169.jpg 254w, https:\/\/nutrident.fr\/wp-content\/uploads\/2022\/06\/Invis-femme.jpg 1000w\" sizes=\"(max-width: 300px) 100vw, 300px\" \/><figcaption>Solo se requiere una cita con tu profesional sanitario durante el tratamiento Dr. Smile<\/figcaption><\/figure><\/div>\n\n\n<p>Dr. Smile aboga por un <strong>enfoque a domicilio<\/strong>,<strong> <\/strong>reduciendo los costes al eliminar algunos de los intermediarios y la mayor\u00eda de las citas de ortodoncia. S\u00ed, la primera cita es siempre presencial, pero el resto del <strong>seguimiento es virtual.<\/strong><\/p>\n\n\n\n<p>Para que te hagas una idea, los precios del Dr. Smile oscilan entre unos <strong>1600 euros <\/strong>(casos leves)<strong> y 2700 euros <\/strong>(casos complejos). La empresa alemana ofrece a los pacientes la posibilidad de repartir sus pagos en varios meses. Esta <strong>financiaci\u00f3n<\/strong> es tambi\u00e9n una de las grandes ventajas de este tratamiento de ortodoncia invisible.<\/p>\n\n\n\n<h3>Tratamiento pr\u00e1ctico<\/h3>\n\n\n\n<p>Como ya se ha mencionado, la marca alemana se est\u00e1 expandiendo en el campo de la ortodoncia en casa. Si est\u00e1s interesado en esta opci\u00f3n y te parece m\u00e1s conveniente, visita la p\u00e1gina web y rellena el formulario requerido.<\/p>\n\n\n\n<p>En este primer paso se establece el contacto con la empresa, que luego propone una cita en la cl\u00ednica m\u00e1s cercana. Esta consulta es esencial, ya que en ella se realiza un<strong> an\u00e1lisis en 3D de los dientes<\/strong>, as\u00ed como otras pruebas para conocer el estado completo de tu salud bucodental. El tratamiento termina con una evaluaci\u00f3n en 3D de los dientes despu\u00e9s de llevar la ortodoncia invisible.<\/p>\n\n\n\n<p>Dos semanas despu\u00e9s de la cita,<strong> <\/strong>Dr. Smile env\u00eda un <strong>informe detallado <\/strong>al domicilio del paciente, que incluye la duraci\u00f3n del tratamiento, el precio y toda la informaci\u00f3n necesaria para orientarlo durante el proceso.<\/p>\n\n\n\n<p>Si el paciente acepta llevar a cabo el tratamiento, se le notifica a la empresa y se encargan los alineadores invisibles a medida. Estos se env\u00edan al domicilio del paciente entre 4 y 6 semanas despu\u00e9s.<\/p>\n\n\n\n<p>Aunque todas las etapas del tratamiento se llevan a cabo en casa, el profesional sanitario<strong> <\/strong>siempre est\u00e1 cerca para <strong>seguir la evoluci\u00f3n<\/strong>, que se registra <strong>virtualmente<\/strong> a trav\u00e9s de una aplicaci\u00f3n m\u00f3vil.<\/p>\n\n\n\n<h3>Garant\u00eda<\/h3>\n\n\n\n<p>Dr. Smile pone todas las cartas sobre la mesa con su sello de confianza y su garant\u00eda de satisfacci\u00f3n. Si los resultados no son los esperados al final del tratamiento, Dr. Smile garantiza la <strong>fabricaci\u00f3n de nuevos alineadores invisibles<\/strong> para prolongar el tratamiento y alcanzar los objetivos deseados.<\/p>\n\n\n\n<p>En Invisalign, este tipo de garant\u00eda tambi\u00e9n existe seg\u00fan el tipo de tratamiento elegido. Los alineadores adicionales son ilimitados con el contrato<strong> Invisalin Comprehensive<\/strong>, pero no con el resto de los paquetes.<\/p>\n\n\n\n<h2><span class=\"ez-toc-section\" id=\"%C2%BFCuales_son_las_desventajas_de_Dr_Smile_vs_Invisalign\"><\/span>\u00bfCu\u00e1les son las desventajas de Dr Smile vs Invisalign?<span class=\"ez-toc-section-end\"><\/span><\/h2>\n\n\n\n<h3>Eficiencia<\/h3>\n\n\n\n<p>Tanto Dr. Smile como Invisalign ofrecen tratamientos eficaces para <strong>los diastemas<\/strong>, las <strong>maloclusiones leves<\/strong> y el <strong>api\u00f1amient<\/strong>o. Sin embargo, <a href=\"https:\/\/nutrident.fr\/es\/?page_id=16751\" data-type=\"URL\" data-id=\"https:\/\/nutrident.fr\/invisalign-avis\/\" target=\"_blank\" rel=\"noreferrer noopener\">Invisalign<\/a> se lleva el premio en los casos m\u00e1s complejos, mientras que la tecnolog\u00eda de Dr. Smile sigue siendo limitada en algunos casos.<\/p>\n\n\n\n<p>Adem\u00e1s, Invisalign cuenta con un sistema compatible con el 90% de los casos que requieren ortodoncia. La marca quiere adaptarse a todos los perfiles, ofreciendo, si es necesario, <strong>alineadores con aditamentos<\/strong> y el\u00e1sticos que recuerdan a los<a href=\"https:\/\/nutrident.fr\/es\/?page_id=16771\" data-type=\"URL\" data-id=\"https:\/\/nutrident.fr\/orthodontie-appareil-dentaire-adulte\/\" target=\"_blank\" rel=\"noreferrer noopener\"> tratamientos de ortodoncia m\u00e1s tradicionales<\/a>.<\/p>\n\n\n\n<h3>Calidad<\/h3>\n\n\n\n<p>La calidad es otro punto fuerte de Invisalign y de los alineadores Dr. Smile. Estos \u00faltimos son fabricados por el Grupo Straumann, la renombrada empresa dental que est\u00e1 detr\u00e1s de los aparatos invisibles ClearCorrect. La tecnolog\u00eda alemana se basa en el uso de <strong>ClearQuartz<\/strong>, un material flexible y extremadamente resistente.<\/p>\n\n\n\n<p>Los alineadores Invisalign son fabricados por la empresa estadounidense <strong>Align Technology<\/strong>, pionera en ortodoncia invisible en todo el mundo. Est\u00e1n hechos de un material termopl\u00e1stico muy resistente y el\u00e1stico llamado <strong>SmartTrack<\/strong>.<\/p>\n\n\n<div class=\"wp-block-image\">\n<figure class=\"alignright size-medium\"><img width=\"300\" height=\"281\" src=\"https:\/\/nutrident.fr\/wp-content\/uploads\/2022\/05\/invisalign_Home-300x281.jpg\" alt=\"DrSmile\" class=\"wp-image-10821\" srcset=\"https:\/\/nutrident.fr\/wp-content\/uploads\/2022\/05\/invisalign_Home-300x281.jpg 300w, https:\/\/nutrident.fr\/wp-content\/uploads\/2022\/05\/invisalign_Home-203x190.jpg 203w, https:\/\/nutrident.fr\/wp-content\/uploads\/2022\/05\/invisalign_Home.jpg 388w\" sizes=\"(max-width: 300px) 100vw, 300px\" \/><figcaption>Invisalign tiene tratamientos m\u00e1s completos y Dr. Smile es m\u00e1s barato<\/figcaption><\/figure><\/div>\n\n\n<h3>Confianza<\/h3>\n\n\n\n<p>La confianza es una de las cualidades que acompa\u00f1an tanto a Dr. Smile como a Invisalign. Align Technology es una empresa consolidada en el sector ortod\u00f3ntico desde 1997. Millones de pacientes de todo el mundo se han beneficiado de este tratamiento.<\/p>\n\n\n\n<p>Aunque Dr. Smile es una empresa m\u00e1s joven, ya se han realizado <strong>miles de tratamientos <\/strong>con este sistema. Los testimonios positivos abundan en los foros especializados.<\/p>\n\n\n\n<div class=\"wp-container-2 is-content-justification-center wp-block-buttons\">\n<div class=\"wp-block-button\"><a class=\"wp-block-button__link has-white-color has-vivid-cyan-blue-background-color has-text-color has-background\" href=\"https:\/\/tidd.ly\/3Dy4VRx\" target=\"_blank\" rel=\"noopener\">Comprueba tu elegibilidad para el tratamiento Dr. Smile<\/a><\/div>\n<\/div>\n\n\n\n<h2><span class=\"ez-toc-section\" id=\"Dr_Smile_o_Invisalign_%C2%BFque_marca_es_mejor\"><\/span>Dr. Smile o Invisalign: \u00bfqu\u00e9 marca es mejor?<span class=\"ez-toc-section-end\"><\/span><\/h2>\n\n\n\n<p>Ambas marcas ofrecen <strong>alineadores invisibles<\/strong> de gran calidad y eficacia, por lo que la elecci\u00f3n depender\u00e1 de tu caso particular. Si tienes dientes torcidos o espacios interdentales y buscas un tratamiento menos costoso, DrSmile puede ser una soluci\u00f3n para ti. Pero si tu condici\u00f3n es m\u00e1s severa, o eres un <a href=\"https:\/\/nutrident.fr\/es\/?page_id=16773\" data-type=\"URL\" data-id=\"https:\/\/nutrident.fr\/invisalign-teen\/\" target=\"_blank\" rel=\"noreferrer noopener\">adolescente<\/a>, Invisalign es la mejor opci\u00f3n.<\/p>\n\n\n\n<h2><span class=\"ez-toc-section\" id=\"Preguntas_frecuentes\"><\/span>Preguntas frecuentes<span class=\"ez-toc-section-end\"><\/span><\/h2>\n\n\n<div id=\"rank-math-faq\" class=\"rank-math-block\">\n<div class=\"rank-math-list \">\n<div id=\"faq-question-1671207545934\" class=\"rank-math-list-item\">\n<h3 class=\"rank-math-question \">\u00bfCu\u00e1les son los diferentes tipos de tratamiento de Dr. Smile?<\/h3>\n<div class=\"rank-math-answer \">\n\n<p>La empresa alemana ofrece a sus pacientes tres opciones en funci\u00f3n del estado de sus dientes: tratamiento ligero, tratamiento medio y tratamiento complejo. Cada f\u00f3rmula pretende adaptarse a las necesidades especiales de los pacientes.<\/p>\n\n<\/div>\n<\/div>\n<div id=\"faq-question-1671207553600\" class=\"rank-math-list-item\">\n<h3 class=\"rank-math-question \">\u00bfQu\u00e9 es una maloclusi\u00f3n?<\/h3>\n<div class=\"rank-math-answer \">\n\n<p>Una maloclusi\u00f3n se produce cuando las imperfecciones dentales (dientes mal alineados, superpuestos, etc.) impiden el correcto funcionamiento muscular de los maxilares o dificultan la relaci\u00f3n funcional entre los dientes.<\/p>\n\n<\/div>\n<\/div>\n<div id=\"faq-question-1671207582860\" class=\"rank-math-list-item\">\n<h3 class=\"rank-math-question \">\u00bfC\u00f3mo puedo tener unos dientes bonitos sin aparatos?<\/h3>\n<div class=\"rank-math-answer \">\n\n<p>Los aparatos tradicionales est\u00e1n pasados de moda. La ortodoncia invisible, simbolizada por los alineadores transparentes Invisalign y Dr. Smile, es muy valorada por su est\u00e9tica.<\/p>\n\n<\/div>\n<\/div>\n<\/div>\n<\/div><div class=\"article-data before-content\"><div class=\"article-data__date\"><div class=\"article-data__date-modified\"><time class=\"published\" datetime=\"2022-10-28T10:28:24+00:00\">This article was originally published on&nbsp;<span class=\"2\">octubre 28, 2022<\/span>&nbsp;and was most recently updated on&nbsp;<span>junio 13, 2023<\/span><\/time><br><\/div><\/div><\/div><div class=\"user-info\">    <div class=\"user-info__body\">\r\n      <div class=\"user-info__caption\"><span>Contributors:<\/span><\/div>\r\n\t\t\t        <div class=\"user-info__wrap \">\r\n          <div class=\"user-info__data\">\r\n            <div class=\"user-info__data__info\">\r\n              <div class=\"photo\">\r\n\t\t\t\t\t\t\t\t<img width=\"66\" height=\"61\" src=\"https:\/\/nutrident.fr\/wp-content\/uploads\/2023\/06\/unnamed-66x61.jpg\" class=\"attachment-profileImageAuthor size-profileImageAuthor wp-post-image\" alt=\"Dr Abel Jes\u00fas Pederzoli\" loading=\"lazy\" srcset=\"https:\/\/nutrident.fr\/wp-content\/uploads\/2023\/06\/unnamed-66x61.jpg 66w, https:\/\/nutrident.fr\/wp-content\/uploads\/2023\/06\/unnamed-300x279.jpg 300w, https:\/\/nutrident.fr\/wp-content\/uploads\/2023\/06\/unnamed-1024x952.jpg 1024w, https:\/\/nutrident.fr\/wp-content\/uploads\/2023\/06\/unnamed-768x714.jpg 768w, https:\/\/nutrident.fr\/wp-content\/uploads\/2023\/06\/unnamed-204x190.jpg 204w, https:\/\/nutrident.fr\/wp-content\/uploads\/2023\/06\/unnamed-120x112.jpg 120w, https:\/\/nutrident.fr\/wp-content\/uploads\/2023\/06\/unnamed.jpg 1125w\" sizes=\"(max-width: 66px) 100vw, 66px\" \/>              <\/div>\r\n              <a href=\"https:\/\/nutrident.fr\/es\/author\/dr-abel-jesus-pederzoli\/\" class=\"name\">Dr Abel Jes\u00fas Pederzoli<\/a>\r\n            <\/div>\r\n            <div class=\"user-info__data__social\">\r\n\t\t\t\t\t\t\t\t\t\t\t\t\t\t\t\t\t\t\t\t\t          <a href=\"https:\/\/clinicaleixample.es\/\"\r\n             class=\"soc-item website\">website<\/a>\r\n\t\t\t\t          <a href=\"http:\/\/linkedin.com\/in\/abel-jes%C3%BAs-pederzoli\"\r\n             class=\"soc-item linkedin\">linkedin<\/a>\r\n\t\t\t\t            <\/div>\r\n          <\/div>\r\n          <div class=\"user-info__description\">\r\n\t\t\t\t\t\t\t\t\t\t\t\t\t<p>Con t\u00edtulos obtenidos en la Facultad de Odontolog\u00eda de la Universidad Nacional de La Plata y una participaci\u00f3n activa en congresos y jornadas, el Dr. Pederzoli se mantiene actualizado en las \u00faltimas t\u00e9cnicas y avances en odontolog\u00eda. Actualmente se encuentra desarrollando un proyecto de consultor\u00eda tecnol\u00f3gica aplicada a cl\u00ednicas dentales.<\/p>\n\t\t\t\t\t\t          <\/div>\r\n        <\/div>\r\n\t\t\t\t    <\/div>\r\n\t<\/div><!--copyscapeskip--><div class=\"medical_references\"><div class=\"medical_references__heading\"><span>Fuentes M\u00e9dicas<\/span><\/div><div class=\"medical_references__list\"><p><strong>Aparatos de ortodoncia invisibles y casi invisibles:<\/strong><em><br \/>\n<\/em>&lt;<a href=\"https:\/\/orthodfr.edpsciences.org\/articles\/orthodfr\/pdf\/2014\/01\/orthodfr140004.pdf\">https:\/\/orthodfr.edpsciences.org\/articles\/orthodfr\/pdf\/2014\/01\/orthodfr140004.pdf<\/a>&gt;<\/p>\n<\/div><\/div><!--\/copyscapeskip-->","protected":false},"excerpt":{"rendered":"<p>Contributor:&nbsp; Dr Abel Jes\u00fas Pederzoli Updated:&nbsp;junio 13, 2023 \u00bfQuieres usar ortodoncia invisible pero no sabes cu\u00e1l elegir entre Dr. Smile vs Invisalign? Ambas marcas se encuentran entre las m\u00e1s reconocidas en el mundo de la ortodoncia invisible y es natural no estar seguro de cu\u00e1l de las dos usar. La ortodoncia invisible es una forma [&hellip;]<\/p>\n","protected":false},"author":14,"featured_media":10823,"parent":16771,"menu_order":0,"comment_status":"closed","ping_status":"closed","template":"","meta":{"inline_featured_image":false},"acf":[],"_links":{"self":[{"href":"https:\/\/nutrident.fr\/es\/wp-json\/wp\/v2\/pages\/16988"}],"collection":[{"href":"https:\/\/nutrident.fr\/es\/wp-json\/wp\/v2\/pages"}],"about":[{"href":"https:\/\/nutrident.fr\/es\/wp-json\/wp\/v2\/types\/page"}],"author":[{"embeddable":true,"href":"https:\/\/nutrident.fr\/es\/wp-json\/wp\/v2\/users\/14"}],"replies":[{"embeddable":true,"href":"https:\/\/nutrident.fr\/es\/wp-json\/wp\/v2\/comments?post=16988"}],"version-history":[{"count":17,"href":"https:\/\/nutrident.fr\/es\/wp-json\/wp\/v2\/pages\/16988\/revisions"}],"predecessor-version":[{"id":21899,"href":"https:\/\/nutrident.fr\/es\/wp-json\/wp\/v2\/pages\/16988\/revisions\/21899"}],"up":[{"embeddable":true,"href":"https:\/\/nutrident.fr\/es\/wp-json\/wp\/v2\/pages\/16771"}],"wp:featuredmedia":[{"embeddable":true,"href":"https:\/\/nutrident.fr\/es\/wp-json\/wp\/v2\/media\/10823"}],"wp:attachment":[{"href":"https:\/\/nutrident.fr\/es\/wp-json\/wp\/v2\/media?parent=16988"}],"curies":[{"name":"wp","href":"https:\/\/api.w.org\/{rel}","templated":true}]}}