

{"id":16991,"date":"2022-10-28T10:28:14","date_gmt":"2022-10-28T10:28:14","guid":{"rendered":"https:\/\/nutrident.fr\/?page_id=16991"},"modified":"2023-06-15T23:04:18","modified_gmt":"2023-06-15T23:04:18","slug":"diente-necrotico","status":"publish","type":"page","link":"https:\/\/nutrident.fr\/es\/diente-necrotico\/","title":{"rendered":"\u00bfQu\u00e9 es la necrosis dental y c\u00f3mo saber si un diente est\u00e1 necr\u00f3tico?"},"content":{"rendered":"<div class=\"meta\"><div class=\"meta__users\">    <div class=\"meta__users__reviewed\">\r\n      <p class=\"meta__users__caption\">Contributor:&nbsp;<\/p>\r\n      <div class=\"users\">\r\n        <span class=\"users__user\">\r\n          <a href=\"#\">Dr Abel Jes\u00fas Pederzoli<\/a>\r\n        <\/span>\r\n      <\/div>\r\n    <\/div>\r\n\t<\/div><div class=\"meta__date-modified\">Updated:&nbsp;<span>junio 15, 2023<\/span><\/div><\/div><div class=\"wp-block-image\">\n<figure class=\"alignright size-medium\"><img width=\"300\" height=\"237\" src=\"https:\/\/nutrident.fr\/wp-content\/uploads\/2022\/07\/dent-necrose-300x237.jpg\" alt=\"diente necr\u00f3tico\" class=\"wp-image-13886\" srcset=\"https:\/\/nutrident.fr\/wp-content\/uploads\/2022\/07\/dent-necrose-300x237.jpg 300w, https:\/\/nutrident.fr\/wp-content\/uploads\/2022\/07\/dent-necrose-768x607.jpg 768w, https:\/\/nutrident.fr\/wp-content\/uploads\/2022\/07\/dent-necrose-240x190.jpg 240w, https:\/\/nutrident.fr\/wp-content\/uploads\/2022\/07\/dent-necrose.jpg 1000w\" sizes=\"(max-width: 300px) 100vw, 300px\" \/><figcaption>Un diente necr\u00f3tico es el resultado de una infecci\u00f3n no tratada<\/figcaption><\/figure><\/div>\n\n\n<p>La necrosis dental es una afecci\u00f3n en la que un diente se ha da\u00f1ado irreparablemente y la pulpa dental muere. Un diente afectado por bacterias requiere la intervenci\u00f3n de un dentista, ya que <strong>no puede curarse de forma natural<\/strong>. Si dejas que la infecci\u00f3n progrese, puedes acabar con un diente necr\u00f3tico.<\/p>\n\n\n\n<p>En este art\u00edculo, te explicamos las etapas por las que pasa el diente antes de la necrosis y cu\u00e1les son los s\u00edntomas para detectarlo.<\/p>\n\n\n\n<div id=\"ez-toc-container\" class=\"ez-toc-v2_0_33_2 counter-hierarchy ez-toc-counter ez-toc-white ez-toc-container-direction\">\n<div class=\"ez-toc-title-container\">\n<p class=\"ez-toc-title\">Contenus<\/p>\n<span class=\"ez-toc-title-toggle\"><a href=\"#\" class=\"ez-toc-pull-right ez-toc-btn ez-toc-btn-xs ez-toc-btn-default ez-toc-toggle\" style=\"display: none;\"><label for=\"item\" aria-label=\"Tabla de contenidos\"><i class=\"ez-toc-glyphicon ez-toc-icon-toggle\"><\/i><\/label><input type=\"checkbox\" id=\"item\"><\/a><\/span><\/div>\n<nav><ul class='ez-toc-list ez-toc-list-level-1'><li class='ez-toc-page-1 ez-toc-heading-level-2'><a class=\"ez-toc-link ez-toc-heading-1\" href=\"https:\/\/nutrident.fr\/es\/diente-necrotico\/#Las_diferentes_etapas_la_necrosis_dental\" title=\"Las diferentes etapas la necrosis dental\">Las diferentes etapas la necrosis dental<\/a><\/li><li class='ez-toc-page-1 ez-toc-heading-level-2'><a class=\"ez-toc-link ez-toc-heading-2\" href=\"https:\/\/nutrident.fr\/es\/diente-necrotico\/#Causas_de_necrosis_dental\" title=\"Causas de necrosis dental\">Causas de necrosis dental<\/a><\/li><li class='ez-toc-page-1 ez-toc-heading-level-2'><a class=\"ez-toc-link ez-toc-heading-3\" href=\"https:\/\/nutrident.fr\/es\/diente-necrotico\/#%C2%BFCuales_son_los_sintomas_de_un_diente_necrotico\" title=\"\u00bfCu\u00e1les son los s\u00edntomas de un diente necr\u00f3tico?  \">\u00bfCu\u00e1les son los s\u00edntomas de un diente necr\u00f3tico?  <\/a><\/li><li class='ez-toc-page-1 ez-toc-heading-level-2'><a class=\"ez-toc-link ez-toc-heading-4\" href=\"https:\/\/nutrident.fr\/es\/diente-necrotico\/#Tratamiento_de_la_necrosis_dental\" title=\"Tratamiento de la necrosis dental\">Tratamiento de la necrosis dental<\/a><\/li><li class='ez-toc-page-1 ez-toc-heading-level-2'><a class=\"ez-toc-link ez-toc-heading-5\" href=\"https:\/\/nutrident.fr\/es\/diente-necrotico\/#Consecuencias_de_la_necrosis_dental\" title=\"Consecuencias de la necrosis dental\">Consecuencias de la necrosis dental<\/a><\/li><li class='ez-toc-page-1 ez-toc-heading-level-2'><a class=\"ez-toc-link ez-toc-heading-6\" href=\"https:\/\/nutrident.fr\/es\/diente-necrotico\/#Preguntas_frecuentes\" title=\"Preguntas frecuentes\">Preguntas frecuentes<\/a><\/li><\/ul><\/nav><\/div>\n<h2><span class=\"ez-toc-section\" id=\"Las_diferentes_etapas_la_necrosis_dental\"><\/span>Las diferentes etapas la necrosis dental<span class=\"ez-toc-section-end\"><\/span><\/h2>\n\n\n\n<p>Las bacterias que viven en la boca comienzan atacando la superficie del diente: el <a href=\"https:\/\/nutrident.fr\/es\/esmalte-dental-tratamiento\/\" target=\"_blank\" data-type=\"URL\" data-id=\"https:\/\/nutrident.fr\/es\/esmalte-dental-tratamiento\/\" rel=\"noreferrer noopener\">esmalte<\/a>. As\u00ed es como se crea la <a href=\"https:\/\/nutrident.fr\/es\/caries\/\" data-type=\"page\" data-id=\"10663\">caries dental<\/a>. Si no lo trata un dentista, las bacterias siguen reproduci\u00e9ndose y llegan a la dentina.<\/p>\n\n\n\n<p>En esta fase, es probable que sientas algo de dolor y deber\u00e1s acudir al <a href=\"https:\/\/nutrident.fr\/es\/dentista-de-urgencias\/\" data-type=\"post\" data-id=\"2030\">dentista con urgencia<\/a>, ya que de lo contrario <strong>la infecci\u00f3n se propagar\u00e1 al coraz\u00f3n del diente: la pulpa<\/strong>, es decir, la parte viva del diente. Si la pulpa se ve comprometida, el dolor se aumentar\u00e1 significativamente, ya que cuenta con nervios y vasos sangu\u00edneos.<\/p>\n\n\n\n<p>Cuando el tejido pulpar es atacado por las bacterias, acaba muriendo. Es en esta fase cuando hablamos de diente necr\u00f3tico o necrotizado.<\/p>\n\n\n\n<p>La infecci\u00f3n tambi\u00e9n puede extenderse desde la ra\u00edz del diente, en cuyo caso no ser\u00e1 visible, pero s\u00ed ser\u00e1 igual de dolorosa. Los g\u00e9rmenes pasan entonces por la parte superior de la ra\u00edz del diente, el llamado \u00e1pice.<\/p>\n\n\n\n<h2><span class=\"ez-toc-section\" id=\"Causas_de_necrosis_dental\"><\/span>Causas de necrosis dental<span class=\"ez-toc-section-end\"><\/span><\/h2>\n\n\n\n<p>Adem\u00e1s de la caries, la necrosis dental puede ser inducida por <strong>traumatismos repetidos<\/strong> que alteran la salud de la pulpa dental y precipitan su degeneraci\u00f3n. Una lesi\u00f3n puede da\u00f1ar la vascularizaci\u00f3n del diente, lo que resulta en una mala circulaci\u00f3n y <a href=\"https:\/\/nutrident.fr\/es\/diente-roto\/\" target=\"_blank\" data-type=\"URL\" data-id=\"https:\/\/nutrident.fr\/es\/diente-roto\/\" rel=\"noreferrer noopener\">fragilidad dental<\/a>.<\/p>\n\n\n<div class=\"wp-block-image\">\n<figure class=\"alignright size-medium\"><img width=\"300\" height=\"200\" src=\"https:\/\/nutrident.fr\/wp-content\/uploads\/2022\/07\/boxing-100733_640-300x200.jpg\" alt=\"boxeador con diente da\u00f1ado\" class=\"wp-image-13889\" srcset=\"https:\/\/nutrident.fr\/wp-content\/uploads\/2022\/07\/boxing-100733_640-300x200.jpg 300w, https:\/\/nutrident.fr\/wp-content\/uploads\/2022\/07\/boxing-100733_640-254x169.jpg 254w, https:\/\/nutrident.fr\/wp-content\/uploads\/2022\/07\/boxing-100733_640.jpg 640w\" sizes=\"(max-width: 300px) 100vw, 300px\" \/><figcaption>Los traumatismos repetidos tambi\u00e9n pueden causar necrosis dental<\/figcaption><\/figure><\/div>\n\n\n<p>Una lesi\u00f3n puede ser causada por <strong>golpes accidentales<\/strong>, por la pr\u00e1ctica de un deporte como el boxeo o por un defecto de comportamiento como <a href=\"https:\/\/nutrident.fr\/es\/bruxismo\/\" data-type=\"post\" data-id=\"842\">el bruxismo<\/a>, que consiste en rechinar los dientes frotando las dos mand\u00edbulas. La cirug\u00eda dental realizada cerca de la pulpa tambi\u00e9n puede causar un traumatismo importante (por ejemplo, la colocaci\u00f3n de un <a href=\"https:\/\/nutrident.fr\/es\/perno-dental\/\" target=\"_blank\" data-type=\"URL\" data-id=\"https:\/\/nutrident.fr\/es\/perno-dental\/\" rel=\"noreferrer noopener\">perno<\/a> o una <a href=\"https:\/\/nutrident.fr\/es\/coronas-dentales\/\" target=\"_blank\" data-type=\"URL\" data-id=\"https:\/\/nutrident.fr\/es\/coronas-dentales\/\" rel=\"noreferrer noopener\">corona<\/a>).<\/p>\n\n\n\n<p>Sea cual sea el origen de la infecci\u00f3n, existe el riesgo de que <strong>las bacterias progresen hasta el hueso de la mand\u00edbula<\/strong> y provoquen consecuencias cada vez m\u00e1s graves. Esto puede empezar como un <a href=\"https:\/\/nutrident.fr\/es\/absceso-dental\/\" data-type=\"post\" data-id=\"5022\">absceso<\/a> y convertirse en una <a href=\"https:\/\/nutrident.fr\/es\/periodontitis\/\" target=\"_blank\" data-type=\"URL\" data-id=\"https:\/\/nutrident.fr\/es\/periodontitis\/\" rel=\"noreferrer noopener\">enfermedad periodontal<\/a>, con <a href=\"https:\/\/nutrident.fr\/es\/aflojamiento-de-los-dientes\/\" target=\"_blank\" data-type=\"URL\" data-id=\"https:\/\/nutrident.fr\/es\/aflojamiento-de-los-dientes\/\" rel=\"noreferrer noopener\">aflojamiento<\/a> y luego p\u00e9rdida de dientes. <\/p>\n\n\n\n<p>En todos los casos, la necrosis del diente<strong> es irreversible<\/strong>.<\/p>\n\n\n\n<h2><span class=\"ez-toc-section\" id=\"%C2%BFCuales_son_los_sintomas_de_un_diente_necrotico\"><\/span>\u00bfCu\u00e1les son los s\u00edntomas de un diente necr\u00f3tico?  <span class=\"ez-toc-section-end\"><\/span><\/h2>\n\n\n\n<p>Antes de que se produzca la necrosis dental, experimentar\u00e1s un <strong>intenso dolor<\/strong> que puede ser continuo y punzante, acompa\u00f1ado de punzadas ocasionales (el famoso <a href=\"https:\/\/nutrident.fr\/es\/dolor-de-muelas\/\" target=\"_blank\" data-type=\"URL\" data-id=\"https:\/\/nutrident.fr\/es\/dolor-de-muelas\/\" rel=\"noreferrer noopener\">dolor de muelas<\/a>) que son muy dif\u00edciles de soportar.<\/p>\n\n\n\n<p>Si no se trata con el dentista, <strong>el dolor cesar\u00e1 cuando el diente est\u00e9 muerto<\/strong>. Sin embargo, el peligro persiste, ya que la infecci\u00f3n puede extenderse a los dientes adyacentes, as\u00ed como a la <a href=\"https:\/\/nutrident.fr\/es\/dolor-de-mandibula\/\" target=\"_blank\" data-type=\"URL\" data-id=\"https:\/\/nutrident.fr\/es\/dolor-de-mandibula\/\" rel=\"noreferrer noopener\">mand\u00edbula<\/a>.<\/p>\n\n\n\n<p>Una vez que el diente est\u00e1 muerto, <strong>cambia de color a tonos gris\u00e1ceos<\/strong>. Esta tonalidad est\u00e1 causada por la degeneraci\u00f3n de la hemoglobina de las c\u00e9lulas sangu\u00edneas, similar a un hematoma que deja marcas amarillas, verdes y marrones.<\/p>\n\n\n\n<h2><span class=\"ez-toc-section\" id=\"Tratamiento_de_la_necrosis_dental\"><\/span>Tratamiento de la necrosis dental<span class=\"ez-toc-section-end\"><\/span><\/h2>\n\n\n<div class=\"wp-block-image\">\n<figure class=\"alignright size-medium\"><img width=\"300\" height=\"199\" src=\"https:\/\/nutrident.fr\/wp-content\/uploads\/2022\/07\/Depositphotos_113870708_s-2015-300x199.jpg\" alt=\"corona dental\" class=\"wp-image-13892\" srcset=\"https:\/\/nutrident.fr\/wp-content\/uploads\/2022\/07\/Depositphotos_113870708_s-2015-300x199.jpg 300w, https:\/\/nutrident.fr\/wp-content\/uploads\/2022\/07\/Depositphotos_113870708_s-2015-254x169.jpg 254w, https:\/\/nutrident.fr\/wp-content\/uploads\/2022\/07\/Depositphotos_113870708_s-2015.jpg 500w\" sizes=\"(max-width: 300px) 100vw, 300px\" \/><figcaption>Una vez desvitalizado el diente, hay que colocar una corona para protegerlo<\/figcaption><\/figure><\/div>\n\n\n<p>La muerte del diente no significa que ya no tengas que acudir al dentista. Es esencial<strong> contener la infecci\u00f3n <\/strong>para evitar que se extienda al resto de la boca. El diente debe ser desvitalizado, que consiste en eliminar el nervio y la pulpa necr\u00f3tica, y luego erradicar las bacterias. La cavidad se desinfecta cuidadosamente y luego se vuelve a sellar para que no pueda seguir sirviendo de refugio a las bacterias.<\/p>\n\n\n\n<p>Este procedimiento debilita el diente debido a la p\u00e9rdida de tejido y <strong>puede requerir el uso de una corona<\/strong>. La ventaja de la corona es que puede ser de cer\u00e1mica y del mismo tono que tus dientes naturales.  <\/p>\n\n\n\n<p>Si se trata de un diente posterior, puedes colocarte una corona de color met\u00e1lico, que es menos costosa, pero tambi\u00e9n menos est\u00e9tica. Las coronas que se colocan hoy en d\u00eda duran m\u00e1s de 20 a\u00f1os, por lo que merece la pena gastar un poco m\u00e1s en ellas.<\/p>\n\n\n\n<h2><span class=\"ez-toc-section\" id=\"Consecuencias_de_la_necrosis_dental\"><\/span>Consecuencias de la necrosis dental<span class=\"ez-toc-section-end\"><\/span><\/h2>\n\n\n\n<p>Si no acudes al dentista para que te realice el tratamiento adecuado, el diente necr\u00f3tico puede causar una serie de problemas, como por ejemplo:<\/p>\n\n\n\n<ul><li>Periodontitis<\/li><li>Abscesos<\/li><li>Infecciones<\/li><li>P\u00e9rdida dental<\/li><li>P\u00e9rdida de hueso <\/li><\/ul>\n\n\n\n<p>Algunas de estas patolog\u00edas <strong>pueden ser realmente graves e incluso mortales<\/strong>, como es el caso de los abscesos. Por ello es tan importante visitar peri\u00f3dicamente al dentista y acudir de manera inmediata y urgente si tienes alguno de los s\u00edntomas de necrosis dental.<\/p>\n\n\n\n<h2><span class=\"ez-toc-section\" id=\"Preguntas_frecuentes\"><\/span>Preguntas frecuentes<span class=\"ez-toc-section-end\"><\/span><\/h2>\n\n\n<div id=\"rank-math-faq\" class=\"rank-math-block\">\n<div class=\"rank-math-list \">\n<div id=\"faq-question-1678994936721\" class=\"rank-math-list-item\">\n<h3 class=\"rank-math-question \">\u00bfC\u00f3mo prevenir la necrosis dental?<\/h3>\n<div class=\"rank-math-answer \">\n\n<p>La mejor forma de prevenir la muerte de un diente es mantener una rutina de higiene dental \u00f3ptima y realizar visitas al dentista peri\u00f3dicamente (al menos una vez al a\u00f1o). Si tienes dolor de muelas o alg\u00fan otro s\u00edntoma, acude urgentemente a un profesional para evitar que la infecci\u00f3n del diente avance hasta un punto irreversible.<\/p>\n\n<\/div>\n<\/div>\n<\/div>\n<\/div><div class=\"article-data before-content\"><div class=\"article-data__date\"><div class=\"article-data__date-modified\"><time class=\"published\" datetime=\"2022-10-28T10:28:14+00:00\">This article was originally published on&nbsp;<span class=\"2\">octubre 28, 2022<\/span>&nbsp;and was most recently updated on&nbsp;<span>junio 15, 2023<\/span><\/time><br><\/div><\/div><\/div><div class=\"user-info\">    <div class=\"user-info__body\">\r\n      <div class=\"user-info__caption\"><span>Contributors:<\/span><\/div>\r\n\t\t\t        <div class=\"user-info__wrap \">\r\n          <div class=\"user-info__data\">\r\n            <div class=\"user-info__data__info\">\r\n              <div class=\"photo\">\r\n\t\t\t\t\t\t\t\t<img width=\"66\" height=\"61\" src=\"https:\/\/nutrident.fr\/wp-content\/uploads\/2023\/06\/unnamed-66x61.jpg\" class=\"attachment-profileImageAuthor size-profileImageAuthor wp-post-image\" alt=\"Dr Abel Jes\u00fas Pederzoli\" loading=\"lazy\" srcset=\"https:\/\/nutrident.fr\/wp-content\/uploads\/2023\/06\/unnamed-66x61.jpg 66w, https:\/\/nutrident.fr\/wp-content\/uploads\/2023\/06\/unnamed-300x279.jpg 300w, https:\/\/nutrident.fr\/wp-content\/uploads\/2023\/06\/unnamed-1024x952.jpg 1024w, https:\/\/nutrident.fr\/wp-content\/uploads\/2023\/06\/unnamed-768x714.jpg 768w, https:\/\/nutrident.fr\/wp-content\/uploads\/2023\/06\/unnamed-204x190.jpg 204w, https:\/\/nutrident.fr\/wp-content\/uploads\/2023\/06\/unnamed-120x112.jpg 120w, https:\/\/nutrident.fr\/wp-content\/uploads\/2023\/06\/unnamed.jpg 1125w\" sizes=\"(max-width: 66px) 100vw, 66px\" \/>              <\/div>\r\n              <a href=\"https:\/\/nutrident.fr\/es\/author\/dr-abel-jesus-pederzoli\/\" class=\"name\">Dr Abel Jes\u00fas Pederzoli<\/a>\r\n            <\/div>\r\n            <div class=\"user-info__data__social\">\r\n\t\t\t\t\t\t\t\t\t\t\t\t\t\t\t\t\t\t\t\t\t          <a href=\"https:\/\/clinicaleixample.es\/\"\r\n             class=\"soc-item website\">website<\/a>\r\n\t\t\t\t          <a href=\"http:\/\/linkedin.com\/in\/abel-jes%C3%BAs-pederzoli\"\r\n             class=\"soc-item linkedin\">linkedin<\/a>\r\n\t\t\t\t            <\/div>\r\n          <\/div>\r\n          <div class=\"user-info__description\">\r\n\t\t\t\t\t\t\t\t\t\t\t\t\t<p>Con t\u00edtulos obtenidos en la Facultad de Odontolog\u00eda de la Universidad Nacional de La Plata y una participaci\u00f3n activa en congresos y jornadas, el Dr. Pederzoli se mantiene actualizado en las \u00faltimas t\u00e9cnicas y avances en odontolog\u00eda. Actualmente se encuentra desarrollando un proyecto de consultor\u00eda tecnol\u00f3gica aplicada a cl\u00ednicas dentales.<\/p>\n\t\t\t\t\t\t          <\/div>\r\n        <\/div>\r\n\t\t\t\t    <\/div>\r\n\t<\/div><!--copyscapeskip--><div class=\"medical_references\"><div class=\"medical_references__heading\"><span>Fuentes M\u00e9dicas<\/span><\/div><div class=\"medical_references__list\"><div class=\"medical-references__heading\"><strong>Ameli:<\/strong>\u00a0<a href=\"https:\/\/www.ameli.fr\/assure\/remboursements\/rembourse\/soins-protheses-dentaires-optique-audition\/consultations-soins-protheses-dentaires\/consultations-soins-dentaires\" target=\"_blank\" rel=\"noopener\">Consultations et soins dentaires : vos remboursements<\/a>. Consultado el 16 de marzo de 2023.<\/div>\n<div class=\"medical-references__heading\"><strong>Universit\u00e9 Toulouse<\/strong>: <a href=\"http:\/\/thesesante.ups-tlse.fr\/764\/1\/2015TOU33012.pdf\" target=\"_blank\" rel=\"noopener\">Tests de Vitalite et Traumatismes Dentaires<\/a>. Consultado el 16 de marzo de 2023.<\/div>\n<div class=\"medical-references__heading\"><strong>Hal Open Science:<\/strong>\u00a0<a href=\"https:\/\/dumas.ccsd.cnrs.fr\/dumas-01522645\/document\" target=\"_blank\" rel=\"noopener\">Prise en charge de la n\u00e9crose de 44 et 45 immatures chez un enfant de dix ans : cas clinique<\/a>. Consultado el 16 de marzo de 2023.<\/div>\n<\/div><\/div><!--\/copyscapeskip-->","protected":false},"excerpt":{"rendered":"<p>Contributor:&nbsp; Dr Abel Jes\u00fas Pederzoli Updated:&nbsp;junio 15, 2023 La necrosis dental es una afecci\u00f3n en la que un diente se ha da\u00f1ado irreparablemente y la pulpa dental muere. Un diente afectado por bacterias requiere la intervenci\u00f3n de un dentista, ya que no puede curarse de forma natural. Si dejas que la infecci\u00f3n progrese, puedes acabar [&hellip;]<\/p>\n","protected":false},"author":10,"featured_media":13888,"parent":0,"menu_order":0,"comment_status":"closed","ping_status":"closed","template":"","meta":{"inline_featured_image":false},"acf":[],"_links":{"self":[{"href":"https:\/\/nutrident.fr\/es\/wp-json\/wp\/v2\/pages\/16991"}],"collection":[{"href":"https:\/\/nutrident.fr\/es\/wp-json\/wp\/v2\/pages"}],"about":[{"href":"https:\/\/nutrident.fr\/es\/wp-json\/wp\/v2\/types\/page"}],"author":[{"embeddable":true,"href":"https:\/\/nutrident.fr\/es\/wp-json\/wp\/v2\/users\/10"}],"replies":[{"embeddable":true,"href":"https:\/\/nutrident.fr\/es\/wp-json\/wp\/v2\/comments?post=16991"}],"version-history":[{"count":12,"href":"https:\/\/nutrident.fr\/es\/wp-json\/wp\/v2\/pages\/16991\/revisions"}],"predecessor-version":[{"id":21814,"href":"https:\/\/nutrident.fr\/es\/wp-json\/wp\/v2\/pages\/16991\/revisions\/21814"}],"wp:featuredmedia":[{"embeddable":true,"href":"https:\/\/nutrident.fr\/es\/wp-json\/wp\/v2\/media\/13888"}],"wp:attachment":[{"href":"https:\/\/nutrident.fr\/es\/wp-json\/wp\/v2\/media?parent=16991"}],"curies":[{"name":"wp","href":"https:\/\/api.w.org\/{rel}","templated":true}]}}