

{"id":16993,"date":"2022-10-28T10:14:30","date_gmt":"2022-10-28T10:14:30","guid":{"rendered":"https:\/\/nutrident.fr\/?page_id=16993"},"modified":"2023-06-15T23:23:28","modified_gmt":"2023-06-15T23:23:28","slug":"turismo-dental-hungria","status":"publish","type":"page","link":"https:\/\/nutrident.fr\/es\/turismo-dental-hungria\/","title":{"rendered":"Turismo dental en Hungr\u00eda: consejos y razones por las que es tan popular"},"content":{"rendered":"<div class=\"meta\"><div class=\"meta__users\">    <div class=\"meta__users__reviewed\">\r\n      <p class=\"meta__users__caption\">Contributor:&nbsp;<\/p>\r\n      <div class=\"users\">\r\n        <span class=\"users__user\">\r\n          <a href=\"#\">Dr Abel Jes\u00fas Pederzoli<\/a>\r\n        <\/span>\r\n      <\/div>\r\n    <\/div>\r\n\t<\/div><div class=\"meta__date-modified\">Updated:&nbsp;<span>junio 15, 2023<\/span><\/div><\/div><div class=\"wp-block-image\">\n<figure class=\"alignright size-medium\"><img width=\"300\" height=\"201\" src=\"https:\/\/nutrident.fr\/wp-content\/uploads\/2022\/08\/dentist-1639683_640-1-300x201.jpg\" alt=\"dentista en Hungr\u00eda\" class=\"wp-image-14465\" srcset=\"https:\/\/nutrident.fr\/wp-content\/uploads\/2022\/08\/dentist-1639683_640-1-300x201.jpg 300w, https:\/\/nutrident.fr\/wp-content\/uploads\/2022\/08\/dentist-1639683_640-1-254x170.jpg 254w, https:\/\/nutrident.fr\/wp-content\/uploads\/2022\/08\/dentist-1639683_640-1.jpg 640w\" sizes=\"(max-width: 300px) 100vw, 300px\" \/><figcaption>Hungr\u00eda es la capital indiscutible del turismo dental en Europa<\/figcaption><\/figure><\/div>\n\n\n<p>Hungr\u00eda se ha convertido en uno de los destinos preferidos de los espa\u00f1oles que necesitan un tratamiento odontol\u00f3gico y buscan una alternativa m\u00e1s barata. Este pa\u00eds es famoso por la calidad de su atenci\u00f3n sanitaria, pero, por supuesto, debes tener en cuenta ciertas precauciones antes de tomar una decisi\u00f3n y asegurarte de que no est\u00e1s tratando con profesionales que se aprovechan de la popularidad de las cl\u00ednicas dentales h\u00fangaras para ofrecer una atenci\u00f3n de baja calidad.<\/p>\n\n\n\n<p>En este art\u00edculo, comparamos los precios de los tratamientos dentales m\u00e1s buscados en Hungr\u00eda y te ofrecemos consejos para preparar tu viaje.<\/p>\n\n\n\n<div id=\"ez-toc-container\" class=\"ez-toc-v2_0_33_2 counter-hierarchy ez-toc-counter ez-toc-white ez-toc-container-direction\">\n<div class=\"ez-toc-title-container\">\n<p class=\"ez-toc-title\">Contenus<\/p>\n<span class=\"ez-toc-title-toggle\"><a href=\"#\" class=\"ez-toc-pull-right ez-toc-btn ez-toc-btn-xs ez-toc-btn-default ez-toc-toggle\" style=\"display: none;\"><label for=\"item\" aria-label=\"Tabla de contenidos\"><i class=\"ez-toc-glyphicon ez-toc-icon-toggle\"><\/i><\/label><input type=\"checkbox\" id=\"item\"><\/a><\/span><\/div>\n<nav><ul class='ez-toc-list ez-toc-list-level-1'><li class='ez-toc-page-1 ez-toc-heading-level-2'><a class=\"ez-toc-link ez-toc-heading-1\" href=\"https:\/\/nutrident.fr\/es\/turismo-dental-hungria\/#%C2%BFPor_que_el_turismo_dental_en_Hungria_es_tan_popular\" title=\"\u00bfPor qu\u00e9 el turismo dental en Hungr\u00eda es tan popular?\">\u00bfPor qu\u00e9 el turismo dental en Hungr\u00eda es tan popular?<\/a><\/li><li class='ez-toc-page-1 ez-toc-heading-level-2'><a class=\"ez-toc-link ez-toc-heading-2\" href=\"https:\/\/nutrident.fr\/es\/turismo-dental-hungria\/#%C2%BFQue_hay_que_tener_en_cuenta_en_la_preparacion_de_tu_tratamiento_en_Hungria\" title=\"\u00bfQu\u00e9 hay que tener en cuenta en la preparaci\u00f3n de tu tratamiento en Hungr\u00eda?\">\u00bfQu\u00e9 hay que tener en cuenta en la preparaci\u00f3n de tu tratamiento en Hungr\u00eda?<\/a><\/li><li class='ez-toc-page-1 ez-toc-heading-level-2'><a class=\"ez-toc-link ez-toc-heading-3\" href=\"https:\/\/nutrident.fr\/es\/turismo-dental-hungria\/#Garantias_de_las_clinicas_dentales_hungaras\" title=\"Garant\u00edas de las cl\u00ednicas dentales h\u00fangaras\">Garant\u00edas de las cl\u00ednicas dentales h\u00fangaras<\/a><\/li><li class='ez-toc-page-1 ez-toc-heading-level-2'><a class=\"ez-toc-link ez-toc-heading-4\" href=\"https:\/\/nutrident.fr\/es\/turismo-dental-hungria\/#Tarifas_dentales_en_Hungria\" title=\"Tarifas dentales en Hungr\u00eda\">Tarifas dentales en Hungr\u00eda<\/a><\/li><li class='ez-toc-page-1 ez-toc-heading-level-2'><a class=\"ez-toc-link ez-toc-heading-5\" href=\"https:\/\/nutrident.fr\/es\/turismo-dental-hungria\/#%C2%BFA_que_se_debe_esta_diferencia_en_los_precios\" title=\"\u00bfA qu\u00e9 se debe esta diferencia en los precios?\">\u00bfA qu\u00e9 se debe esta diferencia en los precios?<\/a><\/li><li class='ez-toc-page-1 ez-toc-heading-level-2'><a class=\"ez-toc-link ez-toc-heading-6\" href=\"https:\/\/nutrident.fr\/es\/turismo-dental-hungria\/#%C2%BFComo_obtener_el_reembolso_de_un_tratamiento_dental_en_Hungria\" title=\"\u00bfC\u00f3mo obtener el reembolso de un tratamiento dental en Hungr\u00eda?\">\u00bfC\u00f3mo obtener el reembolso de un tratamiento dental en Hungr\u00eda?<\/a><\/li><li class='ez-toc-page-1 ez-toc-heading-level-2'><a class=\"ez-toc-link ez-toc-heading-7\" href=\"https:\/\/nutrident.fr\/es\/turismo-dental-hungria\/#Preguntas_frecuentes\" title=\"Preguntas frecuentes\">Preguntas frecuentes<\/a><\/li><\/ul><\/nav><\/div>\n<h2><span class=\"ez-toc-section\" id=\"%C2%BFPor_que_el_turismo_dental_en_Hungria_es_tan_popular\"><\/span>\u00bfPor qu\u00e9 el turismo dental en Hungr\u00eda es tan popular?<span class=\"ez-toc-section-end\"><\/span><\/h2>\n\n\n\n<p>Hungr\u00eda est\u00e1 a s\u00f3lo tres horas en avi\u00f3n de Espa\u00f1a y se pueden encontrar vuelos desde las principales ciudades espa\u00f1olas a precios que oscilan entre los 30 y los 200 euros para un viaje de ida y vuelta.<\/p>\n\n\n\n<p>Las cl\u00ednicas dentales del pa\u00eds son tan modernas como en Espa\u00f1a, la formaci\u00f3n de sus dentistas es de <strong>alta calidad <\/strong>y sus est\u00e1ndares de higiene son impecables. De hecho, algunas cl\u00ednicas dentales se han especializado en la atenci\u00f3n a pacientes extranjeros debido a la popularidad del turismo dental en Hungr\u00eda.<\/p>\n\n\n\n<p>Tambi\u00e9n puedes aprovechar tu estancia en Hungr\u00eda para hacer turismo, ya que el pa\u00eds cuenta con un patrimonio arquitect\u00f3nico, hist\u00f3rico, art\u00edstico y natural especialmente rico.<\/p>\n\n\n\n<h2><span class=\"ez-toc-section\" id=\"%C2%BFQue_hay_que_tener_en_cuenta_en_la_preparacion_de_tu_tratamiento_en_Hungria\"><\/span>\u00bfQu\u00e9 hay que tener en cuenta en la preparaci\u00f3n de tu tratamiento en Hungr\u00eda?<span class=\"ez-toc-section-end\"><\/span><\/h2>\n\n\n\n<p>El creciente \u00e9xito de las cl\u00ednicas dentales h\u00fangaras ha dado lugar a su multiplicaci\u00f3n. Por lo tanto, es importante evitar elegir una al azar. <strong>Realiza una investigaci\u00f3n<\/strong> sobre las distintas opciones disponibles antes de optar por una cl\u00ednica en particular.<\/p>\n\n\n\n<p>Otro punto importante es el alojamiento <em>in situ<\/em>. Tu lugar de hospedaje debe <strong>estar bien situado<\/strong> en relaci\u00f3n con el aeropuerto y la cl\u00ednica. Ser\u00eda una pena malgastar tus ahorros en transporte porque tu hotel se encuentra demasiado lejos.<\/p>\n\n\n\n<p>Algunas cl\u00ednicas ofrecen una <strong>acogida personalizada<\/strong> y una atenci\u00f3n completa, con presupuestos que incluyen el vuelo, el hotel y los traslados, adem\u00e1s del tratamiento dental. Tambi\u00e9n te podr\u00e1n ayudar con los tr\u00e1mites administrativos y con el expediente de reembolso del seguro.<\/p>\n\n\n\n<h2><span class=\"ez-toc-section\" id=\"Garantias_de_las_clinicas_dentales_hungaras\"><\/span>Garant\u00edas de las cl\u00ednicas dentales h\u00fangaras<span class=\"ez-toc-section-end\"><\/span><\/h2>\n\n\n\n<p>Si elijes una cl\u00ednica que ofrezca un acompa\u00f1amiento completo, tendr\u00e1s todas las garant\u00edas en cuanto calidad, como por ejemplo:<\/p>\n\n\n\n<h3>Auditor\u00eda de la formaci\u00f3n de los dentistas<\/h3>\n\n\n\n<p>Los mejores dentistas h\u00fangaros se forman en las universidades de su pa\u00eds, pero tambi\u00e9n en las principales universidades europeas y norteamericanas. Los profesionales y sus ayudantes hablan ingl\u00e9s o disponen de traductores que te apoyar\u00e1n en caso de dificultad.<\/p>\n\n\n<div class=\"wp-block-image\">\n<figure class=\"alignright size-medium\"><img width=\"300\" height=\"206\" src=\"https:\/\/nutrident.fr\/wp-content\/uploads\/2022\/08\/dental-2450766_640-300x206.jpg\" alt=\"turismo dental en hungria\" class=\"wp-image-14472\" srcset=\"https:\/\/nutrident.fr\/wp-content\/uploads\/2022\/08\/dental-2450766_640-300x206.jpg 300w, https:\/\/nutrident.fr\/wp-content\/uploads\/2022\/08\/dental-2450766_640-254x175.jpg 254w, https:\/\/nutrident.fr\/wp-content\/uploads\/2022\/08\/dental-2450766_640.jpg 640w\" sizes=\"(max-width: 300px) 100vw, 300px\" \/><figcaption>Las mejores cl\u00ednicas de Budapest est\u00e1n equipadas con instalaciones modernas y de alta tecnolog\u00eda<\/figcaption><\/figure><\/div>\n\n\n<h3>Equipamiento de alta gama<\/h3>\n\n\n\n<p>Las cl\u00ednicas h\u00fangaras est\u00e1n equipadas con los \u00faltimos equipos de alta gama. Todas las intervenciones son factibles, incluso las m\u00e1s complejas.<\/p>\n\n\n\n<h3>Materiales de calidad, cumplimiento de las normas CE e higiene impecable<\/h3>\n\n\n\n<p>La elecci\u00f3n de los materiales para las coronas, los implantes, etc., es fundamental. Naturalmente, los materiales que se usan en Hungr\u00eda <strong>cumplen las normas CE<\/strong> y proceden de los mejores proveedores. Hungr\u00eda tambi\u00e9n es conocida por su limpieza y sus cl\u00ednicas mantienen altos est\u00e1ndares de higiene.<\/p>\n\n\n\n<h3>Garant\u00eda de seguimiento<\/h3>\n\n\n\n<p>Si tienes alg\u00fan problema postoperatorio, estas cl\u00ednicas garantizan una <strong>atenci\u00f3n de seguimiento<\/strong> y el tratamiento se puede corregir gratuitamente si surge alg\u00fan problema.<\/p>\n\n\n\n<h2><span class=\"ez-toc-section\" id=\"Tarifas_dentales_en_Hungria\"><\/span>Tarifas dentales en Hungr\u00eda<span class=\"ez-toc-section-end\"><\/span><\/h2>\n\n\n\n<p>Los honorarios dentales en Hungr\u00eda suelen ser m\u00e1s baratos que los que se cobran en Espa\u00f1a. A continuaci\u00f3n se indican los rangos de precios de las principales intervenciones.<\/p>\n\n\n\n<figure class=\"wp-block-table\"><table><tbody><tr><td><strong>Atenci\u00f3n<\/strong><\/td><td><strong>Precio medio en Espa\u00f1a<\/strong><\/td><td><strong>Precio medio en Hungr\u00eda<\/strong><\/td><td><strong>Ahorro<\/strong><\/td><\/tr><tr><td>Coronas dentales de cer\u00e1mica<\/td><td>500\u20ac<\/td><td>240\u20ac<\/td><td>160\u20ac<\/td><\/tr><tr><td>Corona dental de circonio<\/td><td>500\u20ac<\/td><td>380\u20ac<\/td><td>120\u20ac<\/td><\/tr><tr><td>Implante dental (implante + pilar + corona de cer\u00e1mica)<\/td><td>1600\u20ac<\/td><td>980\u20ac<\/td><td>620\u20ac<\/td><\/tr><tr><td>Puente de 3 unidades sobre 2 ra\u00edces naturales<\/td><td>1200\u20ac<\/td><td>720\u20ac<\/td><td>480\u20ac<\/td><\/tr><tr><td>Puente de 3 unidades sobre 2 implantes dentales<\/td><td>3000\u20ac<\/td><td>2200\u20ac<\/td><td>800\u20ac<\/td><\/tr><\/tbody><\/table><\/figure>\n\n\n\n<h2><span class=\"ez-toc-section\" id=\"%C2%BFA_que_se_debe_esta_diferencia_en_los_precios\"><\/span>\u00bfA qu\u00e9 se debe esta diferencia en los precios?<span class=\"ez-toc-section-end\"><\/span><\/h2>\n\n\n\n<p>El <strong>coste de la vida<\/strong> en Hungr\u00eda no es el mismo que en Espa\u00f1a. Para empezar, los alquileres son mucho m\u00e1s bajos, por lo que una cl\u00ednica h\u00fangara pagar\u00e1 mucho menos en concepto de alquiler que una cl\u00ednica en las principales ciudades de Espa\u00f1a. El menor coste de la vida tambi\u00e9n se traduce en <strong>salarios m\u00e1s bajos<\/strong> para los dentistas, ortodoncistas y asistentes, lo que abarata el precio de los tratamientos.<\/p>\n\n\n\n<p>El otro criterio para ofrecer precios m\u00e1s bajos es el <strong>coste de los suministros y las pr\u00f3tesis<\/strong>. Las materias primas son m\u00e1s baratas y los prot\u00e9sicos dentales cobran menos que en Espa\u00f1a.<\/p>\n\n\n\n<h2><span class=\"ez-toc-section\" id=\"%C2%BFComo_obtener_el_reembolso_de_un_tratamiento_dental_en_Hungria\"><\/span>\u00bfC\u00f3mo obtener el reembolso de un tratamiento dental en Hungr\u00eda?<span class=\"ez-toc-section-end\"><\/span><\/h2>\n\n\n\n<p>Como Hungr\u00eda forma parte del Espacio Econ\u00f3mico Europeo, tienes derecho al mismo reembolso que en Espa\u00f1a. No obstante, los tratamientos que cubre la seguridad social espa\u00f1ola suelen ser <strong>de car\u00e1cter necesario<\/strong>, por lo que no se cubrir\u00e1n implantes, coronas y otro tipo de procedimientos que no sean urgentes.<\/p>\n\n\n\n<h3>La Tarjeta de Sanidad Europea<\/h3>\n\n\n<div class=\"wp-block-image\">\n<figure class=\"alignright size-medium\"><img width=\"300\" height=\"150\" src=\"https:\/\/nutrident.fr\/wp-content\/uploads\/2022\/08\/ceam-carte-europenne-assurance-maladie-ConvertImage-300x150.jpeg\" alt=\"tarjeta sanitaria europea\" class=\"wp-image-14469\" srcset=\"https:\/\/nutrident.fr\/wp-content\/uploads\/2022\/08\/ceam-carte-europenne-assurance-maladie-ConvertImage-300x150.jpeg 300w, https:\/\/nutrident.fr\/wp-content\/uploads\/2022\/08\/ceam-carte-europenne-assurance-maladie-ConvertImage-1024x513.jpeg 1024w, https:\/\/nutrident.fr\/wp-content\/uploads\/2022\/08\/ceam-carte-europenne-assurance-maladie-ConvertImage-768x385.jpeg 768w, https:\/\/nutrident.fr\/wp-content\/uploads\/2022\/08\/ceam-carte-europenne-assurance-maladie-ConvertImage-254x127.jpeg 254w, https:\/\/nutrident.fr\/wp-content\/uploads\/2022\/08\/ceam-carte-europenne-assurance-maladie-ConvertImage.jpeg 1357w\" sizes=\"(max-width: 300px) 100vw, 300px\" \/><figcaption>La Tarjeta Sanitaria Europea permite recibir tratamiento m\u00e9dico en el extranjero sin tener que pagar por adelantado<\/figcaption><\/figure><\/div>\n\n\n<p>Puedes solicitar la tarjeta sanitaria europea de manera gratuita para recibir atenci\u00f3n sanitaria en el extranjero. Gracias a este r\u00e9gimen, puedes recibir <strong>cobertura de determinados cuidados m\u00e9dicos<\/strong> relacionados con tu estancia en un Estado miembro de la Uni\u00f3n Europea sin tener que pagarlos de tu bolsillo.<\/p>\n\n\n\n<h2><span class=\"ez-toc-section\" id=\"Preguntas_frecuentes\"><\/span>Preguntas frecuentes<span class=\"ez-toc-section-end\"><\/span><\/h2>\n\n\n<div id=\"rank-math-faq\" class=\"rank-math-block\">\n<div class=\"rank-math-list \">\n<div id=\"faq-question-1685709457072\" class=\"rank-math-list-item\">\n<h3 class=\"rank-math-question \">\u00bfExiste alg\u00fan riesgo al viajar a Hungr\u00eda para tratarse los dientes?<\/h3>\n<div class=\"rank-math-answer \">\n\n<p>Para evitar sorpresas desagradables, es importante que elijas una cl\u00ednica dental de calidad y que te ofrezca una garant\u00eda de seguimiento en caso de que surjan complicaciones.<\/p>\n\n<\/div>\n<\/div>\n<div id=\"faq-question-1685709461522\" class=\"rank-math-list-item\">\n<h3 class=\"rank-math-question \">\u00bfCu\u00e1l es la mejor cl\u00ednica dental de Hungr\u00eda?<\/h3>\n<div class=\"rank-math-answer \">\n\n<p>Hay muchas cl\u00ednicas dentales muy buenas en Budapest. Sin embargo, las m\u00e1s conocidas son Jildent, Helvetic Clinics, Eurodental y Evergreen.<\/p>\n\n<\/div>\n<\/div>\n<\/div>\n<\/div><div class=\"article-data before-content\"><div class=\"article-data__date\"><div class=\"article-data__date-modified\"><time class=\"published\" datetime=\"2022-10-28T10:14:30+00:00\">This article was originally published on&nbsp;<span class=\"2\">octubre 28, 2022<\/span>&nbsp;and was most recently updated on&nbsp;<span>junio 15, 2023<\/span><\/time><br><\/div><\/div><\/div><div class=\"user-info\">    <div class=\"user-info__body\">\r\n      <div class=\"user-info__caption\"><span>Contributors:<\/span><\/div>\r\n\t\t\t        <div class=\"user-info__wrap \">\r\n          <div class=\"user-info__data\">\r\n            <div class=\"user-info__data__info\">\r\n              <div class=\"photo\">\r\n\t\t\t\t\t\t\t\t<img width=\"66\" height=\"61\" src=\"https:\/\/nutrident.fr\/wp-content\/uploads\/2023\/06\/unnamed-66x61.jpg\" class=\"attachment-profileImageAuthor size-profileImageAuthor wp-post-image\" alt=\"Dr Abel Jes\u00fas Pederzoli\" loading=\"lazy\" srcset=\"https:\/\/nutrident.fr\/wp-content\/uploads\/2023\/06\/unnamed-66x61.jpg 66w, https:\/\/nutrident.fr\/wp-content\/uploads\/2023\/06\/unnamed-300x279.jpg 300w, https:\/\/nutrident.fr\/wp-content\/uploads\/2023\/06\/unnamed-1024x952.jpg 1024w, https:\/\/nutrident.fr\/wp-content\/uploads\/2023\/06\/unnamed-768x714.jpg 768w, https:\/\/nutrident.fr\/wp-content\/uploads\/2023\/06\/unnamed-204x190.jpg 204w, https:\/\/nutrident.fr\/wp-content\/uploads\/2023\/06\/unnamed-120x112.jpg 120w, https:\/\/nutrident.fr\/wp-content\/uploads\/2023\/06\/unnamed.jpg 1125w\" sizes=\"(max-width: 66px) 100vw, 66px\" \/>              <\/div>\r\n              <a href=\"https:\/\/nutrident.fr\/es\/author\/dr-abel-jesus-pederzoli\/\" class=\"name\">Dr Abel Jes\u00fas Pederzoli<\/a>\r\n            <\/div>\r\n            <div class=\"user-info__data__social\">\r\n\t\t\t\t\t\t\t\t\t\t\t\t\t\t\t\t\t\t\t\t\t          <a href=\"https:\/\/clinicaleixample.es\/\"\r\n             class=\"soc-item website\">website<\/a>\r\n\t\t\t\t          <a href=\"http:\/\/linkedin.com\/in\/abel-jes%C3%BAs-pederzoli\"\r\n             class=\"soc-item linkedin\">linkedin<\/a>\r\n\t\t\t\t            <\/div>\r\n          <\/div>\r\n          <div class=\"user-info__description\">\r\n\t\t\t\t\t\t\t\t\t\t\t\t\t<p>Con t\u00edtulos obtenidos en la Facultad de Odontolog\u00eda de la Universidad Nacional de La Plata y una participaci\u00f3n activa en congresos y jornadas, el Dr. Pederzoli se mantiene actualizado en las \u00faltimas t\u00e9cnicas y avances en odontolog\u00eda. Actualmente se encuentra desarrollando un proyecto de consultor\u00eda tecnol\u00f3gica aplicada a cl\u00ednicas dentales.<\/p>\n\t\t\t\t\t\t          <\/div>\r\n        <\/div>\r\n\t\t\t\t    <\/div>\r\n\t<\/div>","protected":false},"excerpt":{"rendered":"<p>Contributor:&nbsp; Dr Abel Jes\u00fas Pederzoli Updated:&nbsp;junio 15, 2023 Hungr\u00eda se ha convertido en uno de los destinos preferidos de los espa\u00f1oles que necesitan un tratamiento odontol\u00f3gico y buscan una alternativa m\u00e1s barata. Este pa\u00eds es famoso por la calidad de su atenci\u00f3n sanitaria, pero, por supuesto, debes tener en cuenta ciertas precauciones antes de tomar [&hellip;]<\/p>\n","protected":false},"author":10,"featured_media":12790,"parent":0,"menu_order":0,"comment_status":"closed","ping_status":"closed","template":"","meta":{"inline_featured_image":false},"acf":[],"_links":{"self":[{"href":"https:\/\/nutrident.fr\/es\/wp-json\/wp\/v2\/pages\/16993"}],"collection":[{"href":"https:\/\/nutrident.fr\/es\/wp-json\/wp\/v2\/pages"}],"about":[{"href":"https:\/\/nutrident.fr\/es\/wp-json\/wp\/v2\/types\/page"}],"author":[{"embeddable":true,"href":"https:\/\/nutrident.fr\/es\/wp-json\/wp\/v2\/users\/10"}],"replies":[{"embeddable":true,"href":"https:\/\/nutrident.fr\/es\/wp-json\/wp\/v2\/comments?post=16993"}],"version-history":[{"count":16,"href":"https:\/\/nutrident.fr\/es\/wp-json\/wp\/v2\/pages\/16993\/revisions"}],"predecessor-version":[{"id":22102,"href":"https:\/\/nutrident.fr\/es\/wp-json\/wp\/v2\/pages\/16993\/revisions\/22102"}],"wp:featuredmedia":[{"embeddable":true,"href":"https:\/\/nutrident.fr\/es\/wp-json\/wp\/v2\/media\/12790"}],"wp:attachment":[{"href":"https:\/\/nutrident.fr\/es\/wp-json\/wp\/v2\/media?parent=16993"}],"curies":[{"name":"wp","href":"https:\/\/api.w.org\/{rel}","templated":true}]}}