

{"id":17001,"date":"2022-10-28T10:15:13","date_gmt":"2022-10-28T10:15:13","guid":{"rendered":"https:\/\/nutrident.fr\/?page_id=17001"},"modified":"2023-06-13T10:04:31","modified_gmt":"2023-06-13T10:04:31","slug":"apinamiento-dental","status":"publish","type":"page","link":"https:\/\/nutrident.fr\/es\/apinamiento-dental\/","title":{"rendered":"\u00bfQu\u00e9 es el api\u00f1amiento dental, sus causas y c\u00f3mo se soluciona?"},"content":{"rendered":"<div class=\"meta\"><div class=\"meta__users\">    <div class=\"meta__users__reviewed\">\r\n      <p class=\"meta__users__caption\">Contributor:&nbsp;<\/p>\r\n      <div class=\"users\">\r\n        <span class=\"users__user\">\r\n          <a href=\"#\">Dr Abel Jes\u00fas Pederzoli<\/a>\r\n        <\/span>\r\n      <\/div>\r\n    <\/div>\r\n\t<\/div><div class=\"meta__date-modified\">Updated:&nbsp;<span>junio 13, 2023<\/span><\/div><\/div><div class=\"wp-block-image\">\n<figure class=\"alignright size-medium\"><img width=\"300\" height=\"212\" src=\"https:\/\/nutrident.fr\/wp-content\/uploads\/2022\/09\/chevauchement-300x212.jpg\" alt=\"api\u00f1amiento dental\" class=\"wp-image-15833\" srcset=\"https:\/\/nutrident.fr\/wp-content\/uploads\/2022\/09\/chevauchement-300x212.jpg 300w, https:\/\/nutrident.fr\/wp-content\/uploads\/2022\/09\/chevauchement-768x544.jpg 768w, https:\/\/nutrident.fr\/wp-content\/uploads\/2022\/09\/chevauchement-254x180.jpg 254w, https:\/\/nutrident.fr\/wp-content\/uploads\/2022\/09\/chevauchement.jpg 1000w\" sizes=\"(max-width: 300px) 100vw, 300px\" \/><figcaption>Los dientes api\u00f1ados son la causa m\u00e1s com\u00fan de las visitas al ortodoncista<\/figcaption><\/figure><\/div>\n\n\n<p>El api\u00f1amiento dental, tambi\u00e9n conocido como dientes superpuestos, es la <strong>causa n\u00famero uno de las visitas al ortodoncista<\/strong>. Se trata de una malposici\u00f3n de los dientes que se produce generalmente a partir de los seis a\u00f1os, cuando los dientes permanentes est\u00e1n creciendo. Adem\u00e1s de las molestias est\u00e9ticas, estas malposiciones suponen riesgos para su salud bucodental.<\/p>\n\n\n\n<p>En este art\u00edculo, Nutrident te explica cu\u00e1les son las causas del api\u00f1amiento dental y te ofrece consejos sobre c\u00f3mo corregir esta malposici\u00f3n.  <\/p>\n\n\n\n<p><strong>   <em>Si deseas corregir esta malposici\u00f3n dental mediante un tratamiento de ortodoncia, inf\u00f3rmate sobre el revolucionario m\u00e9todo Dr. Smile<\/em><\/strong>.<\/p>\n\n\n\n<div class=\"wp-container-1 wp-block-buttons\">\n<div class=\"wp-block-button aligncenter is-style-fill\"><a class=\"wp-block-button__link has-white-color has-vivid-cyan-blue-background-color has-text-color has-background\" href=\"https:\/\/tidd.ly\/3NXzapN\" target=\"_blank\" rel=\"noopener\">Contacta con tu dentista Dr. Smile m\u00e1s cercano<\/a><\/div>\n<\/div>\n\n\n\n<div id=\"ez-toc-container\" class=\"ez-toc-v2_0_33_2 counter-hierarchy ez-toc-counter ez-toc-white ez-toc-container-direction\">\n<div class=\"ez-toc-title-container\">\n<p class=\"ez-toc-title\">Contenus<\/p>\n<span class=\"ez-toc-title-toggle\"><a href=\"#\" class=\"ez-toc-pull-right ez-toc-btn ez-toc-btn-xs ez-toc-btn-default ez-toc-toggle\" style=\"display: none;\"><label for=\"item\" aria-label=\"Tabla de contenidos\"><i class=\"ez-toc-glyphicon ez-toc-icon-toggle\"><\/i><\/label><input type=\"checkbox\" id=\"item\"><\/a><\/span><\/div>\n<nav><ul class='ez-toc-list ez-toc-list-level-1'><li class='ez-toc-page-1 ez-toc-heading-level-2'><a class=\"ez-toc-link ez-toc-heading-1\" href=\"https:\/\/nutrident.fr\/es\/apinamiento-dental\/#%C2%BFCuales_son_las_principales_causas_del_apinamiento_dental\" title=\"\u00bfCu\u00e1les son las principales causas del api\u00f1amiento dental?\">\u00bfCu\u00e1les son las principales causas del api\u00f1amiento dental?<\/a><\/li><li class='ez-toc-page-1 ez-toc-heading-level-2'><a class=\"ez-toc-link ez-toc-heading-2\" href=\"https:\/\/nutrident.fr\/es\/apinamiento-dental\/#Tipos_de_apinamiento_y_superposiciones_dentales\" title=\"Tipos de api\u00f1amiento y superposiciones dentales\">Tipos de api\u00f1amiento y superposiciones dentales<\/a><\/li><li class='ez-toc-page-1 ez-toc-heading-level-2'><a class=\"ez-toc-link ez-toc-heading-3\" href=\"https:\/\/nutrident.fr\/es\/apinamiento-dental\/#Soluciones_y_tratamiento_para_el_apinamiento_dental\" title=\"Soluciones y tratamiento para el api\u00f1amiento dental\">Soluciones y tratamiento para el api\u00f1amiento dental<\/a><\/li><li class='ez-toc-page-1 ez-toc-heading-level-2'><a class=\"ez-toc-link ez-toc-heading-4\" href=\"https:\/\/nutrident.fr\/es\/apinamiento-dental\/#Conclusion\" title=\"Conclusi\u00f3n\">Conclusi\u00f3n<\/a><\/li><li class='ez-toc-page-1 ez-toc-heading-level-2'><a class=\"ez-toc-link ez-toc-heading-5\" href=\"https:\/\/nutrident.fr\/es\/apinamiento-dental\/#Preguntas_frecuentes\" title=\"Preguntas frecuentes\">Preguntas frecuentes<\/a><\/li><\/ul><\/nav><\/div>\n<h2><span class=\"ez-toc-section\" id=\"%C2%BFCuales_son_las_principales_causas_del_apinamiento_dental\"><\/span>\u00bfCu\u00e1les son las principales causas del api\u00f1amiento dental?<span class=\"ez-toc-section-end\"><\/span><\/h2>\n\n\n\n<p>El api\u00f1amiento dental se debe principalmente a la <strong>falta de espacio en la boca<\/strong>, pero tambi\u00e9n puede deberse a otras causas:<\/p>\n\n\n\n<ul><li>Mand\u00edbula demasiado peque\u00f1a<\/li><li>Dientes demasiado grandes para la boca<\/li><li>Dientes supernumerarios<\/li><li>Paladar demasiado estrecho<\/li><li>Paladar con un arco demasiado pronunciado<\/li><li>Agenesia dental (falta de uno o m\u00e1s dientes) o p\u00e9rdida de un diente que desestabiliza la alineaci\u00f3n<\/li><li>Malos h\u00e1bitos linguales o bucales, como <a href=\"https:\/\/nutrident.fr\/es\/?page_id=16638\" data-type=\"page\" data-id=\"158\">chuparse el dedo<\/a><\/li><\/ul>\n\n\n\n<h3>Grados de superposici\u00f3n dental<\/h3>\n\n\n\n<p>La primera tarea del ortodoncista es medir el<strong> grado de superposici\u00f3n dental<\/strong> para proponer el tratamiento adecuado. Este grado puede ser :<\/p>\n\n\n\n<ol type=\"1\"><li>Leve si falta menos de 3 mm de espacio<\/li><li>Moderado si est\u00e1 entre 3 y 5 mm<\/li><li>Grave si supera los 5 mm<\/li><\/ol>\n\n\n\n<h2><span class=\"ez-toc-section\" id=\"Tipos_de_apinamiento_y_superposiciones_dentales\"><\/span>Tipos de api\u00f1amiento y superposiciones dentales<span class=\"ez-toc-section-end\"><\/span><\/h2>\n\n\n\n<p>Existen <strong>tres tipos <\/strong>de superposiciones dentales:<\/p>\n\n\n\n<h3>Superposici\u00f3n dental primaria<\/h3>\n\n\n<div class=\"wp-block-image\">\n<figure class=\"alignright size-medium\"><img width=\"300\" height=\"200\" src=\"https:\/\/nutrident.fr\/wp-content\/uploads\/2022\/09\/encombrement-dentaire-300x200.jpg\" alt=\"superposicion dental\" class=\"wp-image-15836\" srcset=\"https:\/\/nutrident.fr\/wp-content\/uploads\/2022\/09\/encombrement-dentaire-300x200.jpg 300w, https:\/\/nutrident.fr\/wp-content\/uploads\/2022\/09\/encombrement-dentaire-768x512.jpg 768w, https:\/\/nutrident.fr\/wp-content\/uploads\/2022\/09\/encombrement-dentaire-254x169.jpg 254w, https:\/\/nutrident.fr\/wp-content\/uploads\/2022\/09\/encombrement-dentaire.jpg 1000w\" sizes=\"(max-width: 300px) 100vw, 300px\" \/><figcaption>Algunas formas de api\u00f1amiento dental son hereditarias. En este caso es necesario un seguimiento temprano del ni\u00f1o  <\/figcaption><\/figure><\/div>\n\n\n<p>Este tipo de api\u00f1amiento se debe a la <strong>herencia<\/strong> <strong>gen\u00e9tica<\/strong>. Los padres que han padecido esta condici\u00f3n deben vigilar a sus hijos, pues es probable que la hayan heredado. Es aconsejable revisar la posici\u00f3n de sus dientes a una edad temprana para poder iniciar el tratamiento lo antes posible si aparecen signos de api\u00f1amiento.<\/p>\n\n\n\n<h3>Superposici\u00f3n dental secundaria<\/h3>\n\n\n\n<p>El api\u00f1amiento secundario se produce cuando hay una <strong>p\u00e9rdida prematura de los dientes deciduos<\/strong>. Como los dientes permanentes no est\u00e1n listos para salir, los dientes de leche restantes tienden a ocupar el espacio disponible, provocando que se tuerzan.<\/p>\n\n\n\n<h3>Superposici\u00f3n dental terciaria<\/h3>\n\n\n\n<p>La superposici\u00f3n terciaria se produce <strong>cuando las muelas del juicio crecen<\/strong> sin el espacio necesario, lo que provoca la alteraci\u00f3n de toda la dentadura.<\/p>\n\n\n\n<p>Aqu\u00ed tienes un breve v\u00eddeo en el que se explica a detalle el api\u00f1amiento dental:<\/p>\n\n\n\n<figure class=\"wp-block-embed is-type-video is-provider-youtube wp-block-embed-youtube wp-embed-aspect-16-9 wp-has-aspect-ratio\"><div class=\"wp-block-embed__wrapper\">\n<iframe title=\"API\u00d1AMIENTO DENTAL TRATAMIENTOS | \u00bfTienes Dientes api\u00f1ados?\" width=\"500\" height=\"281\" src=\"https:\/\/www.youtube.com\/embed\/W61Dq_HGJrQ?feature=oembed\" frameborder=\"0\" allow=\"accelerometer; autoplay; clipboard-write; encrypted-media; gyroscope; picture-in-picture; web-share\" allowfullscreen><\/iframe>\n<\/div><\/figure>\n\n\n\n<h2><span class=\"ez-toc-section\" id=\"Soluciones_y_tratamiento_para_el_apinamiento_dental\"><\/span>Soluciones y tratamiento para el api\u00f1amiento dental<span class=\"ez-toc-section-end\"><\/span><\/h2>\n\n\n\n<p>La superposici\u00f3n de los dientes no es solo una molestia est\u00e9tica, sino que tambi\u00e9n puede provocar <strong>problemas de higiene bucal<\/strong>, ya que el cepillo no puede llegar a algunas partes de los dientes. Esto favorece el desarrollo de la placa y la <a href=\"https:\/\/nutrident.fr\/es\/caries\/\" data-type=\"page\" data-id=\"10663\">caries<\/a>. Adem\u00e1s, el esmalte puede desgastarse prematuramente debido a la fricci\u00f3n. Por \u00faltimo, la superposici\u00f3n causa <strong>problemas de oclusi\u00f3n, masticaci\u00f3n y habla<\/strong>.<\/p>\n\n\n\n<p><a href=\"https:\/\/nutrident.fr\/es\/?page_id=16771\" data-type=\"page\" data-id=\"11086\">La ortodoncia<\/a> puede corregir la alineaci\u00f3n de los dientes, independientemente de la edad del paciente y de la gravedad del trastorno. Tu dentista puede sugerirte un tratamiento o remitirte a un ortodoncista.<\/p>\n\n\n\n<h3>Ortodoncia para ni\u00f1os<\/h3>\n\n\n\n<p>El ortodoncista examina los maxilares caso por caso antes de recomendar el tratamiento. El dentista infantil puede recomendar un <strong>ortodoncista a partir de los 6 a\u00f1os<\/strong> para comprobar el desarrollo de la mand\u00edbula.<\/p>\n\n\n<div class=\"wp-block-image\">\n<figure class=\"alignright size-medium\"><img width=\"300\" height=\"200\" src=\"https:\/\/nutrident.fr\/wp-content\/uploads\/2022\/09\/Depositphotos_61179305_s-2015-300x200.jpg\" alt=\"ortodoncia para ni\u00f1os\" class=\"wp-image-15839\" srcset=\"https:\/\/nutrident.fr\/wp-content\/uploads\/2022\/09\/Depositphotos_61179305_s-2015-300x200.jpg 300w, https:\/\/nutrident.fr\/wp-content\/uploads\/2022\/09\/Depositphotos_61179305_s-2015-254x170.jpg 254w, https:\/\/nutrident.fr\/wp-content\/uploads\/2022\/09\/Depositphotos_61179305_s-2015.jpg 499w\" sizes=\"(max-width: 300px) 100vw, 300px\" \/><figcaption>La ortodoncia temprana puede corregir los problemas de api\u00f1amiento antes de que los maxilares hayan terminado de crecer<\/figcaption><\/figure><\/div>\n\n\n<p>Con la ortodoncia interceptiva, el profesional puede intervenir antes de que hayan salido todos los dientes permanentes. Este tipo de odontolog\u00eda<strong> trabaja en el desarrollo de la mand\u00edbula con la ayuda de aparatos especiales<\/strong>. A partir de los 12 a\u00f1os, cuando todos los dientes permanentes deber\u00edan haber salido, el ortodoncista utiliza la ortodoncia correctiva con aparatos tradicionales o <a href=\"https:\/\/nutrident.fr\/es\/?page_id=16775\" data-type=\"page\" data-id=\"3111\">linguales<\/a>.<\/p>\n\n\n\n<h3>Ortodoncia para adultos<\/h3>\n\n\n\n<p><a href=\"https:\/\/nutrident.fr\/es\/?page_id=16771\" data-type=\"page\" data-id=\"11086\">Para los adultos<\/a>, el dentista suele recomendar <strong>alineadores invisibles <\/strong>que son m\u00e1s f\u00e1ciles de usar. En efecto, como los aparatos de metal son antiest\u00e9ticos y fijos, no es un tratamiento que muchos adultos quieran llevar. La ventaja de <a href=\"https:\/\/nutrident.fr\/es\/?page_id=16755\" data-type=\"page\" data-id=\"10531\">los alineadores<\/a> es que son invisibles y se pueden quitar temporalmente para comer o para una cita importante.<\/p>\n\n\n\n<p>El dentista puede prescribir el uso de alineadores invisibles sin necesidad de consultar a un ortodoncista. El equipo de Nutrident.es recomienda especialmente la marca <a href=\"https:\/\/nutrident.fr\/es\/ortodoncia\/drsmile-opiniones\/\" data-type=\"URL\" data-id=\"https:\/\/nutrident.fr\/drsmile-avis\/\">Dr. Smile<\/a>. Esta empresa alemana ha desarrollado un <strong>m\u00e9todo<\/strong> muy popular <strong>de ortodoncia invisible<\/strong> que es eficaz y m\u00e1s barato que muchos competidores.<\/p>\n\n\n\n<div class=\"wp-container-2 wp-block-buttons\">\n<div class=\"wp-block-button aligncenter is-style-fill\"><a class=\"wp-block-button__link has-white-color has-vivid-cyan-blue-background-color has-text-color has-background\" href=\"https:\/\/tidd.ly\/3NXzapN\" target=\"_blank\" rel=\"noopener\">Contacta con tu dentista Dr. Smile m\u00e1s cercano<\/a><\/div>\n<\/div>\n\n\n\n<p>Sin embargo, en los casos m\u00e1s extremos de api\u00f1amiento, cuando el maxilar es demasiado peque\u00f1o, el dentista se ver\u00e1 obligado a extraer uno o varios dientes.<\/p>\n\n\n\n<h3>Carillas dentales<\/h3>\n\n\n\n<p>El uso de <a href=\"https:\/\/nutrident.fr\/es\/?page_id=16809\" data-type=\"page\" data-id=\"1399\">carillas dentales<\/a> puede funcionar para enmascarar una ligera superposici\u00f3n. Estas finas capas hechas de cer\u00e1mica o de composite se adaptan <strong>perfectamente al color de los dientes <\/strong>para un resultado altamente est\u00e9tico y natural.<\/p>\n\n\n\n<h2><span class=\"ez-toc-section\" id=\"Conclusion\"><\/span>Conclusi\u00f3n<span class=\"ez-toc-section-end\"><\/span><\/h2>\n\n\n\n<p>La superposici\u00f3n de dientes afecta a muchas personas y puede tener diferentes causas. Es una fuente de complejos y, a veces, de problemas funcionales, por lo que debe corregirse con un tratamiento adecuado. La ortodoncia, y en particular la ortodoncia invisible, es una soluci\u00f3n especialmente interesante porque permite alinear los dientes de forma discreta.<\/p>\n\n\n\n<h2><span class=\"ez-toc-section\" id=\"Preguntas_frecuentes\"><\/span>Preguntas frecuentes<span class=\"ez-toc-section-end\"><\/span><\/h2>\n\n\n\n<h3>\u00bfC\u00f3mo alinear los dientes en casa?  <\/h3>\n\n\n\n<p>Para corregir el api\u00f1amiento dental, es necesario consultar a un dentista para conocer las opciones de tratamiento. Sin embargo, existen alineadores dentales que se pueden controlar a distancia y que pueden corregir api\u00f1amientos ligeros.<\/p>\n\n\n\n<h3>\u00bfCu\u00e1l es la edad m\u00e1xima para usar brackets?<\/h3>\n\n\n\n<p>No hay una edad m\u00e1xima para usar ortodoncia. Los aparatos pueden llevarse desde la infancia, pasando por la adolescencia y hasta la edad adulta. Para los adultos, se recomienda especialmente la ortodoncia invisible con alineadores transparentes.  <\/p>\n\n\n\n<h3>\u00bfPor qu\u00e9 se suelen api\u00f1ar los dientes inferiores?  <\/h3>\n\n\n\n<p>El api\u00f1amiento dental puede afectar tanto a la arcada superior como a la inferior. Sin embargo, es cierto que los problemas de api\u00f1amiento son m\u00e1s comunes en la mand\u00edbula que en el maxilar superior.  <\/p>\n<div class=\"article-data before-content\"><div class=\"article-data__date\"><div class=\"article-data__date-modified\"><time class=\"published\" datetime=\"2022-10-28T10:15:13+00:00\">This article was originally published on&nbsp;<span class=\"2\">octubre 28, 2022<\/span>&nbsp;and was most recently updated on&nbsp;<span>junio 13, 2023<\/span><\/time><br><\/div><\/div><\/div><div class=\"user-info\">    <div class=\"user-info__body\">\r\n      <div class=\"user-info__caption\"><span>Contributors:<\/span><\/div>\r\n\t\t\t        <div class=\"user-info__wrap \">\r\n          <div class=\"user-info__data\">\r\n            <div class=\"user-info__data__info\">\r\n              <div class=\"photo\">\r\n\t\t\t\t\t\t\t\t<img width=\"66\" height=\"61\" src=\"https:\/\/nutrident.fr\/wp-content\/uploads\/2023\/06\/unnamed-66x61.jpg\" class=\"attachment-profileImageAuthor size-profileImageAuthor wp-post-image\" alt=\"Dr Abel Jes\u00fas Pederzoli\" loading=\"lazy\" srcset=\"https:\/\/nutrident.fr\/wp-content\/uploads\/2023\/06\/unnamed-66x61.jpg 66w, https:\/\/nutrident.fr\/wp-content\/uploads\/2023\/06\/unnamed-300x279.jpg 300w, https:\/\/nutrident.fr\/wp-content\/uploads\/2023\/06\/unnamed-1024x952.jpg 1024w, https:\/\/nutrident.fr\/wp-content\/uploads\/2023\/06\/unnamed-768x714.jpg 768w, https:\/\/nutrident.fr\/wp-content\/uploads\/2023\/06\/unnamed-204x190.jpg 204w, https:\/\/nutrident.fr\/wp-content\/uploads\/2023\/06\/unnamed-120x112.jpg 120w, https:\/\/nutrident.fr\/wp-content\/uploads\/2023\/06\/unnamed.jpg 1125w\" sizes=\"(max-width: 66px) 100vw, 66px\" \/>              <\/div>\r\n              <a href=\"https:\/\/nutrident.fr\/es\/author\/dr-abel-jesus-pederzoli\/\" class=\"name\">Dr Abel Jes\u00fas Pederzoli<\/a>\r\n            <\/div>\r\n            <div class=\"user-info__data__social\">\r\n\t\t\t\t\t\t\t\t\t\t\t\t\t\t\t\t\t\t\t\t\t          <a href=\"https:\/\/clinicaleixample.es\/\"\r\n             class=\"soc-item website\">website<\/a>\r\n\t\t\t\t          <a href=\"http:\/\/linkedin.com\/in\/abel-jes%C3%BAs-pederzoli\"\r\n             class=\"soc-item linkedin\">linkedin<\/a>\r\n\t\t\t\t            <\/div>\r\n          <\/div>\r\n          <div class=\"user-info__description\">\r\n\t\t\t\t\t\t\t\t\t\t\t\t\t<p>Con t\u00edtulos obtenidos en la Facultad de Odontolog\u00eda de la Universidad Nacional de La Plata y una participaci\u00f3n activa en congresos y jornadas, el Dr. Pederzoli se mantiene actualizado en las \u00faltimas t\u00e9cnicas y avances en odontolog\u00eda. Actualmente se encuentra desarrollando un proyecto de consultor\u00eda tecnol\u00f3gica aplicada a cl\u00ednicas dentales.<\/p>\n\t\t\t\t\t\t          <\/div>\r\n        <\/div>\r\n\t\t\t\t    <\/div>\r\n\t<\/div><!--copyscapeskip--><div class=\"medical_references\"><div class=\"medical_references__heading\"><span>Fuentes M\u00e9dicas<\/span><\/div><div class=\"medical_references__list\"><p><strong>Turner S, Harrison JE, Sharif FNJ, Owens D, Millett DT.<\/strong> <a href=\"https:\/\/www.cochranelibrary.com\/cdsr\/doi\/10.1002\/14651858.CD003453.pub2\/full\/fr\">Tratamiento de ortodoncia para dientes api\u00f1ados en ni\u00f1os<\/a>. Base de datos Cochrane de revisiones sistem\u00e1ticas 2021, n\u00famero 12. N\u00ba de art\u00edculo: CD003453. DOI: 10.1002\/14651858.CD003453.pub2. Consultado el 29 de septiembre de 2022.<\/p>\n<p><strong>Instituto Dental Internacional. <\/strong>Matrishva B. Vyas y Navin Hantodkar. <a href=\"https:\/\/www.idi.org\/blogue\/76-resolution-de-l-encombrement-incisif-mandibulaire-par-la-gestion-judicieuse-des-espaces-de-nance.html\">Resoluci\u00f3n del api\u00f1amiento incisal mandibular mediante la gesti\u00f3n juiciosa de los espacios de Nance<\/a>. Consultado el 29 de septiembre de 2022.<\/p>\n<\/div><\/div><!--\/copyscapeskip-->","protected":false},"excerpt":{"rendered":"<p>Contributor:&nbsp; Dr Abel Jes\u00fas Pederzoli Updated:&nbsp;junio 13, 2023 El api\u00f1amiento dental, tambi\u00e9n conocido como dientes superpuestos, es la causa n\u00famero uno de las visitas al ortodoncista. Se trata de una malposici\u00f3n de los dientes que se produce generalmente a partir de los seis a\u00f1os, cuando los dientes permanentes est\u00e1n creciendo. Adem\u00e1s de las molestias est\u00e9ticas, [&hellip;]<\/p>\n","protected":false},"author":10,"featured_media":15838,"parent":0,"menu_order":0,"comment_status":"closed","ping_status":"closed","template":"","meta":{"inline_featured_image":false},"acf":[],"_links":{"self":[{"href":"https:\/\/nutrident.fr\/es\/wp-json\/wp\/v2\/pages\/17001"}],"collection":[{"href":"https:\/\/nutrident.fr\/es\/wp-json\/wp\/v2\/pages"}],"about":[{"href":"https:\/\/nutrident.fr\/es\/wp-json\/wp\/v2\/types\/page"}],"author":[{"embeddable":true,"href":"https:\/\/nutrident.fr\/es\/wp-json\/wp\/v2\/users\/10"}],"replies":[{"embeddable":true,"href":"https:\/\/nutrident.fr\/es\/wp-json\/wp\/v2\/comments?post=17001"}],"version-history":[{"count":15,"href":"https:\/\/nutrident.fr\/es\/wp-json\/wp\/v2\/pages\/17001\/revisions"}],"predecessor-version":[{"id":21748,"href":"https:\/\/nutrident.fr\/es\/wp-json\/wp\/v2\/pages\/17001\/revisions\/21748"}],"wp:featuredmedia":[{"embeddable":true,"href":"https:\/\/nutrident.fr\/es\/wp-json\/wp\/v2\/media\/15838"}],"wp:attachment":[{"href":"https:\/\/nutrident.fr\/es\/wp-json\/wp\/v2\/media?parent=17001"}],"curies":[{"name":"wp","href":"https:\/\/api.w.org\/{rel}","templated":true}]}}