

{"id":17003,"date":"2022-10-28T10:12:18","date_gmt":"2022-10-28T10:12:18","guid":{"rendered":"https:\/\/nutrident.fr\/?page_id=17003"},"modified":"2022-10-28T10:12:20","modified_gmt":"2022-10-28T10:12:20","slug":"adhesivo-dental-para-protesis","status":"publish","type":"page","link":"https:\/\/nutrident.fr\/es\/adhesivo-dental-para-protesis\/","title":{"rendered":"Adhesivo dental para pr\u00f3tesis: \u00bfc\u00f3mo hacer la elecci\u00f3n correcta?"},"content":{"rendered":"<div class=\"meta\"><div class=\"meta__users\"><\/div><div class=\"meta__date-modified\">Updated:&nbsp;<span>octubre 28, 2022<\/span><\/div><\/div><div class=\"wp-block-image\">\n<figure class=\"alignright size-medium\"><img width=\"300\" height=\"199\" src=\"https:\/\/nutrident.fr\/wp-content\/uploads\/2022\/06\/Depositphotos_80074206_S-300x199.jpg\" alt=\"pegamento dental  \" class=\"wp-image-11849\" srcset=\"https:\/\/nutrident.fr\/wp-content\/uploads\/2022\/06\/Depositphotos_80074206_S-300x199.jpg 300w, https:\/\/nutrident.fr\/wp-content\/uploads\/2022\/06\/Depositphotos_80074206_S-768x509.jpg 768w, https:\/\/nutrident.fr\/wp-content\/uploads\/2022\/06\/Depositphotos_80074206_S-254x168.jpg 254w, https:\/\/nutrident.fr\/wp-content\/uploads\/2022\/06\/Depositphotos_80074206_S.jpg 999w\" sizes=\"(max-width: 300px) 100vw, 300px\" \/><figcaption>Adhesi\u00f3n dental: \u00bfde qu\u00e9 estamos hablando?<\/figcaption><\/figure><\/div>\n\n\n<p>Llevar una dentadura postiza extra\u00edble es una soluci\u00f3n radical, pero le <strong>permite disfrutar plenamente de la vida,<\/strong> ya que la funci\u00f3n oral es esencial para comer, hablar y tambi\u00e9n por razones est\u00e9ticas. Las pr\u00f3tesis dentales actuales son <strong>c\u00f3modas y est\u00e1n en armon\u00eda<\/strong> con su f\u00edsico. Le permiten recuperar un uso completamente normal de su boca.<\/p>\n\n\n\n<p>Para ello, necesita dos elementos esenciales: una pr\u00f3tesis hecha a medida que se ajuste perfectamente, porque cada boca es \u00fanica, y un adhesivo dental eficaz y fiable. Tambi\u00e9n en este caso se han hecho enormes progresos. <a href=\"https:\/\/nutrident.fr\/es\/\">Nutrident.co.uk<\/a> explica c\u00f3mo funciona este adhesivo dental.<\/p>\n\n\n\n<div id=\"ez-toc-container\" class=\"ez-toc-v2_0_33_2 counter-hierarchy ez-toc-counter ez-toc-white ez-toc-container-direction\">\n<div class=\"ez-toc-title-container\">\n<p class=\"ez-toc-title\">Contenus<\/p>\n<span class=\"ez-toc-title-toggle\"><a href=\"#\" class=\"ez-toc-pull-right ez-toc-btn ez-toc-btn-xs ez-toc-btn-default ez-toc-toggle\" style=\"display: none;\"><label for=\"item\" aria-label=\"Tabla de contenidos\"><i class=\"ez-toc-glyphicon ez-toc-icon-toggle\"><\/i><\/label><input type=\"checkbox\" id=\"item\"><\/a><\/span><\/div>\n<nav><ul class='ez-toc-list ez-toc-list-level-1'><li class='ez-toc-page-1 ez-toc-heading-level-2'><a class=\"ez-toc-link ez-toc-heading-1\" href=\"https:\/\/nutrident.fr\/es\/adhesivo-dental-para-protesis\/#%C2%BFComo_se_fijan_las_protesis_dentales\" title=\"\u00bfC\u00f3mo se fijan las pr\u00f3tesis dentales?\">\u00bfC\u00f3mo se fijan las pr\u00f3tesis dentales?<\/a><\/li><li class='ez-toc-page-1 ez-toc-heading-level-2'><a class=\"ez-toc-link ez-toc-heading-2\" href=\"https:\/\/nutrident.fr\/es\/adhesivo-dental-para-protesis\/#%C2%BFComo_funciona_el_adhesivo_para_protesis_dentales\" title=\"\u00bfC\u00f3mo funciona el adhesivo para pr\u00f3tesis dentales?\">\u00bfC\u00f3mo funciona el adhesivo para pr\u00f3tesis dentales?<\/a><\/li><li class='ez-toc-page-1 ez-toc-heading-level-2'><a class=\"ez-toc-link ez-toc-heading-3\" href=\"https:\/\/nutrident.fr\/es\/adhesivo-dental-para-protesis\/#Adhesivo_dental_para_protesis_instrucciones_de_uso\" title=\"Adhesivo dental para pr\u00f3tesis: instrucciones de uso\">Adhesivo dental para pr\u00f3tesis: instrucciones de uso<\/a><\/li><li class='ez-toc-page-1 ez-toc-heading-level-2'><a class=\"ez-toc-link ez-toc-heading-4\" href=\"https:\/\/nutrident.fr\/es\/adhesivo-dental-para-protesis\/#PREGUNTAS_FRECUENTES\" title=\"PREGUNTAS FRECUENTES\">PREGUNTAS FRECUENTES<\/a><\/li><\/ul><\/nav><\/div>\n<h2><span class=\"ez-toc-section\" id=\"%C2%BFComo_se_fijan_las_protesis_dentales\"><\/span>\u00bfC\u00f3mo se fijan las pr\u00f3tesis dentales?<span class=\"ez-toc-section-end\"><\/span><\/h2>\n\n\n\n<p>Si tiene <a href=\"https:\/\/nutrident.fr\/es\/7-malos-habitos-que-danan-los-dientes\/\">dientes en mal estado<\/a> y tiene que arrancarlos uno a uno, o si ha sufrido un accidente, las pr\u00f3tesis dentales extra\u00edbles, ya sean parciales o completas, son una excelente soluci\u00f3n. Puede utilizar <a href=\"https:\/\/nutrident.fr\/es\/?page_id=16799\" data-type=\"URL\" data-id=\"https:\/\/nutrident.fr\/prix-dun-implant-dentaire\/\">implantes <\/a>para fijar una dentadura<a href=\"https:\/\/nutrident.fr\/es\/?page_id=16799\">,<\/a> pero son muy caros y si le faltan varios dientes, <strong>suele ser preferible una dentadura extra\u00edble<\/strong>.<\/p>\n\n\n\n<p>Por otro lado, si tiene una enfermedad como la periodontitis, sus huesos maxilares son demasiado fr\u00e1giles para soportar los implantes. Las pr\u00f3tesis removibles son la soluci\u00f3n ideal, sobre todo porque ya no tendr\u00e1 que someterse a un tratamiento recurrente -generalmente desagradable y doloroso- para reparar unos dientes que ya son muy fr\u00e1giles.<\/p>\n\n\n\n<p>Las pr\u00f3tesis dentales pueden ser parciales o sustituir toda la dentadura. <strong>Se fija en la boca mediante el efecto de ventosa entre sus enc\u00edas y la parte artificial<\/strong> que las cubre. Adem\u00e1s del efecto de succi\u00f3n sobre las enc\u00edas, cuando la pr\u00f3tesis es para el maxilar superior, puede tener una parte que se superpone al paladar y refuerza su anclaje. Una dentadura en el maxilar inferior no puede fijarse de esta manera y requerir\u00e1 m\u00e1s a menudo el uso de un adhesivo dental.<\/p>\n\n\n\n<p>El dentista y el prot\u00e9sico dental deciden la mejor soluci\u00f3n para usted, teniendo en cuenta los dientes a sustituir y la configuraci\u00f3n de su boca.<\/p>\n\n\n\n<h3>Adaptaci\u00f3n de la pr\u00f3tesis dental<\/h3>\n\n\n\n<p>Al menos una vez al a\u00f1o, debe hacer que su dentista revise su <strong>dentadura postiza <\/strong>para ver si necesita reajustarla o cambiarla. La boca cambia con el tiempo, especialmente si le han extra\u00eddo varios dientes.  <\/p>\n\n\n\n<p>Las <strong>enc\u00edas <\/strong>se adaptan a la ausencia de los dientes naturales y, con la edad, es normal que la morfolog\u00eda de la mand\u00edbula cambie lentamente.<\/p>\n\n\n<div class=\"wp-block-image\">\n<figure class=\"alignright size-medium\"><img width=\"300\" height=\"159\" src=\"https:\/\/nutrident.fr\/wp-content\/uploads\/2022\/06\/Depositphotos_193266134_S-300x159.jpg\" alt=\"adhesivo para dentaduras postizas\" class=\"wp-image-11852\" srcset=\"https:\/\/nutrident.fr\/wp-content\/uploads\/2022\/06\/Depositphotos_193266134_S-300x159.jpg 300w, https:\/\/nutrident.fr\/wp-content\/uploads\/2022\/06\/Depositphotos_193266134_S-768x408.jpg 768w, https:\/\/nutrident.fr\/wp-content\/uploads\/2022\/06\/Depositphotos_193266134_S-254x135.jpg 254w, https:\/\/nutrident.fr\/wp-content\/uploads\/2022\/06\/Depositphotos_193266134_S.jpg 1000w\" sizes=\"(max-width: 300px) 100vw, 300px\" \/><figcaption>Se trata de una pr\u00f3tesis dental bien ajustada que le permite restaurar la alineaci\u00f3n correcta de sus dientes<\/figcaption><\/figure><\/div>\n\n\n<p><strong>Una pr\u00f3tesis dental mal ajustada pierde su agarre<\/strong>, incluso con adhesivo dental. Adem\u00e1s, puede causar problemas de masticaci\u00f3n, y por tanto de alimentaci\u00f3n, de oclusi\u00f3n y de pronunciaci\u00f3n.<\/p>\n\n\n\n<h2><span class=\"ez-toc-section\" id=\"%C2%BFComo_funciona_el_adhesivo_para_protesis_dentales\"><\/span>\u00bfC\u00f3mo funciona el adhesivo para pr\u00f3tesis dentales?<span class=\"ez-toc-section-end\"><\/span><\/h2>\n\n\n\n<p>El <strong>pegamento<\/strong> <strong>para pr\u00f3tesis dentales <\/strong>no es realmente un pegamento, ya que no est\u00e1 pensado para adherir permanentemente su pr\u00f3tesis a las enc\u00edas.  <\/p>\n\n\n\n<p>Una pr\u00f3tesis removible debe retirarse por la noche para dar a las enc\u00edas y a la boca entre 6 y 10 horas de alivio.  <strong>Esto tambi\u00e9n permite limpiar y empapar la dentadura para erradicar cualquier bacteria y mancha.<\/strong><\/p>\n\n\n\n<p>La finalidad del <strong>adhesivo para pr\u00f3tesis dentales<\/strong> es reforzar el <strong>efecto de<\/strong> <strong>succi\u00f3n<\/strong> <strong>natural<\/strong> creado por la saliva que fluye entre la pr\u00f3tesis y la mucosa natural. El pegamento dental es m\u00e1s viscoso que la saliva, que ya es relativamente viscosa. Por lo tanto, tiene <strong>una consistencia viscosa<\/strong> en s\u00ed misma <strong>y tambi\u00e9n debe estimular la producci\u00f3n de saliva para mejorar el poder de adhesi\u00f3n de la dentadura<\/strong>.<\/p>\n\n\n\n<p>El <strong>adhesivo dental <\/strong>debe ser lo suficientemente fuerte y fiable como para durar todo el d\u00eda y mantener la dentadura firmemente en su sitio para evitar que se mueva y se suelte. Al mismo tiempo, debe ser f\u00e1cil de quitar por la noche.<\/p>\n\n\n\n<p>Por supuesto, la fabricaci\u00f3n del pegamento dental debe obedecer a un estricto <strong>protocolo sanitario <\/strong>para evitar cualquier irritaci\u00f3n, alergia o incluso intoxicaci\u00f3n. Por \u00faltimo, su sabor debe ser neutro o muy d\u00e9bil, para no perturbar su sentido del gusto.<\/p>\n\n\n\n<h3>Las ventajas del adhesivo dental<\/h3>\n\n\n\n<p>Adem\u00e1s de la utilidad del pegamento utilizado para mantener la dentadura en su sitio, su efecto es tambi\u00e9n el de <strong>proteger las membranas mucosas <\/strong>sobre las que se coloca. Act\u00faa como un amortiguador entre la pr\u00f3tesis y la enc\u00eda, lo que impide que las bacterias e incluso los restos de comida se alojen en ella.<\/p>\n\n\n\n<p>Tambi\u00e9n elimina la <strong>fricci\u00f3n <\/strong>que podr\u00eda producirse entre las dos partes en caso de que la saliva sea insuficiente, lo que podr\u00eda provocar una irritaci\u00f3n de las enc\u00edas, llegando incluso a provocar lesiones.<\/p>\n\n\n\n<p><strong>El adhesivo dental mantiene la dentadura h\u00fameda<\/strong>, lo que es muy importante para la durabilidad de la resina. Las pr\u00f3tesis dentales est\u00e1n hechas de un material que se degrada si se seca. Por eso se queda empapado por la noche.<\/p>\n\n\n\n<p>Por \u00faltimo, un buen <strong>adhesivo dental <\/strong>da confianza al usuario. Seguro que podr\u00e1 re\u00edr, comer, hablar e incluso cantar a pleno pulm\u00f3n, sin riesgo de que se le caiga la dentadura.<\/p>\n\n\n\n<figure class=\"wp-block-embed is-type-video is-provider-youtube wp-block-embed-youtube wp-embed-aspect-16-9 wp-has-aspect-ratio\"><div class=\"wp-block-embed__wrapper\">\n<iframe title=\"Dentier : Faut-il nettoyer r\u00e9guli\u00e8rement les dentiers?\" width=\"500\" height=\"281\" src=\"https:\/\/www.youtube.com\/embed\/R5Q89le_0rQ?feature=oembed\" frameborder=\"0\" allow=\"accelerometer; autoplay; clipboard-write; encrypted-media; gyroscope; picture-in-picture\" allowfullscreen><\/iframe>\n<\/div><\/figure>\n\n\n\n<h2><span class=\"ez-toc-section\" id=\"Adhesivo_dental_para_protesis_instrucciones_de_uso\"><\/span>Adhesivo dental para pr\u00f3tesis: instrucciones de uso<span class=\"ez-toc-section-end\"><\/span><\/h2>\n\n\n\n<p>El pegamento dental se presenta en forma de <strong>gel<\/strong>, crema, polvo o tiras adhesivas. El envase m\u00e1s popular y f\u00e1cil de usar es el de gel. Es f\u00e1cil de extender con precisi\u00f3n y tiene una consistencia agradable. Depende de usted ver qu\u00e9 le gusta m\u00e1s probando los diferentes productos.<\/p>\n\n\n\n<p>1 &#8211; Antes de arreglar su dentadura postiza para el d\u00eda, <strong>aseg\u00farese de que est\u00e1 perfectamente limpia<\/strong>. No deben quedar restos de comida ni de pegamento del d\u00eda anterior.<\/p>\n\n\n\n<p>2 &#8211; <strong>El pegamento debe aplicarse en el hueco de la enc\u00eda postiza<\/strong>, en el centro, trazando una l\u00ednea con homogeneidad. Debe utilizar poco producto, ya que se extender\u00e1 por la presi\u00f3n al colocar la dentadura. Si utiliza demasiado, el pegamento se derramar\u00e1 entre la dentadura y las enc\u00edas.<\/p>\n\n\n\n<p><strong>Sea sensato<\/strong> con la cantidad el primer d\u00eda y evaluar\u00e1 si necesita a\u00f1adir m\u00e1s al d\u00eda siguiente, suponiendo que haya sentido alg\u00fan problema de agarre durante el d\u00eda. En pocos d\u00edas podr\u00e1 medir la cantidad exacta de pegamento.<\/p>\n\n\n\n<p>3 &#8211; <strong>Coloque el dispositivo en su boca y mant\u00e9ngalo all\u00ed durante unos diez segundos<\/strong> hasta que las dos partes se adhieran. Evite beber o comer<\/p>\n\n\n\n<h2><span class=\"ez-toc-section\" id=\"PREGUNTAS_FRECUENTES\"><\/span>PREGUNTAS FRECUENTES<span class=\"ez-toc-section-end\"><\/span><\/h2>\n\n\n\n<h3>\u00bfQu\u00e9 pegamento utilizar para las pr\u00f3tesis dentales?<\/h3>\n\n\n\n<p>Hay muchas marcas de adhesivo dental en el mercado. Entre ellos, el Super Poligrip es a menudo recomendado por los usuarios.<\/p>\n\n\n\n<h3>\u00bfC\u00f3mo se sujeta una dentadura sin pegamento?<\/h3>\n\n\n\n<p>Otro producto para fijar las pr\u00f3tesis dentales es la resina blanda Aggripdent. Esta soluci\u00f3n permite mantener la dentadura durante 12 meses.<\/p>\n\n\n\n<h3>\u00bfD\u00f3nde se coloca el pegamento en la dentadura?<\/h3>\n\n\n\n<p>El pegamento se aplica en el centro (en el hueco de la enc\u00eda postiza) en una l\u00ednea o en peque\u00f1os puntos.<\/p>\n<div class=\"article-data before-content\"><div class=\"article-data__date\"><div class=\"article-data__date-modified\"><time class=\"published\" datetime=\"2022-10-28T10:12:18+00:00\">This article was originally published on&nbsp;<span class=\"2\">octubre 28, 2022<\/span>&nbsp;and was most recently updated on&nbsp;<span>octubre 28, 2022<\/span><\/time><br><\/div><\/div><\/div><div class=\"user-info\"><\/div>","protected":false},"excerpt":{"rendered":"<p>Updated:&nbsp;octubre 28, 2022 Llevar una dentadura postiza extra\u00edble es una soluci\u00f3n radical, pero le permite disfrutar plenamente de la vida, ya que la funci\u00f3n oral es esencial para comer, hablar y tambi\u00e9n por razones est\u00e9ticas. Las pr\u00f3tesis dentales actuales son c\u00f3modas y est\u00e1n en armon\u00eda con su f\u00edsico. Le permiten recuperar un uso completamente normal [&hellip;]<\/p>\n","protected":false},"author":14,"featured_media":11851,"parent":0,"menu_order":0,"comment_status":"closed","ping_status":"closed","template":"","meta":{"inline_featured_image":false},"acf":[],"_links":{"self":[{"href":"https:\/\/nutrident.fr\/es\/wp-json\/wp\/v2\/pages\/17003"}],"collection":[{"href":"https:\/\/nutrident.fr\/es\/wp-json\/wp\/v2\/pages"}],"about":[{"href":"https:\/\/nutrident.fr\/es\/wp-json\/wp\/v2\/types\/page"}],"author":[{"embeddable":true,"href":"https:\/\/nutrident.fr\/es\/wp-json\/wp\/v2\/users\/14"}],"replies":[{"embeddable":true,"href":"https:\/\/nutrident.fr\/es\/wp-json\/wp\/v2\/comments?post=17003"}],"version-history":[{"count":4,"href":"https:\/\/nutrident.fr\/es\/wp-json\/wp\/v2\/pages\/17003\/revisions"}],"predecessor-version":[{"id":17567,"href":"https:\/\/nutrident.fr\/es\/wp-json\/wp\/v2\/pages\/17003\/revisions\/17567"}],"wp:featuredmedia":[{"embeddable":true,"href":"https:\/\/nutrident.fr\/es\/wp-json\/wp\/v2\/media\/11851"}],"wp:attachment":[{"href":"https:\/\/nutrident.fr\/es\/wp-json\/wp\/v2\/media?parent=17003"}],"curies":[{"name":"wp","href":"https:\/\/api.w.org\/{rel}","templated":true}]}}