

{"id":17005,"date":"2022-10-27T16:11:31","date_gmt":"2022-10-27T16:11:31","guid":{"rendered":"https:\/\/nutrident.fr\/?page_id=17005"},"modified":"2023-06-13T10:04:33","modified_gmt":"2023-06-13T10:04:33","slug":"beneficios-de-la-pasta-cannabica","status":"publish","type":"page","link":"https:\/\/nutrident.fr\/es\/beneficios-de-la-pasta-cannabica\/","title":{"rendered":"\u00bfCu\u00e1l es el beneficio de la pasta de dientes con cannabis?"},"content":{"rendered":"<div class=\"meta\"><div class=\"meta__users\">    <div class=\"meta__users__reviewed\">\r\n      <p class=\"meta__users__caption\">Contributor:&nbsp;<\/p>\r\n      <div class=\"users\">\r\n        <span class=\"users__user\">\r\n          <a href=\"#\">Dr Abel Jes\u00fas Pederzoli<\/a>\r\n        <\/span>\r\n      <\/div>\r\n    <\/div>\r\n\t<\/div><div class=\"meta__date-modified\">Updated:&nbsp;<span>junio 13, 2023<\/span><\/div><\/div><div class=\"wp-block-image\">\n<figure class=\"alignright size-medium\"><img width=\"300\" height=\"200\" src=\"https:\/\/nutrident.fr\/wp-content\/uploads\/2020\/05\/shallow-focus-photography-of-cannabis-plant-606506-300x200.jpg\" alt=\"Pasta de dientes con CBD\" class=\"wp-image-4541\" srcset=\"https:\/\/nutrident.fr\/wp-content\/uploads\/2020\/05\/shallow-focus-photography-of-cannabis-plant-606506-300x200.jpg 300w, https:\/\/nutrident.fr\/wp-content\/uploads\/2020\/05\/shallow-focus-photography-of-cannabis-plant-606506-1024x683.jpg 1024w, https:\/\/nutrident.fr\/wp-content\/uploads\/2020\/05\/shallow-focus-photography-of-cannabis-plant-606506-768x512.jpg 768w, https:\/\/nutrident.fr\/wp-content\/uploads\/2020\/05\/shallow-focus-photography-of-cannabis-plant-606506-1080x720.jpg 1080w, https:\/\/nutrident.fr\/wp-content\/uploads\/2020\/05\/shallow-focus-photography-of-cannabis-plant-606506-980x653.jpg 980w, https:\/\/nutrident.fr\/wp-content\/uploads\/2020\/05\/shallow-focus-photography-of-cannabis-plant-606506-480x320.jpg 480w, https:\/\/nutrident.fr\/wp-content\/uploads\/2020\/05\/shallow-focus-photography-of-cannabis-plant-606506.jpg 1200w\" sizes=\"(max-width: 300px) 100vw, 300px\" \/><figcaption>\u00bfY por qu\u00e9 no probar una pasta de dientes a base de CBD?<\/figcaption><\/figure><\/div>\n\n\n<p><strong>En los \u00faltimos a\u00f1os, los productos de cannabis est\u00e1n cada vez m\u00e1s disponibles en el mercado.  <\/strong>En el campo de los cigarrillos electr\u00f3nicos, el bienestar y los cosm\u00e9ticos, las propiedades de esta famosa planta han inspirado a muchos fabricantes.<\/p>\n\n\n\n<p>Aprovechando su controvertida reputaci\u00f3n, <strong>la promoci\u00f3n de estos productos<\/strong> va en aumento. En el sector de la salud, la pasta de dientes con CBD es una de las \u00faltimas novedades. Pero, \u00bfes realmente el cannabis como lo imaginamos? \u00bfY sus virtudes? \u00bfAporta esta pasta de dientes un verdadero valor a\u00f1adido para sus usuarios? <a href=\"https:\/\/nutrident.fr\/es\/\">Nutrident.co.uk<\/a> est\u00e1 investigando.  <\/p>\n\n\n\n<div id=\"ez-toc-container\" class=\"ez-toc-v2_0_33_2 counter-hierarchy ez-toc-counter ez-toc-white ez-toc-container-direction\">\n<div class=\"ez-toc-title-container\">\n<p class=\"ez-toc-title\">Contenus<\/p>\n<span class=\"ez-toc-title-toggle\"><a href=\"#\" class=\"ez-toc-pull-right ez-toc-btn ez-toc-btn-xs ez-toc-btn-default ez-toc-toggle\" style=\"display: none;\"><label for=\"item\" aria-label=\"Tabla de contenidos\"><i class=\"ez-toc-glyphicon ez-toc-icon-toggle\"><\/i><\/label><input type=\"checkbox\" id=\"item\"><\/a><\/span><\/div>\n<nav><ul class='ez-toc-list ez-toc-list-level-1'><li class='ez-toc-page-1 ez-toc-heading-level-2'><a class=\"ez-toc-link ez-toc-heading-1\" href=\"https:\/\/nutrident.fr\/es\/beneficios-de-la-pasta-cannabica\/#%C2%BFQue_es_el_cannabis\" title=\"\u00bfQu\u00e9 es el cannabis?\">\u00bfQu\u00e9 es el cannabis?<\/a><\/li><li class='ez-toc-page-1 ez-toc-heading-level-2'><a class=\"ez-toc-link ez-toc-heading-2\" href=\"https:\/\/nutrident.fr\/es\/beneficios-de-la-pasta-cannabica\/#Pasta_de_dientes_con_cannabis\" title=\"Pasta de dientes con cannabis\">Pasta de dientes con cannabis<\/a><\/li><li class='ez-toc-page-1 ez-toc-heading-level-2'><a class=\"ez-toc-link ez-toc-heading-3\" href=\"https:\/\/nutrident.fr\/es\/beneficios-de-la-pasta-cannabica\/#Los_efectos_del_CBD\" title=\"Los efectos del CBD\">Los efectos del CBD<\/a><\/li><\/ul><\/nav><\/div>\n<h2><span class=\"ez-toc-section\" id=\"%C2%BFQue_es_el_cannabis\"><\/span>\u00bfQu\u00e9 es el cannabis?<span class=\"ez-toc-section-end\"><\/span><\/h2>\n\n\n\n<p> <strong>El cannabis <\/strong>es una planta originaria de Rusia que posteriormente se cultiv\u00f3 en Asia. Pertenece a la misma familia que el c\u00e1\u00f1amo. Muy conocido por su uso recreativo, el cannabis es m\u00e1s complejo de lo que parece. Sus propiedades, muy espec\u00edficas, est\u00e1n relacionadas principalmente con dos sustancias: el THC (tetrahidrocannabinol) y el CBD (cannabidiol).<\/p>\n\n\n\n<p> <strong>El THC <\/strong>induce efectos psicotr\u00f3picos en el cuerpo humano. En otras palabras, tiene un efecto qu\u00edmico en nuestra psique. Esto da lugar a efectos variables seg\u00fan la persona y el contexto: euforia, hambre, somnolencia, paranoia, etc. Estos mecanismos tienen un impacto negativo en la salud y el comportamiento.<\/p>\n\n\n\n<p>Para poder disfrutar de los <strong>beneficios antiestr\u00e9s y analg\u00e9sicos<\/strong> del cannabis sin los inconvenientes, se han realizado cruces de plantas para crear variedades con poco o ning\u00fan THC. Hoy en d\u00eda, el c\u00e1\u00f1amo se cultiva industrialmente con fines cosm\u00e9ticos y sanitarios.<\/p>\n\n\n\n<p>Estas plantas, <a href=\"https:\/\/nutrident.fr\/es\/?page_id=16667\">ricas en CBD<\/a>, se utilizan desde hace varios a\u00f1os para fabricar diversos productos: aceites cosm\u00e9ticos y comestibles, dulces y galletas, c\u00e1psulas, l\u00edquidos para cigarrillos electr\u00f3nicos, etc.<\/p>\n\n\n\n<h2><span class=\"ez-toc-section\" id=\"Pasta_de_dientes_con_cannabis\"><\/span>Pasta de dientes con cannabis<span class=\"ez-toc-section-end\"><\/span><\/h2>\n\n\n\n<p>Por lo tanto, la <strong>pasta de dientes con cannabis <\/strong>es en realidad una pasta de dientes con CBD. No tendr\u00e1 ning\u00fan efecto psicotr\u00f3pico o euf\u00f3rico en las sesiones de <a href=\"https:\/\/nutrident.fr\/es\/?page_id=16661\" data-type=\"URL\" data-id=\"https:\/\/nutrident.fr\/brosse-a-dents-electrique-avis\/\">cepillado de dientes<\/a>. El CBD es una sustancia que se ha estudiado ampliamente durante d\u00e9cadas. Han identificado m\u00faltiples aplicaciones en el \u00e1mbito de la salud y el bienestar.<br><strong>El uso m\u00e9dico del cannabis no es ni mucho menos nuevo.<\/strong><\/p>\n\n\n<div class=\"wp-block-image\">\n<figure class=\"alignright size-medium\"><img width=\"300\" height=\"200\" src=\"https:\/\/nutrident.fr\/wp-content\/uploads\/2019\/08\/pexels-photomix-company-216729-300x200.jpg\" alt=\"pasta de dientes\" class=\"wp-image-7431\" srcset=\"https:\/\/nutrident.fr\/wp-content\/uploads\/2019\/08\/pexels-photomix-company-216729-300x200.jpg 300w, https:\/\/nutrident.fr\/wp-content\/uploads\/2019\/08\/pexels-photomix-company-216729-480x320.jpg 480w, https:\/\/nutrident.fr\/wp-content\/uploads\/2019\/08\/pexels-photomix-company-216729.jpg 750w\" sizes=\"(max-width: 300px) 100vw, 300px\" \/><figcaption>El cannabidiol tiene efectos relajantes y tambi\u00e9n act\u00faa sobre la placa dental<\/figcaption><\/figure><\/div>\n\n\n<p>Se utiliza en particular para aliviar <a href=\"https:\/\/nutrident.fr\/es\/inflamacion-de-encias\/\">el dolor<\/a> en los pacientes con c\u00e1ncer. Sin embargo, el desarrollo de f\u00f3rmulas sin THC ha ampliado en gran medida, y legalizado, el potencial sanitario del cannabis.  <\/p>\n\n\n\n<p> <strong>El CBD <\/strong>reduce la ansiedad mediante un <a href=\"https:\/\/greentropics.co\/cbd\/cbd-et-anxiete\/\" data-type=\"URL\" data-id=\"https:\/\/greentropics.co\/cbd\/cbd-et-anxiete\/\" target=\"_blank\" rel=\"noopener\">efecto relajante<\/a> y calmante. Tambi\u00e9n tiene propiedades antiinflamatorias y antis\u00e9pticas. Incluso ser\u00eda capaz de combatir el desarrollo de c\u00e9lulas cancer\u00edgenas.<\/p>\n\n\n\n<h2><span class=\"ez-toc-section\" id=\"Los_efectos_del_CBD\"><\/span>Los efectos del CBD<span class=\"ez-toc-section-end\"><\/span><\/h2>\n\n\n\n<p>Los considerables efectos <strong>del CBD <\/strong>no han dejado de interesar a los expertos en el campo de la higiene bucal. Aunque no debemos dejarnos enga\u00f1ar por el marketing que juega con la reputaci\u00f3n del cannabis, ni esperar efectos psicotr\u00f3picos, <strong>el uso del CBD<\/strong> <strong>en el cuidado dental<\/strong> podr\u00eda resultar interesante. Los \u00faltimos estudios sobre el tema informan de propiedades antiinflamatorias, antis\u00e9pticas y antibacterianas.<\/p>\n\n\n\n<p>Su presencia en una<strong> f\u00f3rmula de cuidado dental <\/strong>tendr\u00eda entonces el efecto de limpiar y depurar la cavidad bucal en profundidad. Los investigadores tambi\u00e9n atribuyen al CBD la capacidad de destruir <strong> <a href=\"https:\/\/nutrident.fr\/es\/?p=16412\" data-type=\"URL\" data-id=\"https:\/\/nutrident.fr\/tartre-dentaire\/\">la placa dental<\/a><\/strong>, de combatir las enfermedades de las enc\u00edas y, por supuesto, de tener un efecto sobre el dolor.<\/p>\n\n\n\n<p>La <strong>pasta de dientes con CBD<\/strong> es, por tanto, una nueva y prometedora adici\u00f3n a la gama de productos basados en el cannabis. Su acci\u00f3n antis\u00e9ptica y analg\u00e9sica podr\u00eda convertirlo en un producto estrella en el mercado de la higiene bucal.<\/p>\n<div class=\"article-data before-content\"><div class=\"article-data__date\"><div class=\"article-data__date-modified\"><time class=\"published\" datetime=\"2022-10-27T16:11:31+00:00\">This article was originally published on&nbsp;<span class=\"2\">octubre 27, 2022<\/span>&nbsp;and was most recently updated on&nbsp;<span>junio 13, 2023<\/span><\/time><br><\/div><\/div><\/div><div class=\"user-info\">    <div class=\"user-info__body\">\r\n      <div class=\"user-info__caption\"><span>Contributors:<\/span><\/div>\r\n\t\t\t        <div class=\"user-info__wrap \">\r\n          <div class=\"user-info__data\">\r\n            <div class=\"user-info__data__info\">\r\n              <div class=\"photo\">\r\n\t\t\t\t\t\t\t\t<img width=\"66\" height=\"61\" src=\"https:\/\/nutrident.fr\/wp-content\/uploads\/2023\/06\/unnamed-66x61.jpg\" class=\"attachment-profileImageAuthor size-profileImageAuthor wp-post-image\" alt=\"Dr Abel Jes\u00fas Pederzoli\" loading=\"lazy\" srcset=\"https:\/\/nutrident.fr\/wp-content\/uploads\/2023\/06\/unnamed-66x61.jpg 66w, https:\/\/nutrident.fr\/wp-content\/uploads\/2023\/06\/unnamed-300x279.jpg 300w, https:\/\/nutrident.fr\/wp-content\/uploads\/2023\/06\/unnamed-1024x952.jpg 1024w, https:\/\/nutrident.fr\/wp-content\/uploads\/2023\/06\/unnamed-768x714.jpg 768w, https:\/\/nutrident.fr\/wp-content\/uploads\/2023\/06\/unnamed-204x190.jpg 204w, https:\/\/nutrident.fr\/wp-content\/uploads\/2023\/06\/unnamed-120x112.jpg 120w, https:\/\/nutrident.fr\/wp-content\/uploads\/2023\/06\/unnamed.jpg 1125w\" sizes=\"(max-width: 66px) 100vw, 66px\" \/>              <\/div>\r\n              <a href=\"https:\/\/nutrident.fr\/es\/author\/dr-abel-jesus-pederzoli\/\" class=\"name\">Dr Abel Jes\u00fas Pederzoli<\/a>\r\n            <\/div>\r\n            <div class=\"user-info__data__social\">\r\n\t\t\t\t\t\t\t\t\t\t\t\t\t\t\t\t\t\t\t\t\t          <a href=\"https:\/\/clinicaleixample.es\/\"\r\n             class=\"soc-item website\">website<\/a>\r\n\t\t\t\t          <a href=\"http:\/\/linkedin.com\/in\/abel-jes%C3%BAs-pederzoli\"\r\n             class=\"soc-item linkedin\">linkedin<\/a>\r\n\t\t\t\t            <\/div>\r\n          <\/div>\r\n          <div class=\"user-info__description\">\r\n\t\t\t\t\t\t\t\t\t\t\t\t\t<p>Con t\u00edtulos obtenidos en la Facultad de Odontolog\u00eda de la Universidad Nacional de La Plata y una participaci\u00f3n activa en congresos y jornadas, el Dr. Pederzoli se mantiene actualizado en las \u00faltimas t\u00e9cnicas y avances en odontolog\u00eda. Actualmente se encuentra desarrollando un proyecto de consultor\u00eda tecnol\u00f3gica aplicada a cl\u00ednicas dentales.<\/p>\n\t\t\t\t\t\t          <\/div>\r\n        <\/div>\r\n\t\t\t\t    <\/div>\r\n\t<\/div><!--copyscapeskip--><div class=\"medical_references\"><div class=\"medical_references__heading\"><span>Fuentes M\u00e9dicas<\/span><\/div><div class=\"medical_references__list\"><p><a href=\"https:\/\/greentropics.co\/cbd\/cbd-et-anxiete\/\">Tr\u00f3picos verdes; CBD y ansiedad<\/a><\/p>\n<\/div><\/div><!--\/copyscapeskip-->","protected":false},"excerpt":{"rendered":"<p>Contributor:&nbsp; Dr Abel Jes\u00fas Pederzoli Updated:&nbsp;junio 13, 2023 En los \u00faltimos a\u00f1os, los productos de cannabis est\u00e1n cada vez m\u00e1s disponibles en el mercado. En el campo de los cigarrillos electr\u00f3nicos, el bienestar y los cosm\u00e9ticos, las propiedades de esta famosa planta han inspirado a muchos fabricantes. Aprovechando su controvertida reputaci\u00f3n, la promoci\u00f3n de estos [&hellip;]<\/p>\n","protected":false},"author":14,"featured_media":17006,"parent":0,"menu_order":0,"comment_status":"closed","ping_status":"closed","template":"","meta":{"inline_featured_image":false},"acf":[],"_links":{"self":[{"href":"https:\/\/nutrident.fr\/es\/wp-json\/wp\/v2\/pages\/17005"}],"collection":[{"href":"https:\/\/nutrident.fr\/es\/wp-json\/wp\/v2\/pages"}],"about":[{"href":"https:\/\/nutrident.fr\/es\/wp-json\/wp\/v2\/types\/page"}],"author":[{"embeddable":true,"href":"https:\/\/nutrident.fr\/es\/wp-json\/wp\/v2\/users\/14"}],"replies":[{"embeddable":true,"href":"https:\/\/nutrident.fr\/es\/wp-json\/wp\/v2\/comments?post=17005"}],"version-history":[{"count":6,"href":"https:\/\/nutrident.fr\/es\/wp-json\/wp\/v2\/pages\/17005\/revisions"}],"predecessor-version":[{"id":21750,"href":"https:\/\/nutrident.fr\/es\/wp-json\/wp\/v2\/pages\/17005\/revisions\/21750"}],"wp:featuredmedia":[{"embeddable":true,"href":"https:\/\/nutrident.fr\/es\/wp-json\/wp\/v2\/media\/17006"}],"wp:attachment":[{"href":"https:\/\/nutrident.fr\/es\/wp-json\/wp\/v2\/media?parent=17005"}],"curies":[{"name":"wp","href":"https:\/\/api.w.org\/{rel}","templated":true}]}}