

{"id":17007,"date":"2022-10-28T10:28:06","date_gmt":"2022-10-28T10:28:06","guid":{"rendered":"https:\/\/nutrident.fr\/?page_id=17007"},"modified":"2023-06-13T10:26:52","modified_gmt":"2023-06-13T10:26:52","slug":"enfermedades-cardiacas-y-salud-bucodental","status":"publish","type":"page","link":"https:\/\/nutrident.fr\/es\/enfermedades-cardiacas-y-salud-bucodental\/","title":{"rendered":"Enfermedades card\u00edacas y salud bucodental: \u00bfcu\u00e1l es la relaci\u00f3n?"},"content":{"rendered":"<div class=\"meta\"><div class=\"meta__users\">    <div class=\"meta__users__reviewed\">\r\n      <p class=\"meta__users__caption\">Contributor:&nbsp;<\/p>\r\n      <div class=\"users\">\r\n        <span class=\"users__user\">\r\n          <a href=\"#\">Dr Abel Jes\u00fas Pederzoli<\/a>\r\n        <\/span>\r\n      <\/div>\r\n    <\/div>\r\n\t<\/div><div class=\"meta__date-modified\">Updated:&nbsp;<span>junio 13, 2023<\/span><\/div><\/div><div class=\"wp-block-image\">\n<figure class=\"alignright size-medium\"><img width=\"300\" height=\"200\" src=\"https:\/\/nutrident.fr\/wp-content\/uploads\/2020\/06\/close-up-of-tree-against-sky-255441-300x200.jpg\" alt=\"enfermedad card\u00edaca\" class=\"wp-image-5071\" srcset=\"https:\/\/nutrident.fr\/wp-content\/uploads\/2020\/06\/close-up-of-tree-against-sky-255441-300x200.jpg 300w, https:\/\/nutrident.fr\/wp-content\/uploads\/2020\/06\/close-up-of-tree-against-sky-255441-1024x683.jpg 1024w, https:\/\/nutrident.fr\/wp-content\/uploads\/2020\/06\/close-up-of-tree-against-sky-255441-768x512.jpg 768w, https:\/\/nutrident.fr\/wp-content\/uploads\/2020\/06\/close-up-of-tree-against-sky-255441-1080x720.jpg 1080w, https:\/\/nutrident.fr\/wp-content\/uploads\/2020\/06\/close-up-of-tree-against-sky-255441-980x653.jpg 980w, https:\/\/nutrident.fr\/wp-content\/uploads\/2020\/06\/close-up-of-tree-against-sky-255441-480x320.jpg 480w, https:\/\/nutrident.fr\/wp-content\/uploads\/2020\/06\/close-up-of-tree-against-sky-255441.jpg 1200w\" sizes=\"(max-width: 300px) 100vw, 300px\" \/><figcaption>\u00bfC\u00f3mo preservar su coraz\u00f3n cuidando sus dientes?  <\/figcaption><\/figure><\/div>\n\n\n<p> <strong>Los dentistas, y los profesionales de la salud <\/strong>en general, siempre nos dicen que nos cepillemos los dientes y subrayan la importancia de <strong>una buena higiene bucal<\/strong> para nuestra salud general.  <\/p>\n\n\n\n<p>Hoy sabemos, gracias a numerosos estudios cient\u00edficos, que <strong>la salud de nuestros dientes y de nuestra boca<\/strong> est\u00e1 estrechamente relacionada con la salud de nuestro coraz\u00f3n.<\/p>\n\n\n\n<p>En este art\u00edculo, <a href=\"https:\/\/nutrident.fr\/es\/\">Nutrident.co.uk<\/a> le cuenta m\u00e1s sobre la <strong>relaci\u00f3n<\/strong> entre la <strong>salud bucodental <\/strong>y <strong>las enfermedades del coraz\u00f3n<\/strong>.<\/p>\n\n\n\n<div id=\"ez-toc-container\" class=\"ez-toc-v2_0_33_2 counter-hierarchy ez-toc-counter ez-toc-white ez-toc-container-direction\">\n<div class=\"ez-toc-title-container\">\n<p class=\"ez-toc-title\">Contenus<\/p>\n<span class=\"ez-toc-title-toggle\"><a href=\"#\" class=\"ez-toc-pull-right ez-toc-btn ez-toc-btn-xs ez-toc-btn-default ez-toc-toggle\" style=\"display: none;\"><label for=\"item\" aria-label=\"Tabla de contenidos\"><i class=\"ez-toc-glyphicon ez-toc-icon-toggle\"><\/i><\/label><input type=\"checkbox\" id=\"item\"><\/a><\/span><\/div>\n<nav><ul class='ez-toc-list ez-toc-list-level-1'><li class='ez-toc-page-1 ez-toc-heading-level-2'><a class=\"ez-toc-link ez-toc-heading-1\" href=\"https:\/\/nutrident.fr\/es\/enfermedades-cardiacas-y-salud-bucodental\/#%C2%BFCual_es_la_relacion_entre_las_enfermedades_cardiacas_y_la_salud_bucodental\" title=\"\u00bfCu\u00e1l es la relaci\u00f3n entre las enfermedades card\u00edacas y la salud bucodental?\">\u00bfCu\u00e1l es la relaci\u00f3n entre las enfermedades card\u00edacas y la salud bucodental?<\/a><\/li><li class='ez-toc-page-1 ez-toc-heading-level-2'><a class=\"ez-toc-link ez-toc-heading-2\" href=\"https:\/\/nutrident.fr\/es\/enfermedades-cardiacas-y-salud-bucodental\/#Palpitaciones_debidas_a_causas_dentales\" title=\"Palpitaciones debidas a causas dentales\">Palpitaciones debidas a causas dentales<\/a><\/li><li class='ez-toc-page-1 ez-toc-heading-level-2'><a class=\"ez-toc-link ez-toc-heading-3\" href=\"https:\/\/nutrident.fr\/es\/enfermedades-cardiacas-y-salud-bucodental\/#Enfermedad_periodontal_y_aterosclerosis\" title=\"Enfermedad periodontal y aterosclerosis\">Enfermedad periodontal y aterosclerosis<\/a><\/li><li class='ez-toc-page-1 ez-toc-heading-level-2'><a class=\"ez-toc-link ez-toc-heading-4\" href=\"https:\/\/nutrident.fr\/es\/enfermedades-cardiacas-y-salud-bucodental\/#Una_mala_higiene_bucal_aumenta_el_riesgo_de_infarto\" title=\"Una mala higiene bucal aumenta el riesgo de infarto\">Una mala higiene bucal aumenta el riesgo de infarto<\/a><\/li><li class='ez-toc-page-1 ez-toc-heading-level-2'><a class=\"ez-toc-link ez-toc-heading-5\" href=\"https:\/\/nutrident.fr\/es\/enfermedades-cardiacas-y-salud-bucodental\/#Conclusion\" title=\"Conclusi\u00f3n\">Conclusi\u00f3n<\/a><\/li><li class='ez-toc-page-1 ez-toc-heading-level-2'><a class=\"ez-toc-link ez-toc-heading-6\" href=\"https:\/\/nutrident.fr\/es\/enfermedades-cardiacas-y-salud-bucodental\/#PREGUNTAS_FRECUENTES\" title=\"PREGUNTAS FRECUENTES  \">PREGUNTAS FRECUENTES  <\/a><\/li><\/ul><\/nav><\/div>\n<h2><span class=\"ez-toc-section\" id=\"%C2%BFCual_es_la_relacion_entre_las_enfermedades_cardiacas_y_la_salud_bucodental\"><\/span>\u00bfCu\u00e1l es la relaci\u00f3n entre las enfermedades card\u00edacas y la salud bucodental?<span class=\"ez-toc-section-end\"><\/span><\/h2>\n\n\n\n<p>Seg\u00fan los estudios cient\u00edficos, <strong>las bacterias <\/strong>que viven en la cavidad bucal, en ausencia de medidas de higiene bucal, proliferan y causan m\u00faltiples patolog\u00edas, como la gingivitis y otras enfermedades periodontales. Estas bacterias <strong>pasan<\/strong> entonces <strong>al torrente sangu\u00edneo<\/strong> y son transportadas <strong>por \u00e9ste<\/strong> a los distintos \u00f3rganos.<\/p>\n\n\n\n<p>Evidentemente, llegan al coraz\u00f3n (al ser el \u00f3rgano que m\u00e1s sangre recibe) e invaden sus paredes y las de los vasos sangu\u00edneos. Una vez all\u00ed, se multiplican y proliferan, provocando diversas enfermedades card\u00edacas.<\/p>\n\n\n\n<p>Esta es la principal raz\u00f3n por la que las personas en riesgo  <strong>endocarditis infecciosa<\/strong>  (infecci\u00f3n del endocardio, la capa m\u00e1s interna de la pared del coraz\u00f3n) debe recibir una  <strong>tratamiento preventivo con antibi\u00f3ticos<\/strong>  antes de cualquier procedimiento invasivo en la cavidad bucal (extracci\u00f3n de dientes, cirug\u00eda menor, e incluso cuidados dentales y raspado&#8230;).<\/p>\n\n\n\n<p>Adem\u00e1s, se estima que las enfermedades orales son la<strong> causa m\u00e1s com\u00fan de endocarditis infecciosa<\/strong>.<\/p>\n\n\n\n<h2><span class=\"ez-toc-section\" id=\"Palpitaciones_debidas_a_causas_dentales\"><\/span>Palpitaciones debidas a causas dentales<span class=\"ez-toc-section-end\"><\/span><\/h2>\n\n\n\n<p>Puede parecer una completa tonter\u00eda al principio, pero existe una <strong>relaci\u00f3n entre la frecuencia card\u00edaca y los dientes<\/strong>. Por un lado, \u00bfsab\u00eda que al presionar los globos oculares (p\u00e1rpados cerrados) se reduce el ritmo card\u00edaco? Esto se hace enviando informaci\u00f3n de moderaci\u00f3n card\u00edaca a trav\u00e9s del nervio vago o \u00abnervio X\u00bb (el d\u00e9cimo par craneal).<\/p>\n\n\n\n<p><strong>Este fen\u00f3meno se denomina \u00abreflejo oculocard\u00edaco\u00bb<\/strong>. Dado que la c\u00f3rnea y los dientes superiores e inferiores est\u00e1n inervados por el mismo nervio (nervio trig\u00e9mino), que modera el ritmo card\u00edaco a trav\u00e9s del ojo y lo acelera a trav\u00e9s de los dientes, el apretamiento involuntario de los dientes debido <a href=\"https:\/\/nutrident.fr\/es\/bruxismo\/\">al bruxismo <\/a>puede provocar taquicardia y palpitaciones.<\/p>\n\n\n<div class=\"wp-block-image\">\n<figure class=\"alignright size-medium\"><img width=\"300\" height=\"200\" src=\"https:\/\/nutrident.fr\/wp-content\/uploads\/2021\/01\/iStock-528476646-1-300x200.jpg\" alt=\"higiene dental\" class=\"wp-image-8397\" srcset=\"https:\/\/nutrident.fr\/wp-content\/uploads\/2021\/01\/iStock-528476646-1-300x200.jpg 300w, https:\/\/nutrident.fr\/wp-content\/uploads\/2021\/01\/iStock-528476646-1-480x320.jpg 480w, https:\/\/nutrident.fr\/wp-content\/uploads\/2021\/01\/iStock-528476646-1.jpg 750w\" sizes=\"(max-width: 300px) 100vw, 300px\" \/><figcaption>Se recomienda cuidar la salud bucodental a diario<\/figcaption><\/figure><\/div>\n\n\n<p>Este fen\u00f3meno afecta especialmente a las mujeres, ya que los <strong>nervios dentales<\/strong> son sensibles a los estr\u00f3genos. La patolog\u00eda subyacente (el bruxismo) debe entonces abordarse para deshacerse de estos s\u00edntomas card\u00edacos.<\/p>\n\n\n\n<h2><span class=\"ez-toc-section\" id=\"Enfermedad_periodontal_y_aterosclerosis\"><\/span>Enfermedad periodontal y aterosclerosis<span class=\"ez-toc-section-end\"><\/span><\/h2>\n\n\n\n<p>Seg\u00fan varios estudios, la formaci\u00f3n de <strong>placas ateroscler\u00f3ticas <\/strong>es un factor de riesgo para las enfermedades periodontales (gingivitis, periodontitis, etc.). De hecho, los cient\u00edficos han descubierto que las bacterias que causan <a href=\"https:\/\/nutrident.fr\/es\/omega-3\/\">la enfermedad periodontal<\/a> son similares a las que se encuentran en las zonas ateroscler\u00f3ticas de las arterias. Esto confirma la hip\u00f3tesis de que la cavidad oral es una de las principales fuentes de diseminaci\u00f3n bacteriana hacia el coraz\u00f3n y los vasos a trav\u00e9s del torrente sangu\u00edneo.<\/p>\n\n\n\n<p>La <strong>enfermedad periodontal<\/strong>, debida principalmente a una mala higiene bucal, aumenta el riesgo de infarto de miocardio (IM o ataque al coraz\u00f3n) y de accidente cerebrovascular al favorecer la formaci\u00f3n de placa ateroscler\u00f3tica. Hay que pens\u00e1rselo dos veces antes de saltarse un cepillo de dientes&#8230;<\/p>\n\n\n\n<h2><span class=\"ez-toc-section\" id=\"Una_mala_higiene_bucal_aumenta_el_riesgo_de_infarto\"><\/span>Una mala higiene bucal aumenta el riesgo de infarto<span class=\"ez-toc-section-end\"><\/span><\/h2>\n\n\n\n<p>Es dif\u00edcil de creer que <strong>una mala higiene bucal<\/strong> pueda provocar una afecci\u00f3n tan grave como un derrame cerebral. Sin embargo, las pruebas est\u00e1n ah\u00ed, gracias a numerosos estudios cient\u00edficos.<\/p>\n\n\n\n<p>Se admite que el <strong>incumplimiento de las medidas de higiene bucal<\/strong> es una fuente de gingivitis que, si no se trata, puede convertirse en periodontitis. Es decir, la expansi\u00f3n de la infecci\u00f3n y la inflamaci\u00f3n desde las <a href=\"https:\/\/nutrident.fr\/es\/inflamacion-de-encias\/\">enc\u00edas<\/a> a todo el tejido periodontal (de soporte del diente). Esta inflamaci\u00f3n, cuando se vuelve cr\u00f3nica, afecta a todo el organismo y puede provocar un mayor riesgo de enfermedad cardiovascular.<\/p>\n\n\n\n<p> <strong>La periodontitis cr\u00f3nica <\/strong>puede conducir a la p\u00e9rdida de uno o m\u00e1s dientes. Un estudio realizado por neur\u00f3logos coreanos ha demostrado que <strong>la falta de dientes<\/strong> puede tener graves consecuencias para la salud general. En efecto, \u00a1encontraron transformaciones significativas en la materia blanca del cerebro de los pacientes que hab\u00edan perdido al menos 7 dientes, as\u00ed como<strong> m\u00faltiples infartos cerebrales!<\/strong> <\/p>\n\n\n\n<p>As\u00ed que se puede decir una y otra vez: <strong>una buena higiene bucal<\/strong> proteger\u00e1 su coraz\u00f3n y reducir\u00e1 el riesgo de infarto.<\/p>\n\n\n\n<h2><span class=\"ez-toc-section\" id=\"Conclusion\"><\/span>Conclusi\u00f3n<span class=\"ez-toc-section-end\"><\/span><\/h2>\n\n\n\n<p>Endocarditis infecciosa, taquicardia, palpitaciones, aterosclerosis, infarto de miocardio y derrame cerebral&#8230; Lo menos que podemos decir es que existe un v\u00ednculo entre la salud bucodental y <strong>las patolog\u00edas cardiovasculares<\/strong>. Por lo tanto, debe asegurarse de cumplir estrictamente las medidas de higiene bucal recomendadas por los profesionales de la salud para proteger su coraz\u00f3n y sus vasos sangu\u00edneos y para preservar su salud en general.<\/p>\n\n\n\n<h2><span class=\"ez-toc-section\" id=\"PREGUNTAS_FRECUENTES\"><\/span>PREGUNTAS FRECUENTES  <span class=\"ez-toc-section-end\"><\/span><\/h2>\n\n\n<div id=\"rank-math-faq\" class=\"rank-math-block\">\n<div class=\"rank-math-list \">\n<div id=\"faq-question-1657868641873\" class=\"rank-math-list-item\">\n<h3 class=\"rank-math-question \">\u00bfCu\u00e1l es el v\u00ednculo entre los dientes y el coraz\u00f3n?<\/h3>\n<div class=\"rank-math-answer \">\n\n<p>Las enfermedades dentales pueden causar endocarditis. Estas enfermedades se caracterizan por la inflamaci\u00f3n de las paredes del coraz\u00f3n y de las v\u00e1lvulas card\u00edacas.<\/p>\n\n<\/div>\n<\/div>\n<div id=\"faq-question-1657868649248\" class=\"rank-math-list-item\">\n<h3 class=\"rank-math-question \">\u00bfCu\u00e1les son las enfermedades de los dientes?<\/h3>\n<div class=\"rank-math-answer \">\n\n<p>Hay muchas enfermedades dentales. Entre ellas se encuentran las <a href=\"https:\/\/nutrident.fr\/es\/caries-y-dieta\/\">caries<\/a>, la gingivitis, el aflojamiento de los dientes y el dolor de muelas.<\/p>\n\n<\/div>\n<\/div>\n<div id=\"faq-question-1657868657580\" class=\"rank-math-list-item\">\n<h3 class=\"rank-math-question \">\u00bfCu\u00e1les son las caracter\u00edsticas de un ataque al coraz\u00f3n?<\/h3>\n<div class=\"rank-math-answer \">\n\n<p>Hay muchos signos de un ataque al coraz\u00f3n, como dolor en el pecho, falta de aire, n\u00e1useas y sensaci\u00f3n de ansiedad.<\/p>\n\n<\/div>\n<\/div>\n<\/div>\n<\/div><div class=\"article-data before-content\"><div class=\"article-data__date\"><div class=\"article-data__date-modified\"><time class=\"published\" datetime=\"2022-10-28T10:28:06+00:00\">This article was originally published on&nbsp;<span class=\"2\">octubre 28, 2022<\/span>&nbsp;and was most recently updated on&nbsp;<span>junio 13, 2023<\/span><\/time><br><\/div><\/div><\/div><div class=\"user-info\">    <div class=\"user-info__body\">\r\n      <div class=\"user-info__caption\"><span>Contributors:<\/span><\/div>\r\n\t\t\t        <div class=\"user-info__wrap \">\r\n          <div class=\"user-info__data\">\r\n            <div class=\"user-info__data__info\">\r\n              <div class=\"photo\">\r\n\t\t\t\t\t\t\t\t<img width=\"66\" height=\"61\" src=\"https:\/\/nutrident.fr\/wp-content\/uploads\/2023\/06\/unnamed-66x61.jpg\" class=\"attachment-profileImageAuthor size-profileImageAuthor wp-post-image\" alt=\"Dr Abel Jes\u00fas Pederzoli\" loading=\"lazy\" srcset=\"https:\/\/nutrident.fr\/wp-content\/uploads\/2023\/06\/unnamed-66x61.jpg 66w, https:\/\/nutrident.fr\/wp-content\/uploads\/2023\/06\/unnamed-300x279.jpg 300w, https:\/\/nutrident.fr\/wp-content\/uploads\/2023\/06\/unnamed-1024x952.jpg 1024w, https:\/\/nutrident.fr\/wp-content\/uploads\/2023\/06\/unnamed-768x714.jpg 768w, https:\/\/nutrident.fr\/wp-content\/uploads\/2023\/06\/unnamed-204x190.jpg 204w, https:\/\/nutrident.fr\/wp-content\/uploads\/2023\/06\/unnamed-120x112.jpg 120w, https:\/\/nutrident.fr\/wp-content\/uploads\/2023\/06\/unnamed.jpg 1125w\" sizes=\"(max-width: 66px) 100vw, 66px\" \/>              <\/div>\r\n              <a href=\"https:\/\/nutrident.fr\/es\/author\/dr-abel-jesus-pederzoli\/\" class=\"name\">Dr Abel Jes\u00fas Pederzoli<\/a>\r\n            <\/div>\r\n            <div class=\"user-info__data__social\">\r\n\t\t\t\t\t\t\t\t\t\t\t\t\t\t\t\t\t\t\t\t\t          <a href=\"https:\/\/clinicaleixample.es\/\"\r\n             class=\"soc-item website\">website<\/a>\r\n\t\t\t\t          <a href=\"http:\/\/linkedin.com\/in\/abel-jes%C3%BAs-pederzoli\"\r\n             class=\"soc-item linkedin\">linkedin<\/a>\r\n\t\t\t\t            <\/div>\r\n          <\/div>\r\n          <div class=\"user-info__description\">\r\n\t\t\t\t\t\t\t\t\t\t\t\t\t<p>Con t\u00edtulos obtenidos en la Facultad de Odontolog\u00eda de la Universidad Nacional de La Plata y una participaci\u00f3n activa en congresos y jornadas, el Dr. Pederzoli se mantiene actualizado en las \u00faltimas t\u00e9cnicas y avances en odontolog\u00eda. Actualmente se encuentra desarrollando un proyecto de consultor\u00eda tecnol\u00f3gica aplicada a cl\u00ednicas dentales.<\/p>\n\t\t\t\t\t\t          <\/div>\r\n        <\/div>\r\n\t\t\t\t    <\/div>\r\n\t<\/div>","protected":false},"excerpt":{"rendered":"<p>Contributor:&nbsp; Dr Abel Jes\u00fas Pederzoli Updated:&nbsp;junio 13, 2023 Los dentistas, y los profesionales de la salud en general, siempre nos dicen que nos cepillemos los dientes y subrayan la importancia de una buena higiene bucal para nuestra salud general. Hoy sabemos, gracias a numerosos estudios cient\u00edficos, que la salud de nuestros dientes y de nuestra [&hellip;]<\/p>\n","protected":false},"author":14,"featured_media":17009,"parent":0,"menu_order":0,"comment_status":"closed","ping_status":"closed","template":"","meta":{"inline_featured_image":false},"acf":[],"_links":{"self":[{"href":"https:\/\/nutrident.fr\/es\/wp-json\/wp\/v2\/pages\/17007"}],"collection":[{"href":"https:\/\/nutrident.fr\/es\/wp-json\/wp\/v2\/pages"}],"about":[{"href":"https:\/\/nutrident.fr\/es\/wp-json\/wp\/v2\/types\/page"}],"author":[{"embeddable":true,"href":"https:\/\/nutrident.fr\/es\/wp-json\/wp\/v2\/users\/14"}],"replies":[{"embeddable":true,"href":"https:\/\/nutrident.fr\/es\/wp-json\/wp\/v2\/comments?post=17007"}],"version-history":[{"count":6,"href":"https:\/\/nutrident.fr\/es\/wp-json\/wp\/v2\/pages\/17007\/revisions"}],"predecessor-version":[{"id":21865,"href":"https:\/\/nutrident.fr\/es\/wp-json\/wp\/v2\/pages\/17007\/revisions\/21865"}],"wp:featuredmedia":[{"embeddable":true,"href":"https:\/\/nutrident.fr\/es\/wp-json\/wp\/v2\/media\/17009"}],"wp:attachment":[{"href":"https:\/\/nutrident.fr\/es\/wp-json\/wp\/v2\/media?parent=17007"}],"curies":[{"name":"wp","href":"https:\/\/api.w.org\/{rel}","templated":true}]}}