

{"id":17011,"date":"2022-10-28T10:12:51","date_gmt":"2022-10-28T10:12:51","guid":{"rendered":"https:\/\/nutrident.fr\/?page_id=17011"},"modified":"2023-07-01T16:43:36","modified_gmt":"2023-07-01T16:43:36","slug":"esmalte-dental-tratamiento","status":"publish","type":"page","link":"https:\/\/nutrident.fr\/es\/esmalte-dental-tratamiento\/","title":{"rendered":"Esmalte dental: \u00bfes posible restaurarlo?"},"content":{"rendered":"<div class=\"meta\"><div class=\"meta__users\">    <div class=\"meta__users__reviewed\">\r\n      <p class=\"meta__users__caption\">Contributor:&nbsp;<\/p>\r\n      <div class=\"users\">\r\n        <span class=\"users__user\">\r\n          <a href=\"#\">Dr Abel Jes\u00fas Pederzoli<\/a>\r\n        <\/span>\r\n      <\/div>\r\n    <\/div>\r\n\t<\/div><div class=\"meta__date-modified\">Updated:&nbsp;<span>julio 1, 2023<\/span><\/div><\/div><div class=\"wp-block-image\">\n<figure class=\"alignright size-medium\"><img width=\"300\" height=\"225\" src=\"https:\/\/nutrident.fr\/wp-content\/uploads\/2020\/06\/umanoide-KeVKEs1_RDU-unsplash-300x225.jpg\" alt=\"email dental\" class=\"wp-image-4914\" srcset=\"https:\/\/nutrident.fr\/wp-content\/uploads\/2020\/06\/umanoide-KeVKEs1_RDU-unsplash-300x225.jpg 300w, https:\/\/nutrident.fr\/wp-content\/uploads\/2020\/06\/umanoide-KeVKEs1_RDU-unsplash-1024x768.jpg 1024w, https:\/\/nutrident.fr\/wp-content\/uploads\/2020\/06\/umanoide-KeVKEs1_RDU-unsplash-768x576.jpg 768w, https:\/\/nutrident.fr\/wp-content\/uploads\/2020\/06\/umanoide-KeVKEs1_RDU-unsplash-510x382.jpg 510w, https:\/\/nutrident.fr\/wp-content\/uploads\/2020\/06\/umanoide-KeVKEs1_RDU-unsplash-1080x810.jpg 1080w, https:\/\/nutrident.fr\/wp-content\/uploads\/2020\/06\/umanoide-KeVKEs1_RDU-unsplash-980x735.jpg 980w, https:\/\/nutrident.fr\/wp-content\/uploads\/2020\/06\/umanoide-KeVKEs1_RDU-unsplash-480x360.jpg 480w, https:\/\/nutrident.fr\/wp-content\/uploads\/2020\/06\/umanoide-KeVKEs1_RDU-unsplash.jpg 1200w\" sizes=\"(max-width: 300px) 100vw, 300px\" \/><figcaption>\u00bfC\u00f3mo proteger el esmalte dental?<\/figcaption><\/figure><\/div>\n\n\n<p>El esmalte dental es la capa protectora de los dientes y es especialmente fuerte y resistente, pero las inevitables presiones y elementos a los que se enfrenta en el transcurso de una vida lo debilitan. La desmineralizaci\u00f3n del esmalte, que antes era irreversible, es objeto de muchas investigaciones y algunas han hecho un progreso espectacular.<\/p>\n\n\n\n<p>En este art\u00edculo, hablaremos sobre c\u00f3mo se erosiona el esmalte dental y si es posible restaurarlo.<\/p>\n\n\n\n<div id=\"ez-toc-container\" class=\"ez-toc-v2_0_33_2 counter-hierarchy ez-toc-counter ez-toc-white ez-toc-container-direction\">\n<div class=\"ez-toc-title-container\">\n<p class=\"ez-toc-title\">Contenus<\/p>\n<span class=\"ez-toc-title-toggle\"><a href=\"#\" class=\"ez-toc-pull-right ez-toc-btn ez-toc-btn-xs ez-toc-btn-default ez-toc-toggle\" style=\"display: none;\"><label for=\"item\" aria-label=\"Tabla de contenidos\"><i class=\"ez-toc-glyphicon ez-toc-icon-toggle\"><\/i><\/label><input type=\"checkbox\" id=\"item\"><\/a><\/span><\/div>\n<nav><ul class='ez-toc-list ez-toc-list-level-1'><li class='ez-toc-page-1 ez-toc-heading-level-2'><a class=\"ez-toc-link ez-toc-heading-1\" href=\"https:\/\/nutrident.fr\/es\/esmalte-dental-tratamiento\/#%C2%BFQue_es_el_esmalte_dental_y_como_se_deteriora\" title=\"\u00bfQu\u00e9 es el esmalte dental y c\u00f3mo se deteriora?\">\u00bfQu\u00e9 es el esmalte dental y c\u00f3mo se deteriora?<\/a><\/li><li class='ez-toc-page-1 ez-toc-heading-level-2'><a class=\"ez-toc-link ez-toc-heading-2\" href=\"https:\/\/nutrident.fr\/es\/esmalte-dental-tratamiento\/#Erosion_del_esmalte_dental_investigacion_en_EEUU\" title=\"Erosi\u00f3n del esmalte dental: investigaci\u00f3n en EE.UU.\">Erosi\u00f3n del esmalte dental: investigaci\u00f3n en EE.UU.<\/a><\/li><li class='ez-toc-page-1 ez-toc-heading-level-2'><a class=\"ez-toc-link ez-toc-heading-3\" href=\"https:\/\/nutrident.fr\/es\/esmalte-dental-tratamiento\/#Preguntas_frecuentes\" title=\"Preguntas frecuentes\">Preguntas frecuentes<\/a><\/li><\/ul><\/nav><\/div>\n<h2><span class=\"ez-toc-section\" id=\"%C2%BFQue_es_el_esmalte_dental_y_como_se_deteriora\"><\/span>\u00bfQu\u00e9 es el esmalte dental y c\u00f3mo se deteriora?<span class=\"ez-toc-section-end\"><\/span><\/h2>\n\n\n\n<p>El esmalte es el <strong>revestimiento superficial del diente<\/strong>. Esta capa cubre y protege la dentina, que a su vez rodea y protege la pulpa del diente, donde se encuentran los tejidos, los nervios y los vasos sangu\u00edneos.<\/p>\n\n\n\n<p>A lo largo de nuestra vida, solo contamos con un conjunto de dientes desde que se caen los dientes de leche durante la infancia. Por ello, el esmalte dental debe resistir el desgaste y la abrasi\u00f3n del d\u00eda a d\u00eda, especialmente cada vez que comemos. Con el tiempo, este puede desmineralizarse y perder su resistencia.<\/p>\n\n\n\n<p>El esmalte dental <strong>es el material m\u00e1s duro del cuerpo<\/strong> y es casi totalmente mineral, pues est\u00e1 hecho de un fosfato c\u00e1lcico llamado hidroxiapatita. Sin embargo, no es indestructible y debe resistir diversas agresiones, como por ejemplo:<\/p>\n\n\n\n<ul><li><strong>Erosi\u00f3n al contacto con materiales \u00e1cidos<\/strong>: estos materiales pueden tener su origen en el propio organismo, con el reflujo g\u00e1strico, o ser provocados por elementos externos, con el consumo de alimentos y <a href=\"https:\/\/nutrident.fr\/es\/bebidas-azucaradas\/\" data-type=\"URL\" data-id=\"https:\/\/nutrident.fr\/es\/bebidas-azucaradas\/\" target=\"_blank\" rel=\"noreferrer noopener\">bebidas \u00e1cidas<\/a><\/li><li><strong>Abrasi\u00f3n<\/strong>: los alimentos que comemos desgastan el esmalte, pero tambi\u00e9n existen problemas de comportamiento que agravan su erosi\u00f3n: el bruxismo (el rechinado de los dientes), el uso de un cepillo de dientes con cerdas duras, cepillar con demasiada presi\u00f3n, el uso incorrecto del hilo dental, etc.<\/li><li><strong>Infecciones:<\/strong> la falta de higiene provoca la proliferaci\u00f3n de bacterias que crean la caries al destruir el esmalte. Los dientes api\u00f1ados son m\u00e1s susceptibles a infecciones, ya que la comida se queda atrapada entre ellos y esto atrae a las bacterias que crean problemas diversos, como gingivitis, abscesos, <a href=\"https:\/\/nutrident.fr\/es\/omega-3\/\">enfermedad periodontal<\/a>, etc.<\/li><\/ul>\n\n\n\n<p>Una vez se produce la <a href=\"https:\/\/nutrident.fr\/es\/erosion-dental\/\" data-type=\"URL\" data-id=\"https:\/\/nutrident.fr\/es\/erosion-dental\/\" target=\"_blank\" rel=\"noreferrer noopener\">erosi\u00f3n del esmalte dental<\/a>, el proceso es irreversible. Sin embargo, cuando el da\u00f1o es menor, es posible fortalecerlo con <strong>pastas dentales espec\u00edficas<\/strong>. Este tipo de dent\u00edfricos se recomiendan especialmente para las personas cuyo esmalte es naturalmente fr\u00e1gil o demasiado delgado. Dicha fragilidad puede estar relacionada con <a href=\"https:\/\/nutrident.fr\/es\/salud-bucodental-y-genetica\/\" data-type=\"URL\" data-id=\"https:\/\/nutrident.fr\/es\/salud-bucodental-y-genetica\/\" target=\"_blank\" rel=\"noreferrer noopener\">factores hereditarios<\/a> o con enfermedades o tratamientos m\u00e9dicos intensos, como el uso de antibi\u00f3ticos o la quimioterapia.<\/p>\n\n\n\n<h2><span class=\"ez-toc-section\" id=\"Erosion_del_esmalte_dental_investigacion_en_EEUU\"><\/span>Erosi\u00f3n del esmalte dental: investigaci\u00f3n en EE.UU.<span class=\"ez-toc-section-end\"><\/span><\/h2>\n\n\n<div class=\"wp-block-image\">\n<figure class=\"alignright size-large is-resized\"><img src=\"https:\/\/nutrident.fr\/wp-content\/uploads\/2023\/02\/dientes-flojos-1024x682.jpg\" alt=\"esmalte dental reparacion tratamiento\" class=\"wp-image-20136\" width=\"300\" height=\"200\" srcset=\"https:\/\/nutrident.fr\/wp-content\/uploads\/2023\/02\/dientes-flojos-1024x682.jpg 1024w, https:\/\/nutrident.fr\/wp-content\/uploads\/2023\/02\/dientes-flojos-300x200.jpg 300w, https:\/\/nutrident.fr\/wp-content\/uploads\/2023\/02\/dientes-flojos-768x512.jpg 768w, https:\/\/nutrident.fr\/wp-content\/uploads\/2023\/02\/dientes-flojos-1536x1024.jpg 1536w, https:\/\/nutrident.fr\/wp-content\/uploads\/2023\/02\/dientes-flojos-254x169.jpg 254w, https:\/\/nutrident.fr\/wp-content\/uploads\/2023\/02\/dientes-flojos.jpg 2000w\" sizes=\"(max-width: 300px) 100vw, 300px\" \/><figcaption>Tener dientes amarillos puede ser un s\u00edntoma de desgaste del esmalte dental<\/figcaption><\/figure><\/div>\n\n\n<p>Los dent\u00edfricos remineralizantes o los tratamientos con l\u00e1ser s\u00f3lo tienen una eficacia limitada y no pueden reparar el esmalte si est\u00e1 seriamente da\u00f1ado. Sin embargo, un tratamiento desarrollado por investigadores estadounidenses en Washington parece m\u00e1s prometedor.<\/p>\n\n\n\n<p>El procedimiento consiste en la aplicaci\u00f3n de un compuesto a base de p\u00e9ptidos inspirado en las c\u00e9lulas que forman el esmalte, los ameloblastos. En concreto, los investigadores dise\u00f1aron p\u00e9ptidos derivados de la amelogenina (una prote\u00edna producida por los ameloblastos durante el desarrollo del esmalte) que son capaces de restaurar la estructura mineral del esmalte dental.<\/p>\n\n\n\n<p>No obstante, hay que tener precauci\u00f3n, ya que el tratamiento se encuentra todav\u00eda en fase de laboratorio y a\u00fan no se ha evaluado en condiciones reales. Por otro lado, aunque este enfoque resulta m\u00e1s efectivo que la simple pasta de dientes remineralizadora, s\u00f3lo <strong>reduce los defectos menores<\/strong> y no las grietas profundas en el esmalte.<\/p>\n\n\n\n<h2><span class=\"ez-toc-section\" id=\"Preguntas_frecuentes\"><\/span>Preguntas frecuentes<span class=\"ez-toc-section-end\"><\/span><\/h2>\n\n\n<div id=\"rank-math-faq\" class=\"rank-math-block\">\n<div class=\"rank-math-list \">\n<div id=\"faq-question-1657868580119\" class=\"rank-math-list-item\">\n<h3 class=\"rank-math-question \">\u00bfEs posible restaurar el esmalte dental?<\/h3>\n<div class=\"rank-math-answer \">\n\n<p>El cuerpo no puede regenerar el esmalte dental de forma natural, pero s\u00ed es posible fortalecerlo utilizando minerales como fl\u00faor, calcio y fosfato. La mayor\u00eda de las pastas dentales contienen fl\u00faor y existen dent\u00edfricos espec\u00edficos para la reparaci\u00f3n dental que pueden contener estos y otros elementos remineralizantes.<\/p>\n\n<\/div>\n<\/div>\n<div id=\"faq-question-1657868585411\" class=\"rank-math-list-item\">\n<h3 class=\"rank-math-question \">\u00bfC\u00f3mo saber si el esmalte dental est\u00e1 da\u00f1ado?<\/h3>\n<div class=\"rank-math-answer \">\n\n<p>Hay varios signos de deterioro del esmalte dental, como tener dientes amarillos, grietas o abolladuras en los dientes o una mayor sensibilidad a las bebidas demasiado calientes o fr\u00edas y a los alimentos muy dulces.<\/p>\n\n<\/div>\n<\/div>\n<\/div>\n<\/div><div class=\"article-data before-content\"><div class=\"article-data__date\"><div class=\"article-data__date-modified\"><time class=\"published\" datetime=\"2022-10-28T10:12:51+00:00\">This article was originally published on&nbsp;<span class=\"2\">octubre 28, 2022<\/span>&nbsp;and was most recently updated on&nbsp;<span>julio 1, 2023<\/span><\/time><br><\/div><\/div><\/div><div class=\"user-info\">    <div class=\"user-info__body\">\r\n      <div class=\"user-info__caption\"><span>Contributors:<\/span><\/div>\r\n\t\t\t        <div class=\"user-info__wrap \">\r\n          <div class=\"user-info__data\">\r\n            <div class=\"user-info__data__info\">\r\n              <div class=\"photo\">\r\n\t\t\t\t\t\t\t\t<img width=\"66\" height=\"61\" src=\"https:\/\/nutrident.fr\/wp-content\/uploads\/2023\/06\/unnamed-66x61.jpg\" class=\"attachment-profileImageAuthor size-profileImageAuthor wp-post-image\" alt=\"Dr Abel Jes\u00fas Pederzoli\" loading=\"lazy\" srcset=\"https:\/\/nutrident.fr\/wp-content\/uploads\/2023\/06\/unnamed-66x61.jpg 66w, https:\/\/nutrident.fr\/wp-content\/uploads\/2023\/06\/unnamed-300x279.jpg 300w, https:\/\/nutrident.fr\/wp-content\/uploads\/2023\/06\/unnamed-1024x952.jpg 1024w, https:\/\/nutrident.fr\/wp-content\/uploads\/2023\/06\/unnamed-768x714.jpg 768w, https:\/\/nutrident.fr\/wp-content\/uploads\/2023\/06\/unnamed-204x190.jpg 204w, https:\/\/nutrident.fr\/wp-content\/uploads\/2023\/06\/unnamed-120x112.jpg 120w, https:\/\/nutrident.fr\/wp-content\/uploads\/2023\/06\/unnamed.jpg 1125w\" sizes=\"(max-width: 66px) 100vw, 66px\" \/>              <\/div>\r\n              <a href=\"https:\/\/nutrident.fr\/es\/author\/dr-abel-jesus-pederzoli\/\" class=\"name\">Dr Abel Jes\u00fas Pederzoli<\/a>\r\n            <\/div>\r\n            <div class=\"user-info__data__social\">\r\n\t\t\t\t\t\t\t\t\t\t\t\t\t\t\t\t\t\t\t\t\t          <a href=\"https:\/\/clinicaleixample.es\/\"\r\n             class=\"soc-item website\">website<\/a>\r\n\t\t\t\t          <a href=\"http:\/\/linkedin.com\/in\/abel-jes%C3%BAs-pederzoli\"\r\n             class=\"soc-item linkedin\">linkedin<\/a>\r\n\t\t\t\t            <\/div>\r\n          <\/div>\r\n          <div class=\"user-info__description\">\r\n\t\t\t\t\t\t\t\t\t\t\t\t\t<p>Con t\u00edtulos obtenidos en la Facultad de Odontolog\u00eda de la Universidad Nacional de La Plata y una participaci\u00f3n activa en congresos y jornadas, el Dr. Pederzoli se mantiene actualizado en las \u00faltimas t\u00e9cnicas y avances en odontolog\u00eda. Actualmente se encuentra desarrollando un proyecto de consultor\u00eda tecnol\u00f3gica aplicada a cl\u00ednicas dentales.<\/p>\n\t\t\t\t\t\t          <\/div>\r\n        <\/div>\r\n\t\t\t\t    <\/div>\r\n\t<\/div><!--copyscapeskip--><div class=\"medical_references\"><div class=\"medical_references__heading\"><span>Fuentes M\u00e9dicas<\/span><\/div><div class=\"medical_references__list\"><p><strong>Science:<\/strong> <a href=\"https:\/\/www.science-things.com\/releases\/2018\/04\/180412154459.htm\" target=\"_blank\" rel=\"noopener\">El producto dental biog\u00e9nico a base de p\u00e9ptidos puede curar las caries<\/a>. Consultado el 30 de junio de 2023.<\/p>\n<\/div><\/div><!--\/copyscapeskip-->","protected":false},"excerpt":{"rendered":"<p>Contributor:&nbsp; Dr Abel Jes\u00fas Pederzoli Updated:&nbsp;julio 1, 2023 El esmalte dental es la capa protectora de los dientes y es especialmente fuerte y resistente, pero las inevitables presiones y elementos a los que se enfrenta en el transcurso de una vida lo debilitan. La desmineralizaci\u00f3n del esmalte, que antes era irreversible, es objeto de muchas [&hellip;]<\/p>\n","protected":false},"author":14,"featured_media":19719,"parent":0,"menu_order":0,"comment_status":"closed","ping_status":"closed","template":"","meta":{"inline_featured_image":false},"acf":[],"_links":{"self":[{"href":"https:\/\/nutrident.fr\/es\/wp-json\/wp\/v2\/pages\/17011"}],"collection":[{"href":"https:\/\/nutrident.fr\/es\/wp-json\/wp\/v2\/pages"}],"about":[{"href":"https:\/\/nutrident.fr\/es\/wp-json\/wp\/v2\/types\/page"}],"author":[{"embeddable":true,"href":"https:\/\/nutrident.fr\/es\/wp-json\/wp\/v2\/users\/14"}],"replies":[{"embeddable":true,"href":"https:\/\/nutrident.fr\/es\/wp-json\/wp\/v2\/comments?post=17011"}],"version-history":[{"count":10,"href":"https:\/\/nutrident.fr\/es\/wp-json\/wp\/v2\/pages\/17011\/revisions"}],"predecessor-version":[{"id":22407,"href":"https:\/\/nutrident.fr\/es\/wp-json\/wp\/v2\/pages\/17011\/revisions\/22407"}],"wp:featuredmedia":[{"embeddable":true,"href":"https:\/\/nutrident.fr\/es\/wp-json\/wp\/v2\/media\/19719"}],"wp:attachment":[{"href":"https:\/\/nutrident.fr\/es\/wp-json\/wp\/v2\/media?parent=17011"}],"curies":[{"name":"wp","href":"https:\/\/api.w.org\/{rel}","templated":true}]}}