

{"id":17019,"date":"2022-10-28T11:59:15","date_gmt":"2022-10-28T11:59:15","guid":{"rendered":"https:\/\/nutrident.fr\/?page_id=17019"},"modified":"2022-10-28T18:23:23","modified_gmt":"2022-10-28T18:23:23","slug":"dolor-de-espalda-y-saludbucodental","status":"publish","type":"page","link":"https:\/\/nutrident.fr\/es\/dolor-de-espalda-y-saludbucodental\/","title":{"rendered":"Dolor de espalda: las enfermedades dentales tambi\u00e9n son responsables"},"content":{"rendered":"<div class=\"meta\"><div class=\"meta__users\"><\/div><div class=\"meta__date-modified\">Updated:&nbsp;<span>octubre 28, 2022<\/span><\/div><\/div><div class=\"wp-block-image\">\n<figure class=\"alignright size-large\"><img src=\"https:\/\/nutrident.fr\/wp-content\/uploads\/2021\/11\/Mal-de-dos-travail-PC-et-re\u0301percussions-dents-300x200.png\" alt=\"dolor de cuello en el trabajo\"\/><figcaption>El dolor de espalda est\u00e1 causado por una alteraci\u00f3n en la ATM<\/figcaption><\/figure><\/div>\n\n\n<p> <strong>El dolor de espalda<\/strong> es un problema de salud muy preocupante, sobre todo hoy en d\u00eda, cuando <strong>el 80% de la poblaci\u00f3n<\/strong> francesa reconoce haber sufrido ya un episodio doloroso m\u00e1s o menos duradero en la espalda o el cuello.<\/p>\n\n\n\n<p>Ahora conocemos las principales causas, como la mala postura o el dolor de espalda cr\u00f3nico, pero \u00bfsab\u00eda que <strong>el dolor de muelas<\/strong> y los problemas de mand\u00edbula tambi\u00e9n pueden causar dolor f\u00edsico?  <strong>\u00bfSab\u00eda tambi\u00e9n de la relaci\u00f3n entre los dientes y la espalda?<\/strong>  Nuestros especialistas se lo cuentan hoy mismo.<\/p>\n\n\n\n<div id=\"ez-toc-container\" class=\"ez-toc-v2_0_33_2 counter-hierarchy ez-toc-counter ez-toc-white ez-toc-container-direction\">\n<div class=\"ez-toc-title-container\">\n<p class=\"ez-toc-title\">Contenus<\/p>\n<span class=\"ez-toc-title-toggle\"><a href=\"#\" class=\"ez-toc-pull-right ez-toc-btn ez-toc-btn-xs ez-toc-btn-default ez-toc-toggle\" style=\"display: none;\"><label for=\"item\" aria-label=\"Tabla de contenidos\"><i class=\"ez-toc-glyphicon ez-toc-icon-toggle\"><\/i><\/label><input type=\"checkbox\" id=\"item\"><\/a><\/span><\/div>\n<nav><ul class='ez-toc-list ez-toc-list-level-1'><li class='ez-toc-page-1 ez-toc-heading-level-2'><a class=\"ez-toc-link ez-toc-heading-1\" href=\"https:\/\/nutrident.fr\/es\/dolor-de-espalda-y-saludbucodental\/#%C2%BFQue_es_el_dolor_de_espalda\" title=\"\u00bfQu\u00e9 es el dolor de espalda?\">\u00bfQu\u00e9 es el dolor de espalda?<\/a><\/li><li class='ez-toc-page-1 ez-toc-heading-level-2'><a class=\"ez-toc-link ez-toc-heading-2\" href=\"https:\/\/nutrident.fr\/es\/dolor-de-espalda-y-saludbucodental\/#%C2%BFCual_es_la_relacion_entre_los_dientes_y_el_dolor_de_espalda\" title=\"\u00bfCu\u00e1l es la relaci\u00f3n entre los dientes y el dolor de espalda?\">\u00bfCu\u00e1l es la relaci\u00f3n entre los dientes y el dolor de espalda?<\/a><\/li><li class='ez-toc-page-1 ez-toc-heading-level-2'><a class=\"ez-toc-link ez-toc-heading-3\" href=\"https:\/\/nutrident.fr\/es\/dolor-de-espalda-y-saludbucodental\/#%C2%BFComo_puedo_saber_si_mi_dolor_de_espalda_esta_relacionado_con_mis_dientes\" title=\"\u00bfC\u00f3mo puedo saber si mi dolor de espalda est\u00e1 relacionado con mis dientes?\">\u00bfC\u00f3mo puedo saber si mi dolor de espalda est\u00e1 relacionado con mis dientes?<\/a><\/li><li class='ez-toc-page-1 ez-toc-heading-level-2'><a class=\"ez-toc-link ez-toc-heading-4\" href=\"https:\/\/nutrident.fr\/es\/dolor-de-espalda-y-saludbucodental\/#%C2%BFQue_soluciones_se_pueden_utilizar_para_restablecer_el_equilibrio_oclusal\" title=\"\u00bfQu\u00e9 soluciones se pueden utilizar para restablecer el equilibrio oclusal?\">\u00bfQu\u00e9 soluciones se pueden utilizar para restablecer el equilibrio oclusal?<\/a><\/li><li class='ez-toc-page-1 ez-toc-heading-level-2'><a class=\"ez-toc-link ez-toc-heading-5\" href=\"https:\/\/nutrident.fr\/es\/dolor-de-espalda-y-saludbucodental\/#%C2%BFComo_se_puede_prevenir_el_dolor_de_espalda_dental\" title=\"\u00bfC\u00f3mo se puede prevenir el dolor de espalda dental?\">\u00bfC\u00f3mo se puede prevenir el dolor de espalda dental?<\/a><\/li><\/ul><\/nav><\/div>\n<h2><span class=\"ez-toc-section\" id=\"%C2%BFQue_es_el_dolor_de_espalda\"><\/span>\u00bfQu\u00e9 es el dolor de espalda?<span class=\"ez-toc-section-end\"><\/span><\/h2>\n\n\n\n<p>Entre los <strong>problemas de espalda<\/strong> m\u00e1s comunes del siglo XXI est\u00e1n <strong>la ci\u00e1tica<\/strong>, las <strong>hernias discales <\/strong>y el famoso lumbago (tensi\u00f3n en la espalda).<\/p>\n\n\n\n<p>En el caso del <strong>dolor de espalda<\/strong> de origen dental, los s\u00edntomas dolorosos que se identifican son en el cuello, la nuca, la parte superior de la espalda y a veces incluso en las caderas.<\/p>\n\n\n\n<h2><span class=\"ez-toc-section\" id=\"%C2%BFCual_es_la_relacion_entre_los_dientes_y_el_dolor_de_espalda\"><\/span>\u00bfCu\u00e1l es la relaci\u00f3n entre los dientes y el dolor de espalda?<span class=\"ez-toc-section-end\"><\/span><\/h2>\n\n\n\n<p>En primer lugar, romperemos el mito de que un <a class=\"wpil_keyword_link \" title=\"caries\" data-wpil-keyword-link=\"linked\" href=\"https:\/\/nutrident.fr\/es\/caries-y-dieta\/\"> <strong>caries<\/strong> <\/a> El hecho es que una caries por s\u00ed sola rara vez, o nunca, causa dolor de espalda o de rodilla. Para entenderlo, hay que mirar la mand\u00edbula en su conjunto.  <\/p>\n\n\n\n<p>La principal causa del <strong>dolor de espalda relacionado con los dientes<\/strong> se denomina desgaste o disfunci\u00f3n mandibular, que se refiere a un problema que afecta a la articulaci\u00f3n temporomandibular (ATM) utilizada para hablar, masticar, etc.<\/p>\n\n\n<div class=\"wp-block-image\">\n<figure class=\"alignright size-medium\"><img width=\"300\" height=\"200\" src=\"https:\/\/nutrident.fr\/wp-content\/uploads\/2022\/05\/depositphotos-432091056-s-300x200.jpg\" alt=\"\" class=\"wp-image-10915\" srcset=\"https:\/\/nutrident.fr\/wp-content\/uploads\/2022\/05\/depositphotos-432091056-s-300x200.jpg 300w, https:\/\/nutrident.fr\/wp-content\/uploads\/2022\/05\/depositphotos-432091056-s-768x512.jpg 768w, https:\/\/nutrident.fr\/wp-content\/uploads\/2022\/05\/depositphotos-432091056-s-254x169.jpg 254w, https:\/\/nutrident.fr\/wp-content\/uploads\/2022\/05\/depositphotos-432091056-s.jpg 1000w\" sizes=\"(max-width: 300px) 100vw, 300px\" \/><figcaption>Un dolor de muelas puede afectar a su cuello<\/figcaption><\/figure><\/div>\n\n\n<p>Esta disfunci\u00f3n suele estar causada por una <strong>maloclusi\u00f3n dental,<\/strong> es decir, una superposici\u00f3n o posicionamiento incorrecto de los dientes cuando la mand\u00edbula est\u00e1 cerrada.  <\/p>\n\n\n\n<p>La <strong>mand\u00edbula <\/strong>es la primera articulaci\u00f3n del cuerpo humano, por lo que puede provocar tensiones articulares y musculares en las cervicales, la espalda, as\u00ed como en las caderas si tiene una maloclusi\u00f3n esquel\u00e9tica debida a los dientes.<\/p>\n\n\n\n<p>\u00bfQu\u00e9 causa un <strong>desequilibrio de la mand\u00edbula<\/strong>?<\/p>\n\n\n\n<ul><li>Maloclusi\u00f3n dental hereditaria<\/li><li>Fallo de la corona<\/li><li>Empastes dentales y dientes no sustituidos<\/li><li>Malos h\u00e1bitos (chuparse el dedo)<\/li><li>Accidente y dislocaci\u00f3n articular (ATM)<\/li><\/ul>\n\n\n\n<p> <a href=\"https:\/\/nutrident.fr\/es\/bruxismo\/\">El bruxismo, o apretamiento<\/a> involuntario <a href=\"https:\/\/nutrident.fr\/es\/bruxismo\/\">de los dientes<\/a> durante el d\u00eda o la noche, que seg\u00fan las cifras afecta a un 20% de la poblaci\u00f3n, tambi\u00e9n puede ser la causa de su dolor de espalda.  <strong>Apretar los dientes<\/strong> de forma inconsciente provoca un gran exceso de <a class=\"wpil_keyword_link \" title=\"peso\" href=\"https:\/\/nutrident.fr\/es\/?page_id=16895\" data-wpil-keyword-link=\"linked\">peso<\/a> sobre uno o varios dientes, lo que provoca tensi\u00f3n en la articulaci\u00f3n de la mand\u00edbula y en el cuello y la espalda.<\/p>\n\n\n\n<p>* Tenga en cuenta que <strong>el bruxismo <\/strong>durante el d\u00eda (sin rechinar) est\u00e1 relacionado principalmente con el estr\u00e9s y la ansiedad. Seg\u00fan algunos profesionales de la salud, el apretamiento de dientes inducido por el estr\u00e9s ser\u00e1 el nuevo dolor del siglo despu\u00e9s del dolor de espalda.<\/p>\n\n\n\n<h2><span class=\"ez-toc-section\" id=\"%C2%BFComo_puedo_saber_si_mi_dolor_de_espalda_esta_relacionado_con_mis_dientes\"><\/span>\u00bfC\u00f3mo puedo saber si mi dolor de espalda est\u00e1 relacionado con mis dientes?<span class=\"ez-toc-section-end\"><\/span><\/h2>\n\n\n\n<p>En primer lugar, es esencial una visita a un oste\u00f3pata, ya que puede diagnosticar el <strong>dolor de espalda dental <\/strong>y reducir sus s\u00edntomas. Aunque pueda parecer extra\u00f1o pedir una cita para ver a un dentista por un dolor f\u00edsico, las estad\u00edsticas muestran que 1 de cada 2 personas tiene problemas con su articulaci\u00f3n mandibular y 1 de cada 10 de ellas busca ayuda.<\/p>\n\n\n\n<h2><span class=\"ez-toc-section\" id=\"%C2%BFQue_soluciones_se_pueden_utilizar_para_restablecer_el_equilibrio_oclusal\"><\/span>\u00bfQu\u00e9 soluciones se pueden utilizar para restablecer el equilibrio oclusal?<span class=\"ez-toc-section-end\"><\/span><\/h2>\n\n\n\n<p> <strong>La maloclusi\u00f3n dental<\/strong> es un problema que debe tomarse en serio, sobre todo cuando va acompa\u00f1ada de dolores f\u00edsicos y de cabeza. Antes de nada, es esencial consultar a un oste\u00f3pata, ya que es capaz de detectar un desequilibrio en la mand\u00edbula.<\/p>\n\n\n\n<p><strong>Diagn\u00f3stico<\/strong>:<\/p>\n\n\n\n<ul><li>Consulte a un profesional de la salud \u00abOste\u00f3pata\u00bb.<\/li><li>Si se confirma el diagn\u00f3stico, pida cita con un cirujano dental.<\/li><\/ul>\n\n\n<div class=\"wp-block-image\">\n<figure class=\"alignright size-large\"><img src=\"https:\/\/nutrident.fr\/wp-content\/uploads\/2021\/11\/R\u00e9tablir-l\u00e9quilibre-occlusal-300x200.png\" alt=\"visita osteop\u00e1tica\"\/><figcaption>El oste\u00f3pata y el cirujano dental son los profesionales a consultar para establecer un diagn\u00f3stico<\/figcaption><\/figure><\/div>\n\n\n<p><strong>Los tratamientos propuestos por el dentista<\/strong>:<\/p>\n\n\n\n<ul><li>Reparaci\u00f3n de un diente empastado con un implante.<\/li><li>Rehabilitaci\u00f3n prot\u00e9sica con una pr\u00f3tesis removible o fija.<\/li><li>Llevar un protector bucal para no apretar los dientes por la noche.<\/li><li>Equilibrio oclusal mediante rectificado selectivo.<\/li><\/ul>\n\n\n\n<h2><span class=\"ez-toc-section\" id=\"%C2%BFComo_se_puede_prevenir_el_dolor_de_espalda_dental\"><\/span>\u00bfC\u00f3mo se puede prevenir el dolor de espalda dental?<span class=\"ez-toc-section-end\"><\/span><\/h2>\n\n\n\n<p>Para <strong>prevenir los dolores de espalda<\/strong> causados por un problema en la<strong>mordida de la mand\u00edbula<\/strong>, debe consultar primero a un oste\u00f3pata para que analice la articulaci\u00f3n de su mand\u00edbula. Si detecta una aver\u00eda, enhorabuena, ha conseguido controlar el problema antes de que se convierta en algo doloroso para su cuerpo.<\/p>\n\n\n\n<p>Apretar los dientes <strong>por estr\u00e9s <\/strong>tambi\u00e9n es una causa de tensi\u00f3n en los m\u00fasculos cervicales y de la parte superior de la espalda. Para contrarrestarlo, puede consultar a un dentista que realizar\u00e1 un diagn\u00f3stico y podr\u00e1 prescribirle un <strong>aparato bucal<\/strong> a medida <strong>para la noche<\/strong>.<\/p>\n\n\n\n<p><strong>Alivie el estr\u00e9s de apretar los dientes con<\/strong>:<\/p>\n\n\n\n<ul><li>Sonr\u00eda (intente ser positivo)<\/li><li>Acupresi\u00f3n<\/li><li>Meditaci\u00f3n guiada<\/li><li>Actividad f\u00edsica regular<\/li><li>Una buena noche de sue\u00f1o<\/li><li>Una consulta con un terapeuta especializado<\/li><\/ul>\n<div class=\"article-data before-content\"><div class=\"article-data__date\"><div class=\"article-data__date-modified\"><time class=\"published\" datetime=\"2022-10-28T11:59:15+00:00\">This article was originally published on&nbsp;<span class=\"2\">octubre 28, 2022<\/span>&nbsp;and was most recently updated on&nbsp;<span>octubre 28, 2022<\/span><\/time><br><\/div><\/div><\/div><div class=\"user-info\"><\/div>","protected":false},"excerpt":{"rendered":"<p>Updated:&nbsp;octubre 28, 2022 El dolor de espalda es un problema de salud muy preocupante, sobre todo hoy en d\u00eda, cuando el 80% de la poblaci\u00f3n francesa reconoce haber sufrido ya un episodio doloroso m\u00e1s o menos duradero en la espalda o el cuello. Ahora conocemos las principales causas, como la mala postura o el dolor [&hellip;]<\/p>\n","protected":false},"author":14,"featured_media":10921,"parent":0,"menu_order":0,"comment_status":"closed","ping_status":"closed","template":"","meta":{"inline_featured_image":false},"acf":[],"_links":{"self":[{"href":"https:\/\/nutrident.fr\/es\/wp-json\/wp\/v2\/pages\/17019"}],"collection":[{"href":"https:\/\/nutrident.fr\/es\/wp-json\/wp\/v2\/pages"}],"about":[{"href":"https:\/\/nutrident.fr\/es\/wp-json\/wp\/v2\/types\/page"}],"author":[{"embeddable":true,"href":"https:\/\/nutrident.fr\/es\/wp-json\/wp\/v2\/users\/14"}],"replies":[{"embeddable":true,"href":"https:\/\/nutrident.fr\/es\/wp-json\/wp\/v2\/comments?post=17019"}],"version-history":[{"count":3,"href":"https:\/\/nutrident.fr\/es\/wp-json\/wp\/v2\/pages\/17019\/revisions"}],"predecessor-version":[{"id":17777,"href":"https:\/\/nutrident.fr\/es\/wp-json\/wp\/v2\/pages\/17019\/revisions\/17777"}],"wp:featuredmedia":[{"embeddable":true,"href":"https:\/\/nutrident.fr\/es\/wp-json\/wp\/v2\/media\/10921"}],"wp:attachment":[{"href":"https:\/\/nutrident.fr\/es\/wp-json\/wp\/v2\/media?parent=17019"}],"curies":[{"name":"wp","href":"https:\/\/api.w.org\/{rel}","templated":true}]}}