

{"id":17032,"date":"2022-10-28T10:11:45","date_gmt":"2022-10-28T10:11:45","guid":{"rendered":"https:\/\/nutrident.fr\/?page_id=17032"},"modified":"2023-06-13T10:33:15","modified_gmt":"2023-06-13T10:33:15","slug":"drsmile-opiniones","status":"publish","type":"page","link":"https:\/\/nutrident.fr\/es\/ortodoncia\/drsmile-opiniones\/","title":{"rendered":"DrSmile: opiniones y funcionamiento de estos alineadores dentales baratos"},"content":{"rendered":"<div class=\"meta\"><div class=\"meta__users\">    <div class=\"meta__users__reviewed\">\r\n      <p class=\"meta__users__caption\">Contributor:&nbsp;<\/p>\r\n      <div class=\"users\">\r\n        <span class=\"users__user\">\r\n          <a href=\"#\">Dr Abel Jes\u00fas Pederzoli<\/a>\r\n        <\/span>\r\n      <\/div>\r\n    <\/div>\r\n\t<\/div><div class=\"meta__date-modified\">Updated:&nbsp;<span>junio 13, 2023<\/span><\/div><\/div><div class=\"wp-block-image\">\n<figure class=\"alignright size-medium\"><img width=\"300\" height=\"281\" src=\"https:\/\/nutrident.fr\/wp-content\/uploads\/2022\/05\/invisalign_Home-300x281.jpg\" alt=\"alineadores invisibles baratos\" class=\"wp-image-10821\" srcset=\"https:\/\/nutrident.fr\/wp-content\/uploads\/2022\/05\/invisalign_Home-300x281.jpg 300w, https:\/\/nutrident.fr\/wp-content\/uploads\/2022\/05\/invisalign_Home-203x190.jpg 203w, https:\/\/nutrident.fr\/wp-content\/uploads\/2022\/05\/invisalign_Home.jpg 388w\" sizes=\"(max-width: 300px) 100vw, 300px\" \/><figcaption>DrSmile es una marca alemana de alineadores dentales<\/figcaption><\/figure><\/div>\n\n\n<p>Recurrir a un <a href=\"https:\/\/nutrident.fr\/es\/?page_id=16757\">tratamiento de ortodoncia invisible<\/a> es una gran forma de alinear los dientes, pero puede resultar muy caro para la mayor\u00eda de las personas. Afortunadamente, algunas<strong> <\/strong>marcas como DrSmile ofrecen <strong>alineadores transparentes a precios mucho m\u00e1s asequibles<\/strong>.  <\/p>\n\n\n\n<p>Descubre todo lo que necesitas saber sobre DrSmile<strong> <\/strong>en este art\u00edculo.  <\/p>\n\n\n\n<p>Antes de seguir leyendo, aseg\u00farate de que este m\u00e9todo es adecuado para tu problema de alineaci\u00f3n dental<\/p>\n\n\n\n<div class=\"wp-container-1 wp-block-buttons\">\n<div class=\"wp-block-button aligncenter\"><a class=\"wp-block-button__link has-vivid-cyan-blue-background-color has-background\" href=\"https:\/\/tidd.ly\/3NXzapN\" target=\"_blank\" rel=\"noopener\">Comprueba tu elegibilidad para el tratamiento Dr. Smile<\/a><\/div>\n<\/div>\n\n\n\n<div id=\"ez-toc-container\" class=\"ez-toc-v2_0_33_2 counter-hierarchy ez-toc-counter ez-toc-white ez-toc-container-direction\">\n<div class=\"ez-toc-title-container\">\n<p class=\"ez-toc-title\">Contenus<\/p>\n<span class=\"ez-toc-title-toggle\"><a href=\"#\" class=\"ez-toc-pull-right ez-toc-btn ez-toc-btn-xs ez-toc-btn-default ez-toc-toggle\" style=\"display: none;\"><label for=\"item\" aria-label=\"Tabla de contenidos\"><i class=\"ez-toc-glyphicon ez-toc-icon-toggle\"><\/i><\/label><input type=\"checkbox\" id=\"item\"><\/a><\/span><\/div>\n<nav><ul class='ez-toc-list ez-toc-list-level-1'><li class='ez-toc-page-1 ez-toc-heading-level-2'><a class=\"ez-toc-link ez-toc-heading-1\" href=\"https:\/\/nutrident.fr\/es\/ortodoncia\/drsmile-opiniones\/#%C2%BFQue_es_DrSmile\" title=\"\u00bfQu\u00e9 es DrSmile?  \">\u00bfQu\u00e9 es DrSmile?  <\/a><\/li><li class='ez-toc-page-1 ez-toc-heading-level-2'><a class=\"ez-toc-link ez-toc-heading-2\" href=\"https:\/\/nutrident.fr\/es\/ortodoncia\/drsmile-opiniones\/#%C2%BFComo_funciona_el_tratamiento_DrSmile\" title=\"\u00bfC\u00f3mo funciona el tratamiento DrSmile?  \">\u00bfC\u00f3mo funciona el tratamiento DrSmile?  <\/a><\/li><li class='ez-toc-page-1 ez-toc-heading-level-2'><a class=\"ez-toc-link ez-toc-heading-3\" href=\"https:\/\/nutrident.fr\/es\/ortodoncia\/drsmile-opiniones\/#%C2%BFCuanto_cuesta_el_tratamiento_DrSmile\" title=\"\u00bfCu\u00e1nto cuesta el tratamiento DrSmile?\">\u00bfCu\u00e1nto cuesta el tratamiento DrSmile?<\/a><\/li><li class='ez-toc-page-1 ez-toc-heading-level-2'><a class=\"ez-toc-link ez-toc-heading-4\" href=\"https:\/\/nutrident.fr\/es\/ortodoncia\/drsmile-opiniones\/#%C2%BFCuales_son_las_opiniones_sobre_DrSmile\" title=\"\u00bfCu\u00e1les son las opiniones sobre DrSmile?  \">\u00bfCu\u00e1les son las opiniones sobre DrSmile?  <\/a><\/li><li class='ez-toc-page-1 ez-toc-heading-level-2'><a class=\"ez-toc-link ez-toc-heading-5\" href=\"https:\/\/nutrident.fr\/es\/ortodoncia\/drsmile-opiniones\/#Conclusion_%C2%BFPodemos_confiar_en_DrSmile\" title=\"Conclusi\u00f3n: \u00bfPodemos confiar en DrSmile?  \">Conclusi\u00f3n: \u00bfPodemos confiar en DrSmile?  <\/a><\/li><\/ul><\/nav><\/div>\n<h2><span class=\"ez-toc-section\" id=\"%C2%BFQue_es_DrSmile\"><\/span>\u00bfQu\u00e9 es DrSmile?  <span class=\"ez-toc-section-end\"><\/span><\/h2>\n\n\n\n<p>DrSmile forma parte del <strong>Grupo Straumann<\/strong>, expertos mundiales en cirug\u00eda dental. Esta marca trabaja con profesionales de la odontolog\u00eda, la ortodoncia y la tecnolog\u00eda dental para proporcionar a los pacientes la mejor atenci\u00f3n posible.<\/p>\n\n\n<div class=\"wp-block-image\">\n<figure class=\"alignright size-medium\"><img width=\"300\" height=\"200\" src=\"https:\/\/nutrident.fr\/wp-content\/uploads\/2022\/05\/drsmile2-300x200.jpeg\" alt=\"drsmile\" class=\"wp-image-10818\" srcset=\"https:\/\/nutrident.fr\/wp-content\/uploads\/2022\/05\/drsmile2-300x200.jpeg 300w, https:\/\/nutrident.fr\/wp-content\/uploads\/2022\/05\/drsmile2-768x513.jpeg 768w, https:\/\/nutrident.fr\/wp-content\/uploads\/2022\/05\/drsmile2-254x170.jpeg 254w, https:\/\/nutrident.fr\/wp-content\/uploads\/2022\/05\/drsmile2.jpeg 800w\" sizes=\"(max-width: 300px) 100vw, 300px\" \/><figcaption>El kit DrSmile contiene todo lo que necesitas para tu tratamiento<\/figcaption><\/figure><\/div>\n\n\n<p>Los tratamientos desarrollados por DrSmile permiten <strong>corregir la alineaci\u00f3n dental <\/strong>en pacientes adultos de forma sencilla y eficaz. Existen tres modalidades de tratamiento seg\u00fan la complejidad del caso:  <\/p>\n\n\n\n<ul><li>S: para correcciones menores<\/li><li>M: para problemas leves o moderados<\/li><li>L: para correcciones mayores<\/li><\/ul>\n\n\n\n<p>Los alineadores <strong>se fabrican en Alemania y Estados Unidos<\/strong> con ClearQuartz\u00ae, un material de alta calidad que est\u00e1 dise\u00f1ado para durar y ofrecer un rendimiento superior.<\/p>\n\n\n\n<h2><span class=\"ez-toc-section\" id=\"%C2%BFComo_funciona_el_tratamiento_DrSmile\"><\/span>\u00bfC\u00f3mo funciona el tratamiento DrSmile?  <span class=\"ez-toc-section-end\"><\/span><\/h2>\n\n\n\n<p>Si est\u00e1s interesado en el tratamiento DrSmile, el primer paso es concertar una cita con un dentista certificado. \u00c9l te explicar\u00e1 con detalle c\u00f3mo se realiza el tratamiento y analizar\u00e1 tus dientes con un esc\u00e1ner 3D para crear una <strong>simulaci\u00f3n visual del tratamiento<\/strong> y un plan a medida.<\/p>\n\n\n\n<div class=\"wp-container-2 is-content-justification-center wp-block-buttons\">\n<div class=\"wp-block-button\"><a class=\"wp-block-button__link has-white-color has-text-color has-background\" href=\"https:\/\/tidd.ly\/3NXzapN\" style=\"background-color:#41a3e5\" target=\"_blank\" rel=\"noopener\">Haz clic aqu\u00ed para concertar una cita con un ortodoncista de DrSmile  <\/a><\/div>\n<\/div>\n\n\n\n<p>Tras la consulta, recibir\u00e1s un <strong>plan de tratamiento personalizado<\/strong> y una simulaci\u00f3n de los resultados. Tendr\u00e1s toda la informaci\u00f3n que necesitas para saber cu\u00e1nto durar\u00e1 el tratamiento y cu\u00e1nto costar\u00e1. Si decides seguir adelante con el proyecto, DrSmile fabricar\u00e1 los alineadores a tu medida y los enviar\u00e1 a tu casa.<\/p>\n\n\n\n<p>Los alineadores invisibles DrSmile <strong>se deben usar 22 horas al d\u00eda <\/strong>y se cambian cada 14 d\u00edas. El seguimiento se hace a trav\u00e9s de la <strong>aplicaci\u00f3n DrSmile<\/strong> y tendr\u00e1s que enviar fotos de tus dientes a los expertos de DrSmile para que puedan comprobar la evoluci\u00f3n del tratamiento.<\/p>\n\n\n\n<p>Por lo general, el tratamiento completo dura entre 6 y 12 meses.<\/p>\n\n\n\n<h2><span class=\"ez-toc-section\" id=\"%C2%BFCuanto_cuesta_el_tratamiento_DrSmile\"><\/span>\u00bfCu\u00e1nto cuesta el tratamiento DrSmile?<span class=\"ez-toc-section-end\"><\/span><\/h2>\n\n\n\n<p>\u00a1DrSmile se adapta a las necesidades del paciente! El precio del tratamiento<strong> depende del tipo de correcci\u00f3n <\/strong>requerida.  <\/p>\n\n\n\n<ul><li>En caso de <strong>malposici\u00f3n dental leve<\/strong>, el tratamiento se cobra a 1.590 euros o 33 euros\/mes.<\/li><li>En el caso de <strong>malposiciones moderadas<\/strong>, el coste total es de 2.190 euros o 46 euros al mes.<\/li><li>Para los<strong> casos m\u00e1s complejos<\/strong>, el tratamiento se ofrece por un m\u00e1ximo de 2.690 euros o 56 euros al mes.<\/li><\/ul>\n\n\n\n<p>El esc\u00e1ner 3D cuesta 87,50 euros, pero se reembolsar\u00e1 en caso de que no puedas acceder al tratamiento. Adem\u00e1s, concertar una cita en l\u00ednea y crear un plan de tratamiento personalizado es gratuito.<\/p>\n\n\n\n<h2><span class=\"ez-toc-section\" id=\"%C2%BFCuales_son_las_opiniones_sobre_DrSmile\"><\/span>\u00bfCu\u00e1les son las opiniones sobre DrSmile?  <span class=\"ez-toc-section-end\"><\/span><\/h2>\n\n\n<div class=\"wp-block-image\">\n<figure class=\"alignright size-medium\"><img width=\"300\" height=\"200\" src=\"https:\/\/nutrident.fr\/wp-content\/uploads\/2021\/01\/diana-polekhina-fmB7IdFjhTM-unsplash-1-300x200.jpg\" alt=\"drsmile\" class=\"wp-image-8388\" srcset=\"https:\/\/nutrident.fr\/wp-content\/uploads\/2021\/01\/diana-polekhina-fmB7IdFjhTM-unsplash-1-300x200.jpg 300w, https:\/\/nutrident.fr\/wp-content\/uploads\/2021\/01\/diana-polekhina-fmB7IdFjhTM-unsplash-1-1024x683.jpg 1024w, https:\/\/nutrident.fr\/wp-content\/uploads\/2021\/01\/diana-polekhina-fmB7IdFjhTM-unsplash-1-768x512.jpg 768w, https:\/\/nutrident.fr\/wp-content\/uploads\/2021\/01\/diana-polekhina-fmB7IdFjhTM-unsplash-1-1080x720.jpg 1080w, https:\/\/nutrident.fr\/wp-content\/uploads\/2021\/01\/diana-polekhina-fmB7IdFjhTM-unsplash-1-980x653.jpg 980w, https:\/\/nutrident.fr\/wp-content\/uploads\/2021\/01\/diana-polekhina-fmB7IdFjhTM-unsplash-1-480x320.jpg 480w, https:\/\/nutrident.fr\/wp-content\/uploads\/2021\/01\/diana-polekhina-fmB7IdFjhTM-unsplash-1.jpg 1200w\" sizes=\"(max-width: 300px) 100vw, 300px\" \/><figcaption>Las opiniones sobre DrSmile son generalmente positivas<\/figcaption><\/figure><\/div>\n\n\n<p>Si buscas en Internet, encontrar\u00e1s en su mayor\u00eda <strong><a href=\"https:\/\/nutrident.fr\/es\/?page_id=16988\" data-type=\"URL\" data-id=\"https:\/\/nutrident.fr\/dr-smile-vs-invisalign\/\">opiniones positivas<\/a> sobre DrSmile<\/strong>. Las ventajas que los usuarios mencionan con mayor frecuencia son las siguientes:<\/p>\n\n\n\n<ul><li>Tarifa asequible<\/li><li>Comodidad de los alineadores<\/li><li>Resultados r\u00e1pidos<\/li><li>Facilidad de uso de la aplicaci\u00f3n<\/li><\/ul>\n\n\n\n<p>En cuanto a lo negativo, la <strong>falta de seguimiento en la consulta<\/strong> es una gran preocupaci\u00f3n para algunos pacientes.  <\/p>\n\n\n\n<h2><span class=\"ez-toc-section\" id=\"Conclusion_%C2%BFPodemos_confiar_en_DrSmile\"><\/span>Conclusi\u00f3n: \u00bfPodemos confiar en DrSmile?  <span class=\"ez-toc-section-end\"><\/span><\/h2>\n\n\n\n<p>Aunque DrSmile es uno de los nuevos actores en el mercado de la ortodoncia invisible, <strong>la marca parece ser muy seria<\/strong> ya que est\u00e1 <strong>respaldada por el Grupo Straumann<\/strong>. El hecho de que la primera consulta tenga lugar en el consultorio es algo muy positivo, ya que el ortodoncista puede realizar un examen exhaustivo y proponer un plan de tratamiento personalizado.  <\/p>\n<div class=\"article-data before-content\"><div class=\"article-data__date\"><div class=\"article-data__date-modified\"><time class=\"published\" datetime=\"2022-10-28T10:11:45+00:00\">This article was originally published on&nbsp;<span class=\"2\">octubre 28, 2022<\/span>&nbsp;and was most recently updated on&nbsp;<span>junio 13, 2023<\/span><\/time><br><\/div><\/div><\/div><div class=\"user-info\">    <div class=\"user-info__body\">\r\n      <div class=\"user-info__caption\"><span>Contributors:<\/span><\/div>\r\n\t\t\t        <div class=\"user-info__wrap \">\r\n          <div class=\"user-info__data\">\r\n            <div class=\"user-info__data__info\">\r\n              <div class=\"photo\">\r\n\t\t\t\t\t\t\t\t<img width=\"66\" height=\"61\" src=\"https:\/\/nutrident.fr\/wp-content\/uploads\/2023\/06\/unnamed-66x61.jpg\" class=\"attachment-profileImageAuthor size-profileImageAuthor wp-post-image\" alt=\"Dr Abel Jes\u00fas Pederzoli\" loading=\"lazy\" srcset=\"https:\/\/nutrident.fr\/wp-content\/uploads\/2023\/06\/unnamed-66x61.jpg 66w, https:\/\/nutrident.fr\/wp-content\/uploads\/2023\/06\/unnamed-300x279.jpg 300w, https:\/\/nutrident.fr\/wp-content\/uploads\/2023\/06\/unnamed-1024x952.jpg 1024w, https:\/\/nutrident.fr\/wp-content\/uploads\/2023\/06\/unnamed-768x714.jpg 768w, https:\/\/nutrident.fr\/wp-content\/uploads\/2023\/06\/unnamed-204x190.jpg 204w, https:\/\/nutrident.fr\/wp-content\/uploads\/2023\/06\/unnamed-120x112.jpg 120w, https:\/\/nutrident.fr\/wp-content\/uploads\/2023\/06\/unnamed.jpg 1125w\" sizes=\"(max-width: 66px) 100vw, 66px\" \/>              <\/div>\r\n              <a href=\"https:\/\/nutrident.fr\/es\/author\/dr-abel-jesus-pederzoli\/\" class=\"name\">Dr Abel Jes\u00fas Pederzoli<\/a>\r\n            <\/div>\r\n            <div class=\"user-info__data__social\">\r\n\t\t\t\t\t\t\t\t\t\t\t\t\t\t\t\t\t\t\t\t\t          <a href=\"https:\/\/clinicaleixample.es\/\"\r\n             class=\"soc-item website\">website<\/a>\r\n\t\t\t\t          <a href=\"http:\/\/linkedin.com\/in\/abel-jes%C3%BAs-pederzoli\"\r\n             class=\"soc-item linkedin\">linkedin<\/a>\r\n\t\t\t\t            <\/div>\r\n          <\/div>\r\n          <div class=\"user-info__description\">\r\n\t\t\t\t\t\t\t\t\t\t\t\t\t<p>Con t\u00edtulos obtenidos en la Facultad de Odontolog\u00eda de la Universidad Nacional de La Plata y una participaci\u00f3n activa en congresos y jornadas, el Dr. Pederzoli se mantiene actualizado en las \u00faltimas t\u00e9cnicas y avances en odontolog\u00eda. Actualmente se encuentra desarrollando un proyecto de consultor\u00eda tecnol\u00f3gica aplicada a cl\u00ednicas dentales.<\/p>\n\t\t\t\t\t\t          <\/div>\r\n        <\/div>\r\n\t\t\t\t    <\/div>\r\n\t<\/div><!--copyscapeskip--><div class=\"medical_references\"><div class=\"medical_references__heading\"><span>Fuentes M\u00e9dicas<\/span><\/div><div class=\"medical_references__list\"><p><strong>Aparatos de ortodoncia invisibles y casi invisibles:<\/strong><em><br \/>\n<\/em>&lt;<a href=\"https:\/\/orthodfr.edpsciences.org\/articles\/orthodfr\/pdf\/2014\/01\/orthodfr140004.pdf\">https:\/\/orthodfr.edpsciences.org\/articles\/orthodfr\/pdf\/2014\/01\/orthodfr140004.pdf<\/a>&gt;<\/p>\n<\/div><\/div><!--\/copyscapeskip-->","protected":false},"excerpt":{"rendered":"<p>Contributor:&nbsp; Dr Abel Jes\u00fas Pederzoli Updated:&nbsp;junio 13, 2023 Recurrir a un tratamiento de ortodoncia invisible es una gran forma de alinear los dientes, pero puede resultar muy caro para la mayor\u00eda de las personas. Afortunadamente, algunas marcas como DrSmile ofrecen alineadores transparentes a precios mucho m\u00e1s asequibles. Descubre todo lo que necesitas saber sobre DrSmile [&hellip;]<\/p>\n","protected":false},"author":10,"featured_media":14297,"parent":16771,"menu_order":0,"comment_status":"closed","ping_status":"closed","template":"","meta":{"inline_featured_image":false},"acf":[],"_links":{"self":[{"href":"https:\/\/nutrident.fr\/es\/wp-json\/wp\/v2\/pages\/17032"}],"collection":[{"href":"https:\/\/nutrident.fr\/es\/wp-json\/wp\/v2\/pages"}],"about":[{"href":"https:\/\/nutrident.fr\/es\/wp-json\/wp\/v2\/types\/page"}],"author":[{"embeddable":true,"href":"https:\/\/nutrident.fr\/es\/wp-json\/wp\/v2\/users\/10"}],"replies":[{"embeddable":true,"href":"https:\/\/nutrident.fr\/es\/wp-json\/wp\/v2\/comments?post=17032"}],"version-history":[{"count":26,"href":"https:\/\/nutrident.fr\/es\/wp-json\/wp\/v2\/pages\/17032\/revisions"}],"predecessor-version":[{"id":21924,"href":"https:\/\/nutrident.fr\/es\/wp-json\/wp\/v2\/pages\/17032\/revisions\/21924"}],"up":[{"embeddable":true,"href":"https:\/\/nutrident.fr\/es\/wp-json\/wp\/v2\/pages\/16771"}],"wp:featuredmedia":[{"embeddable":true,"href":"https:\/\/nutrident.fr\/es\/wp-json\/wp\/v2\/media\/14297"}],"wp:attachment":[{"href":"https:\/\/nutrident.fr\/es\/wp-json\/wp\/v2\/media?parent=17032"}],"curies":[{"name":"wp","href":"https:\/\/api.w.org\/{rel}","templated":true}]}}