

{"id":17036,"date":"2022-10-28T10:11:18","date_gmt":"2022-10-28T10:11:18","guid":{"rendered":"https:\/\/nutrident.fr\/?page_id=17036"},"modified":"2023-06-13T10:10:08","modified_gmt":"2023-06-13T10:10:08","slug":"blissany-miswak","status":"publish","type":"page","link":"https:\/\/nutrident.fr\/es\/blissany-miswak\/","title":{"rendered":"Rese\u00f1a del cepillo de dientes BLISSANY Miswak: todo lo que debe saber sobre este palo ecol\u00f3gico"},"content":{"rendered":"<div class=\"meta\"><div class=\"meta__users\">    <div class=\"meta__users__reviewed\">\r\n      <p class=\"meta__users__caption\">Contributor:&nbsp;<\/p>\r\n      <div class=\"users\">\r\n        <span class=\"users__user\">\r\n          <a href=\"#\">Dr Abel Jes\u00fas Pederzoli<\/a>\r\n        <\/span>\r\n      <\/div>\r\n    <\/div>\r\n\t<\/div><div class=\"meta__date-modified\">Updated:&nbsp;<span>junio 13, 2023<\/span><\/div><\/div><div class=\"wp-block-image\">\n<figure class=\"alignright size-medium\"><img width=\"300\" height=\"200\" src=\"https:\/\/nutrident.fr\/wp-content\/uploads\/2022\/05\/Depositphotos_87230798_S-300x200.jpg\" alt=\"Cepillo de dientes Miswak\" class=\"wp-image-10633\" srcset=\"https:\/\/nutrident.fr\/wp-content\/uploads\/2022\/05\/Depositphotos_87230798_S-300x200.jpg 300w, https:\/\/nutrident.fr\/wp-content\/uploads\/2022\/05\/Depositphotos_87230798_S-768x512.jpg 768w, https:\/\/nutrident.fr\/wp-content\/uploads\/2022\/05\/Depositphotos_87230798_S-254x169.jpg 254w, https:\/\/nutrident.fr\/wp-content\/uploads\/2022\/05\/Depositphotos_87230798_S.jpg 1000w\" sizes=\"(max-width: 300px) 100vw, 300px\" \/><figcaption>\u00bfY el cepillo de dientes Miswak?<\/figcaption><\/figure><\/div>\n\n\n<p>Nutrident est\u00e1 financiado por sus lectores. Cuando compras en nuestro sitio, a veces ganamos comisiones de afiliaci\u00f3n que no suponen ning\u00fan coste para ti. <a href=\"https:\/\/nutrident.fr\/es\/divulgacion-y-exencion-de-responsabilidad-de-amazon\/\" rel=\"noindex, nofollow\">Lee m\u00e1s.<\/a><\/p>\n\n\n\n<p>Blanquear los dientes sin utilizar un cepillo de dientes convencional, pasta de dientes, <a href=\"https:\/\/nutrident.fr\/es\/?page_id=15504\">carb\u00f3n vegetal<\/a> o bicarbonato de sodio es ahora posible gracias al cepillo de dientes <strong>Miswak<\/strong> de BLISSANY.  <\/p>\n\n\n\n<p>Buscar en <a href=\"https:\/\/nutrident.fr\/es\/\">\n  <strong>nutrident.es<\/strong>\n<\/a> toda la informaci\u00f3n sobre este accesorio utilizado por la comunidad \u00e1rabe desde hace varios cientos de a\u00f1os.<\/p>\n\n\n\n<div id=\"ez-toc-container\" class=\"ez-toc-v2_0_33_2 counter-hierarchy ez-toc-counter ez-toc-white ez-toc-container-direction\">\n<div class=\"ez-toc-title-container\">\n<p class=\"ez-toc-title\">Contenus<\/p>\n<span class=\"ez-toc-title-toggle\"><a href=\"#\" class=\"ez-toc-pull-right ez-toc-btn ez-toc-btn-xs ez-toc-btn-default ez-toc-toggle\" style=\"display: none;\"><label for=\"item\" aria-label=\"Tabla de contenidos\"><i class=\"ez-toc-glyphicon ez-toc-icon-toggle\"><\/i><\/label><input type=\"checkbox\" id=\"item\"><\/a><\/span><\/div>\n<nav><ul class='ez-toc-list ez-toc-list-level-1'><li class='ez-toc-page-1 ez-toc-heading-level-2'><a class=\"ez-toc-link ez-toc-heading-1\" href=\"https:\/\/nutrident.fr\/es\/blissany-miswak\/#Miswak_o_siwak_%C2%BFque_es_exactamente\" title=\"Miswak o siwak: \u00bfqu\u00e9 es exactamente?\">Miswak o siwak: \u00bfqu\u00e9 es exactamente?<\/a><\/li><li class='ez-toc-page-1 ez-toc-heading-level-2'><a class=\"ez-toc-link ez-toc-heading-2\" href=\"https:\/\/nutrident.fr\/es\/blissany-miswak\/#Cepillo_de_dientes_de_madera_de_Arak_de_BLISSANY_%C2%BFcual_es_su_valor\" title=\"Cepillo de dientes de madera de Arak de BLISSANY: \u00bfcu\u00e1l es su valor?\">Cepillo de dientes de madera de Arak de BLISSANY: \u00bfcu\u00e1l es su valor?<\/a><\/li><li class='ez-toc-page-1 ez-toc-heading-level-2'><a class=\"ez-toc-link ez-toc-heading-3\" href=\"https:\/\/nutrident.fr\/es\/blissany-miswak\/#%C2%BFCuales_son_los_verdaderos_beneficios_del_cepillo_de_dientes_de_madera_de_Arak\" title=\"\u00bfCu\u00e1les son los verdaderos beneficios del cepillo de dientes de madera de Arak?\">\u00bfCu\u00e1les son los verdaderos beneficios del cepillo de dientes de madera de Arak?<\/a><\/li><li class='ez-toc-page-1 ez-toc-heading-level-2'><a class=\"ez-toc-link ez-toc-heading-4\" href=\"https:\/\/nutrident.fr\/es\/blissany-miswak\/#%C2%BFComo_utilizar_el_cepillo_de_dientes_de_madera_BLISSANY_Arak\" title=\"\u00bfC\u00f3mo utilizar el cepillo de dientes de madera BLISSANY Arak?\">\u00bfC\u00f3mo utilizar el cepillo de dientes de madera BLISSANY Arak?<\/a><\/li><li class='ez-toc-page-1 ez-toc-heading-level-2'><a class=\"ez-toc-link ez-toc-heading-5\" href=\"https:\/\/nutrident.fr\/es\/blissany-miswak\/#Las_precauciones_de_uso_de_un_cepillo_de_dientes_de_madera_de_Arak_de_BLISSANY\" title=\"Las precauciones de uso de un cepillo de dientes de madera de Arak de BLISSANY\">Las precauciones de uso de un cepillo de dientes de madera de Arak de BLISSANY<\/a><\/li><\/ul><\/nav><\/div>\n<h2><span class=\"ez-toc-section\" id=\"Miswak_o_siwak_%C2%BFque_es_exactamente\"><\/span>Miswak o siwak: \u00bfqu\u00e9 es exactamente?<span class=\"ez-toc-section-end\"><\/span><\/h2>\n\n\n\n<p>El <strong>siwak <\/strong>o miswak o madera de arak es <strong>la ra\u00edz de la planta Salvadora persica<\/strong> que se utiliza como cepillo de dientes natural desde la antig\u00fcedad por muchas comunidades \u00e1rabes y asi\u00e1ticas. Esta planta est\u00e1 muy extendida en los pa\u00edses de Oriente Medio, la India y Asia oriental.<\/p>\n\n\n\n<p>Originalmente, se utilizaban muchas plantas para este fin, pero la Salvadora persica es la \u00fanica con las caracter\u00edsticas m\u00e1s interesantes para la higiene bucal.<\/p>\n\n\n\n<p>En la antig\u00fcedad, la gente se limitaba a masticar<strong> la ra\u00edz de madera de Arak<\/strong> y luego surgi\u00f3 la idea de cepillarse los dientes con ella, de la misma manera que con un cepillo de dientes convencional.<\/p>\n\n\n\n<div class=\"wp-container-1 is-content-justification-center wp-block-buttons\">\n<div class=\"wp-block-button\"><a class=\"wp-block-button__link has-white-color has-vivid-cyan-blue-background-color has-text-color has-background\" href=\"https:\/\/amzn.to\/38oOVpr\" target=\"_blank\" rel=\"noreferrer noopener\">Encuentra este producto al mejor precio<\/a><\/div>\n<\/div>\n\n\n\n<h2><span class=\"ez-toc-section\" id=\"Cepillo_de_dientes_de_madera_de_Arak_de_BLISSANY_%C2%BFcual_es_su_valor\"><\/span>Cepillo de dientes de madera de Arak de BLISSANY: \u00bfcu\u00e1l es su valor?<span class=\"ez-toc-section-end\"><\/span><\/h2>\n\n\n\n<p>En el embalaje de los cepillos de dientes BLISSANY <strong>Arakwood <\/strong>, tiene 5 Arakwoods. La madera de Arak debe utilizarse durante al menos 4 semanas. Esta ra\u00edz sustituye f\u00e1cilmente a todos los dent\u00edfricos del mercado. Es apreciado por su sabor natural a madera con un toque de jengibre.<\/p>\n\n\n\n<p>Cuando se vaya de viaje, no tiene que empacar todo su equipo de ba\u00f1o personal, simplemente ponga <strong>una ra\u00edz de Arakwood<\/strong> en su botiqu\u00edn, le servir\u00e1.<\/p>\n\n\n\n<h3>Cepillado eficaz de los dientes<\/h3>\n\n\n\n<p>Utilizando regularmente estas maderas de Arak, el usuario tendr\u00e1 los dientes blancos en muy poco tiempo. De hecho, se ha comprobado que el uso de esta madera es dos veces m\u00e1s eficaz que cualquier otra t\u00e9cnica de blanqueamiento dental.  <\/p>\n\n\n\n<p>Esto se debe en parte a la presencia masiva de alcaloides, <strong>taninos<\/strong>, sales minerales, s\u00edlice, <strong>fl\u00faor<\/strong>, azufre, silicio y vitamina C en esta ra\u00edz.<\/p>\n\n\n<div class=\"wp-block-image\">\n<figure class=\"alignright size-medium\"><img width=\"300\" height=\"150\" src=\"https:\/\/nutrident.fr\/wp-content\/uploads\/2022\/05\/Depositphotos_459269766_S-300x150.jpg\" alt=\"Cepillo de dientes natural Miswak de BLISSANY\" class=\"wp-image-10636\" srcset=\"https:\/\/nutrident.fr\/wp-content\/uploads\/2022\/05\/Depositphotos_459269766_S-300x150.jpg 300w, https:\/\/nutrident.fr\/wp-content\/uploads\/2022\/05\/Depositphotos_459269766_S-768x384.jpg 768w, https:\/\/nutrident.fr\/wp-content\/uploads\/2022\/05\/Depositphotos_459269766_S-254x127.jpg 254w, https:\/\/nutrident.fr\/wp-content\/uploads\/2022\/05\/Depositphotos_459269766_S.jpg 1000w\" sizes=\"(max-width: 300px) 100vw, 300px\" \/><figcaption>Este cepillo de dientes es tan eficaz como un cepillo de dientes m\u00e1s tradicional<\/figcaption><\/figure><\/div>\n\n\n<p>Por eso este cepillo es tan bueno para sus dientes y enc\u00edas. Tiene cualidades curativas, hemost\u00e1ticas,<strong>antiinflamatorias<\/strong>, analg\u00e9sicas, purificadoras, astringentes y refrescantes.<\/p>\n\n\n\n<h2><span class=\"ez-toc-section\" id=\"%C2%BFCuales_son_los_verdaderos_beneficios_del_cepillo_de_dientes_de_madera_de_Arak\"><\/span>\u00bfCu\u00e1les son los verdaderos beneficios del cepillo de dientes de madera de Arak?<span class=\"ez-toc-section-end\"><\/span><\/h2>\n\n\n\n<p>La ciencia moderna ha demostrado ampliamente la eficacia de los cepillos de dientes <strong>Arakwood <\/strong>y BLISSANY Arakwood. Cambiando sus cepillos de dientes habituales por estas ra\u00edces, fortalecer\u00e1 sus dientes y enc\u00edas y evitar\u00e1 las caries y las bacterias.<\/p>\n\n\n\n<p>Adem\u00e1s, evitar\u00e1 el <strong>sangrado y la inflamaci\u00f3n<\/strong> de las enc\u00edas. Por inveros\u00edmil que parezca, la ra\u00edz de madera de arak ayuda a curar y reducir el dolor dental al tiempo que disminuye el riesgo de formaci\u00f3n de sarro.  <\/p>\n\n\n\n<p>Dejar\u00e1 su aliento fresco durante muchas horas.<\/p>\n\n\n\n<div class=\"wp-container-2 is-content-justification-center wp-block-buttons\">\n<div class=\"wp-block-button\"><a class=\"wp-block-button__link has-white-color has-vivid-cyan-blue-background-color has-text-color has-background\" href=\"https:\/\/amzn.to\/38oOVpr\" target=\"_blank\" rel=\"noreferrer noopener\">Encuentra este producto al mejor precio<\/a><\/div>\n<\/div>\n\n\n\n<h2><span class=\"ez-toc-section\" id=\"%C2%BFComo_utilizar_el_cepillo_de_dientes_de_madera_BLISSANY_Arak\"><\/span>\u00bfC\u00f3mo utilizar el cepillo de dientes de madera BLISSANY Arak?<span class=\"ez-toc-section-end\"><\/span><\/h2>\n\n\n\n<p>Es muy f\u00e1cil utilizar el cepillo de dientes de madera BLISSANY Arak. Empiece por desenredar el paquete y sacar una ra\u00edz de la caja, luego recorte un extremo del palo o mast\u00edquelo durante un cent\u00edmetro.<\/p>\n\n\n\n<p>De este modo, se descubren <strong>las fibras<\/strong> que adoptan el aspecto de las cerdas de un cepillo de dientes convencional. A continuaci\u00f3n: cep\u00edllese los dientes con la punta sin pasta, despu\u00e9s de humedecerla primero.  <\/p>\n\n\n\n<p>Si las fibras se da\u00f1an, simplemente repita el proceso. Pele la corteza un cent\u00edmetro.<\/p>\n\n\n\n<p>Antes de cepillarse los dientes, debe lavar primero su <strong>cepillo dental BLISSANY Arakwood<\/strong> con agua limpia. En Oriente Medio y la India, la gente prefiere utilizar agua de rosas para este paso. Coloque el cepillo de madera Arak en la parte superior del diente, en la l\u00ednea de las enc\u00edas, y comience a frotar hacia fuera.<\/p>\n\n\n\n<p>Esto debe hacerse para ambos lados de cada diente. Se requiere un m\u00ednimo de cinco minutos de limpieza para que sea eficaz.<\/p>\n\n\n\n<p> <strong>La lengua<\/strong> tambi\u00e9n debe <strong>limpiarse<\/strong> con el cepillo dental de madera BLISSANY Arak para eliminar la pel\u00edcula blanquecina que tiende a acumularse en la parte posterior de la lengua. Despu\u00e9s de la sesi\u00f3n, aclare los dientes y guarde el cepillo en posici\u00f3n vertical hasta el siguiente uso.<\/p>\n\n\n\n<h2><span class=\"ez-toc-section\" id=\"Las_precauciones_de_uso_de_un_cepillo_de_dientes_de_madera_de_Arak_de_BLISSANY\"><\/span>Las precauciones de uso de un cepillo de dientes de madera de Arak de BLISSANY<span class=\"ez-toc-section-end\"><\/span><\/h2>\n\n\n<div class=\"wp-block-image\">\n<figure class=\"alignright size-medium\"><img width=\"300\" height=\"149\" src=\"https:\/\/nutrident.fr\/wp-content\/uploads\/2022\/05\/Depositphotos_10002624_S-300x149.jpg\" alt=\"Cepillo de dientes natural Miswak de BLISSANY\" class=\"wp-image-10639\" srcset=\"https:\/\/nutrident.fr\/wp-content\/uploads\/2022\/05\/Depositphotos_10002624_S-300x149.jpg 300w, https:\/\/nutrident.fr\/wp-content\/uploads\/2022\/05\/Depositphotos_10002624_S-768x382.jpg 768w, https:\/\/nutrident.fr\/wp-content\/uploads\/2022\/05\/Depositphotos_10002624_S-254x126.jpg 254w, https:\/\/nutrident.fr\/wp-content\/uploads\/2022\/05\/Depositphotos_10002624_S.jpg 1000w\" sizes=\"(max-width: 300px) 100vw, 300px\" \/><figcaption>Algunas personas son al\u00e9rgicas a la madera de Arak<\/figcaption><\/figure><\/div>\n\n\n<p>El cepillo dental BLISSANY Arakwood es seguro, pero hay algunos casos raros <strong>de alergias <\/strong>al utilizarlo. Si una persona es al\u00e9rgica a la madera de arak, lo notar\u00e1 inmediatamente por el picor en las enc\u00edas o en la garganta.<\/p>\n\n\n\n<p>Tambi\u00e9n puede manifestarse con estornudos y la aparici\u00f3n de <strong>rojeces <\/strong>alrededor de la boca. Ante esto, tiene que dejar de usar el cepillo de dientes. Si los s\u00edntomas persisten, se debe consultar a un m\u00e9dico.<\/p>\n\n\n\n<p>Como el <strong>movimiento de cepillado <\/strong>con una ra\u00edz de madera de Arak es diferente al del cepillado, no se recomienda el uso de este cepillo a las personas propensas a aflojarse los dientes.<\/p>\n\n\n\n<p>A continuaci\u00f3n de este art\u00edculo, le invitamos a leer nuestra <a href=\"https:\/\/nutrident.fr\/es\/blanqueamiento-profesional\/kit-blanqueador-dental\/\" target=\"_blank\" rel=\"noreferrer noopener\">rese\u00f1a del producto de blanqueamiento smile avenue<\/a>.<\/p>\n<div class=\"article-data before-content\"><div class=\"article-data__date\"><div class=\"article-data__date-modified\"><time class=\"published\" datetime=\"2022-10-28T10:11:18+00:00\">This article was originally published on&nbsp;<span class=\"2\">octubre 28, 2022<\/span>&nbsp;and was most recently updated on&nbsp;<span>junio 13, 2023<\/span><\/time><br><\/div><\/div><\/div><div class=\"user-info\">    <div class=\"user-info__body\">\r\n      <div class=\"user-info__caption\"><span>Contributors:<\/span><\/div>\r\n\t\t\t        <div class=\"user-info__wrap \">\r\n          <div class=\"user-info__data\">\r\n            <div class=\"user-info__data__info\">\r\n              <div class=\"photo\">\r\n\t\t\t\t\t\t\t\t<img width=\"66\" height=\"61\" src=\"https:\/\/nutrident.fr\/wp-content\/uploads\/2023\/06\/unnamed-66x61.jpg\" class=\"attachment-profileImageAuthor size-profileImageAuthor wp-post-image\" alt=\"Dr Abel Jes\u00fas Pederzoli\" loading=\"lazy\" srcset=\"https:\/\/nutrident.fr\/wp-content\/uploads\/2023\/06\/unnamed-66x61.jpg 66w, https:\/\/nutrident.fr\/wp-content\/uploads\/2023\/06\/unnamed-300x279.jpg 300w, https:\/\/nutrident.fr\/wp-content\/uploads\/2023\/06\/unnamed-1024x952.jpg 1024w, https:\/\/nutrident.fr\/wp-content\/uploads\/2023\/06\/unnamed-768x714.jpg 768w, https:\/\/nutrident.fr\/wp-content\/uploads\/2023\/06\/unnamed-204x190.jpg 204w, https:\/\/nutrident.fr\/wp-content\/uploads\/2023\/06\/unnamed-120x112.jpg 120w, https:\/\/nutrident.fr\/wp-content\/uploads\/2023\/06\/unnamed.jpg 1125w\" sizes=\"(max-width: 66px) 100vw, 66px\" \/>              <\/div>\r\n              <a href=\"https:\/\/nutrident.fr\/es\/author\/dr-abel-jesus-pederzoli\/\" class=\"name\">Dr Abel Jes\u00fas Pederzoli<\/a>\r\n            <\/div>\r\n            <div class=\"user-info__data__social\">\r\n\t\t\t\t\t\t\t\t\t\t\t\t\t\t\t\t\t\t\t\t\t          <a href=\"https:\/\/clinicaleixample.es\/\"\r\n             class=\"soc-item website\">website<\/a>\r\n\t\t\t\t          <a href=\"http:\/\/linkedin.com\/in\/abel-jes%C3%BAs-pederzoli\"\r\n             class=\"soc-item linkedin\">linkedin<\/a>\r\n\t\t\t\t            <\/div>\r\n          <\/div>\r\n          <div class=\"user-info__description\">\r\n\t\t\t\t\t\t\t\t\t\t\t\t\t<p>Con t\u00edtulos obtenidos en la Facultad de Odontolog\u00eda de la Universidad Nacional de La Plata y una participaci\u00f3n activa en congresos y jornadas, el Dr. Pederzoli se mantiene actualizado en las \u00faltimas t\u00e9cnicas y avances en odontolog\u00eda. Actualmente se encuentra desarrollando un proyecto de consultor\u00eda tecnol\u00f3gica aplicada a cl\u00ednicas dentales.<\/p>\n\t\t\t\t\t\t          <\/div>\r\n        <\/div>\r\n\t\t\t\t    <\/div>\r\n\t<\/div>","protected":false},"excerpt":{"rendered":"<p>Contributor:&nbsp; Dr Abel Jes\u00fas Pederzoli Updated:&nbsp;junio 13, 2023 Nutrident est\u00e1 financiado por sus lectores. Cuando compras en nuestro sitio, a veces ganamos comisiones de afiliaci\u00f3n que no suponen ning\u00fan coste para ti. Lee m\u00e1s. Blanquear los dientes sin utilizar un cepillo de dientes convencional, pasta de dientes, carb\u00f3n vegetal o bicarbonato de sodio es ahora [&hellip;]<\/p>\n","protected":false},"author":14,"featured_media":10635,"parent":0,"menu_order":0,"comment_status":"closed","ping_status":"closed","template":"","meta":{"inline_featured_image":false},"acf":[],"_links":{"self":[{"href":"https:\/\/nutrident.fr\/es\/wp-json\/wp\/v2\/pages\/17036"}],"collection":[{"href":"https:\/\/nutrident.fr\/es\/wp-json\/wp\/v2\/pages"}],"about":[{"href":"https:\/\/nutrident.fr\/es\/wp-json\/wp\/v2\/types\/page"}],"author":[{"embeddable":true,"href":"https:\/\/nutrident.fr\/es\/wp-json\/wp\/v2\/users\/14"}],"replies":[{"embeddable":true,"href":"https:\/\/nutrident.fr\/es\/wp-json\/wp\/v2\/comments?post=17036"}],"version-history":[{"count":5,"href":"https:\/\/nutrident.fr\/es\/wp-json\/wp\/v2\/pages\/17036\/revisions"}],"predecessor-version":[{"id":21778,"href":"https:\/\/nutrident.fr\/es\/wp-json\/wp\/v2\/pages\/17036\/revisions\/21778"}],"wp:featuredmedia":[{"embeddable":true,"href":"https:\/\/nutrident.fr\/es\/wp-json\/wp\/v2\/media\/10635"}],"wp:attachment":[{"href":"https:\/\/nutrident.fr\/es\/wp-json\/wp\/v2\/media?parent=17036"}],"curies":[{"name":"wp","href":"https:\/\/api.w.org\/{rel}","templated":true}]}}