

{"id":17038,"date":"2022-10-28T10:27:39","date_gmt":"2022-10-28T10:27:39","guid":{"rendered":"https:\/\/nutrident.fr\/?page_id=17038"},"modified":"2023-06-13T10:26:29","modified_gmt":"2023-06-13T10:26:29","slug":"gingivitis-y-carencia-de-zinc","status":"publish","type":"page","link":"https:\/\/nutrident.fr\/es\/gingivitis-y-carencia-de-zinc\/","title":{"rendered":"Gingivitis y deficiencia de zinc: \u00bfest\u00e1n relacionadas?"},"content":{"rendered":"<div class=\"meta\"><div class=\"meta__users\">    <div class=\"meta__users__reviewed\">\r\n      <p class=\"meta__users__caption\">Contributor:&nbsp;<\/p>\r\n      <div class=\"users\">\r\n        <span class=\"users__user\">\r\n          <a href=\"#\">Dr Abel Jes\u00fas Pederzoli<\/a>\r\n        <\/span>\r\n      <\/div>\r\n    <\/div>\r\n\t<\/div><div class=\"meta__date-modified\">Updated:&nbsp;<span>junio 13, 2023<\/span><\/div><\/div><div class=\"wp-block-image\">\n<figure class=\"alignright size-large is-resized\"><img src=\"https:\/\/nutrident.fr\/wp-content\/uploads\/2023\/02\/salud-oral-y-zinc-1024x682.jpg\" alt=\"\" class=\"wp-image-20192\" width=\"300\" height=\"200\" srcset=\"https:\/\/nutrident.fr\/wp-content\/uploads\/2023\/02\/salud-oral-y-zinc-1024x682.jpg 1024w, https:\/\/nutrident.fr\/wp-content\/uploads\/2023\/02\/salud-oral-y-zinc-300x200.jpg 300w, https:\/\/nutrident.fr\/wp-content\/uploads\/2023\/02\/salud-oral-y-zinc-768x512.jpg 768w, https:\/\/nutrident.fr\/wp-content\/uploads\/2023\/02\/salud-oral-y-zinc-1536x1024.jpg 1536w, https:\/\/nutrident.fr\/wp-content\/uploads\/2023\/02\/salud-oral-y-zinc-254x169.jpg 254w, https:\/\/nutrident.fr\/wp-content\/uploads\/2023\/02\/salud-oral-y-zinc.jpg 2000w\" sizes=\"(max-width: 300px) 100vw, 300px\" \/><figcaption>Alimentos ricos en zinc<\/figcaption><\/figure><\/div>\n\n\n<p>La enfermedad periodontal es bastante com\u00fan y, en muchos casos, el sangrado de las enc\u00edas es una se\u00f1al de que tu cuerpo no est\u00e1 recibiendo suficientes nutrientes esenciales. <\/p>\n\n\n\n<p>Seg\u00fan investigaciones y estudios, el zinc juega un papel clave en el sistema inmunol\u00f3gico del cuerpo y su deficiencia puede ser uno de los factores que provocan sangrado de las enc\u00edas y gingivitis. Descubre por qu\u00e9 tus enc\u00edas sangran y c\u00f3mo prevenirlo incorporando alimentos ricos en zinc en tu dieta diaria.<\/p>\n\n\n\n<div id=\"ez-toc-container\" class=\"ez-toc-v2_0_33_2 counter-hierarchy ez-toc-counter ez-toc-white ez-toc-container-direction\">\n<div class=\"ez-toc-title-container\">\n<p class=\"ez-toc-title\">Contenus<\/p>\n<span class=\"ez-toc-title-toggle\"><a href=\"#\" class=\"ez-toc-pull-right ez-toc-btn ez-toc-btn-xs ez-toc-btn-default ez-toc-toggle\" style=\"display: none;\"><label for=\"item\" aria-label=\"Tabla de contenidos\"><i class=\"ez-toc-glyphicon ez-toc-icon-toggle\"><\/i><\/label><input type=\"checkbox\" id=\"item\"><\/a><\/span><\/div>\n<nav><ul class='ez-toc-list ez-toc-list-level-1'><li class='ez-toc-page-1 ez-toc-heading-level-2'><a class=\"ez-toc-link ez-toc-heading-1\" href=\"https:\/\/nutrident.fr\/es\/gingivitis-y-carencia-de-zinc\/#%C2%BFLa_carencia_de_vitaminas_provoca_el_sangrado_de_las_encias\" title=\"\u00bfLa carencia de vitaminas provoca el sangrado de las enc\u00edas?\">\u00bfLa carencia de vitaminas provoca el sangrado de las enc\u00edas?<\/a><\/li><li class='ez-toc-page-1 ez-toc-heading-level-2'><a class=\"ez-toc-link ez-toc-heading-2\" href=\"https:\/\/nutrident.fr\/es\/gingivitis-y-carencia-de-zinc\/#%C2%BFCuales_son_los_signos_y_sintomas_de_la_deficiencia_de_zinc\" title=\"\u00bfCu\u00e1les son los signos y s\u00edntomas de la deficiencia de zinc?\">\u00bfCu\u00e1les son los signos y s\u00edntomas de la deficiencia de zinc?<\/a><\/li><li class='ez-toc-page-1 ez-toc-heading-level-2'><a class=\"ez-toc-link ez-toc-heading-3\" href=\"https:\/\/nutrident.fr\/es\/gingivitis-y-carencia-de-zinc\/#%C2%BFCuales_son_los_beneficios_del_zinc_para_la_salud\" title=\"\u00bfCu\u00e1les son los beneficios del zinc para la salud?\">\u00bfCu\u00e1les son los beneficios del zinc para la salud?<\/a><\/li><li class='ez-toc-page-1 ez-toc-heading-level-2'><a class=\"ez-toc-link ez-toc-heading-4\" href=\"https:\/\/nutrident.fr\/es\/gingivitis-y-carencia-de-zinc\/#%C2%BFCual_es_la_relacion_entre_el_zinc_y_el_sangrado_de_las_encias\" title=\"\u00bfCu\u00e1l es la relaci\u00f3n entre el zinc y el sangrado de las enc\u00edas?\">\u00bfCu\u00e1l es la relaci\u00f3n entre el zinc y el sangrado de las enc\u00edas?<\/a><\/li><li class='ez-toc-page-1 ez-toc-heading-level-2'><a class=\"ez-toc-link ez-toc-heading-5\" href=\"https:\/\/nutrident.fr\/es\/gingivitis-y-carencia-de-zinc\/#%C2%BFCual_es_la_dosis_diaria_de_zinc_recomendada\" title=\"\u00bfCu\u00e1l es la dosis diaria de zinc recomendada?\">\u00bfCu\u00e1l es la dosis diaria de zinc recomendada?<\/a><\/li><li class='ez-toc-page-1 ez-toc-heading-level-2'><a class=\"ez-toc-link ez-toc-heading-6\" href=\"https:\/\/nutrident.fr\/es\/gingivitis-y-carencia-de-zinc\/#Fuentes_alimentarias_de_zinc\" title=\"Fuentes alimentarias de zinc\">Fuentes alimentarias de zinc<\/a><\/li><\/ul><\/nav><\/div>\n<h2><span class=\"ez-toc-section\" id=\"%C2%BFLa_carencia_de_vitaminas_provoca_el_sangrado_de_las_encias\"><\/span>\u00bfLa carencia de vitaminas provoca el sangrado de las enc\u00edas?<span class=\"ez-toc-section-end\"><\/span><\/h2>\n\n\n\n<p>Para empezar, el zinc no es una vitamina sino un oligoelemento, lo que significa que solo <strong>se encuentra en cantidades m\u00ednimas<\/strong> en el organismo.<\/p>\n\n\n<div class=\"wp-block-image\">\n<figure class=\"alignright size-medium\"><img width=\"300\" height=\"195\" src=\"https:\/\/nutrident.fr\/wp-content\/uploads\/2022\/05\/Depositphotos_83404238_S-300x195.jpg\" alt=\"\" class=\"wp-image-10494\" srcset=\"https:\/\/nutrident.fr\/wp-content\/uploads\/2022\/05\/Depositphotos_83404238_S-300x195.jpg 300w, https:\/\/nutrident.fr\/wp-content\/uploads\/2022\/05\/Depositphotos_83404238_S-768x500.jpg 768w, https:\/\/nutrident.fr\/wp-content\/uploads\/2022\/05\/Depositphotos_83404238_S-254x165.jpg 254w, https:\/\/nutrident.fr\/wp-content\/uploads\/2022\/05\/Depositphotos_83404238_S.jpg 1000w\" sizes=\"(max-width: 300px) 100vw, 300px\" \/><figcaption>La carencia de zinc puede afectar las enc\u00edas<\/figcaption><\/figure><\/div>\n\n\n<p>Si tienes una higiene dental casi perfecta, pero tienes una deficiencia de zinc, tus enc\u00edas pueden presentar varios problemas. Puedes cepillarse los dientes y utilizar el hilo dental a diario para combatir la <a href=\"https:\/\/nutrident.fr\/es\/sarro-dental\/\" data-type=\"post\" data-id=\"16412\">acumulaci\u00f3n de placa<\/a>, pero esto no evitar\u00e1 que se produzcan problemas m\u00e1s adelante.<\/p>\n\n\n\n<p>La <strong>microbiota intestinal y la salud oral<\/strong> tambi\u00e9n est\u00e1n estrechamente relacionadas. Si experimentas dolor o sangrado al usar el hilo dental o al cepillarte los dientes, debes considerar primero lo que est\u00e1s consumiendo. <\/p>\n\n\n\n<h3>La importancia de la nutrici\u00f3n<\/h3>\n\n\n\n<p>La nutrici\u00f3n es un factor clave para evitar la <a href=\"https:\/\/nutrident.fr\/es\/periodontitis\/\" data-type=\"URL\" data-id=\"https:\/\/nutrident.fr\/es\/periodontitis\/\" target=\"_blank\" rel=\"noreferrer noopener\">enfermedad periodontal<\/a>. Los primeros signos de la periodontitis son el <strong>sangrado de las enc\u00edas<\/strong> durante las sesiones de limpieza de los dientes: esto tambi\u00e9n se llama <a href=\"https:\/\/nutrident.fr\/es\/gingivitis\/\" target=\"_blank\" data-type=\"URL\" data-id=\"https:\/\/nutrident.fr\/es\/gingivitis\/\" rel=\"noreferrer noopener\">gingivitis<\/a>.<\/p>\n\n\n\n<p>A medida que esta enfermedad progresa, y se convierte lentamente en periodontitis, puede causar complicaciones e <strong>incluso llevar a la <a href=\"https:\/\/nutrident.fr\/es\/aflojamiento-de-los-dientes\/\" target=\"_blank\" data-type=\"URL\" data-id=\"https:\/\/nutrident.fr\/es\/aflojamiento-de-los-dientes\/\" rel=\"noreferrer noopener\">p\u00e9rdida de dientes<\/a><\/strong>. As\u00ed que si te sangran las enc\u00edas y tienes una buena higiene dental, la pregunta que debes hacerte es:<\/p>\n\n\n\n<p>\u00bfQu\u00e9 te falta? \u00bfHas cambiado tu dieta recientemente?<\/p>\n\n\n\n<h2><span class=\"ez-toc-section\" id=\"%C2%BFCuales_son_los_signos_y_sintomas_de_la_deficiencia_de_zinc\"><\/span>\u00bfCu\u00e1les son los signos y s\u00edntomas de la deficiencia de zinc?<span class=\"ez-toc-section-end\"><\/span><\/h2>\n\n\n\n<p>El <a href=\"https:\/\/nutrident.fr\/es\/inflamacion-de-encias\/\" target=\"_blank\" data-type=\"URL\" data-id=\"https:\/\/nutrident.fr\/es\/inflamacion-de-encias\/\" rel=\"noreferrer noopener\">sangrado de las enc\u00edas<\/a> es un indicio de deficiencia de zinc. Sin embargo, es realmente un segmento espec\u00edfico de la poblaci\u00f3n el que m\u00e1s sufre. Y es que las investigaciones indican que la carencia de zinc es m\u00e1s frecuente en las <a href=\"https:\/\/ods.od.nih.gov\/factsheets\/Zinc-HealthProfessional\/\" data-type=\"URL\" data-id=\"https:\/\/ods.od.nih.gov\/factsheets\/Zinc-HealthProfessional\/\" target=\"_blank\" rel=\"noreferrer noopener\">personas mayores y en las mujeres embarazadas<\/a> por diversas razones.<\/p>\n\n\n\n<h3>Deficiencia de zinc en mujeres embarazadas<\/h3>\n\n\n\n<p>Casi el 80% de las mujeres embarazadas de Estados Unidos se consideran deficientes de zinc, ya que necesitan <strong>tres veces la dosis diaria de zinc para el crecimiento del feto<\/strong>.<\/p>\n\n\n<div class=\"wp-block-image\">\n<figure class=\"alignright size-medium\"><img width=\"300\" height=\"200\" src=\"https:\/\/nutrident.fr\/wp-content\/uploads\/2018\/10\/adult-blur-close-up-736842-300x200.jpg\" alt=\"Beneficios del zinc\" class=\"wp-image-135\"\/><figcaption>El zinc estimula el crecimiento<\/figcaption><\/figure><\/div>\n\n\n<p>Las mujeres embarazadas deben vigilar su consumo de hierro, pero no deben aumentar su consumo de zinc al mismo tiempo. Por ello, se sugiere que las mujeres embarazadas tomen un <strong>suplemento de zinc<\/strong> durante el embarazo para alcanzar su objetivo diario.<\/p>\n\n\n\n<p>Adem\u00e1s, las investigaciones muestran que <strong>el 30% de las personas mayores no comen lo suficiente<\/strong> a diario, lo que les impide obtener suficiente zinc y posiblemente otros nutrientes.<\/p>\n\n\n\n<h3>La carencia de zinc en ancianos<\/h3>\n\n\n\n<p>Los ancianos necesitan la misma cantidad de zinc que el adulto medio, por lo que es importante incorporar a su dieta el mayor n\u00famero posible de alimentos que contengan zinc. Si la deficiencia persiste, y no han logrado cambiar su dieta, entonces deben tomar un suplemento.<\/p>\n\n\n\n<h2><span class=\"ez-toc-section\" id=\"%C2%BFCuales_son_los_beneficios_del_zinc_para_la_salud\"><\/span>\u00bfCu\u00e1les son los beneficios del zinc para la salud?<span class=\"ez-toc-section-end\"><\/span><\/h2>\n\n\n\n<p><a href=\"https:\/\/www.emedicinehealth.com\/zinc\/vitamins-supplements.htm\" data-type=\"URL\" data-id=\"https:\/\/www.emedicinehealth.com\/zinc\/vitamins-supplements.htm\" target=\"_blank\" rel=\"noreferrer noopener\">Estudios recientes<\/a> que hablan sobre el zinc han llegado a llamarlo \u00abel mineral milagroso\u00bb. El zinc est\u00e1 considerado como <strong>uno de los nutrientes m\u00e1s importantes<\/strong> del organismo debido a sus numerosos beneficios. Este elemento ayuda a:<\/p>\n\n\n\n<ul><li>Fortalecer eu sistema inmunol\u00f3gico<\/li><li>Combatir la inflamaci\u00f3n<\/li><li>Estimular el crecimiento<\/li><li>Impulsar la curaci\u00f3n de las heridas<\/li><li>Combatir el envejecimiento de la piel<\/li><li>Combatir los virus y los resfriados<\/li><li>Mantener el metabolismo sano<\/li><li>Mejorar el sentido del gusto<\/li><li>Mejorar la circulaci\u00f3n<\/li><li>Mejorar la actividad sexual<\/li><\/ul>\n\n\n<div class=\"wp-block-image\">\n<figure class=\"alignright\"><a href=\"https:\/\/www.amazon.fr\/ZINC-Citrate-PLASTIMEA-NUTRI-FABRICATION\/dp\/B06XKPW9FW\/ref=as_li_ss_il?__mk_fr_FR=%C3%85M%C3%85%C5%BD%C3%95%C3%91&keywords=zinc+citrate+nouveau&qid=1565280603&s=gateway&sr=8-3&linkCode=li3&tag=thehubragiden-21&linkId=31d848f8b14729bce56052676247b544&language=fr_FR\" target=\"_blank\" rel=\"noopener noreferrer\"><img src=\"\/\/ws-eu.amazon-adsystem.com\/widgets\/q?_encoding=UTF8&ASIN=B06XKPW9FW&Format=_SL250_&ID=AsinImage&MarketPlace=FR&ServiceVersion=20070822&WS=1&tag=thehubragiden-21&language=fr_FR\" alt=\"\"\/><\/a><\/figure><\/div>\n\n\n<p>El zinc interviene en <strong>m\u00e1s de cien procesos enzim\u00e1ticos<\/strong> importantes para el organismo: interviene en la s\u00edntesis de ADN, ARN y prote\u00ednas, en los procesos inmunitarios y de curaci\u00f3n de heridas, en la reproducci\u00f3n y en el crecimiento.<\/p>\n\n\n\n<p>Tambi\u00e9n <a href=\"https:\/\/www.passeportsante.net\/fr\/Solutions\/PlantesSupplements\/Fiche.aspx?doc=zinc_ps\" data-type=\"URL\" data-id=\"https:\/\/www.passeportsante.net\/fr\/Solutions\/PlantesSupplements\/Fiche.aspx?doc=zinc_ps\" target=\"_blank\" rel=\"noreferrer noopener\">desempe\u00f1a un papel importante<\/a> en el establecimiento del <strong>estado de \u00e1nimo y el aprendizaje<\/strong>, as\u00ed como en la visi\u00f3n, el gusto y el olfato.<\/p>\n\n\n\n<p>Como habr\u00e1s notado, el zinc es muy importante para la salud general del cuerpo. M\u00e1s adelante en este art\u00edculo encontrar\u00e1s qu\u00e9<strong> alimentos<\/strong> son ricos en este mineral. Si deseas utilizar suplementos en forma de c\u00e1psulas, te recomendamos los suplementos de zinc de Nutrim\u00e9a.<\/p>\n\n\n\n<h2><span class=\"ez-toc-section\" id=\"%C2%BFCual_es_la_relacion_entre_el_zinc_y_el_sangrado_de_las_encias\"><\/span>\u00bfCu\u00e1l es la relaci\u00f3n entre el zinc y el sangrado de las enc\u00edas?<span class=\"ez-toc-section-end\"><\/span><\/h2>\n\n\n\n<p>Quiz\u00e1 te pregunte por qu\u00e9 el zinc es tan importante para las enc\u00edas. La respuesta es que el zinc ayuda a <strong>curar las heridas y participa activamente en la cicatrizaci\u00f3n<\/strong>.<\/p>\n\n\n\n<p>Los resultados de nuevas investigaciones sugieren que<strong> la salud periodontal mejora significativamente <\/strong>con una dieta que contenga zinc, mientras que con dietas deficientes en zinc se corre el riesgo de desarrollar la enfermedad periodontal.<\/p>\n\n\n\n<p>Cuando se combina con la vitamina A, el zinc ayudar\u00e1 a transportar la vitamina en la sangre para combatir la inflamaci\u00f3n. Este mineral tambi\u00e9n es tu principal defensa <strong>contra la formaci\u00f3n de placa<\/strong> alrededor de los dientes. Si no recibes suficiente zinc, es m\u00e1s dif\u00edcil que tu cuerpo lleve la vitamina A a los dientes para ayudarlos a sanar de forma natural.<\/p>\n\n\n\n<h2><span class=\"ez-toc-section\" id=\"%C2%BFCual_es_la_dosis_diaria_de_zinc_recomendada\"><\/span>\u00bfCu\u00e1l es la dosis diaria de zinc recomendada?<span class=\"ez-toc-section-end\"><\/span><\/h2>\n\n\n\n<p>Es importante centrarse en los alimentos que aportan la cantidad diaria de zinc que necesitas. Tu cuerpo no almacena los suplementos de zinc, por lo que debemos asegurarnos de <strong>consumirlo a diario<\/strong>. <\/p>\n\n\n\n<p>La cantidad diet\u00e9tica recomendada de zinc es:<\/p>\n\n\n\n<ul><li>Mujeres: 8 mg<\/li><li>Hombres: 11 mg<\/li><li>Ni\u00f1os: 3-5 mg<\/li><li>Mujeres embarazadas: 25 mg<\/li><\/ul>\n\n\n\n<p>En general, el zinc se utiliza en dos dosis est\u00e1ndar. La <strong>dosis baja es de 5-10 mg<\/strong> y la<strong> alta de 25-45 mg<\/strong>. La dosis baja funciona bien como preventivo diario, mientras que la llamada dosis alta deber\u00eda ser considerada por cualquier persona con una deficiencia de zinc. Si tienes una condici\u00f3n de deficiencia de zinc, necesitar\u00e1s una dosis de 20\/30 mg para elevar tus niveles.<\/p>\n\n\n<div class=\"wp-block-image\">\n<figure class=\"alignright size-medium\"><img width=\"300\" height=\"200\" src=\"https:\/\/nutrident.fr\/wp-content\/uploads\/2018\/10\/crab-cuisine-delicious-566344-300x200.jpg\" alt=\"\" class=\"wp-image-139\" srcset=\"https:\/\/nutrident.fr\/wp-content\/uploads\/2018\/10\/crab-cuisine-delicious-566344-300x200.jpg 300w, https:\/\/nutrident.fr\/wp-content\/uploads\/2018\/10\/crab-cuisine-delicious-566344.jpg 658w\" sizes=\"(max-width: 300px) 100vw, 300px\" \/><figcaption>El zinc se encuentra en muchos alimentos<\/figcaption><\/figure><\/div>\n\n\n<h2><span class=\"ez-toc-section\" id=\"Fuentes_alimentarias_de_zinc\"><\/span>Fuentes alimentarias de zinc<span class=\"ez-toc-section-end\"><\/span><\/h2>\n\n\n\n<p>Puede obtener zinc de una variedad de alimentos:<\/p>\n\n\n\n<ul><li>Aves de corral<\/li><li>Carne<\/li><li>Mariscos<\/li><li>Productos l\u00e1cteos<\/li><li>Granos enteros<\/li><li>Nueces<\/li><\/ul>\n\n\n\n<p><u>Esta es una tabla de los alimentos que contienen zinc<\/u>:<\/p>\n\n\n\n<figure class=\"wp-block-table\"><table><tbody><tr><td>Alimentos<\/td><td>Porci\u00f3n (mg\/oz)<\/td><td>Zinc (mg)<\/td><\/tr><tr><td>Pollo<\/td><td>70 mg (2,5 oz)<\/td><td>1.3-2.2<\/td><\/tr><tr><td>Carne de vacuno<\/td><td>70 mg (2,5 oz)<\/td><td>4-8.6<\/td><\/tr><tr><td>H\u00edgado, ternera<\/td><td>70 mg (2,5 oz)<\/td><td>2.3-7.4<\/td><\/tr><tr><td>Leche<\/td><td>42,5 mg (1,5 oz)<\/td><td>1.2-2.2<\/td><\/tr><tr><td>Camarones<\/td><td>70 mg (2,5 oz)<\/td><td>2.2<\/td><\/tr><tr><td>Ostras<\/td><td>70 mg (2,5 oz)<\/td><td>24.9<\/td><\/tr><\/tbody><\/table><\/figure>\n<div class=\"article-data before-content\"><div class=\"article-data__date\"><div class=\"article-data__date-modified\"><time class=\"published\" datetime=\"2022-10-28T10:27:39+00:00\">This article was originally published on&nbsp;<span class=\"2\">octubre 28, 2022<\/span>&nbsp;and was most recently updated on&nbsp;<span>junio 13, 2023<\/span><\/time><br><\/div><\/div><\/div><div class=\"user-info\">    <div class=\"user-info__body\">\r\n      <div class=\"user-info__caption\"><span>Contributors:<\/span><\/div>\r\n\t\t\t        <div class=\"user-info__wrap \">\r\n          <div class=\"user-info__data\">\r\n            <div class=\"user-info__data__info\">\r\n              <div class=\"photo\">\r\n\t\t\t\t\t\t\t\t<img width=\"66\" height=\"61\" src=\"https:\/\/nutrident.fr\/wp-content\/uploads\/2023\/06\/unnamed-66x61.jpg\" class=\"attachment-profileImageAuthor size-profileImageAuthor wp-post-image\" alt=\"Dr Abel Jes\u00fas Pederzoli\" loading=\"lazy\" srcset=\"https:\/\/nutrident.fr\/wp-content\/uploads\/2023\/06\/unnamed-66x61.jpg 66w, https:\/\/nutrident.fr\/wp-content\/uploads\/2023\/06\/unnamed-300x279.jpg 300w, https:\/\/nutrident.fr\/wp-content\/uploads\/2023\/06\/unnamed-1024x952.jpg 1024w, https:\/\/nutrident.fr\/wp-content\/uploads\/2023\/06\/unnamed-768x714.jpg 768w, https:\/\/nutrident.fr\/wp-content\/uploads\/2023\/06\/unnamed-204x190.jpg 204w, https:\/\/nutrident.fr\/wp-content\/uploads\/2023\/06\/unnamed-120x112.jpg 120w, https:\/\/nutrident.fr\/wp-content\/uploads\/2023\/06\/unnamed.jpg 1125w\" sizes=\"(max-width: 66px) 100vw, 66px\" \/>              <\/div>\r\n              <a href=\"https:\/\/nutrident.fr\/es\/author\/dr-abel-jesus-pederzoli\/\" class=\"name\">Dr Abel Jes\u00fas Pederzoli<\/a>\r\n            <\/div>\r\n            <div class=\"user-info__data__social\">\r\n\t\t\t\t\t\t\t\t\t\t\t\t\t\t\t\t\t\t\t\t\t          <a href=\"https:\/\/clinicaleixample.es\/\"\r\n             class=\"soc-item website\">website<\/a>\r\n\t\t\t\t          <a href=\"http:\/\/linkedin.com\/in\/abel-jes%C3%BAs-pederzoli\"\r\n             class=\"soc-item linkedin\">linkedin<\/a>\r\n\t\t\t\t            <\/div>\r\n          <\/div>\r\n          <div class=\"user-info__description\">\r\n\t\t\t\t\t\t\t\t\t\t\t\t\t<p>Con t\u00edtulos obtenidos en la Facultad de Odontolog\u00eda de la Universidad Nacional de La Plata y una participaci\u00f3n activa en congresos y jornadas, el Dr. Pederzoli se mantiene actualizado en las \u00faltimas t\u00e9cnicas y avances en odontolog\u00eda. Actualmente se encuentra desarrollando un proyecto de consultor\u00eda tecnol\u00f3gica aplicada a cl\u00ednicas dentales.<\/p>\n\t\t\t\t\t\t          <\/div>\r\n        <\/div>\r\n\t\t\t\t    <\/div>\r\n\t<\/div><!--copyscapeskip--><div class=\"medical_references\"><div class=\"medical_references__heading\"><span>Fuentes M\u00e9dicas<\/span><\/div><div class=\"medical_references__list\"><p><strong>NIH:<\/strong> <a href=\"https:\/\/ods.od.nih.gov\/factsheets\/Zinc-HealthProfessional\/\" target=\"_blank\" rel=\"noopener\">Zinc<\/a>. Consultado el 22 de febrero de 2023.<\/p>\n<p><strong>Emedicinehealth:<\/strong> <a href=\"https:\/\/www.emedicinehealth.com\/zinc\/vitamins-supplements.htm\" target=\"_blank\" rel=\"noopener\">Zinc<\/a>. Consultado el 22 de febrero de 2023.<\/p>\n<p><strong>Passeport Sante<\/strong>: <a href=\"https:\/\/www.passeportsante.net\/fr\/Solutions\/PlantesSupplements\/Fiche.aspx?doc=zinc_ps\" target=\"_blank\" rel=\"noopener\">Le Zinc<\/a>. Consultado el 22 de febrero de 2023.<\/p>\n<\/div><\/div><!--\/copyscapeskip-->","protected":false},"excerpt":{"rendered":"<p>Contributor:&nbsp; Dr Abel Jes\u00fas Pederzoli Updated:&nbsp;junio 13, 2023 La enfermedad periodontal es bastante com\u00fan y, en muchos casos, el sangrado de las enc\u00edas es una se\u00f1al de que tu cuerpo no est\u00e1 recibiendo suficientes nutrientes esenciales. Seg\u00fan investigaciones y estudios, el zinc juega un papel clave en el sistema inmunol\u00f3gico del cuerpo y su deficiencia [&hellip;]<\/p>\n","protected":false},"author":14,"featured_media":0,"parent":0,"menu_order":0,"comment_status":"closed","ping_status":"closed","template":"","meta":{"inline_featured_image":false},"acf":[],"_links":{"self":[{"href":"https:\/\/nutrident.fr\/es\/wp-json\/wp\/v2\/pages\/17038"}],"collection":[{"href":"https:\/\/nutrident.fr\/es\/wp-json\/wp\/v2\/pages"}],"about":[{"href":"https:\/\/nutrident.fr\/es\/wp-json\/wp\/v2\/types\/page"}],"author":[{"embeddable":true,"href":"https:\/\/nutrident.fr\/es\/wp-json\/wp\/v2\/users\/14"}],"replies":[{"embeddable":true,"href":"https:\/\/nutrident.fr\/es\/wp-json\/wp\/v2\/comments?post=17038"}],"version-history":[{"count":19,"href":"https:\/\/nutrident.fr\/es\/wp-json\/wp\/v2\/pages\/17038\/revisions"}],"predecessor-version":[{"id":21857,"href":"https:\/\/nutrident.fr\/es\/wp-json\/wp\/v2\/pages\/17038\/revisions\/21857"}],"wp:attachment":[{"href":"https:\/\/nutrident.fr\/es\/wp-json\/wp\/v2\/media?parent=17038"}],"curies":[{"name":"wp","href":"https:\/\/api.w.org\/{rel}","templated":true}]}}