

{"id":17047,"date":"2022-10-28T10:26:38","date_gmt":"2022-10-28T10:26:38","guid":{"rendered":"https:\/\/nutrident.fr\/?page_id=17047"},"modified":"2023-06-13T11:13:00","modified_gmt":"2023-06-13T11:13:00","slug":"invisalign","status":"publish","type":"page","link":"https:\/\/nutrident.fr\/es\/ortodoncia\/invisalign\/","title":{"rendered":"Ortodoncia invisible Invisalign: precio, ventajas y todo lo que debes saber"},"content":{"rendered":"<div class=\"meta\"><div class=\"meta__users\">    <div class=\"meta__users__reviewed\">\r\n      <p class=\"meta__users__caption\">Contributor:&nbsp;<\/p>\r\n      <div class=\"users\">\r\n        <span class=\"users__user\">\r\n          <a href=\"#\">Dr Abel Jes\u00fas Pederzoli<\/a>\r\n        <\/span>\r\n      <\/div>\r\n    <\/div>\r\n\t<\/div><div class=\"meta__date-modified\">Updated:&nbsp;<span>junio 13, 2023<\/span><\/div><\/div><div class=\"wp-block-image wp-image-7234 size-medium\">\n<figure class=\"alignright\"><img width=\"300\" height=\"200\" src=\"https:\/\/nutrident.fr\/wp-content\/uploads\/2020\/12\/marek-studzinski-8zNDmxBWZdU-unsplash-1-300x200.jpg\" alt=\"tratamiento invisible  \" class=\"wp-image-7234\" srcset=\"https:\/\/nutrident.fr\/wp-content\/uploads\/2020\/12\/marek-studzinski-8zNDmxBWZdU-unsplash-1-300x200.jpg 300w, https:\/\/nutrident.fr\/wp-content\/uploads\/2020\/12\/marek-studzinski-8zNDmxBWZdU-unsplash-1-480x320.jpg 480w, https:\/\/nutrident.fr\/wp-content\/uploads\/2020\/12\/marek-studzinski-8zNDmxBWZdU-unsplash-1.jpg 750w\" sizes=\"(max-width: 300px) 100vw, 300px\" \/><figcaption>No hay nada m\u00e1s discreto que Invisalign, \u00a1no se nota nada a simple vista!<\/figcaption><\/figure><\/div>\n\n\n<p>Si no usaste ortodoncia cuando eras ni\u00f1o, no te preocupes, no tienes que resignarte a tener dientes torcidos por el resto de tu vida. Ahora existe un tratamiento que ha revolucionado el mundo de la ortodoncia: Invisalign. Estos alineadores invisibles son la <strong>alternativa ideal a los aparatos met\u00e1licos<\/strong> que muchos adultos no quieren usar por verg\u00fcenza. En este art\u00edculo te revelamos todos los detalles sobre esta novedosa tecnolog\u00eda.<\/p>\n\n\n\n<div id=\"ez-toc-container\" class=\"ez-toc-v2_0_33_2 counter-hierarchy ez-toc-counter ez-toc-white ez-toc-container-direction\">\n<div class=\"ez-toc-title-container\">\n<p class=\"ez-toc-title\">Contenus<\/p>\n<span class=\"ez-toc-title-toggle\"><a href=\"#\" class=\"ez-toc-pull-right ez-toc-btn ez-toc-btn-xs ez-toc-btn-default ez-toc-toggle\" style=\"display: none;\"><label for=\"item\" aria-label=\"Tabla de contenidos\"><i class=\"ez-toc-glyphicon ez-toc-icon-toggle\"><\/i><\/label><input type=\"checkbox\" id=\"item\"><\/a><\/span><\/div>\n<nav><ul class='ez-toc-list ez-toc-list-level-1'><li class='ez-toc-page-1 ez-toc-heading-level-2'><a class=\"ez-toc-link ez-toc-heading-1\" href=\"https:\/\/nutrident.fr\/es\/ortodoncia\/invisalign\/#%C2%BFQue_es_Invisalign_y_como_funciona\" title=\"\u00bfQu\u00e9 es Invisalign y c\u00f3mo funciona?\">\u00bfQu\u00e9 es Invisalign y c\u00f3mo funciona?<\/a><\/li><li class='ez-toc-page-1 ez-toc-heading-level-2'><a class=\"ez-toc-link ez-toc-heading-2\" href=\"https:\/\/nutrident.fr\/es\/ortodoncia\/invisalign\/#Ventajas_de_Invisalign\" title=\"Ventajas de Invisalign\">Ventajas de Invisalign<\/a><\/li><li class='ez-toc-page-1 ez-toc-heading-level-2'><a class=\"ez-toc-link ez-toc-heading-3\" href=\"https:\/\/nutrident.fr\/es\/ortodoncia\/invisalign\/#%C2%BFCuanto_cuesta_un_tratamiento_Invisalign_Precios_actuales\" title=\"\u00bfCu\u00e1nto cuesta un tratamiento Invisalign? Precios actuales\">\u00bfCu\u00e1nto cuesta un tratamiento Invisalign? Precios actuales<\/a><\/li><li class='ez-toc-page-1 ez-toc-heading-level-2'><a class=\"ez-toc-link ez-toc-heading-4\" href=\"https:\/\/nutrident.fr\/es\/ortodoncia\/invisalign\/#%C2%BFExisten_alternativas_mas_baratas_a_Invisalign\" title=\"\u00bfExisten alternativas m\u00e1s baratas a Invisalign?\">\u00bfExisten alternativas m\u00e1s baratas a Invisalign?<\/a><\/li><\/ul><\/nav><\/div>\n<h2><span class=\"ez-toc-section\" id=\"%C2%BFQue_es_Invisalign_y_como_funciona\"><\/span>\u00bfQu\u00e9 es Invisalign y c\u00f3mo funciona?<span class=\"ez-toc-section-end\"><\/span><\/h2>\n\n\n\n<p>El concepto de Invisalign surgi\u00f3 a finales de los a\u00f1os noventa en California, Estados Unidos, y comenz\u00f3 a desarrollarse en Francia a principios de los 2000. Se trata de aparatos extra\u00edbles en forma de<strong> f\u00e9rulas transparentes<\/strong> que se pueden usar en lugar de los antiest\u00e9ticos brackets met\u00e1licos. Estos dispositivos pl\u00e1sticos ejercen presi\u00f3n sobre los dientes para enderezarlos suavemente y solo se quitan para comer y para cepillarse.<\/p>\n\n\n\n<p>El ortodoncista de Invisalign determinar\u00e1, en primer lugar, si eres compatible con este tratamiento (el 90% de los casos lo son). Si eres elegible para usar Invisalign, realizar\u00e1 un escaneo de tu boca que servir\u00e1 para planificar el tratamiento y fabricar los alineadores.<\/p>\n\n\n<div class=\"wp-block-image\">\n<figure class=\"alignright size-medium\"><img width=\"300\" height=\"200\" src=\"https:\/\/nutrident.fr\/wp-content\/uploads\/2022\/09\/invisalign-femme-300x200.jpg\" alt=\"Alineadores Invisalign\" class=\"wp-image-15618\" srcset=\"https:\/\/nutrident.fr\/wp-content\/uploads\/2022\/09\/invisalign-femme-300x200.jpg 300w, https:\/\/nutrident.fr\/wp-content\/uploads\/2022\/09\/invisalign-femme-768x512.jpg 768w, https:\/\/nutrident.fr\/wp-content\/uploads\/2022\/09\/invisalign-femme-254x169.jpg 254w, https:\/\/nutrident.fr\/wp-content\/uploads\/2022\/09\/invisalign-femme.jpg 1000w\" sizes=\"(max-width: 300px) 100vw, 300px\" \/><figcaption>Los alineadores Invisalign son eficaces y discretos <\/figcaption><\/figure><\/div>\n\n\n<p>Los alineadores se cambian a medida que avanza el tratamiento. Esto puede ser cada semana o cada quince d\u00edas. Cada juego de f\u00e9rulas se fabrica teniendo en cuenta la evoluci\u00f3n del tratamiento. <strong>Cada 6 u 8 semanas, acudir\u00e1s a una revisi\u00f3n<\/strong> para comprobar tu progreso. Seg\u00fan la observaci\u00f3n del ortodoncista, el ritmo de cambio de los alineadores se puede mantener igual o modificarse.<\/p>\n\n\n\n<p>Una vez finalizado el tratamiento, debes seguir usando alineadores para que los dientes mantengan su nueva alineaci\u00f3n. Nunca debes descuidar esta fase, ya que de lo contrario los dientes podr\u00edan volver a su posici\u00f3n anterior de forma natural. Por lo tanto, llevar\u00e1s los mismos alineadores durante algunas semanas m\u00e1s. El ortodoncista determinar\u00e1 si debes seguir llev\u00e1ndolos todo el tiempo o solo por la noche. <strong>La duraci\u00f3n total del tratamiento var\u00eda entre 6 y 24 meses.<\/strong><\/p>\n\n\n\n<p>Para saber m\u00e1s, puedes ver este v\u00eddeo donde se explica todo el procedimiento de Invisalign:  <\/p>\n\n\n\n<figure class=\"wp-block-embed is-type-video is-provider-youtube wp-block-embed-youtube wp-embed-aspect-16-9 wp-has-aspect-ratio\"><div class=\"wp-block-embed__wrapper\">\n<iframe title=\"Invisalign - \u00bfC\u00f3mo funciona la ortodoncia invisible?\" width=\"500\" height=\"281\" src=\"https:\/\/www.youtube.com\/embed\/zZ41D8wTex8?feature=oembed\" frameborder=\"0\" allow=\"accelerometer; autoplay; clipboard-write; encrypted-media; gyroscope; picture-in-picture\" allowfullscreen><\/iframe>\n<\/div><\/figure>\n\n\n\n<h2><span class=\"ez-toc-section\" id=\"Ventajas_de_Invisalign\"><\/span>Ventajas de Invisalign<span class=\"ez-toc-section-end\"><\/span><\/h2>\n\n\n\n<p>Invisalign puede ser m\u00e1s caro que otros tratamientos de ortodoncia, pero sus ventajas justifican la diferencia de coste:<\/p>\n\n\n\n<ul><li>Los alineadores son <strong>transparentes<\/strong>. No tienes que llevar brackets met\u00e1licos antiest\u00e9ticos.<\/li><li>La presi\u00f3n ejercida por las f\u00e9rulas es suficiente para mover los dientes gradualmente, pero al mismo tiempo es lo suficientemente suave como para<strong> no doler ni hacer da\u00f1o<\/strong>.<\/li><li>La <strong>comodidad es absoluta<\/strong>, ya que las f\u00e9rulas se fabrican seg\u00fan las impresiones de tus maxilares. La adaptaci\u00f3n es muy r\u00e1pida y no se sufren problemas de habla.<\/li><li>Las f\u00e9rulas <strong>son extra\u00edbles<\/strong>, por lo que te las puedes sacar para comer y cepillarte los dientes. Tambi\u00e9n puedes quit\u00e1rtelas en casos excepcionales, por ejemplo para una cita o una competici\u00f3n deportiva, para estar m\u00e1s c\u00f3modo.<\/li><li><strong>La higiene es m\u00e1s f\u00e1cil<\/strong>. Con los aparatos met\u00e1licos, los trozos de comida suelen atascarse y ocasionar dificultades para cepillarse los dientes y usar el hilo dental. Los alineadores invisibles se pueden quitar, lo cual permite cepillarse los dientes correctamente y limpiar las f\u00e9rulas al mismo tiempo.<\/li><li><strong>No hay riesgo de lesiones.<\/strong> Con los cables y brackets met\u00e1licos, son frecuentes las heridas y llagas en la lengua, el interior de las mejillas y los labios. Si practicas un deporte o tienes alg\u00fan tipo de incidente, cualquier impacto en la boca puede provocar cortadas en los tejidos del interior de la boca, lo que no ocurre con los alineadores.<\/li><\/ul>\n\n\n\n<h2><span class=\"ez-toc-section\" id=\"%C2%BFCuanto_cuesta_un_tratamiento_Invisalign_Precios_actuales\"><\/span>\u00bfCu\u00e1nto cuesta un tratamiento Invisalign? Precios actuales<span class=\"ez-toc-section-end\"><\/span><\/h2>\n\n\n\n<p>Cuando se trata de odontolog\u00eda, y m\u00e1s a\u00fan de ortodoncia, los precios son bastante elevados. Invisalign no es una excepci\u00f3n: este tratamiento es m\u00e1s caro que los aparatos met\u00e1licos.<\/p>\n\n\n\n<p>Un tratamiento de ortodoncia est\u00e1ndar cuesta entre 2.000 y 10.000 euros, mientras que Invisalign te costar\u00e1 <strong>entre 2.000 y 7.000<\/strong> euros. Esta tarifa incluye todo el tratamiento, es decir, todos los alineadores, las visitas preliminares para estudiar tus necesidades y tomar impresiones, as\u00ed como todas las consultas de seguimiento, incluida la fase de retenci\u00f3n.<\/p>\n\n\n<div class=\"wp-block-image\">\n<figure class=\"alignright size-medium\"><img width=\"300\" height=\"200\" src=\"https:\/\/nutrident.fr\/wp-content\/uploads\/2022\/09\/Depositphotos_180459498_s-2019-300x200.jpg\" alt=\"Precio de Invisalign\" class=\"wp-image-15621\" srcset=\"https:\/\/nutrident.fr\/wp-content\/uploads\/2022\/09\/Depositphotos_180459498_s-2019-300x200.jpg 300w, https:\/\/nutrident.fr\/wp-content\/uploads\/2022\/09\/Depositphotos_180459498_s-2019-768x512.jpg 768w, https:\/\/nutrident.fr\/wp-content\/uploads\/2022\/09\/Depositphotos_180459498_s-2019-254x169.jpg 254w, https:\/\/nutrident.fr\/wp-content\/uploads\/2022\/09\/Depositphotos_180459498_s-2019.jpg 1000w\" sizes=\"(max-width: 300px) 100vw, 300px\" \/><figcaption>Invisalign es uno de los tratamientos de ortodoncia m\u00e1s caros que existen<\/figcaption><\/figure><\/div>\n\n\n<p>El abanico de condiciones dentales es bastante amplio, por lo que el precio puede variar considerablemente de un paciente a otro. Si tu condici\u00f3n ortod\u00f3ntica es leve, el tratamiento te costar\u00e1 <strong>entre 2.000 y 3.000 euros<\/strong>. Sin embargo, para los casos m\u00e1s complejos se debe utilizar la versi\u00f3n completa de Invisalign y el coste <strong>puede superar los 6.000 euros<\/strong>.<\/p>\n\n\n\n<p>Tu ortodoncista podr\u00e1 aconsejarte sobre tu elegibilidad para este tratamiento y las posibles alternativas.<\/p>\n\n\n\n<h2><span class=\"ez-toc-section\" id=\"%C2%BFExisten_alternativas_mas_baratas_a_Invisalign\"><\/span>\u00bfExisten alternativas m\u00e1s baratas a Invisalign?<span class=\"ez-toc-section-end\"><\/span><\/h2>\n\n\n\n<p>En los \u00faltimos a\u00f1os, <a href=\"https:\/\/nutrident.fr\/es\/?page_id=16755\" data-type=\"page\" data-id=\"10531\">varias marcas han entrado en el mercado de la ortodoncia invisible<\/a> y ofrecen alineadores transparentes a <strong>precios mucho m\u00e1s bajos que Invisalign<\/strong>.  <\/p>\n\n\n\n<p>Algunos cuentan con servicios de <strong>ortodoncia a distancia<\/strong>, en los que el seguimiento se realiza a trav\u00e9s de una aplicaci\u00f3n m\u00f3vil. Otros ofrecen el servicio en un consultorio, muy similares a la forma en que funciona Invisalign.  <\/p>\n\n\n\n<p>En Nutrident recomendamos especialmente los alineadores de la marca alemana <strong>DrSmile<\/strong>, que permiten corregir un gran n\u00famero de problemas de alineaci\u00f3n y maloclusi\u00f3n, y que se ofrecen a precios muy competitivos: \u00a1desde 33 euros al mes!<\/p>\n\n\n\n<p><strong>Si est\u00e1s interesado en usar DrSmile, el primer paso es pedir una cita con un ortodoncista certificado<\/strong>, quien te explicar\u00e1 con detalle c\u00f3mo se realiza el tratamiento. Tambi\u00e9n analizar\u00e1 tus dientes con un esc\u00e1ner 3D para crear una simulaci\u00f3n visual del tratamiento y un plan a medida.<\/p>\n\n\n\n<div class=\"wp-container-1 is-content-justification-center wp-block-buttons\">\n<div class=\"wp-block-button\"><a class=\"wp-block-button__link has-white-color has-text-color has-background\" href=\"https:\/\/tidd.ly\/3NXzapN\" style=\"background-color:#41a3e5\" target=\"_blank\" rel=\"noopener\">Haz clic aqu\u00ed para pedir una cita con un ortodoncista de DrSmile  <\/a><\/div>\n<\/div>\n<div class=\"article-data before-content\"><div class=\"article-data__date\"><div class=\"article-data__date-modified\"><time class=\"published\" datetime=\"2022-10-28T10:26:38+00:00\">This article was originally published on&nbsp;<span class=\"2\">octubre 28, 2022<\/span>&nbsp;and was most recently updated on&nbsp;<span>junio 13, 2023<\/span><\/time><br><\/div><\/div><\/div><div class=\"user-info\">    <div class=\"user-info__body\">\r\n      <div class=\"user-info__caption\"><span>Contributors:<\/span><\/div>\r\n\t\t\t        <div class=\"user-info__wrap \">\r\n          <div class=\"user-info__data\">\r\n            <div class=\"user-info__data__info\">\r\n              <div class=\"photo\">\r\n\t\t\t\t\t\t\t\t<img width=\"66\" height=\"61\" src=\"https:\/\/nutrident.fr\/wp-content\/uploads\/2023\/06\/unnamed-66x61.jpg\" class=\"attachment-profileImageAuthor size-profileImageAuthor wp-post-image\" alt=\"Dr Abel Jes\u00fas Pederzoli\" loading=\"lazy\" srcset=\"https:\/\/nutrident.fr\/wp-content\/uploads\/2023\/06\/unnamed-66x61.jpg 66w, https:\/\/nutrident.fr\/wp-content\/uploads\/2023\/06\/unnamed-300x279.jpg 300w, https:\/\/nutrident.fr\/wp-content\/uploads\/2023\/06\/unnamed-1024x952.jpg 1024w, https:\/\/nutrident.fr\/wp-content\/uploads\/2023\/06\/unnamed-768x714.jpg 768w, https:\/\/nutrident.fr\/wp-content\/uploads\/2023\/06\/unnamed-204x190.jpg 204w, https:\/\/nutrident.fr\/wp-content\/uploads\/2023\/06\/unnamed-120x112.jpg 120w, https:\/\/nutrident.fr\/wp-content\/uploads\/2023\/06\/unnamed.jpg 1125w\" sizes=\"(max-width: 66px) 100vw, 66px\" \/>              <\/div>\r\n              <a href=\"https:\/\/nutrident.fr\/es\/author\/dr-abel-jesus-pederzoli\/\" class=\"name\">Dr Abel Jes\u00fas Pederzoli<\/a>\r\n            <\/div>\r\n            <div class=\"user-info__data__social\">\r\n\t\t\t\t\t\t\t\t\t\t\t\t\t\t\t\t\t\t\t\t\t          <a href=\"https:\/\/clinicaleixample.es\/\"\r\n             class=\"soc-item website\">website<\/a>\r\n\t\t\t\t          <a href=\"http:\/\/linkedin.com\/in\/abel-jes%C3%BAs-pederzoli\"\r\n             class=\"soc-item linkedin\">linkedin<\/a>\r\n\t\t\t\t            <\/div>\r\n          <\/div>\r\n          <div class=\"user-info__description\">\r\n\t\t\t\t\t\t\t\t\t\t\t\t\t<p>Con t\u00edtulos obtenidos en la Facultad de Odontolog\u00eda de la Universidad Nacional de La Plata y una participaci\u00f3n activa en congresos y jornadas, el Dr. Pederzoli se mantiene actualizado en las \u00faltimas t\u00e9cnicas y avances en odontolog\u00eda. Actualmente se encuentra desarrollando un proyecto de consultor\u00eda tecnol\u00f3gica aplicada a cl\u00ednicas dentales.<\/p>\n\t\t\t\t\t\t          <\/div>\r\n        <\/div>\r\n\t\t\t\t    <\/div>\r\n\t<\/div><!--copyscapeskip--><div class=\"medical_references\"><div class=\"medical_references__heading\"><span>Fuentes M\u00e9dicas<\/span><\/div><div class=\"medical_references__list\"><p><strong>Ameli.fr<\/strong>. <a href=\"https:\/\/www.ameli.fr\/assure\/remboursements\/rembourse\/soins-protheses-dentaires-optique-audition\/consultations-soins-protheses-dentaires\/remboursement-traitements-orthodontie\">Reembolso del tratamiento de ortodoncia<\/a>.<\/p>\n<p><strong>Invisalign.com.<\/strong> <a href=\"https:\/\/www.invisalign.fr\/how-invisalign-works\">\u00bfC\u00f3mo funciona el tratamiento Invisalign\u00ae?<\/a><\/p>\n<div><\/div>\n<div class=\"wrapper-date-rs\"><\/div>\n<\/div><\/div><!--\/copyscapeskip-->","protected":false},"excerpt":{"rendered":"<p>Contributor:&nbsp; Dr Abel Jes\u00fas Pederzoli Updated:&nbsp;junio 13, 2023 Si no usaste ortodoncia cuando eras ni\u00f1o, no te preocupes, no tienes que resignarte a tener dientes torcidos por el resto de tu vida. Ahora existe un tratamiento que ha revolucionado el mundo de la ortodoncia: Invisalign. Estos alineadores invisibles son la alternativa ideal a los aparatos [&hellip;]<\/p>\n","protected":false},"author":2,"featured_media":0,"parent":16771,"menu_order":0,"comment_status":"closed","ping_status":"open","template":"","meta":{"inline_featured_image":false},"acf":[],"_links":{"self":[{"href":"https:\/\/nutrident.fr\/es\/wp-json\/wp\/v2\/pages\/17047"}],"collection":[{"href":"https:\/\/nutrident.fr\/es\/wp-json\/wp\/v2\/pages"}],"about":[{"href":"https:\/\/nutrident.fr\/es\/wp-json\/wp\/v2\/types\/page"}],"author":[{"embeddable":true,"href":"https:\/\/nutrident.fr\/es\/wp-json\/wp\/v2\/users\/2"}],"replies":[{"embeddable":true,"href":"https:\/\/nutrident.fr\/es\/wp-json\/wp\/v2\/comments?post=17047"}],"version-history":[{"count":16,"href":"https:\/\/nutrident.fr\/es\/wp-json\/wp\/v2\/pages\/17047\/revisions"}],"predecessor-version":[{"id":22078,"href":"https:\/\/nutrident.fr\/es\/wp-json\/wp\/v2\/pages\/17047\/revisions\/22078"}],"up":[{"embeddable":true,"href":"https:\/\/nutrident.fr\/es\/wp-json\/wp\/v2\/pages\/16771"}],"wp:attachment":[{"href":"https:\/\/nutrident.fr\/es\/wp-json\/wp\/v2\/media?parent=17047"}],"curies":[{"name":"wp","href":"https:\/\/api.w.org\/{rel}","templated":true}]}}