

{"id":17055,"date":"2022-10-28T10:26:10","date_gmt":"2022-10-28T10:26:10","guid":{"rendered":"https:\/\/nutrident.fr\/?page_id=17055"},"modified":"2023-06-13T11:12:57","modified_gmt":"2023-06-13T11:12:57","slug":"contencion-post-ortodoncia","status":"publish","type":"page","link":"https:\/\/nutrident.fr\/es\/ortodoncia\/contencion-post-ortodoncia\/","title":{"rendered":"La fase de retenci\u00f3n: un paso necesario despu\u00e9s de usar ortodoncia"},"content":{"rendered":"<div class=\"meta\"><div class=\"meta__users\">    <div class=\"meta__users__reviewed\">\r\n      <p class=\"meta__users__caption\">Contributor:&nbsp;<\/p>\r\n      <div class=\"users\">\r\n        <span class=\"users__user\">\r\n          <a href=\"#\">Dr Abel Jes\u00fas Pederzoli<\/a>\r\n        <\/span>\r\n      <\/div>\r\n    <\/div>\r\n\t<\/div><div class=\"meta__date-modified\">Updated:&nbsp;<span>junio 13, 2023<\/span><\/div><\/div><div class=\"wp-block-image\">\n<figure class=\"alignright\"><img width=\"300\" height=\"200\" src=\"https:\/\/nutrident.fr\/wp-content\/uploads\/2020\/11\/pexels-bu-pinto-3586702-300x200.jpg\" alt=\"retenedor dental\" class=\"wp-image-7313\" srcset=\"https:\/\/nutrident.fr\/wp-content\/uploads\/2020\/11\/pexels-bu-pinto-3586702-300x200.jpg 300w, https:\/\/nutrident.fr\/wp-content\/uploads\/2020\/11\/pexels-bu-pinto-3586702-480x320.jpg 480w, https:\/\/nutrident.fr\/wp-content\/uploads\/2020\/11\/pexels-bu-pinto-3586702.jpg 750w\" sizes=\"(max-width: 300px) 100vw, 300px\" \/><\/figure><\/div>\n\n\n<p>El tratamiento de ortodoncia consiste en mover lentamente los dientes desalineados, a lo largo de varios meses o incluso a\u00f1os. Pero, una vez que los dientes se encuentran en su posici\u00f3n ideal, debes pasar por una <strong>fase final de retenci\u00f3n <\/strong>cuyo objetivo es estabilizar su nueva alineaci\u00f3n.<\/p>\n\n\n\n<p>En este art\u00edculo, <a href=\"https:\/\/nutrident.fr\/es\/\">Nutrident<\/a> te explica c\u00f3mo funcionan los distintos retenedores, cu\u00e1nto cuestan y por cu\u00e1nto tiempo hay que llevarlos.<\/p>\n\n\n\n<div id=\"ez-toc-container\" class=\"ez-toc-v2_0_33_2 counter-hierarchy ez-toc-counter ez-toc-white ez-toc-container-direction\">\n<div class=\"ez-toc-title-container\">\n<p class=\"ez-toc-title\">Contenus<\/p>\n<span class=\"ez-toc-title-toggle\"><a href=\"#\" class=\"ez-toc-pull-right ez-toc-btn ez-toc-btn-xs ez-toc-btn-default ez-toc-toggle\" style=\"display: none;\"><label for=\"item\" aria-label=\"Tabla de contenidos\"><i class=\"ez-toc-glyphicon ez-toc-icon-toggle\"><\/i><\/label><input type=\"checkbox\" id=\"item\"><\/a><\/span><\/div>\n<nav><ul class='ez-toc-list ez-toc-list-level-1'><li class='ez-toc-page-1 ez-toc-heading-level-2'><a class=\"ez-toc-link ez-toc-heading-1\" href=\"https:\/\/nutrident.fr\/es\/ortodoncia\/contencion-post-ortodoncia\/#%C2%BFPor_que_se_debe_utilizar_un_retenedor_despues_de_la_ortodoncia\" title=\"\u00bfPor qu\u00e9 se debe utilizar un retenedor despu\u00e9s de la ortodoncia?\">\u00bfPor qu\u00e9 se debe utilizar un retenedor despu\u00e9s de la ortodoncia?<\/a><\/li><li class='ez-toc-page-1 ez-toc-heading-level-2'><a class=\"ez-toc-link ez-toc-heading-2\" href=\"https:\/\/nutrident.fr\/es\/ortodoncia\/contencion-post-ortodoncia\/#%C2%BFCuales_son_los_tipos_de_retenedores_que_se_utilizan\" title=\"\u00bfCu\u00e1les son los tipos de retenedores que se utilizan?\">\u00bfCu\u00e1les son los tipos de retenedores que se utilizan?<\/a><\/li><li class='ez-toc-page-1 ez-toc-heading-level-2'><a class=\"ez-toc-link ez-toc-heading-3\" href=\"https:\/\/nutrident.fr\/es\/ortodoncia\/contencion-post-ortodoncia\/#%C2%BFCuanto_dura_el_periodo_de_retencion_post-ortodoncia\" title=\"\u00bfCu\u00e1nto dura el periodo de retenci\u00f3n post-ortodoncia?\">\u00bfCu\u00e1nto dura el periodo de retenci\u00f3n post-ortodoncia?<\/a><\/li><li class='ez-toc-page-1 ez-toc-heading-level-2'><a class=\"ez-toc-link ez-toc-heading-4\" href=\"https:\/\/nutrident.fr\/es\/ortodoncia\/contencion-post-ortodoncia\/#%C2%BFCual_cuestan_los_retenedores_de_ortodoncia\" title=\"\u00bfCu\u00e1l cuestan los retenedores de ortodoncia?  \">\u00bfCu\u00e1l cuestan los retenedores de ortodoncia?  <\/a><\/li><\/ul><\/nav><\/div>\n<h2><span class=\"ez-toc-section\" id=\"%C2%BFPor_que_se_debe_utilizar_un_retenedor_despues_de_la_ortodoncia\"><\/span>\u00bfPor qu\u00e9 se debe utilizar un retenedor despu\u00e9s de la ortodoncia?<span class=\"ez-toc-section-end\"><\/span><\/h2>\n\n\n\n<p>Si tus dientes pueden moverse, no hay nada que evite que <strong>regresen a su antigua posici\u00f3n <\/strong>y que pierdas todo el trabajo de meses o a\u00f1os usando ortodoncia. Por eso la fase de retenci\u00f3n es tan importante como el propio tratamiento.<\/p>\n\n\n\n<p>La posici\u00f3n anterior de tus dientes era estable y ayudaba a dar forma a tus maxilares. Por lo tanto, se necesita tiempo para que se acostumbren a su nueva alineaci\u00f3n, y en algunos casos hay que mantener la retenci\u00f3n de por vida. No obstante, ten por seguro que esta fase es <strong>mucho menos restrictiva<\/strong> que el tratamiento de ortodoncia.<\/p>\n\n\n\n<h2><span class=\"ez-toc-section\" id=\"%C2%BFCuales_son_los_tipos_de_retenedores_que_se_utilizan\"><\/span>\u00bfCu\u00e1les son los tipos de retenedores que se utilizan?<span class=\"ez-toc-section-end\"><\/span><\/h2>\n\n\n\n<p>El retenedor est\u00e1 dise\u00f1ado para <strong>mantener los dientes en su sitio<\/strong>, a diferencia de <a href=\"https:\/\/nutrident.fr\/es\/ortodoncia\/\" target=\"_blank\" data-type=\"URL\" data-id=\"https:\/\/nutrident.fr\/es\/ortodoncia\/\" rel=\"noreferrer noopener\">la ortodoncia<\/a> que se usa para moverlos. Esto significa que no hay que ajustarlo con el tiempo. <\/p>\n\n\n\n<p>Puedes elegir entre un retenedor removible o fijo:<\/p>\n\n\n\n<h3>Retenedor removible<\/h3>\n\n\n\n<p>Un retenedor removible es b\u00e1sicamente una placa palatina. Este es un dispositivo muy antiguo que consiste en un <strong>alambre que va sobre tus dientes<\/strong> y que se mantiene en su lugar mediante un paladar falso hecho de pl\u00e1stico r\u00edgido.<\/p>\n\n\n\n<p>Este tipo de aparato tambi\u00e9n se utiliza en ni\u00f1os como procedimiento de ortodoncia, especialmente cuando los incisivos sobresalen debido a la <a href=\"https:\/\/nutrident.fr\/es\/ortodoncia\/consequencias-pulgar-chupete\/\" target=\"_blank\" data-type=\"URL\" data-id=\"https:\/\/nutrident.fr\/es\/ortodoncia\/consequencias-pulgar-chupete\/\" rel=\"noreferrer noopener\">succi\u00f3n del pulgar<\/a>. En una mand\u00edbula joven, todav\u00eda muy maleable, puede enderezar un peque\u00f1o desplazamiento, siempre que el ni\u00f1o deje de chuparse el dedo, por supuesto.<\/p>\n\n\n<div class=\"wp-block-image\">\n<figure class=\"alignright size-large is-resized\"><img src=\"https:\/\/nutrident.fr\/wp-content\/uploads\/2022\/12\/Depositphotos_77454072_L-1024x683.jpg\" alt=\"retenedor de ortodoncia\" class=\"wp-image-19768\" width=\"300\" height=\"200\" srcset=\"https:\/\/nutrident.fr\/wp-content\/uploads\/2022\/12\/Depositphotos_77454072_L-1024x683.jpg 1024w, https:\/\/nutrident.fr\/wp-content\/uploads\/2022\/12\/Depositphotos_77454072_L-300x200.jpg 300w, https:\/\/nutrident.fr\/wp-content\/uploads\/2022\/12\/Depositphotos_77454072_L-768x512.jpg 768w, https:\/\/nutrident.fr\/wp-content\/uploads\/2022\/12\/Depositphotos_77454072_L-1536x1025.jpg 1536w, https:\/\/nutrident.fr\/wp-content\/uploads\/2022\/12\/Depositphotos_77454072_L-254x169.jpg 254w, https:\/\/nutrident.fr\/wp-content\/uploads\/2022\/12\/Depositphotos_77454072_L.jpg 2000w\" sizes=\"(max-width: 300px) 100vw, 300px\" \/><figcaption>Una f\u00e9rula transparente y una placa palatina, ambos dispositivos de retenci\u00f3n removibles<\/figcaption><\/figure><\/div>\n\n\n<p>Una t\u00e9cnica mucho m\u00e1s reciente es el uso de una<strong> f\u00e9rula<\/strong>. Esta se moldea seg\u00fan la forma de tus arcadas dentales y <strong>puede ser transparente<\/strong>, as\u00ed que no se nota. Este tipo de retenedor es especialmente \u00fatil si tienes que usarlo durante el d\u00eda.<\/p>\n\n\n\n<p>Si te has sometido a un tratamiento <a href=\"https:\/\/nutrident.fr\/es\/ortodoncia\/invisalign\/\" target=\"_blank\" data-type=\"URL\" data-id=\"https:\/\/nutrident.fr\/es\/ortodoncia\/invisalign\/\" rel=\"noreferrer noopener\">Invisalign<\/a>, el retenedor est\u00e1 incluido en el tratamiento.<\/p>\n\n\n\n<p>El paladar falso y la f\u00e9rula transparente son muy pr\u00e1cticos pues <strong>puedes retirarlos durante el d\u00eda<\/strong> y usarlos solo en la noche. Sin embargo, en algunos casos el ortodoncista recomendar\u00e1 usar el retenedor todo el tiempo durante unas semanas o meses. En este caso te lo quitar\u00e1s solo para comer y para cepillarte los dientes.<\/p>\n\n\n\n<h3>Retenedor fijo<\/h3>\n\n\n\n<p>Tu dentista puede ofrecerte un retenedor fijo. Se trata de un alambre hecho de una aleaci\u00f3n de metal que <strong>se adhiere a la cara interior de los dientes<\/strong>, normalmente de un canino a otro. Como el alambre es muy fino, no se siente y no interfiere con la alimentaci\u00f3n, el habla o el cepillado de los dientes.<\/p>\n\n\n\n<p>Los Smilers\u00ae Fix forman parte de un proceso de marca registrada que tambi\u00e9n ofrece f\u00e9rulas de ortodoncia. El concepto es que se aplica una f\u00e9rula y, cuando se retira, parte de ella queda pegada a la superficie interna de los dientes.<\/p>\n\n\n\n<p>Tanto el alambre de retenci\u00f3n fija como Smilers\u00ae Fix son procedimientos son <strong>completamente invisibles<\/strong>, ya que se colocan detr\u00e1s de los dientes. Son fijos, pero no complican el cepillado dental.<\/p>\n\n\n\n<h2><span class=\"ez-toc-section\" id=\"%C2%BFCuanto_dura_el_periodo_de_retencion_post-ortodoncia\"><\/span>\u00bfCu\u00e1nto dura el periodo de retenci\u00f3n post-ortodoncia?<span class=\"ez-toc-section-end\"><\/span><\/h2>\n\n\n\n<p>La duraci\u00f3n de la retenci\u00f3n <strong>depende de la edad<\/strong> del paciente y de la <strong>magnitud del ajuste ortod\u00f3ntico<\/strong> que se ha realizado. En los ni\u00f1os m\u00e1s peque\u00f1os, la fase de retenci\u00f3n dura aproximadamente un a\u00f1o. Como los maxilares a\u00fan no han terminado de crecer y son todav\u00eda maleables, el retenedor permite fijar la posici\u00f3n correcta de los dientes de forma permanente.<\/p>\n\n\n\n<p>Para los adultos es m\u00e1s complicado y el tratamiento de retenci\u00f3n <strong>puede llegar a ser permanente<\/strong>. Si el dentista decide interrumpirlo, es necesario asegurarse de que los dientes no vuelvan a su posici\u00f3n anterior. De lo contrario, se debe reanudar la retenci\u00f3n.<\/p>\n\n\n\n<h2><span class=\"ez-toc-section\" id=\"%C2%BFCual_cuestan_los_retenedores_de_ortodoncia\"><\/span>\u00bfCu\u00e1l cuestan los retenedores de ortodoncia?  <span class=\"ez-toc-section-end\"><\/span><\/h2>\n\n\n\n<p>Los costes var\u00edan mucho y dependen del procedimiento que elija el ortodoncista. En general, el precio se encuentra <strong>entre los 300 y los 400 euros<\/strong> el primer a\u00f1o, suma que generalmente se reduce en los siguientes a\u00f1os.<\/p>\n<div class=\"article-data before-content\"><div class=\"article-data__date\"><div class=\"article-data__date-modified\"><time class=\"published\" datetime=\"2022-10-28T10:26:10+00:00\">This article was originally published on&nbsp;<span class=\"2\">octubre 28, 2022<\/span>&nbsp;and was most recently updated on&nbsp;<span>junio 13, 2023<\/span><\/time><br><\/div><\/div><\/div><div class=\"user-info\">    <div class=\"user-info__body\">\r\n      <div class=\"user-info__caption\"><span>Contributors:<\/span><\/div>\r\n\t\t\t        <div class=\"user-info__wrap \">\r\n          <div class=\"user-info__data\">\r\n            <div class=\"user-info__data__info\">\r\n              <div class=\"photo\">\r\n\t\t\t\t\t\t\t\t<img width=\"66\" height=\"61\" src=\"https:\/\/nutrident.fr\/wp-content\/uploads\/2023\/06\/unnamed-66x61.jpg\" class=\"attachment-profileImageAuthor size-profileImageAuthor wp-post-image\" alt=\"Dr Abel Jes\u00fas Pederzoli\" loading=\"lazy\" srcset=\"https:\/\/nutrident.fr\/wp-content\/uploads\/2023\/06\/unnamed-66x61.jpg 66w, https:\/\/nutrident.fr\/wp-content\/uploads\/2023\/06\/unnamed-300x279.jpg 300w, https:\/\/nutrident.fr\/wp-content\/uploads\/2023\/06\/unnamed-1024x952.jpg 1024w, https:\/\/nutrident.fr\/wp-content\/uploads\/2023\/06\/unnamed-768x714.jpg 768w, https:\/\/nutrident.fr\/wp-content\/uploads\/2023\/06\/unnamed-204x190.jpg 204w, https:\/\/nutrident.fr\/wp-content\/uploads\/2023\/06\/unnamed-120x112.jpg 120w, https:\/\/nutrident.fr\/wp-content\/uploads\/2023\/06\/unnamed.jpg 1125w\" sizes=\"(max-width: 66px) 100vw, 66px\" \/>              <\/div>\r\n              <a href=\"https:\/\/nutrident.fr\/es\/author\/dr-abel-jesus-pederzoli\/\" class=\"name\">Dr Abel Jes\u00fas Pederzoli<\/a>\r\n            <\/div>\r\n            <div class=\"user-info__data__social\">\r\n\t\t\t\t\t\t\t\t\t\t\t\t\t\t\t\t\t\t\t\t\t          <a href=\"https:\/\/clinicaleixample.es\/\"\r\n             class=\"soc-item website\">website<\/a>\r\n\t\t\t\t          <a href=\"http:\/\/linkedin.com\/in\/abel-jes%C3%BAs-pederzoli\"\r\n             class=\"soc-item linkedin\">linkedin<\/a>\r\n\t\t\t\t            <\/div>\r\n          <\/div>\r\n          <div class=\"user-info__description\">\r\n\t\t\t\t\t\t\t\t\t\t\t\t\t<p>Con t\u00edtulos obtenidos en la Facultad de Odontolog\u00eda de la Universidad Nacional de La Plata y una participaci\u00f3n activa en congresos y jornadas, el Dr. Pederzoli se mantiene actualizado en las \u00faltimas t\u00e9cnicas y avances en odontolog\u00eda. Actualmente se encuentra desarrollando un proyecto de consultor\u00eda tecnol\u00f3gica aplicada a cl\u00ednicas dentales.<\/p>\n\t\t\t\t\t\t          <\/div>\r\n        <\/div>\r\n\t\t\t\t    <\/div>\r\n\t<\/div><!--copyscapeskip--><div class=\"medical_references\"><div class=\"medical_references__heading\"><span>Fuentes M\u00e9dicas<\/span><\/div><div class=\"medical_references__list\"><p><strong>Sociedad Francesa de Ortopedia Dentofacial<\/strong>. <a href=\"http:\/\/www.sfodf.org\/avada_portfolio\/la-contention-apres-le-traitement-orthodontique-actif\/\">La retenci\u00f3n<\/a>.<\/p>\n<\/div><\/div><!--\/copyscapeskip-->","protected":false},"excerpt":{"rendered":"<p>Contributor:&nbsp; Dr Abel Jes\u00fas Pederzoli Updated:&nbsp;junio 13, 2023 El tratamiento de ortodoncia consiste en mover lentamente los dientes desalineados, a lo largo de varios meses o incluso a\u00f1os. Pero, una vez que los dientes se encuentran en su posici\u00f3n ideal, debes pasar por una fase final de retenci\u00f3n cuyo objetivo es estabilizar su nueva alineaci\u00f3n. [&hellip;]<\/p>\n","protected":false},"author":2,"featured_media":19776,"parent":16771,"menu_order":0,"comment_status":"open","ping_status":"open","template":"","meta":{"inline_featured_image":false},"acf":[],"_links":{"self":[{"href":"https:\/\/nutrident.fr\/es\/wp-json\/wp\/v2\/pages\/17055"}],"collection":[{"href":"https:\/\/nutrident.fr\/es\/wp-json\/wp\/v2\/pages"}],"about":[{"href":"https:\/\/nutrident.fr\/es\/wp-json\/wp\/v2\/types\/page"}],"author":[{"embeddable":true,"href":"https:\/\/nutrident.fr\/es\/wp-json\/wp\/v2\/users\/2"}],"replies":[{"embeddable":true,"href":"https:\/\/nutrident.fr\/es\/wp-json\/wp\/v2\/comments?post=17055"}],"version-history":[{"count":28,"href":"https:\/\/nutrident.fr\/es\/wp-json\/wp\/v2\/pages\/17055\/revisions"}],"predecessor-version":[{"id":22076,"href":"https:\/\/nutrident.fr\/es\/wp-json\/wp\/v2\/pages\/17055\/revisions\/22076"}],"up":[{"embeddable":true,"href":"https:\/\/nutrident.fr\/es\/wp-json\/wp\/v2\/pages\/16771"}],"wp:featuredmedia":[{"embeddable":true,"href":"https:\/\/nutrident.fr\/es\/wp-json\/wp\/v2\/media\/19776"}],"wp:attachment":[{"href":"https:\/\/nutrident.fr\/es\/wp-json\/wp\/v2\/media?parent=17055"}],"curies":[{"name":"wp","href":"https:\/\/api.w.org\/{rel}","templated":true}]}}