

{"id":17059,"date":"2022-10-28T11:07:26","date_gmt":"2022-10-28T11:07:26","guid":{"rendered":"https:\/\/nutrident.fr\/?page_id=17059"},"modified":"2022-10-28T11:07:27","modified_gmt":"2022-10-28T11:07:27","slug":"divulgacion-y-exencion-de-responsabilidad-de-amazon","status":"publish","type":"page","link":"https:\/\/nutrident.fr\/es\/divulgacion-y-exencion-de-responsabilidad-de-amazon\/","title":{"rendered":"Divulgaci\u00f3n y exenci\u00f3n de responsabilidad de Amazon"},"content":{"rendered":"<div class=\"meta\"><div class=\"meta__users\"><\/div><div class=\"meta__date-modified\">Updated:&nbsp;<span>octubre 28, 2022<\/span><\/div><\/div>\n<div id=\"ez-toc-container\" class=\"ez-toc-v2_0_33_2 counter-hierarchy ez-toc-counter ez-toc-white ez-toc-container-direction\">\n<div class=\"ez-toc-title-container\">\n<p class=\"ez-toc-title\">Contenus<\/p>\n<span class=\"ez-toc-title-toggle\"><a href=\"#\" class=\"ez-toc-pull-right ez-toc-btn ez-toc-btn-xs ez-toc-btn-default ez-toc-toggle\" style=\"display: none;\"><label for=\"item\" aria-label=\"Tabla de contenidos\"><i class=\"ez-toc-glyphicon ez-toc-icon-toggle\"><\/i><\/label><input type=\"checkbox\" id=\"item\"><\/a><\/span><\/div>\n<nav><ul class='ez-toc-list ez-toc-list-level-1'><li class='ez-toc-page-1 ez-toc-heading-level-2'><a class=\"ez-toc-link ez-toc-heading-1\" href=\"https:\/\/nutrident.fr\/es\/divulgacion-y-exencion-de-responsabilidad-de-amazon\/#Advertencia\" title=\"Advertencia\">Advertencia<\/a><\/li><li class='ez-toc-page-1 ez-toc-heading-level-2'><a class=\"ez-toc-link ez-toc-heading-2\" href=\"https:\/\/nutrident.fr\/es\/divulgacion-y-exencion-de-responsabilidad-de-amazon\/#Programa_de_socios_de_la_UE_de_Amazon\" title=\"Programa de socios de la UE de Amazon\">Programa de socios de la UE de Amazon<\/a><\/li><li class='ez-toc-page-1 ez-toc-heading-level-2'><a class=\"ez-toc-link ez-toc-heading-3\" href=\"https:\/\/nutrident.fr\/es\/divulgacion-y-exencion-de-responsabilidad-de-amazon\/#Contacte_con\" title=\"Contacte con\">Contacte con<\/a><\/li><\/ul><\/nav><\/div>\n<h2><span class=\"ez-toc-section\" id=\"Advertencia\"><\/span><span style=\"color: #000080;\"><strong><span id=\"Avertissement\">Advertencia<\/span><\/strong><\/span><span class=\"ez-toc-section-end\"><\/span><\/h2>\n\n\n\n<p><span style=\"color: #000000;\">El sitio web Nutrident.es puede contener anuncios, contenido patrocinado, inserciones pagadas, enlaces de afiliados y otras formas de monetizaci\u00f3n.<\/span><\/p>\n\n\n\n<p><span style=\"color: #000000;\">Nutrident.fr respeta las normas del marketing de boca en boca. Creemos en la honestidad de las relaciones y de las opiniones. No obstante, la remuneraci\u00f3n recibida puede influir en el contenido publicitario, los temas o los art\u00edculos publicados en este sitio.<\/span><\/p>\n\n\n\n<p><span style=\"color: #000000;\">Nutrident.es nunca recibe una remuneraci\u00f3n directa por dar su opini\u00f3n sobre productos, servicios, sitios web y otros. Los puntos de vista y las opiniones expresadas en este sitio son \u00fanicamente los de los autores. Cuando damos nuestra opini\u00f3n o posici\u00f3n sobre un tema, producto o servicio, lo hacemos s\u00f3lo para los productos o servicios que creemos que merecen tal menci\u00f3n.<\/span><\/p>\n\n\n\n<p><span style=\"color: #000000;\">Este sitio no contiene ning\u00fan contenido que pueda presentar un conflicto de intereses.<\/span><\/p>\n\n\n\n<p><span style=\"color: #000000;\">Por \u00faltimo, Nutrident.co.uk no ofrece ninguna declaraci\u00f3n, garant\u00eda o seguridad en cuanto a la exactitud, actualidad o integridad del contenido de este sitio web o de cualquier sitio web vinculado a este sitio.<\/span><\/p>\n\n\n\n<h2><span class=\"ez-toc-section\" id=\"Programa_de_socios_de_la_UE_de_Amazon\"><\/span><span style=\"color: #000080;\"><strong><span id=\"Le_Programme_Partenaires_dAmazon_EU\">Programa de socios de la UE de Amazon<\/span><\/strong><\/span><span class=\"ez-toc-section-end\"><\/span><\/h2>\n\n\n\n<p><span style=\"color: #000000;\">Nutrident.co.uk participa en el Programa de Socios de la UE de Amazon, un programa de afiliados dise\u00f1ado para permitir que los sitios ganen dinero al enlazar con Amazon.co.uk. Amazon, el logotipo de Amazon, AmazonSupply y el logotipo de AmazonSupply son marcas registradas de Amazon.com, Inc. o sus filiales.<\/span><\/p>\n\n\n\n<p><span style=\"color: #000000;\">Las p\u00e1ginas que contienen enlaces de afiliaci\u00f3n a Amazon est\u00e1n claramente identificadas. Las comisiones recibidas por Nutrident.fr no afectan al precio de los productos para los consumidores.<\/span><\/p>\n\n\n\n<p><span style=\"color: #000000;\">IMPORTANTE: Las calificaciones dadas a los productos listados en Nutrident.es no reflejan las calificaciones dadas a los productos por Amazon o sus subsidiarias. Las calificaciones dadas por Nutrident.co.uk reflejan \u00fanicamente nuestra opini\u00f3n. Para ver el n\u00famero de estrellas otorgadas por los usuarios de Amazon, haga clic en el enlace de Amazon proporcionado antes de realizar su compra.<\/span><\/p>\n\n\n\n<p><span style=\"color: #000000;\">Hacemos todo lo posible para que nuestras pruebas sean lo m\u00e1s precisas e imparciales posible, pero recuerde que s\u00f3lo somos humanos y nuestras opiniones pueden diferir de las suyas. Si ha decidido comprar un producto probado en Nutrident.es, visite la p\u00e1gina web del fabricante para formarse su propia opini\u00f3n y asegurarse de que elige el producto correcto.<\/span><\/p>\n\n\n\n<h2><span class=\"ez-toc-section\" id=\"Contacte_con\"><\/span><strong><span id=\"Contact\" style=\"color: #000080;\">Contacte con<\/span><\/strong><span class=\"ez-toc-section-end\"><\/span><\/h2>\n\n\n\n<p><span style=\"color: #000000;\">Si tiene alguna pregunta sobre esta pol\u00edtica o sobre sus relaciones con nuestro sitio, p\u00f3ngase en contacto con nosotros aqu\u00ed: https:\/\/nutrident.fr\/contactez-nous-avec-vos-questions-et-commentaires\/<\/span><\/p>\n<div class=\"article-data before-content\"><div class=\"article-data__date\"><div class=\"article-data__date-modified\"><time class=\"published\" datetime=\"2022-10-28T11:07:26+00:00\">This article was originally published on&nbsp;<span class=\"2\">octubre 28, 2022<\/span>&nbsp;and was most recently updated on&nbsp;<span>octubre 28, 2022<\/span><\/time><br><\/div><\/div><\/div><div class=\"user-info\"><\/div>","protected":false},"excerpt":{"rendered":"<p>Updated:&nbsp;octubre 28, 2022 Advertencia El sitio web Nutrident.es puede contener anuncios, contenido patrocinado, inserciones pagadas, enlaces de afiliados y otras formas de monetizaci\u00f3n. Nutrident.fr respeta las normas del marketing de boca en boca. Creemos en la honestidad de las relaciones y de las opiniones. No obstante, la remuneraci\u00f3n recibida puede influir en el contenido publicitario, [&hellip;]<\/p>\n","protected":false},"author":2,"featured_media":0,"parent":0,"menu_order":0,"comment_status":"closed","ping_status":"closed","template":"","meta":{"inline_featured_image":false},"acf":[],"_links":{"self":[{"href":"https:\/\/nutrident.fr\/es\/wp-json\/wp\/v2\/pages\/17059"}],"collection":[{"href":"https:\/\/nutrident.fr\/es\/wp-json\/wp\/v2\/pages"}],"about":[{"href":"https:\/\/nutrident.fr\/es\/wp-json\/wp\/v2\/types\/page"}],"author":[{"embeddable":true,"href":"https:\/\/nutrident.fr\/es\/wp-json\/wp\/v2\/users\/2"}],"replies":[{"embeddable":true,"href":"https:\/\/nutrident.fr\/es\/wp-json\/wp\/v2\/comments?post=17059"}],"version-history":[{"count":2,"href":"https:\/\/nutrident.fr\/es\/wp-json\/wp\/v2\/pages\/17059\/revisions"}],"predecessor-version":[{"id":17676,"href":"https:\/\/nutrident.fr\/es\/wp-json\/wp\/v2\/pages\/17059\/revisions\/17676"}],"wp:attachment":[{"href":"https:\/\/nutrident.fr\/es\/wp-json\/wp\/v2\/media?parent=17059"}],"curies":[{"name":"wp","href":"https:\/\/api.w.org\/{rel}","templated":true}]}}