

{"id":17061,"date":"2022-10-28T10:25:56","date_gmt":"2022-10-28T10:25:56","guid":{"rendered":"https:\/\/nutrident.fr\/?page_id=17061"},"modified":"2023-05-29T11:47:53","modified_gmt":"2023-05-29T11:47:53","slug":"alternativas-a-invisalign","status":"publish","type":"page","link":"https:\/\/nutrident.fr\/es\/alternativas-a-invisalign\/","title":{"rendered":"Alternativas a Invisalign"},"content":{"rendered":"<div class=\"meta\"><div class=\"meta__users\"><\/div><div class=\"meta__date-modified\">Updated:&nbsp;<span>mayo 29, 2023<\/span><\/div><\/div><div class=\"wp-block-image\">\n<figure class=\"alignright size-full\"><img width=\"300\" height=\"200\" src=\"https:\/\/nutrident.fr\/wp-content\/uploads\/2022\/07\/Depositphotos_204560594_s-2015-300x200-1.jpg\" alt=\"alternativas a Invisalign\" class=\"wp-image-14285\" srcset=\"https:\/\/nutrident.fr\/wp-content\/uploads\/2022\/07\/Depositphotos_204560594_s-2015-300x200-1.jpg 300w, https:\/\/nutrident.fr\/wp-content\/uploads\/2022\/07\/Depositphotos_204560594_s-2015-300x200-1-254x169.jpg 254w\" sizes=\"(max-width: 300px) 100vw, 300px\" \/><figcaption>Ahora hay muchas alternativas a la marca Invisalign con precios m\u00e1s bajos.  <\/figcaption><\/figure><\/div>\n\n\n<p>Aunque la ortodoncia y los aparatos de ortodoncia siguen siendo formas <strong>muy eficaces de enderezar los dientes de los ni\u00f1os y adolescentes<\/strong>, ahora existen alternativas mucho m\u00e1s discretas para que los adultos puedan enderezar sus dientes.  <\/p>\n\n\n\n<p>El precursor del m\u00e9todo, Invisalign, es un tratamiento que implica el uso de alineadores transparentes. Otras marcas est\u00e1n siguiendo su ejemplo con soluciones comparables, pero mucho m\u00e1s baratas.  <\/p>\n\n\n\n<p><a href=\"https:\/\/nutrident.fr\/es\/\">Nutrident.co.uk<\/a> le cuenta todo sobre estos nuevos procesos.<\/p>\n\n\n\n<div id=\"ez-toc-container\" class=\"ez-toc-v2_0_33_2 counter-hierarchy ez-toc-counter ez-toc-white ez-toc-container-direction\">\n<div class=\"ez-toc-title-container\">\n<p class=\"ez-toc-title\">Contenus<\/p>\n<span class=\"ez-toc-title-toggle\"><a href=\"#\" class=\"ez-toc-pull-right ez-toc-btn ez-toc-btn-xs ez-toc-btn-default ez-toc-toggle\" style=\"display: none;\"><label for=\"item\" aria-label=\"Tabla de contenidos\"><i class=\"ez-toc-glyphicon ez-toc-icon-toggle\"><\/i><\/label><input type=\"checkbox\" id=\"item\"><\/a><\/span><\/div>\n<nav><ul class='ez-toc-list ez-toc-list-level-1'><li class='ez-toc-page-1 ez-toc-heading-level-2'><a class=\"ez-toc-link ez-toc-heading-1\" href=\"https:\/\/nutrident.fr\/es\/alternativas-a-invisalign\/#El_procedimiento_Invisalign_en_resumen\" title=\"El procedimiento Invisalign en resumen\">El procedimiento Invisalign en resumen<\/a><\/li><li class='ez-toc-page-1 ez-toc-heading-level-2'><a class=\"ez-toc-link ez-toc-heading-2\" href=\"https:\/\/nutrident.fr\/es\/alternativas-a-invisalign\/#Los_competidores_directos_de_Invisalign\" title=\"Los competidores directos de Invisalign\">Los competidores directos de Invisalign<\/a><\/li><li class='ez-toc-page-1 ez-toc-heading-level-2'><a class=\"ez-toc-link ez-toc-heading-3\" href=\"https:\/\/nutrident.fr\/es\/alternativas-a-invisalign\/#Alternativas_a_Invisalign_fuera_de_la_consulta\" title=\"Alternativas a Invisalign fuera de la consulta\">Alternativas a Invisalign fuera de la consulta<\/a><\/li><li class='ez-toc-page-1 ez-toc-heading-level-2'><a class=\"ez-toc-link ez-toc-heading-4\" href=\"https:\/\/nutrident.fr\/es\/alternativas-a-invisalign\/#Las_marcas_competidoras_de_Invisalign\" title=\"Las marcas competidoras de Invisalign\">Las marcas competidoras de Invisalign<\/a><\/li><\/ul><\/nav><\/div>\n<h2><span class=\"ez-toc-section\" id=\"El_procedimiento_Invisalign_en_resumen\"><\/span>El procedimiento Invisalign en resumen<span class=\"ez-toc-section-end\"><\/span><\/h2>\n\n\n\n<p><a href=\"https:\/\/nutrident.fr\/es\/?page_id=17047\" data-type=\"page\" data-id=\"7231\">Invisalign<\/a> se cre\u00f3 a finales de los a\u00f1os 90 y su innovaci\u00f3n revolucion\u00f3 la ortodoncia para adultos. El procedimiento est\u00e1 destinado a personas que no recibieron un tratamiento de ortodoncia cuando eran j\u00f3venes y <strong>que sufren de dientes desalineados<\/strong>. Aparte del aspecto est\u00e9tico, puede afectar al habla y a la masticaci\u00f3n de los alimentos, lo que puede provocar problemas digestivos.<\/p>\n\n\n\n<p>Invisalign ofrece una <a href=\"https:\/\/nutrident.fr\/es\/?page_id=16755\" data-type=\"page\" data-id=\"10531\">ortodoncia invisible<\/a>, con alineadores transparentes, moldeados seg\u00fan la impresi\u00f3n de sus mand\u00edbulas. Puede llevarlas de d\u00eda y de noche, sin que se noten. Los saca cuando come y se cepilla los dientes.<\/p>\n\n\n\n<p>Su dentista mandar\u00e1 a hacer varios juegos de alineadores que tengan en <strong>cuenta la posici\u00f3n de sus dientes antes y despu\u00e9s<\/strong>, de modo que puedan ajustarse a medida que se rectifica su alineaci\u00f3n.<\/p>\n\n\n\n<p>Una vez completado el tratamiento, usted utilizar\u00e1 un juego de alineadores para llevar por la noche y estabilizar permanentemente sus dientes.<\/p>\n\n\n\n<p>Sin embargo, esta soluci\u00f3n milagrosa sigue siendo muy cara, sobre todo porque no est\u00e1 cubierta por la seguridad social. Dependiendo de la magnitud del trabajo, debe esperar pagar entre 2 y 6.000 euros.<\/p>\n\n\n\n<h2><span class=\"ez-toc-section\" id=\"Los_competidores_directos_de_Invisalign\"><\/span>Los competidores directos de Invisalign<span class=\"ez-toc-section-end\"><\/span><\/h2>\n\n\n\n<p>Dos empresas francesas compiten directamente con Invisalign con un proceso id\u00e9ntico.<\/p>\n\n\n\n<ol><li>Smilers con una tarifa que oscila entre los 2.000 y los 5.500 euros, seg\u00fan el ajuste que haya que realizar.<\/li><li>Aligneurs Fran\u00e7ais ofrece precios m\u00e1s bajos, entre 1.400 y 4.000 euros, y garantiza una fabricaci\u00f3n 100% francesa.<\/li><\/ol>\n\n\n\n<h2><span class=\"ez-toc-section\" id=\"Alternativas_a_Invisalign_fuera_de_la_consulta\"><\/span>Alternativas a Invisalign fuera de la consulta<span class=\"ez-toc-section-end\"><\/span><\/h2>\n\n\n\n<p>Varias marcas han seguido a Invisalign en este proceso de gran \u00e9xito. Entre las marcas m\u00e1s conocidas est\u00e1n Dr Smile, Joovence, Your Smile, Franksmile, Straight Teeth Invisible y Evolusmile.<\/p>\n\n\n\n<p>Estos fabricantes han adoptado el principio de la ortodoncia transparente, pero<strong> sin necesidad de una operaci\u00f3n dental<\/strong>. Esto le ahorra todas las consultas y el seguimiento con el ortodoncista, ya que usted se encargar\u00e1 de ello. En efecto, las nuevas tecnolog\u00edas hacen accesibles las consultas a distancia y usted estar\u00e1 acompa\u00f1ado por un profesional de la odontolog\u00eda, pero desde su casa.<\/p>\n\n\n\n<h3>\u00bfQui\u00e9n puede beneficiarse de la ortodoncia invisible a distancia?  <\/h3>\n\n\n\n<p>La diferencia notable entre Invisalign y sus competidores son las opciones de tratamiento. Mientras que Invisalign puede tratar problemas bastante grandes, otras marcas s\u00f3lo rectifican <strong>dificultades<\/strong> menores.<\/p>\n\n\n\n<p>Sin embargo, le permite resolver los siguientes problemas:<\/p>\n\n\n<div class=\"wp-block-image\">\n<figure class=\"alignright size-medium\"><img width=\"300\" height=\"233\" src=\"https:\/\/nutrident.fr\/wp-content\/uploads\/2022\/08\/diasteme-invisalign-300x233.jpg\" alt=\"diastema\" class=\"wp-image-14364\" srcset=\"https:\/\/nutrident.fr\/wp-content\/uploads\/2022\/08\/diasteme-invisalign-300x233.jpg 300w, https:\/\/nutrident.fr\/wp-content\/uploads\/2022\/08\/diasteme-invisalign-768x596.jpg 768w, https:\/\/nutrident.fr\/wp-content\/uploads\/2022\/08\/diasteme-invisalign-245x190.jpg 245w, https:\/\/nutrident.fr\/wp-content\/uploads\/2022\/08\/diasteme-invisalign.jpg 1000w\" sizes=\"(max-width: 300px) 100vw, 300px\" \/><figcaption>La ortodoncia a distancia puede corregir problemas de leves a moderados.  <\/figcaption><\/figure><\/div>\n\n\n<ul><li>ligera superposici\u00f3n de los incisivos;<\/li><li><a href=\"https:\/\/nutrident.fr\/es\/diestema\/\" data-type=\"page\" data-id=\"3988\">diastema<\/a> o huecos entre los dientes ;<\/li><li>maloclusiones menores ;<\/li><li>refijaci\u00f3n de un tratamiento de ortodoncia que no ha sido debidamente estabilizado.<\/li><\/ul>\n\n\n\n<p>Si su caso es m\u00e1s complicado, actualmente no tiene m\u00e1s remedio que acudir a su dentista.<\/p>\n\n\n\n<h3>\u00bfC\u00f3mo puedo acceder a estos nuevos tratamientos de ortodoncia invisible?  <\/h3>\n\n\n\n<p>Todas las marcas funcionan de forma muy parecida. Una vez que haya seleccionado a su proveedor, reg\u00edstrese en su p\u00e1gina web. Describa su problema y env\u00ede algunas fotos para ilustrarlo. Con algunas marcas tambi\u00e9n puede obtener una consulta a distancia con un ortodoncista.<\/p>\n\n\n\n<p>Si es apto para el tratamiento, recibir\u00e1 en su casa un kit que le permitir\u00e1 realizar <strong>sus impresiones dentales<\/strong>. Tambi\u00e9n es posible realizar un escaneo en 3D en un laboratorio parisino. Sus impresiones son estudiadas de nuevo por un ortodoncista. Esto confirma que el tratamiento es adecuado para usted y que se puede iniciar la fabricaci\u00f3n de las cubetas. Est\u00e1n garantizados como libres de BPA y ftalatos.<\/p>\n\n\n\n<p>Usted recibe su kit completo por paquete en su casa. Contiene sus bandejas, que son entre 3 y 6 dependiendo de su caso, as\u00ed como bandejas de apoyo. Les acompa\u00f1a un calendario que le indica cu\u00e1ndo debe cambiar su canal\u00f3n.<\/p>\n\n\n\n<p>En el momento de cada cambio de boquilla, usted toma fotos de sus dientes y las env\u00eda al ortodoncista. Compara la situaci\u00f3n del antes y el despu\u00e9s para asegurarse de que el tratamiento est\u00e1 funcionando eficazmente. Si lo considera \u00fatil, puede modificar su programa para acortar o prolongar el desgaste de los canalones.<\/p>\n\n\n\n<p>Una vez completado el tratamiento, llevar\u00e1 los alineadores durante unos meses m\u00e1s -pero s\u00f3lo por la noche- para estabilizar el enderezamiento de sus dientes.<\/p>\n\n\n\n<h2><span class=\"ez-toc-section\" id=\"Las_marcas_competidoras_de_Invisalign\"><\/span>Las marcas competidoras de Invisalign<span class=\"ez-toc-section-end\"><\/span><\/h2>\n\n\n<div class=\"wp-block-image\">\n<figure class=\"alignright size-full\"><img width=\"300\" height=\"210\" src=\"https:\/\/nutrident.fr\/wp-content\/uploads\/2022\/07\/dr-smile-300x210-1.jpeg\" alt=\"dr. sonrisa\" class=\"wp-image-14295\" srcset=\"https:\/\/nutrident.fr\/wp-content\/uploads\/2022\/07\/dr-smile-300x210-1.jpeg 300w, https:\/\/nutrident.fr\/wp-content\/uploads\/2022\/07\/dr-smile-300x210-1-254x178.jpeg 254w\" sizes=\"(max-width: 300px) 100vw, 300px\" \/><figcaption>\u00a1Dr Smile es un serio competidor de Invisalign!<\/figcaption><\/figure><\/div>\n\n\n<h3>Dr. Smile<\/h3>\n\n\n\n<p>Dr. Smile es una <strong>marca alemana <\/strong>que ofrece tratamientos de ortodoncia invisible en varios pa\u00edses europeos, entre ellos Francia. En Francia, la marca cuenta con varias decenas de consultas repartidas por todo el pa\u00eds, pero hay que tener en cuenta que con Dr. Smile, la mayor parte de los tratamientos se realizan a distancia.  <\/p>\n\n\n\n<p>Tras la primera cita con el ortodoncista, los alineadores transparentes se fabrican a medida y se env\u00edan al paciente que deber\u00e1 cambiarlos seg\u00fan las indicaciones de su dentista que le sigue, a distancia, a trav\u00e9s de una App m\u00f3vil.  <\/p>\n\n\n\n<p><strong>Los resultados parecen ser muy buenos<\/strong>, \u00a1y tambi\u00e9n las cr\u00edticas de los pacientes!<\/p>\n\n\n\n<div class=\"wp-container-1 is-content-justification-center wp-block-buttons\">\n<div class=\"wp-block-button\"><a class=\"wp-block-button__link has-white-color has-vivid-cyan-blue-background-color has-text-color has-background\" href=\"https:\/\/tidd.ly\/3O3Ns7J\" target=\"_blank\" rel=\"noopener\">Encuentre un ortodoncista Dr. Smile cerca de usted<\/a><\/div>\n<\/div>\n\n\n\n<h3>Joovence<\/h3>\n\n\n\n<p>100% francesa, la marca Joovence es bastante reciente pero ha desarrollado <strong>una oferta muy interesante de alineadores transparentes<\/strong>: un precio fijo seg\u00fan la complejidad del problema, alineadores c\u00f3modos y eficaces, seguimiento a distancia a trav\u00e9s de una App pr\u00e1ctica y f\u00e1cil de usar.  <\/p>\n\n\n\n<p>Apreciamos especialmente la posibilidad de pagar a plazos, pero sobre todo el hecho de que las bandejas <strong>pueden corregir un gran n\u00famero de problemas<\/strong>. De hecho, es posible combinarlos con tratamientos complementarios como el stripping o las extracciones, y utilizar el\u00e1sticos, por ejemplo.  <\/p>\n\n\n\n<h3>Su sonrisa<\/h3>\n\n\n\n<p>Your Smile ofrece un buen servicio en franc\u00e9s, aunque su p\u00e1gina web est\u00e1 traducida a toda prisa. La ventaja es que la marca tiene una oficina en Par\u00eds, en el Boulevard Haussmann. Est\u00e1 dedicado principalmente al blanqueamiento dental, pero tambi\u00e9n puede utilizarlo para realizar un escaneo en 3D de sus dientes y tener una charla con un profesional.<\/p>\n\n\n\n<p>Si no quiere venir, Your Smile le enviar\u00e1 el kit a su casa.<\/p>\n\n\n\n<p>Prevea un gasto global de algo menos de 2.000 euros.<\/p>\n\n\n\n<h3>Franksmile<\/h3>\n\n\n\n<p>La marca no tiene oficina en Francia, pero puede contactar con ellos por tel\u00e9fono. El precio es m\u00e1s o menos el mismo que el de Your Smile, si est\u00e1 atento a las promociones.<\/p>\n\n\n\n<p>Franksime le env\u00eda el kit para realizar sus impresiones, sin necesidad de hacer fotos previas. Si consideran que su caso no es tratable, le reembolsar\u00e1n el kit.<\/p>\n\n\n\n<p>Franksmile le env\u00eda una simulaci\u00f3n digital del antes y el despu\u00e9s que le da una idea precisa del resultado que puede esperar.<\/p>\n\n\n\n<h3>Dientes rectos invisibles<\/h3>\n\n\n\n<p>Dientes rectos invisibles es una empresa francesa, aunque su nombre no lo indique. El principio es el mismo que el de Your Smile, por un precio inferior, entre 1.200 y 1.400 euros. Si quiere acceder a la simulaci\u00f3n del antes y el despu\u00e9s, tiene que pagar 60 euros.<\/p>\n\n\n\n<h3>Evolusmile<\/h3>\n\n\n\n<p>Evolusmile es comparable en todos los sentidos a Your Smile, y con un coste de unos 1.300 euros, es por tanto la soluci\u00f3n m\u00e1s barata. Tenga en cuenta que la marca fabrica sus canalones en Francia.<\/p>\n\n\n\n<p><span style=\"text-decoration: underline;\"><strong>M\u00e1s informaci\u00f3n sobre invisalign<\/strong><\/span><\/p>\n\n\n\n<p><a href=\"https:\/\/nutrident.fr\/es\/?page_id=16766\">Invisalign completo<\/a><\/p>\n\n\n\n<p><a href=\"https:\/\/nutrident.fr\/es\/?page_id=16773\">Invisalign teen: para adolescentes<\/a><\/p>\n\n\n\n<p><a href=\"https:\/\/nutrident.fr\/es\/?page_id=17047\">precios de invisalign<\/a><\/p>\n\n\n\n<p><a href=\"https:\/\/nutrident.fr\/es\/?page_id=16782\">Luz Invisalign<\/a><\/p>\n\n\n\n<p><a href=\"https:\/\/nutrident.fr\/es\/encontrar-profesional-invisalign\/\">C\u00f3mo encontrar un profesional de invisalign<\/a><\/p>\n\n\n\n<p><a href=\"https:\/\/nutrident.fr\/es\/?page_id=16675\">Comparaci\u00f3n de las f\u00e9rulas antibruxismo<\/a><\/p>\n\n\n\n<p><a href=\"https:\/\/nutrident.fr\/es\/?page_id=16751\">Nuestra opini\u00f3n sobre los alineadores invisibles Invisalign<\/a><\/p>\n<div class=\"article-data before-content\"><div class=\"article-data__date\"><div class=\"article-data__date-modified\"><time class=\"published\" datetime=\"2022-10-28T10:25:56+00:00\">This article was originally published on&nbsp;<span class=\"2\">octubre 28, 2022<\/span>&nbsp;and was most recently updated on&nbsp;<span>mayo 29, 2023<\/span><\/time><br><\/div><\/div><\/div><div class=\"user-info\"><\/div>","protected":false},"excerpt":{"rendered":"<p>Updated:&nbsp;mayo 29, 2023 Aunque la ortodoncia y los aparatos de ortodoncia siguen siendo formas muy eficaces de enderezar los dientes de los ni\u00f1os y adolescentes, ahora existen alternativas mucho m\u00e1s discretas para que los adultos puedan enderezar sus dientes. El precursor del m\u00e9todo, Invisalign, es un tratamiento que implica el uso de alineadores transparentes. Otras [&hellip;]<\/p>\n","protected":false},"author":2,"featured_media":0,"parent":0,"menu_order":0,"comment_status":"closed","ping_status":"open","template":"","meta":{"inline_featured_image":false},"acf":[],"_links":{"self":[{"href":"https:\/\/nutrident.fr\/es\/wp-json\/wp\/v2\/pages\/17061"}],"collection":[{"href":"https:\/\/nutrident.fr\/es\/wp-json\/wp\/v2\/pages"}],"about":[{"href":"https:\/\/nutrident.fr\/es\/wp-json\/wp\/v2\/types\/page"}],"author":[{"embeddable":true,"href":"https:\/\/nutrident.fr\/es\/wp-json\/wp\/v2\/users\/2"}],"replies":[{"embeddable":true,"href":"https:\/\/nutrident.fr\/es\/wp-json\/wp\/v2\/comments?post=17061"}],"version-history":[{"count":6,"href":"https:\/\/nutrident.fr\/es\/wp-json\/wp\/v2\/pages\/17061\/revisions"}],"predecessor-version":[{"id":21263,"href":"https:\/\/nutrident.fr\/es\/wp-json\/wp\/v2\/pages\/17061\/revisions\/21263"}],"wp:attachment":[{"href":"https:\/\/nutrident.fr\/es\/wp-json\/wp\/v2\/media?parent=17061"}],"curies":[{"name":"wp","href":"https:\/\/api.w.org\/{rel}","templated":true}]}}