

{"id":17075,"date":"2022-10-28T10:29:55","date_gmt":"2022-10-28T10:29:55","guid":{"rendered":"https:\/\/nutrident.fr\/?page_id=17075"},"modified":"2022-10-28T10:29:57","modified_gmt":"2022-10-28T10:29:57","slug":"encontrar-profesional-invisalign","status":"publish","type":"page","link":"https:\/\/nutrident.fr\/es\/encontrar-profesional-invisalign\/","title":{"rendered":"C\u00f3mo encontrar un profesional de Invisalign"},"content":{"rendered":"<div class=\"meta\"><div class=\"meta__users\"><\/div><div class=\"meta__date-modified\">Updated:&nbsp;<span>octubre 28, 2022<\/span><\/div><\/div><p>Si no est\u00e1 satisfecho con la calidad de su sonrisa debido a unos <strong>dientes desalineados<\/strong>, puede someterse a un tratamiento Invisalign. Es <strong>un aparato invisible que elimina la necesidad de los antiest\u00e9ticos aparatos met\u00e1licos<\/strong>. La pr\u00f3tesis es incluso desmontable, por si quiere mostrarse temporalmente sin ella. <a href=\"https:\/\/nutrident.fr\/es\/\">Nutrident.co.uk<\/a> le asesora en la elecci\u00f3n de su profesional de Invisalign.<\/p>\n<div id=\"ez-toc-container\" class=\"ez-toc-v2_0_33_2 counter-hierarchy ez-toc-counter ez-toc-white ez-toc-container-direction\">\n<div class=\"ez-toc-title-container\">\n<p class=\"ez-toc-title\">Contenus<\/p>\n<span class=\"ez-toc-title-toggle\"><a href=\"#\" class=\"ez-toc-pull-right ez-toc-btn ez-toc-btn-xs ez-toc-btn-default ez-toc-toggle\" style=\"display: none;\"><label for=\"item\" aria-label=\"Tabla de contenidos\"><i class=\"ez-toc-glyphicon ez-toc-icon-toggle\"><\/i><\/label><input type=\"checkbox\" id=\"item\"><\/a><\/span><\/div>\n<nav><ul class='ez-toc-list ez-toc-list-level-1'><li class='ez-toc-page-1 ez-toc-heading-level-2'><a class=\"ez-toc-link ez-toc-heading-1\" href=\"https:\/\/nutrident.fr\/es\/encontrar-profesional-invisalign\/#El_sistema_Invisalign\" title=\"El sistema Invisalign\">El sistema Invisalign<\/a><\/li><li class='ez-toc-page-1 ez-toc-heading-level-2'><a class=\"ez-toc-link ez-toc-heading-2\" href=\"https:\/\/nutrident.fr\/es\/encontrar-profesional-invisalign\/#El_dentista_yu_ortodoncista_formado_en_Invisalign\" title=\"El dentista y\/u ortodoncista formado en Invisalign\">El dentista y\/u ortodoncista formado en Invisalign<\/a><\/li><li class='ez-toc-page-1 ez-toc-heading-level-2'><a class=\"ez-toc-link ez-toc-heading-3\" href=\"https:\/\/nutrident.fr\/es\/encontrar-profesional-invisalign\/#%C2%BFComo_encontrar_un_dentista_de_Invisalign\" title=\"\u00bfC\u00f3mo encontrar un dentista de Invisalign?\">\u00bfC\u00f3mo encontrar un dentista de Invisalign?<\/a><\/li><\/ul><\/nav><\/div>\n<h2><span class=\"ez-toc-section\" id=\"El_sistema_Invisalign\"><\/span>El sistema Invisalign<span class=\"ez-toc-section-end\"><\/span><\/h2>\n<p>El aparato Invisalign puede resolver los problemas de maloclusi\u00f3n y alineaci\u00f3n de los dientes en el adulto, o incluso en el adolescente, gracias a un ingenioso sistema invisible, formado por cubetas transparentes extra\u00edbles.<\/p>\n<p>En teor\u00eda, todos los ortodoncistas pueden colocarle aparatos Invisalign. Sin embargo, al tratarse de un procedimiento bastante nuevo, es preferible que el dentista u ortodoncista <strong>que elija haya sido formado en esta t\u00e9cnica que ha revolucionado la ortodoncia<\/strong>. La marca Invisalign dispone de varias versiones de su dispositivo y el tratamiento debe seguirse siempre.<\/p>\n<h2><span class=\"ez-toc-section\" id=\"El_dentista_yu_ortodoncista_formado_en_Invisalign\"><\/span>El dentista y\/u ortodoncista formado en Invisalign<span class=\"ez-toc-section-end\"><\/span><\/h2>\n<p>Invisalign forma a dentistas y ortodoncistas en su producto. <strong>La formaci\u00f3n est\u00e1 validada por una certificaci\u00f3n que le asegura que su aparato ser\u00e1 el adecuado para usted y que el practicante podr\u00e1 asegurar el seguimiento que dura varios meses<\/strong>. La duraci\u00f3n depende del estado de su mand\u00edbula.<\/p>\n<p>Hay tres l\u00edneas de Invisalign:<\/p>\n<ol>\n<li>Invisalign Teen para los adolescentes a los que no les gustan los aparatos;<\/li>\n<li>Invisalign Lite que es el tratamiento m\u00e1s com\u00fan;<\/li>\n<li>Invisalign Full para casos m\u00e1s espec\u00edficos.<\/li>\n<\/ol>\n<p>Una vez que el dentista haya elegido el modelo adecuado para su situaci\u00f3n personal, habr\u00e1 aprendido <strong>durante la formaci\u00f3n a gestionar el tratamiento en el tiempo y a pedir el n\u00famero de alineadores necesarios<\/strong>.<\/p>\n<p>De hecho, es un tratamiento en evoluci\u00f3n. A medida que la posici\u00f3n de sus dientes mejore, tendr\u00e1 que cambiar sus alineadores para pasar a la siguiente fase de correcci\u00f3n.<\/p>\n<p>El dentista tambi\u00e9n est\u00e1 formado en el seguimiento posterior al tratamiento. <strong>Una vez que su sonrisa haya sido restaurada a una forma<\/strong> perfecta, tendr\u00e1 que proporcionarle algo de apoyo mientras sus dientes se estabilizan.<\/p>\n<h2><span class=\"ez-toc-section\" id=\"%C2%BFComo_encontrar_un_dentista_de_Invisalign\"><\/span>\u00bfC\u00f3mo encontrar un dentista de Invisalign?<span class=\"ez-toc-section-end\"><\/span><\/h2>\n<p><strong>Invisalign sigue formando a nuevos profesionales en su m\u00e9todo<\/strong>. Lamentablemente, actualmente no hay ninguna lista de dentistas y ortodoncistas certificados por Invisalign en Francia, <a href=\"https:\/\/www.bloomsquare.com\/orthodontie-invisalign-paris\/\" target=\"_blank\" rel=\"noopener\">en Par\u00eds<\/a>, Burdeos, Niza o Nantes. Por lo tanto, le corresponde a usted realizar la b\u00fasqueda <strong>por s\u00ed mismo<\/strong>.<\/p>\n<p>Si escribe \u00abInvisalign + el nombre de su ciudad\u00bb en su buscador de Internet, ya tendr\u00e1 una primera selecci\u00f3n. Los dentistas han comprendido que a\u00f1adir esta calificaci\u00f3n a su p\u00e1gina web es atractivo.<\/p>\n<p>Si las respuestas que encuentra no son satisfactorias, puede coger el tel\u00e9fono y llamar a los dentistas de su zona y preguntarles directamente.<\/p>\n<p>Para tranquilizarle sobre las competencias de su dentista, si est\u00e1 presente en Internet, <strong>encontrar\u00e1 sin duda opiniones de algunos de sus pacientes que han probado el dispositivo Invisalign<\/strong>. Tambi\u00e9n puede simplemente concertar una cita y entrevistarle en directo. Esto le permitir\u00e1 evaluar su nivel de conocimiento sobre el procedimiento Invisalign.<\/p>\n<p><span style=\"text-decoration: underline;\"><strong>M\u00e1s informaci\u00f3n sobre invisalign<\/strong><\/span><\/p>\n<p><a href=\"https:\/\/nutrident.fr\/es\/invisalign-full\/\">Invisalign completo<\/a><\/p>\n<p><a href=\"https:\/\/nutrident.fr\/es\/contencion-dental\/\">Sujeci\u00f3n dental: \u00bfpara qu\u00e9 sirve?<\/a><\/p>\n<p><a href=\"https:\/\/nutrident.fr\/es\/invisalign-opiniones\/\">Opini\u00f3n sobre la boquilla invisible invisalign<\/a><\/p>\n<p><a href=\"https:\/\/nutrident.fr\/es\/invisalign\/\">reembolso de invisalign<\/a><\/p>\n<p><a href=\"https:\/\/nutrident.fr\/es\/invisalign-teen\/\">Invisalign teen: para adolescentes<\/a><\/p>\n<p><a href=\"https:\/\/nutrident.fr\/es\/contencion-dental\/\">\u00bfQu\u00e9 es la contenci\u00f3n dental?<\/a><\/p>\n<p><a href=\"https:\/\/nutrident.fr\/es\/invisalign-lite\/\">Luz Invisalign<\/a><\/p>\n<p>&nbsp;<\/p>\n<div class=\"article-data before-content\"><div class=\"article-data__date\"><div class=\"article-data__date-modified\"><time class=\"published\" datetime=\"2022-10-28T10:29:55+00:00\">This article was originally published on&nbsp;<span class=\"2\">octubre 28, 2022<\/span>&nbsp;and was most recently updated on&nbsp;<span>octubre 28, 2022<\/span><\/time><br><\/div><\/div><\/div><div class=\"user-info\"><\/div>","protected":false},"excerpt":{"rendered":"<p>Updated:&nbsp;octubre 28, 2022Si no est\u00e1 satisfecho con la calidad de su sonrisa debido a unos dientes desalineados, puede someterse a un tratamiento Invisalign. Es un aparato invisible que elimina la necesidad de los antiest\u00e9ticos aparatos met\u00e1licos. La pr\u00f3tesis es incluso desmontable, por si quiere mostrarse temporalmente sin ella. Nutrident.co.uk le asesora en la elecci\u00f3n de [&hellip;]<\/p>\n","protected":false},"author":2,"featured_media":17076,"parent":0,"menu_order":0,"comment_status":"open","ping_status":"open","template":"","meta":{"inline_featured_image":false},"acf":[],"_links":{"self":[{"href":"https:\/\/nutrident.fr\/es\/wp-json\/wp\/v2\/pages\/17075"}],"collection":[{"href":"https:\/\/nutrident.fr\/es\/wp-json\/wp\/v2\/pages"}],"about":[{"href":"https:\/\/nutrident.fr\/es\/wp-json\/wp\/v2\/types\/page"}],"author":[{"embeddable":true,"href":"https:\/\/nutrident.fr\/es\/wp-json\/wp\/v2\/users\/2"}],"replies":[{"embeddable":true,"href":"https:\/\/nutrident.fr\/es\/wp-json\/wp\/v2\/comments?post=17075"}],"version-history":[{"count":2,"href":"https:\/\/nutrident.fr\/es\/wp-json\/wp\/v2\/pages\/17075\/revisions"}],"predecessor-version":[{"id":17631,"href":"https:\/\/nutrident.fr\/es\/wp-json\/wp\/v2\/pages\/17075\/revisions\/17631"}],"wp:featuredmedia":[{"embeddable":true,"href":"https:\/\/nutrident.fr\/es\/wp-json\/wp\/v2\/media\/17076"}],"wp:attachment":[{"href":"https:\/\/nutrident.fr\/es\/wp-json\/wp\/v2\/media?parent=17075"}],"curies":[{"name":"wp","href":"https:\/\/api.w.org\/{rel}","templated":true}]}}