

{"id":17083,"date":"2022-10-28T10:29:33","date_gmt":"2022-10-28T10:29:33","guid":{"rendered":"https:\/\/nutrident.fr\/?page_id=17083"},"modified":"2022-10-28T10:29:35","modified_gmt":"2022-10-28T10:29:35","slug":"dislocacion-de-la-mandibula","status":"publish","type":"page","link":"https:\/\/nutrident.fr\/es\/dislocacion-de-la-mandibula\/","title":{"rendered":"Dislocaci\u00f3n de la mand\u00edbula: Causas y soluciones"},"content":{"rendered":"<div class=\"meta\"><div class=\"meta__users\"><\/div><div class=\"meta__date-modified\">Updated:&nbsp;<span>octubre 28, 2022<\/span><\/div><\/div><p>La dislocaci\u00f3n de la mand\u00edbula es un traumatismo muy impresionante (y doloroso) pero benigno. Una \u00absimple\u00bb manipulaci\u00f3n es suficiente para poner la articulaci\u00f3n temporomandibular en su sitio, pero requiere una acci\u00f3n urgente, aunque s\u00f3lo sea para detener el dolor. <a href=\"https:\/\/nutrident.fr\/es\/\">Nutrident.es<\/a> le explica c\u00f3mo entender lo que le ocurre en caso de luxaci\u00f3n de mand\u00edbula y qu\u00e9 hacer.<\/p>\n<div id=\"ez-toc-container\" class=\"ez-toc-v2_0_33_2 counter-hierarchy ez-toc-counter ez-toc-white ez-toc-container-direction\">\n<div class=\"ez-toc-title-container\">\n<p class=\"ez-toc-title\">Contenus<\/p>\n<span class=\"ez-toc-title-toggle\"><a href=\"#\" class=\"ez-toc-pull-right ez-toc-btn ez-toc-btn-xs ez-toc-btn-default ez-toc-toggle\" style=\"display: none;\"><label for=\"item\" aria-label=\"Tabla de contenidos\"><i class=\"ez-toc-glyphicon ez-toc-icon-toggle\"><\/i><\/label><input type=\"checkbox\" id=\"item\"><\/a><\/span><\/div>\n<nav><ul class='ez-toc-list ez-toc-list-level-1'><li class='ez-toc-page-1 ez-toc-heading-level-2'><a class=\"ez-toc-link ez-toc-heading-1\" href=\"https:\/\/nutrident.fr\/es\/dislocacion-de-la-mandibula\/#Que_es_la_luxacion_de_mandibula\" title=\"Qu\u00e9 es la luxaci\u00f3n de mand\u00edbula\">Qu\u00e9 es la luxaci\u00f3n de mand\u00edbula<\/a><\/li><li class='ez-toc-page-1 ez-toc-heading-level-2'><a class=\"ez-toc-link ez-toc-heading-2\" href=\"https:\/\/nutrident.fr\/es\/dislocacion-de-la-mandibula\/#Como_reconocer_la_dislocacion_de_la_mandibula\" title=\"C\u00f3mo reconocer la dislocaci\u00f3n de la mand\u00edbula\">C\u00f3mo reconocer la dislocaci\u00f3n de la mand\u00edbula<\/a><\/li><li class='ez-toc-page-1 ez-toc-heading-level-2'><a class=\"ez-toc-link ez-toc-heading-3\" href=\"https:\/\/nutrident.fr\/es\/dislocacion-de-la-mandibula\/#Como_reajustar_una_mandibula_dislocada\" title=\"C\u00f3mo reajustar una mand\u00edbula dislocada\">C\u00f3mo reajustar una mand\u00edbula dislocada<\/a><\/li><li class='ez-toc-page-1 ez-toc-heading-level-2'><a class=\"ez-toc-link ez-toc-heading-4\" href=\"https:\/\/nutrident.fr\/es\/dislocacion-de-la-mandibula\/#Cuidados_tras_la_recolocacion_de_la_mandibula\" title=\"Cuidados tras la recolocaci\u00f3n de la mand\u00edbula\">Cuidados tras la recolocaci\u00f3n de la mand\u00edbula<\/a><\/li><li class='ez-toc-page-1 ez-toc-heading-level-2'><a class=\"ez-toc-link ez-toc-heading-5\" href=\"https:\/\/nutrident.fr\/es\/dislocacion-de-la-mandibula\/#En_caso_de_reincidencia\" title=\"En caso de reincidencia\">En caso de reincidencia<\/a><\/li><\/ul><\/nav><\/div>\n<h2><span class=\"ez-toc-section\" id=\"Que_es_la_luxacion_de_mandibula\"><\/span>Qu\u00e9 es la luxaci\u00f3n de mand\u00edbula<span class=\"ez-toc-section-end\"><\/span><\/h2>\n<p>La mand\u00edbula (maxilar inferior), que nos permite abrir y cerrar la boca, se fija en <strong>el hueso temporal del cr\u00e1neo en la articulaci\u00f3n temporomandibular<\/strong>. Una luxaci\u00f3n se produce cuando el hueso temporal se disloca de su soporte, el hueso temporal, justo delante de la oreja.<\/p>\n<p>La dislocaci\u00f3n se produce como resultado de un impacto. Puede ser un accidente de cualquier tipo: una ca\u00edda, un accidente de coche, un traumatismo durante los deportes de contacto, etc. Un bostezo excesivo o un ataque de risa pueden provocar excepcionalmente una dislocaci\u00f3n.<\/p>\n<h2><span class=\"ez-toc-section\" id=\"Como_reconocer_la_dislocacion_de_la_mandibula\"><\/span>C\u00f3mo reconocer la dislocaci\u00f3n de la mand\u00edbula<span class=\"ez-toc-section-end\"><\/span><\/h2>\n<p>\u00bfC\u00f3mo se reconoce la luxaci\u00f3n de mand\u00edbula?  <strong>\u00a1A trav\u00e9s del dolor!<\/strong>  Esto suele ser instant\u00e1neo, sin embargo, en el caso de un accidente que cause varios traumatismos, la afluencia de dolor puede eclipsar la de la luxaci\u00f3n.<\/p>\n<p>Adem\u00e1s del fuerte dolor, no podr\u00e1 manejar la mand\u00edbula, lo que significa que no podr\u00e1 abrir y cerrar la boca como desee. Por supuesto, no se trata de alimentarle y le resultar\u00e1 muy dif\u00edcil hablar.<\/p>\n<h2><span class=\"ez-toc-section\" id=\"Como_reajustar_una_mandibula_dislocada\"><\/span>C\u00f3mo reajustar una mand\u00edbula dislocada<span class=\"ez-toc-section-end\"><\/span><\/h2>\n<p>No tiene m\u00e1s remedio que actuar r\u00e1pidamente, ya que la dislocaci\u00f3n de la mand\u00edbula es extremadamente incapacitante. Por otro lado, es importante proceder antes de que los m\u00fasculos se contraigan y hagan la maniobra m\u00e1s delicada y dolorosa.<\/p>\n<p>Para poner la mand\u00edbula en su sitio,  <strong>no tiene que ir al dentista. Un m\u00e9dico de cabecera puede hacerlo<\/strong>Igual que un fisioterapeuta o un oste\u00f3pata. El profesional realiza la manipulaci\u00f3n sin anestesia local. Se tarda unos segundos en liberar el c\u00f3ndilo (el extremo de la mand\u00edbula que encaja en el hueso temporal) y volver a colocarlo en su sitio.<\/p>\n<p>Aqu\u00ed tiene un v\u00eddeo en el que se explica c\u00f3mo desbloquear una mand\u00edbula bloqueada (le recomendamos que acuda a un dentista o a su m\u00e9dico, y que no lo haga solo en casa):<\/p>\n<p><iframe title=\"Comment Se D\u00e9bloquer La M\u00e2choire? (et se la bloquer..)\" width=\"500\" height=\"281\" src=\"https:\/\/www.youtube.com\/embed\/kwSasCvVPV4?feature=oembed\" frameborder=\"0\" allow=\"accelerometer; autoplay; clipboard-write; encrypted-media; gyroscope; picture-in-picture\" allowfullscreen><\/iframe><\/p>\n<h2><span class=\"ez-toc-section\" id=\"Cuidados_tras_la_recolocacion_de_la_mandibula\"><\/span>Cuidados tras la recolocaci\u00f3n de la mand\u00edbula<span class=\"ez-toc-section-end\"><\/span><\/h2>\n<p>Debe cuidar su mand\u00edbula en los d\u00edas siguientes a la dislocaci\u00f3n. Favorezca los alimentos blandos o incluso l\u00edquidos, para no colar. Los m\u00fasculos, tendones y ligamentos se han estirado y <strong>necesitan volver a su posici\u00f3n normal<\/strong>. Por eso debe evitarlos limitando su discurso y evitando abrir la boca de par en par.<\/p>\n<p>Hay una especie de venda que dificulta la apertura de la boca, para restringir su amplitud. Llevar uno durante una semana es una sabia precauci\u00f3n para evitar el riesgo de volver a lesionarse la dislocaci\u00f3n y para evitar cualquier secuela. Tambi\u00e9n hay canalones que pueden llevarse temporalmente.<\/p>\n<h2><span class=\"ez-toc-section\" id=\"En_caso_de_reincidencia\"><\/span>En caso de reincidencia<span class=\"ez-toc-section-end\"><\/span><\/h2>\n<p>Las personas que son propensas a las luxaciones recurrentes a veces necesitan <strong>una cirug\u00eda de la ATM<\/strong>. La reaparici\u00f3n puede deberse al desgaste prematuro de la articulaci\u00f3n.<\/p>\n<p>A continuaci\u00f3n, el cirujano decide la t\u00e9cnica a adoptar en funci\u00f3n de las radiograf\u00edas que muestran si el menisco de la articulaci\u00f3n debe ser liberado (artroscopia temporomandibular), desplazado o sustituido (artrotom\u00eda temporomandibular) por una pr\u00f3tesis.<\/p>\n<p>Tambi\u00e9n puede intervenir en la articulaci\u00f3n creando un tope que impida la dislocaci\u00f3n.<\/p>\n<p><strong><span style=\"text-decoration: underline;\">Para m\u00e1s informaci\u00f3n<\/span><\/strong><\/p>\n<p><a href=\"https:\/\/nutrident.fr\/es\/dentista-de-urgencias\/\">Qu\u00e9 hacer en caso de emergencia dental<\/a><\/p>\n<p><a href=\"https:\/\/nutrident.fr\/es\/osteoartritis-dolo-y-tratamiento\/\">Aliviar la artrosis de la mand\u00edbula<\/a><\/p>\n<p><a href=\"https:\/\/nutrident.fr\/es\/diente-roto\/\">Dientes rotos: c\u00f3mo cuidarlos y tratarlos<\/a><\/p>\n<p><a href=\"https:\/\/nutrident.fr\/es\/dentaduras-postizas-fijas-y-removibles\/\">Pr\u00f3tesis dentales removibles<\/a><\/p>\n<p><a href=\"https:\/\/nutrident.fr\/es\/ferula-dental-precios-tratamientos-y-opiniones\/\">Gu\u00eda de bandejas dentales<\/a><\/p>\n<p><a href=\"https:\/\/nutrident.fr\/es\/ortodoncia-para-adultos\/\">Gu\u00eda completa de los aparatos ortop\u00e9dicos para adultos<\/a><\/p>\n<p><a href=\"https:\/\/nutrident.fr\/es\/ortodoncia-lingual\/\">Ortodoncia lingual<\/a><\/p>\n<p><a href=\"https:\/\/nutrident.fr\/es\/retenedores-nocturnos\/\">Frenos nocturnos<\/a><\/p>\n<p><a href=\"https:\/\/nutrident.fr\/es\/perno-dental\/\">El n\u00facleo de la incrustaci\u00f3n<\/a><\/p>\n<p><a href=\"https:\/\/nutrident.fr\/es\/ferulas-dentales-antibruxismo\/\">Comparaci\u00f3n de las bandejas contra el bruxismo<\/a><\/p>\n<div class=\"article-data before-content\"><div class=\"article-data__date\"><div class=\"article-data__date-modified\"><time class=\"published\" datetime=\"2022-10-28T10:29:33+00:00\">This article was originally published on&nbsp;<span class=\"2\">octubre 28, 2022<\/span>&nbsp;and was most recently updated on&nbsp;<span>octubre 28, 2022<\/span><\/time><br><\/div><\/div><\/div><div class=\"user-info\"><\/div>","protected":false},"excerpt":{"rendered":"<p>Updated:&nbsp;octubre 28, 2022La dislocaci\u00f3n de la mand\u00edbula es un traumatismo muy impresionante (y doloroso) pero benigno. Una \u00absimple\u00bb manipulaci\u00f3n es suficiente para poner la articulaci\u00f3n temporomandibular en su sitio, pero requiere una acci\u00f3n urgente, aunque s\u00f3lo sea para detener el dolor. Nutrident.es le explica c\u00f3mo entender lo que le ocurre en caso de luxaci\u00f3n de [&hellip;]<\/p>\n","protected":false},"author":2,"featured_media":9748,"parent":0,"menu_order":0,"comment_status":"open","ping_status":"open","template":"","meta":{"inline_featured_image":false},"acf":[],"_links":{"self":[{"href":"https:\/\/nutrident.fr\/es\/wp-json\/wp\/v2\/pages\/17083"}],"collection":[{"href":"https:\/\/nutrident.fr\/es\/wp-json\/wp\/v2\/pages"}],"about":[{"href":"https:\/\/nutrident.fr\/es\/wp-json\/wp\/v2\/types\/page"}],"author":[{"embeddable":true,"href":"https:\/\/nutrident.fr\/es\/wp-json\/wp\/v2\/users\/2"}],"replies":[{"embeddable":true,"href":"https:\/\/nutrident.fr\/es\/wp-json\/wp\/v2\/comments?post=17083"}],"version-history":[{"count":1,"href":"https:\/\/nutrident.fr\/es\/wp-json\/wp\/v2\/pages\/17083\/revisions"}],"predecessor-version":[{"id":17627,"href":"https:\/\/nutrident.fr\/es\/wp-json\/wp\/v2\/pages\/17083\/revisions\/17627"}],"wp:featuredmedia":[{"embeddable":true,"href":"https:\/\/nutrident.fr\/es\/wp-json\/wp\/v2\/media\/9748"}],"wp:attachment":[{"href":"https:\/\/nutrident.fr\/es\/wp-json\/wp\/v2\/media?parent=17083"}],"curies":[{"name":"wp","href":"https:\/\/api.w.org\/{rel}","templated":true}]}}