

{"id":17084,"date":"2022-10-28T09:53:57","date_gmt":"2022-10-28T09:53:57","guid":{"rendered":"https:\/\/nutrident.fr\/?page_id=17084"},"modified":"2022-10-28T16:10:29","modified_gmt":"2022-10-28T16:10:29","slug":"osteoartritis-madibula","status":"publish","type":"page","link":"https:\/\/nutrident.fr\/es\/osteoartritis-madibula\/","title":{"rendered":"Osteoartritis de la mand\u00edbula: todo sobre este dolor y su tratamiento"},"content":{"rendered":"<div class=\"meta\"><div class=\"meta__users\"><\/div><div class=\"meta__date-modified\">Updated:&nbsp;<span>octubre 28, 2022<\/span><\/div><\/div>\n<p>La artrosis es una enfermedad degenerativa en la que el cart\u00edlago de las articulaciones se rompe. Todo el cuerpo puede verse afectado y la articulaci\u00f3n temporomandibular que le permite abrir y cerrar la boca no es una excepci\u00f3n. <a href=\"https:\/\/nutrident.fr\/es\/\">Nutrident.es<\/a> explica c\u00f3mo reconocer la artrosis de mand\u00edbula y c\u00f3mo tratarla.<\/p>\n\n\n\n<div id=\"ez-toc-container\" class=\"ez-toc-v2_0_33_2 counter-hierarchy ez-toc-counter ez-toc-white ez-toc-container-direction\">\n<div class=\"ez-toc-title-container\">\n<p class=\"ez-toc-title\">Contenus<\/p>\n<span class=\"ez-toc-title-toggle\"><a href=\"#\" class=\"ez-toc-pull-right ez-toc-btn ez-toc-btn-xs ez-toc-btn-default ez-toc-toggle\" style=\"display: none;\"><label for=\"item\" aria-label=\"Tabla de contenidos\"><i class=\"ez-toc-glyphicon ez-toc-icon-toggle\"><\/i><\/label><input type=\"checkbox\" id=\"item\"><\/a><\/span><\/div>\n<nav><ul class='ez-toc-list ez-toc-list-level-1'><li class='ez-toc-page-1 ez-toc-heading-level-2'><a class=\"ez-toc-link ez-toc-heading-1\" href=\"https:\/\/nutrident.fr\/es\/osteoartritis-madibula\/#La_importancia_de_la_articulacion_temporomandibular\" title=\"La importancia de la articulaci\u00f3n temporomandibular\">La importancia de la articulaci\u00f3n temporomandibular<\/a><\/li><li class='ez-toc-page-1 ez-toc-heading-level-2'><a class=\"ez-toc-link ez-toc-heading-2\" href=\"https:\/\/nutrident.fr\/es\/osteoartritis-madibula\/#Los_origenes_de_la_artrosis_de_mandibula\" title=\"Los or\u00edgenes de la artrosis de mand\u00edbula\">Los or\u00edgenes de la artrosis de mand\u00edbula<\/a><\/li><li class='ez-toc-page-1 ez-toc-heading-level-2'><a class=\"ez-toc-link ez-toc-heading-3\" href=\"https:\/\/nutrident.fr\/es\/osteoartritis-madibula\/#Los_sintomas_de_la_artrosis_de_la_mandibula\" title=\"Los s\u00edntomas de la artrosis de la mand\u00edbula\">Los s\u00edntomas de la artrosis de la mand\u00edbula<\/a><\/li><li class='ez-toc-page-1 ez-toc-heading-level-2'><a class=\"ez-toc-link ez-toc-heading-4\" href=\"https:\/\/nutrident.fr\/es\/osteoartritis-madibula\/#Como_aliviar_la_artrosis_de_mandibula\" title=\"C\u00f3mo aliviar la artrosis de mand\u00edbula\">C\u00f3mo aliviar la artrosis de mand\u00edbula<\/a><\/li><\/ul><\/nav><\/div>\n<h2><span class=\"ez-toc-section\" id=\"La_importancia_de_la_articulacion_temporomandibular\"><\/span>La importancia de la articulaci\u00f3n temporomandibular<span class=\"ez-toc-section-end\"><\/span><\/h2>\n\n\n\n<p><strong>La articulaci\u00f3n temporomandibular nos sirve todo el d\u00eda<\/strong>. En primer lugar, para tragar nuestra saliva, una acci\u00f3n que tiene lugar m\u00e1s de 1.000 veces al d\u00eda y hasta 2.000 veces.<\/p>\n\n\n\n<p>Luego, comer: cortar la comida, luego molerla, o hablar o hacer cualquier sonido. Tensamos esta articulaci\u00f3n cuando bostezamos, re\u00edmos o, por el contrario, cuando estamos estresados o enfadados.<\/p>\n\n\n\n<p>Por lo tanto, es esencial y el dolor causado por la osteoartritis se convierte r\u00e1pidamente en incapacitante.<\/p>\n\n\n\n<h2><span class=\"ez-toc-section\" id=\"Los_origenes_de_la_artrosis_de_mandibula\"><\/span>Los or\u00edgenes de la artrosis de mand\u00edbula<span class=\"ez-toc-section-end\"><\/span><\/h2>\n\n\n\n<p>La artrosis en cualquier articulaci\u00f3n afecta al cart\u00edlago que permite que las dos partes de la articulaci\u00f3n se deslicen juntas. Suele desarrollarse con la edad, aunque puede afectar a personas bastante j\u00f3venes. A menudo es <a class=\"wpil_keyword_link \" title=\"gen\u00e9tica\" href=\"https:\/\/nutrident.fr\/es\/salud-bucodental-y-genetica\/\" data-wpil-keyword-link=\"linked\">gen\u00e9tico<\/a>, por lo que vale la pena investigar si tiene casos en su familia.<\/p>\n\n\n\n<p><strong>La artrosis tambi\u00e9n es el resultado de un traumatismo repetido<\/strong>. Pueden ser conductas err\u00f3neas (como el bruxismo). Tambi\u00e9n puede ser el resultado de problemas dentales que han provocado una maloclusi\u00f3n y el desplazamiento de una mand\u00edbula respecto a la otra, lo que ha desgastado el cart\u00edlago de forma desigual.<\/p>\n\n\n\n<p>Por \u00faltimo, los traumatismos pueden ser causados por impactos recurrentes, por ejemplo en el deporte. Podr\u00eda tratarse del boxeo o del rugby, donde el contacto violento es habitual.<\/p>\n\n\n\n<h2><span class=\"ez-toc-section\" id=\"Los_sintomas_de_la_artrosis_de_la_mandibula\"><\/span>Los s\u00edntomas de la artrosis de la mand\u00edbula<span class=\"ez-toc-section-end\"><\/span><\/h2>\n\n\n\n<p>Cuanto antes se detecte la artrosis, m\u00e1s se podr\u00e1 intervenir para frenar su progresi\u00f3n. Debe ser alertado si lo nota:<\/p>\n\n\n\n<ul><li>Dolor recurrente en la mand\u00edbula al comer;<\/li><li>sonidos de crujido al abrir y cerrar la boca;<\/li><li>bloqueos mandibulares;<\/li><li>la mand\u00edbula quebrada;<\/li><li>Dolor que se extiende al cuello y a las orejas;<\/li><li>un desplazamiento entre las dos mand\u00edbulas;<\/li><li>dolores de cabeza recurrentes.<\/li><\/ul>\n\n\n\n<h2><span class=\"ez-toc-section\" id=\"Como_aliviar_la_artrosis_de_mandibula\"><\/span>C\u00f3mo aliviar la artrosis de mand\u00edbula<span class=\"ez-toc-section-end\"><\/span><\/h2>\n\n\n\n<p><strong>El dentista es la primera persona a consultar<\/strong>. Seguramente le remitir\u00e1 a un especialista. Puede prescribirle analg\u00e9sicos y masajes o manipulaciones por parte de un oste\u00f3pata.<\/p>\n\n\n\n<p>Adem\u00e1s del tratamiento prescrito a largo plazo, es necesario aliviar la articulaci\u00f3n temporomandibular. Esto significa una dieta basada en alimentos lo suficientemente suaves como para no ejercer demasiada presi\u00f3n sobre su articulaci\u00f3n.<\/p>\n\n\n\n<p>Tambi\u00e9n puede complementar su tratamiento con masajes con aceites esenciales calmantes, como el aceite de gaulteria.<\/p>\n\n\n\n<p>La fitoterapia tambi\u00e9n da buenos resultados, con el harpagofito (de la familia del s\u00e9samo) en infusi\u00f3n o en c\u00e1psulas.<\/p>\n\n\n\n<p>Por \u00faltimo, puede tomar suplementos diet\u00e9ticos que contengan glucosamina y condroitina, que tienen <strong>un efecto beneficioso sobre la producci\u00f3n de l\u00edquido sinovial que lubrica las articulaciones<\/strong>.<\/p>\n\n\n\n<p>En cualquier caso, debe resignarse a un tratamiento a largo plazo, para no dejar que la artrosis gane demasiado terreno.<\/p>\n\n\n\n<h4><span style=\"color: #008000;\"><strong>Recomendamos el siguiente suplemento: <a style=\"color: #008000;\" href=\"https:\/\/nutrident.fr\/arthropure\">Arthropure de Nutripure<\/a><\/strong><\/span><\/h4>\n\n\n<div class=\"wp-block-image\">\n<figure class=\"alignleft\"><a href=\"https:\/\/nutrident.fr\/arthropure\"><img width=\"150\" height=\"150\" src=\"https:\/\/nutrident.fr\/wp-content\/uploads\/2020\/10\/Screenshot-2020-10-06-at-12.37.59-150x150.png\" alt=\"producto para el dolor de mand\u00edbula\" class=\"wp-image-6566\" srcset=\"https:\/\/nutrident.fr\/wp-content\/uploads\/2020\/10\/Screenshot-2020-10-06-at-12.37.59-150x150.png 150w, https:\/\/nutrident.fr\/wp-content\/uploads\/2020\/10\/Screenshot-2020-10-06-at-12.37.59.png 434w\" sizes=\"(max-width: 150px) 100vw, 150px\" \/><\/a><\/figure><\/div>\n\n\n<p><strong><span style=\"color: #008080;\">\u00bb Combate el envejecimiento del col\u00e1geno y del cart\u00edlago<\/span><\/strong><\/p>\n\n\n\n<p><strong><span style=\"color: #008080;\">\u00abAbsorci\u00f3n \u00f3ptima gracias a la presencia de vitamina C<\/span><\/strong><\/p>\n\n\n\n<p><strong><span style=\"color: #008080;\">\u00bb Permite la regeneraci\u00f3n del tejido cartilaginoso<\/span><\/strong><\/p>\n\n\n\n<p><strong><span style=\"color: #008080;\">\u00abIngredientes puros, naturales y patentados<\/span><\/strong><\/p>\n\n\n\n<p><strong><span style=\"text-decoration: underline;\">Para m\u00e1s informaci\u00f3n<\/span><\/strong><\/p>\n\n\n\n<p><a href=\"https:\/\/nutrident.fr\/es\/dolor-de-mandibula\/\">\u00bfC\u00f3mo evitar el dolor de mand\u00edbula?<\/a><\/p>\n\n\n\n<p><a href=\"https:\/\/nutrident.fr\/es\/?page_id=16692\">S\u00edndrome SADAM<\/a><\/p>\n\n\n\n<p><a href=\"https:\/\/nutrident.fr\/es\/?page_id=16757\">Gu\u00eda de bandejas dentales<\/a><\/p>\n\n\n\n<p><a href=\"https:\/\/nutrident.fr\/es\/?p=15408\">Dientes rotos: c\u00f3mo cuidarlos y tratarlos<\/a><\/p>\n\n\n\n<p><a href=\"https:\/\/nutrident.fr\/es\/dentaduras-postizas-fijas-y-removibles\/\">Pr\u00f3tesis dentales removibles<\/a><\/p>\n\n\n\n<p><a href=\"https:\/\/nutrident.fr\/es\/?page_id=16771\">Gu\u00eda completa de los aparatos ortop\u00e9dicos para adultos<\/a><\/p>\n\n\n\n<p><a href=\"https:\/\/nutrident.fr\/es\/?page_id=16775\">Ortodoncia lingual<\/a><\/p>\n\n\n\n<p><a href=\"https:\/\/nutrident.fr\/es\/?page_id=16753\">Frenos nocturnos<\/a><\/p>\n\n\n\n<p><a href=\"https:\/\/nutrident.fr\/es\/?page_id=16749\">Tirantes de color<\/a><\/p>\n\n\n\n<p><a href=\"https:\/\/nutrident.fr\/es\/?page_id=16796\">El n\u00facleo de la incrustaci\u00f3n<\/a><\/p>\n\n\n\n<p><a href=\"https:\/\/nutrident.fr\/es\/?page_id=16675\">Comparaci\u00f3n de las bandejas contra el bruxismo<\/a><\/p>\n<div class=\"article-data before-content\"><div class=\"article-data__date\"><div class=\"article-data__date-modified\"><time class=\"published\" datetime=\"2022-10-28T09:53:57+00:00\">This article was originally published on&nbsp;<span class=\"2\">octubre 28, 2022<\/span>&nbsp;and was most recently updated on&nbsp;<span>octubre 28, 2022<\/span><\/time><br><\/div><\/div><\/div><div class=\"user-info\"><\/div>","protected":false},"excerpt":{"rendered":"<p>Updated:&nbsp;octubre 28, 2022 La artrosis es una enfermedad degenerativa en la que el cart\u00edlago de las articulaciones se rompe. Todo el cuerpo puede verse afectado y la articulaci\u00f3n temporomandibular que le permite abrir y cerrar la boca no es una excepci\u00f3n. Nutrident.es explica c\u00f3mo reconocer la artrosis de mand\u00edbula y c\u00f3mo tratarla. La importancia de [&hellip;]<\/p>\n","protected":false},"author":2,"featured_media":17085,"parent":0,"menu_order":0,"comment_status":"open","ping_status":"open","template":"","meta":{"inline_featured_image":false},"acf":[],"_links":{"self":[{"href":"https:\/\/nutrident.fr\/es\/wp-json\/wp\/v2\/pages\/17084"}],"collection":[{"href":"https:\/\/nutrident.fr\/es\/wp-json\/wp\/v2\/pages"}],"about":[{"href":"https:\/\/nutrident.fr\/es\/wp-json\/wp\/v2\/types\/page"}],"author":[{"embeddable":true,"href":"https:\/\/nutrident.fr\/es\/wp-json\/wp\/v2\/users\/2"}],"replies":[{"embeddable":true,"href":"https:\/\/nutrident.fr\/es\/wp-json\/wp\/v2\/comments?post=17084"}],"version-history":[{"count":5,"href":"https:\/\/nutrident.fr\/es\/wp-json\/wp\/v2\/pages\/17084\/revisions"}],"predecessor-version":[{"id":17772,"href":"https:\/\/nutrident.fr\/es\/wp-json\/wp\/v2\/pages\/17084\/revisions\/17772"}],"wp:featuredmedia":[{"embeddable":true,"href":"https:\/\/nutrident.fr\/es\/wp-json\/wp\/v2\/media\/17085"}],"wp:attachment":[{"href":"https:\/\/nutrident.fr\/es\/wp-json\/wp\/v2\/media?parent=17084"}],"curies":[{"name":"wp","href":"https:\/\/api.w.org\/{rel}","templated":true}]}}